{"id":554,"date":"2022-06-29T20:36:20","date_gmt":"2022-06-29T18:36:20","guid":{"rendered":"https:\/\/wp.kristdemokraterna.se\/boras\/?page_id=554"},"modified":"2022-07-22T11:19:36","modified_gmt":"2022-07-22T09:19:36","slug":"kristdemokratin-grunden-for-det-vi-star-for","status":"publish","type":"page","link":"https:\/\/wp.kristdemokraterna.se\/boras\/textsida-fullbredd\/var-politik-i-kommunen\/kristdemokratin-grunden-for-det-vi-star-for\/","title":{"rendered":"Kristdemokratin &#8211; grunden f\u00f6r det vi st\u00e5r f\u00f6r"},"content":{"rendered":"<p>Politik i praktiken \u00e4r viktig, utan f\u00f6rankring i en underliggande ideologi blir\u00a0politik bara populistiskt tyckande och ett s\u00f6kande efter dagsaktuella fr\u00e5gor som kan ge genomslag i media.<\/p>\n<p>Kristdemokratin vill vara en motkraft till nyliberalismens tro att marknaden l\u00f6ser allt och till socialismens tro att staten ska ta ansvar f\u00f6r v\u00e5ra liv. Kristdemokratin f\u00f6renar tron p\u00e5 allm\u00e4ngiltiga v\u00e4rden och gemenskaper med ett socialt ansvarstagande d\u00e4r de svagaste i v\u00e5rt samh\u00e4lle har den st\u00f6rsta r\u00e4tten till det offentligas st\u00f6d. Alla m\u00e4nniskor har samma okr\u00e4nkbara och absoluta v\u00e4rde. Vi inleder d\u00e4rf\u00f6r med en presentation av v\u00e5r ideologi och grundl\u00e4ggande v\u00e4rderingar som sammanfattas i fem delar; en personalistisk m\u00e4nniskosyn, insikten om m\u00e4nniskans ofullkomlighet, f\u00f6rvaltarskapstanken, subsidiaritetsprincipen och solidaritetsprincipen.<\/p>\n<p>&nbsp;<\/p>\n<p><strong>En personalistisk m\u00e4nniskosyn<\/strong><strong><br \/>\n<\/strong>Personalism \u00e4r Kristdemokraternas alternativ till individualism och kollektivism. F\u00f6r oss \u00e4r inte den enskilde sig sj\u00e4lv nog och oberoende av andra, men inte heller bara en anonym kugge i det stora samh\u00e4llsmaskineriet. Varje m\u00e4nniska \u00e4r unik och beh\u00f6ver gemenskap med andra f\u00f6r att utvecklas. Den viktigaste samh\u00e4llsgemenskapen finns i familjen. D\u00e4r ges varje individ m\u00f6jlighet till k\u00e4rlek, omtanke och f\u00f6rst\u00e5else, samtidigt som man m\u00f6ts av krav och f\u00e5r ta ansvar.<\/p>\n<p>&nbsp;<\/p>\n<p><strong>M\u00e4nniskans ofullkomlighet<\/strong><strong><br \/>\n<\/strong>V\u00e5r m\u00e4nniskosyn utg\u00e5r fr\u00e5n att m\u00e4nniskan \u00e4r f\u00f6rnuftig. Hon har f\u00f6rm\u00e5gan att v\u00e4lja\u00a0mellan bra och\u00a0d\u00e5liga beslut, men hon m\u00e5ste \u00e4ven ta ansvar f\u00f6r sina egna handlingar. M\u00e4nniskan \u00e4r dock ofullkomlig och denna insikt g\u00f6r att vi efterstr\u00e4var maktdelning f\u00f6r att inte enskilda m\u00e4nniskor eller grupper ska f\u00e5 alltf\u00f6r stor makt, vilket \u00e4ven formar v\u00e5r politiska verksamhet. Ofullkomlighetstanken inneb\u00e4r ocks\u00e5 att vi inser att alla kan g\u00f6ra fel, att alla f\u00f6rtj\u00e4nar en ny chans och att det v\u00e4rdegrundsbyggande arbetet aldrig f\u00e5r upph\u00f6ra.<\/p>\n<p>&nbsp;<\/p>\n<p><strong>Subsidiaritetsprincipen<\/strong><strong><br \/>\n<\/strong>Beslut ska fattas p\u00e5 l\u00e4gsta m\u00f6jliga och \u00e4ndam\u00e5lsenliga niv\u00e5. Det som familjen kan best\u00e4mma p\u00e5 egen hand ska inte politiken l\u00e4gga sig i. Det kommunerna klarar p\u00e5 egen hand f\u00e5r inte bli en fr\u00e5ga f\u00f6r riksdag eller regering. Vissa fr\u00e5gor m\u00e5ste dock hanteras p\u00e5 en h\u00f6gre beslutsniv\u00e5; exempelvis kr\u00e4ver hanteringen av viktiga milj\u00f6fr\u00e5gor i stor utstr\u00e4ckning ett globalt perspektiv. Valfrihet \u00e4r en m\u00f6jlighet b\u00e5de f\u00f6r individer och f\u00f6r gemenskaper att ta ansvar och g\u00f6ra val som leder till det gemensamma b\u00e4sta.<\/p>\n<p><strong>\u00a0<\/strong><\/p>\n<p><strong>F\u00f6rvaltarskapstanken<br \/>\n<\/strong>F\u00f6rvaltarskapstanken inneb\u00e4r att m\u00e4nniskan har ett ansvar att bruka och bevara i st\u00e4llet f\u00f6r att slita och f\u00f6rbruka. Detta g\u00e4ller samh\u00e4llets alla omr\u00e5den, men fr\u00e4mst inom synen p\u00e5 samh\u00e4llsekonomi och milj\u00f6. D\u00e5 vi har ansvaret att f\u00f6rvalta det samh\u00e4lle och den jord vi ska l\u00e4mna vidare till v\u00e5ra barn beh\u00f6ver vi agera klokt och l\u00e5ngsiktigt.<\/p>\n<p>&nbsp;<\/p>\n<p><strong>Solidaritetsprincipen<br \/>\n<\/strong>Solidaritet \u00e4r grunden f\u00f6r all social r\u00e4ttvisa. Det handlar om en ambition att utj\u00e4mna strukturella or\u00e4ttvisor och skapa en r\u00e4ttvis f\u00f6rdelning av tillg\u00e4ngliga resurser. Alla m\u00e4nniskor ska r\u00e4knas och omfattas av samh\u00e4llsgemenskapen, medan de mest utsatta ska ha den st\u00f6rsta r\u00e4tten till det offentligas trygghetssystem. Hur vi behandlar och tar om hand de svagaste och mest utsatta \u00e4r ett m\u00e5tt p\u00e5 hur bra v\u00e5rt samh\u00e4llsbygge \u00e4r. R\u00e4ttvisa handlar f\u00f6r oss inte om att alla ska f\u00e5 lika, utan att resurser ska f\u00f6rdelas utifr\u00e5n de behov som finns.<\/p>\n","protected":false},"excerpt":{"rendered":"<p>Politik i praktiken \u00e4r viktig, utan f\u00f6rankring i en underliggande ideologi blir\u00a0politik bara populistiskt tyckande och ett s\u00f6kande efter dagsaktuella fr\u00e5gor som kan ge genomslag i media. Kristdemokratin vill vara en motkraft till nyliberalismens tro att marknaden l\u00f6ser allt och till socialismens tro att staten ska ta ansvar f\u00f6r v\u00e5ra liv. Kristdemokratin f\u00f6renar tron p\u00e5 <a class=\"read-more-link\" href=\"https:\/\/wp.kristdemokraterna.se\/boras\/textsida-fullbredd\/var-politik-i-kommunen\/kristdemokratin-grunden-for-det-vi-star-for\/\">L\u00e4s mer<\/a><\/p>\n","protected":false},"author":986,"featured_media":714,"parent":373,"menu_order":1,"comment_status":"closed","ping_status":"closed","template":"page.php","meta":{"_acf_changed":false,"footnotes":""},"class_list":["post-554","page","type-page","status-publish","hentry"],"acf":[],"yoast_head":"<!-- This site is optimized with the Yoast SEO plugin v27.4 - https:\/\/yoast.com\/product\/yoast-seo-wordpress\/ -->\n<title>Kristdemokratin - grunden f\u00f6r det vi st\u00e5r f\u00f6r - Kristdemokraterna | Bor\u00e5s<\/title>\n<meta name=\"robots\" content=\"index, follow, max-snippet:-1, max-image-preview:large, max-video-preview:-1\" \/>\n<link rel=\"canonical\" href=\"https:\/\/wp.kristdemokraterna.se\/boras\/textsida-fullbredd\/var-politik-i-kommunen\/kristdemokratin-grunden-for-det-vi-star-for\/\" \/>\n<meta property=\"og:locale\" content=\"sv_SE\" \/>\n<meta property=\"og:type\" content=\"article\" \/>\n<meta property=\"og:title\" content=\"Kristdemokratin - grunden f\u00f6r det vi st\u00e5r f\u00f6r - Kristdemokraterna | Bor\u00e5s\" \/>\n<meta property=\"og:description\" content=\"Politik i praktiken \u00e4r viktig, utan f\u00f6rankring i en underliggande ideologi blir\u00a0politik bara populistiskt tyckande och ett s\u00f6kande efter dagsaktuella fr\u00e5gor som kan ge genomslag i media. Kristdemokratin vill vara en motkraft till nyliberalismens tro att marknaden l\u00f6ser allt och till socialismens tro att staten ska ta ansvar f\u00f6r v\u00e5ra liv. Kristdemokratin f\u00f6renar tron p\u00e5 L\u00e4s mer\" \/>\n<meta property=\"og:url\" content=\"https:\/\/wp.kristdemokraterna.se\/boras\/textsida-fullbredd\/var-politik-i-kommunen\/kristdemokratin-grunden-for-det-vi-star-for\/\" \/>\n<meta property=\"og:site_name\" content=\"Kristdemokraterna | Bor\u00e5s\" \/>\n<meta property=\"article:modified_time\" content=\"2022-07-22T09:19:36+00:00\" \/>\n<meta name=\"twitter:card\" content=\"summary_large_image\" \/>\n<meta name=\"twitter:label1\" content=\"Ber\u00e4knad l\u00e4stid\" \/>\n\t<meta name=\"twitter:data1\" content=\"3 minuter\" \/>\n<script type=\"application\/ld+json\" class=\"yoast-schema-graph\">{\"@context\":\"https:\\\/\\\/schema.org\",\"@graph\":[{\"@type\":\"WebPage\",\"@id\":\"https:\\\/\\\/wp.kristdemokraterna.se\\\/boras\\\/textsida-fullbredd\\\/var-politik-i-kommunen\\\/kristdemokratin-grunden-for-det-vi-star-for\\\/\",\"url\":\"https:\\\/\\\/wp.kristdemokraterna.se\\\/boras\\\/textsida-fullbredd\\\/var-politik-i-kommunen\\\/kristdemokratin-grunden-for-det-vi-star-for\\\/\",\"name\":\"Kristdemokratin - grunden f\u00f6r det vi st\u00e5r f\u00f6r - Kristdemokraterna | Bor\u00e5s\",\"isPartOf\":{\"@id\":\"https:\\\/\\\/wp.kristdemokraterna.se\\\/boras\\\/#website\"},\"primaryImageOfPage\":{\"@id\":\"https:\\\/\\\/wp.kristdemokraterna.se\\\/boras\\\/textsida-fullbredd\\\/var-politik-i-kommunen\\\/kristdemokratin-grunden-for-det-vi-star-for\\\/#primaryimage\"},\"image\":{\"@id\":\"https:\\\/\\\/wp.kristdemokraterna.se\\\/boras\\\/textsida-fullbredd\\\/var-politik-i-kommunen\\\/kristdemokratin-grunden-for-det-vi-star-for\\\/#primaryimage\"},\"thumbnailUrl\":\"https:\\\/\\\/wp.kristdemokraterna.se\\\/boras\\\/files\\\/2023\\\/12\\\/niklas-arvidsson_14-scaled.jpg\",\"datePublished\":\"2022-06-29T18:36:20+00:00\",\"dateModified\":\"2022-07-22T09:19:36+00:00\",\"breadcrumb\":{\"@id\":\"https:\\\/\\\/wp.kristdemokraterna.se\\\/boras\\\/textsida-fullbredd\\\/var-politik-i-kommunen\\\/kristdemokratin-grunden-for-det-vi-star-for\\\/#breadcrumb\"},\"inLanguage\":\"sv-SE\",\"potentialAction\":[{\"@type\":\"ReadAction\",\"target\":[\"https:\\\/\\\/wp.kristdemokraterna.se\\\/boras\\\/textsida-fullbredd\\\/var-politik-i-kommunen\\\/kristdemokratin-grunden-for-det-vi-star-for\\\/\"]}]},{\"@type\":\"ImageObject\",\"inLanguage\":\"sv-SE\",\"@id\":\"https:\\\/\\\/wp.kristdemokraterna.se\\\/boras\\\/textsida-fullbredd\\\/var-politik-i-kommunen\\\/kristdemokratin-grunden-for-det-vi-star-for\\\/#primaryimage\",\"url\":\"https:\\\/\\\/wp.kristdemokraterna.se\\\/boras\\\/files\\\/2023\\\/12\\\/niklas-arvidsson_14-scaled.jpg\",\"contentUrl\":\"https:\\\/\\\/wp.kristdemokraterna.se\\\/boras\\\/files\\\/2023\\\/12\\\/niklas-arvidsson_14-scaled.jpg\",\"width\":1878,\"height\":2560},{\"@type\":\"BreadcrumbList\",\"@id\":\"https:\\\/\\\/wp.kristdemokraterna.se\\\/boras\\\/textsida-fullbredd\\\/var-politik-i-kommunen\\\/kristdemokratin-grunden-for-det-vi-star-for\\\/#breadcrumb\",\"itemListElement\":[{\"@type\":\"ListItem\",\"position\":1,\"name\":\"Hem\",\"item\":\"https:\\\/\\\/wp.kristdemokraterna.se\\\/boras\\\/\"},{\"@type\":\"ListItem\",\"position\":2,\"name\":\"Vad vi st\u00e5r f\u00f6r!\",\"item\":\"https:\\\/\\\/wp.kristdemokraterna.se\\\/boras\\\/textsida-fullbredd\\\/\"},{\"@type\":\"ListItem\",\"position\":3,\"name\":\"V\u00e5r politik i kommunen\",\"item\":\"https:\\\/\\\/wp.kristdemokraterna.se\\\/boras\\\/textsida-fullbredd\\\/var-politik-i-kommunen\\\/\"},{\"@type\":\"ListItem\",\"position\":4,\"name\":\"Kristdemokratin &#8211; grunden f\u00f6r det vi st\u00e5r f\u00f6r\"}]},{\"@type\":\"WebSite\",\"@id\":\"https:\\\/\\\/wp.kristdemokraterna.se\\\/boras\\\/#website\",\"url\":\"https:\\\/\\\/wp.kristdemokraterna.se\\\/boras\\\/\",\"name\":\"Kristdemokraterna | Bor\u00e5s\",\"description\":\"En till Kristdemokraterna webbplats\",\"inLanguage\":\"sv-SE\"}]}<\/script>\n<!-- \/ Yoast SEO plugin. -->","yoast_head_json":{"title":"Kristdemokratin - grunden f\u00f6r det vi st\u00e5r f\u00f6r - Kristdemokraterna | Bor\u00e5s","robots":{"index":"index","follow":"follow","max-snippet":"max-snippet:-1","max-image-preview":"max-image-preview:large","max-video-preview":"max-video-preview:-1"},"canonical":"https:\/\/wp.kristdemokraterna.se\/boras\/textsida-fullbredd\/var-politik-i-kommunen\/kristdemokratin-grunden-for-det-vi-star-for\/","og_locale":"sv_SE","og_type":"article","og_title":"Kristdemokratin - grunden f\u00f6r det vi st\u00e5r f\u00f6r - Kristdemokraterna | Bor\u00e5s","og_description":"Politik i praktiken \u00e4r viktig, utan f\u00f6rankring i en underliggande ideologi blir\u00a0politik bara populistiskt tyckande och ett s\u00f6kande efter dagsaktuella fr\u00e5gor som kan ge genomslag i media. Kristdemokratin vill vara en motkraft till nyliberalismens tro att marknaden l\u00f6ser allt och till socialismens tro att staten ska ta ansvar f\u00f6r v\u00e5ra liv. Kristdemokratin f\u00f6renar tron p\u00e5 L\u00e4s mer","og_url":"https:\/\/wp.kristdemokraterna.se\/boras\/textsida-fullbredd\/var-politik-i-kommunen\/kristdemokratin-grunden-for-det-vi-star-for\/","og_site_name":"Kristdemokraterna | Bor\u00e5s","article_modified_time":"2022-07-22T09:19:36+00:00","twitter_card":"summary_large_image","twitter_misc":{"Ber\u00e4knad l\u00e4stid":"3 minuter"},"schema":{"@context":"https:\/\/schema.org","@graph":[{"@type":"WebPage","@id":"https:\/\/wp.kristdemokraterna.se\/boras\/textsida-fullbredd\/var-politik-i-kommunen\/kristdemokratin-grunden-for-det-vi-star-for\/","url":"https:\/\/wp.kristdemokraterna.se\/boras\/textsida-fullbredd\/var-politik-i-kommunen\/kristdemokratin-grunden-for-det-vi-star-for\/","name":"Kristdemokratin - grunden f\u00f6r det vi st\u00e5r f\u00f6r - Kristdemokraterna | Bor\u00e5s","isPartOf":{"@id":"https:\/\/wp.kristdemokraterna.se\/boras\/#website"},"primaryImageOfPage":{"@id":"https:\/\/wp.kristdemokraterna.se\/boras\/textsida-fullbredd\/var-politik-i-kommunen\/kristdemokratin-grunden-for-det-vi-star-for\/#primaryimage"},"image":{"@id":"https:\/\/wp.kristdemokraterna.se\/boras\/textsida-fullbredd\/var-politik-i-kommunen\/kristdemokratin-grunden-for-det-vi-star-for\/#primaryimage"},"thumbnailUrl":"https:\/\/wp.kristdemokraterna.se\/boras\/files\/2023\/12\/niklas-arvidsson_14-scaled.jpg","datePublished":"2022-06-29T18:36:20+00:00","dateModified":"2022-07-22T09:19:36+00:00","breadcrumb":{"@id":"https:\/\/wp.kristdemokraterna.se\/boras\/textsida-fullbredd\/var-politik-i-kommunen\/kristdemokratin-grunden-for-det-vi-star-for\/#breadcrumb"},"inLanguage":"sv-SE","potentialAction":[{"@type":"ReadAction","target":["https:\/\/wp.kristdemokraterna.se\/boras\/textsida-fullbredd\/var-politik-i-kommunen\/kristdemokratin-grunden-for-det-vi-star-for\/"]}]},{"@type":"ImageObject","inLanguage":"sv-SE","@id":"https:\/\/wp.kristdemokraterna.se\/boras\/textsida-fullbredd\/var-politik-i-kommunen\/kristdemokratin-grunden-for-det-vi-star-for\/#primaryimage","url":"https:\/\/wp.kristdemokraterna.se\/boras\/files\/2023\/12\/niklas-arvidsson_14-scaled.jpg","contentUrl":"https:\/\/wp.kristdemokraterna.se\/boras\/files\/2023\/12\/niklas-arvidsson_14-scaled.jpg","width":1878,"height":2560},{"@type":"BreadcrumbList","@id":"https:\/\/wp.kristdemokraterna.se\/boras\/textsida-fullbredd\/var-politik-i-kommunen\/kristdemokratin-grunden-for-det-vi-star-for\/#breadcrumb","itemListElement":[{"@type":"ListItem","position":1,"name":"Hem","item":"https:\/\/wp.kristdemokraterna.se\/boras\/"},{"@type":"ListItem","position":2,"name":"Vad vi st\u00e5r f\u00f6r!","item":"https:\/\/wp.kristdemokraterna.se\/boras\/textsida-fullbredd\/"},{"@type":"ListItem","position":3,"name":"V\u00e5r politik i kommunen","item":"https:\/\/wp.kristdemokraterna.se\/boras\/textsida-fullbredd\/var-politik-i-kommunen\/"},{"@type":"ListItem","position":4,"name":"Kristdemokratin &#8211; grunden f\u00f6r det vi st\u00e5r f\u00f6r"}]},{"@type":"WebSite","@id":"https:\/\/wp.kristdemokraterna.se\/boras\/#website","url":"https:\/\/wp.kristdemokraterna.se\/boras\/","name":"Kristdemokraterna | Bor\u00e5s","description":"En till Kristdemokraterna webbplats","inLanguage":"sv-SE"}]}},"_links":{"self":[{"href":"https:\/\/wp.kristdemokraterna.se\/boras\/wp-json\/wp\/v2\/pages\/554","targetHints":{"allow":["GET"]}}],"collection":[{"href":"https:\/\/wp.kristdemokraterna.se\/boras\/wp-json\/wp\/v2\/pages"}],"about":[{"href":"https:\/\/wp.kristdemokraterna.se\/boras\/wp-json\/wp\/v2\/types\/page"}],"author":[{"embeddable":true,"href":"https:\/\/wp.kristdemokraterna.se\/boras\/wp-json\/wp\/v2\/users\/986"}],"replies":[{"embeddable":true,"href":"https:\/\/wp.kristdemokraterna.se\/boras\/wp-json\/wp\/v2\/comments?post=554"}],"version-history":[{"count":3,"href":"https:\/\/wp.kristdemokraterna.se\/boras\/wp-json\/wp\/v2\/pages\/554\/revisions"}],"predecessor-version":[{"id":557,"href":"https:\/\/wp.kristdemokraterna.se\/boras\/wp-json\/wp\/v2\/pages\/554\/revisions\/557"}],"up":[{"embeddable":true,"href":"https:\/\/wp.kristdemokraterna.se\/boras\/wp-json\/wp\/v2\/pages\/373"}],"wp:featuredmedia":[{"embeddable":true,"href":"https:\/\/wp.kristdemokraterna.se\/boras\/wp-json\/wp\/v2\/media\/714"}],"wp:attachment":[{"href":"https:\/\/wp.kristdemokraterna.se\/boras\/wp-json\/wp\/v2\/media?parent=554"}],"curies":[{"name":"wp","href":"https:\/\/api.w.org\/{rel}","templated":true}]}}