{"id":561,"date":"2022-06-29T20:51:48","date_gmt":"2022-06-29T18:51:48","guid":{"rendered":"https:\/\/wp.kristdemokraterna.se\/boras\/?page_id=561"},"modified":"2022-07-22T11:22:00","modified_gmt":"2022-07-22T09:22:00","slug":"trygga-och-fria-familjer","status":"publish","type":"page","link":"https:\/\/wp.kristdemokraterna.se\/boras\/textsida-fullbredd\/var-politik-i-kommunen\/trygga-och-fria-familjer\/","title":{"rendered":"Trygga och fria familjer"},"content":{"rendered":"<p>Familjen \u00e4r den viktigaste och mest grundl\u00e4ggandegemenskapen i samh\u00e4llet. Ett v\u00e4lfungerande samh\u00e4lle grundl\u00e4ggs av trygga familjer. Barn har olika behov och f\u00f6r\u00e4ldrar har olika \u00f6nskem\u00e5l och ska kunna g\u00f6raolika prioriteringar. Familjepolitiken ska d\u00e4rf\u00f6r fokusera p\u00e5 f\u00f6r\u00e4ldraskap, tid f\u00f6r barnen, \u00f6kning av familjers valfrihet och skapa m\u00f6jligheter till en kvalitativ och tillg\u00e4nglig barnomsorg.<\/p>\n<p>Familjecentralerna \u00e4r en av flera viktiga funktioner d\u00e4r f\u00f6rskoll\u00e4rare, socionomer och barnh\u00e4lsov\u00e5rd samlas och m\u00f6jligg\u00f6r st\u00f6d till familjer i olika situationer. Det \u00e4r en viktig plats d\u00e4r m\u00f6jligheter till relationsbyggande, kulturell \u00f6verbryggning och integration skapas. Bor\u00e5s ska v\u00e4rna om Familjecentralerna och vidareutveckla dem. Vi str\u00e4var efter att verksamheten ska finnas l\u00e4ttillg\u00e4nglig f\u00f6r kommuninv\u00e5narna.<\/p>\n<p>Politiska beslut m\u00e5ste fattas utifr\u00e5n vilka konsekvenser de f\u00e5r f\u00f6r familjen. H\u00e4nsyn ska tas till hur det p\u00e5verkar familjeekonomin; balansen mellan arbete och fritid; relationer och barns f\u00f6ruts\u00e4ttningar f\u00f6r ett gott och tryggt liv. D\u00e4rf\u00f6r ska politiska beslut ut\u00f6ver barnperspektivet \u00e4ven \u201dfamiljes\u00e4kras\u201d.<\/p>\n<p>\u00a0<\/p>\n<h2>Detta vill vi genomf\u00f6ra<\/h2>\n<p>\t\t\t\t\t\t\t\t\t\t\t\t<a href=\"\">Antalet \u00f6ppna f\u00f6rskolor och familjecentraler ska \u00f6ka. Familjecentraler ska finnas med god geografisk spridning i kommunen.<\/a><\/p>\n<p>Fortsatta utveckla och prioritera familjecentralerna. En familjecentral ska inneh\u00e5lla m\u00f6drah\u00e4lsov\u00e5rd, barnh\u00e4lsov\u00e5rd, \u00f6ppen f\u00f6rskola och socialtj\u00e4nst med inriktning p\u00e5 f\u00f6rebyggande arbete.\u00a0<\/p>\n<p>\t\t\t\t\t\t\t\t\t\t\t\t<a href=\"\">Kommunen ska ha med familjeperspektivet n\u00e4r man fattar beslut<\/a><\/p>\n<p>Familjeperspektivet beh\u00f6ver finnas med i politiken och d\u00e4rf\u00f6r beh\u00f6ver vi lyfta vikten av hur politiska besluts p\u00e5verkar familjer.<\/p>\n","protected":false},"excerpt":{"rendered":"<p>Familjen \u00e4r den viktigaste och mest grundl\u00e4ggandegemenskapen i samh\u00e4llet. Ett v\u00e4lfungerande samh\u00e4lle grundl\u00e4ggs av trygga familjer. Barn har olika behov och f\u00f6r\u00e4ldrar har olika \u00f6nskem\u00e5l och ska kunna g\u00f6raolika prioriteringar. Familjepolitiken ska d\u00e4rf\u00f6r fokusera p\u00e5 f\u00f6r\u00e4ldraskap, tid f\u00f6r barnen, \u00f6kning av familjers valfrihet och skapa m\u00f6jligheter till en kvalitativ och tillg\u00e4nglig barnomsorg. Familjecentralerna \u00e4r en <a class=\"read-more-link\" href=\"https:\/\/wp.kristdemokraterna.se\/boras\/textsida-fullbredd\/var-politik-i-kommunen\/trygga-och-fria-familjer\/\">L\u00e4s mer<\/a><\/p>\n","protected":false},"author":986,"featured_media":714,"parent":373,"menu_order":2,"comment_status":"closed","ping_status":"closed","template":"page.php","meta":{"_acf_changed":false,"footnotes":""},"class_list":["post-561","page","type-page","status-publish","hentry"],"acf":[],"yoast_head":"<!-- This site is optimized with the Yoast SEO plugin v27.3 - https:\/\/yoast.com\/product\/yoast-seo-wordpress\/ -->\n<title>Trygga och fria familjer - Kristdemokraterna | Bor\u00e5s<\/title>\n<meta name=\"robots\" content=\"index, follow, max-snippet:-1, max-image-preview:large, max-video-preview:-1\" \/>\n<link rel=\"canonical\" href=\"https:\/\/wp.kristdemokraterna.se\/boras\/textsida-fullbredd\/var-politik-i-kommunen\/trygga-och-fria-familjer\/\" \/>\n<meta property=\"og:locale\" content=\"sv_SE\" \/>\n<meta property=\"og:type\" content=\"article\" \/>\n<meta property=\"og:title\" content=\"Trygga och fria familjer - Kristdemokraterna | Bor\u00e5s\" \/>\n<meta property=\"og:description\" content=\"Familjen \u00e4r den viktigaste och mest grundl\u00e4ggandegemenskapen i samh\u00e4llet. Ett v\u00e4lfungerande samh\u00e4lle grundl\u00e4ggs av trygga familjer. Barn har olika behov och f\u00f6r\u00e4ldrar har olika \u00f6nskem\u00e5l och ska kunna g\u00f6raolika prioriteringar. Familjepolitiken ska d\u00e4rf\u00f6r fokusera p\u00e5 f\u00f6r\u00e4ldraskap, tid f\u00f6r barnen, \u00f6kning av familjers valfrihet och skapa m\u00f6jligheter till en kvalitativ och tillg\u00e4nglig barnomsorg. Familjecentralerna \u00e4r en L\u00e4s mer\" \/>\n<meta property=\"og:url\" content=\"https:\/\/wp.kristdemokraterna.se\/boras\/textsida-fullbredd\/var-politik-i-kommunen\/trygga-och-fria-familjer\/\" \/>\n<meta property=\"og:site_name\" content=\"Kristdemokraterna | Bor\u00e5s\" \/>\n<meta property=\"article:modified_time\" content=\"2022-07-22T09:22:00+00:00\" \/>\n<meta property=\"og:image\" content=\"https:\/\/wp.kristdemokraterna.se\/boras\/files\/2023\/12\/niklas-arvidsson_14-751x1024.jpg\" \/>\n\t<meta property=\"og:image:width\" content=\"751\" \/>\n\t<meta property=\"og:image:height\" content=\"1024\" \/>\n\t<meta property=\"og:image:type\" content=\"image\/jpeg\" \/>\n<meta name=\"twitter:card\" content=\"summary_large_image\" \/>\n<meta name=\"twitter:label1\" content=\"Ber\u00e4knad l\u00e4stid\" \/>\n\t<meta name=\"twitter:data1\" content=\"2 minuter\" \/>\n<script type=\"application\/ld+json\" class=\"yoast-schema-graph\">{\"@context\":\"https:\\\/\\\/schema.org\",\"@graph\":[{\"@type\":\"WebPage\",\"@id\":\"https:\\\/\\\/wp.kristdemokraterna.se\\\/boras\\\/textsida-fullbredd\\\/var-politik-i-kommunen\\\/trygga-och-fria-familjer\\\/\",\"url\":\"https:\\\/\\\/wp.kristdemokraterna.se\\\/boras\\\/textsida-fullbredd\\\/var-politik-i-kommunen\\\/trygga-och-fria-familjer\\\/\",\"name\":\"Trygga och fria familjer - Kristdemokraterna | Bor\u00e5s\",\"isPartOf\":{\"@id\":\"https:\\\/\\\/wp.kristdemokraterna.se\\\/boras\\\/#website\"},\"primaryImageOfPage\":{\"@id\":\"https:\\\/\\\/wp.kristdemokraterna.se\\\/boras\\\/textsida-fullbredd\\\/var-politik-i-kommunen\\\/trygga-och-fria-familjer\\\/#primaryimage\"},\"image\":{\"@id\":\"https:\\\/\\\/wp.kristdemokraterna.se\\\/boras\\\/textsida-fullbredd\\\/var-politik-i-kommunen\\\/trygga-och-fria-familjer\\\/#primaryimage\"},\"thumbnailUrl\":\"https:\\\/\\\/wp.kristdemokraterna.se\\\/boras\\\/files\\\/2023\\\/12\\\/niklas-arvidsson_14-scaled.jpg\",\"datePublished\":\"2022-06-29T18:51:48+00:00\",\"dateModified\":\"2022-07-22T09:22:00+00:00\",\"breadcrumb\":{\"@id\":\"https:\\\/\\\/wp.kristdemokraterna.se\\\/boras\\\/textsida-fullbredd\\\/var-politik-i-kommunen\\\/trygga-och-fria-familjer\\\/#breadcrumb\"},\"inLanguage\":\"sv-SE\",\"potentialAction\":[{\"@type\":\"ReadAction\",\"target\":[\"https:\\\/\\\/wp.kristdemokraterna.se\\\/boras\\\/textsida-fullbredd\\\/var-politik-i-kommunen\\\/trygga-och-fria-familjer\\\/\"]}]},{\"@type\":\"ImageObject\",\"inLanguage\":\"sv-SE\",\"@id\":\"https:\\\/\\\/wp.kristdemokraterna.se\\\/boras\\\/textsida-fullbredd\\\/var-politik-i-kommunen\\\/trygga-och-fria-familjer\\\/#primaryimage\",\"url\":\"https:\\\/\\\/wp.kristdemokraterna.se\\\/boras\\\/files\\\/2023\\\/12\\\/niklas-arvidsson_14-scaled.jpg\",\"contentUrl\":\"https:\\\/\\\/wp.kristdemokraterna.se\\\/boras\\\/files\\\/2023\\\/12\\\/niklas-arvidsson_14-scaled.jpg\",\"width\":1878,\"height\":2560},{\"@type\":\"BreadcrumbList\",\"@id\":\"https:\\\/\\\/wp.kristdemokraterna.se\\\/boras\\\/textsida-fullbredd\\\/var-politik-i-kommunen\\\/trygga-och-fria-familjer\\\/#breadcrumb\",\"itemListElement\":[{\"@type\":\"ListItem\",\"position\":1,\"name\":\"Hem\",\"item\":\"https:\\\/\\\/wp.kristdemokraterna.se\\\/boras\\\/\"},{\"@type\":\"ListItem\",\"position\":2,\"name\":\"Vad vi st\u00e5r f\u00f6r!\",\"item\":\"https:\\\/\\\/wp.kristdemokraterna.se\\\/boras\\\/textsida-fullbredd\\\/\"},{\"@type\":\"ListItem\",\"position\":3,\"name\":\"V\u00e5r politik i kommunen\",\"item\":\"https:\\\/\\\/wp.kristdemokraterna.se\\\/boras\\\/textsida-fullbredd\\\/var-politik-i-kommunen\\\/\"},{\"@type\":\"ListItem\",\"position\":4,\"name\":\"Trygga och fria familjer\"}]},{\"@type\":\"WebSite\",\"@id\":\"https:\\\/\\\/wp.kristdemokraterna.se\\\/boras\\\/#website\",\"url\":\"https:\\\/\\\/wp.kristdemokraterna.se\\\/boras\\\/\",\"name\":\"Kristdemokraterna | Bor\u00e5s\",\"description\":\"En till Kristdemokraterna webbplats\",\"inLanguage\":\"sv-SE\"}]}<\/script>\n<!-- \/ Yoast SEO plugin. -->","yoast_head_json":{"title":"Trygga och fria familjer - Kristdemokraterna | Bor\u00e5s","robots":{"index":"index","follow":"follow","max-snippet":"max-snippet:-1","max-image-preview":"max-image-preview:large","max-video-preview":"max-video-preview:-1"},"canonical":"https:\/\/wp.kristdemokraterna.se\/boras\/textsida-fullbredd\/var-politik-i-kommunen\/trygga-och-fria-familjer\/","og_locale":"sv_SE","og_type":"article","og_title":"Trygga och fria familjer - Kristdemokraterna | Bor\u00e5s","og_description":"Familjen \u00e4r den viktigaste och mest grundl\u00e4ggandegemenskapen i samh\u00e4llet. Ett v\u00e4lfungerande samh\u00e4lle grundl\u00e4ggs av trygga familjer. Barn har olika behov och f\u00f6r\u00e4ldrar har olika \u00f6nskem\u00e5l och ska kunna g\u00f6raolika prioriteringar. Familjepolitiken ska d\u00e4rf\u00f6r fokusera p\u00e5 f\u00f6r\u00e4ldraskap, tid f\u00f6r barnen, \u00f6kning av familjers valfrihet och skapa m\u00f6jligheter till en kvalitativ och tillg\u00e4nglig barnomsorg. Familjecentralerna \u00e4r en L\u00e4s mer","og_url":"https:\/\/wp.kristdemokraterna.se\/boras\/textsida-fullbredd\/var-politik-i-kommunen\/trygga-och-fria-familjer\/","og_site_name":"Kristdemokraterna | Bor\u00e5s","article_modified_time":"2022-07-22T09:22:00+00:00","og_image":[{"width":751,"height":1024,"url":"https:\/\/wp.kristdemokraterna.se\/boras\/files\/2023\/12\/niklas-arvidsson_14-751x1024.jpg","type":"image\/jpeg"}],"twitter_card":"summary_large_image","twitter_misc":{"Ber\u00e4knad l\u00e4stid":"2 minuter"},"schema":{"@context":"https:\/\/schema.org","@graph":[{"@type":"WebPage","@id":"https:\/\/wp.kristdemokraterna.se\/boras\/textsida-fullbredd\/var-politik-i-kommunen\/trygga-och-fria-familjer\/","url":"https:\/\/wp.kristdemokraterna.se\/boras\/textsida-fullbredd\/var-politik-i-kommunen\/trygga-och-fria-familjer\/","name":"Trygga och fria familjer - Kristdemokraterna | Bor\u00e5s","isPartOf":{"@id":"https:\/\/wp.kristdemokraterna.se\/boras\/#website"},"primaryImageOfPage":{"@id":"https:\/\/wp.kristdemokraterna.se\/boras\/textsida-fullbredd\/var-politik-i-kommunen\/trygga-och-fria-familjer\/#primaryimage"},"image":{"@id":"https:\/\/wp.kristdemokraterna.se\/boras\/textsida-fullbredd\/var-politik-i-kommunen\/trygga-och-fria-familjer\/#primaryimage"},"thumbnailUrl":"https:\/\/wp.kristdemokraterna.se\/boras\/files\/2023\/12\/niklas-arvidsson_14-scaled.jpg","datePublished":"2022-06-29T18:51:48+00:00","dateModified":"2022-07-22T09:22:00+00:00","breadcrumb":{"@id":"https:\/\/wp.kristdemokraterna.se\/boras\/textsida-fullbredd\/var-politik-i-kommunen\/trygga-och-fria-familjer\/#breadcrumb"},"inLanguage":"sv-SE","potentialAction":[{"@type":"ReadAction","target":["https:\/\/wp.kristdemokraterna.se\/boras\/textsida-fullbredd\/var-politik-i-kommunen\/trygga-och-fria-familjer\/"]}]},{"@type":"ImageObject","inLanguage":"sv-SE","@id":"https:\/\/wp.kristdemokraterna.se\/boras\/textsida-fullbredd\/var-politik-i-kommunen\/trygga-och-fria-familjer\/#primaryimage","url":"https:\/\/wp.kristdemokraterna.se\/boras\/files\/2023\/12\/niklas-arvidsson_14-scaled.jpg","contentUrl":"https:\/\/wp.kristdemokraterna.se\/boras\/files\/2023\/12\/niklas-arvidsson_14-scaled.jpg","width":1878,"height":2560},{"@type":"BreadcrumbList","@id":"https:\/\/wp.kristdemokraterna.se\/boras\/textsida-fullbredd\/var-politik-i-kommunen\/trygga-och-fria-familjer\/#breadcrumb","itemListElement":[{"@type":"ListItem","position":1,"name":"Hem","item":"https:\/\/wp.kristdemokraterna.se\/boras\/"},{"@type":"ListItem","position":2,"name":"Vad vi st\u00e5r f\u00f6r!","item":"https:\/\/wp.kristdemokraterna.se\/boras\/textsida-fullbredd\/"},{"@type":"ListItem","position":3,"name":"V\u00e5r politik i kommunen","item":"https:\/\/wp.kristdemokraterna.se\/boras\/textsida-fullbredd\/var-politik-i-kommunen\/"},{"@type":"ListItem","position":4,"name":"Trygga och fria familjer"}]},{"@type":"WebSite","@id":"https:\/\/wp.kristdemokraterna.se\/boras\/#website","url":"https:\/\/wp.kristdemokraterna.se\/boras\/","name":"Kristdemokraterna | Bor\u00e5s","description":"En till Kristdemokraterna webbplats","inLanguage":"sv-SE"}]}},"_links":{"self":[{"href":"https:\/\/wp.kristdemokraterna.se\/boras\/wp-json\/wp\/v2\/pages\/561","targetHints":{"allow":["GET"]}}],"collection":[{"href":"https:\/\/wp.kristdemokraterna.se\/boras\/wp-json\/wp\/v2\/pages"}],"about":[{"href":"https:\/\/wp.kristdemokraterna.se\/boras\/wp-json\/wp\/v2\/types\/page"}],"author":[{"embeddable":true,"href":"https:\/\/wp.kristdemokraterna.se\/boras\/wp-json\/wp\/v2\/users\/986"}],"replies":[{"embeddable":true,"href":"https:\/\/wp.kristdemokraterna.se\/boras\/wp-json\/wp\/v2\/comments?post=561"}],"version-history":[{"count":6,"href":"https:\/\/wp.kristdemokraterna.se\/boras\/wp-json\/wp\/v2\/pages\/561\/revisions"}],"predecessor-version":[{"id":587,"href":"https:\/\/wp.kristdemokraterna.se\/boras\/wp-json\/wp\/v2\/pages\/561\/revisions\/587"}],"up":[{"embeddable":true,"href":"https:\/\/wp.kristdemokraterna.se\/boras\/wp-json\/wp\/v2\/pages\/373"}],"wp:featuredmedia":[{"embeddable":true,"href":"https:\/\/wp.kristdemokraterna.se\/boras\/wp-json\/wp\/v2\/media\/714"}],"wp:attachment":[{"href":"https:\/\/wp.kristdemokraterna.se\/boras\/wp-json\/wp\/v2\/media?parent=561"}],"curies":[{"name":"wp","href":"https:\/\/api.w.org\/{rel}","templated":true}]}}