{"id":571,"date":"2022-07-22T10:35:19","date_gmt":"2022-07-22T08:35:19","guid":{"rendered":"https:\/\/wp.kristdemokraterna.se\/boras\/?page_id=571"},"modified":"2022-07-22T11:19:16","modified_gmt":"2022-07-22T09:19:16","slug":"ett-tryggare-boras","status":"publish","type":"page","link":"https:\/\/wp.kristdemokraterna.se\/boras\/textsida-fullbredd\/var-politik-i-kommunen\/ett-tryggare-boras\/","title":{"rendered":"Ett tryggare Bor\u00e5s"},"content":{"rendered":"<p style=\"margin-bottom: 0px;vertical-align: baseline;background-color: transparent;color: windowtext\">Otryggheten och v\u00e5ldet \u00e4r ett \u00e5terkommande samtals\u00e4mne vid m\u00e5nga middagsbord. Faktum \u00e4r att det finns m\u00e5nga som inte l\u00e4ngre k\u00e4nner sig trygga i v\u00e5r stad, som v\u00e4ljer bort att r\u00f6ra sig i stan, inte minst efter m\u00f6rkrets inbrott. F\u00f6r att en kommun ska vara attraktiv kr\u00e4vs det att medborgarna upplever den som trygg. Att bygga ett samh\u00e4lle d\u00e4r m\u00e4nniskor k\u00e4nner sig trygga handlar om att ta till sig en m\u00e4ngd olika perspektiv. Det kr\u00e4ver en kombination av f\u00f6rebyggande och mer kortsiktiga insatser f\u00f6r att v\u00e4nda utvecklingen.\u202f\u202f\u00a0<\/p>\n<p style=\"margin-bottom: 0px;vertical-align: baseline;background-color: transparent;color: windowtext\">\u202f\u00a0<\/p>\n<p style=\"margin-bottom: 0px;vertical-align: baseline;background-color: transparent;color: windowtext\">Det offentliga med kommunen i spetsen m\u00e5ste markera tydligt mot g\u00e4ng eller andra samh\u00e4llsfarliga tendenser som syftar till att skapa parallellsamh\u00e4llen eller undergr\u00e4va m\u00e4nniskor trygghet. I flera kommuner har rapporter kunnat visa att kommunala medarbetare drar sig f\u00f6r att anm\u00e4la brott, av r\u00e4dsla f\u00f6r hot och v\u00e5ld fr\u00e5n g\u00e4ngkriminella. Vi vill kartl\u00e4gga den omfattningen av tystnadskultur och sj\u00e4lvcensur i Bor\u00e5s. Vi tror kunskap om omfattningen \u00e4r en nyckel till att kunna vidta r\u00e4tt \u00e5tg\u00e4rder f\u00f6r att st\u00f6tta kommunens medarbetare.\u202f\u00a0<\/p>\n<p style=\"margin-bottom: 0px;vertical-align: baseline;background-color: transparent;color: windowtext\">\u202f\u00a0<\/p>\n<p style=\"margin-bottom: 0px;vertical-align: baseline;background-color: transparent;color: windowtext\">Bor\u00e5s kan och b\u00f6r jobba \u00e4nnu mer med \u00f6vervakningskameror p\u00e5 brottsutsatta platser och upphandla ordningsvakter p\u00e5 otrygga platser. Det \u00e4r tv\u00e5 \u00e5tg\u00e4rder som kan bidra till en \u00f6kad otrygghet.\u00a0<\/p>\n<p style=\"margin-bottom: 0px;vertical-align: baseline;background-color: transparent;color: windowtext\">\u00a0<\/p>\n<h2>Detta vill vi genomf\u00f6ra:<\/h2>\n<p>\t\t\t\t\t\t\t\t\t\t\t\t<a href=\"\">Trygghetsvakter p\u00e5 otrygga platser, till exempel Resecentrum och S\u00f6dra Torget<\/a><\/p>\n<p>Kommunen ska ans\u00f6ka om s\u00e5 kallade LOV-3 omr\u00e5den p\u00e5 s\u00e4rskilt otrygga platser. Inom ett LOV-3 omr\u00e5de f\u00e5r en ordningsvakt ut\u00f6kade befogenheter. Kommunen borde upphandla ordningsvakter f\u00f6r att \u00f6ka tryggheten p\u00e5 gator och torg.\u202f\u00a0<\/p>\n<p>\t\t\t\t\t\t\t\t\t\t\t\t<a href=\"\">\u00d6vervakningskameror vid otrygga platser\u202f<\/a><\/p>\n<p>\u00d6vervakningskameror till att s\u00e5v\u00e4l avskr\u00e4cka brott, som att klara upp beg\u00e5ngna brott.<\/p>\n<p>\t\t\t\t\t\t\t\t\t\t\t\t<a href=\"\">Kartl\u00e4gg tystnadskultur och sj\u00e4lvcensur bland kommunens medarbetare kopplat till r\u00e4dsla f\u00f6r hot och v\u00e5ld av kriminella\u202f <\/a><\/p>\n<p>Samh\u00e4llet m\u00e5ste st\u00e5 starkt mot kriminella. En kartl\u00e4ggning av omfattningen av sj\u00e4lvcensur bland kommunens anst\u00e4llda, till f\u00f6ljd av r\u00e4dsla f\u00f6r hot och v\u00e5ld fr\u00e5n kriminella, skulle ge underlag f\u00f6r n\u00f6dv\u00e4ndiga \u00e5tg\u00e4rder f\u00f6r att st\u00e4rka och st\u00f6tta kommunens medarbetare.\u202f\u00a0<\/p>\n<p>\t\t\t\t\t\t\t\t\t\t\t\t<a href=\"\">\u00d6kad belysning vid otrygga platser, sp\u00e5r och leder samt skymmande v\u00e4xtlighet\u202f <\/a><\/p>\n<p>Genom att arbeta med belysning och att ta bort skymmande v\u00e4xtlighet kan kommunen skapa tryggare milj\u00f6er p\u00e5 s\u00e5v\u00e4l sp\u00e5r och leder som i v\u00e5ra bostadsomr\u00e5den<\/p>\n<p>\t\t\t\t\t\t\t\t\t\t\t\t<a href=\"\">\u00d6ka kraften i det brottsf\u00f6rebyggande arbetet genom att samverka med civilsamh\u00e4llet\u202f <\/a><\/p>\n<p>Det beh\u00f6vs en st\u00e4rkt samverkan med civilsamh\u00e4llet (f\u00f6reningar, f\u00f6rsamlingar) f\u00f6r att skapa verklig kraft i kommunens brottsf\u00f6rebyggande arbete.\u202f\u00a0<\/p>\n","protected":false},"excerpt":{"rendered":"<p>Otryggheten och v\u00e5ldet \u00e4r ett \u00e5terkommande samtals\u00e4mne vid m\u00e5nga middagsbord. Faktum \u00e4r att det finns m\u00e5nga som inte l\u00e4ngre k\u00e4nner sig trygga i v\u00e5r stad, som v\u00e4ljer bort att r\u00f6ra sig i stan, inte minst efter m\u00f6rkrets inbrott. F\u00f6r att en kommun ska vara attraktiv kr\u00e4vs det att medborgarna upplever den som trygg. Att bygga <a class=\"read-more-link\" href=\"https:\/\/wp.kristdemokraterna.se\/boras\/textsida-fullbredd\/var-politik-i-kommunen\/ett-tryggare-boras\/\">L\u00e4s mer<\/a><\/p>\n","protected":false},"author":986,"featured_media":714,"parent":373,"menu_order":3,"comment_status":"closed","ping_status":"closed","template":"page.php","meta":{"_acf_changed":false,"footnotes":""},"class_list":["post-571","page","type-page","status-publish","hentry"],"acf":[],"yoast_head":"<!-- This site is optimized with the Yoast SEO plugin v27.3 - https:\/\/yoast.com\/product\/yoast-seo-wordpress\/ -->\n<title>Ett tryggare Bor\u00e5s - Kristdemokraterna | Bor\u00e5s<\/title>\n<meta name=\"robots\" content=\"index, follow, max-snippet:-1, max-image-preview:large, max-video-preview:-1\" \/>\n<link rel=\"canonical\" href=\"https:\/\/wp.kristdemokraterna.se\/boras\/textsida-fullbredd\/var-politik-i-kommunen\/ett-tryggare-boras\/\" \/>\n<meta property=\"og:locale\" content=\"sv_SE\" \/>\n<meta property=\"og:type\" content=\"article\" \/>\n<meta property=\"og:title\" content=\"Ett tryggare Bor\u00e5s - Kristdemokraterna | Bor\u00e5s\" \/>\n<meta property=\"og:description\" content=\"Otryggheten och v\u00e5ldet \u00e4r ett \u00e5terkommande samtals\u00e4mne vid m\u00e5nga middagsbord. Faktum \u00e4r att det finns m\u00e5nga som inte l\u00e4ngre k\u00e4nner sig trygga i v\u00e5r stad, som v\u00e4ljer bort att r\u00f6ra sig i stan, inte minst efter m\u00f6rkrets inbrott. F\u00f6r att en kommun ska vara attraktiv kr\u00e4vs det att medborgarna upplever den som trygg. Att bygga L\u00e4s mer\" \/>\n<meta property=\"og:url\" content=\"https:\/\/wp.kristdemokraterna.se\/boras\/textsida-fullbredd\/var-politik-i-kommunen\/ett-tryggare-boras\/\" \/>\n<meta property=\"og:site_name\" content=\"Kristdemokraterna | Bor\u00e5s\" \/>\n<meta property=\"article:modified_time\" content=\"2022-07-22T09:19:16+00:00\" \/>\n<meta name=\"twitter:card\" content=\"summary_large_image\" \/>\n<meta name=\"twitter:label1\" content=\"Ber\u00e4knad l\u00e4stid\" \/>\n\t<meta name=\"twitter:data1\" content=\"2 minuter\" \/>\n<script type=\"application\/ld+json\" class=\"yoast-schema-graph\">{\"@context\":\"https:\\\/\\\/schema.org\",\"@graph\":[{\"@type\":\"WebPage\",\"@id\":\"https:\\\/\\\/wp.kristdemokraterna.se\\\/boras\\\/textsida-fullbredd\\\/var-politik-i-kommunen\\\/ett-tryggare-boras\\\/\",\"url\":\"https:\\\/\\\/wp.kristdemokraterna.se\\\/boras\\\/textsida-fullbredd\\\/var-politik-i-kommunen\\\/ett-tryggare-boras\\\/\",\"name\":\"Ett tryggare Bor\u00e5s - Kristdemokraterna | Bor\u00e5s\",\"isPartOf\":{\"@id\":\"https:\\\/\\\/wp.kristdemokraterna.se\\\/boras\\\/#website\"},\"primaryImageOfPage\":{\"@id\":\"https:\\\/\\\/wp.kristdemokraterna.se\\\/boras\\\/textsida-fullbredd\\\/var-politik-i-kommunen\\\/ett-tryggare-boras\\\/#primaryimage\"},\"image\":{\"@id\":\"https:\\\/\\\/wp.kristdemokraterna.se\\\/boras\\\/textsida-fullbredd\\\/var-politik-i-kommunen\\\/ett-tryggare-boras\\\/#primaryimage\"},\"thumbnailUrl\":\"https:\\\/\\\/wp.kristdemokraterna.se\\\/boras\\\/files\\\/2023\\\/12\\\/niklas-arvidsson_14-scaled.jpg\",\"datePublished\":\"2022-07-22T08:35:19+00:00\",\"dateModified\":\"2022-07-22T09:19:16+00:00\",\"breadcrumb\":{\"@id\":\"https:\\\/\\\/wp.kristdemokraterna.se\\\/boras\\\/textsida-fullbredd\\\/var-politik-i-kommunen\\\/ett-tryggare-boras\\\/#breadcrumb\"},\"inLanguage\":\"sv-SE\",\"potentialAction\":[{\"@type\":\"ReadAction\",\"target\":[\"https:\\\/\\\/wp.kristdemokraterna.se\\\/boras\\\/textsida-fullbredd\\\/var-politik-i-kommunen\\\/ett-tryggare-boras\\\/\"]}]},{\"@type\":\"ImageObject\",\"inLanguage\":\"sv-SE\",\"@id\":\"https:\\\/\\\/wp.kristdemokraterna.se\\\/boras\\\/textsida-fullbredd\\\/var-politik-i-kommunen\\\/ett-tryggare-boras\\\/#primaryimage\",\"url\":\"https:\\\/\\\/wp.kristdemokraterna.se\\\/boras\\\/files\\\/2023\\\/12\\\/niklas-arvidsson_14-scaled.jpg\",\"contentUrl\":\"https:\\\/\\\/wp.kristdemokraterna.se\\\/boras\\\/files\\\/2023\\\/12\\\/niklas-arvidsson_14-scaled.jpg\",\"width\":1878,\"height\":2560},{\"@type\":\"BreadcrumbList\",\"@id\":\"https:\\\/\\\/wp.kristdemokraterna.se\\\/boras\\\/textsida-fullbredd\\\/var-politik-i-kommunen\\\/ett-tryggare-boras\\\/#breadcrumb\",\"itemListElement\":[{\"@type\":\"ListItem\",\"position\":1,\"name\":\"Hem\",\"item\":\"https:\\\/\\\/wp.kristdemokraterna.se\\\/boras\\\/\"},{\"@type\":\"ListItem\",\"position\":2,\"name\":\"Vad vi st\u00e5r f\u00f6r!\",\"item\":\"https:\\\/\\\/wp.kristdemokraterna.se\\\/boras\\\/textsida-fullbredd\\\/\"},{\"@type\":\"ListItem\",\"position\":3,\"name\":\"V\u00e5r politik i kommunen\",\"item\":\"https:\\\/\\\/wp.kristdemokraterna.se\\\/boras\\\/textsida-fullbredd\\\/var-politik-i-kommunen\\\/\"},{\"@type\":\"ListItem\",\"position\":4,\"name\":\"Ett tryggare Bor\u00e5s\"}]},{\"@type\":\"WebSite\",\"@id\":\"https:\\\/\\\/wp.kristdemokraterna.se\\\/boras\\\/#website\",\"url\":\"https:\\\/\\\/wp.kristdemokraterna.se\\\/boras\\\/\",\"name\":\"Kristdemokraterna | Bor\u00e5s\",\"description\":\"En till Kristdemokraterna webbplats\",\"inLanguage\":\"sv-SE\"}]}<\/script>\n<!-- \/ Yoast SEO plugin. -->","yoast_head_json":{"title":"Ett tryggare Bor\u00e5s - Kristdemokraterna | Bor\u00e5s","robots":{"index":"index","follow":"follow","max-snippet":"max-snippet:-1","max-image-preview":"max-image-preview:large","max-video-preview":"max-video-preview:-1"},"canonical":"https:\/\/wp.kristdemokraterna.se\/boras\/textsida-fullbredd\/var-politik-i-kommunen\/ett-tryggare-boras\/","og_locale":"sv_SE","og_type":"article","og_title":"Ett tryggare Bor\u00e5s - Kristdemokraterna | Bor\u00e5s","og_description":"Otryggheten och v\u00e5ldet \u00e4r ett \u00e5terkommande samtals\u00e4mne vid m\u00e5nga middagsbord. Faktum \u00e4r att det finns m\u00e5nga som inte l\u00e4ngre k\u00e4nner sig trygga i v\u00e5r stad, som v\u00e4ljer bort att r\u00f6ra sig i stan, inte minst efter m\u00f6rkrets inbrott. F\u00f6r att en kommun ska vara attraktiv kr\u00e4vs det att medborgarna upplever den som trygg. Att bygga L\u00e4s mer","og_url":"https:\/\/wp.kristdemokraterna.se\/boras\/textsida-fullbredd\/var-politik-i-kommunen\/ett-tryggare-boras\/","og_site_name":"Kristdemokraterna | Bor\u00e5s","article_modified_time":"2022-07-22T09:19:16+00:00","twitter_card":"summary_large_image","twitter_misc":{"Ber\u00e4knad l\u00e4stid":"2 minuter"},"schema":{"@context":"https:\/\/schema.org","@graph":[{"@type":"WebPage","@id":"https:\/\/wp.kristdemokraterna.se\/boras\/textsida-fullbredd\/var-politik-i-kommunen\/ett-tryggare-boras\/","url":"https:\/\/wp.kristdemokraterna.se\/boras\/textsida-fullbredd\/var-politik-i-kommunen\/ett-tryggare-boras\/","name":"Ett tryggare Bor\u00e5s - Kristdemokraterna | Bor\u00e5s","isPartOf":{"@id":"https:\/\/wp.kristdemokraterna.se\/boras\/#website"},"primaryImageOfPage":{"@id":"https:\/\/wp.kristdemokraterna.se\/boras\/textsida-fullbredd\/var-politik-i-kommunen\/ett-tryggare-boras\/#primaryimage"},"image":{"@id":"https:\/\/wp.kristdemokraterna.se\/boras\/textsida-fullbredd\/var-politik-i-kommunen\/ett-tryggare-boras\/#primaryimage"},"thumbnailUrl":"https:\/\/wp.kristdemokraterna.se\/boras\/files\/2023\/12\/niklas-arvidsson_14-scaled.jpg","datePublished":"2022-07-22T08:35:19+00:00","dateModified":"2022-07-22T09:19:16+00:00","breadcrumb":{"@id":"https:\/\/wp.kristdemokraterna.se\/boras\/textsida-fullbredd\/var-politik-i-kommunen\/ett-tryggare-boras\/#breadcrumb"},"inLanguage":"sv-SE","potentialAction":[{"@type":"ReadAction","target":["https:\/\/wp.kristdemokraterna.se\/boras\/textsida-fullbredd\/var-politik-i-kommunen\/ett-tryggare-boras\/"]}]},{"@type":"ImageObject","inLanguage":"sv-SE","@id":"https:\/\/wp.kristdemokraterna.se\/boras\/textsida-fullbredd\/var-politik-i-kommunen\/ett-tryggare-boras\/#primaryimage","url":"https:\/\/wp.kristdemokraterna.se\/boras\/files\/2023\/12\/niklas-arvidsson_14-scaled.jpg","contentUrl":"https:\/\/wp.kristdemokraterna.se\/boras\/files\/2023\/12\/niklas-arvidsson_14-scaled.jpg","width":1878,"height":2560},{"@type":"BreadcrumbList","@id":"https:\/\/wp.kristdemokraterna.se\/boras\/textsida-fullbredd\/var-politik-i-kommunen\/ett-tryggare-boras\/#breadcrumb","itemListElement":[{"@type":"ListItem","position":1,"name":"Hem","item":"https:\/\/wp.kristdemokraterna.se\/boras\/"},{"@type":"ListItem","position":2,"name":"Vad vi st\u00e5r f\u00f6r!","item":"https:\/\/wp.kristdemokraterna.se\/boras\/textsida-fullbredd\/"},{"@type":"ListItem","position":3,"name":"V\u00e5r politik i kommunen","item":"https:\/\/wp.kristdemokraterna.se\/boras\/textsida-fullbredd\/var-politik-i-kommunen\/"},{"@type":"ListItem","position":4,"name":"Ett tryggare Bor\u00e5s"}]},{"@type":"WebSite","@id":"https:\/\/wp.kristdemokraterna.se\/boras\/#website","url":"https:\/\/wp.kristdemokraterna.se\/boras\/","name":"Kristdemokraterna | Bor\u00e5s","description":"En till Kristdemokraterna webbplats","inLanguage":"sv-SE"}]}},"_links":{"self":[{"href":"https:\/\/wp.kristdemokraterna.se\/boras\/wp-json\/wp\/v2\/pages\/571","targetHints":{"allow":["GET"]}}],"collection":[{"href":"https:\/\/wp.kristdemokraterna.se\/boras\/wp-json\/wp\/v2\/pages"}],"about":[{"href":"https:\/\/wp.kristdemokraterna.se\/boras\/wp-json\/wp\/v2\/types\/page"}],"author":[{"embeddable":true,"href":"https:\/\/wp.kristdemokraterna.se\/boras\/wp-json\/wp\/v2\/users\/986"}],"replies":[{"embeddable":true,"href":"https:\/\/wp.kristdemokraterna.se\/boras\/wp-json\/wp\/v2\/comments?post=571"}],"version-history":[{"count":6,"href":"https:\/\/wp.kristdemokraterna.se\/boras\/wp-json\/wp\/v2\/pages\/571\/revisions"}],"predecessor-version":[{"id":586,"href":"https:\/\/wp.kristdemokraterna.se\/boras\/wp-json\/wp\/v2\/pages\/571\/revisions\/586"}],"up":[{"embeddable":true,"href":"https:\/\/wp.kristdemokraterna.se\/boras\/wp-json\/wp\/v2\/pages\/373"}],"wp:featuredmedia":[{"embeddable":true,"href":"https:\/\/wp.kristdemokraterna.se\/boras\/wp-json\/wp\/v2\/media\/714"}],"wp:attachment":[{"href":"https:\/\/wp.kristdemokraterna.se\/boras\/wp-json\/wp\/v2\/media?parent=571"}],"curies":[{"name":"wp","href":"https:\/\/api.w.org\/{rel}","templated":true}]}}