{"id":594,"date":"2022-07-22T11:37:37","date_gmt":"2022-07-22T09:37:37","guid":{"rendered":"https:\/\/wp.kristdemokraterna.se\/boras\/?page_id=594"},"modified":"2022-07-22T11:42:48","modified_gmt":"2022-07-22T09:42:48","slug":"aldras-med-trygghet-i-boras","status":"publish","type":"page","link":"https:\/\/wp.kristdemokraterna.se\/boras\/textsida-fullbredd\/var-politik-i-kommunen\/aldras-med-trygghet-i-boras\/","title":{"rendered":"\u00c5ldras med trygghet i Bor\u00e5s"},"content":{"rendered":"<p style=\"margin-bottom: 0px;vertical-align: baseline;background-color: transparent;color: windowtext\">Ofrivillig ensamhet \u00e4r ett av v\u00e5r tids st\u00f6rsta samh\u00e4llsproblem. Ofrivillig ensamhet kan leda till \u00f6kad risk f\u00f6r sjukdomar som hj\u00e4rtinfarkt, stroke och demens. Det leder ocks\u00e5 till en h\u00f6gre risk f\u00f6r depression. Kommunen har en viktig roll i att motverka ofrivillig ensamhet. Ett arbete som b\u00f6r ske i n\u00e4ra samarbete med kyrkor och ideella f\u00f6reningar.<\/p>\n<p style=\"margin-bottom: 0px;vertical-align: baseline;background-color: transparent;color: windowtext\">\u00c4ldreomsorgen i Bor\u00e5s ska pr\u00e4glas av trygghet, v\u00e4rdighet och delaktighet. Det inneb\u00e4r att v\u00e5rd, omsorg och service skall vara tillg\u00e4nglig och ges utifr\u00e5n en helhetssyn p\u00e5 den enskilde och h\u00e4nsyn skall tas till s\u00e5v\u00e4l fysiska, sj\u00e4lsliga, andliga som materiella behov. Det okr\u00e4nkbara m\u00e4nniskov\u00e4rdet finns i den unika personen och beror inte p\u00e5 \u00e5lder eller den egna f\u00f6rm\u00e5gan. Den enskilde k\u00e4nner b\u00e4st sina egna behov. Ingen verksamhet kan helt tillfredsst\u00e4lla m\u00e4nniskors behov av n\u00e4rhet och gemenskap. D\u00e4rf\u00f6r m\u00e5ste \u00e4ldreomsorgen vinnl\u00e4gga sig om ett samarbete med anh\u00f6riga, f\u00f6reningar, kyrkor och andra ideella krafter.<\/p>\n<p style=\"margin-bottom: 0px;vertical-align: baseline;background-color: transparent;color: windowtext\">Bor\u00e5s har idag brist p\u00e5 \u00e4ldreboendeplatser. Samtidigt kommer behovet av \u00e4ldreboendeplatser \u00f6ka i takt med att allt fler blir allt \u00e4ldre. Vi menar att Bor\u00e5s skyndsamt beh\u00f6ver b\u00f6rja bygga nya \u00e4ldreboenden. Det beh\u00f6vs s\u00e5v\u00e4l nya v\u00e5rd- och omsorgsboenden som \u00e4r bist\u00e5ndsbed\u00f6mda, som nya trygghetsbost\u00e4der. Men vi beh\u00f6ver ocks\u00e5 bygga ut \u00e4ldreboendeplatserna i exempelvis Fristad och Dalsj\u00f6fors. Vi anser att personer som har fyllt 85 \u00e5r sj\u00e4lva ska kunna v\u00e4lja om de vill ha plats p\u00e5 ett v\u00e5rd- och omsorgsboende, utan f\u00f6reg\u00e5ende bist\u00e5ndsbed\u00f6mning.<\/p>\n<p style=\"margin-bottom: 0px;vertical-align: baseline;background-color: transparent;color: windowtext\">Anh\u00f6riga som v\u00e5rdar en anh\u00f6rig g\u00f6r idag oumb\u00e4rliga insatser f\u00f6r att omsorgen om v\u00e5ra \u00e4ldre ska fungera. Anh\u00f6rigst\u00f6det \u00e4r ett ekonomiskt st\u00f6d till dessa anh\u00f6riga och \u00e4r ett mycket viktigt instrument som vi vill forts\u00e4tta att bygga ut.<\/p>\n<p style=\"margin-bottom: 0px;vertical-align: baseline;background-color: transparent;color: windowtext\">All personal inom v\u00e5rden ska beh\u00e4rska svenska spr\u00e5ket i tal och skrift. Det \u00e4r viktigt att kunna kommunicera med v\u00e5rdtagare p\u00e5 ett s\u00e5dant s\u00e4tt att inte missf\u00f6rst\u00e5nd uppst\u00e5r liksom att kunna l\u00e4sa och f\u00f6rst\u00e5 skriftliga instruktioner och \u00e4ven kunna avl\u00e4mna skriftliga rapporter.<\/p>\n<p style=\"margin-bottom: 0px;vertical-align: baseline;background-color: transparent;color: windowtext\">Alla \u00e4ldre b\u00f6r f\u00e5 v\u00e4lja vilka som ska ge v\u00e5rd och omsorg, service och st\u00f6d. D\u00e4rf\u00f6r skall akt\u00f6rer som kan erbjuda v\u00e5rd och omsorg av h\u00f6g kvalitet v\u00e4lkomnas. Det offentliga f\u00e5r dock inte sl\u00e4ppa kravet p\u00e5 kvalitet och m\u00e5ste noga f\u00f6lja upp s\u00e5v\u00e4l egen som v\u00e5rd och omsorg som ges av privata akt\u00f6rer.<\/p>\n<p style=\"margin-bottom: 0px;vertical-align: baseline;background-color: transparent;color: windowtext\">Vi vill ocks\u00e5 ge mer tid f\u00f6r v\u00e5rd p\u00e5 bekostnad av tid f\u00f6r administration. Det g\u00e5r \u00e5t f\u00f6r mycket tid f\u00f6r personal f\u00f6r rapportering i ett antal olika system som dessutom inte \u00e4r kompatibla med varandra.<\/p>\n<h2>Detta vill vi genomf\u00f6ra:<\/h2>\n<p><a>Bryt den ofrivilliga ensamheten bland \u00e4ldre <\/a><\/p>\n<p>Till exempel genom att s\u00e4kerst\u00e4lla att boende p\u00e5 v\u00e5ra \u00e4ldreboenden f\u00e5r m\u00e5ltidss\u00e4llskap. Vi vill ocks\u00e5 ge st\u00f6d till f\u00f6reningar som jobbar f\u00f6r att bryta ofrivillig ensamhet bland \u00e4ldre.<\/p>\n<p><a>Bor\u00e5s beh\u00f6ver fler \u00e4ldreboendeplatser <\/a><\/p>\n<p>Bor\u00e5s har brist p\u00e5 \u00e4ldreboendeplatser. Samtidigt kommer behovet att \u00f6ka kommande \u00e5r. Kommunen beh\u00f6ver skyndsamt p\u00e5b\u00f6rja byggnation av nya \u00e4ldreboenden och bygga ut befintliga boenden i serviceorter som Fristad.<\/p>\n<p><a>Bygg en demensby \u2013 en ny form av \u00e4ldreboende i Bor\u00e5s <\/a><\/p>\n<p>Vi vill att Bor\u00e5s bygger en demensby. Det \u00e4r ett \u00e4ldreboende i enplan d\u00e4r boende kan r\u00f6ra sig fritt och s\u00e4kert mellan inomhus och utomhusmilj\u00f6. Omr\u00e5det \u00e4r behagligt inramat av gr\u00f6nska.<\/p>\n<p><a>Bygg fler trygghetsboenden\u00a0\u00a0\u00a0\u00a0\u00a0\u00a0<\/a><\/p>\n<p>Bor\u00e5s stad kommer att beh\u00f6va fler trygghetsboenden fram\u00f6ver. Vi vill prioritera detaljplaner som inneh\u00e5ller nya trygghetsboenden.<\/p>\n<p><a>Fritt val av \u00e4ldreboende f\u00f6r personer som har fyllt 85 \u00e5r, utan bist\u00e5ndsbed\u00f6mning <\/a><\/p>\n<p>Man ska k\u00e4nna trygghet i att det finns plats p\u00e5 ett \u00e4ldreboende n\u00e4r man beh\u00f6ver det. Personer som fyllt 85 \u00e5r borde d\u00e4rf\u00f6r sj\u00e4lva f\u00e5 v\u00e4lja n\u00e4r de vill flytta in till ett boende, utan f\u00f6reg\u00e5ende bist\u00e5ndsbed\u00f6mning.<\/p>\n<p><a>Frihet att v\u00e4lja utf\u00f6rare f\u00f6r \u00e4ldreboenden\u00a0\u00a0\u00a0\u00a0\u00a0\u00a0<\/a><\/p>\n<p>Alla \u00e4ldre b\u00f6r f\u00e5 v\u00e4lja vilka som ska ge v\u00e5rd och omsorg, service och st\u00f6d. D\u00e4rf\u00f6r skall akt\u00f6rer som kan erbjuda v\u00e5rd och omsorg av h\u00f6g kvalitet v\u00e4lkomnas.<\/p>\n<p><a>\u00d6ka grundbemanningen inom \u00e4ldreomsorgen <\/a><\/p>\n<p>En \u00f6kad grundbemanning b\u00e5de f\u00f6renklar schemal\u00e4ggning och minskar behovet av extrapersonal. Det ger ocks\u00e5 st\u00f6rre m\u00f6jligheten f\u00f6r personalen att m\u00f6ta den \u00e4ldres behov.<\/p>\n<p><a>Spr\u00e5kkrav f\u00f6r att arbeta inom \u00e4ldreomsorgen <\/a><\/p>\n<p>En god spr\u00e5kf\u00f6rm\u00e5ga bland anst\u00e4llda inom \u00e4ldreomsorgen \u00e4r en f\u00f6ruts\u00e4ttning f\u00f6r att f\u00f6rst\u00e5 behoven hos den \u00e4ldre samt kunna f\u00f6rst\u00e5 och l\u00e4mna information till kollegor.<\/p>\n<p><a>V\u00e4rna och utveckla anh\u00f6rigst\u00f6det\u00a0\u00a0\u00a0\u00a0\u00a0\u00a0\u00a0\u00a0\u00a0\u00a0\u00a0\u00a0\u00a0\u00a0<\/a><\/p>\n<p>Anh\u00f6riga som v\u00e5rdar en anh\u00f6rig g\u00f6r idag oumb\u00e4rliga insatser f\u00f6r att omsorgen om v\u00e5ra \u00e4ldre ska fungera. Anh\u00f6rigst\u00f6det \u00e4r ett ekonomiskt st\u00f6d till dessa anh\u00f6riga som vi vill utveckla.<\/p>\n<p><a>Inf\u00f6r v\u00e4rdighetsgaranti i \u00e4ldreomsorgen <\/a><\/p>\n<p>V\u00e4rdighetsgarantier \u00e4r regler f\u00f6r kommunens \u00e4ldreomsorg som \u00e4r riktade till v\u00e5rdtagaren. Garantierna klarg\u00f6r vad man har r\u00e4tt att v\u00e4nta sig i form av bem\u00f6tande, trygghet och inflytande i m\u00f6tet med kommunens \u00e4ldreomsorg.<\/p>\n<p><a>Avgiftsfria trygghetslarm <\/a><\/p>\n<p>Nuvarande m\u00e5natlig avgift ers\u00e4tts med en depositionsavgift.<\/p>\n","protected":false},"excerpt":{"rendered":"<p>Ofrivillig ensamhet \u00e4r ett av v\u00e5r tids st\u00f6rsta samh\u00e4llsproblem. Ofrivillig ensamhet kan leda till \u00f6kad risk f\u00f6r sjukdomar som hj\u00e4rtinfarkt, stroke och demens. Det leder ocks\u00e5 till en h\u00f6gre risk f\u00f6r depression. Kommunen har en viktig roll i att motverka ofrivillig ensamhet. Ett arbete som b\u00f6r ske i n\u00e4ra samarbete med kyrkor och ideella f\u00f6reningar. <a class=\"read-more-link\" href=\"https:\/\/wp.kristdemokraterna.se\/boras\/textsida-fullbredd\/var-politik-i-kommunen\/aldras-med-trygghet-i-boras\/\">L\u00e4s mer<\/a><\/p>\n","protected":false},"author":986,"featured_media":714,"parent":373,"menu_order":6,"comment_status":"closed","ping_status":"closed","template":"page.php","meta":{"_acf_changed":false,"footnotes":""},"class_list":["post-594","page","type-page","status-publish","hentry"],"acf":[],"yoast_head":"<!-- This site is optimized with the Yoast SEO plugin v27.4 - https:\/\/yoast.com\/product\/yoast-seo-wordpress\/ -->\n<title>\u00c5ldras med trygghet i Bor\u00e5s - Kristdemokraterna | Bor\u00e5s<\/title>\n<meta name=\"robots\" content=\"index, follow, max-snippet:-1, max-image-preview:large, max-video-preview:-1\" \/>\n<link rel=\"canonical\" href=\"https:\/\/wp.kristdemokraterna.se\/boras\/textsida-fullbredd\/var-politik-i-kommunen\/aldras-med-trygghet-i-boras\/\" \/>\n<meta property=\"og:locale\" content=\"sv_SE\" \/>\n<meta property=\"og:type\" content=\"article\" \/>\n<meta property=\"og:title\" content=\"\u00c5ldras med trygghet i Bor\u00e5s - Kristdemokraterna | Bor\u00e5s\" \/>\n<meta property=\"og:description\" content=\"Ofrivillig ensamhet \u00e4r ett av v\u00e5r tids st\u00f6rsta samh\u00e4llsproblem. Ofrivillig ensamhet kan leda till \u00f6kad risk f\u00f6r sjukdomar som hj\u00e4rtinfarkt, stroke och demens. Det leder ocks\u00e5 till en h\u00f6gre risk f\u00f6r depression. Kommunen har en viktig roll i att motverka ofrivillig ensamhet. Ett arbete som b\u00f6r ske i n\u00e4ra samarbete med kyrkor och ideella f\u00f6reningar. L\u00e4s mer\" \/>\n<meta property=\"og:url\" content=\"https:\/\/wp.kristdemokraterna.se\/boras\/textsida-fullbredd\/var-politik-i-kommunen\/aldras-med-trygghet-i-boras\/\" \/>\n<meta property=\"og:site_name\" content=\"Kristdemokraterna | Bor\u00e5s\" \/>\n<meta property=\"article:modified_time\" content=\"2022-07-22T09:42:48+00:00\" \/>\n<meta name=\"twitter:card\" content=\"summary_large_image\" \/>\n<meta name=\"twitter:label1\" content=\"Ber\u00e4knad l\u00e4stid\" \/>\n\t<meta name=\"twitter:data1\" content=\"4 minuter\" \/>\n<script type=\"application\/ld+json\" class=\"yoast-schema-graph\">{\"@context\":\"https:\\\/\\\/schema.org\",\"@graph\":[{\"@type\":\"WebPage\",\"@id\":\"https:\\\/\\\/wp.kristdemokraterna.se\\\/boras\\\/textsida-fullbredd\\\/var-politik-i-kommunen\\\/aldras-med-trygghet-i-boras\\\/\",\"url\":\"https:\\\/\\\/wp.kristdemokraterna.se\\\/boras\\\/textsida-fullbredd\\\/var-politik-i-kommunen\\\/aldras-med-trygghet-i-boras\\\/\",\"name\":\"\u00c5ldras med trygghet i Bor\u00e5s - Kristdemokraterna | Bor\u00e5s\",\"isPartOf\":{\"@id\":\"https:\\\/\\\/wp.kristdemokraterna.se\\\/boras\\\/#website\"},\"primaryImageOfPage\":{\"@id\":\"https:\\\/\\\/wp.kristdemokraterna.se\\\/boras\\\/textsida-fullbredd\\\/var-politik-i-kommunen\\\/aldras-med-trygghet-i-boras\\\/#primaryimage\"},\"image\":{\"@id\":\"https:\\\/\\\/wp.kristdemokraterna.se\\\/boras\\\/textsida-fullbredd\\\/var-politik-i-kommunen\\\/aldras-med-trygghet-i-boras\\\/#primaryimage\"},\"thumbnailUrl\":\"https:\\\/\\\/wp.kristdemokraterna.se\\\/boras\\\/files\\\/2023\\\/12\\\/niklas-arvidsson_14-scaled.jpg\",\"datePublished\":\"2022-07-22T09:37:37+00:00\",\"dateModified\":\"2022-07-22T09:42:48+00:00\",\"breadcrumb\":{\"@id\":\"https:\\\/\\\/wp.kristdemokraterna.se\\\/boras\\\/textsida-fullbredd\\\/var-politik-i-kommunen\\\/aldras-med-trygghet-i-boras\\\/#breadcrumb\"},\"inLanguage\":\"sv-SE\",\"potentialAction\":[{\"@type\":\"ReadAction\",\"target\":[\"https:\\\/\\\/wp.kristdemokraterna.se\\\/boras\\\/textsida-fullbredd\\\/var-politik-i-kommunen\\\/aldras-med-trygghet-i-boras\\\/\"]}]},{\"@type\":\"ImageObject\",\"inLanguage\":\"sv-SE\",\"@id\":\"https:\\\/\\\/wp.kristdemokraterna.se\\\/boras\\\/textsida-fullbredd\\\/var-politik-i-kommunen\\\/aldras-med-trygghet-i-boras\\\/#primaryimage\",\"url\":\"https:\\\/\\\/wp.kristdemokraterna.se\\\/boras\\\/files\\\/2023\\\/12\\\/niklas-arvidsson_14-scaled.jpg\",\"contentUrl\":\"https:\\\/\\\/wp.kristdemokraterna.se\\\/boras\\\/files\\\/2023\\\/12\\\/niklas-arvidsson_14-scaled.jpg\",\"width\":1878,\"height\":2560},{\"@type\":\"BreadcrumbList\",\"@id\":\"https:\\\/\\\/wp.kristdemokraterna.se\\\/boras\\\/textsida-fullbredd\\\/var-politik-i-kommunen\\\/aldras-med-trygghet-i-boras\\\/#breadcrumb\",\"itemListElement\":[{\"@type\":\"ListItem\",\"position\":1,\"name\":\"Hem\",\"item\":\"https:\\\/\\\/wp.kristdemokraterna.se\\\/boras\\\/\"},{\"@type\":\"ListItem\",\"position\":2,\"name\":\"Vad vi st\u00e5r f\u00f6r!\",\"item\":\"https:\\\/\\\/wp.kristdemokraterna.se\\\/boras\\\/textsida-fullbredd\\\/\"},{\"@type\":\"ListItem\",\"position\":3,\"name\":\"V\u00e5r politik i kommunen\",\"item\":\"https:\\\/\\\/wp.kristdemokraterna.se\\\/boras\\\/textsida-fullbredd\\\/var-politik-i-kommunen\\\/\"},{\"@type\":\"ListItem\",\"position\":4,\"name\":\"\u00c5ldras med trygghet i Bor\u00e5s\"}]},{\"@type\":\"WebSite\",\"@id\":\"https:\\\/\\\/wp.kristdemokraterna.se\\\/boras\\\/#website\",\"url\":\"https:\\\/\\\/wp.kristdemokraterna.se\\\/boras\\\/\",\"name\":\"Kristdemokraterna | Bor\u00e5s\",\"description\":\"En till Kristdemokraterna webbplats\",\"inLanguage\":\"sv-SE\"}]}<\/script>\n<!-- \/ Yoast SEO plugin. -->","yoast_head_json":{"title":"\u00c5ldras med trygghet i Bor\u00e5s - Kristdemokraterna | Bor\u00e5s","robots":{"index":"index","follow":"follow","max-snippet":"max-snippet:-1","max-image-preview":"max-image-preview:large","max-video-preview":"max-video-preview:-1"},"canonical":"https:\/\/wp.kristdemokraterna.se\/boras\/textsida-fullbredd\/var-politik-i-kommunen\/aldras-med-trygghet-i-boras\/","og_locale":"sv_SE","og_type":"article","og_title":"\u00c5ldras med trygghet i Bor\u00e5s - Kristdemokraterna | Bor\u00e5s","og_description":"Ofrivillig ensamhet \u00e4r ett av v\u00e5r tids st\u00f6rsta samh\u00e4llsproblem. Ofrivillig ensamhet kan leda till \u00f6kad risk f\u00f6r sjukdomar som hj\u00e4rtinfarkt, stroke och demens. Det leder ocks\u00e5 till en h\u00f6gre risk f\u00f6r depression. Kommunen har en viktig roll i att motverka ofrivillig ensamhet. Ett arbete som b\u00f6r ske i n\u00e4ra samarbete med kyrkor och ideella f\u00f6reningar. L\u00e4s mer","og_url":"https:\/\/wp.kristdemokraterna.se\/boras\/textsida-fullbredd\/var-politik-i-kommunen\/aldras-med-trygghet-i-boras\/","og_site_name":"Kristdemokraterna | Bor\u00e5s","article_modified_time":"2022-07-22T09:42:48+00:00","twitter_card":"summary_large_image","twitter_misc":{"Ber\u00e4knad l\u00e4stid":"4 minuter"},"schema":{"@context":"https:\/\/schema.org","@graph":[{"@type":"WebPage","@id":"https:\/\/wp.kristdemokraterna.se\/boras\/textsida-fullbredd\/var-politik-i-kommunen\/aldras-med-trygghet-i-boras\/","url":"https:\/\/wp.kristdemokraterna.se\/boras\/textsida-fullbredd\/var-politik-i-kommunen\/aldras-med-trygghet-i-boras\/","name":"\u00c5ldras med trygghet i Bor\u00e5s - Kristdemokraterna | Bor\u00e5s","isPartOf":{"@id":"https:\/\/wp.kristdemokraterna.se\/boras\/#website"},"primaryImageOfPage":{"@id":"https:\/\/wp.kristdemokraterna.se\/boras\/textsida-fullbredd\/var-politik-i-kommunen\/aldras-med-trygghet-i-boras\/#primaryimage"},"image":{"@id":"https:\/\/wp.kristdemokraterna.se\/boras\/textsida-fullbredd\/var-politik-i-kommunen\/aldras-med-trygghet-i-boras\/#primaryimage"},"thumbnailUrl":"https:\/\/wp.kristdemokraterna.se\/boras\/files\/2023\/12\/niklas-arvidsson_14-scaled.jpg","datePublished":"2022-07-22T09:37:37+00:00","dateModified":"2022-07-22T09:42:48+00:00","breadcrumb":{"@id":"https:\/\/wp.kristdemokraterna.se\/boras\/textsida-fullbredd\/var-politik-i-kommunen\/aldras-med-trygghet-i-boras\/#breadcrumb"},"inLanguage":"sv-SE","potentialAction":[{"@type":"ReadAction","target":["https:\/\/wp.kristdemokraterna.se\/boras\/textsida-fullbredd\/var-politik-i-kommunen\/aldras-med-trygghet-i-boras\/"]}]},{"@type":"ImageObject","inLanguage":"sv-SE","@id":"https:\/\/wp.kristdemokraterna.se\/boras\/textsida-fullbredd\/var-politik-i-kommunen\/aldras-med-trygghet-i-boras\/#primaryimage","url":"https:\/\/wp.kristdemokraterna.se\/boras\/files\/2023\/12\/niklas-arvidsson_14-scaled.jpg","contentUrl":"https:\/\/wp.kristdemokraterna.se\/boras\/files\/2023\/12\/niklas-arvidsson_14-scaled.jpg","width":1878,"height":2560},{"@type":"BreadcrumbList","@id":"https:\/\/wp.kristdemokraterna.se\/boras\/textsida-fullbredd\/var-politik-i-kommunen\/aldras-med-trygghet-i-boras\/#breadcrumb","itemListElement":[{"@type":"ListItem","position":1,"name":"Hem","item":"https:\/\/wp.kristdemokraterna.se\/boras\/"},{"@type":"ListItem","position":2,"name":"Vad vi st\u00e5r f\u00f6r!","item":"https:\/\/wp.kristdemokraterna.se\/boras\/textsida-fullbredd\/"},{"@type":"ListItem","position":3,"name":"V\u00e5r politik i kommunen","item":"https:\/\/wp.kristdemokraterna.se\/boras\/textsida-fullbredd\/var-politik-i-kommunen\/"},{"@type":"ListItem","position":4,"name":"\u00c5ldras med trygghet i Bor\u00e5s"}]},{"@type":"WebSite","@id":"https:\/\/wp.kristdemokraterna.se\/boras\/#website","url":"https:\/\/wp.kristdemokraterna.se\/boras\/","name":"Kristdemokraterna | Bor\u00e5s","description":"En till Kristdemokraterna webbplats","inLanguage":"sv-SE"}]}},"_links":{"self":[{"href":"https:\/\/wp.kristdemokraterna.se\/boras\/wp-json\/wp\/v2\/pages\/594","targetHints":{"allow":["GET"]}}],"collection":[{"href":"https:\/\/wp.kristdemokraterna.se\/boras\/wp-json\/wp\/v2\/pages"}],"about":[{"href":"https:\/\/wp.kristdemokraterna.se\/boras\/wp-json\/wp\/v2\/types\/page"}],"author":[{"embeddable":true,"href":"https:\/\/wp.kristdemokraterna.se\/boras\/wp-json\/wp\/v2\/users\/986"}],"replies":[{"embeddable":true,"href":"https:\/\/wp.kristdemokraterna.se\/boras\/wp-json\/wp\/v2\/comments?post=594"}],"version-history":[{"count":5,"href":"https:\/\/wp.kristdemokraterna.se\/boras\/wp-json\/wp\/v2\/pages\/594\/revisions"}],"predecessor-version":[{"id":598,"href":"https:\/\/wp.kristdemokraterna.se\/boras\/wp-json\/wp\/v2\/pages\/594\/revisions\/598"}],"up":[{"embeddable":true,"href":"https:\/\/wp.kristdemokraterna.se\/boras\/wp-json\/wp\/v2\/pages\/373"}],"wp:featuredmedia":[{"embeddable":true,"href":"https:\/\/wp.kristdemokraterna.se\/boras\/wp-json\/wp\/v2\/media\/714"}],"wp:attachment":[{"href":"https:\/\/wp.kristdemokraterna.se\/boras\/wp-json\/wp\/v2\/media?parent=594"}],"curies":[{"name":"wp","href":"https:\/\/api.w.org\/{rel}","templated":true}]}}