{"id":618,"date":"2022-08-10T17:13:55","date_gmt":"2022-08-10T15:13:55","guid":{"rendered":"https:\/\/wp.kristdemokraterna.se\/boras\/?page_id=618"},"modified":"2022-08-10T17:17:39","modified_gmt":"2022-08-10T15:17:39","slug":"fritid-och-folkhalsa","status":"publish","type":"page","link":"https:\/\/wp.kristdemokraterna.se\/boras\/textsida-fullbredd\/var-politik-i-kommunen\/fritid-och-folkhalsa\/","title":{"rendered":"Fritid och folkh\u00e4lsa"},"content":{"rendered":"<p>Ett rikt fritidsutbud har stor betydelse f\u00f6r att skapa en attraktiv kommun. Kristdemokraterna vill att Bor\u00e5s Stad i n\u00e4ra samverkan med civilsamh\u00e4llet ska erbjuda goda m\u00f6jligheter till en meningsfull fritid f\u00f6r alla \u00e5ldrar. V\u00e5r \u00f6vertygelse \u00e4r att kommunen varken kan eller ska g\u00f6ra allt i egen regi. Mycket g\u00f6rs b\u00e5de b\u00e4ttre och till en l\u00e4gre kostnad om det utf\u00f6rs av de m\u00e5nga f\u00f6reningar som finns i v\u00e5r stad med st\u00f6d fr\u00e5n kommunen. Det \u00e4r dock viktigt att f\u00f6reningarna lever upp till de krav som finns i bidragsbest\u00e4mmelserna f\u00f6r att komma i \u00e5tnjutande av f\u00f6reningsbidrag.<\/p>\n<p>Vi vill se ett ut\u00f6kat samarbete med Ideburet offentligt partnerskap (IOP). Innan avtal om IOP tecknas ska skriftligt yttrande fr\u00e5n Centrum f\u00f6r Kunskap och S\u00e4kerhet (CKS) inh\u00e4mtas. Vi v\u00e4lkomnar ett \u00f6kat samarbete mellan skola och f\u00f6reningsliv s\u00e5 att barnen ges m\u00f6jlighet att prova p\u00e5 olika aktiviteter inom skolans ram. Genom att organisera detta via skolan ges barn som annars inte har f\u00f6ruts\u00e4ttningar att komma i kontakt med olika f\u00f6reningar och verksamheter m\u00f6jlighet att g\u00f6ra det. Skolan b\u00f6r b\u00e4ttre ta tillvara det engagemang och den kompetens som finns i f\u00f6reningarna f\u00f6r att stimulera till en meningsfull fritid.<\/p>\n<p>F\u00f6r att fler ska f\u00e5 m\u00f6jlighet att pr\u00f6va p\u00e5 olika fritidsaktiviteter vill vi snarast att det startas en fritidsbank d\u00e4r man utan kostnad kan l\u00e5na fritidsutrustning p\u00e5 samma s\u00e4tt som det ges m\u00f6jlighet att l\u00e5na b\u00f6cker p\u00e5 v\u00e5ra bibliotek. De m\u00e5nga sp\u00e5r och lederna i v\u00e5r vackra natur m\u00e5ste kontinuerligt underh\u00e5llas och prioriteringen b\u00f6r vara tydlig att sk\u00f6ta det vi redan har innan nyanl\u00e4ggning sker. F\u00f6r att \u00f6ka tryggheten b\u00f6r de korta sp\u00e5ren vara belysta f\u00f6r att \u00f6ka tryggheten.<\/p>\n<p>Idrottsr\u00f6relsens och \u00f6vriga f\u00f6reningars betydelse f\u00f6r folkh\u00e4lsan \u00e4r av st\u00f6rsta vikt. Vi m\u00e5ste v\u00e5rda och underh\u00e5lla de anl\u00e4ggningar vi har f\u00f6r att ge bor\u00e5sarna de b\u00e4sta f\u00f6ruts\u00e4ttningarna att ut\u00f6va sina fritidsintressen. Stadens idrotts- och kulturanl\u00e4ggningar ska vara tillg\u00e4ngliga f\u00f6r alla bor\u00e5sare. D\u00e4rf\u00f6r \u00e4r det viktigt att beakta tillg\u00e4nglighetsperspektivet vid renovering och nybyggnation.<\/p>\n<p>V\u00e5ra m\u00f6tesplatser f\u00f6r seniorer har en betydelsefull roll f\u00f6r att motverka ofrivillig ensamhet. S\u00e5dana m\u00f6tesplatser b\u00f6r tillskapas \u00e4ven i v\u00e5ra serviceorter. Detta kan l\u00e4mpligen ske i samverkan med civilsamh\u00e4llet. Den \u00f6ppna ungdomsverksamheten m\u00e5ste vara tydlig i sitt fr\u00e4mjande och f\u00f6rebyggande arbete och f\u00f6rmedla goda normer som skapar en positiv och trygg milj\u00f6. Ut\u00f6kad kamera\u00f6vervakning p\u00e5 dessa platser b\u00f6r anordnas f\u00f6r att \u00f6ka tryggheten.<\/p>\n<p>Kristdemokraterna vill se en tydlig prioritering av folkh\u00e4lsoarbetet. Vi menar att folkh\u00e4lsofr\u00e5gor \u00e4r viktigare \u00e4n bara n\u00e5gra utv\u00e4rderingstal i ett bokslut. Genom investeringar i folkh\u00e4lsan sparar man inte bara pengar inom andra omr\u00e5den utan ocks\u00e5 h\u00f6jer v\u00e5rt v\u00e4lbefinnande. D\u00e4rf\u00f6r beh\u00f6ver vi fortl\u00f6pande vidareutveckla hur folkh\u00e4lsoarbetet kan n\u00e5 ut i alla delar av stadens verksamheter. Studier ha visat att man f\u00e5r st\u00f6rst effekt av detta arbete om det riktas mot de grupper i v\u00e5r stad som har mest att vinna p\u00e5 dessa \u00e5tg\u00e4rder. I ANDTS-arbetet som syftar till att minska bruket av alkohol, narkotika, droger, tobak och spel om pengar ska \u00e4ven h\u00e4lsoeffekterna av s\u00e5dant spelande som inte \u00e4r pengar beaktas.<\/p>\n<h2>Detta vill vi genomf\u00f6ra:<\/h2>\n<p>\t\t\t\t\t\t\t\t\t\t\t\t<a href=\"\">S\u00e4tt belysning p\u00e5 n\u00e4ridrottsplatser och lekplatser<\/a><\/p>\n<p>Belysning \u00e4r viktigt b\u00e5de f\u00f6r att \u00f6ka tryggheten och tillg\u00e4ngligheten under dygnets m\u00f6rka timmar.<\/p>\n<p>\t\t\t\t\t\t\t\t\t\t\t\t<a href=\"\">St\u00f6rre badplats och fler parkeringsplatser i Dalsj\u00f6fors<\/a><\/p>\n<p>H\u00e4r finns ett problem som m\u00e5ste l\u00f6sas f\u00f6r att badplatsen ska kunna anv\u00e4ndas av fler.<\/p>\n<p>\t\t\t\t\t\t\t\t\t\t\t\t<a href=\"\">Prioritera underh\u00e5ll och belysning av sp\u00e5r och leder f\u00f6re nyanl\u00e4ggning.<\/a><\/p>\n<p>Att bibeh\u00e5lla och f\u00f6rb\u00e4ttra kvalit\u00e9n p\u00e5 det vi har \u00e4r viktigare \u00e4n att bygga nytt.<\/p>\n<p>\t\t\t\t\t\t\t\t\t\t\t\t<a href=\"\">M\u00f6tesplatser f\u00f6r seniorer b\u00f6r tillskapas \u00e4ven i serviceorterna<\/a><\/p>\n<p>Hela kommunen ska leva.<\/p>\n<p>\t\t\t\t\t\t\t\t\t\t\t\t<a href=\"\">M\u00f6jligg\u00f6r ett samlat skyttecentrum<\/a><\/p>\n<p>S\u00e4kerst\u00e4ll att skyttesporten f\u00e5r goda f\u00f6ruts\u00e4ttningar att utvecklas samt ge goda m\u00f6jligheter f\u00f6r licens\u00e4gare att tr\u00e4na<\/p>\n<p>\t\t\t\t\t\t\t\t\t\t\t\t<a href=\"\">Fritids- och folkh\u00e4lson\u00e4mnden ska ge f\u00f6ruts\u00e4ttningar f\u00f6r ytterligare f\u00f6reningsdrivna fritidsg\u00e5rdar i Bor\u00e5s<\/a><\/p>\n<p>Staden ska inte g\u00f6ra allt i egen regi. F\u00f6reningslivets kompetens ska tas tillvara.<\/p>\n<p>\t\t\t\t\t\t\t\t\t\t\t\t<a href=\"\">Ut\u00f6kad kamera\u00f6vervakning vid m\u00f6tesplatser och anl\u00e4ggningar f\u00f6r att \u00f6ka tryggheten.<\/a><\/p>\n<p>Ingen ska beh\u00f6va avst\u00e5 fr\u00e5n att bes\u00f6ka dessa platser av r\u00e4dsla att bli utsatt f\u00f6r brott.<\/p>\n<p>\t\t\t\t\t\t\t\t\t\t\t\t<a href=\"\">Starta en fritidsbank f\u00f6r kostnadsfri utl\u00e5ning av fritidsutrustning.<\/a><\/p>\n<p>Ett \u201dbibliotek\u201d f\u00f6r fritidsutrustning g\u00f6r det m\u00f6jligt f\u00f6r fler att pr\u00f6va olika fritidsaktiviteter<\/p>\n","protected":false},"excerpt":{"rendered":"<p>Ett rikt fritidsutbud har stor betydelse f\u00f6r att skapa en attraktiv kommun. Kristdemokraterna vill att Bor\u00e5s Stad i n\u00e4ra samverkan med civilsamh\u00e4llet ska erbjuda goda m\u00f6jligheter till en meningsfull fritid f\u00f6r alla \u00e5ldrar. V\u00e5r \u00f6vertygelse \u00e4r att kommunen varken kan eller ska g\u00f6ra allt i egen regi. Mycket g\u00f6rs b\u00e5de b\u00e4ttre och till en l\u00e4gre <a class=\"read-more-link\" href=\"https:\/\/wp.kristdemokraterna.se\/boras\/textsida-fullbredd\/var-politik-i-kommunen\/fritid-och-folkhalsa\/\">L\u00e4s mer<\/a><\/p>\n","protected":false},"author":986,"featured_media":714,"parent":373,"menu_order":9,"comment_status":"closed","ping_status":"closed","template":"page.php","meta":{"_acf_changed":false,"footnotes":""},"class_list":["post-618","page","type-page","status-publish","hentry"],"acf":[],"yoast_head":"<!-- This site is optimized with the Yoast SEO plugin v27.3 - https:\/\/yoast.com\/product\/yoast-seo-wordpress\/ -->\n<title>Fritid och folkh\u00e4lsa - Kristdemokraterna | Bor\u00e5s<\/title>\n<meta name=\"robots\" content=\"index, follow, max-snippet:-1, max-image-preview:large, max-video-preview:-1\" \/>\n<link rel=\"canonical\" href=\"https:\/\/wp.kristdemokraterna.se\/boras\/textsida-fullbredd\/var-politik-i-kommunen\/fritid-och-folkhalsa\/\" \/>\n<meta property=\"og:locale\" content=\"sv_SE\" \/>\n<meta property=\"og:type\" content=\"article\" \/>\n<meta property=\"og:title\" content=\"Fritid och folkh\u00e4lsa - Kristdemokraterna | Bor\u00e5s\" \/>\n<meta property=\"og:description\" content=\"Ett rikt fritidsutbud har stor betydelse f\u00f6r att skapa en attraktiv kommun. Kristdemokraterna vill att Bor\u00e5s Stad i n\u00e4ra samverkan med civilsamh\u00e4llet ska erbjuda goda m\u00f6jligheter till en meningsfull fritid f\u00f6r alla \u00e5ldrar. V\u00e5r \u00f6vertygelse \u00e4r att kommunen varken kan eller ska g\u00f6ra allt i egen regi. Mycket g\u00f6rs b\u00e5de b\u00e4ttre och till en l\u00e4gre L\u00e4s mer\" \/>\n<meta property=\"og:url\" content=\"https:\/\/wp.kristdemokraterna.se\/boras\/textsida-fullbredd\/var-politik-i-kommunen\/fritid-och-folkhalsa\/\" \/>\n<meta property=\"og:site_name\" content=\"Kristdemokraterna | Bor\u00e5s\" \/>\n<meta property=\"article:modified_time\" content=\"2022-08-10T15:17:39+00:00\" \/>\n<meta property=\"og:image\" content=\"https:\/\/wp.kristdemokraterna.se\/boras\/files\/2023\/12\/niklas-arvidsson_14-751x1024.jpg\" \/>\n\t<meta property=\"og:image:width\" content=\"751\" \/>\n\t<meta property=\"og:image:height\" content=\"1024\" \/>\n\t<meta property=\"og:image:type\" content=\"image\/jpeg\" \/>\n<meta name=\"twitter:card\" content=\"summary_large_image\" \/>\n<meta name=\"twitter:label1\" content=\"Ber\u00e4knad l\u00e4stid\" \/>\n\t<meta name=\"twitter:data1\" content=\"4 minuter\" \/>\n<script type=\"application\/ld+json\" class=\"yoast-schema-graph\">{\"@context\":\"https:\\\/\\\/schema.org\",\"@graph\":[{\"@type\":\"WebPage\",\"@id\":\"https:\\\/\\\/wp.kristdemokraterna.se\\\/boras\\\/textsida-fullbredd\\\/var-politik-i-kommunen\\\/fritid-och-folkhalsa\\\/\",\"url\":\"https:\\\/\\\/wp.kristdemokraterna.se\\\/boras\\\/textsida-fullbredd\\\/var-politik-i-kommunen\\\/fritid-och-folkhalsa\\\/\",\"name\":\"Fritid och folkh\u00e4lsa - Kristdemokraterna | Bor\u00e5s\",\"isPartOf\":{\"@id\":\"https:\\\/\\\/wp.kristdemokraterna.se\\\/boras\\\/#website\"},\"primaryImageOfPage\":{\"@id\":\"https:\\\/\\\/wp.kristdemokraterna.se\\\/boras\\\/textsida-fullbredd\\\/var-politik-i-kommunen\\\/fritid-och-folkhalsa\\\/#primaryimage\"},\"image\":{\"@id\":\"https:\\\/\\\/wp.kristdemokraterna.se\\\/boras\\\/textsida-fullbredd\\\/var-politik-i-kommunen\\\/fritid-och-folkhalsa\\\/#primaryimage\"},\"thumbnailUrl\":\"https:\\\/\\\/wp.kristdemokraterna.se\\\/boras\\\/files\\\/2023\\\/12\\\/niklas-arvidsson_14-scaled.jpg\",\"datePublished\":\"2022-08-10T15:13:55+00:00\",\"dateModified\":\"2022-08-10T15:17:39+00:00\",\"breadcrumb\":{\"@id\":\"https:\\\/\\\/wp.kristdemokraterna.se\\\/boras\\\/textsida-fullbredd\\\/var-politik-i-kommunen\\\/fritid-och-folkhalsa\\\/#breadcrumb\"},\"inLanguage\":\"sv-SE\",\"potentialAction\":[{\"@type\":\"ReadAction\",\"target\":[\"https:\\\/\\\/wp.kristdemokraterna.se\\\/boras\\\/textsida-fullbredd\\\/var-politik-i-kommunen\\\/fritid-och-folkhalsa\\\/\"]}]},{\"@type\":\"ImageObject\",\"inLanguage\":\"sv-SE\",\"@id\":\"https:\\\/\\\/wp.kristdemokraterna.se\\\/boras\\\/textsida-fullbredd\\\/var-politik-i-kommunen\\\/fritid-och-folkhalsa\\\/#primaryimage\",\"url\":\"https:\\\/\\\/wp.kristdemokraterna.se\\\/boras\\\/files\\\/2023\\\/12\\\/niklas-arvidsson_14-scaled.jpg\",\"contentUrl\":\"https:\\\/\\\/wp.kristdemokraterna.se\\\/boras\\\/files\\\/2023\\\/12\\\/niklas-arvidsson_14-scaled.jpg\",\"width\":1878,\"height\":2560},{\"@type\":\"BreadcrumbList\",\"@id\":\"https:\\\/\\\/wp.kristdemokraterna.se\\\/boras\\\/textsida-fullbredd\\\/var-politik-i-kommunen\\\/fritid-och-folkhalsa\\\/#breadcrumb\",\"itemListElement\":[{\"@type\":\"ListItem\",\"position\":1,\"name\":\"Hem\",\"item\":\"https:\\\/\\\/wp.kristdemokraterna.se\\\/boras\\\/\"},{\"@type\":\"ListItem\",\"position\":2,\"name\":\"Vad vi st\u00e5r f\u00f6r!\",\"item\":\"https:\\\/\\\/wp.kristdemokraterna.se\\\/boras\\\/textsida-fullbredd\\\/\"},{\"@type\":\"ListItem\",\"position\":3,\"name\":\"V\u00e5r politik i kommunen\",\"item\":\"https:\\\/\\\/wp.kristdemokraterna.se\\\/boras\\\/textsida-fullbredd\\\/var-politik-i-kommunen\\\/\"},{\"@type\":\"ListItem\",\"position\":4,\"name\":\"Fritid och folkh\u00e4lsa\"}]},{\"@type\":\"WebSite\",\"@id\":\"https:\\\/\\\/wp.kristdemokraterna.se\\\/boras\\\/#website\",\"url\":\"https:\\\/\\\/wp.kristdemokraterna.se\\\/boras\\\/\",\"name\":\"Kristdemokraterna | Bor\u00e5s\",\"description\":\"En till Kristdemokraterna webbplats\",\"inLanguage\":\"sv-SE\"}]}<\/script>\n<!-- \/ Yoast SEO plugin. -->","yoast_head_json":{"title":"Fritid och folkh\u00e4lsa - Kristdemokraterna | Bor\u00e5s","robots":{"index":"index","follow":"follow","max-snippet":"max-snippet:-1","max-image-preview":"max-image-preview:large","max-video-preview":"max-video-preview:-1"},"canonical":"https:\/\/wp.kristdemokraterna.se\/boras\/textsida-fullbredd\/var-politik-i-kommunen\/fritid-och-folkhalsa\/","og_locale":"sv_SE","og_type":"article","og_title":"Fritid och folkh\u00e4lsa - Kristdemokraterna | Bor\u00e5s","og_description":"Ett rikt fritidsutbud har stor betydelse f\u00f6r att skapa en attraktiv kommun. Kristdemokraterna vill att Bor\u00e5s Stad i n\u00e4ra samverkan med civilsamh\u00e4llet ska erbjuda goda m\u00f6jligheter till en meningsfull fritid f\u00f6r alla \u00e5ldrar. V\u00e5r \u00f6vertygelse \u00e4r att kommunen varken kan eller ska g\u00f6ra allt i egen regi. Mycket g\u00f6rs b\u00e5de b\u00e4ttre och till en l\u00e4gre L\u00e4s mer","og_url":"https:\/\/wp.kristdemokraterna.se\/boras\/textsida-fullbredd\/var-politik-i-kommunen\/fritid-och-folkhalsa\/","og_site_name":"Kristdemokraterna | Bor\u00e5s","article_modified_time":"2022-08-10T15:17:39+00:00","og_image":[{"width":751,"height":1024,"url":"https:\/\/wp.kristdemokraterna.se\/boras\/files\/2023\/12\/niklas-arvidsson_14-751x1024.jpg","type":"image\/jpeg"}],"twitter_card":"summary_large_image","twitter_misc":{"Ber\u00e4knad l\u00e4stid":"4 minuter"},"schema":{"@context":"https:\/\/schema.org","@graph":[{"@type":"WebPage","@id":"https:\/\/wp.kristdemokraterna.se\/boras\/textsida-fullbredd\/var-politik-i-kommunen\/fritid-och-folkhalsa\/","url":"https:\/\/wp.kristdemokraterna.se\/boras\/textsida-fullbredd\/var-politik-i-kommunen\/fritid-och-folkhalsa\/","name":"Fritid och folkh\u00e4lsa - Kristdemokraterna | Bor\u00e5s","isPartOf":{"@id":"https:\/\/wp.kristdemokraterna.se\/boras\/#website"},"primaryImageOfPage":{"@id":"https:\/\/wp.kristdemokraterna.se\/boras\/textsida-fullbredd\/var-politik-i-kommunen\/fritid-och-folkhalsa\/#primaryimage"},"image":{"@id":"https:\/\/wp.kristdemokraterna.se\/boras\/textsida-fullbredd\/var-politik-i-kommunen\/fritid-och-folkhalsa\/#primaryimage"},"thumbnailUrl":"https:\/\/wp.kristdemokraterna.se\/boras\/files\/2023\/12\/niklas-arvidsson_14-scaled.jpg","datePublished":"2022-08-10T15:13:55+00:00","dateModified":"2022-08-10T15:17:39+00:00","breadcrumb":{"@id":"https:\/\/wp.kristdemokraterna.se\/boras\/textsida-fullbredd\/var-politik-i-kommunen\/fritid-och-folkhalsa\/#breadcrumb"},"inLanguage":"sv-SE","potentialAction":[{"@type":"ReadAction","target":["https:\/\/wp.kristdemokraterna.se\/boras\/textsida-fullbredd\/var-politik-i-kommunen\/fritid-och-folkhalsa\/"]}]},{"@type":"ImageObject","inLanguage":"sv-SE","@id":"https:\/\/wp.kristdemokraterna.se\/boras\/textsida-fullbredd\/var-politik-i-kommunen\/fritid-och-folkhalsa\/#primaryimage","url":"https:\/\/wp.kristdemokraterna.se\/boras\/files\/2023\/12\/niklas-arvidsson_14-scaled.jpg","contentUrl":"https:\/\/wp.kristdemokraterna.se\/boras\/files\/2023\/12\/niklas-arvidsson_14-scaled.jpg","width":1878,"height":2560},{"@type":"BreadcrumbList","@id":"https:\/\/wp.kristdemokraterna.se\/boras\/textsida-fullbredd\/var-politik-i-kommunen\/fritid-och-folkhalsa\/#breadcrumb","itemListElement":[{"@type":"ListItem","position":1,"name":"Hem","item":"https:\/\/wp.kristdemokraterna.se\/boras\/"},{"@type":"ListItem","position":2,"name":"Vad vi st\u00e5r f\u00f6r!","item":"https:\/\/wp.kristdemokraterna.se\/boras\/textsida-fullbredd\/"},{"@type":"ListItem","position":3,"name":"V\u00e5r politik i kommunen","item":"https:\/\/wp.kristdemokraterna.se\/boras\/textsida-fullbredd\/var-politik-i-kommunen\/"},{"@type":"ListItem","position":4,"name":"Fritid och folkh\u00e4lsa"}]},{"@type":"WebSite","@id":"https:\/\/wp.kristdemokraterna.se\/boras\/#website","url":"https:\/\/wp.kristdemokraterna.se\/boras\/","name":"Kristdemokraterna | Bor\u00e5s","description":"En till Kristdemokraterna webbplats","inLanguage":"sv-SE"}]}},"_links":{"self":[{"href":"https:\/\/wp.kristdemokraterna.se\/boras\/wp-json\/wp\/v2\/pages\/618","targetHints":{"allow":["GET"]}}],"collection":[{"href":"https:\/\/wp.kristdemokraterna.se\/boras\/wp-json\/wp\/v2\/pages"}],"about":[{"href":"https:\/\/wp.kristdemokraterna.se\/boras\/wp-json\/wp\/v2\/types\/page"}],"author":[{"embeddable":true,"href":"https:\/\/wp.kristdemokraterna.se\/boras\/wp-json\/wp\/v2\/users\/986"}],"replies":[{"embeddable":true,"href":"https:\/\/wp.kristdemokraterna.se\/boras\/wp-json\/wp\/v2\/comments?post=618"}],"version-history":[{"count":3,"href":"https:\/\/wp.kristdemokraterna.se\/boras\/wp-json\/wp\/v2\/pages\/618\/revisions"}],"predecessor-version":[{"id":621,"href":"https:\/\/wp.kristdemokraterna.se\/boras\/wp-json\/wp\/v2\/pages\/618\/revisions\/621"}],"up":[{"embeddable":true,"href":"https:\/\/wp.kristdemokraterna.se\/boras\/wp-json\/wp\/v2\/pages\/373"}],"wp:featuredmedia":[{"embeddable":true,"href":"https:\/\/wp.kristdemokraterna.se\/boras\/wp-json\/wp\/v2\/media\/714"}],"wp:attachment":[{"href":"https:\/\/wp.kristdemokraterna.se\/boras\/wp-json\/wp\/v2\/media?parent=618"}],"curies":[{"name":"wp","href":"https:\/\/api.w.org\/{rel}","templated":true}]}}