{"id":626,"date":"2022-08-10T17:24:44","date_gmt":"2022-08-10T15:24:44","guid":{"rendered":"https:\/\/wp.kristdemokraterna.se\/boras\/?page_id=626"},"modified":"2022-08-10T17:29:03","modified_gmt":"2022-08-10T15:29:03","slug":"stadsplanering-for-en-attraktiv-stad","status":"publish","type":"page","link":"https:\/\/wp.kristdemokraterna.se\/boras\/textsida-fullbredd\/var-politik-i-kommunen\/stadsplanering-for-en-attraktiv-stad\/","title":{"rendered":"Stadsplanering f\u00f6r en attraktiv stad"},"content":{"rendered":"<p>Bor\u00e5s v\u00e4xer. De senaste \u00e5ren har vi f\u00e5tt v\u00e4lkomna m\u00e5nga nya inv\u00e5nare. Det goda samh\u00e4llet skapas i olika typer av gemenskaper &#8211; Familjer, f\u00f6reningar, f\u00f6retag, skolor, samt alla de olika arbetsplatser som finns i Bor\u00e5s. Samtidigt ser vi en brist p\u00e5 bost\u00e4der som h\u00e4mmar Bor\u00e5s utveckling. Bor\u00e5s beh\u00f6ver fler bost\u00e4der, men det f\u00e5r inte leda till ett ensidigt fokus p\u00e5 antalet bost\u00e4der utan ocks\u00e5 p\u00e5 hur och var de nya bost\u00e4derna byggs. Kommunen ska planera f\u00f6r milj\u00f6er d\u00e4r m\u00e4nniskor trivs och k\u00e4nner sig hemma.<\/p>\n<p>F\u00f6r att underl\u00e4tta bostadsbyggande och f\u00f6retagsetableringar har Bor\u00e5s Stad ett ansvar i att ha korta handl\u00e4ggningstider, h\u00f6g servicegrad och ett kundperspektiv. De planbeslut Bor\u00e5s Stad fattar p\u00e5verkar m\u00e4nniskor p\u00e5 ett mycket p\u00e5tagligt s\u00e4tt. Dialog med medborgarna \u00e4r d\u00e4rf\u00f6r av stor vikt. En positiv utveckling har skett h\u00e4r, vilken beh\u00f6ver forts\u00e4tta, f\u00f6r att de inv\u00e5nare som ber\u00f6rs ska f\u00e5 m\u00f6jlighet att g\u00f6ra sin r\u00f6st h\u00f6rd. H\u00e4r sker en fortsatt satsning att n\u00e4rma sig medborgarna genom information, annonsering, inbjudan till samr\u00e5d med mera.<\/p>\n<p>Kristdemokraterna Bor\u00e5s ser tv\u00e5 specifika utmaningar i stadsplaneringen. Det handlar dels om att vi beh\u00f6ver ny industrimark i attraktiva l\u00e4gen. Det \u00e4r en f\u00f6ruts\u00e4ttning f\u00f6r att vi ska kunna v\u00e4lkomna nya f\u00f6retag till Bor\u00e5s. Men \u00e4ven f\u00f6r att f\u00f6retag som redan finns i Bor\u00e5s ska kunna stanna h\u00e4r n\u00e4r f\u00f6retaget v\u00e4xer. Den andra utmaningen \u00e4r bristen p\u00e5 tomter f\u00f6r sm\u00e5hus och villor. Vi vill prioritera fler detaljplaner som m\u00f6jligg\u00f6r f\u00f6r \u00f6kad sm\u00e5husbyggnation.<\/p>\n<p>Vi ser stor vikt av att gr\u00f6nomr\u00e5den i Bor\u00e5s t\u00e4tort bevaras och undantas fr\u00e5n exploatering. Tillg\u00e5ng till gr\u00f6nska \u00e4r en viktig pusselbit i att skapa goda boendemilj\u00f6er.<\/p>\n<p>I Bor\u00e5s ska vi b\u00e5de v\u00e5rda den byggnation som \u00e4r kulturhistoriskt betydelsefull, samtidigt som vi v\u00e5gar utveckla staden. Det ska finnas plats f\u00f6r nya villaomr\u00e5den, mark f\u00f6r nya f\u00f6retag utan att f\u00f6r den skull hindra utveckling av nya bost\u00e4der och verksamheter i stadsk\u00e4rnan. I Bor\u00e5s skall man kunna v\u00e4lja om man vill bygga hus i lantlig milj\u00f6 eller bo i en stadsmilj\u00f6 med puls. Kommunen ska vara f\u00f6rutseende i stadsplaneringen, skapa goda f\u00f6ruts\u00e4ttningar f\u00f6r m\u00f6ten och marknadsf\u00f6ra staden.\u00a0<\/p>\n<h2>Detta vill vi genomf\u00f6ra:<\/h2>\n<p>\t\t\t\t\t\t\t\t\t\t\t\t<a href=\"\">Fler villor och sm\u00e5hus i Bor\u00e5s<\/a><\/p>\n<p>Vi vill prioritera detaljplaner som inneb\u00e4r nya tomter f\u00f6r sm\u00e5hus och villor.<\/p>\n<p>\t\t\t\t\t\t\t\t\t\t\t\t<a href=\"\">Ny industrimark i attraktiva l\u00e4gen <\/a><\/p>\n<p>Bor\u00e5s har stort behov av ny industrimark i attraktiva l\u00e4gen. Brist p\u00e5 industrimark kan leda till att vi beh\u00f6ver s\u00e4ga nej till f\u00f6retag som vill etablera sig i, eller om-etablera sig inom, kommunen.<\/p>\n<p>\t\t\t\t\t\t\t\t\t\t\t\t<a href=\"\">Ny av- och p\u00e5fart vid Bor\u00e5storpet<\/a><\/p>\n<p>F\u00f6r att l\u00f6sa trafikknutar p\u00e5 Viared, samt skapa kortare restider f\u00f6r tung trafik beh\u00f6vs en ny av- och p\u00e5fart vid Bor\u00e5storpet.<\/p>\n<p>\t\t\t\t\t\t\t\t\t\t\t\t<a href=\"\">Ett stadsdelstorg i Br\u00e4mhult<\/a><\/p>\n<p>Ett kvarterstorg i Br\u00e4mhult skulle skapa en stadsdelsk\u00e4nsla och h\u00f6ja serviceutbudet i omr\u00e5det.<\/p>\n<p>\t\t\t\t\t\t\t\t\t\t\t\t<a href=\"\">Kommunala bostadsbolag b\u00f6r s\u00e4lja delar av l\u00e4genhetsbest\u00e5ndet f\u00f6r att finansiera \u00f6kad nyproduktion<\/a><\/p>\n<p>Genom att s\u00e4lja delar av sitt l\u00e4genhetsbest\u00e5nd kan de kommunala bostadsbolagen f\u00e5 kapital som kan anv\u00e4ndas f\u00f6r att \u00f6ka takten f\u00f6r nyproduktion av hyresr\u00e4tter.<\/p>\n<p>\t\t\t\t\t\t\t\t\t\t\t\t<a href=\"\">Ta med kolonilotter i stadsplaneringen<\/a><\/p>\n<p>Det finns en stor efterfr\u00e5gan p\u00e5 kolonilotter. Vi vill att kommunen bidrar till att skapa fler m\u00f6jligheter f\u00f6r kolonilotter.<\/p>\n<p>\t\t\t\t\t\t\t\t\t\t\t\t<a href=\"\">Prioritera gator och g\u00e5ngv\u00e4gar f\u00f6re cykelbanor i sn\u00f6r\u00f6jningen<\/a><\/p>\n<p>Vid sn\u00f6fall prioriterar idag Bor\u00e5s Stad sn\u00f6r\u00f6jning av cykelv\u00e4gar, trots att v\u00e4ldigt f\u00e5 cyklar vintertid. Vi vill g\u00f6ra en omprioritering s\u00e5 att vinterv\u00e4gh\u00e5llningen blir b\u00e4ttre p\u00e5 gator och g\u00e5ngv\u00e4gar.<\/p>\n<p>\t\t\t\t\t\t\t\t\t\t\t\t<a href=\"\">Samh\u00e4llsplaneringen ska ta h\u00e4nsyn till hur man skapar ett tillg\u00e4ngligt samh\u00e4lle f\u00f6r \u00e4ldre<\/a><\/p>\n<p>Samh\u00e4llsplaneringen beh\u00f6ver ta h\u00e4nsyn till hur vi bygger ett samh\u00e4lle med god tillg\u00e4nglighet f\u00f6r \u00e4ldre.<\/p>\n<p>\t\t\t\t\t\t\t\t\t\t\t\t<a href=\"\">Begr\u00e4nsa m\u00f6jligheten att minska antalet parkeringsplatser vid nybyggnation<\/a><\/p>\n<p>Bor\u00e5s har ont om parkeringsplatser. Inte minst tack vare att vi vid bostadsbyggande till\u00e5ter att man kan r\u00e4kna bort hur m\u00e5nga parkeringsplatser som beh\u00f6vs om man bygger n\u00e4ra kollektivtrafik eller stimulerar cykling. Vi vill \u00e4ndra reglerna s\u00e5 att antalet parkeringsplatser som kr\u00e4vs vid nybyggnation b\u00e4ttre motsvarar verkligheten.<\/p>\n<p>\t\t\t\t\t\t\t\t\t\t\t\t<a href=\"\">Forts\u00e4tta utveckla e-tj\u00e4nster f\u00f6r bygglovsans\u00f6kan<\/a><\/p>\n<p>F\u00f6r att underl\u00e4tta bygglovsprocessen vill vi se en fortsatt satsning p\u00e5 att utveckla e-tj\u00e4nster.<\/p>\n<p>\t\t\t\t\t\t\t\t\t\t\t\t<a href=\"\">\u00d6ka kapaciteten p\u00e5 planavdelningen<\/a><\/p>\n<p>M\u00e5nga detaljplaner v\u00e4ntar p\u00e5 genomf\u00f6rande p\u00e5 grund av underkapacitet.<\/p>\n<p>\t\t\t\t\t\t\t\t\t\t\t\t<a href=\"\">S\u00e4nkt hastighet till 30 vid alla f\u00f6rskolor och skolor <\/a><\/p>\n<p>F\u00f6r att \u00f6ka s\u00e4kerheten beh\u00f6ver hastigheten s\u00e4nkas.<\/p>\n","protected":false},"excerpt":{"rendered":"<p>Bor\u00e5s v\u00e4xer. De senaste \u00e5ren har vi f\u00e5tt v\u00e4lkomna m\u00e5nga nya inv\u00e5nare. Det goda samh\u00e4llet skapas i olika typer av gemenskaper &#8211; Familjer, f\u00f6reningar, f\u00f6retag, skolor, samt alla de olika arbetsplatser som finns i Bor\u00e5s. Samtidigt ser vi en brist p\u00e5 bost\u00e4der som h\u00e4mmar Bor\u00e5s utveckling. Bor\u00e5s beh\u00f6ver fler bost\u00e4der, men det f\u00e5r inte leda <a class=\"read-more-link\" href=\"https:\/\/wp.kristdemokraterna.se\/boras\/textsida-fullbredd\/var-politik-i-kommunen\/stadsplanering-for-en-attraktiv-stad\/\">L\u00e4s mer<\/a><\/p>\n","protected":false},"author":986,"featured_media":714,"parent":373,"menu_order":11,"comment_status":"closed","ping_status":"closed","template":"page.php","meta":{"_acf_changed":false,"footnotes":""},"class_list":["post-626","page","type-page","status-publish","hentry"],"acf":[],"yoast_head":"<!-- This site is optimized with the Yoast SEO plugin v27.3 - https:\/\/yoast.com\/product\/yoast-seo-wordpress\/ -->\n<title>Stadsplanering f\u00f6r en attraktiv stad - Kristdemokraterna | Bor\u00e5s<\/title>\n<meta name=\"robots\" content=\"index, follow, max-snippet:-1, max-image-preview:large, max-video-preview:-1\" \/>\n<link rel=\"canonical\" href=\"https:\/\/wp.kristdemokraterna.se\/boras\/textsida-fullbredd\/var-politik-i-kommunen\/stadsplanering-for-en-attraktiv-stad\/\" \/>\n<meta property=\"og:locale\" content=\"sv_SE\" \/>\n<meta property=\"og:type\" content=\"article\" \/>\n<meta property=\"og:title\" content=\"Stadsplanering f\u00f6r en attraktiv stad - Kristdemokraterna | Bor\u00e5s\" \/>\n<meta property=\"og:description\" content=\"Bor\u00e5s v\u00e4xer. De senaste \u00e5ren har vi f\u00e5tt v\u00e4lkomna m\u00e5nga nya inv\u00e5nare. Det goda samh\u00e4llet skapas i olika typer av gemenskaper &#8211; Familjer, f\u00f6reningar, f\u00f6retag, skolor, samt alla de olika arbetsplatser som finns i Bor\u00e5s. Samtidigt ser vi en brist p\u00e5 bost\u00e4der som h\u00e4mmar Bor\u00e5s utveckling. Bor\u00e5s beh\u00f6ver fler bost\u00e4der, men det f\u00e5r inte leda L\u00e4s mer\" \/>\n<meta property=\"og:url\" content=\"https:\/\/wp.kristdemokraterna.se\/boras\/textsida-fullbredd\/var-politik-i-kommunen\/stadsplanering-for-en-attraktiv-stad\/\" \/>\n<meta property=\"og:site_name\" content=\"Kristdemokraterna | Bor\u00e5s\" \/>\n<meta property=\"article:modified_time\" content=\"2022-08-10T15:29:03+00:00\" \/>\n<meta property=\"og:image\" content=\"https:\/\/wp.kristdemokraterna.se\/boras\/files\/2023\/12\/niklas-arvidsson_14-751x1024.jpg\" \/>\n\t<meta property=\"og:image:width\" content=\"751\" \/>\n\t<meta property=\"og:image:height\" content=\"1024\" \/>\n\t<meta property=\"og:image:type\" content=\"image\/jpeg\" \/>\n<meta name=\"twitter:card\" content=\"summary_large_image\" \/>\n<meta name=\"twitter:label1\" content=\"Ber\u00e4knad l\u00e4stid\" \/>\n\t<meta name=\"twitter:data1\" content=\"4 minuter\" \/>\n<script type=\"application\/ld+json\" class=\"yoast-schema-graph\">{\"@context\":\"https:\\\/\\\/schema.org\",\"@graph\":[{\"@type\":\"WebPage\",\"@id\":\"https:\\\/\\\/wp.kristdemokraterna.se\\\/boras\\\/textsida-fullbredd\\\/var-politik-i-kommunen\\\/stadsplanering-for-en-attraktiv-stad\\\/\",\"url\":\"https:\\\/\\\/wp.kristdemokraterna.se\\\/boras\\\/textsida-fullbredd\\\/var-politik-i-kommunen\\\/stadsplanering-for-en-attraktiv-stad\\\/\",\"name\":\"Stadsplanering f\u00f6r en attraktiv stad - Kristdemokraterna | Bor\u00e5s\",\"isPartOf\":{\"@id\":\"https:\\\/\\\/wp.kristdemokraterna.se\\\/boras\\\/#website\"},\"primaryImageOfPage\":{\"@id\":\"https:\\\/\\\/wp.kristdemokraterna.se\\\/boras\\\/textsida-fullbredd\\\/var-politik-i-kommunen\\\/stadsplanering-for-en-attraktiv-stad\\\/#primaryimage\"},\"image\":{\"@id\":\"https:\\\/\\\/wp.kristdemokraterna.se\\\/boras\\\/textsida-fullbredd\\\/var-politik-i-kommunen\\\/stadsplanering-for-en-attraktiv-stad\\\/#primaryimage\"},\"thumbnailUrl\":\"https:\\\/\\\/wp.kristdemokraterna.se\\\/boras\\\/files\\\/2023\\\/12\\\/niklas-arvidsson_14-scaled.jpg\",\"datePublished\":\"2022-08-10T15:24:44+00:00\",\"dateModified\":\"2022-08-10T15:29:03+00:00\",\"breadcrumb\":{\"@id\":\"https:\\\/\\\/wp.kristdemokraterna.se\\\/boras\\\/textsida-fullbredd\\\/var-politik-i-kommunen\\\/stadsplanering-for-en-attraktiv-stad\\\/#breadcrumb\"},\"inLanguage\":\"sv-SE\",\"potentialAction\":[{\"@type\":\"ReadAction\",\"target\":[\"https:\\\/\\\/wp.kristdemokraterna.se\\\/boras\\\/textsida-fullbredd\\\/var-politik-i-kommunen\\\/stadsplanering-for-en-attraktiv-stad\\\/\"]}]},{\"@type\":\"ImageObject\",\"inLanguage\":\"sv-SE\",\"@id\":\"https:\\\/\\\/wp.kristdemokraterna.se\\\/boras\\\/textsida-fullbredd\\\/var-politik-i-kommunen\\\/stadsplanering-for-en-attraktiv-stad\\\/#primaryimage\",\"url\":\"https:\\\/\\\/wp.kristdemokraterna.se\\\/boras\\\/files\\\/2023\\\/12\\\/niklas-arvidsson_14-scaled.jpg\",\"contentUrl\":\"https:\\\/\\\/wp.kristdemokraterna.se\\\/boras\\\/files\\\/2023\\\/12\\\/niklas-arvidsson_14-scaled.jpg\",\"width\":1878,\"height\":2560},{\"@type\":\"BreadcrumbList\",\"@id\":\"https:\\\/\\\/wp.kristdemokraterna.se\\\/boras\\\/textsida-fullbredd\\\/var-politik-i-kommunen\\\/stadsplanering-for-en-attraktiv-stad\\\/#breadcrumb\",\"itemListElement\":[{\"@type\":\"ListItem\",\"position\":1,\"name\":\"Hem\",\"item\":\"https:\\\/\\\/wp.kristdemokraterna.se\\\/boras\\\/\"},{\"@type\":\"ListItem\",\"position\":2,\"name\":\"Vad vi st\u00e5r f\u00f6r!\",\"item\":\"https:\\\/\\\/wp.kristdemokraterna.se\\\/boras\\\/textsida-fullbredd\\\/\"},{\"@type\":\"ListItem\",\"position\":3,\"name\":\"V\u00e5r politik i kommunen\",\"item\":\"https:\\\/\\\/wp.kristdemokraterna.se\\\/boras\\\/textsida-fullbredd\\\/var-politik-i-kommunen\\\/\"},{\"@type\":\"ListItem\",\"position\":4,\"name\":\"Stadsplanering f\u00f6r en attraktiv stad\"}]},{\"@type\":\"WebSite\",\"@id\":\"https:\\\/\\\/wp.kristdemokraterna.se\\\/boras\\\/#website\",\"url\":\"https:\\\/\\\/wp.kristdemokraterna.se\\\/boras\\\/\",\"name\":\"Kristdemokraterna | Bor\u00e5s\",\"description\":\"En till Kristdemokraterna webbplats\",\"inLanguage\":\"sv-SE\"}]}<\/script>\n<!-- \/ Yoast SEO plugin. -->","yoast_head_json":{"title":"Stadsplanering f\u00f6r en attraktiv stad - Kristdemokraterna | Bor\u00e5s","robots":{"index":"index","follow":"follow","max-snippet":"max-snippet:-1","max-image-preview":"max-image-preview:large","max-video-preview":"max-video-preview:-1"},"canonical":"https:\/\/wp.kristdemokraterna.se\/boras\/textsida-fullbredd\/var-politik-i-kommunen\/stadsplanering-for-en-attraktiv-stad\/","og_locale":"sv_SE","og_type":"article","og_title":"Stadsplanering f\u00f6r en attraktiv stad - Kristdemokraterna | Bor\u00e5s","og_description":"Bor\u00e5s v\u00e4xer. De senaste \u00e5ren har vi f\u00e5tt v\u00e4lkomna m\u00e5nga nya inv\u00e5nare. Det goda samh\u00e4llet skapas i olika typer av gemenskaper &#8211; Familjer, f\u00f6reningar, f\u00f6retag, skolor, samt alla de olika arbetsplatser som finns i Bor\u00e5s. Samtidigt ser vi en brist p\u00e5 bost\u00e4der som h\u00e4mmar Bor\u00e5s utveckling. Bor\u00e5s beh\u00f6ver fler bost\u00e4der, men det f\u00e5r inte leda L\u00e4s mer","og_url":"https:\/\/wp.kristdemokraterna.se\/boras\/textsida-fullbredd\/var-politik-i-kommunen\/stadsplanering-for-en-attraktiv-stad\/","og_site_name":"Kristdemokraterna | Bor\u00e5s","article_modified_time":"2022-08-10T15:29:03+00:00","og_image":[{"width":751,"height":1024,"url":"https:\/\/wp.kristdemokraterna.se\/boras\/files\/2023\/12\/niklas-arvidsson_14-751x1024.jpg","type":"image\/jpeg"}],"twitter_card":"summary_large_image","twitter_misc":{"Ber\u00e4knad l\u00e4stid":"4 minuter"},"schema":{"@context":"https:\/\/schema.org","@graph":[{"@type":"WebPage","@id":"https:\/\/wp.kristdemokraterna.se\/boras\/textsida-fullbredd\/var-politik-i-kommunen\/stadsplanering-for-en-attraktiv-stad\/","url":"https:\/\/wp.kristdemokraterna.se\/boras\/textsida-fullbredd\/var-politik-i-kommunen\/stadsplanering-for-en-attraktiv-stad\/","name":"Stadsplanering f\u00f6r en attraktiv stad - Kristdemokraterna | Bor\u00e5s","isPartOf":{"@id":"https:\/\/wp.kristdemokraterna.se\/boras\/#website"},"primaryImageOfPage":{"@id":"https:\/\/wp.kristdemokraterna.se\/boras\/textsida-fullbredd\/var-politik-i-kommunen\/stadsplanering-for-en-attraktiv-stad\/#primaryimage"},"image":{"@id":"https:\/\/wp.kristdemokraterna.se\/boras\/textsida-fullbredd\/var-politik-i-kommunen\/stadsplanering-for-en-attraktiv-stad\/#primaryimage"},"thumbnailUrl":"https:\/\/wp.kristdemokraterna.se\/boras\/files\/2023\/12\/niklas-arvidsson_14-scaled.jpg","datePublished":"2022-08-10T15:24:44+00:00","dateModified":"2022-08-10T15:29:03+00:00","breadcrumb":{"@id":"https:\/\/wp.kristdemokraterna.se\/boras\/textsida-fullbredd\/var-politik-i-kommunen\/stadsplanering-for-en-attraktiv-stad\/#breadcrumb"},"inLanguage":"sv-SE","potentialAction":[{"@type":"ReadAction","target":["https:\/\/wp.kristdemokraterna.se\/boras\/textsida-fullbredd\/var-politik-i-kommunen\/stadsplanering-for-en-attraktiv-stad\/"]}]},{"@type":"ImageObject","inLanguage":"sv-SE","@id":"https:\/\/wp.kristdemokraterna.se\/boras\/textsida-fullbredd\/var-politik-i-kommunen\/stadsplanering-for-en-attraktiv-stad\/#primaryimage","url":"https:\/\/wp.kristdemokraterna.se\/boras\/files\/2023\/12\/niklas-arvidsson_14-scaled.jpg","contentUrl":"https:\/\/wp.kristdemokraterna.se\/boras\/files\/2023\/12\/niklas-arvidsson_14-scaled.jpg","width":1878,"height":2560},{"@type":"BreadcrumbList","@id":"https:\/\/wp.kristdemokraterna.se\/boras\/textsida-fullbredd\/var-politik-i-kommunen\/stadsplanering-for-en-attraktiv-stad\/#breadcrumb","itemListElement":[{"@type":"ListItem","position":1,"name":"Hem","item":"https:\/\/wp.kristdemokraterna.se\/boras\/"},{"@type":"ListItem","position":2,"name":"Vad vi st\u00e5r f\u00f6r!","item":"https:\/\/wp.kristdemokraterna.se\/boras\/textsida-fullbredd\/"},{"@type":"ListItem","position":3,"name":"V\u00e5r politik i kommunen","item":"https:\/\/wp.kristdemokraterna.se\/boras\/textsida-fullbredd\/var-politik-i-kommunen\/"},{"@type":"ListItem","position":4,"name":"Stadsplanering f\u00f6r en attraktiv stad"}]},{"@type":"WebSite","@id":"https:\/\/wp.kristdemokraterna.se\/boras\/#website","url":"https:\/\/wp.kristdemokraterna.se\/boras\/","name":"Kristdemokraterna | Bor\u00e5s","description":"En till Kristdemokraterna webbplats","inLanguage":"sv-SE"}]}},"_links":{"self":[{"href":"https:\/\/wp.kristdemokraterna.se\/boras\/wp-json\/wp\/v2\/pages\/626","targetHints":{"allow":["GET"]}}],"collection":[{"href":"https:\/\/wp.kristdemokraterna.se\/boras\/wp-json\/wp\/v2\/pages"}],"about":[{"href":"https:\/\/wp.kristdemokraterna.se\/boras\/wp-json\/wp\/v2\/types\/page"}],"author":[{"embeddable":true,"href":"https:\/\/wp.kristdemokraterna.se\/boras\/wp-json\/wp\/v2\/users\/986"}],"replies":[{"embeddable":true,"href":"https:\/\/wp.kristdemokraterna.se\/boras\/wp-json\/wp\/v2\/comments?post=626"}],"version-history":[{"count":3,"href":"https:\/\/wp.kristdemokraterna.se\/boras\/wp-json\/wp\/v2\/pages\/626\/revisions"}],"predecessor-version":[{"id":629,"href":"https:\/\/wp.kristdemokraterna.se\/boras\/wp-json\/wp\/v2\/pages\/626\/revisions\/629"}],"up":[{"embeddable":true,"href":"https:\/\/wp.kristdemokraterna.se\/boras\/wp-json\/wp\/v2\/pages\/373"}],"wp:featuredmedia":[{"embeddable":true,"href":"https:\/\/wp.kristdemokraterna.se\/boras\/wp-json\/wp\/v2\/media\/714"}],"wp:attachment":[{"href":"https:\/\/wp.kristdemokraterna.se\/boras\/wp-json\/wp\/v2\/media?parent=626"}],"curies":[{"name":"wp","href":"https:\/\/api.w.org\/{rel}","templated":true}]}}