{"id":640,"date":"2022-08-10T23:32:14","date_gmt":"2022-08-10T21:32:14","guid":{"rendered":"https:\/\/wp.kristdemokraterna.se\/boras\/?page_id=640"},"modified":"2022-08-10T23:38:35","modified_gmt":"2022-08-10T21:38:35","slug":"omsorg-om-vara-gemensamma-resurser","status":"publish","type":"page","link":"https:\/\/wp.kristdemokraterna.se\/boras\/textsida-fullbredd\/var-politik-i-kommunen\/omsorg-om-vara-gemensamma-resurser\/","title":{"rendered":"Omsorg om v\u00e5ra gemensamma resurser"},"content":{"rendered":"<p>Som politiker har vi ett ansvar att f\u00f6rvalta v\u00e5ra gemensamma resurser i form av skattepengar p\u00e5 ett ansvarsfullt s\u00e4tt. Som politiker inkluderar detta ocks\u00e5 att fundera \u00f6ver vad som egentligen \u00e4r kommunens ansvar och vad som b\u00e4st sk\u00f6ts av andra.\u202f\u00a0<\/p>\n<p>Utg\u00e5ngspunkten \u00e4r att kommunen prim\u00e4rt ska syssla med k\u00e4rnverksamhet (till exempel skola, f\u00f6rskola, lokala milj\u00f6fr\u00e5gor, fritidsanl\u00e4ggningar, viss infrastruktur) samt ta hand om de som p\u00e5 olika s\u00e4tt beh\u00f6ver hj\u00e4lp och st\u00f6d. Alla andra fr\u00e5gor och verksamheter som kommun engagerar sig i ska pr\u00f6vas noggrant f\u00f6r att undvika b\u00e5de konkurrenssnedvridning mot det privata n\u00e4ringslivet och att skattepengar riskeras.\u00a0<\/p>\n<p>F\u00f6r att undvika sl\u00f6seri med skattepengar vill vi ha en transparent kommunal organisation som kommuninv\u00e5naren l\u00e4tt kan granska. D\u00e4rf\u00f6r vill vi bland annat inf\u00f6ra ett sl\u00f6seribokslut. Det \u00e4r ett \u00e5rligt bokslut d\u00e4r kommunen sj\u00e4lv redovisar kostnader som inte kan bed\u00f6mas som \u00e4ndam\u00e5lsenliga. Vi vill ocks\u00e5 ha \u00f6ppna b\u00f6cker i kommunens redovisning, det vill s\u00e4ga att kommuninv\u00e5naren sj\u00e4lva kan g\u00e5 in och f\u00f6lja kommunens ekonomiska redovisning l\u00f6pande.\u00a0<\/p>\n<p>Ett av de mest uppr\u00f6rande exemplen p\u00e5 skattesl\u00f6seri under den g\u00e5ngna mandatperioden \u00e4r turerna med Kyllared. Vi vill att kommunens lokaler ska nyttjas p\u00e5 ett effektivt s\u00e4tt. Tomma lokaler ska s\u00e4ljas. Innan l\u00e5nga hyreskontrakt p\u00e5 lokaler ing\u00e5s, ska man alltid pr\u00f6va vilka l\u00f6sningar som finns bland kommunens egna lokaler.\u00a0<\/p>\n<p>Kommunen finns i f\u00f6rsta hand till f\u00f6r bor\u00e5sarna. D\u00e4rf\u00f6r \u00e4r det viktigt att kommunens organisation \u00e4r \u00e4ndam\u00e5lsenlig och effektiv. Vi vill minska antalet kommunala bolag, s\u00e4lja av verksamhet som b\u00e4ttre kan utf\u00f6ras av en privat entrepren\u00f6r och minska byr\u00e5kratin.<\/p>\n<h2>Detta vill vi genomf\u00f6ra:<\/h2>\n<p>\t\t\t\t\t\t\t\t\t\t\t\t<a href=\"\">Inf\u00f6r tj\u00e4nstegarantier  <\/a><\/p>\n<p>Tj\u00e4nstegarantier tydligg\u00f6r vilken service privatpersoner och f\u00f6retagare kan f\u00f6rv\u00e4nta sig. En tj\u00e4nstegaranti kan till exempel vara ett l\u00f6fte om hur l\u00e5ng tid kommunen tar p\u00e5 sig f\u00f6r att behandla en ans\u00f6kan om bygglov. \u00d6verskrids den utsatta tiden f\u00f6r behandling av ans\u00f6kan, f\u00e5r den s\u00f6kande tillbaka en del av ans\u00f6kningsavgiften.\u00a0<\/p>\n<p>\t\t\t\t\t\t\t\t\t\t\t\t<a href=\"\">\u00d6ppna b\u00f6cker i kommunens ekonomiska redovisning <\/a><\/p>\n<p>Ge bor\u00e5sarna m\u00f6jlighet att l\u00f6pande kunna g\u00e5 in och f\u00f6lja kommunens ekonomiska redovisning.\u00a0<\/p>\n<p>\t\t\t\t\t\t\t\t\t\t\t\t<a href=\"\">Sl\u00f6seribokslut d\u00e4r kommunens sl\u00f6seri med skattemedel presenteras  <\/a><\/p>\n<p>Inf\u00f6r ett \u00e5rligt bokslut d\u00e4r kommunen sj\u00e4lva redovisar kostnader under det g\u00e5ngna \u00e5ret som kan betraktas som sl\u00f6seri med skattemedel.\u00a0<\/p>\n<p>\t\t\t\t\t\t\t\t\t\t\t\t<a href=\"\">Politiker ska inte kunna f\u00e5 ut dubbla ers\u00e4ttningar n\u00e4r de l\u00e4mnar sitt uppdrag  <\/a><\/p>\n<p>Idag kan politiker som l\u00e4mnar sitt uppdrag f\u00e5 ut en ers\u00e4ttning, \u00e4ven om de g\u00e5r direkt tillbaka till ett annat arbete. Det vill vi f\u00f6r\u00e4ndra. Inga dubbla ers\u00e4ttningar till tidigare politiker.\u00a0<\/p>\n<p>\t\t\t\t\t\t\t\t\t\t\t\t<a href=\"\">En f\u00f6rb\u00e4ttrad lokalhantering <\/a><\/p>\n<p>Kommunens egna lokaler ska v\u00e5rdas och f\u00f6r\u00e4dlas. Tomma lokaler som inte fyller en funktion ska s\u00e4ljas. Innan kommun ing\u00e5r i l\u00e5nga hyresavtal f\u00f6r nya lokaler, ska m\u00f6jliga alternativa i kommunens eget lokalbest\u00e5nd f\u00f6rst pr\u00f6vas.\u00a0<\/p>\n<p>\t\t\t\t\t\t\t\t\t\t\t\t<a href=\"\">Inf\u00f6r en funktion som granskar kommunens upphandlingar f\u00f6r att uppt\u00e4cka brister och sl\u00f6seri med skattemedel <\/a><\/p>\n<p>Bor\u00e5s g\u00f6r stora ink\u00f6p varje \u00e5r. Det beh\u00f6vs resurser f\u00f6r att identifiera upphandlingsomr\u00e5den d\u00e4r kommunens ink\u00f6p och upphandling inte bedrivs p\u00e5 ett \u00e4ndam\u00e5lsenlig vis.\u00a0<\/p>\n<p>\t\t\t\t\t\t\t\t\t\t\t\t<a href=\"\">Utred driftsformen och den framtida utvecklingen av Bor\u00e5s Djurpark <\/a><\/p>\n<p>Bor\u00e5s Djurpark \u00e4r oerh\u00f6rt viktigt som turistm\u00e5l f\u00f6r Bor\u00e5s. Vi \u00e4r inte \u00f6vertygade om att kommunen \u00e4r den som b\u00e4st driver en stor bes\u00f6ksanl\u00e4ggning som djurparken. Vi vill pr\u00f6va vilken driftsform som hade gett b\u00e4st f\u00f6ruts\u00e4ttningar f\u00f6r djurparkens framtida utveckling.\u00a0<\/p>\n<p>\t\t\t\t\t\t\t\t\t\t\t\t<a href=\"\">Bor\u00e5s stad ska inte samarbeta med diktaturer. Avsluta samarbetet med Yancheng. <\/a><\/p>\n<p>Det \u00e4r inte en kommunal uppgift att ha samarbeten med diktaturer. Bor\u00e5s Stad ska omedelbart avsluta samarbetet med staden Yancheng i diktaturen Kina.\u00a0<\/p>\n<p>\t\t\t\t\t\t\t\t\t\t\t\t<a href=\"\">Sl\u00e5 samman Bor\u00e5s fem bostadsbolag till ett bolag <\/a><\/p>\n<p>Idag har Bor\u00e5s fem kommunala bostadsbolag. Det skapar on\u00f6diga kostnader i form av administration. Samtidigt \u00e4r flera av bolagen sm\u00e5 med begr\u00e4nsande muskler f\u00f6r nyproduktion av bost\u00e4der. Vi vill sl\u00e5 samman bolagen till ett bostadsbolag.\u00a0<\/p>\n<p>\t\t\t\t\t\t\t\t\t\t\t\t<a href=\"\">\u00d6versyn av de f\u00f6reningar, f\u00f6rbund och samarbetsorganisationer och liknande som Bor\u00e5s stad ing\u00e5r i, och utv\u00e4rdera behovet av medlemskap.  <\/a><\/p>\n<p>Kommunen ing\u00e5r i otaliga f\u00f6rbund, samarbetsorganisationer och intresseorganisationer. Medlemskapen \u00e4r inte s\u00e4llan f\u00f6renade med en kostnad. Vi vill att var och ett av dessa medlemskap utv\u00e4rderas. Om de inte bed\u00f6ms motiverade ska de avslutas.\u00a0<\/p>\n<p>\t\t\t\t\t\t\t\t\t\t\t\t<a href=\"\">Minska den kommunala pappersbyr\u00e5kratin. F\u00e4rre styrdokument, mer verkstad. <\/a><\/p>\n<p>Den kommunala byr\u00e5kratin beh\u00f6ver minskas. Ett steg \u00e4r att minska antalet kommunala styrdokument.<\/p>\n<p>\t\t\t\t\t\t\t\t\t\t\t\t<a href=\"\">S\u00e4lj Hofsn\u00e4s och Sundholmen<\/a><\/p>\n<p>Det kan inte vara kommunens uppdrag att \u00e4ga fastigheter som finns i andra kommuner (Hofsn\u00e4s) eller hyra ut lokaler med f\u00f6rlust f\u00f6r skattebetalarna.<\/p>\n<p>\t\t\t\t\t\t\t\t\t\t\t\t<a href=\"\">S\u00e4lj kongresshuset <\/a><\/p>\n<p>Kommunen betalar en \u00e5rlig hyressubvention i m\u00e5ngmiljonklassen till kongresshuset. Vi vill pr\u00f6va en f\u00f6rs\u00e4ljning av kongresshuset till en privat akt\u00f6r.\u00a0<\/p>\n<p>\t\t\t\t\t\t\t\t\t\t\t\t<a href=\"\">S\u00e4lj Bor\u00e5s Camping <\/a><\/p>\n<p>Det \u00e4r inte en kommunal uppgift att driva en camping. Vi tycker Bor\u00e5s Camping borde s\u00e4ljas f\u00f6r att ge en privat entrepren\u00f6r m\u00f6jlighet att utveckla verksamheten.\u00a0<\/p>\n<p>\t\t\t\t\t\t\t\t\t\t\t\t<a href=\"\">S\u00e4lj av Bor\u00e5s Stads innehav av skog i andra kommuner <\/a><\/p>\n<p>Bor\u00e5s Stad \u00e4r en stor skogs\u00e4gare. En del av kommunens innehav \u00e4r bel\u00e4gen i andra kommuner \u2013 till exempel i Svenljunga. Kommunen borde inte \u00e4ga skog som finns i andra kommuner.\u00a0<\/p>\n<p>\t\t\t\t\t\t\t\t\t\t\t\t<a href=\"\">S\u00e4lj av oanv\u00e4nda tillg\u00e5ngar (mark, fastigheter, konst etcetera) <\/a><\/p>\n<p>Kommunen borde s\u00e4lja av tillg\u00e5ngar som inte anv\u00e4nds, s\u00e5 som tomma fastigheter, konst som inte anv\u00e4nds eller \u00e4r bevarandev\u00e4rde.\u00a0<\/p>\n<p>\t\t\t\t\t\t\t\t\t\t\t\t<a href=\"\">Hela l\u00f6nen (inkl. arbetsgivaravgift) ska redovisas p\u00e5 l\u00f6nebesked f\u00f6r Bor\u00e5s stads anst\u00e4llda <\/a><\/p>\n<p>F\u00f6r att h\u00f6ja k\u00e4nnedomen om skattetrycket i Sverige vill vi att kommunen redovisar hela l\u00f6nen och arbetsgivaravgifterna p\u00e5 de anst\u00e4lldas l\u00f6nebesked.\u00a0\u00a0<\/p>\n<p>\t\t\t\t\t\t\t\t\t\t\t\t<a href=\"\">Bonus till anst\u00e4llda som l\u00e4mnar f\u00f6rb\u00e4ttringsf\u00f6rslag som leder minskade utgifter<\/a><\/p>\n<p>Vi vill skapa incitament f\u00f6r anst\u00e4llda inom kommunen att sj\u00e4lva komma med f\u00f6rslag p\u00e5 hur kommunens verksamhet kan bli \u00e4n effektivare.\u00a0\u00a0<\/p>\n","protected":false},"excerpt":{"rendered":"<p>Som politiker har vi ett ansvar att f\u00f6rvalta v\u00e5ra gemensamma resurser i form av skattepengar p\u00e5 ett ansvarsfullt s\u00e4tt. Som politiker inkluderar detta ocks\u00e5 att fundera \u00f6ver vad som egentligen \u00e4r kommunens ansvar och vad som b\u00e4st sk\u00f6ts av andra.\u202f\u00a0 Utg\u00e5ngspunkten \u00e4r att kommunen prim\u00e4rt ska syssla med k\u00e4rnverksamhet (till exempel skola, f\u00f6rskola, lokala milj\u00f6fr\u00e5gor, <a class=\"read-more-link\" href=\"https:\/\/wp.kristdemokraterna.se\/boras\/textsida-fullbredd\/var-politik-i-kommunen\/omsorg-om-vara-gemensamma-resurser\/\">L\u00e4s mer<\/a><\/p>\n","protected":false},"author":986,"featured_media":714,"parent":373,"menu_order":13,"comment_status":"closed","ping_status":"closed","template":"","meta":{"_acf_changed":false,"footnotes":""},"class_list":["post-640","page","type-page","status-publish","hentry"],"acf":[],"yoast_head":"<!-- This site is optimized with the Yoast SEO plugin v27.3 - https:\/\/yoast.com\/product\/yoast-seo-wordpress\/ -->\n<title>Omsorg om v\u00e5ra gemensamma resurser - Kristdemokraterna | Bor\u00e5s<\/title>\n<meta name=\"robots\" content=\"index, follow, max-snippet:-1, max-image-preview:large, max-video-preview:-1\" \/>\n<link rel=\"canonical\" href=\"https:\/\/wp.kristdemokraterna.se\/boras\/textsida-fullbredd\/var-politik-i-kommunen\/omsorg-om-vara-gemensamma-resurser\/\" \/>\n<meta property=\"og:locale\" content=\"sv_SE\" \/>\n<meta property=\"og:type\" content=\"article\" \/>\n<meta property=\"og:title\" content=\"Omsorg om v\u00e5ra gemensamma resurser - Kristdemokraterna | Bor\u00e5s\" \/>\n<meta property=\"og:description\" content=\"Som politiker har vi ett ansvar att f\u00f6rvalta v\u00e5ra gemensamma resurser i form av skattepengar p\u00e5 ett ansvarsfullt s\u00e4tt. Som politiker inkluderar detta ocks\u00e5 att fundera \u00f6ver vad som egentligen \u00e4r kommunens ansvar och vad som b\u00e4st sk\u00f6ts av andra.\u202f\u00a0 Utg\u00e5ngspunkten \u00e4r att kommunen prim\u00e4rt ska syssla med k\u00e4rnverksamhet (till exempel skola, f\u00f6rskola, lokala milj\u00f6fr\u00e5gor, L\u00e4s mer\" \/>\n<meta property=\"og:url\" content=\"https:\/\/wp.kristdemokraterna.se\/boras\/textsida-fullbredd\/var-politik-i-kommunen\/omsorg-om-vara-gemensamma-resurser\/\" \/>\n<meta property=\"og:site_name\" content=\"Kristdemokraterna | Bor\u00e5s\" \/>\n<meta property=\"article:modified_time\" content=\"2022-08-10T21:38:35+00:00\" \/>\n<meta property=\"og:image\" content=\"https:\/\/wp.kristdemokraterna.se\/boras\/files\/2023\/12\/niklas-arvidsson_14-751x1024.jpg\" \/>\n\t<meta property=\"og:image:width\" content=\"751\" \/>\n\t<meta property=\"og:image:height\" content=\"1024\" \/>\n\t<meta property=\"og:image:type\" content=\"image\/jpeg\" \/>\n<meta name=\"twitter:card\" content=\"summary_large_image\" \/>\n<meta name=\"twitter:label1\" content=\"Ber\u00e4knad l\u00e4stid\" \/>\n\t<meta name=\"twitter:data1\" content=\"5 minuter\" \/>\n<script type=\"application\/ld+json\" class=\"yoast-schema-graph\">{\"@context\":\"https:\\\/\\\/schema.org\",\"@graph\":[{\"@type\":\"WebPage\",\"@id\":\"https:\\\/\\\/wp.kristdemokraterna.se\\\/boras\\\/textsida-fullbredd\\\/var-politik-i-kommunen\\\/omsorg-om-vara-gemensamma-resurser\\\/\",\"url\":\"https:\\\/\\\/wp.kristdemokraterna.se\\\/boras\\\/textsida-fullbredd\\\/var-politik-i-kommunen\\\/omsorg-om-vara-gemensamma-resurser\\\/\",\"name\":\"Omsorg om v\u00e5ra gemensamma resurser - Kristdemokraterna | Bor\u00e5s\",\"isPartOf\":{\"@id\":\"https:\\\/\\\/wp.kristdemokraterna.se\\\/boras\\\/#website\"},\"primaryImageOfPage\":{\"@id\":\"https:\\\/\\\/wp.kristdemokraterna.se\\\/boras\\\/textsida-fullbredd\\\/var-politik-i-kommunen\\\/omsorg-om-vara-gemensamma-resurser\\\/#primaryimage\"},\"image\":{\"@id\":\"https:\\\/\\\/wp.kristdemokraterna.se\\\/boras\\\/textsida-fullbredd\\\/var-politik-i-kommunen\\\/omsorg-om-vara-gemensamma-resurser\\\/#primaryimage\"},\"thumbnailUrl\":\"https:\\\/\\\/wp.kristdemokraterna.se\\\/boras\\\/files\\\/2023\\\/12\\\/niklas-arvidsson_14-scaled.jpg\",\"datePublished\":\"2022-08-10T21:32:14+00:00\",\"dateModified\":\"2022-08-10T21:38:35+00:00\",\"breadcrumb\":{\"@id\":\"https:\\\/\\\/wp.kristdemokraterna.se\\\/boras\\\/textsida-fullbredd\\\/var-politik-i-kommunen\\\/omsorg-om-vara-gemensamma-resurser\\\/#breadcrumb\"},\"inLanguage\":\"sv-SE\",\"potentialAction\":[{\"@type\":\"ReadAction\",\"target\":[\"https:\\\/\\\/wp.kristdemokraterna.se\\\/boras\\\/textsida-fullbredd\\\/var-politik-i-kommunen\\\/omsorg-om-vara-gemensamma-resurser\\\/\"]}]},{\"@type\":\"ImageObject\",\"inLanguage\":\"sv-SE\",\"@id\":\"https:\\\/\\\/wp.kristdemokraterna.se\\\/boras\\\/textsida-fullbredd\\\/var-politik-i-kommunen\\\/omsorg-om-vara-gemensamma-resurser\\\/#primaryimage\",\"url\":\"https:\\\/\\\/wp.kristdemokraterna.se\\\/boras\\\/files\\\/2023\\\/12\\\/niklas-arvidsson_14-scaled.jpg\",\"contentUrl\":\"https:\\\/\\\/wp.kristdemokraterna.se\\\/boras\\\/files\\\/2023\\\/12\\\/niklas-arvidsson_14-scaled.jpg\",\"width\":1878,\"height\":2560},{\"@type\":\"BreadcrumbList\",\"@id\":\"https:\\\/\\\/wp.kristdemokraterna.se\\\/boras\\\/textsida-fullbredd\\\/var-politik-i-kommunen\\\/omsorg-om-vara-gemensamma-resurser\\\/#breadcrumb\",\"itemListElement\":[{\"@type\":\"ListItem\",\"position\":1,\"name\":\"Hem\",\"item\":\"https:\\\/\\\/wp.kristdemokraterna.se\\\/boras\\\/\"},{\"@type\":\"ListItem\",\"position\":2,\"name\":\"Vad vi st\u00e5r f\u00f6r!\",\"item\":\"https:\\\/\\\/wp.kristdemokraterna.se\\\/boras\\\/textsida-fullbredd\\\/\"},{\"@type\":\"ListItem\",\"position\":3,\"name\":\"V\u00e5r politik i kommunen\",\"item\":\"https:\\\/\\\/wp.kristdemokraterna.se\\\/boras\\\/textsida-fullbredd\\\/var-politik-i-kommunen\\\/\"},{\"@type\":\"ListItem\",\"position\":4,\"name\":\"Omsorg om v\u00e5ra gemensamma resurser\"}]},{\"@type\":\"WebSite\",\"@id\":\"https:\\\/\\\/wp.kristdemokraterna.se\\\/boras\\\/#website\",\"url\":\"https:\\\/\\\/wp.kristdemokraterna.se\\\/boras\\\/\",\"name\":\"Kristdemokraterna | Bor\u00e5s\",\"description\":\"En till Kristdemokraterna webbplats\",\"inLanguage\":\"sv-SE\"}]}<\/script>\n<!-- \/ Yoast SEO plugin. -->","yoast_head_json":{"title":"Omsorg om v\u00e5ra gemensamma resurser - Kristdemokraterna | Bor\u00e5s","robots":{"index":"index","follow":"follow","max-snippet":"max-snippet:-1","max-image-preview":"max-image-preview:large","max-video-preview":"max-video-preview:-1"},"canonical":"https:\/\/wp.kristdemokraterna.se\/boras\/textsida-fullbredd\/var-politik-i-kommunen\/omsorg-om-vara-gemensamma-resurser\/","og_locale":"sv_SE","og_type":"article","og_title":"Omsorg om v\u00e5ra gemensamma resurser - Kristdemokraterna | Bor\u00e5s","og_description":"Som politiker har vi ett ansvar att f\u00f6rvalta v\u00e5ra gemensamma resurser i form av skattepengar p\u00e5 ett ansvarsfullt s\u00e4tt. Som politiker inkluderar detta ocks\u00e5 att fundera \u00f6ver vad som egentligen \u00e4r kommunens ansvar och vad som b\u00e4st sk\u00f6ts av andra.\u202f\u00a0 Utg\u00e5ngspunkten \u00e4r att kommunen prim\u00e4rt ska syssla med k\u00e4rnverksamhet (till exempel skola, f\u00f6rskola, lokala milj\u00f6fr\u00e5gor, L\u00e4s mer","og_url":"https:\/\/wp.kristdemokraterna.se\/boras\/textsida-fullbredd\/var-politik-i-kommunen\/omsorg-om-vara-gemensamma-resurser\/","og_site_name":"Kristdemokraterna | Bor\u00e5s","article_modified_time":"2022-08-10T21:38:35+00:00","og_image":[{"width":751,"height":1024,"url":"https:\/\/wp.kristdemokraterna.se\/boras\/files\/2023\/12\/niklas-arvidsson_14-751x1024.jpg","type":"image\/jpeg"}],"twitter_card":"summary_large_image","twitter_misc":{"Ber\u00e4knad l\u00e4stid":"5 minuter"},"schema":{"@context":"https:\/\/schema.org","@graph":[{"@type":"WebPage","@id":"https:\/\/wp.kristdemokraterna.se\/boras\/textsida-fullbredd\/var-politik-i-kommunen\/omsorg-om-vara-gemensamma-resurser\/","url":"https:\/\/wp.kristdemokraterna.se\/boras\/textsida-fullbredd\/var-politik-i-kommunen\/omsorg-om-vara-gemensamma-resurser\/","name":"Omsorg om v\u00e5ra gemensamma resurser - Kristdemokraterna | Bor\u00e5s","isPartOf":{"@id":"https:\/\/wp.kristdemokraterna.se\/boras\/#website"},"primaryImageOfPage":{"@id":"https:\/\/wp.kristdemokraterna.se\/boras\/textsida-fullbredd\/var-politik-i-kommunen\/omsorg-om-vara-gemensamma-resurser\/#primaryimage"},"image":{"@id":"https:\/\/wp.kristdemokraterna.se\/boras\/textsida-fullbredd\/var-politik-i-kommunen\/omsorg-om-vara-gemensamma-resurser\/#primaryimage"},"thumbnailUrl":"https:\/\/wp.kristdemokraterna.se\/boras\/files\/2023\/12\/niklas-arvidsson_14-scaled.jpg","datePublished":"2022-08-10T21:32:14+00:00","dateModified":"2022-08-10T21:38:35+00:00","breadcrumb":{"@id":"https:\/\/wp.kristdemokraterna.se\/boras\/textsida-fullbredd\/var-politik-i-kommunen\/omsorg-om-vara-gemensamma-resurser\/#breadcrumb"},"inLanguage":"sv-SE","potentialAction":[{"@type":"ReadAction","target":["https:\/\/wp.kristdemokraterna.se\/boras\/textsida-fullbredd\/var-politik-i-kommunen\/omsorg-om-vara-gemensamma-resurser\/"]}]},{"@type":"ImageObject","inLanguage":"sv-SE","@id":"https:\/\/wp.kristdemokraterna.se\/boras\/textsida-fullbredd\/var-politik-i-kommunen\/omsorg-om-vara-gemensamma-resurser\/#primaryimage","url":"https:\/\/wp.kristdemokraterna.se\/boras\/files\/2023\/12\/niklas-arvidsson_14-scaled.jpg","contentUrl":"https:\/\/wp.kristdemokraterna.se\/boras\/files\/2023\/12\/niklas-arvidsson_14-scaled.jpg","width":1878,"height":2560},{"@type":"BreadcrumbList","@id":"https:\/\/wp.kristdemokraterna.se\/boras\/textsida-fullbredd\/var-politik-i-kommunen\/omsorg-om-vara-gemensamma-resurser\/#breadcrumb","itemListElement":[{"@type":"ListItem","position":1,"name":"Hem","item":"https:\/\/wp.kristdemokraterna.se\/boras\/"},{"@type":"ListItem","position":2,"name":"Vad vi st\u00e5r f\u00f6r!","item":"https:\/\/wp.kristdemokraterna.se\/boras\/textsida-fullbredd\/"},{"@type":"ListItem","position":3,"name":"V\u00e5r politik i kommunen","item":"https:\/\/wp.kristdemokraterna.se\/boras\/textsida-fullbredd\/var-politik-i-kommunen\/"},{"@type":"ListItem","position":4,"name":"Omsorg om v\u00e5ra gemensamma resurser"}]},{"@type":"WebSite","@id":"https:\/\/wp.kristdemokraterna.se\/boras\/#website","url":"https:\/\/wp.kristdemokraterna.se\/boras\/","name":"Kristdemokraterna | Bor\u00e5s","description":"En till Kristdemokraterna webbplats","inLanguage":"sv-SE"}]}},"_links":{"self":[{"href":"https:\/\/wp.kristdemokraterna.se\/boras\/wp-json\/wp\/v2\/pages\/640","targetHints":{"allow":["GET"]}}],"collection":[{"href":"https:\/\/wp.kristdemokraterna.se\/boras\/wp-json\/wp\/v2\/pages"}],"about":[{"href":"https:\/\/wp.kristdemokraterna.se\/boras\/wp-json\/wp\/v2\/types\/page"}],"author":[{"embeddable":true,"href":"https:\/\/wp.kristdemokraterna.se\/boras\/wp-json\/wp\/v2\/users\/986"}],"replies":[{"embeddable":true,"href":"https:\/\/wp.kristdemokraterna.se\/boras\/wp-json\/wp\/v2\/comments?post=640"}],"version-history":[{"count":3,"href":"https:\/\/wp.kristdemokraterna.se\/boras\/wp-json\/wp\/v2\/pages\/640\/revisions"}],"predecessor-version":[{"id":644,"href":"https:\/\/wp.kristdemokraterna.se\/boras\/wp-json\/wp\/v2\/pages\/640\/revisions\/644"}],"up":[{"embeddable":true,"href":"https:\/\/wp.kristdemokraterna.se\/boras\/wp-json\/wp\/v2\/pages\/373"}],"wp:featuredmedia":[{"embeddable":true,"href":"https:\/\/wp.kristdemokraterna.se\/boras\/wp-json\/wp\/v2\/media\/714"}],"wp:attachment":[{"href":"https:\/\/wp.kristdemokraterna.se\/boras\/wp-json\/wp\/v2\/media?parent=640"}],"curies":[{"name":"wp","href":"https:\/\/api.w.org\/{rel}","templated":true}]}}