{"id":45,"date":"2013-11-27T11:55:20","date_gmt":"2013-11-27T10:55:20","guid":{"rendered":"http:\/\/wp.kristdemokraterna.se\/borudolfsson\/?page_id=45"},"modified":"2013-11-27T13:37:27","modified_gmt":"2013-11-27T12:37:27","slug":"artiklar-och-tal","status":"publish","type":"page","link":"https:\/\/wp.kristdemokraterna.se\/borudolfsson\/artiklar-och-tal\/","title":{"rendered":"Artiklar och tal"},"content":{"rendered":"<p><span style=\"font-family: Arial;font-size: x-large\">Artiklar och tal <\/span><\/p>\n<p><a href=\"http:\/\/wp.kristdemokraterna.se\/laxa\/files\/2013\/10\/Debattartikel_L\u00e4nspendel5.pdf\">Debattartikel om l\u00e4nspendel<\/a> (2013-10-29)<br \/>\n<img loading=\"lazy\" decoding=\"async\" class=\"alignnone\" alt=\"\" src=\"http:\/\/wp.kristdemokraterna.se\/laxa\/files\/2013\/10\/Debattartikel_Lanspendel6-540x383.jpg\" width=\"540\" height=\"383\" \/><\/p>\n<p><a href=\"http:\/\/www.rudolfsson.se\/Debatt_120928_Civilkuragelag.html\"><strong>Inf\u00f6r en civilkuragelag nu<\/strong><\/a> (NA 2012-09-28)<br \/>\nDebattartikel i Karlskoga Kuriren tillsammans med kristdemokrater i Karlskoga om att inf\u00f6ra\u00a0en civilkuragelag nu.<\/p>\n<p><strong>Debattartikel i NA<\/strong><a href=\"http:\/\/www.rudolfsson.se\/Debatt_120922_Bygg_Laxarondellen_NU.html\"><strong> Bygg Lax\u00e5rondellen\u00a0 nu! <\/strong><\/a> \u00a0 (NA 2012-09-22)<br \/>\nNu \u00e4r det dags att bygga rondellen i Lax\u00e5. \u00a0 Sedan\u00a0 olyckan den 20 augusti vid trafikljusen i Lax\u00e5, d\u00e5 en kvinna boende p\u00e5 orten\u00a0 skadades sv\u00e5rt, d\u00e5 hon blev p\u00e5k\u00f6rd av en l\u00e5ngtradare p\u00e5 v\u00e4g fr\u00e5n G\u00f6teborgsh\u00e5llet,\u00a0 har uppr\u00f6rdheten och ilskan \u00f6ver senf\u00e4rdigheten att g\u00f6ra iordning en\u00a0 trafiks\u00e4ker rondell vid korsningen E20\/v\u00e4g 205 i Lax\u00e5 \u00f6kat<\/p>\n<p><strong><a href=\"http:\/\/www.rudolfsson.se\/Debatt_120828_Mycket_kan_avhjalpas.html\">Mycket kan avhj\u00e4lpas med r\u00e4tt verktyg!<\/a><\/strong> \u00a0 (NA 2012-08-26)<br \/>\n\u00d6rjan Samuelsson (19\/8) beskriver den situation om m\u00e5nga personer med\u00a0 funktionsneds\u00e4ttning drabbas av i och med att de inte f\u00e5r chansen till ett jobb. Han n\u00e4mner ocks\u00e5 den s.k. Funka-utredning som regeringen presenterade i v\u00e5ras och precis som oss menar han att m\u00e5nga av utredningens f\u00f6rslag \u00e4r bra.<\/p>\n<p><span style=\"font-family: Verdana;font-size: small\"><a href=\"http:\/\/www.rudolfsson.se\/Debatt_120731_Tagstopp_pa_mindre_orter.html\"><strong>Fler t\u00e5gstopp p\u00e5 mindre orter<\/strong><\/a>\u00a0(NA 2012-07-31)<br \/>\n<\/span><span style=\"font-family: Verdana;font-size: small\">N\u00e4r nu V\u00e4rmlandstrafik kommer att k\u00f6ra 3 dubbelturer Kristinehamn &#8211; \u00d6rebro b\u00f6r det ocks\u00e5 vara m\u00f6jligt f\u00f6r t\u00e5gstopp i bl.a. Svart\u00e5 och Hasselfors.<\/span><\/p>\n<p><strong>\u00a0<a href=\"http:\/\/www.rudolfsson.se\/Debatt_091216_Kd_ett_naturligt-val_for_ateister.htm\"><span style=\"font-size: small\">Kristdemokraterna &#8211; ett naturligt val f\u00f6r ateister<\/span><\/a><\/strong><span style=\"font-size: small\"><strong>\u00a0\u00a0<\/strong>(2009-12-16)<br \/>\n<\/span><span style=\"font-family: Verdana;font-size: small\">Att f\u00f6r\u00e4ndra invanda\u00a0\u00a0 tankem\u00f6nster \u00e4r inte det l\u00e4ttaste. F\u00f6rdomar \u00e4r n\u00e5got andra har, eller\u00a0\u00a0 hur? V\u00e5r \u00f6vertygelse \u00e4r att det \u00e4r just f\u00f6rdomar, och inte kunskap, som\u00a0\u00a0 g\u00f6r att kristdemokraterna fortfarande \u00e4r ett relativt litet parti. En av\u00a0\u00a0 de vanligaste f\u00f6rdomarna \u00e4r att man m\u00e5ste vara aktivt troende f\u00f6r att\u00a0\u00a0 v\u00e4lja KD, vilket ju inte st\u00e4mmer. Egentligen finns det \u00e4nnu starkare\u00a0\u00a0 sk\u00e4l f\u00f6r en renodlad ateist att r\u00f6sta p\u00e5 KD \u00e4n f\u00f6r en troende. <\/span><\/p>\n<p><span style=\"font-family: Verdana;font-size: small\"><strong><a href=\"http:\/\/www.rudolfsson.se\/Debatt_091125_Skattehojning.htm\">Skatteh\u00f6jning i Lax\u00e5 <\/a><\/strong>(NA \u00a0 2009-11-25)<br \/>\n<\/span><span style=\"font-family: Verdana;font-size: small\">Ikv\u00e4ll beslutar Lax\u00e5 \u00a0 kommunfullm\u00e4ktige att h\u00f6ja skatten i kommunen till 22:55 kr \u2013 det blir \u00a0 d\u00e5 den h\u00f6gsta kommunskatten i \u00d6rebro l\u00e4n och bland de 50 h\u00f6gsta i landet \u00a0 (utifr\u00e5n 2009 \u00e5rs niv\u00e5). Eftersom detta \u00e4r socialdemokraternas och \u00a0 v\u00e4nsterpartiets f\u00f6rslag s\u00e5 \u00e4r det mycket troligt att det r\u00f6stas igenom, \u00a0 d\u00e5 de har majoritet i fullm\u00e4ktige \u2013 n\u00e5got annat \u00e4r sv\u00e5rt att tro.<\/span><\/p>\n<p><span style=\"font-family: Verdana;font-size: small\"><a href=\"http:\/\/www.rudolfsson.se\/Debatt_090915_Sag_Ja_till_Citybanan.htm\">S\u00e4g ja till Citybanan<\/a><b>\u00a0<\/b>(NA 2009-09-15)<br \/>\n<\/span><span style=\"font-family: Verdana;font-size: small\">Den 8 september\u00a0hade de b\u00e5da V\u00e4nsterpartisterna Roland Halvarsson och Mia Sydow-M\u00f6llerby\u00a0en debattartikel d\u00e4r de uppmanade l\u00e4nets kommunfullm\u00e4ktigef\u00f6rsamlingar att avsl\u00e5 ett f\u00f6rslag om medfinansiering av investeringar f\u00f6r\u00a0kollektivtrafiken i l\u00e4net.<br \/>\n<\/span><span style=\"font-family: Verdana\"><span style=\"font-size: small\">Citybanan i Stockholm \u00e4r en strategiskt viktig satsning f\u00f6r v\u00e5rt l\u00e4n. F\u00f6r att denna ska komma till st\u00e5nd st\u00e5r \u00d6rebro kommun\u00a0tillsammans med \u00d6rebro l\u00e4ns landsting f\u00f6r 185,4 miljoner medan \u00f6vriga\u00a0\u00a0l\u00e4nets kommuner tillsammans betalar 53,3 miljoner f\u00f6r\u00a0<\/span>\u00a0<span style=\"font-size: small\">de \u201dutvecklings- och investeringsbehov\u201d som finns i v\u00e5rt\u00a0 l\u00e4n.<\/span><\/span><\/p>\n<p><span style=\"font-family: Verdana;font-size: small\"><a href=\"http:\/\/www.rudolfsson.se\/Debatt_090915_Sag_Ja_till_Citybanan.htm\">Lax\u00e5s budget har redan kollapsat<\/a><b><span style=\"color: #000000\"> (<\/span><\/b><span style=\"color: #000000\">NA 20080516)<\/span><br \/>\nSamtidigt som statsbudgeten\u00a0 visar p\u00e5 stora \u00f6verskott och det ocks\u00e5 g\u00e5r bra f\u00f6r en stor del av Sverige kommuner och s\u00e5 \u00e4ven f\u00f6r ett antal av l\u00e4nets kommuner g\u00e5r det s\u00e4mre ekonomiskt f\u00f6r Lax\u00e5 kommun.<br \/>\n<\/span><span style=\"font-family: Verdana;font-size: small\">Kommunens ekonomi \u00e4r i stor obalans, efter m\u00e5nga \u00e5r av socialdemokratiskt styre och minskande befolkning, och nu blir det ytterligare negativa konsekvenser f\u00f6r skola och \u00e4ldreomsorg, faktiskt hela kommunens verksamhet d\u00e5 det m\u00e5ste sparas\u00a0 \u00e4nnu mer under 2008 och 2009. <\/span><\/p>\n<p><span style=\"font-family: Verdana;font-size: small\"><a href=\"http:\/\/www.rudolfsson.se\/Debatt_060324_Valfrihet_for_foraldrar.html\">Valfrihet f\u00f6r f\u00f6r\u00e4ldrar<\/a> (2006-03-24)<br \/>\n<\/span><span style=\"font-family: Verdana;font-size: small\">Sedan n\u00e5gra \u00e5r p\u00e5g\u00e5r ett uppror runt om i Sverige. Ett uppror som\u00a0startats och drivs fram\u00e5t av alldeles vanliga svenskar \u2013 m\u00e4n och kvinnor <\/span><span style=\"font-family: Verdana;font-size: small\">med arbeten, egna familjer och en vision om ett annat Sverige. Ett\u00a0Sverige som erbjuder varje familj s\u00e5 mycket b\u00e4ttre och r\u00e4ttvisare villkor \u00e4n vad som nu \u00e4r fallet.<\/span><\/p>\n<p><span style=\"font-family: Verdana;font-size: small\"><b><a href=\"http:\/\/www.rudolfsson.se\/Debatt_060324_Valfrihet_for_foraldrar.html\">Nystart f\u00f6r Lax\u00e5<\/a> (<\/b>debatt i NA<b>)<\/b>\u00a0\u00a02005-01-13<br \/>\n<\/span><span style=\"font-family: Verdana;font-size: small\">Under de senaste \u00e5ren har inte\u00a0mycket g\u00e5tt Lax\u00e5s v\u00e4g! Ett stort antal utflyttningar varje \u00e5r,\u00a0nedl\u00e4ggning av m\u00e5nga arbetsplatser, en \u00e5ldrande befolkning,\u00a0rivning av hyreshus i flera omg\u00e5ngar, etc. Detta har resulterat\u00a0i en d\u00e5lig kommunal ekonomi som inte till\u00e5tit n\u00e5gra st\u00f6rre\u00a0satsningar, utan ist\u00e4llet besparingar varje \u00e5r, vilket i sin tur\u00a0t\u00e4rt h\u00e5rt p\u00e5 kommunens personal.<\/span><\/p>\n<p><span style=\"font-family: Verdana;font-size: small\"><b><a href=\"http:\/\/www.rudolfsson.se\/Debatt_050815_Antligen_ett_uppvaknande.html\">\u00a0\u00c4ntligen ett uppvaknande<\/a> <\/b>(debatt i BP)2005-08-15<br \/>\nYlva Johansson, regeringens och socialdemokratins v\u00e5rd &#8211; och\u00a0\u00a0\u00a0\u00a0\u00a0\u00a0\u00a0\u00a0\u00a0\u00a0\u00a0\u00a0\u00a0\u00a0\u00a0\u00a0 \u00e4ldreomsorgsminister, har utlovat mer pengar till \u00e4ldreomsorgen\u00a0och i h\u00f6st ska det dras ig\u00e5ng en storsatsning som ska p\u00e5g\u00e5 under\u00a0m\u00e5nga \u00e5r fram\u00e5t. Under tiden fram till det att 40-talisterna\u00a0blir s\u00e5 gamla att de kommer att beh\u00f6va mycket v\u00e5rd m\u00e5ste\u00a0\u00a0\u00a0 kvaliteten h\u00f6jas och j\u00e4mlikheten \u00f6ver landet f\u00f6rb\u00e4ttras.<\/span><\/p>\n<p><span style=\"font-family: Verdana\"><b><span style=\"font-size: small\"><a href=\"http:\/\/www.rudolfsson.se\/Debatt_030418_Rattvis_barnomsorg.html\">R\u00e4ttvis Barnomsorg<\/a><\/span><\/b><\/span><span style=\"font-family: Verdana;font-size: small\">2003-04-10<br \/>\nN\u00e4r socialdemokrater och v\u00e4nsterpartister samverkar brukar det\u00a0bli l\u00e5sningar n\u00e4r det g\u00e4ller nya id\u00e9er och s\u00e4tt att utf\u00f6ra den\u00a0kommunala verksamheten \u2013 s\u00e5 \u00e4ven i Lax\u00e5. Nu n\u00e4r det g\u00e5tt sex\u00a0m\u00e5nader med en ny majoritet i Lax\u00e5 kommun b\u00f6rjar man uppt\u00e4cka\u00a0att det \u00e4r stabil majoritet som styr, en majoritet som inte\u00a0beh\u00f6ver lyssna s\u00e5 mycket p\u00e5 opposition och brukare n\u00e4r det\u00a0g\u00e4ller principiella fr\u00e5gor och \u00e4renden som direkt ber\u00f6r\u00a0kommunens inv\u00e5nare.<\/span><\/p>\n","protected":false},"excerpt":{"rendered":"<p>Artiklar och tal Debattartikel om l\u00e4nspendel (2013-10-29) Inf\u00f6r en civilkuragelag nu (NA 2012-09-28) Debattartikel i Karlskoga Kuriren tillsammans med kristdemokrater i Karlskoga om att inf\u00f6ra\u00a0en civilkuragelag nu. Debattartikel i NA Bygg Lax\u00e5rondellen\u00a0 nu! \u00a0 (NA 2012-09-22) Nu \u00e4r det dags att bygga rondellen i Lax\u00e5. \u00a0 Sedan\u00a0 olyckan den 20 augusti vid trafikljusen i Lax\u00e5, <a class=\"read-more-link\" href=\"https:\/\/wp.kristdemokraterna.se\/borudolfsson\/artiklar-och-tal\/\">Read More<\/a><\/p>\n","protected":false},"author":553,"featured_media":0,"parent":0,"menu_order":0,"comment_status":"open","ping_status":"open","template":"","meta":{"_acf_changed":false,"footnotes":""},"class_list":["post-45","page","type-page","status-publish","hentry"],"acf":[],"yoast_head":"<!-- This site is optimized with the Yoast SEO plugin v27.3 - https:\/\/yoast.com\/product\/yoast-seo-wordpress\/ -->\n<title>Artiklar och tal - Bo Rudolfsson<\/title>\n<meta name=\"robots\" content=\"index, follow, max-snippet:-1, max-image-preview:large, max-video-preview:-1\" \/>\n<link rel=\"canonical\" href=\"https:\/\/wp.kristdemokraterna.se\/borudolfsson\/artiklar-och-tal\/\" \/>\n<meta property=\"og:locale\" content=\"sv_SE\" \/>\n<meta property=\"og:type\" content=\"article\" \/>\n<meta property=\"og:title\" content=\"Artiklar och tal - Bo Rudolfsson\" \/>\n<meta property=\"og:description\" content=\"Artiklar och tal Debattartikel om l\u00e4nspendel (2013-10-29) Inf\u00f6r en civilkuragelag nu (NA 2012-09-28) Debattartikel i Karlskoga Kuriren tillsammans med kristdemokrater i Karlskoga om att inf\u00f6ra\u00a0en civilkuragelag nu. Debattartikel i NA Bygg Lax\u00e5rondellen\u00a0 nu! \u00a0 (NA 2012-09-22) Nu \u00e4r det dags att bygga rondellen i Lax\u00e5. \u00a0 Sedan\u00a0 olyckan den 20 augusti vid trafikljusen i Lax\u00e5, Read More\" \/>\n<meta property=\"og:url\" content=\"https:\/\/wp.kristdemokraterna.se\/borudolfsson\/artiklar-och-tal\/\" \/>\n<meta property=\"og:site_name\" content=\"Bo Rudolfsson\" \/>\n<meta property=\"article:modified_time\" content=\"2013-11-27T12:37:27+00:00\" \/>\n<meta property=\"og:image\" content=\"http:\/\/wp.kristdemokraterna.se\/laxa\/files\/2013\/10\/Debattartikel_Lanspendel6-540x383.jpg\" \/>\n<meta name=\"twitter:card\" content=\"summary_large_image\" \/>\n<meta name=\"twitter:label1\" content=\"Ber\u00e4knad l\u00e4stid\" \/>\n\t<meta name=\"twitter:data1\" content=\"5 minuter\" \/>\n<script type=\"application\/ld+json\" class=\"yoast-schema-graph\">{\"@context\":\"https:\\\/\\\/schema.org\",\"@graph\":[{\"@type\":\"WebPage\",\"@id\":\"https:\\\/\\\/wp.kristdemokraterna.se\\\/borudolfsson\\\/artiklar-och-tal\\\/\",\"url\":\"https:\\\/\\\/wp.kristdemokraterna.se\\\/borudolfsson\\\/artiklar-och-tal\\\/\",\"name\":\"Artiklar och tal - Bo Rudolfsson\",\"isPartOf\":{\"@id\":\"https:\\\/\\\/wp.kristdemokraterna.se\\\/borudolfsson\\\/#website\"},\"primaryImageOfPage\":{\"@id\":\"https:\\\/\\\/wp.kristdemokraterna.se\\\/borudolfsson\\\/artiklar-och-tal\\\/#primaryimage\"},\"image\":{\"@id\":\"https:\\\/\\\/wp.kristdemokraterna.se\\\/borudolfsson\\\/artiklar-och-tal\\\/#primaryimage\"},\"thumbnailUrl\":\"http:\\\/\\\/wp.kristdemokraterna.se\\\/laxa\\\/files\\\/2013\\\/10\\\/Debattartikel_Lanspendel6-540x383.jpg\",\"datePublished\":\"2013-11-27T10:55:20+00:00\",\"dateModified\":\"2013-11-27T12:37:27+00:00\",\"breadcrumb\":{\"@id\":\"https:\\\/\\\/wp.kristdemokraterna.se\\\/borudolfsson\\\/artiklar-och-tal\\\/#breadcrumb\"},\"inLanguage\":\"sv-SE\",\"potentialAction\":[{\"@type\":\"ReadAction\",\"target\":[\"https:\\\/\\\/wp.kristdemokraterna.se\\\/borudolfsson\\\/artiklar-och-tal\\\/\"]}]},{\"@type\":\"ImageObject\",\"inLanguage\":\"sv-SE\",\"@id\":\"https:\\\/\\\/wp.kristdemokraterna.se\\\/borudolfsson\\\/artiklar-och-tal\\\/#primaryimage\",\"url\":\"http:\\\/\\\/wp.kristdemokraterna.se\\\/laxa\\\/files\\\/2013\\\/10\\\/Debattartikel_Lanspendel6-540x383.jpg\",\"contentUrl\":\"http:\\\/\\\/wp.kristdemokraterna.se\\\/laxa\\\/files\\\/2013\\\/10\\\/Debattartikel_Lanspendel6-540x383.jpg\"},{\"@type\":\"BreadcrumbList\",\"@id\":\"https:\\\/\\\/wp.kristdemokraterna.se\\\/borudolfsson\\\/artiklar-och-tal\\\/#breadcrumb\",\"itemListElement\":[{\"@type\":\"ListItem\",\"position\":1,\"name\":\"Hem\",\"item\":\"https:\\\/\\\/wp.kristdemokraterna.se\\\/borudolfsson\\\/\"},{\"@type\":\"ListItem\",\"position\":2,\"name\":\"Artiklar och tal\"}]},{\"@type\":\"WebSite\",\"@id\":\"https:\\\/\\\/wp.kristdemokraterna.se\\\/borudolfsson\\\/#website\",\"url\":\"https:\\\/\\\/wp.kristdemokraterna.se\\\/borudolfsson\\\/\",\"name\":\"Bo Rudolfsson\",\"description\":\"Ett b\u00e4ttre Lax\u00e5 - och Sverige!\",\"inLanguage\":\"sv-SE\"}]}<\/script>\n<!-- \/ Yoast SEO plugin. -->","yoast_head_json":{"title":"Artiklar och tal - Bo Rudolfsson","robots":{"index":"index","follow":"follow","max-snippet":"max-snippet:-1","max-image-preview":"max-image-preview:large","max-video-preview":"max-video-preview:-1"},"canonical":"https:\/\/wp.kristdemokraterna.se\/borudolfsson\/artiklar-och-tal\/","og_locale":"sv_SE","og_type":"article","og_title":"Artiklar och tal - Bo Rudolfsson","og_description":"Artiklar och tal Debattartikel om l\u00e4nspendel (2013-10-29) Inf\u00f6r en civilkuragelag nu (NA 2012-09-28) Debattartikel i Karlskoga Kuriren tillsammans med kristdemokrater i Karlskoga om att inf\u00f6ra\u00a0en civilkuragelag nu. Debattartikel i NA Bygg Lax\u00e5rondellen\u00a0 nu! \u00a0 (NA 2012-09-22) Nu \u00e4r det dags att bygga rondellen i Lax\u00e5. \u00a0 Sedan\u00a0 olyckan den 20 augusti vid trafikljusen i Lax\u00e5, Read More","og_url":"https:\/\/wp.kristdemokraterna.se\/borudolfsson\/artiklar-och-tal\/","og_site_name":"Bo Rudolfsson","article_modified_time":"2013-11-27T12:37:27+00:00","og_image":[{"url":"http:\/\/wp.kristdemokraterna.se\/laxa\/files\/2013\/10\/Debattartikel_Lanspendel6-540x383.jpg","type":"","width":"","height":""}],"twitter_card":"summary_large_image","twitter_misc":{"Ber\u00e4knad l\u00e4stid":"5 minuter"},"schema":{"@context":"https:\/\/schema.org","@graph":[{"@type":"WebPage","@id":"https:\/\/wp.kristdemokraterna.se\/borudolfsson\/artiklar-och-tal\/","url":"https:\/\/wp.kristdemokraterna.se\/borudolfsson\/artiklar-och-tal\/","name":"Artiklar och tal - Bo Rudolfsson","isPartOf":{"@id":"https:\/\/wp.kristdemokraterna.se\/borudolfsson\/#website"},"primaryImageOfPage":{"@id":"https:\/\/wp.kristdemokraterna.se\/borudolfsson\/artiklar-och-tal\/#primaryimage"},"image":{"@id":"https:\/\/wp.kristdemokraterna.se\/borudolfsson\/artiklar-och-tal\/#primaryimage"},"thumbnailUrl":"http:\/\/wp.kristdemokraterna.se\/laxa\/files\/2013\/10\/Debattartikel_Lanspendel6-540x383.jpg","datePublished":"2013-11-27T10:55:20+00:00","dateModified":"2013-11-27T12:37:27+00:00","breadcrumb":{"@id":"https:\/\/wp.kristdemokraterna.se\/borudolfsson\/artiklar-och-tal\/#breadcrumb"},"inLanguage":"sv-SE","potentialAction":[{"@type":"ReadAction","target":["https:\/\/wp.kristdemokraterna.se\/borudolfsson\/artiklar-och-tal\/"]}]},{"@type":"ImageObject","inLanguage":"sv-SE","@id":"https:\/\/wp.kristdemokraterna.se\/borudolfsson\/artiklar-och-tal\/#primaryimage","url":"http:\/\/wp.kristdemokraterna.se\/laxa\/files\/2013\/10\/Debattartikel_Lanspendel6-540x383.jpg","contentUrl":"http:\/\/wp.kristdemokraterna.se\/laxa\/files\/2013\/10\/Debattartikel_Lanspendel6-540x383.jpg"},{"@type":"BreadcrumbList","@id":"https:\/\/wp.kristdemokraterna.se\/borudolfsson\/artiklar-och-tal\/#breadcrumb","itemListElement":[{"@type":"ListItem","position":1,"name":"Hem","item":"https:\/\/wp.kristdemokraterna.se\/borudolfsson\/"},{"@type":"ListItem","position":2,"name":"Artiklar och tal"}]},{"@type":"WebSite","@id":"https:\/\/wp.kristdemokraterna.se\/borudolfsson\/#website","url":"https:\/\/wp.kristdemokraterna.se\/borudolfsson\/","name":"Bo Rudolfsson","description":"Ett b\u00e4ttre Lax\u00e5 - och Sverige!","inLanguage":"sv-SE"}]}},"_links":{"self":[{"href":"https:\/\/wp.kristdemokraterna.se\/borudolfsson\/wp-json\/wp\/v2\/pages\/45","targetHints":{"allow":["GET"]}}],"collection":[{"href":"https:\/\/wp.kristdemokraterna.se\/borudolfsson\/wp-json\/wp\/v2\/pages"}],"about":[{"href":"https:\/\/wp.kristdemokraterna.se\/borudolfsson\/wp-json\/wp\/v2\/types\/page"}],"author":[{"embeddable":true,"href":"https:\/\/wp.kristdemokraterna.se\/borudolfsson\/wp-json\/wp\/v2\/users\/553"}],"replies":[{"embeddable":true,"href":"https:\/\/wp.kristdemokraterna.se\/borudolfsson\/wp-json\/wp\/v2\/comments?post=45"}],"version-history":[{"count":7,"href":"https:\/\/wp.kristdemokraterna.se\/borudolfsson\/wp-json\/wp\/v2\/pages\/45\/revisions"}],"predecessor-version":[{"id":57,"href":"https:\/\/wp.kristdemokraterna.se\/borudolfsson\/wp-json\/wp\/v2\/pages\/45\/revisions\/57"}],"wp:attachment":[{"href":"https:\/\/wp.kristdemokraterna.se\/borudolfsson\/wp-json\/wp\/v2\/media?parent=45"}],"curies":[{"name":"wp","href":"https:\/\/api.w.org\/{rel}","templated":true}]}}