{"id":47,"date":"2013-11-27T11:55:43","date_gmt":"2013-11-27T10:55:43","guid":{"rendered":"http:\/\/wp.kristdemokraterna.se\/borudolfsson\/?page_id=47"},"modified":"2026-02-04T19:13:06","modified_gmt":"2026-02-04T18:13:06","slug":"detta-ar-jag","status":"publish","type":"page","link":"https:\/\/wp.kristdemokraterna.se\/borudolfsson\/detta-ar-jag\/","title":{"rendered":"Detta \u00e4r jag&#8230;"},"content":{"rendered":"<p><span style=\"font-family: Verdana;font-size: small\">Jag har arbetat som l\u00e4rare\u00a0 hela mitt yrkesverksamma liv, s\u00e5 jag har l\u00e4rt mig vilken betydelse familjen f\u00f6r\u00a0 v\u00e5rt samh\u00e4lle. Barn \u00e4r \u00e4rliga \u2013 de bryr sig om och vill att det skall vara\u00a0 r\u00e4ttvist.<\/span><\/p>\n<p><span style=\"font-family: Verdana;font-size: small\">Jag tror att v\u00e5rt land kan\u00a0 b\u00e4ttre. Det som en g\u00e5ng var k\u00e4nnetecknet f\u00f6r Sverige \u2013 hederlighet och r\u00e4ttvisa,\u00a0 kan komma tillbaka igen. Men f\u00f6r det kr\u00e4vs att vi bryr oss om \u2013 jag vill bry mig\u00a0 om familjen, de \u00e4ldre och att det finns arbete f\u00f6r alla. <\/span><\/p>\n<p><span style=\"font-family: Verdana;font-size: small\">Vi beh\u00f6ver trygghet och\u00a0 valfrihet\u00a0 &#8211; d\u00e4rf\u00f6r satsar jag p\u00e5 politik, jag vill f\u00f6r\u00e4ndra. <\/span><\/p>\n<p><strong>Bakgrund<\/strong><br \/>\nJag \u00e4r f\u00f6dd p\u00e5 H\u00e4rn\u00f6sands sjukhus den 27 september 1953 och uppvuxen de f\u00f6rsta tv\u00e5 \u00e5ren i <a href=\"http:\/\/www.kramforsbygder.com\/frano\/\">Fr\u00e5n\u00f6<\/a> utanf\u00f6r Kramfors. D\u00e4r bodde min mammas familj, d\u00e4r morfar Jonas Fahlen var stuveriarbetare och bl.a. gick i fr\u00e4msta ledet vid <a href=\"https:\/\/sv.wikipedia.org\/wiki\/%C3%85dalsh%C3%A4ndelserna\">&#8221;\u00c5daldemonstrationen<\/a>&#8221; 19931 (mannen till v\u00e4nster med cykel \u00e4r min morfar). Min far kom fr\u00e5n Sk\u00e5ne men flyttade runt i Sverige som r\u00f6rmokare under n\u00e5gra \u00e5r.<\/p>\n<p>Familjen flyttade sedan till <a href=\"http:\/\/sv.wikipedia.org\/wiki\/V%C3%A5gbro\">V\u00e5gbro<\/a>, utanf\u00f6r S\u00f6derhamn d\u00e4r jag bodde fram till n\u00e4r jag var ca 20 \u00e5r d\u00e5 min utbildning fortsatte i H\u00e4rn\u00f6sand.<\/p>\n<p>Jag utbildade mig som mellanstadiel\u00e4rare p\u00e5 H\u00e4rn\u00f6sands l\u00e4rarseminarium under tre \u00e5r och fick sedan min f\u00f6rsta tj\u00e4nst i hemstaden S\u00f6derhamn. Efter bara en termin flyttade jag till USA och gick p\u00e5 en kristen bibelskola under ett \u00e5r.<\/p>\n<p>Vid hemkomsten 1977 b\u00f6rjade jag arbete med frivilligorganisationen Ungdom Med Uppgift (Youth With A Mission). Under 1979 tr\u00e4ffade jag min Ruth i Venedig och vi gifte oss den 29 september 1979. Vi fortsatte att jobba med UMU fram till 1984 med bl.a. ett \u00e5rs vistelse p\u00e5 Cypern.<\/p>\n<p>Under 1984 flyttade vi till Kungs\u00f6r och jag fick jobb som l\u00e4rare. N\u00e4sta flytt skedde vid juletid 1986 f\u00e5 flyttlasset gick till Lax\u00e5. Jag fortsatta som l\u00e4rare inom Lax\u00e5 kommun, f\u00f6rst som SFI l\u00e4rare, resursl\u00e4rare, klassf\u00f6rest\u00e5ndare p\u00e5 R\u00f6fors skola och \u00e4ven ett \u00e5r som h\u00f6gstadiel\u00e4rare. Under dessa \u00e5r bildade vi en familj med fyra barn, barnen f\u00f6ddes 1980, 1982, 1984 och 1986. Alla barnen \u00e4r nu utflugna och bildat egna familjer. Tre av dem bor runt \u00d6rebro och en bor i Sollentuna, utanf\u00f6r Stockholm.<\/p>\n<p>Men i och med att politiken tog mer och mer tid fick jag tj\u00e4nstledigt\u00a0\u00a0fr\u00e5n min l\u00e4rartj\u00e4nst och blev ombudsman f\u00f6r Kristdemokraterna i l\u00e4net.<\/p>\n<p>Efter valet 2006 b\u00f6rjade mitt politiska arbete i <a href=\"http:\/\/www.orebroll.se\">\u00d6rebro l\u00e4ns landsting <\/a>och strax d\u00e4refter i <a href=\"http:\/\/www.regionorebro.se\">Regionf\u00f6rbundet \u00d6rebro l\u00e4n<\/a>. Vid valet 2010 innebar det \u00e4nnu mer arbete i dessa tv\u00e5 politiska organisationer samtidigt som jag upph\u00f6rde att vara ombudsman f\u00f6r kristdemokraterna i l\u00e4net. Under perioden 2011-2014 hade jag ett flertal uppdrag i \u00d6rebro l\u00e4ns landsting och Regionf\u00f6rbundet samt som oppositionsf\u00f6retr\u00e4dare i Lax\u00e5 kommun.<\/p>\n<p>Vid valet 2014 f\u00f6rlorade S+V makten i Lax\u00e5 kommun och jag kunde tilltr\u00e4da som kommunstyrelsens ordf\u00f6rande i en partikoalition under namnet &#8221;Ett b\u00e4ttre Lax\u00e5&#8221; tillsammans med andra partier.<\/p>\n<p>Efter valet 2022 blev en representant f\u00f6r Centerpartiet ny KSO och jag klev av kommunpolitiken i Lax\u00e5 kommun. Sommaren 2024 flyttade jag och hustrun in till \u00d6rebro och bor f.n. p\u00e5 ett seniorboende i Gamla Hj\u00e4rsta. Jag forts\u00e4tter dock med regionpolitiken s\u00e5som 1:e vice ordf\u00f6rande i Regionfullm\u00e4ktige, vice ordf\u00f6rande i Demokratiberedningen, ledamot i Tillv\u00e4xtn\u00e4mnden, ledamot i Coompanions och Finsam Sydn\u00e4rkes styrelser.<\/p>\n<p>Fr\u00e5n 2026 har jag b\u00f6rjat som Valledare inom KD \u00d6rebro kommun.<\/p>\n<p>&nbsp;<\/p>\n<p>&nbsp;<\/p>\n<p>&nbsp;<\/p>\n<p>&nbsp;<\/p>\n","protected":false},"excerpt":{"rendered":"<p>Jag har arbetat som l\u00e4rare\u00a0 hela mitt yrkesverksamma liv, s\u00e5 jag har l\u00e4rt mig vilken betydelse familjen f\u00f6r\u00a0 v\u00e5rt samh\u00e4lle. Barn \u00e4r \u00e4rliga \u2013 de bryr sig om och vill att det skall vara\u00a0 r\u00e4ttvist. Jag tror att v\u00e5rt land kan\u00a0 b\u00e4ttre. Det som en g\u00e5ng var k\u00e4nnetecknet f\u00f6r Sverige \u2013 hederlighet och r\u00e4ttvisa,\u00a0 kan <a class=\"read-more-link\" href=\"https:\/\/wp.kristdemokraterna.se\/borudolfsson\/detta-ar-jag\/\">Read More<\/a><\/p>\n","protected":false},"author":553,"featured_media":0,"parent":0,"menu_order":0,"comment_status":"closed","ping_status":"closed","template":"","meta":{"_acf_changed":false,"footnotes":""},"class_list":["post-47","page","type-page","status-publish","hentry"],"acf":[],"yoast_head":"<!-- This site is optimized with the Yoast SEO plugin v27.3 - https:\/\/yoast.com\/product\/yoast-seo-wordpress\/ -->\n<title>Detta \u00e4r jag... - Bo Rudolfsson<\/title>\n<meta name=\"robots\" content=\"index, follow, max-snippet:-1, max-image-preview:large, max-video-preview:-1\" \/>\n<link rel=\"canonical\" href=\"https:\/\/wp.kristdemokraterna.se\/borudolfsson\/detta-ar-jag\/\" \/>\n<meta property=\"og:locale\" content=\"sv_SE\" \/>\n<meta property=\"og:type\" content=\"article\" \/>\n<meta property=\"og:title\" content=\"Detta \u00e4r jag... - Bo Rudolfsson\" \/>\n<meta property=\"og:description\" content=\"Jag har arbetat som l\u00e4rare\u00a0 hela mitt yrkesverksamma liv, s\u00e5 jag har l\u00e4rt mig vilken betydelse familjen f\u00f6r\u00a0 v\u00e5rt samh\u00e4lle. Barn \u00e4r \u00e4rliga \u2013 de bryr sig om och vill att det skall vara\u00a0 r\u00e4ttvist. Jag tror att v\u00e5rt land kan\u00a0 b\u00e4ttre. Det som en g\u00e5ng var k\u00e4nnetecknet f\u00f6r Sverige \u2013 hederlighet och r\u00e4ttvisa,\u00a0 kan Read More\" \/>\n<meta property=\"og:url\" content=\"https:\/\/wp.kristdemokraterna.se\/borudolfsson\/detta-ar-jag\/\" \/>\n<meta property=\"og:site_name\" content=\"Bo Rudolfsson\" \/>\n<meta property=\"article:modified_time\" content=\"2026-02-04T18:13:06+00:00\" \/>\n<meta name=\"twitter:card\" content=\"summary_large_image\" \/>\n<meta name=\"twitter:label1\" content=\"Ber\u00e4knad l\u00e4stid\" \/>\n\t<meta name=\"twitter:data1\" content=\"3 minuter\" \/>\n<script type=\"application\/ld+json\" class=\"yoast-schema-graph\">{\"@context\":\"https:\\\/\\\/schema.org\",\"@graph\":[{\"@type\":\"WebPage\",\"@id\":\"https:\\\/\\\/wp.kristdemokraterna.se\\\/borudolfsson\\\/detta-ar-jag\\\/\",\"url\":\"https:\\\/\\\/wp.kristdemokraterna.se\\\/borudolfsson\\\/detta-ar-jag\\\/\",\"name\":\"Detta \u00e4r jag... - Bo Rudolfsson\",\"isPartOf\":{\"@id\":\"https:\\\/\\\/wp.kristdemokraterna.se\\\/borudolfsson\\\/#website\"},\"datePublished\":\"2013-11-27T10:55:43+00:00\",\"dateModified\":\"2026-02-04T18:13:06+00:00\",\"breadcrumb\":{\"@id\":\"https:\\\/\\\/wp.kristdemokraterna.se\\\/borudolfsson\\\/detta-ar-jag\\\/#breadcrumb\"},\"inLanguage\":\"sv-SE\",\"potentialAction\":[{\"@type\":\"ReadAction\",\"target\":[\"https:\\\/\\\/wp.kristdemokraterna.se\\\/borudolfsson\\\/detta-ar-jag\\\/\"]}]},{\"@type\":\"BreadcrumbList\",\"@id\":\"https:\\\/\\\/wp.kristdemokraterna.se\\\/borudolfsson\\\/detta-ar-jag\\\/#breadcrumb\",\"itemListElement\":[{\"@type\":\"ListItem\",\"position\":1,\"name\":\"Hem\",\"item\":\"https:\\\/\\\/wp.kristdemokraterna.se\\\/borudolfsson\\\/\"},{\"@type\":\"ListItem\",\"position\":2,\"name\":\"Detta \u00e4r jag&#8230;\"}]},{\"@type\":\"WebSite\",\"@id\":\"https:\\\/\\\/wp.kristdemokraterna.se\\\/borudolfsson\\\/#website\",\"url\":\"https:\\\/\\\/wp.kristdemokraterna.se\\\/borudolfsson\\\/\",\"name\":\"Bo Rudolfsson\",\"description\":\"Ett b\u00e4ttre Lax\u00e5 - och Sverige!\",\"inLanguage\":\"sv-SE\"}]}<\/script>\n<!-- \/ Yoast SEO plugin. -->","yoast_head_json":{"title":"Detta \u00e4r jag... - Bo Rudolfsson","robots":{"index":"index","follow":"follow","max-snippet":"max-snippet:-1","max-image-preview":"max-image-preview:large","max-video-preview":"max-video-preview:-1"},"canonical":"https:\/\/wp.kristdemokraterna.se\/borudolfsson\/detta-ar-jag\/","og_locale":"sv_SE","og_type":"article","og_title":"Detta \u00e4r jag... - Bo Rudolfsson","og_description":"Jag har arbetat som l\u00e4rare\u00a0 hela mitt yrkesverksamma liv, s\u00e5 jag har l\u00e4rt mig vilken betydelse familjen f\u00f6r\u00a0 v\u00e5rt samh\u00e4lle. Barn \u00e4r \u00e4rliga \u2013 de bryr sig om och vill att det skall vara\u00a0 r\u00e4ttvist. Jag tror att v\u00e5rt land kan\u00a0 b\u00e4ttre. Det som en g\u00e5ng var k\u00e4nnetecknet f\u00f6r Sverige \u2013 hederlighet och r\u00e4ttvisa,\u00a0 kan Read More","og_url":"https:\/\/wp.kristdemokraterna.se\/borudolfsson\/detta-ar-jag\/","og_site_name":"Bo Rudolfsson","article_modified_time":"2026-02-04T18:13:06+00:00","twitter_card":"summary_large_image","twitter_misc":{"Ber\u00e4knad l\u00e4stid":"3 minuter"},"schema":{"@context":"https:\/\/schema.org","@graph":[{"@type":"WebPage","@id":"https:\/\/wp.kristdemokraterna.se\/borudolfsson\/detta-ar-jag\/","url":"https:\/\/wp.kristdemokraterna.se\/borudolfsson\/detta-ar-jag\/","name":"Detta \u00e4r jag... - Bo Rudolfsson","isPartOf":{"@id":"https:\/\/wp.kristdemokraterna.se\/borudolfsson\/#website"},"datePublished":"2013-11-27T10:55:43+00:00","dateModified":"2026-02-04T18:13:06+00:00","breadcrumb":{"@id":"https:\/\/wp.kristdemokraterna.se\/borudolfsson\/detta-ar-jag\/#breadcrumb"},"inLanguage":"sv-SE","potentialAction":[{"@type":"ReadAction","target":["https:\/\/wp.kristdemokraterna.se\/borudolfsson\/detta-ar-jag\/"]}]},{"@type":"BreadcrumbList","@id":"https:\/\/wp.kristdemokraterna.se\/borudolfsson\/detta-ar-jag\/#breadcrumb","itemListElement":[{"@type":"ListItem","position":1,"name":"Hem","item":"https:\/\/wp.kristdemokraterna.se\/borudolfsson\/"},{"@type":"ListItem","position":2,"name":"Detta \u00e4r jag&#8230;"}]},{"@type":"WebSite","@id":"https:\/\/wp.kristdemokraterna.se\/borudolfsson\/#website","url":"https:\/\/wp.kristdemokraterna.se\/borudolfsson\/","name":"Bo Rudolfsson","description":"Ett b\u00e4ttre Lax\u00e5 - och Sverige!","inLanguage":"sv-SE"}]}},"_links":{"self":[{"href":"https:\/\/wp.kristdemokraterna.se\/borudolfsson\/wp-json\/wp\/v2\/pages\/47","targetHints":{"allow":["GET"]}}],"collection":[{"href":"https:\/\/wp.kristdemokraterna.se\/borudolfsson\/wp-json\/wp\/v2\/pages"}],"about":[{"href":"https:\/\/wp.kristdemokraterna.se\/borudolfsson\/wp-json\/wp\/v2\/types\/page"}],"author":[{"embeddable":true,"href":"https:\/\/wp.kristdemokraterna.se\/borudolfsson\/wp-json\/wp\/v2\/users\/553"}],"replies":[{"embeddable":true,"href":"https:\/\/wp.kristdemokraterna.se\/borudolfsson\/wp-json\/wp\/v2\/comments?post=47"}],"version-history":[{"count":10,"href":"https:\/\/wp.kristdemokraterna.se\/borudolfsson\/wp-json\/wp\/v2\/pages\/47\/revisions"}],"predecessor-version":[{"id":196,"href":"https:\/\/wp.kristdemokraterna.se\/borudolfsson\/wp-json\/wp\/v2\/pages\/47\/revisions\/196"}],"wp:attachment":[{"href":"https:\/\/wp.kristdemokraterna.se\/borudolfsson\/wp-json\/wp\/v2\/media?parent=47"}],"curies":[{"name":"wp","href":"https:\/\/api.w.org\/{rel}","templated":true}]}}