{"id":51,"date":"2013-11-27T11:56:28","date_gmt":"2013-11-27T10:56:28","guid":{"rendered":"http:\/\/wp.kristdemokraterna.se\/borudolfsson\/?page_id=51"},"modified":"2026-02-04T19:15:33","modified_gmt":"2026-02-04T18:15:33","slug":"politiska-uppdrag-2010-2014","status":"publish","type":"page","link":"https:\/\/wp.kristdemokraterna.se\/borudolfsson\/politiska-uppdrag-2010-2014\/","title":{"rendered":"Politiska uppdrag&#8230;"},"content":{"rendered":"<p><a href=\"http:\/\/www.regionorebrolan.se\"><strong>Region \u00d6rebro l\u00e4n<\/strong><\/a><br \/>\n1:e vice ordf\u00f6rande i Regionfullm\u00e4ktige<br \/>\nLedamot i Regionfullm\u00e4ktige<br \/>\nLedamot i n\u00e4mnden f\u00f6r Regional tillv\u00e4xt<br \/>\n1:e vice ordf\u00f6rande i Demokratiberedningen<br \/>\nLedamot i Demokratiberedningen<br \/>\nLedamot i Coompanion styrelse<br \/>\nLedamot i Finsam Sydn\u00e4rkes styrelse<\/p>\n<p><strong>\u00d6vrigt<br \/>\n<\/strong>Valledare i KD \u00d6rebro<\/p>\n<p>&nbsp;<\/p>\n","protected":false},"excerpt":{"rendered":"<p>Region \u00d6rebro l\u00e4n 1:e vice ordf\u00f6rande i Regionfullm\u00e4ktige Ledamot i Regionfullm\u00e4ktige Ledamot i n\u00e4mnden f\u00f6r Regional tillv\u00e4xt 1:e vice ordf\u00f6rande i Demokratiberedningen Ledamot i Demokratiberedningen Ledamot i Coompanion styrelse Ledamot i Finsam Sydn\u00e4rkes styrelse \u00d6vrigt Valledare i KD \u00d6rebro &nbsp;<\/p>\n","protected":false},"author":553,"featured_media":0,"parent":0,"menu_order":0,"comment_status":"closed","ping_status":"closed","template":"","meta":{"_acf_changed":false,"footnotes":""},"class_list":["post-51","page","type-page","status-publish","hentry"],"acf":[],"yoast_head":"<!-- This site is optimized with the Yoast SEO plugin v27.3 - https:\/\/yoast.com\/product\/yoast-seo-wordpress\/ -->\n<title>Politiska uppdrag... - Bo Rudolfsson<\/title>\n<meta name=\"robots\" content=\"index, follow, max-snippet:-1, max-image-preview:large, max-video-preview:-1\" \/>\n<link rel=\"canonical\" href=\"https:\/\/wp.kristdemokraterna.se\/borudolfsson\/politiska-uppdrag-2010-2014\/\" \/>\n<meta property=\"og:locale\" content=\"sv_SE\" \/>\n<meta property=\"og:type\" content=\"article\" \/>\n<meta property=\"og:title\" content=\"Politiska uppdrag... - Bo Rudolfsson\" \/>\n<meta property=\"og:description\" content=\"Region \u00d6rebro l\u00e4n 1:e vice ordf\u00f6rande i Regionfullm\u00e4ktige Ledamot i Regionfullm\u00e4ktige Ledamot i n\u00e4mnden f\u00f6r Regional tillv\u00e4xt 1:e vice ordf\u00f6rande i Demokratiberedningen Ledamot i Demokratiberedningen Ledamot i Coompanion styrelse Ledamot i Finsam Sydn\u00e4rkes styrelse \u00d6vrigt Valledare i KD \u00d6rebro &nbsp;\" \/>\n<meta property=\"og:url\" content=\"https:\/\/wp.kristdemokraterna.se\/borudolfsson\/politiska-uppdrag-2010-2014\/\" \/>\n<meta property=\"og:site_name\" content=\"Bo Rudolfsson\" \/>\n<meta property=\"article:modified_time\" content=\"2026-02-04T18:15:33+00:00\" \/>\n<meta name=\"twitter:card\" content=\"summary_large_image\" \/>\n<meta name=\"twitter:label1\" content=\"Ber\u00e4knad l\u00e4stid\" \/>\n\t<meta name=\"twitter:data1\" content=\"1 minut\" \/>\n<script type=\"application\/ld+json\" class=\"yoast-schema-graph\">{\"@context\":\"https:\\\/\\\/schema.org\",\"@graph\":[{\"@type\":\"WebPage\",\"@id\":\"https:\\\/\\\/wp.kristdemokraterna.se\\\/borudolfsson\\\/politiska-uppdrag-2010-2014\\\/\",\"url\":\"https:\\\/\\\/wp.kristdemokraterna.se\\\/borudolfsson\\\/politiska-uppdrag-2010-2014\\\/\",\"name\":\"Politiska uppdrag... - Bo Rudolfsson\",\"isPartOf\":{\"@id\":\"https:\\\/\\\/wp.kristdemokraterna.se\\\/borudolfsson\\\/#website\"},\"datePublished\":\"2013-11-27T10:56:28+00:00\",\"dateModified\":\"2026-02-04T18:15:33+00:00\",\"breadcrumb\":{\"@id\":\"https:\\\/\\\/wp.kristdemokraterna.se\\\/borudolfsson\\\/politiska-uppdrag-2010-2014\\\/#breadcrumb\"},\"inLanguage\":\"sv-SE\",\"potentialAction\":[{\"@type\":\"ReadAction\",\"target\":[\"https:\\\/\\\/wp.kristdemokraterna.se\\\/borudolfsson\\\/politiska-uppdrag-2010-2014\\\/\"]}]},{\"@type\":\"BreadcrumbList\",\"@id\":\"https:\\\/\\\/wp.kristdemokraterna.se\\\/borudolfsson\\\/politiska-uppdrag-2010-2014\\\/#breadcrumb\",\"itemListElement\":[{\"@type\":\"ListItem\",\"position\":1,\"name\":\"Hem\",\"item\":\"https:\\\/\\\/wp.kristdemokraterna.se\\\/borudolfsson\\\/\"},{\"@type\":\"ListItem\",\"position\":2,\"name\":\"Politiska uppdrag&#8230;\"}]},{\"@type\":\"WebSite\",\"@id\":\"https:\\\/\\\/wp.kristdemokraterna.se\\\/borudolfsson\\\/#website\",\"url\":\"https:\\\/\\\/wp.kristdemokraterna.se\\\/borudolfsson\\\/\",\"name\":\"Bo Rudolfsson\",\"description\":\"Ett b\u00e4ttre Lax\u00e5 - och Sverige!\",\"inLanguage\":\"sv-SE\"}]}<\/script>\n<!-- \/ Yoast SEO plugin. -->","yoast_head_json":{"title":"Politiska uppdrag... - Bo Rudolfsson","robots":{"index":"index","follow":"follow","max-snippet":"max-snippet:-1","max-image-preview":"max-image-preview:large","max-video-preview":"max-video-preview:-1"},"canonical":"https:\/\/wp.kristdemokraterna.se\/borudolfsson\/politiska-uppdrag-2010-2014\/","og_locale":"sv_SE","og_type":"article","og_title":"Politiska uppdrag... - Bo Rudolfsson","og_description":"Region \u00d6rebro l\u00e4n 1:e vice ordf\u00f6rande i Regionfullm\u00e4ktige Ledamot i Regionfullm\u00e4ktige Ledamot i n\u00e4mnden f\u00f6r Regional tillv\u00e4xt 1:e vice ordf\u00f6rande i Demokratiberedningen Ledamot i Demokratiberedningen Ledamot i Coompanion styrelse Ledamot i Finsam Sydn\u00e4rkes styrelse \u00d6vrigt Valledare i KD \u00d6rebro &nbsp;","og_url":"https:\/\/wp.kristdemokraterna.se\/borudolfsson\/politiska-uppdrag-2010-2014\/","og_site_name":"Bo Rudolfsson","article_modified_time":"2026-02-04T18:15:33+00:00","twitter_card":"summary_large_image","twitter_misc":{"Ber\u00e4knad l\u00e4stid":"1 minut"},"schema":{"@context":"https:\/\/schema.org","@graph":[{"@type":"WebPage","@id":"https:\/\/wp.kristdemokraterna.se\/borudolfsson\/politiska-uppdrag-2010-2014\/","url":"https:\/\/wp.kristdemokraterna.se\/borudolfsson\/politiska-uppdrag-2010-2014\/","name":"Politiska uppdrag... - Bo Rudolfsson","isPartOf":{"@id":"https:\/\/wp.kristdemokraterna.se\/borudolfsson\/#website"},"datePublished":"2013-11-27T10:56:28+00:00","dateModified":"2026-02-04T18:15:33+00:00","breadcrumb":{"@id":"https:\/\/wp.kristdemokraterna.se\/borudolfsson\/politiska-uppdrag-2010-2014\/#breadcrumb"},"inLanguage":"sv-SE","potentialAction":[{"@type":"ReadAction","target":["https:\/\/wp.kristdemokraterna.se\/borudolfsson\/politiska-uppdrag-2010-2014\/"]}]},{"@type":"BreadcrumbList","@id":"https:\/\/wp.kristdemokraterna.se\/borudolfsson\/politiska-uppdrag-2010-2014\/#breadcrumb","itemListElement":[{"@type":"ListItem","position":1,"name":"Hem","item":"https:\/\/wp.kristdemokraterna.se\/borudolfsson\/"},{"@type":"ListItem","position":2,"name":"Politiska uppdrag&#8230;"}]},{"@type":"WebSite","@id":"https:\/\/wp.kristdemokraterna.se\/borudolfsson\/#website","url":"https:\/\/wp.kristdemokraterna.se\/borudolfsson\/","name":"Bo Rudolfsson","description":"Ett b\u00e4ttre Lax\u00e5 - och Sverige!","inLanguage":"sv-SE"}]}},"_links":{"self":[{"href":"https:\/\/wp.kristdemokraterna.se\/borudolfsson\/wp-json\/wp\/v2\/pages\/51","targetHints":{"allow":["GET"]}}],"collection":[{"href":"https:\/\/wp.kristdemokraterna.se\/borudolfsson\/wp-json\/wp\/v2\/pages"}],"about":[{"href":"https:\/\/wp.kristdemokraterna.se\/borudolfsson\/wp-json\/wp\/v2\/types\/page"}],"author":[{"embeddable":true,"href":"https:\/\/wp.kristdemokraterna.se\/borudolfsson\/wp-json\/wp\/v2\/users\/553"}],"replies":[{"embeddable":true,"href":"https:\/\/wp.kristdemokraterna.se\/borudolfsson\/wp-json\/wp\/v2\/comments?post=51"}],"version-history":[{"count":7,"href":"https:\/\/wp.kristdemokraterna.se\/borudolfsson\/wp-json\/wp\/v2\/pages\/51\/revisions"}],"predecessor-version":[{"id":197,"href":"https:\/\/wp.kristdemokraterna.se\/borudolfsson\/wp-json\/wp\/v2\/pages\/51\/revisions\/197"}],"wp:attachment":[{"href":"https:\/\/wp.kristdemokraterna.se\/borudolfsson\/wp-json\/wp\/v2\/media?parent=51"}],"curies":[{"name":"wp","href":"https:\/\/api.w.org\/{rel}","templated":true}]}}