{"id":8,"date":"2012-11-19T15:56:50","date_gmt":"2012-11-19T14:56:50","guid":{"rendered":"http:\/\/wp.kristdemokraterna.se\/borudolfsson\/?page_id=8"},"modified":"2026-02-04T19:16:33","modified_gmt":"2026-02-04T18:16:33","slug":"kontakta-oss","status":"publish","type":"page","link":"https:\/\/wp.kristdemokraterna.se\/borudolfsson\/kontakta-oss\/","title":{"rendered":"Kontakta mig"},"content":{"rendered":"<p>Du kan n\u00e5 mig f\u00f6r samtal eller f\u00f6rslag genom att anv\u00e4nda nedan:<\/p>\n<p>Bo Rudolfsson<br \/>\nMobil: 070 &#8211; 580 93 92<br \/>\nE-post:\u00a0 bo@rudolfsson.se*<br \/>\nWhatsApp<br \/>\nMessenger<\/p>\n","protected":false},"excerpt":{"rendered":"<p>Du kan n\u00e5 mig f\u00f6r samtal eller f\u00f6rslag genom att anv\u00e4nda nedan: Bo Rudolfsson Mobil: 070 &#8211; 580 93 92 E-post:\u00a0 bo@rudolfsson.se* WhatsApp Messenger<\/p>\n","protected":false},"author":553,"featured_media":0,"parent":0,"menu_order":0,"comment_status":"closed","ping_status":"closed","template":"","meta":{"_acf_changed":false,"footnotes":""},"class_list":["post-8","page","type-page","status-publish","hentry"],"acf":[],"yoast_head":"<!-- This site is optimized with the Yoast SEO plugin v27.3 - https:\/\/yoast.com\/product\/yoast-seo-wordpress\/ -->\n<title>Kontakta mig - Bo Rudolfsson<\/title>\n<meta name=\"robots\" content=\"index, follow, max-snippet:-1, max-image-preview:large, max-video-preview:-1\" \/>\n<link rel=\"canonical\" href=\"https:\/\/wp.kristdemokraterna.se\/borudolfsson\/kontakta-oss\/\" \/>\n<meta property=\"og:locale\" content=\"sv_SE\" \/>\n<meta property=\"og:type\" content=\"article\" \/>\n<meta property=\"og:title\" content=\"Kontakta mig - Bo Rudolfsson\" \/>\n<meta property=\"og:description\" content=\"Du kan n\u00e5 mig f\u00f6r samtal eller f\u00f6rslag genom att anv\u00e4nda nedan: Bo Rudolfsson Mobil: 070 &#8211; 580 93 92 E-post:\u00a0 bo@rudolfsson.se* WhatsApp Messenger\" \/>\n<meta property=\"og:url\" content=\"https:\/\/wp.kristdemokraterna.se\/borudolfsson\/kontakta-oss\/\" \/>\n<meta property=\"og:site_name\" content=\"Bo Rudolfsson\" \/>\n<meta property=\"article:modified_time\" content=\"2026-02-04T18:16:33+00:00\" \/>\n<meta name=\"twitter:card\" content=\"summary_large_image\" \/>\n<meta name=\"twitter:label1\" content=\"Ber\u00e4knad l\u00e4stid\" \/>\n\t<meta name=\"twitter:data1\" content=\"1 minut\" \/>\n<script type=\"application\/ld+json\" class=\"yoast-schema-graph\">{\"@context\":\"https:\\\/\\\/schema.org\",\"@graph\":[{\"@type\":\"WebPage\",\"@id\":\"https:\\\/\\\/wp.kristdemokraterna.se\\\/borudolfsson\\\/kontakta-oss\\\/\",\"url\":\"https:\\\/\\\/wp.kristdemokraterna.se\\\/borudolfsson\\\/kontakta-oss\\\/\",\"name\":\"Kontakta mig - Bo Rudolfsson\",\"isPartOf\":{\"@id\":\"https:\\\/\\\/wp.kristdemokraterna.se\\\/borudolfsson\\\/#website\"},\"datePublished\":\"2012-11-19T14:56:50+00:00\",\"dateModified\":\"2026-02-04T18:16:33+00:00\",\"breadcrumb\":{\"@id\":\"https:\\\/\\\/wp.kristdemokraterna.se\\\/borudolfsson\\\/kontakta-oss\\\/#breadcrumb\"},\"inLanguage\":\"sv-SE\",\"potentialAction\":[{\"@type\":\"ReadAction\",\"target\":[\"https:\\\/\\\/wp.kristdemokraterna.se\\\/borudolfsson\\\/kontakta-oss\\\/\"]}]},{\"@type\":\"BreadcrumbList\",\"@id\":\"https:\\\/\\\/wp.kristdemokraterna.se\\\/borudolfsson\\\/kontakta-oss\\\/#breadcrumb\",\"itemListElement\":[{\"@type\":\"ListItem\",\"position\":1,\"name\":\"Hem\",\"item\":\"https:\\\/\\\/wp.kristdemokraterna.se\\\/borudolfsson\\\/\"},{\"@type\":\"ListItem\",\"position\":2,\"name\":\"Kontakta mig\"}]},{\"@type\":\"WebSite\",\"@id\":\"https:\\\/\\\/wp.kristdemokraterna.se\\\/borudolfsson\\\/#website\",\"url\":\"https:\\\/\\\/wp.kristdemokraterna.se\\\/borudolfsson\\\/\",\"name\":\"Bo Rudolfsson\",\"description\":\"Ett b\u00e4ttre Lax\u00e5 - och Sverige!\",\"inLanguage\":\"sv-SE\"}]}<\/script>\n<!-- \/ Yoast SEO plugin. -->","yoast_head_json":{"title":"Kontakta mig - Bo Rudolfsson","robots":{"index":"index","follow":"follow","max-snippet":"max-snippet:-1","max-image-preview":"max-image-preview:large","max-video-preview":"max-video-preview:-1"},"canonical":"https:\/\/wp.kristdemokraterna.se\/borudolfsson\/kontakta-oss\/","og_locale":"sv_SE","og_type":"article","og_title":"Kontakta mig - Bo Rudolfsson","og_description":"Du kan n\u00e5 mig f\u00f6r samtal eller f\u00f6rslag genom att anv\u00e4nda nedan: Bo Rudolfsson Mobil: 070 &#8211; 580 93 92 E-post:\u00a0 bo@rudolfsson.se* WhatsApp Messenger","og_url":"https:\/\/wp.kristdemokraterna.se\/borudolfsson\/kontakta-oss\/","og_site_name":"Bo Rudolfsson","article_modified_time":"2026-02-04T18:16:33+00:00","twitter_card":"summary_large_image","twitter_misc":{"Ber\u00e4knad l\u00e4stid":"1 minut"},"schema":{"@context":"https:\/\/schema.org","@graph":[{"@type":"WebPage","@id":"https:\/\/wp.kristdemokraterna.se\/borudolfsson\/kontakta-oss\/","url":"https:\/\/wp.kristdemokraterna.se\/borudolfsson\/kontakta-oss\/","name":"Kontakta mig - Bo Rudolfsson","isPartOf":{"@id":"https:\/\/wp.kristdemokraterna.se\/borudolfsson\/#website"},"datePublished":"2012-11-19T14:56:50+00:00","dateModified":"2026-02-04T18:16:33+00:00","breadcrumb":{"@id":"https:\/\/wp.kristdemokraterna.se\/borudolfsson\/kontakta-oss\/#breadcrumb"},"inLanguage":"sv-SE","potentialAction":[{"@type":"ReadAction","target":["https:\/\/wp.kristdemokraterna.se\/borudolfsson\/kontakta-oss\/"]}]},{"@type":"BreadcrumbList","@id":"https:\/\/wp.kristdemokraterna.se\/borudolfsson\/kontakta-oss\/#breadcrumb","itemListElement":[{"@type":"ListItem","position":1,"name":"Hem","item":"https:\/\/wp.kristdemokraterna.se\/borudolfsson\/"},{"@type":"ListItem","position":2,"name":"Kontakta mig"}]},{"@type":"WebSite","@id":"https:\/\/wp.kristdemokraterna.se\/borudolfsson\/#website","url":"https:\/\/wp.kristdemokraterna.se\/borudolfsson\/","name":"Bo Rudolfsson","description":"Ett b\u00e4ttre Lax\u00e5 - och Sverige!","inLanguage":"sv-SE"}]}},"_links":{"self":[{"href":"https:\/\/wp.kristdemokraterna.se\/borudolfsson\/wp-json\/wp\/v2\/pages\/8","targetHints":{"allow":["GET"]}}],"collection":[{"href":"https:\/\/wp.kristdemokraterna.se\/borudolfsson\/wp-json\/wp\/v2\/pages"}],"about":[{"href":"https:\/\/wp.kristdemokraterna.se\/borudolfsson\/wp-json\/wp\/v2\/types\/page"}],"author":[{"embeddable":true,"href":"https:\/\/wp.kristdemokraterna.se\/borudolfsson\/wp-json\/wp\/v2\/users\/553"}],"replies":[{"embeddable":true,"href":"https:\/\/wp.kristdemokraterna.se\/borudolfsson\/wp-json\/wp\/v2\/comments?post=8"}],"version-history":[{"count":24,"href":"https:\/\/wp.kristdemokraterna.se\/borudolfsson\/wp-json\/wp\/v2\/pages\/8\/revisions"}],"predecessor-version":[{"id":198,"href":"https:\/\/wp.kristdemokraterna.se\/borudolfsson\/wp-json\/wp\/v2\/pages\/8\/revisions\/198"}],"wp:attachment":[{"href":"https:\/\/wp.kristdemokraterna.se\/borudolfsson\/wp-json\/wp\/v2\/media?parent=8"}],"curies":[{"name":"wp","href":"https:\/\/api.w.org\/{rel}","templated":true}]}}