{"id":301,"date":"2017-02-17T15:13:37","date_gmt":"2017-02-17T14:13:37","guid":{"rendered":"http:\/\/wp.kristdemokraterna.se\/botkyrka\/?page_id=301"},"modified":"2026-03-26T21:08:49","modified_gmt":"2026-03-26T20:08:49","slug":"fortroendevalda","status":"publish","type":"page","link":"https:\/\/wp.kristdemokraterna.se\/botkyrka\/fortroendevalda\/","title":{"rendered":"F\u00f6rtroendevalda"},"content":{"rendered":"<p><span style=\"color: #000000\"><strong>Stefan Dayne &#8211; Gruppledare och Kommunalr\u00e5d:<\/strong><\/span><br \/>\nTeknik- och fastighetsn\u00e4mnden &#8211; ordf\u00f6rande<br \/>\nKommunstyrelsen &#8211; ledamot<br \/>\nKommunfullm\u00e4ktige &#8211; ledamot<br \/>\nKrisledningsn\u00e4mnden &#8211; ledamot<br \/>\nTullinge kommundelsn\u00e4mnd &#8211; ledamot<br \/>\nPersonal- och upphandlingsberedningen &#8211; vice ordf\u00f6rande<br \/>\nBotkyrka stadsn\u00e4t AB &#8211; ordf\u00f6rande<br \/>\nS\u00f6dert\u00f6rns brandf\u00f6rsvarsf\u00f6rbund \u2013 Ordf\u00f6rande<br \/>\nSyvab \u2013 suppleant<\/p>\n<p><span style=\"color: #000000\"><strong>Yusuf Aydin &#8211; Partiavdelningens ordf\u00f6rande<\/strong><\/span><br \/>\nSamh\u00e4llsbyggnadsn\u00e4mnden &#8211; ordf\u00f6rande<br \/>\nSamh\u00e4llsbyggnadsn\u00e4mndens bygglovsberedning &#8211; ordf\u00f6rande<br \/>\nSamh\u00e4llsbyggnadsn\u00e4mndens namnberedning &#8211; ledamot<br \/>\nBeredningen f\u00f6r h\u00e5llbar samh\u00e4llsutveckling &#8211; ordf\u00f6rande<br \/>\nKF:s valberedning \u2013 vice ordf\u00f6rande<br \/>\nR\u00e5det f\u00f6r civilsamh\u00e4llesfr\u00e5gor &#8211; ordf\u00f6rande<br \/>\nKommunstyrelsen \u2013 ers\u00e4ttare<br \/>\nKommunfullm\u00e4ktige \u2013 ledamot<br \/>\nStorsthlm &#8211; ers\u00e4ttare<\/p>\n<p><strong>Filippa Ikoona Balyeidhusa<\/strong><br \/>\nSamh\u00e4llsbyggnadsn\u00e4mnden &#8211; ers\u00e4ttare<\/p>\n<p><span style=\"color: #000000\"><strong>Youssef Bchara<\/strong><\/span><br \/>\nM\u00e5ngkulturellt centrum (MKC) &#8211; ledamot<\/p>\n<p><span style=\"color: #000000\"><strong>Caroline Blom<\/strong><\/span><br \/>\nKommunfullm\u00e4ktige \u2013 ledamot<br \/>\nTrygghetsberedningen &#8211; ledamot<br \/>\nTullinge kommundelsn\u00e4mnd &#8211; ers\u00e4ttare<\/p>\n<p><strong>Bo Claesson<\/strong><br \/>\nUpplev Botkyrka AB &#8211; ordf\u00f6rande<br \/>\nArbetsmarknads- och vuxenutbildningsn\u00e4mnden \u2013 ers\u00e4ttare<br \/>\nGode M\u00e4n t\u00e4tortsf\u00f6rh\u00e5llanden &#8211; God man<\/p>\n<p><strong>Mariam Danho<\/strong><br \/>\nTeknik- och fastighetsn\u00e4mnden &#8211; ers\u00e4ttare<br \/>\nV\u00e5rd- och omsorgsn\u00e4mnden &#8211; ers\u00e4ttare<br \/>\nS\u00f6dert\u00f6rns Tingsr\u00e4tt &#8211; n\u00e4mndeman<\/p>\n<p><span style=\"color: #000000\"><strong>Charlotta Eriksson<\/strong><\/span><br \/>\nKommunfullm\u00e4ktige &#8211; ledamot<br \/>\nSocialn\u00e4mnden &#8211; ledamot<br \/>\nBarnutskottet &#8211; 1:e vice ordf\u00f6rande<br \/>\nUtbildningsn\u00e4mnden &#8211; ledamot<\/p>\n<p><strong>Donald Eriksson<\/strong><br \/>\nKommunens revisorer &#8211; ledamot<br \/>\nUpplev Botkyrka AB &#8211; revisorssuppleant<br \/>\nBotkyrka S\u00f6dra Porten AB &#8211; revisorssuppleant<br \/>\nBotkyrka S\u00f6dra Porten Holding AB &#8211; revisorssuppleant<br \/>\nMKC &#8211; revisor<\/p>\n<p><strong>Samer Fendukly<\/strong><br \/>\nKommunfullm\u00e4ktige &#8211; ers\u00e4ttare<br \/>\nTeknik- och fastighetsn\u00e4mnden \u2013 ledamot<\/p>\n<p><strong>Camilla Frejman<\/strong><br \/>\nKommunfullm\u00e4ktige &#8211; ers\u00e4ttare<br \/>\nKultur- och fritidsn\u00e4mnden \u2013 ledamot<br \/>\nKultur- och fritidsn\u00e4mndens f\u00f6reningsr\u00e5d &#8211; ledamot<br \/>\nSamh\u00e4llsbyggnadsn\u00e4mndens namnberedning &#8211; adjungerad ledamot<br \/>\nFunktionsr\u00e4ttsr\u00e5det &#8211; vice ordf\u00f6rande<br \/>\nValn\u00e4mnden \u2013 ledamot<\/p>\n<p><strong>Suziie Hawsho<\/strong><br \/>\nUtbildningsn\u00e4mnden &#8211; ers\u00e4ttare<br \/>\nSocialn\u00e4mnden &#8211; ers\u00e4ttare<\/p>\n<p><strong>Josef Jakobsson<\/strong><br \/>\nBotkyrka Stadsn\u00e4t AB &#8211; suppleant<\/p>\n<p><strong>Leena-Karie Zetterlund Nilsson<\/strong><br \/>\nKommunfullm\u00e4ktige &#8211; ers\u00e4ttare<br \/>\nV\u00e5rd- och omsorgsn\u00e4mnden &#8211; 1:e vice ordf\u00f6rande<br \/>\nPension\u00e4rsr\u00e5det &#8211; ordf\u00f6rande<\/p>\n<p><strong>Markus Rydell<\/strong><br \/>\nAB Botkyrkabyggen &#8211; ledamot<br \/>\nAB Alf\u00e5geln &#8211; ledamot<br \/>\nKultur- och fritidsn\u00e4mnden \u2013 ers\u00e4ttare<\/p>\n<p><strong>Sabri Touma<\/strong><br \/>\nMilj\u00f6- och h\u00e4lsoskyddsn\u00e4mnden &#8211; ledamot<\/p>\n<p><strong>Eber Vikstr\u00f6m<\/strong><br \/>\nS\u00f6dert\u00f6rns Energi AB &#8211; ledamot<\/p>\n<p><strong>Ara Yanekian <\/strong><br \/>\nSamh\u00e4llsbyggnadsn\u00e4mnden \u2013 ers\u00e4ttare<\/p>\n<p><strong>Ebba Ebtesam Zino<\/strong><br \/>\nKommunfullm\u00e4ktige \u2013 ledamot<br \/>\nKommunstyrelsen &#8211; ers\u00e4ttare<br \/>\nDialog- och demokratiberedningen &#8211; 1:e vice ordf\u00f6rande<br \/>\nArbetsmarknads- och vuxenutbildningsn\u00e4mnden \u2013 ledamot<br \/>\nValn\u00e4mnden &#8211; ers\u00e4ttare<br \/>\nS\u00f6dert\u00f6rns Tingsr\u00e4tt &#8211; n\u00e4mndeman<\/p>\n","protected":false},"excerpt":{"rendered":"<p>Stefan Dayne &#8211; Gruppledare och Kommunalr\u00e5d: Teknik- och fastighetsn\u00e4mnden &#8211; ordf\u00f6rande Kommunstyrelsen &#8211; ledamot Kommunfullm\u00e4ktige &#8211; ledamot Krisledningsn\u00e4mnden &#8211; ledamot Tullinge kommundelsn\u00e4mnd &#8211; ledamot Personal- och upphandlingsberedningen &#8211; vice ordf\u00f6rande Botkyrka stadsn\u00e4t AB &#8211; ordf\u00f6rande S\u00f6dert\u00f6rns brandf\u00f6rsvarsf\u00f6rbund \u2013 Ordf\u00f6rande Syvab \u2013 suppleant Yusuf Aydin &#8211; Partiavdelningens ordf\u00f6rande Samh\u00e4llsbyggnadsn\u00e4mnden &#8211; ordf\u00f6rande Samh\u00e4llsbyggnadsn\u00e4mndens bygglovsberedning &#8211; ordf\u00f6rande Samh\u00e4llsbyggnadsn\u00e4mndens <a class=\"read-more-link\" href=\"https:\/\/wp.kristdemokraterna.se\/botkyrka\/fortroendevalda\/\">Read More<\/a><\/p>\n","protected":false},"author":467,"featured_media":0,"parent":0,"menu_order":0,"comment_status":"closed","ping_status":"closed","template":"","meta":{"_acf_changed":false,"footnotes":""},"class_list":["post-301","page","type-page","status-publish","hentry"],"acf":[],"yoast_head":"<!-- This site is optimized with the Yoast SEO plugin v27.3 - https:\/\/yoast.com\/product\/yoast-seo-wordpress\/ -->\n<title>F\u00f6rtroendevalda - Botkyrka<\/title>\n<meta name=\"robots\" content=\"index, follow, max-snippet:-1, max-image-preview:large, max-video-preview:-1\" \/>\n<link rel=\"canonical\" href=\"https:\/\/wp.kristdemokraterna.se\/botkyrka\/fortroendevalda\/\" \/>\n<meta property=\"og:locale\" content=\"sv_SE\" \/>\n<meta property=\"og:type\" content=\"article\" \/>\n<meta property=\"og:title\" content=\"F\u00f6rtroendevalda - Botkyrka\" \/>\n<meta property=\"og:description\" content=\"Stefan Dayne &#8211; Gruppledare och Kommunalr\u00e5d: Teknik- och fastighetsn\u00e4mnden &#8211; ordf\u00f6rande Kommunstyrelsen &#8211; ledamot Kommunfullm\u00e4ktige &#8211; ledamot Krisledningsn\u00e4mnden &#8211; ledamot Tullinge kommundelsn\u00e4mnd &#8211; ledamot Personal- och upphandlingsberedningen &#8211; vice ordf\u00f6rande Botkyrka stadsn\u00e4t AB &#8211; ordf\u00f6rande S\u00f6dert\u00f6rns brandf\u00f6rsvarsf\u00f6rbund \u2013 Ordf\u00f6rande Syvab \u2013 suppleant Yusuf Aydin &#8211; Partiavdelningens ordf\u00f6rande Samh\u00e4llsbyggnadsn\u00e4mnden &#8211; ordf\u00f6rande Samh\u00e4llsbyggnadsn\u00e4mndens bygglovsberedning &#8211; ordf\u00f6rande Samh\u00e4llsbyggnadsn\u00e4mndens Read More\" \/>\n<meta property=\"og:url\" content=\"https:\/\/wp.kristdemokraterna.se\/botkyrka\/fortroendevalda\/\" \/>\n<meta property=\"og:site_name\" content=\"Botkyrka\" \/>\n<meta property=\"article:modified_time\" content=\"2026-03-26T20:08:49+00:00\" \/>\n<meta name=\"twitter:card\" content=\"summary_large_image\" \/>\n<meta name=\"twitter:label1\" content=\"Ber\u00e4knad l\u00e4stid\" \/>\n\t<meta name=\"twitter:data1\" content=\"2 minuter\" \/>\n<script type=\"application\/ld+json\" class=\"yoast-schema-graph\">{\"@context\":\"https:\\\/\\\/schema.org\",\"@graph\":[{\"@type\":\"WebPage\",\"@id\":\"https:\\\/\\\/wp.kristdemokraterna.se\\\/botkyrka\\\/fortroendevalda\\\/\",\"url\":\"https:\\\/\\\/wp.kristdemokraterna.se\\\/botkyrka\\\/fortroendevalda\\\/\",\"name\":\"F\u00f6rtroendevalda - Botkyrka\",\"isPartOf\":{\"@id\":\"https:\\\/\\\/wp.kristdemokraterna.se\\\/botkyrka\\\/#website\"},\"datePublished\":\"2017-02-17T14:13:37+00:00\",\"dateModified\":\"2026-03-26T20:08:49+00:00\",\"breadcrumb\":{\"@id\":\"https:\\\/\\\/wp.kristdemokraterna.se\\\/botkyrka\\\/fortroendevalda\\\/#breadcrumb\"},\"inLanguage\":\"sv-SE\",\"potentialAction\":[{\"@type\":\"ReadAction\",\"target\":[\"https:\\\/\\\/wp.kristdemokraterna.se\\\/botkyrka\\\/fortroendevalda\\\/\"]}]},{\"@type\":\"BreadcrumbList\",\"@id\":\"https:\\\/\\\/wp.kristdemokraterna.se\\\/botkyrka\\\/fortroendevalda\\\/#breadcrumb\",\"itemListElement\":[{\"@type\":\"ListItem\",\"position\":1,\"name\":\"Hem\",\"item\":\"https:\\\/\\\/wp.kristdemokraterna.se\\\/botkyrka\\\/\"},{\"@type\":\"ListItem\",\"position\":2,\"name\":\"F\u00f6rtroendevalda\"}]},{\"@type\":\"WebSite\",\"@id\":\"https:\\\/\\\/wp.kristdemokraterna.se\\\/botkyrka\\\/#website\",\"url\":\"https:\\\/\\\/wp.kristdemokraterna.se\\\/botkyrka\\\/\",\"name\":\"Botkyrka\",\"description\":\"\",\"inLanguage\":\"sv-SE\"}]}<\/script>\n<!-- \/ Yoast SEO plugin. -->","yoast_head_json":{"title":"F\u00f6rtroendevalda - Botkyrka","robots":{"index":"index","follow":"follow","max-snippet":"max-snippet:-1","max-image-preview":"max-image-preview:large","max-video-preview":"max-video-preview:-1"},"canonical":"https:\/\/wp.kristdemokraterna.se\/botkyrka\/fortroendevalda\/","og_locale":"sv_SE","og_type":"article","og_title":"F\u00f6rtroendevalda - Botkyrka","og_description":"Stefan Dayne &#8211; Gruppledare och Kommunalr\u00e5d: Teknik- och fastighetsn\u00e4mnden &#8211; ordf\u00f6rande Kommunstyrelsen &#8211; ledamot Kommunfullm\u00e4ktige &#8211; ledamot Krisledningsn\u00e4mnden &#8211; ledamot Tullinge kommundelsn\u00e4mnd &#8211; ledamot Personal- och upphandlingsberedningen &#8211; vice ordf\u00f6rande Botkyrka stadsn\u00e4t AB &#8211; ordf\u00f6rande S\u00f6dert\u00f6rns brandf\u00f6rsvarsf\u00f6rbund \u2013 Ordf\u00f6rande Syvab \u2013 suppleant Yusuf Aydin &#8211; Partiavdelningens ordf\u00f6rande Samh\u00e4llsbyggnadsn\u00e4mnden &#8211; ordf\u00f6rande Samh\u00e4llsbyggnadsn\u00e4mndens bygglovsberedning &#8211; ordf\u00f6rande Samh\u00e4llsbyggnadsn\u00e4mndens Read More","og_url":"https:\/\/wp.kristdemokraterna.se\/botkyrka\/fortroendevalda\/","og_site_name":"Botkyrka","article_modified_time":"2026-03-26T20:08:49+00:00","twitter_card":"summary_large_image","twitter_misc":{"Ber\u00e4knad l\u00e4stid":"2 minuter"},"schema":{"@context":"https:\/\/schema.org","@graph":[{"@type":"WebPage","@id":"https:\/\/wp.kristdemokraterna.se\/botkyrka\/fortroendevalda\/","url":"https:\/\/wp.kristdemokraterna.se\/botkyrka\/fortroendevalda\/","name":"F\u00f6rtroendevalda - Botkyrka","isPartOf":{"@id":"https:\/\/wp.kristdemokraterna.se\/botkyrka\/#website"},"datePublished":"2017-02-17T14:13:37+00:00","dateModified":"2026-03-26T20:08:49+00:00","breadcrumb":{"@id":"https:\/\/wp.kristdemokraterna.se\/botkyrka\/fortroendevalda\/#breadcrumb"},"inLanguage":"sv-SE","potentialAction":[{"@type":"ReadAction","target":["https:\/\/wp.kristdemokraterna.se\/botkyrka\/fortroendevalda\/"]}]},{"@type":"BreadcrumbList","@id":"https:\/\/wp.kristdemokraterna.se\/botkyrka\/fortroendevalda\/#breadcrumb","itemListElement":[{"@type":"ListItem","position":1,"name":"Hem","item":"https:\/\/wp.kristdemokraterna.se\/botkyrka\/"},{"@type":"ListItem","position":2,"name":"F\u00f6rtroendevalda"}]},{"@type":"WebSite","@id":"https:\/\/wp.kristdemokraterna.se\/botkyrka\/#website","url":"https:\/\/wp.kristdemokraterna.se\/botkyrka\/","name":"Botkyrka","description":"","inLanguage":"sv-SE"}]}},"_links":{"self":[{"href":"https:\/\/wp.kristdemokraterna.se\/botkyrka\/wp-json\/wp\/v2\/pages\/301","targetHints":{"allow":["GET"]}}],"collection":[{"href":"https:\/\/wp.kristdemokraterna.se\/botkyrka\/wp-json\/wp\/v2\/pages"}],"about":[{"href":"https:\/\/wp.kristdemokraterna.se\/botkyrka\/wp-json\/wp\/v2\/types\/page"}],"author":[{"embeddable":true,"href":"https:\/\/wp.kristdemokraterna.se\/botkyrka\/wp-json\/wp\/v2\/users\/467"}],"replies":[{"embeddable":true,"href":"https:\/\/wp.kristdemokraterna.se\/botkyrka\/wp-json\/wp\/v2\/comments?post=301"}],"version-history":[{"count":41,"href":"https:\/\/wp.kristdemokraterna.se\/botkyrka\/wp-json\/wp\/v2\/pages\/301\/revisions"}],"predecessor-version":[{"id":1040,"href":"https:\/\/wp.kristdemokraterna.se\/botkyrka\/wp-json\/wp\/v2\/pages\/301\/revisions\/1040"}],"wp:attachment":[{"href":"https:\/\/wp.kristdemokraterna.se\/botkyrka\/wp-json\/wp\/v2\/media?parent=301"}],"curies":[{"name":"wp","href":"https:\/\/api.w.org\/{rel}","templated":true}]}}