{"id":41,"date":"2014-04-29T15:21:45","date_gmt":"2014-04-29T13:21:45","guid":{"rendered":"http:\/\/wp.kristdemokraterna.se\/botkyrka\/?page_id=41"},"modified":"2025-02-14T15:10:45","modified_gmt":"2025-02-14T14:10:45","slug":"lokalavdelningen","status":"publish","type":"page","link":"https:\/\/wp.kristdemokraterna.se\/botkyrka\/lokalavdelningen\/","title":{"rendered":"Kalendarium KD Botkyrka 2025"},"content":{"rendered":"<p><span style=\"color: #3366ff\"><strong>Januari<\/strong><\/span><br \/>\n13 Kommunstyrelse<br \/>\n20 Sammantr\u00e4de Partiavdelningens styrelse<br \/>\n29 Sammantr\u00e4de Kommunfullm\u00e4ktigegruppen<br \/>\n29 Sammantr\u00e4de F\u00f6rtroendegruppen<br \/>\n29 Sammantr\u00e4de Partiavdelningens styrelse<br \/>\n30 Kommunfullm\u00e4ktige<br \/>\n<span style=\"color: #3366ff\"><strong>Februari<\/strong><\/span><br \/>\n1 Digital kick-off KD riks<br \/>\n6 Afterwork med partidistriktet<br \/>\n10 Kommunstyrelse<br \/>\n12 \u00c5rsm\u00f6te partiavdelningen<br \/>\n<span style=\"color: #3366ff\"><strong>Mars<\/strong><\/span><br \/>\n3 Sammantr\u00e4de Kommunfullm\u00e4ktigegruppen<br \/>\n3 Sammantr\u00e4de F\u00f6rtroendegruppen<br \/>\n3 Sammantr\u00e4de Partiavdelningens styrelse<br \/>\n4 Kommunfullm\u00e4ktige<br \/>\n6 Afterwork med partidistriktet<br \/>\n10 Kommunstyrelse<br \/>\n26 Sammantr\u00e4de Kommunfullm\u00e4ktigegruppen<br \/>\n26 Sammantr\u00e4de F\u00f6rtroendegruppen<br \/>\n26 Sammantr\u00e4de Partiavdelningens styrelse<br \/>\n27 Kommunfullm\u00e4ktige<br \/>\n29 Partidistrikts\u00e5rsm\u00f6te<br \/>\n<span style=\"color: #3366ff\"><strong>April<\/strong><\/span><br \/>\n7 Kommunstyrelse<br \/>\n4-5 KD-dagar i Karlstad<br \/>\n22 Afterwork med partidistriktet<br \/>\n23 Sammantr\u00e4de Kommunfullm\u00e4ktigegruppen<br \/>\n23 Sammantr\u00e4de F\u00f6rtroendegruppen<br \/>\n23 Sammantr\u00e4de Partiavdelningens styrelse<br \/>\n24 Kommunfullm\u00e4ktige<br \/>\n<span style=\"color: #3366ff\"><strong>Maj<\/strong><\/span><br \/>\n12 Kommunstyrelse<br \/>\n20 Afterwork med partidistriktet<br \/>\n21 Sammantr\u00e4de Kommunfullm\u00e4ktigegruppen<br \/>\n21 Sammantr\u00e4de F\u00f6rtroendegruppen<br \/>\n21 Sammantr\u00e4de Partiavdelningens styrelse<br \/>\n22 Kommunfullm\u00e4ktige<br \/>\n<span style=\"color: #3366ff\"><strong>Juni<\/strong><\/span><br \/>\n2 Kommunstyrelse<br \/>\n16 Sammantr\u00e4de Kommunfullm\u00e4ktigegruppen<br \/>\n16 Sammantr\u00e4de F\u00f6rtroendegruppen<br \/>\n16 Sammantr\u00e4de Partiavdelningens styrelse<br \/>\n17 Kommunfullm\u00e4ktige<br \/>\n27 Kristdemokraternas dag i Almedalen<br \/>\n<span style=\"color: #3366ff\"><strong>Juli<\/strong><\/span><br \/>\nSommaruppeh\u00e5ll<br \/>\n<span style=\"color: #3366ff\"><strong>Augusti<\/strong><\/span><br \/>\nSommaruppeh\u00e5ll<br \/>\n<span style=\"color: #3366ff\"><strong>September\u00a0<\/strong><\/span><br \/>\n8 Kommunstyrelse<br \/>\n24 Sammantr\u00e4de Kommunfullm\u00e4ktigegruppen<br \/>\n24 Sammantr\u00e4de F\u00f6rtroendegruppen<br \/>\n24 Sammantr\u00e4de Partiavdelningens styrelse<br \/>\n25 Kommunfullm\u00e4ktige<br \/>\n<span style=\"color: #3366ff\"><strong>Oktober\u00a0<\/strong><\/span><br \/>\n6 Kommunstyrelse<br \/>\n22 Sammantr\u00e4de Kommunfullm\u00e4ktigegruppen<br \/>\n22 Sammantr\u00e4de F\u00f6rtroendegruppen<br \/>\n22 Sammantr\u00e4de Partiavdelningens styrelse<br \/>\n23 Kommunfullm\u00e4ktige<br \/>\n24 Kommunstyrelsen beslut om m\u00e5l och budget<br \/>\n<span style=\"color: #3366ff\"><strong>November<\/strong><\/span><br \/>\n10 Kommunstyrelsen<br \/>\n14-16 Riksting i Link\u00f6ping<br \/>\n26 Sammantr\u00e4de Kommunfullm\u00e4ktigegruppen<br \/>\n26 Sammantr\u00e4de F\u00f6rtroendegruppen<br \/>\n26 Sammantr\u00e4de Partiavdelningens styrelse<br \/>\n27 Budgetfullm\u00e4ktige Heldag<br \/>\n<span style=\"color: #3366ff\"><strong>December<\/strong><\/span><br \/>\n8 Kommunstyrelsen<br \/>\n17 Sammantr\u00e4de Kommunfullm\u00e4ktigegruppen<br \/>\n17 Sammantr\u00e4de F\u00f6rtroendegruppen &#8211; Julavslutning<br \/>\n17 Sammantr\u00e4de Partiavdelningens styrelse<br \/>\n18 Kommunfullm\u00e4ktige<\/p>\n","protected":false},"excerpt":{"rendered":"<p>Januari 13 Kommunstyrelse 20 Sammantr\u00e4de Partiavdelningens styrelse 29 Sammantr\u00e4de Kommunfullm\u00e4ktigegruppen 29 Sammantr\u00e4de F\u00f6rtroendegruppen 29 Sammantr\u00e4de Partiavdelningens styrelse 30 Kommunfullm\u00e4ktige Februari 1 Digital kick-off KD riks 6 Afterwork med partidistriktet 10 Kommunstyrelse 12 \u00c5rsm\u00f6te partiavdelningen Mars 3 Sammantr\u00e4de Kommunfullm\u00e4ktigegruppen 3 Sammantr\u00e4de F\u00f6rtroendegruppen 3 Sammantr\u00e4de Partiavdelningens styrelse 4 Kommunfullm\u00e4ktige 6 Afterwork med partidistriktet 10 Kommunstyrelse 26 Sammantr\u00e4de <a class=\"read-more-link\" href=\"https:\/\/wp.kristdemokraterna.se\/botkyrka\/lokalavdelningen\/\">Read More<\/a><\/p>\n","protected":false},"author":444,"featured_media":0,"parent":0,"menu_order":0,"comment_status":"closed","ping_status":"closed","template":"","meta":{"_acf_changed":false,"footnotes":""},"class_list":["post-41","page","type-page","status-publish","hentry"],"acf":[],"yoast_head":"<!-- This site is optimized with the Yoast SEO plugin v27.4 - https:\/\/yoast.com\/product\/yoast-seo-wordpress\/ -->\n<title>Kalendarium KD Botkyrka 2025 - Botkyrka<\/title>\n<meta name=\"robots\" content=\"index, follow, max-snippet:-1, max-image-preview:large, max-video-preview:-1\" \/>\n<link rel=\"canonical\" href=\"https:\/\/wp.kristdemokraterna.se\/botkyrka\/lokalavdelningen\/\" \/>\n<meta property=\"og:locale\" content=\"sv_SE\" \/>\n<meta property=\"og:type\" content=\"article\" \/>\n<meta property=\"og:title\" content=\"Kalendarium KD Botkyrka 2025 - Botkyrka\" \/>\n<meta property=\"og:description\" content=\"Januari 13 Kommunstyrelse 20 Sammantr\u00e4de Partiavdelningens styrelse 29 Sammantr\u00e4de Kommunfullm\u00e4ktigegruppen 29 Sammantr\u00e4de F\u00f6rtroendegruppen 29 Sammantr\u00e4de Partiavdelningens styrelse 30 Kommunfullm\u00e4ktige Februari 1 Digital kick-off KD riks 6 Afterwork med partidistriktet 10 Kommunstyrelse 12 \u00c5rsm\u00f6te partiavdelningen Mars 3 Sammantr\u00e4de Kommunfullm\u00e4ktigegruppen 3 Sammantr\u00e4de F\u00f6rtroendegruppen 3 Sammantr\u00e4de Partiavdelningens styrelse 4 Kommunfullm\u00e4ktige 6 Afterwork med partidistriktet 10 Kommunstyrelse 26 Sammantr\u00e4de Read More\" \/>\n<meta property=\"og:url\" content=\"https:\/\/wp.kristdemokraterna.se\/botkyrka\/lokalavdelningen\/\" \/>\n<meta property=\"og:site_name\" content=\"Botkyrka\" \/>\n<meta property=\"article:modified_time\" content=\"2025-02-14T14:10:45+00:00\" \/>\n<meta name=\"twitter:card\" content=\"summary_large_image\" \/>\n<meta name=\"twitter:label1\" content=\"Ber\u00e4knad l\u00e4stid\" \/>\n\t<meta name=\"twitter:data1\" content=\"2 minuter\" \/>\n<script type=\"application\/ld+json\" class=\"yoast-schema-graph\">{\"@context\":\"https:\\\/\\\/schema.org\",\"@graph\":[{\"@type\":\"WebPage\",\"@id\":\"https:\\\/\\\/wp.kristdemokraterna.se\\\/botkyrka\\\/lokalavdelningen\\\/\",\"url\":\"https:\\\/\\\/wp.kristdemokraterna.se\\\/botkyrka\\\/lokalavdelningen\\\/\",\"name\":\"Kalendarium KD Botkyrka 2025 - Botkyrka\",\"isPartOf\":{\"@id\":\"https:\\\/\\\/wp.kristdemokraterna.se\\\/botkyrka\\\/#website\"},\"datePublished\":\"2014-04-29T13:21:45+00:00\",\"dateModified\":\"2025-02-14T14:10:45+00:00\",\"breadcrumb\":{\"@id\":\"https:\\\/\\\/wp.kristdemokraterna.se\\\/botkyrka\\\/lokalavdelningen\\\/#breadcrumb\"},\"inLanguage\":\"sv-SE\",\"potentialAction\":[{\"@type\":\"ReadAction\",\"target\":[\"https:\\\/\\\/wp.kristdemokraterna.se\\\/botkyrka\\\/lokalavdelningen\\\/\"]}]},{\"@type\":\"BreadcrumbList\",\"@id\":\"https:\\\/\\\/wp.kristdemokraterna.se\\\/botkyrka\\\/lokalavdelningen\\\/#breadcrumb\",\"itemListElement\":[{\"@type\":\"ListItem\",\"position\":1,\"name\":\"Hem\",\"item\":\"https:\\\/\\\/wp.kristdemokraterna.se\\\/botkyrka\\\/\"},{\"@type\":\"ListItem\",\"position\":2,\"name\":\"Kalendarium KD Botkyrka 2025\"}]},{\"@type\":\"WebSite\",\"@id\":\"https:\\\/\\\/wp.kristdemokraterna.se\\\/botkyrka\\\/#website\",\"url\":\"https:\\\/\\\/wp.kristdemokraterna.se\\\/botkyrka\\\/\",\"name\":\"Botkyrka\",\"description\":\"\",\"inLanguage\":\"sv-SE\"}]}<\/script>\n<!-- \/ Yoast SEO plugin. -->","yoast_head_json":{"title":"Kalendarium KD Botkyrka 2025 - Botkyrka","robots":{"index":"index","follow":"follow","max-snippet":"max-snippet:-1","max-image-preview":"max-image-preview:large","max-video-preview":"max-video-preview:-1"},"canonical":"https:\/\/wp.kristdemokraterna.se\/botkyrka\/lokalavdelningen\/","og_locale":"sv_SE","og_type":"article","og_title":"Kalendarium KD Botkyrka 2025 - Botkyrka","og_description":"Januari 13 Kommunstyrelse 20 Sammantr\u00e4de Partiavdelningens styrelse 29 Sammantr\u00e4de Kommunfullm\u00e4ktigegruppen 29 Sammantr\u00e4de F\u00f6rtroendegruppen 29 Sammantr\u00e4de Partiavdelningens styrelse 30 Kommunfullm\u00e4ktige Februari 1 Digital kick-off KD riks 6 Afterwork med partidistriktet 10 Kommunstyrelse 12 \u00c5rsm\u00f6te partiavdelningen Mars 3 Sammantr\u00e4de Kommunfullm\u00e4ktigegruppen 3 Sammantr\u00e4de F\u00f6rtroendegruppen 3 Sammantr\u00e4de Partiavdelningens styrelse 4 Kommunfullm\u00e4ktige 6 Afterwork med partidistriktet 10 Kommunstyrelse 26 Sammantr\u00e4de Read More","og_url":"https:\/\/wp.kristdemokraterna.se\/botkyrka\/lokalavdelningen\/","og_site_name":"Botkyrka","article_modified_time":"2025-02-14T14:10:45+00:00","twitter_card":"summary_large_image","twitter_misc":{"Ber\u00e4knad l\u00e4stid":"2 minuter"},"schema":{"@context":"https:\/\/schema.org","@graph":[{"@type":"WebPage","@id":"https:\/\/wp.kristdemokraterna.se\/botkyrka\/lokalavdelningen\/","url":"https:\/\/wp.kristdemokraterna.se\/botkyrka\/lokalavdelningen\/","name":"Kalendarium KD Botkyrka 2025 - Botkyrka","isPartOf":{"@id":"https:\/\/wp.kristdemokraterna.se\/botkyrka\/#website"},"datePublished":"2014-04-29T13:21:45+00:00","dateModified":"2025-02-14T14:10:45+00:00","breadcrumb":{"@id":"https:\/\/wp.kristdemokraterna.se\/botkyrka\/lokalavdelningen\/#breadcrumb"},"inLanguage":"sv-SE","potentialAction":[{"@type":"ReadAction","target":["https:\/\/wp.kristdemokraterna.se\/botkyrka\/lokalavdelningen\/"]}]},{"@type":"BreadcrumbList","@id":"https:\/\/wp.kristdemokraterna.se\/botkyrka\/lokalavdelningen\/#breadcrumb","itemListElement":[{"@type":"ListItem","position":1,"name":"Hem","item":"https:\/\/wp.kristdemokraterna.se\/botkyrka\/"},{"@type":"ListItem","position":2,"name":"Kalendarium KD Botkyrka 2025"}]},{"@type":"WebSite","@id":"https:\/\/wp.kristdemokraterna.se\/botkyrka\/#website","url":"https:\/\/wp.kristdemokraterna.se\/botkyrka\/","name":"Botkyrka","description":"","inLanguage":"sv-SE"}]}},"_links":{"self":[{"href":"https:\/\/wp.kristdemokraterna.se\/botkyrka\/wp-json\/wp\/v2\/pages\/41","targetHints":{"allow":["GET"]}}],"collection":[{"href":"https:\/\/wp.kristdemokraterna.se\/botkyrka\/wp-json\/wp\/v2\/pages"}],"about":[{"href":"https:\/\/wp.kristdemokraterna.se\/botkyrka\/wp-json\/wp\/v2\/types\/page"}],"author":[{"embeddable":true,"href":"https:\/\/wp.kristdemokraterna.se\/botkyrka\/wp-json\/wp\/v2\/users\/444"}],"replies":[{"embeddable":true,"href":"https:\/\/wp.kristdemokraterna.se\/botkyrka\/wp-json\/wp\/v2\/comments?post=41"}],"version-history":[{"count":30,"href":"https:\/\/wp.kristdemokraterna.se\/botkyrka\/wp-json\/wp\/v2\/pages\/41\/revisions"}],"predecessor-version":[{"id":1002,"href":"https:\/\/wp.kristdemokraterna.se\/botkyrka\/wp-json\/wp\/v2\/pages\/41\/revisions\/1002"}],"wp:attachment":[{"href":"https:\/\/wp.kristdemokraterna.se\/botkyrka\/wp-json\/wp\/v2\/media?parent=41"}],"curies":[{"name":"wp","href":"https:\/\/api.w.org\/{rel}","templated":true}]}}