{"id":784,"date":"2021-04-23T14:28:57","date_gmt":"2021-04-23T12:28:57","guid":{"rendered":"https:\/\/wp.kristdemokraterna.se\/botkyrka\/?page_id=784"},"modified":"2021-04-23T16:12:50","modified_gmt":"2021-04-23T14:12:50","slug":"bli-medlem","status":"publish","type":"page","link":"https:\/\/wp.kristdemokraterna.se\/botkyrka\/bli-medlem\/","title":{"rendered":"Bli medlem"},"content":{"rendered":"<p><strong>Bli medlem i Kristdemokraterna!<\/strong><\/p>\n<p><a href=\"https:\/\/kristdemokraterna.se\/engagera-dig\/bli-medlem\/\">Bli medlem och l\u00e4s mer h\u00e4r!<\/a><\/p>\n<p>Medlemsavgiften \u00e4r 200 kronor per \u00e5r . I ditt v\u00e4lkomstpaket, som du f\u00e5r hemskickat n\u00e5gon vecka efter att du ans\u00f6kt om medlemskap, finns information om hur du kan betala avgiften. Varmt v\u00e4lkommen med din medlemsans\u00f6kan.<\/p>\n<h3>Vi f\u00f6ljer den nya lagstiftningen f\u00f6r behandling av personuppgifter \u2013 GDPR<\/h3>\n<h3>Integritetspolicy f\u00f6r personuppgifter<\/h3>\n<p>Kristdemokraternas integritetspolicy g\u00e4ller hantering av information och behandling av personuppgifter inom den Kristdemokratiska r\u00f6relsen, dvs moderpartiet, partidistrikten och partiavdelningarna.<\/p>\n<p><strong>L\u00e4s v\u00e5r integritetspolicy h\u00e4r<\/strong><br \/>\n<a href=\"https:\/\/kristdemokraterna.se\/integritetspolicy\/\">https:\/\/kristdemokraterna.se\/integritetspolicy\/<\/a><\/p>\n<p>&nbsp;<\/p>\n","protected":false},"excerpt":{"rendered":"<p>Bli medlem i Kristdemokraterna! Bli medlem och l\u00e4s mer h\u00e4r! Medlemsavgiften \u00e4r 200 kronor per \u00e5r . I ditt v\u00e4lkomstpaket, som du f\u00e5r hemskickat n\u00e5gon vecka efter att du ans\u00f6kt om medlemskap, finns information om hur du kan betala avgiften. Varmt v\u00e4lkommen med din medlemsans\u00f6kan. Vi f\u00f6ljer den nya lagstiftningen f\u00f6r behandling av personuppgifter \u2013 <a class=\"read-more-link\" href=\"https:\/\/wp.kristdemokraterna.se\/botkyrka\/bli-medlem\/\">Read More<\/a><\/p>\n","protected":false},"author":467,"featured_media":0,"parent":0,"menu_order":0,"comment_status":"closed","ping_status":"closed","template":"","meta":{"_acf_changed":false,"footnotes":""},"class_list":["post-784","page","type-page","status-publish","hentry"],"acf":[],"yoast_head":"<!-- This site is optimized with the Yoast SEO plugin v27.3 - https:\/\/yoast.com\/product\/yoast-seo-wordpress\/ -->\n<title>Bli medlem - Botkyrka<\/title>\n<meta name=\"robots\" content=\"index, follow, max-snippet:-1, max-image-preview:large, max-video-preview:-1\" \/>\n<link rel=\"canonical\" href=\"https:\/\/wp.kristdemokraterna.se\/botkyrka\/bli-medlem\/\" \/>\n<meta property=\"og:locale\" content=\"sv_SE\" \/>\n<meta property=\"og:type\" content=\"article\" \/>\n<meta property=\"og:title\" content=\"Bli medlem - Botkyrka\" \/>\n<meta property=\"og:description\" content=\"Bli medlem i Kristdemokraterna! Bli medlem och l\u00e4s mer h\u00e4r! Medlemsavgiften \u00e4r 200 kronor per \u00e5r . I ditt v\u00e4lkomstpaket, som du f\u00e5r hemskickat n\u00e5gon vecka efter att du ans\u00f6kt om medlemskap, finns information om hur du kan betala avgiften. Varmt v\u00e4lkommen med din medlemsans\u00f6kan. Vi f\u00f6ljer den nya lagstiftningen f\u00f6r behandling av personuppgifter \u2013 Read More\" \/>\n<meta property=\"og:url\" content=\"https:\/\/wp.kristdemokraterna.se\/botkyrka\/bli-medlem\/\" \/>\n<meta property=\"og:site_name\" content=\"Botkyrka\" \/>\n<meta property=\"article:modified_time\" content=\"2021-04-23T14:12:50+00:00\" \/>\n<meta name=\"twitter:card\" content=\"summary_large_image\" \/>\n<meta name=\"twitter:label1\" content=\"Ber\u00e4knad l\u00e4stid\" \/>\n\t<meta name=\"twitter:data1\" content=\"1 minut\" \/>\n<script type=\"application\/ld+json\" class=\"yoast-schema-graph\">{\"@context\":\"https:\\\/\\\/schema.org\",\"@graph\":[{\"@type\":\"WebPage\",\"@id\":\"https:\\\/\\\/wp.kristdemokraterna.se\\\/botkyrka\\\/bli-medlem\\\/\",\"url\":\"https:\\\/\\\/wp.kristdemokraterna.se\\\/botkyrka\\\/bli-medlem\\\/\",\"name\":\"Bli medlem - Botkyrka\",\"isPartOf\":{\"@id\":\"https:\\\/\\\/wp.kristdemokraterna.se\\\/botkyrka\\\/#website\"},\"datePublished\":\"2021-04-23T12:28:57+00:00\",\"dateModified\":\"2021-04-23T14:12:50+00:00\",\"breadcrumb\":{\"@id\":\"https:\\\/\\\/wp.kristdemokraterna.se\\\/botkyrka\\\/bli-medlem\\\/#breadcrumb\"},\"inLanguage\":\"sv-SE\",\"potentialAction\":[{\"@type\":\"ReadAction\",\"target\":[\"https:\\\/\\\/wp.kristdemokraterna.se\\\/botkyrka\\\/bli-medlem\\\/\"]}]},{\"@type\":\"BreadcrumbList\",\"@id\":\"https:\\\/\\\/wp.kristdemokraterna.se\\\/botkyrka\\\/bli-medlem\\\/#breadcrumb\",\"itemListElement\":[{\"@type\":\"ListItem\",\"position\":1,\"name\":\"Hem\",\"item\":\"https:\\\/\\\/wp.kristdemokraterna.se\\\/botkyrka\\\/\"},{\"@type\":\"ListItem\",\"position\":2,\"name\":\"Bli medlem\"}]},{\"@type\":\"WebSite\",\"@id\":\"https:\\\/\\\/wp.kristdemokraterna.se\\\/botkyrka\\\/#website\",\"url\":\"https:\\\/\\\/wp.kristdemokraterna.se\\\/botkyrka\\\/\",\"name\":\"Botkyrka\",\"description\":\"\",\"inLanguage\":\"sv-SE\"}]}<\/script>\n<!-- \/ Yoast SEO plugin. -->","yoast_head_json":{"title":"Bli medlem - Botkyrka","robots":{"index":"index","follow":"follow","max-snippet":"max-snippet:-1","max-image-preview":"max-image-preview:large","max-video-preview":"max-video-preview:-1"},"canonical":"https:\/\/wp.kristdemokraterna.se\/botkyrka\/bli-medlem\/","og_locale":"sv_SE","og_type":"article","og_title":"Bli medlem - Botkyrka","og_description":"Bli medlem i Kristdemokraterna! Bli medlem och l\u00e4s mer h\u00e4r! Medlemsavgiften \u00e4r 200 kronor per \u00e5r . I ditt v\u00e4lkomstpaket, som du f\u00e5r hemskickat n\u00e5gon vecka efter att du ans\u00f6kt om medlemskap, finns information om hur du kan betala avgiften. Varmt v\u00e4lkommen med din medlemsans\u00f6kan. Vi f\u00f6ljer den nya lagstiftningen f\u00f6r behandling av personuppgifter \u2013 Read More","og_url":"https:\/\/wp.kristdemokraterna.se\/botkyrka\/bli-medlem\/","og_site_name":"Botkyrka","article_modified_time":"2021-04-23T14:12:50+00:00","twitter_card":"summary_large_image","twitter_misc":{"Ber\u00e4knad l\u00e4stid":"1 minut"},"schema":{"@context":"https:\/\/schema.org","@graph":[{"@type":"WebPage","@id":"https:\/\/wp.kristdemokraterna.se\/botkyrka\/bli-medlem\/","url":"https:\/\/wp.kristdemokraterna.se\/botkyrka\/bli-medlem\/","name":"Bli medlem - Botkyrka","isPartOf":{"@id":"https:\/\/wp.kristdemokraterna.se\/botkyrka\/#website"},"datePublished":"2021-04-23T12:28:57+00:00","dateModified":"2021-04-23T14:12:50+00:00","breadcrumb":{"@id":"https:\/\/wp.kristdemokraterna.se\/botkyrka\/bli-medlem\/#breadcrumb"},"inLanguage":"sv-SE","potentialAction":[{"@type":"ReadAction","target":["https:\/\/wp.kristdemokraterna.se\/botkyrka\/bli-medlem\/"]}]},{"@type":"BreadcrumbList","@id":"https:\/\/wp.kristdemokraterna.se\/botkyrka\/bli-medlem\/#breadcrumb","itemListElement":[{"@type":"ListItem","position":1,"name":"Hem","item":"https:\/\/wp.kristdemokraterna.se\/botkyrka\/"},{"@type":"ListItem","position":2,"name":"Bli medlem"}]},{"@type":"WebSite","@id":"https:\/\/wp.kristdemokraterna.se\/botkyrka\/#website","url":"https:\/\/wp.kristdemokraterna.se\/botkyrka\/","name":"Botkyrka","description":"","inLanguage":"sv-SE"}]}},"_links":{"self":[{"href":"https:\/\/wp.kristdemokraterna.se\/botkyrka\/wp-json\/wp\/v2\/pages\/784","targetHints":{"allow":["GET"]}}],"collection":[{"href":"https:\/\/wp.kristdemokraterna.se\/botkyrka\/wp-json\/wp\/v2\/pages"}],"about":[{"href":"https:\/\/wp.kristdemokraterna.se\/botkyrka\/wp-json\/wp\/v2\/types\/page"}],"author":[{"embeddable":true,"href":"https:\/\/wp.kristdemokraterna.se\/botkyrka\/wp-json\/wp\/v2\/users\/467"}],"replies":[{"embeddable":true,"href":"https:\/\/wp.kristdemokraterna.se\/botkyrka\/wp-json\/wp\/v2\/comments?post=784"}],"version-history":[{"count":3,"href":"https:\/\/wp.kristdemokraterna.se\/botkyrka\/wp-json\/wp\/v2\/pages\/784\/revisions"}],"predecessor-version":[{"id":839,"href":"https:\/\/wp.kristdemokraterna.se\/botkyrka\/wp-json\/wp\/v2\/pages\/784\/revisions\/839"}],"wp:attachment":[{"href":"https:\/\/wp.kristdemokraterna.se\/botkyrka\/wp-json\/wp\/v2\/media?parent=784"}],"curies":[{"name":"wp","href":"https:\/\/api.w.org\/{rel}","templated":true}]}}