{"id":888,"date":"2022-05-18T17:36:15","date_gmt":"2022-05-18T15:36:15","guid":{"rendered":"https:\/\/wp.kristdemokraterna.se\/botkyrka\/?page_id=888"},"modified":"2022-05-18T17:36:15","modified_gmt":"2022-05-18T15:36:15","slug":"valmanifest-2022-2026","status":"publish","type":"page","link":"https:\/\/wp.kristdemokraterna.se\/botkyrka\/valmanifest-2022-2026\/","title":{"rendered":"Valmanifest 2022-2026"},"content":{"rendered":"<p>MED HJ\u00c4RTA F\u00d6R BOTKYRKA<\/p>\n<p><strong>\u00d6kad trygghet och valfrihet \u2013 Framtidens utmaningar f\u00f6r Botkyrka<\/strong><br \/>\nAllt \u00e4r inte politik. Allt ska inte vara politik.<\/p>\n<p>Vi kristdemokrater presenterar i detta manifest hur vi vill vara med och ge m\u00e4nniskor \u00f6kad makt \u00f6ver sina liv, minska politikens pekpinnar och ge medborgarna ansvar \u00f6ver sina liv. M\u00e4nniskor v\u00e4xer med f\u00f6rtroende \u2013 s\u00e5 vill vi ocks\u00e5 att politiken ska spegla m\u00e4nniskors f\u00f6rm\u00e5ga till eget ansvar och \u00f6kad valfrihet.<\/p>\n<p>Vi kristdemokrater vill vara med och f\u00f6rb\u00e4ttra m\u00e4nniskors vardag. Vi vill ge enskilda och familjer mer att s\u00e4ga till om. Vi vill vara med och forma Botkyrka till en kommun d\u00e4r man st\u00f6ttar familjer. Det finns ingen b\u00e4ttre f\u00f6rebyggande insats, ingen b\u00e4ttre st\u00f6dresurs och ingen b\u00e4ttre v\u00e4gledare \u00e4n n\u00e4rvarande och k\u00e4rleksfulla f\u00f6r\u00e4ldrar. Trygga familjer ger trygga barn.<\/p>\n<p>Vi vill skapa ett samh\u00e4lle som h\u00e5ller ihop. D\u00e4r vi inte lever bredvid varandra utan med varandra. D\u00e4rf\u00f6r menar vi p\u00e5 att det \u00e4r viktigt att samh\u00e4llet markerar vad som g\u00e4ller h\u00e4r och vilka v\u00e4rderingar som inte \u00e4r valbara. Men det handlar ocks\u00e5 om att visa vilka v\u00e4gar det finns in i samh\u00e4llet. Det kr\u00e4vs kraftfulla insatser f\u00f6r att bek\u00e4mpa kriminaliteten d\u00e4r allt fler unga rekryteras. Insatserna m\u00e5ste vara l\u00e5ngsiktiga, uth\u00e5lliga och kombineras med effektiva f\u00f6rebyggande \u00e5tg\u00e4rder.<\/p>\n<p>Kristdemokraterna vill f\u00f6ra en politik som har m\u00e4nniskov\u00e4rdet och de etiska grundv\u00e4rdena i centrum. Varje m\u00e4nniska \u00e4r unik och f\u00f6dd in i ett sammanhang av andra personer med ett \u00f6msesidigt beroende. Vi vill v\u00e4rna alla m\u00e4nniskors liv, frihet och v\u00e4rdighet. Solidaritet med svaga och f\u00f6rtryckta och ansvarigt f\u00f6rvaltande av v\u00e4xter, djur och natur \u00e4r grundl\u00e4ggande n\u00e4r vi kristdemokrater formar v\u00e5r kommunpolitik.<\/p>\n<p>Kommunerna har fr\u00e5n staten f\u00e5tt ansvar f\u00f6r allt fler omr\u00e5den. Kristdemokraterna tycker att det \u00e4r en riktig utveckling. Naturligtvis finns det en gr\u00e4ns f\u00f6r det. Vissa fr\u00e5gor \u00e4r nationellt \u00f6vergripande och b\u00f6r beslutas av Sveriges riksdag. Huvudinriktningen ska dock vara att det som b\u00e4st kan beslutas p\u00e5 lokal niv\u00e5 ocks\u00e5 ska beslutas d\u00e4r.<\/p>\n<p>Medborgarperspektivet ska alltid vara utg\u00e5ngspunkten f\u00f6r politiken i Botkyrka. Vid all kommunal planering ska medborgaren s\u00e4ttas i centrum. Den kommunala verksamheten \u00e4r till f\u00f6r medborgarna. Inte tv\u00e4rtom. Medborgarna ska ocks\u00e5 garanteras insyn i den kommunala verksamheten.<\/p>\n<p>Stor \u00f6ppenhet ska r\u00e5da f\u00f6r initiativ fr\u00e5n medborgare, personal, f\u00f6reningar. f\u00f6rsamlingar och andra som vill starta f\u00f6rskolor, \u00e4ldreboenden med mera. En m\u00e5ngfald av utf\u00f6rare \u00e4r viktig liksom m\u00f6jligheten till \u201ceget val\u201d, b\u00e5de f\u00f6r att tillfredsst\u00e4lla olika \u00f6nskem\u00e5l och behov samt f\u00f6r att utveckla och f\u00f6rnya verksamheterna.<br \/>\nDet \u00f6vergripande m\u00e5let \u00e4r att Botkyrka kommun ska vara en trygg och attraktiv kommun i Stock-holmsregionen, dit m\u00e4nniskor vill flytta och verka i.<\/p>\n<p>L\u00e4s Valmanifestet\u00a0 2022-2026 f\u00f6r KD Botkyrka i sin helhet:<\/p>\n<p><a href=\"http:\/\/wp.kristdemokraterna.se\/botkyrka\/files\/2022\/05\/valmanifest-2022-2026-kd-botkyrka.pdf\">Valmanifest 2022-2026 KD Botkyrka<\/a><\/p>\n","protected":false},"excerpt":{"rendered":"<p>MED HJ\u00c4RTA F\u00d6R BOTKYRKA \u00d6kad trygghet och valfrihet \u2013 Framtidens utmaningar f\u00f6r Botkyrka Allt \u00e4r inte politik. Allt ska inte vara politik. Vi kristdemokrater presenterar i detta manifest hur vi vill vara med och ge m\u00e4nniskor \u00f6kad makt \u00f6ver sina liv, minska politikens pekpinnar och ge medborgarna ansvar \u00f6ver sina liv. M\u00e4nniskor v\u00e4xer med f\u00f6rtroende <a class=\"read-more-link\" href=\"https:\/\/wp.kristdemokraterna.se\/botkyrka\/valmanifest-2022-2026\/\">Read More<\/a><\/p>\n","protected":false},"author":467,"featured_media":0,"parent":0,"menu_order":0,"comment_status":"closed","ping_status":"closed","template":"","meta":{"_acf_changed":false,"footnotes":""},"class_list":["post-888","page","type-page","status-publish","hentry"],"acf":[],"yoast_head":"<!-- This site is optimized with the Yoast SEO plugin v27.4 - https:\/\/yoast.com\/product\/yoast-seo-wordpress\/ -->\n<title>Valmanifest 2022-2026 - Botkyrka<\/title>\n<meta name=\"robots\" content=\"index, follow, max-snippet:-1, max-image-preview:large, max-video-preview:-1\" \/>\n<link rel=\"canonical\" href=\"https:\/\/wp.kristdemokraterna.se\/botkyrka\/valmanifest-2022-2026\/\" \/>\n<meta property=\"og:locale\" content=\"sv_SE\" \/>\n<meta property=\"og:type\" content=\"article\" \/>\n<meta property=\"og:title\" content=\"Valmanifest 2022-2026 - Botkyrka\" \/>\n<meta property=\"og:description\" content=\"MED HJ\u00c4RTA F\u00d6R BOTKYRKA \u00d6kad trygghet och valfrihet \u2013 Framtidens utmaningar f\u00f6r Botkyrka Allt \u00e4r inte politik. Allt ska inte vara politik. Vi kristdemokrater presenterar i detta manifest hur vi vill vara med och ge m\u00e4nniskor \u00f6kad makt \u00f6ver sina liv, minska politikens pekpinnar och ge medborgarna ansvar \u00f6ver sina liv. M\u00e4nniskor v\u00e4xer med f\u00f6rtroende Read More\" \/>\n<meta property=\"og:url\" content=\"https:\/\/wp.kristdemokraterna.se\/botkyrka\/valmanifest-2022-2026\/\" \/>\n<meta property=\"og:site_name\" content=\"Botkyrka\" \/>\n<meta name=\"twitter:card\" content=\"summary_large_image\" \/>\n<meta name=\"twitter:label1\" content=\"Ber\u00e4knad l\u00e4stid\" \/>\n\t<meta name=\"twitter:data1\" content=\"3 minuter\" \/>\n<script type=\"application\/ld+json\" class=\"yoast-schema-graph\">{\"@context\":\"https:\\\/\\\/schema.org\",\"@graph\":[{\"@type\":\"WebPage\",\"@id\":\"https:\\\/\\\/wp.kristdemokraterna.se\\\/botkyrka\\\/valmanifest-2022-2026\\\/\",\"url\":\"https:\\\/\\\/wp.kristdemokraterna.se\\\/botkyrka\\\/valmanifest-2022-2026\\\/\",\"name\":\"Valmanifest 2022-2026 - Botkyrka\",\"isPartOf\":{\"@id\":\"https:\\\/\\\/wp.kristdemokraterna.se\\\/botkyrka\\\/#website\"},\"datePublished\":\"2022-05-18T15:36:15+00:00\",\"breadcrumb\":{\"@id\":\"https:\\\/\\\/wp.kristdemokraterna.se\\\/botkyrka\\\/valmanifest-2022-2026\\\/#breadcrumb\"},\"inLanguage\":\"sv-SE\",\"potentialAction\":[{\"@type\":\"ReadAction\",\"target\":[\"https:\\\/\\\/wp.kristdemokraterna.se\\\/botkyrka\\\/valmanifest-2022-2026\\\/\"]}]},{\"@type\":\"BreadcrumbList\",\"@id\":\"https:\\\/\\\/wp.kristdemokraterna.se\\\/botkyrka\\\/valmanifest-2022-2026\\\/#breadcrumb\",\"itemListElement\":[{\"@type\":\"ListItem\",\"position\":1,\"name\":\"Hem\",\"item\":\"https:\\\/\\\/wp.kristdemokraterna.se\\\/botkyrka\\\/\"},{\"@type\":\"ListItem\",\"position\":2,\"name\":\"Valmanifest 2022-2026\"}]},{\"@type\":\"WebSite\",\"@id\":\"https:\\\/\\\/wp.kristdemokraterna.se\\\/botkyrka\\\/#website\",\"url\":\"https:\\\/\\\/wp.kristdemokraterna.se\\\/botkyrka\\\/\",\"name\":\"Botkyrka\",\"description\":\"\",\"inLanguage\":\"sv-SE\"}]}<\/script>\n<!-- \/ Yoast SEO plugin. -->","yoast_head_json":{"title":"Valmanifest 2022-2026 - Botkyrka","robots":{"index":"index","follow":"follow","max-snippet":"max-snippet:-1","max-image-preview":"max-image-preview:large","max-video-preview":"max-video-preview:-1"},"canonical":"https:\/\/wp.kristdemokraterna.se\/botkyrka\/valmanifest-2022-2026\/","og_locale":"sv_SE","og_type":"article","og_title":"Valmanifest 2022-2026 - Botkyrka","og_description":"MED HJ\u00c4RTA F\u00d6R BOTKYRKA \u00d6kad trygghet och valfrihet \u2013 Framtidens utmaningar f\u00f6r Botkyrka Allt \u00e4r inte politik. Allt ska inte vara politik. Vi kristdemokrater presenterar i detta manifest hur vi vill vara med och ge m\u00e4nniskor \u00f6kad makt \u00f6ver sina liv, minska politikens pekpinnar och ge medborgarna ansvar \u00f6ver sina liv. M\u00e4nniskor v\u00e4xer med f\u00f6rtroende Read More","og_url":"https:\/\/wp.kristdemokraterna.se\/botkyrka\/valmanifest-2022-2026\/","og_site_name":"Botkyrka","twitter_card":"summary_large_image","twitter_misc":{"Ber\u00e4knad l\u00e4stid":"3 minuter"},"schema":{"@context":"https:\/\/schema.org","@graph":[{"@type":"WebPage","@id":"https:\/\/wp.kristdemokraterna.se\/botkyrka\/valmanifest-2022-2026\/","url":"https:\/\/wp.kristdemokraterna.se\/botkyrka\/valmanifest-2022-2026\/","name":"Valmanifest 2022-2026 - Botkyrka","isPartOf":{"@id":"https:\/\/wp.kristdemokraterna.se\/botkyrka\/#website"},"datePublished":"2022-05-18T15:36:15+00:00","breadcrumb":{"@id":"https:\/\/wp.kristdemokraterna.se\/botkyrka\/valmanifest-2022-2026\/#breadcrumb"},"inLanguage":"sv-SE","potentialAction":[{"@type":"ReadAction","target":["https:\/\/wp.kristdemokraterna.se\/botkyrka\/valmanifest-2022-2026\/"]}]},{"@type":"BreadcrumbList","@id":"https:\/\/wp.kristdemokraterna.se\/botkyrka\/valmanifest-2022-2026\/#breadcrumb","itemListElement":[{"@type":"ListItem","position":1,"name":"Hem","item":"https:\/\/wp.kristdemokraterna.se\/botkyrka\/"},{"@type":"ListItem","position":2,"name":"Valmanifest 2022-2026"}]},{"@type":"WebSite","@id":"https:\/\/wp.kristdemokraterna.se\/botkyrka\/#website","url":"https:\/\/wp.kristdemokraterna.se\/botkyrka\/","name":"Botkyrka","description":"","inLanguage":"sv-SE"}]}},"_links":{"self":[{"href":"https:\/\/wp.kristdemokraterna.se\/botkyrka\/wp-json\/wp\/v2\/pages\/888","targetHints":{"allow":["GET"]}}],"collection":[{"href":"https:\/\/wp.kristdemokraterna.se\/botkyrka\/wp-json\/wp\/v2\/pages"}],"about":[{"href":"https:\/\/wp.kristdemokraterna.se\/botkyrka\/wp-json\/wp\/v2\/types\/page"}],"author":[{"embeddable":true,"href":"https:\/\/wp.kristdemokraterna.se\/botkyrka\/wp-json\/wp\/v2\/users\/467"}],"replies":[{"embeddable":true,"href":"https:\/\/wp.kristdemokraterna.se\/botkyrka\/wp-json\/wp\/v2\/comments?post=888"}],"version-history":[{"count":1,"href":"https:\/\/wp.kristdemokraterna.se\/botkyrka\/wp-json\/wp\/v2\/pages\/888\/revisions"}],"predecessor-version":[{"id":890,"href":"https:\/\/wp.kristdemokraterna.se\/botkyrka\/wp-json\/wp\/v2\/pages\/888\/revisions\/890"}],"wp:attachment":[{"href":"https:\/\/wp.kristdemokraterna.se\/botkyrka\/wp-json\/wp\/v2\/media?parent=888"}],"curies":[{"name":"wp","href":"https:\/\/api.w.org\/{rel}","templated":true}]}}