{"id":1199,"date":"2021-07-28T17:19:44","date_gmt":"2021-07-28T15:19:44","guid":{"rendered":"https:\/\/wp.kristdemokraterna.se\/brannberg\/?page_id=1199"},"modified":"2022-11-20T20:01:00","modified_gmt":"2022-11-20T19:01:00","slug":"conny-pedagogen-forelasaren","status":"publish","type":"page","link":"https:\/\/wp.kristdemokraterna.se\/brannberg\/conny-pedagogen-forelasaren\/","title":{"rendered":"Pedagogen\/f\u00f6rel\u00e4saren"},"content":{"rendered":"<p>Jag \u00e4r tj\u00e4nstledig fr\u00e5n mitt arbete som mediel\u00e4rare p\u00e5 V\u00e4sterh\u00f6jdsgymnasiet i Sk\u00f6vde. Under flera \u00e5r har jag arbetat med fr\u00e5gor kring medier och p\u00e5verkan.<\/p>\n<p>Numera handlar mina f\u00f6rel\u00e4sningar om ordf\u00f6randeskap och ledarskap. Jag f\u00f6rel\u00e4ser och utbildar politiker kring m\u00f6testeknik och ledarskap. Under \u00e5ren har jag samlat p\u00e5 mig en hel del erfarenheter som jag g\u00e4rna delar med mig av.<\/p>\n<p>Jag har haft ett s\u00e4rskilt intresse kring den r\u00f6rliga bildens p\u00e5verkan och hade ambitionen att doktorera inom filmvetenskap. Men politiken kom emellan. Jag har en mastersexamen i filmvetenskap fr\u00e5n Stockholms Universitet och har fokuserat kring feministisk filmteori<\/p>\n","protected":false},"excerpt":{"rendered":"<p>Jag \u00e4r tj\u00e4nstledig fr\u00e5n mitt arbete som mediel\u00e4rare p\u00e5 V\u00e4sterh\u00f6jdsgymnasiet i Sk\u00f6vde. Under flera \u00e5r har jag arbetat med fr\u00e5gor kring medier och p\u00e5verkan. Numera handlar mina f\u00f6rel\u00e4sningar om ordf\u00f6randeskap och ledarskap. Jag f\u00f6rel\u00e4ser och utbildar politiker kring m\u00f6testeknik och ledarskap. Under \u00e5ren har jag samlat p\u00e5 mig en hel del erfarenheter som jag g\u00e4rna <a class=\"read-more-link\" href=\"https:\/\/wp.kristdemokraterna.se\/brannberg\/conny-pedagogen-forelasaren\/\">Read More<\/a><\/p>\n","protected":false},"author":744,"featured_media":0,"parent":0,"menu_order":0,"comment_status":"closed","ping_status":"closed","template":"","meta":{"_acf_changed":false,"footnotes":""},"class_list":["post-1199","page","type-page","status-publish","hentry"],"acf":[],"yoast_head":"<!-- This site is optimized with the Yoast SEO plugin v27.3 - https:\/\/yoast.com\/product\/yoast-seo-wordpress\/ -->\n<title>Pedagogen\/f\u00f6rel\u00e4saren - Conny Br\u00e4nnberg<\/title>\n<meta name=\"robots\" content=\"index, follow, max-snippet:-1, max-image-preview:large, max-video-preview:-1\" \/>\n<link rel=\"canonical\" href=\"https:\/\/wp.kristdemokraterna.se\/brannberg\/conny-pedagogen-forelasaren\/\" \/>\n<meta property=\"og:locale\" content=\"sv_SE\" \/>\n<meta property=\"og:type\" content=\"article\" \/>\n<meta property=\"og:title\" content=\"Pedagogen\/f\u00f6rel\u00e4saren - Conny Br\u00e4nnberg\" \/>\n<meta property=\"og:description\" content=\"Jag \u00e4r tj\u00e4nstledig fr\u00e5n mitt arbete som mediel\u00e4rare p\u00e5 V\u00e4sterh\u00f6jdsgymnasiet i Sk\u00f6vde. Under flera \u00e5r har jag arbetat med fr\u00e5gor kring medier och p\u00e5verkan. Numera handlar mina f\u00f6rel\u00e4sningar om ordf\u00f6randeskap och ledarskap. Jag f\u00f6rel\u00e4ser och utbildar politiker kring m\u00f6testeknik och ledarskap. Under \u00e5ren har jag samlat p\u00e5 mig en hel del erfarenheter som jag g\u00e4rna Read More\" \/>\n<meta property=\"og:url\" content=\"https:\/\/wp.kristdemokraterna.se\/brannberg\/conny-pedagogen-forelasaren\/\" \/>\n<meta property=\"og:site_name\" content=\"Conny Br\u00e4nnberg\" \/>\n<meta property=\"article:publisher\" content=\"https:\/\/www.facebook.com\/connybrannberg\" \/>\n<meta property=\"article:modified_time\" content=\"2022-11-20T19:01:00+00:00\" \/>\n<meta name=\"twitter:card\" content=\"summary_large_image\" \/>\n<meta name=\"twitter:site\" content=\"@brannberg\" \/>\n<meta name=\"twitter:label1\" content=\"Ber\u00e4knad l\u00e4stid\" \/>\n\t<meta name=\"twitter:data1\" content=\"1 minut\" \/>\n<script type=\"application\/ld+json\" class=\"yoast-schema-graph\">{\"@context\":\"https:\\\/\\\/schema.org\",\"@graph\":[{\"@type\":\"WebPage\",\"@id\":\"https:\\\/\\\/wp.kristdemokraterna.se\\\/brannberg\\\/conny-pedagogen-forelasaren\\\/\",\"url\":\"https:\\\/\\\/wp.kristdemokraterna.se\\\/brannberg\\\/conny-pedagogen-forelasaren\\\/\",\"name\":\"Pedagogen\\\/f\u00f6rel\u00e4saren - Conny Br\u00e4nnberg\",\"isPartOf\":{\"@id\":\"https:\\\/\\\/wp.kristdemokraterna.se\\\/brannberg\\\/#website\"},\"datePublished\":\"2021-07-28T15:19:44+00:00\",\"dateModified\":\"2022-11-20T19:01:00+00:00\",\"breadcrumb\":{\"@id\":\"https:\\\/\\\/wp.kristdemokraterna.se\\\/brannberg\\\/conny-pedagogen-forelasaren\\\/#breadcrumb\"},\"inLanguage\":\"sv-SE\",\"potentialAction\":[{\"@type\":\"ReadAction\",\"target\":[\"https:\\\/\\\/wp.kristdemokraterna.se\\\/brannberg\\\/conny-pedagogen-forelasaren\\\/\"]}]},{\"@type\":\"BreadcrumbList\",\"@id\":\"https:\\\/\\\/wp.kristdemokraterna.se\\\/brannberg\\\/conny-pedagogen-forelasaren\\\/#breadcrumb\",\"itemListElement\":[{\"@type\":\"ListItem\",\"position\":1,\"name\":\"Hem\",\"item\":\"https:\\\/\\\/wp.kristdemokraterna.se\\\/brannberg\\\/\"},{\"@type\":\"ListItem\",\"position\":2,\"name\":\"Pedagogen\\\/f\u00f6rel\u00e4saren\"}]},{\"@type\":\"WebSite\",\"@id\":\"https:\\\/\\\/wp.kristdemokraterna.se\\\/brannberg\\\/#website\",\"url\":\"https:\\\/\\\/wp.kristdemokraterna.se\\\/brannberg\\\/\",\"name\":\"Conny Br\u00e4nnberg\",\"description\":\"Trygg v\u00e5rd n\u00e4ra dig!\",\"inLanguage\":\"sv-SE\"}]}<\/script>\n<!-- \/ Yoast SEO plugin. -->","yoast_head_json":{"title":"Pedagogen\/f\u00f6rel\u00e4saren - Conny Br\u00e4nnberg","robots":{"index":"index","follow":"follow","max-snippet":"max-snippet:-1","max-image-preview":"max-image-preview:large","max-video-preview":"max-video-preview:-1"},"canonical":"https:\/\/wp.kristdemokraterna.se\/brannberg\/conny-pedagogen-forelasaren\/","og_locale":"sv_SE","og_type":"article","og_title":"Pedagogen\/f\u00f6rel\u00e4saren - Conny Br\u00e4nnberg","og_description":"Jag \u00e4r tj\u00e4nstledig fr\u00e5n mitt arbete som mediel\u00e4rare p\u00e5 V\u00e4sterh\u00f6jdsgymnasiet i Sk\u00f6vde. Under flera \u00e5r har jag arbetat med fr\u00e5gor kring medier och p\u00e5verkan. Numera handlar mina f\u00f6rel\u00e4sningar om ordf\u00f6randeskap och ledarskap. Jag f\u00f6rel\u00e4ser och utbildar politiker kring m\u00f6testeknik och ledarskap. Under \u00e5ren har jag samlat p\u00e5 mig en hel del erfarenheter som jag g\u00e4rna Read More","og_url":"https:\/\/wp.kristdemokraterna.se\/brannberg\/conny-pedagogen-forelasaren\/","og_site_name":"Conny Br\u00e4nnberg","article_publisher":"https:\/\/www.facebook.com\/connybrannberg","article_modified_time":"2022-11-20T19:01:00+00:00","twitter_card":"summary_large_image","twitter_site":"@brannberg","twitter_misc":{"Ber\u00e4knad l\u00e4stid":"1 minut"},"schema":{"@context":"https:\/\/schema.org","@graph":[{"@type":"WebPage","@id":"https:\/\/wp.kristdemokraterna.se\/brannberg\/conny-pedagogen-forelasaren\/","url":"https:\/\/wp.kristdemokraterna.se\/brannberg\/conny-pedagogen-forelasaren\/","name":"Pedagogen\/f\u00f6rel\u00e4saren - Conny Br\u00e4nnberg","isPartOf":{"@id":"https:\/\/wp.kristdemokraterna.se\/brannberg\/#website"},"datePublished":"2021-07-28T15:19:44+00:00","dateModified":"2022-11-20T19:01:00+00:00","breadcrumb":{"@id":"https:\/\/wp.kristdemokraterna.se\/brannberg\/conny-pedagogen-forelasaren\/#breadcrumb"},"inLanguage":"sv-SE","potentialAction":[{"@type":"ReadAction","target":["https:\/\/wp.kristdemokraterna.se\/brannberg\/conny-pedagogen-forelasaren\/"]}]},{"@type":"BreadcrumbList","@id":"https:\/\/wp.kristdemokraterna.se\/brannberg\/conny-pedagogen-forelasaren\/#breadcrumb","itemListElement":[{"@type":"ListItem","position":1,"name":"Hem","item":"https:\/\/wp.kristdemokraterna.se\/brannberg\/"},{"@type":"ListItem","position":2,"name":"Pedagogen\/f\u00f6rel\u00e4saren"}]},{"@type":"WebSite","@id":"https:\/\/wp.kristdemokraterna.se\/brannberg\/#website","url":"https:\/\/wp.kristdemokraterna.se\/brannberg\/","name":"Conny Br\u00e4nnberg","description":"Trygg v\u00e5rd n\u00e4ra dig!","inLanguage":"sv-SE"}]}},"_links":{"self":[{"href":"https:\/\/wp.kristdemokraterna.se\/brannberg\/wp-json\/wp\/v2\/pages\/1199","targetHints":{"allow":["GET"]}}],"collection":[{"href":"https:\/\/wp.kristdemokraterna.se\/brannberg\/wp-json\/wp\/v2\/pages"}],"about":[{"href":"https:\/\/wp.kristdemokraterna.se\/brannberg\/wp-json\/wp\/v2\/types\/page"}],"author":[{"embeddable":true,"href":"https:\/\/wp.kristdemokraterna.se\/brannberg\/wp-json\/wp\/v2\/users\/744"}],"replies":[{"embeddable":true,"href":"https:\/\/wp.kristdemokraterna.se\/brannberg\/wp-json\/wp\/v2\/comments?post=1199"}],"version-history":[{"count":5,"href":"https:\/\/wp.kristdemokraterna.se\/brannberg\/wp-json\/wp\/v2\/pages\/1199\/revisions"}],"predecessor-version":[{"id":1434,"href":"https:\/\/wp.kristdemokraterna.se\/brannberg\/wp-json\/wp\/v2\/pages\/1199\/revisions\/1434"}],"wp:attachment":[{"href":"https:\/\/wp.kristdemokraterna.se\/brannberg\/wp-json\/wp\/v2\/media?parent=1199"}],"curies":[{"name":"wp","href":"https:\/\/api.w.org\/{rel}","templated":true}]}}