{"id":1208,"date":"2021-07-28T17:34:38","date_gmt":"2021-07-28T15:34:38","guid":{"rendered":"https:\/\/wp.kristdemokraterna.se\/brannberg\/?page_id=1208"},"modified":"2023-12-27T10:33:27","modified_gmt":"2023-12-27T09:33:27","slug":"politikern","status":"publish","type":"page","link":"https:\/\/wp.kristdemokraterna.se\/brannberg\/politikern\/","title":{"rendered":"Politikern"},"content":{"rendered":"<p><a href=\"http:\/\/wp.kristdemokraterna.se\/brannberg\/files\/2022\/06\/cb_politikern.jpg\"><img loading=\"lazy\" decoding=\"async\" class=\"size-medium wp-image-1352 alignleft\" src=\"http:\/\/wp.kristdemokraterna.se\/brannberg\/files\/2022\/06\/cb_politikern-300x200.jpg\" alt=\"\" width=\"300\" height=\"200\" srcset=\"https:\/\/wp.kristdemokraterna.se\/brannberg\/files\/2022\/06\/cb_politikern-300x200.jpg 300w, https:\/\/wp.kristdemokraterna.se\/brannberg\/files\/2022\/06\/cb_politikern-370x247.jpg 370w, https:\/\/wp.kristdemokraterna.se\/brannberg\/files\/2022\/06\/cb_politikern-450x300.jpg 450w, https:\/\/wp.kristdemokraterna.se\/brannberg\/files\/2022\/06\/cb_politikern-280x187.jpg 280w, https:\/\/wp.kristdemokraterna.se\/brannberg\/files\/2022\/06\/cb_politikern-340x227.jpg 340w, https:\/\/wp.kristdemokraterna.se\/brannberg\/files\/2022\/06\/cb_politikern-200x133.jpg 200w, https:\/\/wp.kristdemokraterna.se\/brannberg\/files\/2022\/06\/cb_politikern-84x56.jpg 84w, https:\/\/wp.kristdemokraterna.se\/brannberg\/files\/2022\/06\/cb_politikern.jpg 600w\" sizes=\"auto, (max-width: 300px) 100vw, 300px\" \/><\/a><\/p>\n<p>&nbsp;<\/p>\n<p>&nbsp;<\/p>\n<p>Jag har en r\u00e4tt l\u00e5ng erfarenhet som politiker. F\u00f6r n\u00e4rvarande har jag f\u00f6ljande uppdrag:<\/p>\n<p>&nbsp;<\/p>\n<p>&nbsp;<\/p>\n<p><strong>I Sk\u00f6vde Kommun<\/strong><\/p>\n<ul>\n<li>Vice Ordf\u00f6rande f\u00f6r Sk\u00f6vde Kommunfullm\u00e4ktige<\/li>\n<li>Ordf\u00f6rande f\u00f6r von Haugwitz-Cedermarkska stiftelsen<\/li>\n<\/ul>\n<p><strong>I V\u00e4stra G\u00f6talandsregionen<\/strong><\/p>\n<ul>\n<li>1:e vice ordf\u00f6rande Regionfullm\u00e4ktige<\/li>\n<li>Ledamot av regionfullm\u00e4ktige<\/li>\n<li>Ledamot av Kulturn\u00e4mnden<\/li>\n<li>Ledamot av Kristdemokraternas Ledningsgrupp<\/li>\n<li>(Mandatperioden 2018-2022 var jag regionr\u00e5d och gruppledare)<\/li>\n<\/ul>\n<p><strong>P\u00e5 nationell niv\u00e5<\/strong><\/p>\n<ul>\n<li>Beredningen f\u00f6r Kultur och Fritid vid Sveriges Kommuner och Regioner (SKR)<\/li>\n<li>Ledamot av Kristdemokraternas Kommun- och Regionpolitiska R\u00e5d (KRP)<\/li>\n<li>Ledamot av styrelsen f\u00f6r Svensk Scenkonst<\/li>\n<\/ul>\n<p><strong>P\u00e5 internationell niv\u00e5<\/strong><\/p>\n<p>Ledamot av Europar\u00e5dets Expertkommitt\u00e9 f\u00f6r Interkulturell integration (upph\u00f6r 2024)<br \/>\nUppdrag p\u00e5 g\u00e5ng inom Nordsj\u00f6kommissionen<br \/>\nLedamot av styrelsen f\u00f6r Via Querinissima (projekt kring en Cultural Route d\u00e4r Region Venedig \u00e4r huvudpartner) (Upph\u00f6r 2023)<\/p>\n<p><strong>Inom kyrkor<\/strong><\/p>\n<ul>\n<li>Ordf\u00f6rande Bet:L Pingst (f d Pingstf\u00f6rsamlingen i Sk\u00f6vde)<\/li>\n<li>Ledamot av stiftsfullm\u00e4ktige Skara Stift<\/li>\n<li>Med i styrelsen f\u00f6r Hjo Folkh\u00f6gskola<\/li>\n<\/ul>\n","protected":false},"excerpt":{"rendered":"<p>&nbsp; &nbsp; Jag har en r\u00e4tt l\u00e5ng erfarenhet som politiker. F\u00f6r n\u00e4rvarande har jag f\u00f6ljande uppdrag: &nbsp; &nbsp; I Sk\u00f6vde Kommun Vice Ordf\u00f6rande f\u00f6r Sk\u00f6vde Kommunfullm\u00e4ktige Ordf\u00f6rande f\u00f6r von Haugwitz-Cedermarkska stiftelsen I V\u00e4stra G\u00f6talandsregionen 1:e vice ordf\u00f6rande Regionfullm\u00e4ktige Ledamot av regionfullm\u00e4ktige Ledamot av Kulturn\u00e4mnden Ledamot av Kristdemokraternas Ledningsgrupp (Mandatperioden 2018-2022 var jag regionr\u00e5d och gruppledare) <a class=\"read-more-link\" href=\"https:\/\/wp.kristdemokraterna.se\/brannberg\/politikern\/\">Read More<\/a><\/p>\n","protected":false},"author":744,"featured_media":0,"parent":0,"menu_order":0,"comment_status":"closed","ping_status":"closed","template":"","meta":{"_acf_changed":false,"footnotes":""},"class_list":["post-1208","page","type-page","status-publish","hentry"],"acf":[],"yoast_head":"<!-- This site is optimized with the Yoast SEO plugin v27.3 - https:\/\/yoast.com\/product\/yoast-seo-wordpress\/ -->\n<title>Politikern - Conny Br\u00e4nnberg<\/title>\n<meta name=\"robots\" content=\"index, follow, max-snippet:-1, max-image-preview:large, max-video-preview:-1\" \/>\n<link rel=\"canonical\" href=\"https:\/\/wp.kristdemokraterna.se\/brannberg\/politikern\/\" \/>\n<meta property=\"og:locale\" content=\"sv_SE\" \/>\n<meta property=\"og:type\" content=\"article\" \/>\n<meta property=\"og:title\" content=\"Politikern - Conny Br\u00e4nnberg\" \/>\n<meta property=\"og:description\" content=\"&nbsp; &nbsp; Jag har en r\u00e4tt l\u00e5ng erfarenhet som politiker. F\u00f6r n\u00e4rvarande har jag f\u00f6ljande uppdrag: &nbsp; &nbsp; I Sk\u00f6vde Kommun Vice Ordf\u00f6rande f\u00f6r Sk\u00f6vde Kommunfullm\u00e4ktige Ordf\u00f6rande f\u00f6r von Haugwitz-Cedermarkska stiftelsen I V\u00e4stra G\u00f6talandsregionen 1:e vice ordf\u00f6rande Regionfullm\u00e4ktige Ledamot av regionfullm\u00e4ktige Ledamot av Kulturn\u00e4mnden Ledamot av Kristdemokraternas Ledningsgrupp (Mandatperioden 2018-2022 var jag regionr\u00e5d och gruppledare) Read More\" \/>\n<meta property=\"og:url\" content=\"https:\/\/wp.kristdemokraterna.se\/brannberg\/politikern\/\" \/>\n<meta property=\"og:site_name\" content=\"Conny Br\u00e4nnberg\" \/>\n<meta property=\"article:publisher\" content=\"https:\/\/www.facebook.com\/connybrannberg\" \/>\n<meta property=\"article:modified_time\" content=\"2023-12-27T09:33:27+00:00\" \/>\n<meta property=\"og:image\" content=\"http:\/\/wp.kristdemokraterna.se\/brannberg\/files\/2022\/06\/cb_politikern-300x200.jpg\" \/>\n<meta name=\"twitter:card\" content=\"summary_large_image\" \/>\n<meta name=\"twitter:site\" content=\"@brannberg\" \/>\n<meta name=\"twitter:label1\" content=\"Ber\u00e4knad l\u00e4stid\" \/>\n\t<meta name=\"twitter:data1\" content=\"1 minut\" \/>\n<script type=\"application\/ld+json\" class=\"yoast-schema-graph\">{\"@context\":\"https:\\\/\\\/schema.org\",\"@graph\":[{\"@type\":\"WebPage\",\"@id\":\"https:\\\/\\\/wp.kristdemokraterna.se\\\/brannberg\\\/politikern\\\/\",\"url\":\"https:\\\/\\\/wp.kristdemokraterna.se\\\/brannberg\\\/politikern\\\/\",\"name\":\"Politikern - Conny Br\u00e4nnberg\",\"isPartOf\":{\"@id\":\"https:\\\/\\\/wp.kristdemokraterna.se\\\/brannberg\\\/#website\"},\"primaryImageOfPage\":{\"@id\":\"https:\\\/\\\/wp.kristdemokraterna.se\\\/brannberg\\\/politikern\\\/#primaryimage\"},\"image\":{\"@id\":\"https:\\\/\\\/wp.kristdemokraterna.se\\\/brannberg\\\/politikern\\\/#primaryimage\"},\"thumbnailUrl\":\"http:\\\/\\\/wp.kristdemokraterna.se\\\/brannberg\\\/files\\\/2022\\\/06\\\/cb_politikern-300x200.jpg\",\"datePublished\":\"2021-07-28T15:34:38+00:00\",\"dateModified\":\"2023-12-27T09:33:27+00:00\",\"breadcrumb\":{\"@id\":\"https:\\\/\\\/wp.kristdemokraterna.se\\\/brannberg\\\/politikern\\\/#breadcrumb\"},\"inLanguage\":\"sv-SE\",\"potentialAction\":[{\"@type\":\"ReadAction\",\"target\":[\"https:\\\/\\\/wp.kristdemokraterna.se\\\/brannberg\\\/politikern\\\/\"]}]},{\"@type\":\"ImageObject\",\"inLanguage\":\"sv-SE\",\"@id\":\"https:\\\/\\\/wp.kristdemokraterna.se\\\/brannberg\\\/politikern\\\/#primaryimage\",\"url\":\"http:\\\/\\\/wp.kristdemokraterna.se\\\/brannberg\\\/files\\\/2022\\\/06\\\/cb_politikern-300x200.jpg\",\"contentUrl\":\"http:\\\/\\\/wp.kristdemokraterna.se\\\/brannberg\\\/files\\\/2022\\\/06\\\/cb_politikern-300x200.jpg\"},{\"@type\":\"BreadcrumbList\",\"@id\":\"https:\\\/\\\/wp.kristdemokraterna.se\\\/brannberg\\\/politikern\\\/#breadcrumb\",\"itemListElement\":[{\"@type\":\"ListItem\",\"position\":1,\"name\":\"Hem\",\"item\":\"https:\\\/\\\/wp.kristdemokraterna.se\\\/brannberg\\\/\"},{\"@type\":\"ListItem\",\"position\":2,\"name\":\"Politikern\"}]},{\"@type\":\"WebSite\",\"@id\":\"https:\\\/\\\/wp.kristdemokraterna.se\\\/brannberg\\\/#website\",\"url\":\"https:\\\/\\\/wp.kristdemokraterna.se\\\/brannberg\\\/\",\"name\":\"Conny Br\u00e4nnberg\",\"description\":\"Trygg v\u00e5rd n\u00e4ra dig!\",\"inLanguage\":\"sv-SE\"}]}<\/script>\n<!-- \/ Yoast SEO plugin. -->","yoast_head_json":{"title":"Politikern - Conny Br\u00e4nnberg","robots":{"index":"index","follow":"follow","max-snippet":"max-snippet:-1","max-image-preview":"max-image-preview:large","max-video-preview":"max-video-preview:-1"},"canonical":"https:\/\/wp.kristdemokraterna.se\/brannberg\/politikern\/","og_locale":"sv_SE","og_type":"article","og_title":"Politikern - Conny Br\u00e4nnberg","og_description":"&nbsp; &nbsp; Jag har en r\u00e4tt l\u00e5ng erfarenhet som politiker. F\u00f6r n\u00e4rvarande har jag f\u00f6ljande uppdrag: &nbsp; &nbsp; I Sk\u00f6vde Kommun Vice Ordf\u00f6rande f\u00f6r Sk\u00f6vde Kommunfullm\u00e4ktige Ordf\u00f6rande f\u00f6r von Haugwitz-Cedermarkska stiftelsen I V\u00e4stra G\u00f6talandsregionen 1:e vice ordf\u00f6rande Regionfullm\u00e4ktige Ledamot av regionfullm\u00e4ktige Ledamot av Kulturn\u00e4mnden Ledamot av Kristdemokraternas Ledningsgrupp (Mandatperioden 2018-2022 var jag regionr\u00e5d och gruppledare) Read More","og_url":"https:\/\/wp.kristdemokraterna.se\/brannberg\/politikern\/","og_site_name":"Conny Br\u00e4nnberg","article_publisher":"https:\/\/www.facebook.com\/connybrannberg","article_modified_time":"2023-12-27T09:33:27+00:00","og_image":[{"url":"http:\/\/wp.kristdemokraterna.se\/brannberg\/files\/2022\/06\/cb_politikern-300x200.jpg","type":"","width":"","height":""}],"twitter_card":"summary_large_image","twitter_site":"@brannberg","twitter_misc":{"Ber\u00e4knad l\u00e4stid":"1 minut"},"schema":{"@context":"https:\/\/schema.org","@graph":[{"@type":"WebPage","@id":"https:\/\/wp.kristdemokraterna.se\/brannberg\/politikern\/","url":"https:\/\/wp.kristdemokraterna.se\/brannberg\/politikern\/","name":"Politikern - Conny Br\u00e4nnberg","isPartOf":{"@id":"https:\/\/wp.kristdemokraterna.se\/brannberg\/#website"},"primaryImageOfPage":{"@id":"https:\/\/wp.kristdemokraterna.se\/brannberg\/politikern\/#primaryimage"},"image":{"@id":"https:\/\/wp.kristdemokraterna.se\/brannberg\/politikern\/#primaryimage"},"thumbnailUrl":"http:\/\/wp.kristdemokraterna.se\/brannberg\/files\/2022\/06\/cb_politikern-300x200.jpg","datePublished":"2021-07-28T15:34:38+00:00","dateModified":"2023-12-27T09:33:27+00:00","breadcrumb":{"@id":"https:\/\/wp.kristdemokraterna.se\/brannberg\/politikern\/#breadcrumb"},"inLanguage":"sv-SE","potentialAction":[{"@type":"ReadAction","target":["https:\/\/wp.kristdemokraterna.se\/brannberg\/politikern\/"]}]},{"@type":"ImageObject","inLanguage":"sv-SE","@id":"https:\/\/wp.kristdemokraterna.se\/brannberg\/politikern\/#primaryimage","url":"http:\/\/wp.kristdemokraterna.se\/brannberg\/files\/2022\/06\/cb_politikern-300x200.jpg","contentUrl":"http:\/\/wp.kristdemokraterna.se\/brannberg\/files\/2022\/06\/cb_politikern-300x200.jpg"},{"@type":"BreadcrumbList","@id":"https:\/\/wp.kristdemokraterna.se\/brannberg\/politikern\/#breadcrumb","itemListElement":[{"@type":"ListItem","position":1,"name":"Hem","item":"https:\/\/wp.kristdemokraterna.se\/brannberg\/"},{"@type":"ListItem","position":2,"name":"Politikern"}]},{"@type":"WebSite","@id":"https:\/\/wp.kristdemokraterna.se\/brannberg\/#website","url":"https:\/\/wp.kristdemokraterna.se\/brannberg\/","name":"Conny Br\u00e4nnberg","description":"Trygg v\u00e5rd n\u00e4ra dig!","inLanguage":"sv-SE"}]}},"_links":{"self":[{"href":"https:\/\/wp.kristdemokraterna.se\/brannberg\/wp-json\/wp\/v2\/pages\/1208","targetHints":{"allow":["GET"]}}],"collection":[{"href":"https:\/\/wp.kristdemokraterna.se\/brannberg\/wp-json\/wp\/v2\/pages"}],"about":[{"href":"https:\/\/wp.kristdemokraterna.se\/brannberg\/wp-json\/wp\/v2\/types\/page"}],"author":[{"embeddable":true,"href":"https:\/\/wp.kristdemokraterna.se\/brannberg\/wp-json\/wp\/v2\/users\/744"}],"replies":[{"embeddable":true,"href":"https:\/\/wp.kristdemokraterna.se\/brannberg\/wp-json\/wp\/v2\/comments?post=1208"}],"version-history":[{"count":8,"href":"https:\/\/wp.kristdemokraterna.se\/brannberg\/wp-json\/wp\/v2\/pages\/1208\/revisions"}],"predecessor-version":[{"id":1477,"href":"https:\/\/wp.kristdemokraterna.se\/brannberg\/wp-json\/wp\/v2\/pages\/1208\/revisions\/1477"}],"wp:attachment":[{"href":"https:\/\/wp.kristdemokraterna.se\/brannberg\/wp-json\/wp\/v2\/media?parent=1208"}],"curies":[{"name":"wp","href":"https:\/\/api.w.org\/{rel}","templated":true}]}}