{"id":1210,"date":"2021-07-28T17:35:18","date_gmt":"2021-07-28T15:35:18","guid":{"rendered":"https:\/\/wp.kristdemokraterna.se\/brannberg\/?page_id=1210"},"modified":"2023-05-17T18:17:56","modified_gmt":"2023-05-17T16:17:56","slug":"pappan","status":"publish","type":"page","link":"https:\/\/wp.kristdemokraterna.se\/brannberg\/pappan\/","title":{"rendered":"Pappan"},"content":{"rendered":"<p style=\"text-align: left\"><a href=\"http:\/\/wp.kristdemokraterna.se\/brannberg\/files\/2021\/10\/pappa.jpg\"><img loading=\"lazy\" decoding=\"async\" class=\"alignnone size-medium wp-image-1248\" src=\"http:\/\/wp.kristdemokraterna.se\/brannberg\/files\/2021\/10\/pappa-300x200.jpg\" alt=\"\" width=\"300\" height=\"200\" srcset=\"https:\/\/wp.kristdemokraterna.se\/brannberg\/files\/2021\/10\/pappa-300x200.jpg 300w, https:\/\/wp.kristdemokraterna.se\/brannberg\/files\/2021\/10\/pappa-301x200.jpg 301w, https:\/\/wp.kristdemokraterna.se\/brannberg\/files\/2021\/10\/pappa-370x246.jpg 370w, https:\/\/wp.kristdemokraterna.se\/brannberg\/files\/2021\/10\/pappa-280x186.jpg 280w, https:\/\/wp.kristdemokraterna.se\/brannberg\/files\/2021\/10\/pappa-340x226.jpg 340w, https:\/\/wp.kristdemokraterna.se\/brannberg\/files\/2021\/10\/pappa-200x133.jpg 200w, https:\/\/wp.kristdemokraterna.se\/brannberg\/files\/2021\/10\/pappa-84x56.jpg 84w, https:\/\/wp.kristdemokraterna.se\/brannberg\/files\/2021\/10\/pappa.jpg 400w\" sizes=\"auto, (max-width: 300px) 100vw, 300px\" \/><\/a><\/p>\n<p>Trebarnspappa och numera b\u00e5de farfar och morfar. Jag gillar att g\u00f6ra saker tillsammans med mina barnbarn. Vi har f\u00f6rm\u00e5nen att ha ett sommarhus p\u00e5 Tors\u00f6 och d\u00e4r har vi rikliga m\u00f6jligheter att vara tillsammans. Jag \u00e4r b\u00e4r- och svampintresserad och g\u00e5r g\u00e4rna i skogen och \u00e4r s\u00e4rskilt glad att barnbarnen g\u00e4rna hakar p\u00e5.<\/p>\n<p>N\u00e4r jag var yngre gillade jag att segla, men numera tillbringar jag g\u00e4rna tid i en mindre motorb\u00e5t med barnbarnen.<\/p>\n","protected":false},"excerpt":{"rendered":"<p>Trebarnspappa och numera b\u00e5de farfar och morfar. Jag gillar att g\u00f6ra saker tillsammans med mina barnbarn. Vi har f\u00f6rm\u00e5nen att ha ett sommarhus p\u00e5 Tors\u00f6 och d\u00e4r har vi rikliga m\u00f6jligheter att vara tillsammans. Jag \u00e4r b\u00e4r- och svampintresserad och g\u00e5r g\u00e4rna i skogen och \u00e4r s\u00e4rskilt glad att barnbarnen g\u00e4rna hakar p\u00e5. N\u00e4r jag <a class=\"read-more-link\" href=\"https:\/\/wp.kristdemokraterna.se\/brannberg\/pappan\/\">Read More<\/a><\/p>\n","protected":false},"author":744,"featured_media":0,"parent":0,"menu_order":0,"comment_status":"closed","ping_status":"closed","template":"","meta":{"_acf_changed":false,"footnotes":""},"class_list":["post-1210","page","type-page","status-publish","hentry"],"acf":[],"yoast_head":"<!-- This site is optimized with the Yoast SEO plugin v27.4 - https:\/\/yoast.com\/product\/yoast-seo-wordpress\/ -->\n<title>Pappan - Conny Br\u00e4nnberg<\/title>\n<meta name=\"robots\" content=\"index, follow, max-snippet:-1, max-image-preview:large, max-video-preview:-1\" \/>\n<link rel=\"canonical\" href=\"https:\/\/wp.kristdemokraterna.se\/brannberg\/pappan\/\" \/>\n<meta property=\"og:locale\" content=\"sv_SE\" \/>\n<meta property=\"og:type\" content=\"article\" \/>\n<meta property=\"og:title\" content=\"Pappan - Conny Br\u00e4nnberg\" \/>\n<meta property=\"og:description\" content=\"Trebarnspappa och numera b\u00e5de farfar och morfar. Jag gillar att g\u00f6ra saker tillsammans med mina barnbarn. Vi har f\u00f6rm\u00e5nen att ha ett sommarhus p\u00e5 Tors\u00f6 och d\u00e4r har vi rikliga m\u00f6jligheter att vara tillsammans. Jag \u00e4r b\u00e4r- och svampintresserad och g\u00e5r g\u00e4rna i skogen och \u00e4r s\u00e4rskilt glad att barnbarnen g\u00e4rna hakar p\u00e5. N\u00e4r jag Read More\" \/>\n<meta property=\"og:url\" content=\"https:\/\/wp.kristdemokraterna.se\/brannberg\/pappan\/\" \/>\n<meta property=\"og:site_name\" content=\"Conny Br\u00e4nnberg\" \/>\n<meta property=\"article:publisher\" content=\"https:\/\/www.facebook.com\/connybrannberg\" \/>\n<meta property=\"article:modified_time\" content=\"2023-05-17T16:17:56+00:00\" \/>\n<meta property=\"og:image\" content=\"http:\/\/wp.kristdemokraterna.se\/brannberg\/files\/2021\/10\/pappa-300x200.jpg\" \/>\n<meta name=\"twitter:card\" content=\"summary_large_image\" \/>\n<meta name=\"twitter:site\" content=\"@brannberg\" \/>\n<meta name=\"twitter:label1\" content=\"Ber\u00e4knad l\u00e4stid\" \/>\n\t<meta name=\"twitter:data1\" content=\"1 minut\" \/>\n<script type=\"application\/ld+json\" class=\"yoast-schema-graph\">{\"@context\":\"https:\\\/\\\/schema.org\",\"@graph\":[{\"@type\":\"WebPage\",\"@id\":\"https:\\\/\\\/wp.kristdemokraterna.se\\\/brannberg\\\/pappan\\\/\",\"url\":\"https:\\\/\\\/wp.kristdemokraterna.se\\\/brannberg\\\/pappan\\\/\",\"name\":\"Pappan - Conny Br\u00e4nnberg\",\"isPartOf\":{\"@id\":\"https:\\\/\\\/wp.kristdemokraterna.se\\\/brannberg\\\/#website\"},\"primaryImageOfPage\":{\"@id\":\"https:\\\/\\\/wp.kristdemokraterna.se\\\/brannberg\\\/pappan\\\/#primaryimage\"},\"image\":{\"@id\":\"https:\\\/\\\/wp.kristdemokraterna.se\\\/brannberg\\\/pappan\\\/#primaryimage\"},\"thumbnailUrl\":\"http:\\\/\\\/wp.kristdemokraterna.se\\\/brannberg\\\/files\\\/2021\\\/10\\\/pappa-300x200.jpg\",\"datePublished\":\"2021-07-28T15:35:18+00:00\",\"dateModified\":\"2023-05-17T16:17:56+00:00\",\"breadcrumb\":{\"@id\":\"https:\\\/\\\/wp.kristdemokraterna.se\\\/brannberg\\\/pappan\\\/#breadcrumb\"},\"inLanguage\":\"sv-SE\",\"potentialAction\":[{\"@type\":\"ReadAction\",\"target\":[\"https:\\\/\\\/wp.kristdemokraterna.se\\\/brannberg\\\/pappan\\\/\"]}]},{\"@type\":\"ImageObject\",\"inLanguage\":\"sv-SE\",\"@id\":\"https:\\\/\\\/wp.kristdemokraterna.se\\\/brannberg\\\/pappan\\\/#primaryimage\",\"url\":\"http:\\\/\\\/wp.kristdemokraterna.se\\\/brannberg\\\/files\\\/2021\\\/10\\\/pappa-300x200.jpg\",\"contentUrl\":\"http:\\\/\\\/wp.kristdemokraterna.se\\\/brannberg\\\/files\\\/2021\\\/10\\\/pappa-300x200.jpg\"},{\"@type\":\"BreadcrumbList\",\"@id\":\"https:\\\/\\\/wp.kristdemokraterna.se\\\/brannberg\\\/pappan\\\/#breadcrumb\",\"itemListElement\":[{\"@type\":\"ListItem\",\"position\":1,\"name\":\"Hem\",\"item\":\"https:\\\/\\\/wp.kristdemokraterna.se\\\/brannberg\\\/\"},{\"@type\":\"ListItem\",\"position\":2,\"name\":\"Pappan\"}]},{\"@type\":\"WebSite\",\"@id\":\"https:\\\/\\\/wp.kristdemokraterna.se\\\/brannberg\\\/#website\",\"url\":\"https:\\\/\\\/wp.kristdemokraterna.se\\\/brannberg\\\/\",\"name\":\"Conny Br\u00e4nnberg\",\"description\":\"Trygg v\u00e5rd n\u00e4ra dig!\",\"inLanguage\":\"sv-SE\"}]}<\/script>\n<!-- \/ Yoast SEO plugin. -->","yoast_head_json":{"title":"Pappan - Conny Br\u00e4nnberg","robots":{"index":"index","follow":"follow","max-snippet":"max-snippet:-1","max-image-preview":"max-image-preview:large","max-video-preview":"max-video-preview:-1"},"canonical":"https:\/\/wp.kristdemokraterna.se\/brannberg\/pappan\/","og_locale":"sv_SE","og_type":"article","og_title":"Pappan - Conny Br\u00e4nnberg","og_description":"Trebarnspappa och numera b\u00e5de farfar och morfar. Jag gillar att g\u00f6ra saker tillsammans med mina barnbarn. Vi har f\u00f6rm\u00e5nen att ha ett sommarhus p\u00e5 Tors\u00f6 och d\u00e4r har vi rikliga m\u00f6jligheter att vara tillsammans. Jag \u00e4r b\u00e4r- och svampintresserad och g\u00e5r g\u00e4rna i skogen och \u00e4r s\u00e4rskilt glad att barnbarnen g\u00e4rna hakar p\u00e5. N\u00e4r jag Read More","og_url":"https:\/\/wp.kristdemokraterna.se\/brannberg\/pappan\/","og_site_name":"Conny Br\u00e4nnberg","article_publisher":"https:\/\/www.facebook.com\/connybrannberg","article_modified_time":"2023-05-17T16:17:56+00:00","og_image":[{"url":"http:\/\/wp.kristdemokraterna.se\/brannberg\/files\/2021\/10\/pappa-300x200.jpg","type":"","width":"","height":""}],"twitter_card":"summary_large_image","twitter_site":"@brannberg","twitter_misc":{"Ber\u00e4knad l\u00e4stid":"1 minut"},"schema":{"@context":"https:\/\/schema.org","@graph":[{"@type":"WebPage","@id":"https:\/\/wp.kristdemokraterna.se\/brannberg\/pappan\/","url":"https:\/\/wp.kristdemokraterna.se\/brannberg\/pappan\/","name":"Pappan - Conny Br\u00e4nnberg","isPartOf":{"@id":"https:\/\/wp.kristdemokraterna.se\/brannberg\/#website"},"primaryImageOfPage":{"@id":"https:\/\/wp.kristdemokraterna.se\/brannberg\/pappan\/#primaryimage"},"image":{"@id":"https:\/\/wp.kristdemokraterna.se\/brannberg\/pappan\/#primaryimage"},"thumbnailUrl":"http:\/\/wp.kristdemokraterna.se\/brannberg\/files\/2021\/10\/pappa-300x200.jpg","datePublished":"2021-07-28T15:35:18+00:00","dateModified":"2023-05-17T16:17:56+00:00","breadcrumb":{"@id":"https:\/\/wp.kristdemokraterna.se\/brannberg\/pappan\/#breadcrumb"},"inLanguage":"sv-SE","potentialAction":[{"@type":"ReadAction","target":["https:\/\/wp.kristdemokraterna.se\/brannberg\/pappan\/"]}]},{"@type":"ImageObject","inLanguage":"sv-SE","@id":"https:\/\/wp.kristdemokraterna.se\/brannberg\/pappan\/#primaryimage","url":"http:\/\/wp.kristdemokraterna.se\/brannberg\/files\/2021\/10\/pappa-300x200.jpg","contentUrl":"http:\/\/wp.kristdemokraterna.se\/brannberg\/files\/2021\/10\/pappa-300x200.jpg"},{"@type":"BreadcrumbList","@id":"https:\/\/wp.kristdemokraterna.se\/brannberg\/pappan\/#breadcrumb","itemListElement":[{"@type":"ListItem","position":1,"name":"Hem","item":"https:\/\/wp.kristdemokraterna.se\/brannberg\/"},{"@type":"ListItem","position":2,"name":"Pappan"}]},{"@type":"WebSite","@id":"https:\/\/wp.kristdemokraterna.se\/brannberg\/#website","url":"https:\/\/wp.kristdemokraterna.se\/brannberg\/","name":"Conny Br\u00e4nnberg","description":"Trygg v\u00e5rd n\u00e4ra dig!","inLanguage":"sv-SE"}]}},"_links":{"self":[{"href":"https:\/\/wp.kristdemokraterna.se\/brannberg\/wp-json\/wp\/v2\/pages\/1210","targetHints":{"allow":["GET"]}}],"collection":[{"href":"https:\/\/wp.kristdemokraterna.se\/brannberg\/wp-json\/wp\/v2\/pages"}],"about":[{"href":"https:\/\/wp.kristdemokraterna.se\/brannberg\/wp-json\/wp\/v2\/types\/page"}],"author":[{"embeddable":true,"href":"https:\/\/wp.kristdemokraterna.se\/brannberg\/wp-json\/wp\/v2\/users\/744"}],"replies":[{"embeddable":true,"href":"https:\/\/wp.kristdemokraterna.se\/brannberg\/wp-json\/wp\/v2\/comments?post=1210"}],"version-history":[{"count":5,"href":"https:\/\/wp.kristdemokraterna.se\/brannberg\/wp-json\/wp\/v2\/pages\/1210\/revisions"}],"predecessor-version":[{"id":1461,"href":"https:\/\/wp.kristdemokraterna.se\/brannberg\/wp-json\/wp\/v2\/pages\/1210\/revisions\/1461"}],"wp:attachment":[{"href":"https:\/\/wp.kristdemokraterna.se\/brannberg\/wp-json\/wp\/v2\/media?parent=1210"}],"curies":[{"name":"wp","href":"https:\/\/api.w.org\/{rel}","templated":true}]}}