{"id":1212,"date":"2021-07-28T17:36:52","date_gmt":"2021-07-28T15:36:52","guid":{"rendered":"https:\/\/wp.kristdemokraterna.se\/brannberg\/?page_id=1212"},"modified":"2023-05-17T18:18:55","modified_gmt":"2023-05-17T16:18:55","slug":"pastorn","status":"publish","type":"page","link":"https:\/\/wp.kristdemokraterna.se\/brannberg\/pastorn\/","title":{"rendered":"Pastorn"},"content":{"rendered":"<p><a href=\"http:\/\/wp.kristdemokraterna.se\/brannberg\/files\/2022\/06\/cb_pastor.jpg\"><img loading=\"lazy\" decoding=\"async\" class=\"size-medium wp-image-1350 alignleft\" src=\"http:\/\/wp.kristdemokraterna.se\/brannberg\/files\/2022\/06\/cb_pastor-245x300.jpg\" alt=\"\" width=\"245\" height=\"300\" srcset=\"https:\/\/wp.kristdemokraterna.se\/brannberg\/files\/2022\/06\/cb_pastor-245x300.jpg 245w, https:\/\/wp.kristdemokraterna.se\/brannberg\/files\/2022\/06\/cb_pastor-163x200.jpg 163w, https:\/\/wp.kristdemokraterna.se\/brannberg\/files\/2022\/06\/cb_pastor-370x454.jpg 370w, https:\/\/wp.kristdemokraterna.se\/brannberg\/files\/2022\/06\/cb_pastor-450x552.jpg 450w, https:\/\/wp.kristdemokraterna.se\/brannberg\/files\/2022\/06\/cb_pastor-280x344.jpg 280w, https:\/\/wp.kristdemokraterna.se\/brannberg\/files\/2022\/06\/cb_pastor-340x417.jpg 340w, https:\/\/wp.kristdemokraterna.se\/brannberg\/files\/2022\/06\/cb_pastor-46x56.jpg 46w, https:\/\/wp.kristdemokraterna.se\/brannberg\/files\/2022\/06\/cb_pastor.jpg 489w\" sizes=\"auto, (max-width: 245px) 100vw, 245px\" \/><\/a>Jag \u00e4r pastorsutbildad i USA vid Seattle Bible College och fick min examen Bachelor of Theology 1979. D\u00e5 hade jag f\u00f6rm\u00e5nen att f\u00e5 vara \u00e5rets Valedictorian <em>(kursetta<\/em>)<\/p>\n<p>Jag \u00e4r inte verksam som pastor l\u00e4ngre men har \u00e4gnat en del av mitt tidigare yrkesliv \u00e5t pastorsskap.<\/p>\n<p><strong>F\u00f6rkunnelse<\/strong> &#8211; Jag predikar regelbundet och har f\u00f6rr\u00e4ttningar. Jag reser p\u00e5 s k &#8221;fria kallelser&#8221; i m\u00e5n av tid.<\/p>\n<p><strong>Vigsel<\/strong> &#8211; jag \u00e4r beh\u00f6rig att f\u00f6rr\u00e4tta vigslar.<\/p>\n<p><strong>Begravningar<\/strong> &#8211; under \u00e5rens lopp har jag haft ett antal begravningar och ser detta som ett hedersuppdrag Att f\u00e5 f\u00e5 vara med och skapa en v\u00e4rdig begravningsgudstj\u00e4nst och tillsammans med sl\u00e4kt och v\u00e4nner vara med p\u00e5 den sista f\u00e4rden \u00e4r n\u00e5got unikt och jag tar g\u00e4rna s\u00e5dana uppdrag.<\/p>\n<p><strong>Samtal<\/strong> &#8211; jag \u00e4r f\u00f6rsamlingsledare i Sk\u00f6vde Pingst och st\u00e5r till tj\u00e4nst med samtal. Alla samtal d\u00e5 jag engageras som pastor faller under tystnadsplikt.<\/p>\n","protected":false},"excerpt":{"rendered":"<p>Jag \u00e4r pastorsutbildad i USA vid Seattle Bible College och fick min examen Bachelor of Theology 1979. D\u00e5 hade jag f\u00f6rm\u00e5nen att f\u00e5 vara \u00e5rets Valedictorian (kursetta) Jag \u00e4r inte verksam som pastor l\u00e4ngre men har \u00e4gnat en del av mitt tidigare yrkesliv \u00e5t pastorsskap. F\u00f6rkunnelse &#8211; Jag predikar regelbundet och har f\u00f6rr\u00e4ttningar. Jag reser <a class=\"read-more-link\" href=\"https:\/\/wp.kristdemokraterna.se\/brannberg\/pastorn\/\">Read More<\/a><\/p>\n","protected":false},"author":744,"featured_media":0,"parent":0,"menu_order":0,"comment_status":"closed","ping_status":"closed","template":"","meta":{"_acf_changed":false,"footnotes":""},"class_list":["post-1212","page","type-page","status-publish","hentry"],"acf":[],"yoast_head":"<!-- This site is optimized with the Yoast SEO plugin v27.4 - https:\/\/yoast.com\/product\/yoast-seo-wordpress\/ -->\n<title>Pastorn - Conny Br\u00e4nnberg<\/title>\n<meta name=\"robots\" content=\"index, follow, max-snippet:-1, max-image-preview:large, max-video-preview:-1\" \/>\n<link rel=\"canonical\" href=\"https:\/\/wp.kristdemokraterna.se\/brannberg\/pastorn\/\" \/>\n<meta property=\"og:locale\" content=\"sv_SE\" \/>\n<meta property=\"og:type\" content=\"article\" \/>\n<meta property=\"og:title\" content=\"Pastorn - Conny Br\u00e4nnberg\" \/>\n<meta property=\"og:description\" content=\"Jag \u00e4r pastorsutbildad i USA vid Seattle Bible College och fick min examen Bachelor of Theology 1979. D\u00e5 hade jag f\u00f6rm\u00e5nen att f\u00e5 vara \u00e5rets Valedictorian (kursetta) Jag \u00e4r inte verksam som pastor l\u00e4ngre men har \u00e4gnat en del av mitt tidigare yrkesliv \u00e5t pastorsskap. F\u00f6rkunnelse &#8211; Jag predikar regelbundet och har f\u00f6rr\u00e4ttningar. Jag reser Read More\" \/>\n<meta property=\"og:url\" content=\"https:\/\/wp.kristdemokraterna.se\/brannberg\/pastorn\/\" \/>\n<meta property=\"og:site_name\" content=\"Conny Br\u00e4nnberg\" \/>\n<meta property=\"article:publisher\" content=\"https:\/\/www.facebook.com\/connybrannberg\" \/>\n<meta property=\"article:modified_time\" content=\"2023-05-17T16:18:55+00:00\" \/>\n<meta property=\"og:image\" content=\"http:\/\/wp.kristdemokraterna.se\/brannberg\/files\/2022\/06\/cb_pastor-245x300.jpg\" \/>\n<meta name=\"twitter:card\" content=\"summary_large_image\" \/>\n<meta name=\"twitter:site\" content=\"@brannberg\" \/>\n<meta name=\"twitter:label1\" content=\"Ber\u00e4knad l\u00e4stid\" \/>\n\t<meta name=\"twitter:data1\" content=\"1 minut\" \/>\n<script type=\"application\/ld+json\" class=\"yoast-schema-graph\">{\"@context\":\"https:\\\/\\\/schema.org\",\"@graph\":[{\"@type\":\"WebPage\",\"@id\":\"https:\\\/\\\/wp.kristdemokraterna.se\\\/brannberg\\\/pastorn\\\/\",\"url\":\"https:\\\/\\\/wp.kristdemokraterna.se\\\/brannberg\\\/pastorn\\\/\",\"name\":\"Pastorn - Conny Br\u00e4nnberg\",\"isPartOf\":{\"@id\":\"https:\\\/\\\/wp.kristdemokraterna.se\\\/brannberg\\\/#website\"},\"primaryImageOfPage\":{\"@id\":\"https:\\\/\\\/wp.kristdemokraterna.se\\\/brannberg\\\/pastorn\\\/#primaryimage\"},\"image\":{\"@id\":\"https:\\\/\\\/wp.kristdemokraterna.se\\\/brannberg\\\/pastorn\\\/#primaryimage\"},\"thumbnailUrl\":\"http:\\\/\\\/wp.kristdemokraterna.se\\\/brannberg\\\/files\\\/2022\\\/06\\\/cb_pastor-245x300.jpg\",\"datePublished\":\"2021-07-28T15:36:52+00:00\",\"dateModified\":\"2023-05-17T16:18:55+00:00\",\"breadcrumb\":{\"@id\":\"https:\\\/\\\/wp.kristdemokraterna.se\\\/brannberg\\\/pastorn\\\/#breadcrumb\"},\"inLanguage\":\"sv-SE\",\"potentialAction\":[{\"@type\":\"ReadAction\",\"target\":[\"https:\\\/\\\/wp.kristdemokraterna.se\\\/brannberg\\\/pastorn\\\/\"]}]},{\"@type\":\"ImageObject\",\"inLanguage\":\"sv-SE\",\"@id\":\"https:\\\/\\\/wp.kristdemokraterna.se\\\/brannberg\\\/pastorn\\\/#primaryimage\",\"url\":\"http:\\\/\\\/wp.kristdemokraterna.se\\\/brannberg\\\/files\\\/2022\\\/06\\\/cb_pastor-245x300.jpg\",\"contentUrl\":\"http:\\\/\\\/wp.kristdemokraterna.se\\\/brannberg\\\/files\\\/2022\\\/06\\\/cb_pastor-245x300.jpg\"},{\"@type\":\"BreadcrumbList\",\"@id\":\"https:\\\/\\\/wp.kristdemokraterna.se\\\/brannberg\\\/pastorn\\\/#breadcrumb\",\"itemListElement\":[{\"@type\":\"ListItem\",\"position\":1,\"name\":\"Hem\",\"item\":\"https:\\\/\\\/wp.kristdemokraterna.se\\\/brannberg\\\/\"},{\"@type\":\"ListItem\",\"position\":2,\"name\":\"Pastorn\"}]},{\"@type\":\"WebSite\",\"@id\":\"https:\\\/\\\/wp.kristdemokraterna.se\\\/brannberg\\\/#website\",\"url\":\"https:\\\/\\\/wp.kristdemokraterna.se\\\/brannberg\\\/\",\"name\":\"Conny Br\u00e4nnberg\",\"description\":\"Trygg v\u00e5rd n\u00e4ra dig!\",\"inLanguage\":\"sv-SE\"}]}<\/script>\n<!-- \/ Yoast SEO plugin. -->","yoast_head_json":{"title":"Pastorn - Conny Br\u00e4nnberg","robots":{"index":"index","follow":"follow","max-snippet":"max-snippet:-1","max-image-preview":"max-image-preview:large","max-video-preview":"max-video-preview:-1"},"canonical":"https:\/\/wp.kristdemokraterna.se\/brannberg\/pastorn\/","og_locale":"sv_SE","og_type":"article","og_title":"Pastorn - Conny Br\u00e4nnberg","og_description":"Jag \u00e4r pastorsutbildad i USA vid Seattle Bible College och fick min examen Bachelor of Theology 1979. D\u00e5 hade jag f\u00f6rm\u00e5nen att f\u00e5 vara \u00e5rets Valedictorian (kursetta) Jag \u00e4r inte verksam som pastor l\u00e4ngre men har \u00e4gnat en del av mitt tidigare yrkesliv \u00e5t pastorsskap. F\u00f6rkunnelse &#8211; Jag predikar regelbundet och har f\u00f6rr\u00e4ttningar. Jag reser Read More","og_url":"https:\/\/wp.kristdemokraterna.se\/brannberg\/pastorn\/","og_site_name":"Conny Br\u00e4nnberg","article_publisher":"https:\/\/www.facebook.com\/connybrannberg","article_modified_time":"2023-05-17T16:18:55+00:00","og_image":[{"url":"http:\/\/wp.kristdemokraterna.se\/brannberg\/files\/2022\/06\/cb_pastor-245x300.jpg","type":"","width":"","height":""}],"twitter_card":"summary_large_image","twitter_site":"@brannberg","twitter_misc":{"Ber\u00e4knad l\u00e4stid":"1 minut"},"schema":{"@context":"https:\/\/schema.org","@graph":[{"@type":"WebPage","@id":"https:\/\/wp.kristdemokraterna.se\/brannberg\/pastorn\/","url":"https:\/\/wp.kristdemokraterna.se\/brannberg\/pastorn\/","name":"Pastorn - Conny Br\u00e4nnberg","isPartOf":{"@id":"https:\/\/wp.kristdemokraterna.se\/brannberg\/#website"},"primaryImageOfPage":{"@id":"https:\/\/wp.kristdemokraterna.se\/brannberg\/pastorn\/#primaryimage"},"image":{"@id":"https:\/\/wp.kristdemokraterna.se\/brannberg\/pastorn\/#primaryimage"},"thumbnailUrl":"http:\/\/wp.kristdemokraterna.se\/brannberg\/files\/2022\/06\/cb_pastor-245x300.jpg","datePublished":"2021-07-28T15:36:52+00:00","dateModified":"2023-05-17T16:18:55+00:00","breadcrumb":{"@id":"https:\/\/wp.kristdemokraterna.se\/brannberg\/pastorn\/#breadcrumb"},"inLanguage":"sv-SE","potentialAction":[{"@type":"ReadAction","target":["https:\/\/wp.kristdemokraterna.se\/brannberg\/pastorn\/"]}]},{"@type":"ImageObject","inLanguage":"sv-SE","@id":"https:\/\/wp.kristdemokraterna.se\/brannberg\/pastorn\/#primaryimage","url":"http:\/\/wp.kristdemokraterna.se\/brannberg\/files\/2022\/06\/cb_pastor-245x300.jpg","contentUrl":"http:\/\/wp.kristdemokraterna.se\/brannberg\/files\/2022\/06\/cb_pastor-245x300.jpg"},{"@type":"BreadcrumbList","@id":"https:\/\/wp.kristdemokraterna.se\/brannberg\/pastorn\/#breadcrumb","itemListElement":[{"@type":"ListItem","position":1,"name":"Hem","item":"https:\/\/wp.kristdemokraterna.se\/brannberg\/"},{"@type":"ListItem","position":2,"name":"Pastorn"}]},{"@type":"WebSite","@id":"https:\/\/wp.kristdemokraterna.se\/brannberg\/#website","url":"https:\/\/wp.kristdemokraterna.se\/brannberg\/","name":"Conny Br\u00e4nnberg","description":"Trygg v\u00e5rd n\u00e4ra dig!","inLanguage":"sv-SE"}]}},"_links":{"self":[{"href":"https:\/\/wp.kristdemokraterna.se\/brannberg\/wp-json\/wp\/v2\/pages\/1212","targetHints":{"allow":["GET"]}}],"collection":[{"href":"https:\/\/wp.kristdemokraterna.se\/brannberg\/wp-json\/wp\/v2\/pages"}],"about":[{"href":"https:\/\/wp.kristdemokraterna.se\/brannberg\/wp-json\/wp\/v2\/types\/page"}],"author":[{"embeddable":true,"href":"https:\/\/wp.kristdemokraterna.se\/brannberg\/wp-json\/wp\/v2\/users\/744"}],"replies":[{"embeddable":true,"href":"https:\/\/wp.kristdemokraterna.se\/brannberg\/wp-json\/wp\/v2\/comments?post=1212"}],"version-history":[{"count":8,"href":"https:\/\/wp.kristdemokraterna.se\/brannberg\/wp-json\/wp\/v2\/pages\/1212\/revisions"}],"predecessor-version":[{"id":1462,"href":"https:\/\/wp.kristdemokraterna.se\/brannberg\/wp-json\/wp\/v2\/pages\/1212\/revisions\/1462"}],"wp:attachment":[{"href":"https:\/\/wp.kristdemokraterna.se\/brannberg\/wp-json\/wp\/v2\/media?parent=1212"}],"curies":[{"name":"wp","href":"https:\/\/api.w.org\/{rel}","templated":true}]}}