{"id":134,"date":"2016-11-03T14:09:07","date_gmt":"2016-11-03T13:09:07","guid":{"rendered":"http:\/\/wp.kristdemokraterna.se\/brannberg\/?page_id=134"},"modified":"2020-04-07T13:24:55","modified_gmt":"2020-04-07T11:24:55","slug":"snabblank-till-min-blogg","status":"publish","type":"page","link":"https:\/\/wp.kristdemokraterna.se\/brannberg\/snabblank-till-min-blogg\/","title":{"rendered":"Min blogg"},"content":{"rendered":"<p>Jag f\u00f6rs\u00f6ker att regelbundet g\u00f6ra inl\u00e4gg p\u00e5 min blogg. Den \u00e4r helt personlig och jag blandar mellan det privata och det politiska. Det kan ibland handla om upplevelser jag \u00e4r med om under dagen, ibland &#8221;ryter jag till&#8221; och en och annan g\u00e5ng blir det bilder fr\u00e5n n\u00e5gon skogspromenad.<\/p>\n<p>&nbsp;<\/p>\n<p><a href=\"http:\/\/www.brannberg.blogg.se\">https:\/\/www.brannberg.blogg.se<\/a><\/p>\n<p>&nbsp;<\/p>\n<p>&nbsp;<\/p>\n","protected":false},"excerpt":{"rendered":"<p>Jag f\u00f6rs\u00f6ker att regelbundet g\u00f6ra inl\u00e4gg p\u00e5 min blogg. Den \u00e4r helt personlig och jag blandar mellan det privata och det politiska. Det kan ibland handla om upplevelser jag \u00e4r med om under dagen, ibland &#8221;ryter jag till&#8221; och en och annan g\u00e5ng blir det bilder fr\u00e5n n\u00e5gon skogspromenad. &nbsp; https:\/\/www.brannberg.blogg.se &nbsp; &nbsp;<\/p>\n","protected":false},"author":444,"featured_media":0,"parent":0,"menu_order":0,"comment_status":"closed","ping_status":"closed","template":"","meta":{"_acf_changed":false,"footnotes":""},"class_list":["post-134","page","type-page","status-publish","hentry"],"acf":[],"yoast_head":"<!-- This site is optimized with the Yoast SEO plugin v27.3 - https:\/\/yoast.com\/product\/yoast-seo-wordpress\/ -->\n<title>Min blogg - Conny Br\u00e4nnberg<\/title>\n<meta name=\"robots\" content=\"index, follow, max-snippet:-1, max-image-preview:large, max-video-preview:-1\" \/>\n<link rel=\"canonical\" href=\"https:\/\/wp.kristdemokraterna.se\/brannberg\/snabblank-till-min-blogg\/\" \/>\n<meta property=\"og:locale\" content=\"sv_SE\" \/>\n<meta property=\"og:type\" content=\"article\" \/>\n<meta property=\"og:title\" content=\"Min blogg - Conny Br\u00e4nnberg\" \/>\n<meta property=\"og:description\" content=\"Jag f\u00f6rs\u00f6ker att regelbundet g\u00f6ra inl\u00e4gg p\u00e5 min blogg. Den \u00e4r helt personlig och jag blandar mellan det privata och det politiska. Det kan ibland handla om upplevelser jag \u00e4r med om under dagen, ibland &#8221;ryter jag till&#8221; och en och annan g\u00e5ng blir det bilder fr\u00e5n n\u00e5gon skogspromenad. &nbsp; https:\/\/www.brannberg.blogg.se &nbsp; &nbsp;\" \/>\n<meta property=\"og:url\" content=\"https:\/\/wp.kristdemokraterna.se\/brannberg\/snabblank-till-min-blogg\/\" \/>\n<meta property=\"og:site_name\" content=\"Conny Br\u00e4nnberg\" \/>\n<meta property=\"article:publisher\" content=\"https:\/\/www.facebook.com\/connybrannberg\" \/>\n<meta property=\"article:modified_time\" content=\"2020-04-07T11:24:55+00:00\" \/>\n<meta name=\"twitter:card\" content=\"summary_large_image\" \/>\n<meta name=\"twitter:site\" content=\"@brannberg\" \/>\n<script type=\"application\/ld+json\" class=\"yoast-schema-graph\">{\"@context\":\"https:\\\/\\\/schema.org\",\"@graph\":[{\"@type\":\"WebPage\",\"@id\":\"https:\\\/\\\/wp.kristdemokraterna.se\\\/brannberg\\\/snabblank-till-min-blogg\\\/\",\"url\":\"https:\\\/\\\/wp.kristdemokraterna.se\\\/brannberg\\\/snabblank-till-min-blogg\\\/\",\"name\":\"Min blogg - Conny Br\u00e4nnberg\",\"isPartOf\":{\"@id\":\"https:\\\/\\\/wp.kristdemokraterna.se\\\/brannberg\\\/#website\"},\"datePublished\":\"2016-11-03T13:09:07+00:00\",\"dateModified\":\"2020-04-07T11:24:55+00:00\",\"breadcrumb\":{\"@id\":\"https:\\\/\\\/wp.kristdemokraterna.se\\\/brannberg\\\/snabblank-till-min-blogg\\\/#breadcrumb\"},\"inLanguage\":\"sv-SE\",\"potentialAction\":[{\"@type\":\"ReadAction\",\"target\":[\"https:\\\/\\\/wp.kristdemokraterna.se\\\/brannberg\\\/snabblank-till-min-blogg\\\/\"]}]},{\"@type\":\"BreadcrumbList\",\"@id\":\"https:\\\/\\\/wp.kristdemokraterna.se\\\/brannberg\\\/snabblank-till-min-blogg\\\/#breadcrumb\",\"itemListElement\":[{\"@type\":\"ListItem\",\"position\":1,\"name\":\"Hem\",\"item\":\"https:\\\/\\\/wp.kristdemokraterna.se\\\/brannberg\\\/\"},{\"@type\":\"ListItem\",\"position\":2,\"name\":\"Min blogg\"}]},{\"@type\":\"WebSite\",\"@id\":\"https:\\\/\\\/wp.kristdemokraterna.se\\\/brannberg\\\/#website\",\"url\":\"https:\\\/\\\/wp.kristdemokraterna.se\\\/brannberg\\\/\",\"name\":\"Conny Br\u00e4nnberg\",\"description\":\"Trygg v\u00e5rd n\u00e4ra dig!\",\"inLanguage\":\"sv-SE\"}]}<\/script>\n<!-- \/ Yoast SEO plugin. -->","yoast_head_json":{"title":"Min blogg - Conny Br\u00e4nnberg","robots":{"index":"index","follow":"follow","max-snippet":"max-snippet:-1","max-image-preview":"max-image-preview:large","max-video-preview":"max-video-preview:-1"},"canonical":"https:\/\/wp.kristdemokraterna.se\/brannberg\/snabblank-till-min-blogg\/","og_locale":"sv_SE","og_type":"article","og_title":"Min blogg - Conny Br\u00e4nnberg","og_description":"Jag f\u00f6rs\u00f6ker att regelbundet g\u00f6ra inl\u00e4gg p\u00e5 min blogg. Den \u00e4r helt personlig och jag blandar mellan det privata och det politiska. Det kan ibland handla om upplevelser jag \u00e4r med om under dagen, ibland &#8221;ryter jag till&#8221; och en och annan g\u00e5ng blir det bilder fr\u00e5n n\u00e5gon skogspromenad. &nbsp; https:\/\/www.brannberg.blogg.se &nbsp; &nbsp;","og_url":"https:\/\/wp.kristdemokraterna.se\/brannberg\/snabblank-till-min-blogg\/","og_site_name":"Conny Br\u00e4nnberg","article_publisher":"https:\/\/www.facebook.com\/connybrannberg","article_modified_time":"2020-04-07T11:24:55+00:00","twitter_card":"summary_large_image","twitter_site":"@brannberg","schema":{"@context":"https:\/\/schema.org","@graph":[{"@type":"WebPage","@id":"https:\/\/wp.kristdemokraterna.se\/brannberg\/snabblank-till-min-blogg\/","url":"https:\/\/wp.kristdemokraterna.se\/brannberg\/snabblank-till-min-blogg\/","name":"Min blogg - Conny Br\u00e4nnberg","isPartOf":{"@id":"https:\/\/wp.kristdemokraterna.se\/brannberg\/#website"},"datePublished":"2016-11-03T13:09:07+00:00","dateModified":"2020-04-07T11:24:55+00:00","breadcrumb":{"@id":"https:\/\/wp.kristdemokraterna.se\/brannberg\/snabblank-till-min-blogg\/#breadcrumb"},"inLanguage":"sv-SE","potentialAction":[{"@type":"ReadAction","target":["https:\/\/wp.kristdemokraterna.se\/brannberg\/snabblank-till-min-blogg\/"]}]},{"@type":"BreadcrumbList","@id":"https:\/\/wp.kristdemokraterna.se\/brannberg\/snabblank-till-min-blogg\/#breadcrumb","itemListElement":[{"@type":"ListItem","position":1,"name":"Hem","item":"https:\/\/wp.kristdemokraterna.se\/brannberg\/"},{"@type":"ListItem","position":2,"name":"Min blogg"}]},{"@type":"WebSite","@id":"https:\/\/wp.kristdemokraterna.se\/brannberg\/#website","url":"https:\/\/wp.kristdemokraterna.se\/brannberg\/","name":"Conny Br\u00e4nnberg","description":"Trygg v\u00e5rd n\u00e4ra dig!","inLanguage":"sv-SE"}]}},"_links":{"self":[{"href":"https:\/\/wp.kristdemokraterna.se\/brannberg\/wp-json\/wp\/v2\/pages\/134","targetHints":{"allow":["GET"]}}],"collection":[{"href":"https:\/\/wp.kristdemokraterna.se\/brannberg\/wp-json\/wp\/v2\/pages"}],"about":[{"href":"https:\/\/wp.kristdemokraterna.se\/brannberg\/wp-json\/wp\/v2\/types\/page"}],"author":[{"embeddable":true,"href":"https:\/\/wp.kristdemokraterna.se\/brannberg\/wp-json\/wp\/v2\/users\/444"}],"replies":[{"embeddable":true,"href":"https:\/\/wp.kristdemokraterna.se\/brannberg\/wp-json\/wp\/v2\/comments?post=134"}],"version-history":[{"count":5,"href":"https:\/\/wp.kristdemokraterna.se\/brannberg\/wp-json\/wp\/v2\/pages\/134\/revisions"}],"predecessor-version":[{"id":1151,"href":"https:\/\/wp.kristdemokraterna.se\/brannberg\/wp-json\/wp\/v2\/pages\/134\/revisions\/1151"}],"wp:attachment":[{"href":"https:\/\/wp.kristdemokraterna.se\/brannberg\/wp-json\/wp\/v2\/media?parent=134"}],"curies":[{"name":"wp","href":"https:\/\/api.w.org\/{rel}","templated":true}]}}