{"id":1369,"date":"2022-07-21T09:22:35","date_gmt":"2022-07-21T07:22:35","guid":{"rendered":"https:\/\/wp.kristdemokraterna.se\/brannberg\/?page_id=1369"},"modified":"2022-07-21T16:48:56","modified_gmt":"2022-07-21T14:48:56","slug":"kontakt","status":"publish","type":"page","link":"https:\/\/wp.kristdemokraterna.se\/brannberg\/kontakt\/","title":{"rendered":"Kontakt"},"content":{"rendered":"<p>Jag vill att det ska vara enkelt att f\u00e5 tag p\u00e5 mig:<\/p>\n<p>e-post: conny.brannberg@vgregion.se<\/p>\n<p>Brev: Skicka till Residenset, Torget 462 80 V\u00e4nersborg<\/p>\n<p>M\u00f6tas: Enklast \u00e4r att vi m\u00f6ts p\u00e5 Regionens Hus (V\u00e4nersborg, Sk\u00f6vde och G\u00f6teborg)<\/p>\n<p>Telefon och SMS: 0703 &#8211; 410 565<\/p>\n<p>Jag finns p\u00e5 sociala medier<\/p>\n<p>www.facebook.com\/braennberg<\/p>\n<p>www.instagram.com\/cbrannberg<\/p>\n<p>www.twitter.com\/Brannberg<\/p>\n<p>Min blogg heter Br\u00e4nnbergs Blandningar och n\u00e5s p\u00e5 <a href=\"https:www.brannberg.blogg.se\">www.brannberg.blogg.se<\/a><\/p>\n","protected":false},"excerpt":{"rendered":"<p>Jag vill att det ska vara enkelt att f\u00e5 tag p\u00e5 mig: e-post: conny.brannberg@vgregion.se Brev: Skicka till Residenset, Torget 462 80 V\u00e4nersborg M\u00f6tas: Enklast \u00e4r att vi m\u00f6ts p\u00e5 Regionens Hus (V\u00e4nersborg, Sk\u00f6vde och G\u00f6teborg) Telefon och SMS: 0703 &#8211; 410 565 Jag finns p\u00e5 sociala medier www.facebook.com\/braennberg www.instagram.com\/cbrannberg www.twitter.com\/Brannberg Min blogg heter Br\u00e4nnbergs Blandningar <a class=\"read-more-link\" href=\"https:\/\/wp.kristdemokraterna.se\/brannberg\/kontakt\/\">Read More<\/a><\/p>\n","protected":false},"author":744,"featured_media":0,"parent":0,"menu_order":0,"comment_status":"closed","ping_status":"closed","template":"","meta":{"_acf_changed":false,"footnotes":""},"class_list":["post-1369","page","type-page","status-publish","hentry"],"acf":[],"yoast_head":"<!-- This site is optimized with the Yoast SEO plugin v27.4 - https:\/\/yoast.com\/product\/yoast-seo-wordpress\/ -->\n<title>Kontakt - Conny Br\u00e4nnberg<\/title>\n<meta name=\"robots\" content=\"index, follow, max-snippet:-1, max-image-preview:large, max-video-preview:-1\" \/>\n<link rel=\"canonical\" href=\"https:\/\/wp.kristdemokraterna.se\/brannberg\/kontakt\/\" \/>\n<meta property=\"og:locale\" content=\"sv_SE\" \/>\n<meta property=\"og:type\" content=\"article\" \/>\n<meta property=\"og:title\" content=\"Kontakt - Conny Br\u00e4nnberg\" \/>\n<meta property=\"og:description\" content=\"Jag vill att det ska vara enkelt att f\u00e5 tag p\u00e5 mig: e-post: conny.brannberg@vgregion.se Brev: Skicka till Residenset, Torget 462 80 V\u00e4nersborg M\u00f6tas: Enklast \u00e4r att vi m\u00f6ts p\u00e5 Regionens Hus (V\u00e4nersborg, Sk\u00f6vde och G\u00f6teborg) Telefon och SMS: 0703 &#8211; 410 565 Jag finns p\u00e5 sociala medier www.facebook.com\/braennberg www.instagram.com\/cbrannberg www.twitter.com\/Brannberg Min blogg heter Br\u00e4nnbergs Blandningar Read More\" \/>\n<meta property=\"og:url\" content=\"https:\/\/wp.kristdemokraterna.se\/brannberg\/kontakt\/\" \/>\n<meta property=\"og:site_name\" content=\"Conny Br\u00e4nnberg\" \/>\n<meta property=\"article:publisher\" content=\"https:\/\/www.facebook.com\/connybrannberg\" \/>\n<meta property=\"article:modified_time\" content=\"2022-07-21T14:48:56+00:00\" \/>\n<meta name=\"twitter:card\" content=\"summary_large_image\" \/>\n<meta name=\"twitter:site\" content=\"@brannberg\" \/>\n<script type=\"application\/ld+json\" class=\"yoast-schema-graph\">{\"@context\":\"https:\\\/\\\/schema.org\",\"@graph\":[{\"@type\":\"WebPage\",\"@id\":\"https:\\\/\\\/wp.kristdemokraterna.se\\\/brannberg\\\/kontakt\\\/\",\"url\":\"https:\\\/\\\/wp.kristdemokraterna.se\\\/brannberg\\\/kontakt\\\/\",\"name\":\"Kontakt - Conny Br\u00e4nnberg\",\"isPartOf\":{\"@id\":\"https:\\\/\\\/wp.kristdemokraterna.se\\\/brannberg\\\/#website\"},\"datePublished\":\"2022-07-21T07:22:35+00:00\",\"dateModified\":\"2022-07-21T14:48:56+00:00\",\"breadcrumb\":{\"@id\":\"https:\\\/\\\/wp.kristdemokraterna.se\\\/brannberg\\\/kontakt\\\/#breadcrumb\"},\"inLanguage\":\"sv-SE\",\"potentialAction\":[{\"@type\":\"ReadAction\",\"target\":[\"https:\\\/\\\/wp.kristdemokraterna.se\\\/brannberg\\\/kontakt\\\/\"]}]},{\"@type\":\"BreadcrumbList\",\"@id\":\"https:\\\/\\\/wp.kristdemokraterna.se\\\/brannberg\\\/kontakt\\\/#breadcrumb\",\"itemListElement\":[{\"@type\":\"ListItem\",\"position\":1,\"name\":\"Hem\",\"item\":\"https:\\\/\\\/wp.kristdemokraterna.se\\\/brannberg\\\/\"},{\"@type\":\"ListItem\",\"position\":2,\"name\":\"Kontakt\"}]},{\"@type\":\"WebSite\",\"@id\":\"https:\\\/\\\/wp.kristdemokraterna.se\\\/brannberg\\\/#website\",\"url\":\"https:\\\/\\\/wp.kristdemokraterna.se\\\/brannberg\\\/\",\"name\":\"Conny Br\u00e4nnberg\",\"description\":\"Trygg v\u00e5rd n\u00e4ra dig!\",\"inLanguage\":\"sv-SE\"}]}<\/script>\n<!-- \/ Yoast SEO plugin. -->","yoast_head_json":{"title":"Kontakt - Conny Br\u00e4nnberg","robots":{"index":"index","follow":"follow","max-snippet":"max-snippet:-1","max-image-preview":"max-image-preview:large","max-video-preview":"max-video-preview:-1"},"canonical":"https:\/\/wp.kristdemokraterna.se\/brannberg\/kontakt\/","og_locale":"sv_SE","og_type":"article","og_title":"Kontakt - Conny Br\u00e4nnberg","og_description":"Jag vill att det ska vara enkelt att f\u00e5 tag p\u00e5 mig: e-post: conny.brannberg@vgregion.se Brev: Skicka till Residenset, Torget 462 80 V\u00e4nersborg M\u00f6tas: Enklast \u00e4r att vi m\u00f6ts p\u00e5 Regionens Hus (V\u00e4nersborg, Sk\u00f6vde och G\u00f6teborg) Telefon och SMS: 0703 &#8211; 410 565 Jag finns p\u00e5 sociala medier www.facebook.com\/braennberg www.instagram.com\/cbrannberg www.twitter.com\/Brannberg Min blogg heter Br\u00e4nnbergs Blandningar Read More","og_url":"https:\/\/wp.kristdemokraterna.se\/brannberg\/kontakt\/","og_site_name":"Conny Br\u00e4nnberg","article_publisher":"https:\/\/www.facebook.com\/connybrannberg","article_modified_time":"2022-07-21T14:48:56+00:00","twitter_card":"summary_large_image","twitter_site":"@brannberg","schema":{"@context":"https:\/\/schema.org","@graph":[{"@type":"WebPage","@id":"https:\/\/wp.kristdemokraterna.se\/brannberg\/kontakt\/","url":"https:\/\/wp.kristdemokraterna.se\/brannberg\/kontakt\/","name":"Kontakt - Conny Br\u00e4nnberg","isPartOf":{"@id":"https:\/\/wp.kristdemokraterna.se\/brannberg\/#website"},"datePublished":"2022-07-21T07:22:35+00:00","dateModified":"2022-07-21T14:48:56+00:00","breadcrumb":{"@id":"https:\/\/wp.kristdemokraterna.se\/brannberg\/kontakt\/#breadcrumb"},"inLanguage":"sv-SE","potentialAction":[{"@type":"ReadAction","target":["https:\/\/wp.kristdemokraterna.se\/brannberg\/kontakt\/"]}]},{"@type":"BreadcrumbList","@id":"https:\/\/wp.kristdemokraterna.se\/brannberg\/kontakt\/#breadcrumb","itemListElement":[{"@type":"ListItem","position":1,"name":"Hem","item":"https:\/\/wp.kristdemokraterna.se\/brannberg\/"},{"@type":"ListItem","position":2,"name":"Kontakt"}]},{"@type":"WebSite","@id":"https:\/\/wp.kristdemokraterna.se\/brannberg\/#website","url":"https:\/\/wp.kristdemokraterna.se\/brannberg\/","name":"Conny Br\u00e4nnberg","description":"Trygg v\u00e5rd n\u00e4ra dig!","inLanguage":"sv-SE"}]}},"_links":{"self":[{"href":"https:\/\/wp.kristdemokraterna.se\/brannberg\/wp-json\/wp\/v2\/pages\/1369","targetHints":{"allow":["GET"]}}],"collection":[{"href":"https:\/\/wp.kristdemokraterna.se\/brannberg\/wp-json\/wp\/v2\/pages"}],"about":[{"href":"https:\/\/wp.kristdemokraterna.se\/brannberg\/wp-json\/wp\/v2\/types\/page"}],"author":[{"embeddable":true,"href":"https:\/\/wp.kristdemokraterna.se\/brannberg\/wp-json\/wp\/v2\/users\/744"}],"replies":[{"embeddable":true,"href":"https:\/\/wp.kristdemokraterna.se\/brannberg\/wp-json\/wp\/v2\/comments?post=1369"}],"version-history":[{"count":1,"href":"https:\/\/wp.kristdemokraterna.se\/brannberg\/wp-json\/wp\/v2\/pages\/1369\/revisions"}],"predecessor-version":[{"id":1370,"href":"https:\/\/wp.kristdemokraterna.se\/brannberg\/wp-json\/wp\/v2\/pages\/1369\/revisions\/1370"}],"wp:attachment":[{"href":"https:\/\/wp.kristdemokraterna.se\/brannberg\/wp-json\/wp\/v2\/media?parent=1369"}],"curies":[{"name":"wp","href":"https:\/\/api.w.org\/{rel}","templated":true}]}}