{"id":1451,"date":"2023-02-22T21:36:38","date_gmt":"2023-02-22T20:36:38","guid":{"rendered":"https:\/\/wp.kristdemokraterna.se\/brannberg\/?page_id=1451"},"modified":"2023-02-22T21:36:38","modified_gmt":"2023-02-22T20:36:38","slug":"motioner","status":"publish","type":"page","link":"https:\/\/wp.kristdemokraterna.se\/brannberg\/motioner\/","title":{"rendered":"Motioner"},"content":{"rendered":"<p>Inf\u00f6r Rikstinget 2023 har jag skickat in fyra kulturmotioner<\/p>\n<p><a href=\"http:\/\/wp.kristdemokraterna.se\/brannberg\/files\/2023\/02\/mt_rikst_curator.pdf\">mt_rikst_curator\u00a0<\/a>Handlar om nya st\u00f6dformer f\u00f6r konstens kuratorer<\/p>\n<p><a href=\"http:\/\/wp.kristdemokraterna.se\/brannberg\/files\/2023\/02\/mt_rikst_fhsk.pdf\">mt_rikst_fhsk<\/a> Folkh\u00f6gskolor b\u00f6r drivas av folk\u00f6relser &#8211; inte regioner<\/p>\n<p><a href=\"http:\/\/wp.kristdemokraterna.se\/brannberg\/files\/2023\/02\/mt_rikst_gallerier.pdf\">mt_rikst_gallerier\u00a0<\/a> Det beh\u00f6vs st\u00f6d f\u00f6r gallerier och konstf\u00f6reningar<\/p>\n<p><a href=\"http:\/\/wp.kristdemokraterna.se\/brannberg\/files\/2023\/02\/mt_rikst_skatt_konst.pdf\">mt_rikst_skatt_konst<\/a> S\u00e5v\u00e4l skattesatser som avdragsr\u00e4tt f\u00f6r konst b\u00f6r ses \u00f6ver<\/p>\n","protected":false},"excerpt":{"rendered":"<p>Inf\u00f6r Rikstinget 2023 har jag skickat in fyra kulturmotioner mt_rikst_curator\u00a0Handlar om nya st\u00f6dformer f\u00f6r konstens kuratorer mt_rikst_fhsk Folkh\u00f6gskolor b\u00f6r drivas av folk\u00f6relser &#8211; inte regioner mt_rikst_gallerier\u00a0 Det beh\u00f6vs st\u00f6d f\u00f6r gallerier och konstf\u00f6reningar mt_rikst_skatt_konst S\u00e5v\u00e4l skattesatser som avdragsr\u00e4tt f\u00f6r konst b\u00f6r ses \u00f6ver<\/p>\n","protected":false},"author":744,"featured_media":0,"parent":0,"menu_order":0,"comment_status":"closed","ping_status":"closed","template":"","meta":{"_acf_changed":false,"footnotes":""},"class_list":["post-1451","page","type-page","status-publish","hentry"],"acf":[],"yoast_head":"<!-- This site is optimized with the Yoast SEO plugin v27.4 - https:\/\/yoast.com\/product\/yoast-seo-wordpress\/ -->\n<title>Motioner - Conny Br\u00e4nnberg<\/title>\n<meta name=\"robots\" content=\"index, follow, max-snippet:-1, max-image-preview:large, max-video-preview:-1\" \/>\n<link rel=\"canonical\" href=\"https:\/\/wp.kristdemokraterna.se\/brannberg\/motioner\/\" \/>\n<meta property=\"og:locale\" content=\"sv_SE\" \/>\n<meta property=\"og:type\" content=\"article\" \/>\n<meta property=\"og:title\" content=\"Motioner - Conny Br\u00e4nnberg\" \/>\n<meta property=\"og:description\" content=\"Inf\u00f6r Rikstinget 2023 har jag skickat in fyra kulturmotioner mt_rikst_curator\u00a0Handlar om nya st\u00f6dformer f\u00f6r konstens kuratorer mt_rikst_fhsk Folkh\u00f6gskolor b\u00f6r drivas av folk\u00f6relser &#8211; inte regioner mt_rikst_gallerier\u00a0 Det beh\u00f6vs st\u00f6d f\u00f6r gallerier och konstf\u00f6reningar mt_rikst_skatt_konst S\u00e5v\u00e4l skattesatser som avdragsr\u00e4tt f\u00f6r konst b\u00f6r ses \u00f6ver\" \/>\n<meta property=\"og:url\" content=\"https:\/\/wp.kristdemokraterna.se\/brannberg\/motioner\/\" \/>\n<meta property=\"og:site_name\" content=\"Conny Br\u00e4nnberg\" \/>\n<meta property=\"article:publisher\" content=\"https:\/\/www.facebook.com\/connybrannberg\" \/>\n<meta name=\"twitter:card\" content=\"summary_large_image\" \/>\n<meta name=\"twitter:site\" content=\"@brannberg\" \/>\n<meta name=\"twitter:label1\" content=\"Ber\u00e4knad l\u00e4stid\" \/>\n\t<meta name=\"twitter:data1\" content=\"1 minut\" \/>\n<script type=\"application\/ld+json\" class=\"yoast-schema-graph\">{\"@context\":\"https:\\\/\\\/schema.org\",\"@graph\":[{\"@type\":\"WebPage\",\"@id\":\"https:\\\/\\\/wp.kristdemokraterna.se\\\/brannberg\\\/motioner\\\/\",\"url\":\"https:\\\/\\\/wp.kristdemokraterna.se\\\/brannberg\\\/motioner\\\/\",\"name\":\"Motioner - Conny Br\u00e4nnberg\",\"isPartOf\":{\"@id\":\"https:\\\/\\\/wp.kristdemokraterna.se\\\/brannberg\\\/#website\"},\"datePublished\":\"2023-02-22T20:36:38+00:00\",\"breadcrumb\":{\"@id\":\"https:\\\/\\\/wp.kristdemokraterna.se\\\/brannberg\\\/motioner\\\/#breadcrumb\"},\"inLanguage\":\"sv-SE\",\"potentialAction\":[{\"@type\":\"ReadAction\",\"target\":[\"https:\\\/\\\/wp.kristdemokraterna.se\\\/brannberg\\\/motioner\\\/\"]}]},{\"@type\":\"BreadcrumbList\",\"@id\":\"https:\\\/\\\/wp.kristdemokraterna.se\\\/brannberg\\\/motioner\\\/#breadcrumb\",\"itemListElement\":[{\"@type\":\"ListItem\",\"position\":1,\"name\":\"Hem\",\"item\":\"https:\\\/\\\/wp.kristdemokraterna.se\\\/brannberg\\\/\"},{\"@type\":\"ListItem\",\"position\":2,\"name\":\"Motioner\"}]},{\"@type\":\"WebSite\",\"@id\":\"https:\\\/\\\/wp.kristdemokraterna.se\\\/brannberg\\\/#website\",\"url\":\"https:\\\/\\\/wp.kristdemokraterna.se\\\/brannberg\\\/\",\"name\":\"Conny Br\u00e4nnberg\",\"description\":\"Trygg v\u00e5rd n\u00e4ra dig!\",\"inLanguage\":\"sv-SE\"}]}<\/script>\n<!-- \/ Yoast SEO plugin. -->","yoast_head_json":{"title":"Motioner - Conny Br\u00e4nnberg","robots":{"index":"index","follow":"follow","max-snippet":"max-snippet:-1","max-image-preview":"max-image-preview:large","max-video-preview":"max-video-preview:-1"},"canonical":"https:\/\/wp.kristdemokraterna.se\/brannberg\/motioner\/","og_locale":"sv_SE","og_type":"article","og_title":"Motioner - Conny Br\u00e4nnberg","og_description":"Inf\u00f6r Rikstinget 2023 har jag skickat in fyra kulturmotioner mt_rikst_curator\u00a0Handlar om nya st\u00f6dformer f\u00f6r konstens kuratorer mt_rikst_fhsk Folkh\u00f6gskolor b\u00f6r drivas av folk\u00f6relser &#8211; inte regioner mt_rikst_gallerier\u00a0 Det beh\u00f6vs st\u00f6d f\u00f6r gallerier och konstf\u00f6reningar mt_rikst_skatt_konst S\u00e5v\u00e4l skattesatser som avdragsr\u00e4tt f\u00f6r konst b\u00f6r ses \u00f6ver","og_url":"https:\/\/wp.kristdemokraterna.se\/brannberg\/motioner\/","og_site_name":"Conny Br\u00e4nnberg","article_publisher":"https:\/\/www.facebook.com\/connybrannberg","twitter_card":"summary_large_image","twitter_site":"@brannberg","twitter_misc":{"Ber\u00e4knad l\u00e4stid":"1 minut"},"schema":{"@context":"https:\/\/schema.org","@graph":[{"@type":"WebPage","@id":"https:\/\/wp.kristdemokraterna.se\/brannberg\/motioner\/","url":"https:\/\/wp.kristdemokraterna.se\/brannberg\/motioner\/","name":"Motioner - Conny Br\u00e4nnberg","isPartOf":{"@id":"https:\/\/wp.kristdemokraterna.se\/brannberg\/#website"},"datePublished":"2023-02-22T20:36:38+00:00","breadcrumb":{"@id":"https:\/\/wp.kristdemokraterna.se\/brannberg\/motioner\/#breadcrumb"},"inLanguage":"sv-SE","potentialAction":[{"@type":"ReadAction","target":["https:\/\/wp.kristdemokraterna.se\/brannberg\/motioner\/"]}]},{"@type":"BreadcrumbList","@id":"https:\/\/wp.kristdemokraterna.se\/brannberg\/motioner\/#breadcrumb","itemListElement":[{"@type":"ListItem","position":1,"name":"Hem","item":"https:\/\/wp.kristdemokraterna.se\/brannberg\/"},{"@type":"ListItem","position":2,"name":"Motioner"}]},{"@type":"WebSite","@id":"https:\/\/wp.kristdemokraterna.se\/brannberg\/#website","url":"https:\/\/wp.kristdemokraterna.se\/brannberg\/","name":"Conny Br\u00e4nnberg","description":"Trygg v\u00e5rd n\u00e4ra dig!","inLanguage":"sv-SE"}]}},"_links":{"self":[{"href":"https:\/\/wp.kristdemokraterna.se\/brannberg\/wp-json\/wp\/v2\/pages\/1451","targetHints":{"allow":["GET"]}}],"collection":[{"href":"https:\/\/wp.kristdemokraterna.se\/brannberg\/wp-json\/wp\/v2\/pages"}],"about":[{"href":"https:\/\/wp.kristdemokraterna.se\/brannberg\/wp-json\/wp\/v2\/types\/page"}],"author":[{"embeddable":true,"href":"https:\/\/wp.kristdemokraterna.se\/brannberg\/wp-json\/wp\/v2\/users\/744"}],"replies":[{"embeddable":true,"href":"https:\/\/wp.kristdemokraterna.se\/brannberg\/wp-json\/wp\/v2\/comments?post=1451"}],"version-history":[{"count":1,"href":"https:\/\/wp.kristdemokraterna.se\/brannberg\/wp-json\/wp\/v2\/pages\/1451\/revisions"}],"predecessor-version":[{"id":1456,"href":"https:\/\/wp.kristdemokraterna.se\/brannberg\/wp-json\/wp\/v2\/pages\/1451\/revisions\/1456"}],"wp:attachment":[{"href":"https:\/\/wp.kristdemokraterna.se\/brannberg\/wp-json\/wp\/v2\/media?parent=1451"}],"curies":[{"name":"wp","href":"https:\/\/api.w.org\/{rel}","templated":true}]}}