{"id":16,"date":"2014-08-19T13:48:53","date_gmt":"2014-08-19T11:48:53","guid":{"rendered":"http:\/\/wp.kristdemokraterna.se\/brannberg\/?page_id=16"},"modified":"2022-07-02T19:39:01","modified_gmt":"2022-07-02T17:39:01","slug":"blogg","status":"publish","type":"page","link":"https:\/\/wp.kristdemokraterna.se\/brannberg\/blogg\/","title":{"rendered":"Arkivsidan f\u00f6r inl\u00e4gg &#8211; l\u00e4s mer!"},"content":{"rendered":"<p><!-- Global site tag (gtag.js) - Google Ads: 1007147097 --><br \/>\n<a href=\"https:\/\/www.googletagmanager.com\/gtag\/js?id=AW-1007147097\">https:\/\/www.googletagmanager.com\/gtag\/js?id=AW-1007147097<\/a><\/p>\n<p>  window.dataLayer = window.dataLayer || [];<br \/>\n  function gtag(){dataLayer.push(arguments);}<br \/>\n  gtag(&#8217;js&#8217;, new Date());<\/p>\n<p>  gtag(&#8217;config&#8217;, &#8217;AW-1007147097&#8217;);<\/p>\n","protected":false},"excerpt":{"rendered":"<p>https:\/\/www.googletagmanager.com\/gtag\/js?id=AW-1007147097 window.dataLayer = window.dataLayer || []; function gtag(){dataLayer.push(arguments);} gtag(&#8217;js&#8217;, new Date()); gtag(&#8217;config&#8217;, &#8217;AW-1007147097&#8217;);<\/p>\n","protected":false},"author":744,"featured_media":0,"parent":0,"menu_order":0,"comment_status":"closed","ping_status":"closed","template":"","meta":{"_acf_changed":false,"footnotes":""},"class_list":["post-16","page","type-page","status-publish","hentry"],"acf":[],"yoast_head":"<!-- This site is optimized with the Yoast SEO plugin v27.3 - https:\/\/yoast.com\/product\/yoast-seo-wordpress\/ -->\n<title>Arkivsidan f\u00f6r inl\u00e4gg - l\u00e4s mer! - Conny Br\u00e4nnberg %<\/title>\n<meta name=\"robots\" content=\"index, follow, max-snippet:-1, max-image-preview:large, max-video-preview:-1\" \/>\n<link rel=\"canonical\" href=\"https:\/\/wp.kristdemokraterna.se\/brannberg\/blogg\/\" \/>\n<meta property=\"og:locale\" content=\"sv_SE\" \/>\n<meta property=\"og:type\" content=\"article\" \/>\n<meta property=\"og:title\" content=\"Arkivsidan f\u00f6r inl\u00e4gg - l\u00e4s mer! - Conny Br\u00e4nnberg %\" \/>\n<meta property=\"og:description\" content=\"https:\/\/www.googletagmanager.com\/gtag\/js?id=AW-1007147097 window.dataLayer = window.dataLayer || []; function gtag(){dataLayer.push(arguments);} gtag(&#8217;js&#8217;, new Date()); gtag(&#8217;config&#8217;, &#8217;AW-1007147097&#8217;);\" \/>\n<meta property=\"og:url\" content=\"https:\/\/wp.kristdemokraterna.se\/brannberg\/blogg\/\" \/>\n<meta property=\"og:site_name\" content=\"Conny Br\u00e4nnberg\" \/>\n<meta property=\"article:publisher\" content=\"https:\/\/www.facebook.com\/connybrannberg\" \/>\n<meta property=\"article:modified_time\" content=\"2022-07-02T17:39:01+00:00\" \/>\n<meta name=\"twitter:card\" content=\"summary_large_image\" \/>\n<meta name=\"twitter:site\" content=\"@brannberg\" \/>\n<script type=\"application\/ld+json\" class=\"yoast-schema-graph\">{\"@context\":\"https:\\\/\\\/schema.org\",\"@graph\":[{\"@type\":\"WebPage\",\"@id\":\"https:\\\/\\\/wp.kristdemokraterna.se\\\/brannberg\\\/blogg\\\/\",\"url\":\"https:\\\/\\\/wp.kristdemokraterna.se\\\/brannberg\\\/blogg\\\/\",\"name\":\"Arkivsidan f\u00f6r inl\u00e4gg - l\u00e4s mer! - Conny Br\u00e4nnberg %\",\"isPartOf\":{\"@id\":\"https:\\\/\\\/wp.kristdemokraterna.se\\\/brannberg\\\/#website\"},\"datePublished\":\"2014-08-19T11:48:53+00:00\",\"dateModified\":\"2022-07-02T17:39:01+00:00\",\"breadcrumb\":{\"@id\":\"https:\\\/\\\/wp.kristdemokraterna.se\\\/brannberg\\\/blogg\\\/#breadcrumb\"},\"inLanguage\":\"sv-SE\",\"potentialAction\":[{\"@type\":\"ReadAction\",\"target\":[\"https:\\\/\\\/wp.kristdemokraterna.se\\\/brannberg\\\/blogg\\\/\"]}]},{\"@type\":\"BreadcrumbList\",\"@id\":\"https:\\\/\\\/wp.kristdemokraterna.se\\\/brannberg\\\/blogg\\\/#breadcrumb\",\"itemListElement\":[{\"@type\":\"ListItem\",\"position\":1,\"name\":\"Hem\",\"item\":\"https:\\\/\\\/wp.kristdemokraterna.se\\\/brannberg\\\/\"},{\"@type\":\"ListItem\",\"position\":2,\"name\":\"Arkivsidan f\u00f6r inl\u00e4gg &#8211; l\u00e4s mer!\"}]},{\"@type\":\"WebSite\",\"@id\":\"https:\\\/\\\/wp.kristdemokraterna.se\\\/brannberg\\\/#website\",\"url\":\"https:\\\/\\\/wp.kristdemokraterna.se\\\/brannberg\\\/\",\"name\":\"Conny Br\u00e4nnberg\",\"description\":\"Trygg v\u00e5rd n\u00e4ra dig!\",\"inLanguage\":\"sv-SE\"}]}<\/script>\n<!-- \/ Yoast SEO plugin. -->","yoast_head_json":{"title":"Arkivsidan f\u00f6r inl\u00e4gg - l\u00e4s mer! - Conny Br\u00e4nnberg %","robots":{"index":"index","follow":"follow","max-snippet":"max-snippet:-1","max-image-preview":"max-image-preview:large","max-video-preview":"max-video-preview:-1"},"canonical":"https:\/\/wp.kristdemokraterna.se\/brannberg\/blogg\/","og_locale":"sv_SE","og_type":"article","og_title":"Arkivsidan f\u00f6r inl\u00e4gg - l\u00e4s mer! - Conny Br\u00e4nnberg %","og_description":"https:\/\/www.googletagmanager.com\/gtag\/js?id=AW-1007147097 window.dataLayer = window.dataLayer || []; function gtag(){dataLayer.push(arguments);} gtag(&#8217;js&#8217;, new Date()); gtag(&#8217;config&#8217;, &#8217;AW-1007147097&#8217;);","og_url":"https:\/\/wp.kristdemokraterna.se\/brannberg\/blogg\/","og_site_name":"Conny Br\u00e4nnberg","article_publisher":"https:\/\/www.facebook.com\/connybrannberg","article_modified_time":"2022-07-02T17:39:01+00:00","twitter_card":"summary_large_image","twitter_site":"@brannberg","schema":{"@context":"https:\/\/schema.org","@graph":[{"@type":"WebPage","@id":"https:\/\/wp.kristdemokraterna.se\/brannberg\/blogg\/","url":"https:\/\/wp.kristdemokraterna.se\/brannberg\/blogg\/","name":"Arkivsidan f\u00f6r inl\u00e4gg - l\u00e4s mer! - Conny Br\u00e4nnberg %","isPartOf":{"@id":"https:\/\/wp.kristdemokraterna.se\/brannberg\/#website"},"datePublished":"2014-08-19T11:48:53+00:00","dateModified":"2022-07-02T17:39:01+00:00","breadcrumb":{"@id":"https:\/\/wp.kristdemokraterna.se\/brannberg\/blogg\/#breadcrumb"},"inLanguage":"sv-SE","potentialAction":[{"@type":"ReadAction","target":["https:\/\/wp.kristdemokraterna.se\/brannberg\/blogg\/"]}]},{"@type":"BreadcrumbList","@id":"https:\/\/wp.kristdemokraterna.se\/brannberg\/blogg\/#breadcrumb","itemListElement":[{"@type":"ListItem","position":1,"name":"Hem","item":"https:\/\/wp.kristdemokraterna.se\/brannberg\/"},{"@type":"ListItem","position":2,"name":"Arkivsidan f\u00f6r inl\u00e4gg &#8211; l\u00e4s mer!"}]},{"@type":"WebSite","@id":"https:\/\/wp.kristdemokraterna.se\/brannberg\/#website","url":"https:\/\/wp.kristdemokraterna.se\/brannberg\/","name":"Conny Br\u00e4nnberg","description":"Trygg v\u00e5rd n\u00e4ra dig!","inLanguage":"sv-SE"}]}},"_links":{"self":[{"href":"https:\/\/wp.kristdemokraterna.se\/brannberg\/wp-json\/wp\/v2\/pages\/16","targetHints":{"allow":["GET"]}}],"collection":[{"href":"https:\/\/wp.kristdemokraterna.se\/brannberg\/wp-json\/wp\/v2\/pages"}],"about":[{"href":"https:\/\/wp.kristdemokraterna.se\/brannberg\/wp-json\/wp\/v2\/types\/page"}],"author":[{"embeddable":true,"href":"https:\/\/wp.kristdemokraterna.se\/brannberg\/wp-json\/wp\/v2\/users\/744"}],"replies":[{"embeddable":true,"href":"https:\/\/wp.kristdemokraterna.se\/brannberg\/wp-json\/wp\/v2\/comments?post=16"}],"version-history":[{"count":3,"href":"https:\/\/wp.kristdemokraterna.se\/brannberg\/wp-json\/wp\/v2\/pages\/16\/revisions"}],"predecessor-version":[{"id":1358,"href":"https:\/\/wp.kristdemokraterna.se\/brannberg\/wp-json\/wp\/v2\/pages\/16\/revisions\/1358"}],"wp:attachment":[{"href":"https:\/\/wp.kristdemokraterna.se\/brannberg\/wp-json\/wp\/v2\/media?parent=16"}],"curies":[{"name":"wp","href":"https:\/\/api.w.org\/{rel}","templated":true}]}}