{"id":2,"date":"2014-11-04T11:34:08","date_gmt":"2014-11-04T10:34:08","guid":{"rendered":"http:\/\/wp.kristdemokraterna.se\/lokalavdelningsmall20140404\/?page_id=2"},"modified":"2026-01-22T10:05:05","modified_gmt":"2026-01-22T09:05:05","slug":"exempelsida","status":"publish","type":"page","link":"https:\/\/wp.kristdemokraterna.se\/brannberg\/exempelsida\/","title":{"rendered":"Detta \u00e4r jag !"},"content":{"rendered":"<p><strong>Lite fakta om Conny Br\u00e4nnberg<\/strong><br \/>\nH\u00e4r finner du lite mer om mig som person. Jag brinner f\u00f6r att f\u00e5 vara med och f\u00f6r\u00e4ndra samh\u00e4llet. Den kristdemokratiska politiken ger mig den v\u00e4rdegrund som jag vill ha f\u00f6r ett stabilt samh\u00e4llsbygge.<\/p>\n<p>N\u00e4r du ska r\u00f6sta s\u00e5 \u00e4r politiken viktigast, men jag \u00e4r ocks\u00e5 medveten om att politikern \u00e4r viktig.<\/p>\n<p>H\u00e4r finner du lite mer fakta om mig som \u00e4r<\/p>\n<p>En n\u00e5got brokig yrkesbakgrund<\/p>\n<p>\u2026 <em>Pastor<\/em>\u2026 <em>Journalist<\/em>\u2026 Gymnas<em>iel\u00e4rare<\/em>\u2026 <em>Expert<\/em>\u2026 <em>Utredare<\/em>\u2026 <em>F\u00f6rel\u00e4sare<\/em>&#8230;. <em>Bloggare<\/em>&#8230;<em>F\u00f6rfattare&#8230;<\/em><\/p>\n<p>men framf\u00f6r allt<\/p>\n<p>\u2026 politiker eller hellre uttryckt <strong>f\u00f6rtroendevald<\/strong><\/p>\n<p>Lite personlig information:<\/p>\n<p>INTRESSEN:<\/p>\n<p><strong>Familjen <\/strong>&#8211; gift med Margaret sedan \u00f6ver 40 \u00e5r, tre vuxna barn, fem barnbarn<br \/>\nTorparliv p\u00e5 Tors\u00f6 (\u00f6 i V\u00e4nern) d\u00e4r jag tillbringar min lediga tid<br \/>\nGillar att segla och \u00e5ka skidor<br \/>\nPromenader i skogen och plockar g\u00e4rna b\u00e4r och\u00a0svamp<br \/>\nTar g\u00e4rna del av kulturlivet<br \/>\nTycker om att umg\u00e5s med mina v\u00e4nner<\/p>\n<p><strong>Aktuella politiska uppdrag<\/strong><\/p>\n<p><strong>\u00a0I Sk\u00f6vde kommun:<\/strong><\/p>\n<p>Ledamot och vice Ordf\u00f6rande f\u00f6r Sk\u00f6vde kommunfullm\u00e4ktige<\/p>\n<p><strong>I V\u00e4stra G\u00f6talandsregionen:<\/strong><\/p>\n<p>Ledamot av Regionfullm\u00e4ktige<br \/>\nf d Regionr\u00e5d<br \/>\n1:e vice ordf\u00f6rande regionfullm\u00e4ktige<br \/>\nLedamot av samr\u00e5det f\u00f6r Nationella Minoriteter<br \/>\nLedamot av Kulturn\u00e4mnden<br \/>\nVice president of The Smart Regions Working Group vid Nordsj\u00f6kommissionen<br \/>\nLedamot av sub-kommitt\u00e9n f\u00f6r Nordsj\u00f6programmet<\/p>\n<p><strong>Nationella uppdrag:<\/strong><\/p>\n<p>Kristdemokraternas representant i Beredningen f\u00f6r Kultur och Fritid, Sveriges kommuner och Landsting (SKR)<\/p>\n<p>Ledamot av Kristdemokraternas Kommun- och Regionpolitiska Rpd (KRP)<\/p>\n<p>Ledamot av insynsr\u00e5det f\u00f6r CSN (upph\u00f6rde 2016)<\/p>\n<p>Ledamot av N\u00e4mnden f\u00f6r hemsl\u00f6jdsfr\u00e5gor (vice ordf\u00f6rande) Upph\u00f6rde 2016<\/p>\n<p>Ledamot av styrelsen f\u00f6r Svensk Scenkonst (upph\u00f6rde 2025)<\/p>\n<p><strong>\u00a0<\/strong><\/p>\n<p><strong><br \/>\nARBETSLIVSERFARENHET<\/strong><\/p>\n<p>Sedan 1987 mediel\u00e4rare vid V\u00e4sterh\u00f6jdsgymnasiet i Sk\u00f6vde. Har ocks\u00e5 haft uppdrag p\u00e5 deltid som expert f\u00f6r Skolverket bl a i samband med GY-07 som var t\u00e4nkt som en stor\u00a0 gymnasiereform men som hamnade i skrivbordsl\u00e5dan d\u00e5 alliansregeringen tilltr\u00e4dde. Innan dess arbetade jag som utbildare och journalist. Min bakgrund \u00e4r egentligen pastor, men har \u201dsadlat om\u201d.<\/p>\n<p>Kanske mest k\u00e4nd som f\u00f6rel\u00e4sare kring mediernas p\u00e5verkan p\u00e5 barn och ungdomar. Jag har under flera \u00e5r f\u00f6rel\u00e4st om mediekonsumtion.<\/p>\n<p>Under de senaste \u00e5ren har det blivit en hel del \u201dordf\u00f6randeuppdrag\u201d, b\u00e5de s\u00e5dana d\u00e4r jag \u201dsvingar klubban\u201d men ocks\u00e5 kurser i m\u00f6tes- och sammantr\u00e4des teknik.<\/p>\n<p><strong>BAKGRUND SOM PASTOR<\/strong><\/p>\n<p>Efter mina teologiska studier i USA var jag verksam om pastor i Pingstkyrkan i Sk\u00f6vde. Jag \u00e4r inte l\u00e4ngre anst\u00e4lld som pastor, men g\u00f6r en del f\u00f6rr\u00e4ttningar:<\/p>\n<p>Predikar och undervisar p\u00e5 &#8221;fria kallelser&#8221;<br \/>\n\u00c4r begravningsf\u00f6rr\u00e4ttare<br \/>\n\u00c4r vigself\u00f6rr\u00e4ttare<\/p>\n<p>&nbsp;<\/p>\n<ul>\n<li><strong>UTBILDNINGAR<\/strong>:<\/li>\n<\/ul>\n<p>Jag har flera olika utbildningar:<\/p>\n<ul>\n<li><strong>teol kand<\/strong>\u00a0eller r\u00e4ttare sagt Bachelor of Theology (min examen var i USA 1979 efter fyra \u00e5rs teologiska studier)<\/li>\n<li>\u00a0<strong>h\u00f6gskoleexamen<\/strong>\u00a0i Medieteknik (1992) &#8211; University Certificate (UC) in Media Technology<\/li>\n<li><strong>fil kand<\/strong>\u00a0i filmvetenskap (1994) &#8211; Bachelor of science in Film History<\/li>\n<li><strong>Gymnasiel\u00e4rarexamen<\/strong> fr\u00e5n L\u00e4rarh\u00f6gskolan\u00a0 (1997), Diploma of education for the upper secondary school<\/li>\n<li>\u00a0<strong>fil. mag<\/strong>\u00a0i filmvetenskap (huvudsp\u00e5ret handlar om feministisk filmteori) \u2013 (2000) &#8211; Master of arts in Cinema Historuy and Theory<\/li>\n<li><strong>fil kand<\/strong> i Pedagogik. (2005) Bachelor of science in Pedagogy<\/li>\n<li><strong>fil.mag<\/strong> i pedagogik (mediepedagogik) \u2013 (2006) &#8211; Master of Science in Pedagogy<\/li>\n<\/ul>\n<p>&nbsp;<\/p>\n<p>P\u00e5 gymnasiet gick jag Naturvetenskaplig linje (det hette s\u00e5 p\u00e5 den tiden) vid V\u00e4sterh\u00f6jdsgymnasiet i Sk\u00f6vde.<\/p>\n<p>Jag gick grundskolan p\u00e5 Billingskolan, Gamla Skolan och Helenaskolan i Sk\u00f6vde. Gymnasiet p\u00e5 V\u00e4sterh\u00f6jd. Har studerat vid f\u00f6ljande h\u00f6gskolor\/universitet;<\/p>\n<p>North Seattle Community College<br \/>\nSeattle Bible College<br \/>\nH\u00f6gskolan i Sk\u00f6vde<br \/>\nStockholms Universitet<br \/>\nL\u00e4rarh\u00f6gskolan i Stockholm<br \/>\nG\u00f6teborgs Universitet<br \/>\n\u00d6rebro Universitet<br \/>\nAkademi f\u00f6r Ledarskap ochTeologi<\/p>\n","protected":false},"excerpt":{"rendered":"<p>Lite fakta om Conny Br\u00e4nnberg H\u00e4r finner du lite mer om mig som person. Jag brinner f\u00f6r att f\u00e5 vara med och f\u00f6r\u00e4ndra samh\u00e4llet. Den kristdemokratiska politiken ger mig den v\u00e4rdegrund som jag vill ha f\u00f6r ett stabilt samh\u00e4llsbygge. N\u00e4r du ska r\u00f6sta s\u00e5 \u00e4r politiken viktigast, men jag \u00e4r ocks\u00e5 medveten om att politikern <a class=\"read-more-link\" href=\"https:\/\/wp.kristdemokraterna.se\/brannberg\/exempelsida\/\">Read More<\/a><\/p>\n","protected":false},"author":744,"featured_media":0,"parent":0,"menu_order":0,"comment_status":"closed","ping_status":"closed","template":"","meta":{"_acf_changed":false,"footnotes":""},"class_list":["post-2","page","type-page","status-publish","hentry"],"acf":[],"yoast_head":"<!-- This site is optimized with the Yoast SEO plugin v27.3 - https:\/\/yoast.com\/product\/yoast-seo-wordpress\/ -->\n<title>Detta \u00e4r jag ! - Conny Br\u00e4nnberg<\/title>\n<meta name=\"robots\" content=\"index, follow, max-snippet:-1, max-image-preview:large, max-video-preview:-1\" \/>\n<link rel=\"canonical\" href=\"https:\/\/wp.kristdemokraterna.se\/brannberg\/exempelsida\/\" \/>\n<meta property=\"og:locale\" content=\"sv_SE\" \/>\n<meta property=\"og:type\" content=\"article\" \/>\n<meta property=\"og:title\" content=\"Detta \u00e4r jag ! - Conny Br\u00e4nnberg\" \/>\n<meta property=\"og:description\" content=\"Lite fakta om Conny Br\u00e4nnberg H\u00e4r finner du lite mer om mig som person. Jag brinner f\u00f6r att f\u00e5 vara med och f\u00f6r\u00e4ndra samh\u00e4llet. Den kristdemokratiska politiken ger mig den v\u00e4rdegrund som jag vill ha f\u00f6r ett stabilt samh\u00e4llsbygge. N\u00e4r du ska r\u00f6sta s\u00e5 \u00e4r politiken viktigast, men jag \u00e4r ocks\u00e5 medveten om att politikern Read More\" \/>\n<meta property=\"og:url\" content=\"https:\/\/wp.kristdemokraterna.se\/brannberg\/exempelsida\/\" \/>\n<meta property=\"og:site_name\" content=\"Conny Br\u00e4nnberg\" \/>\n<meta property=\"article:publisher\" content=\"https:\/\/www.facebook.com\/connybrannberg\" \/>\n<meta property=\"article:modified_time\" content=\"2026-01-22T09:05:05+00:00\" \/>\n<meta name=\"twitter:card\" content=\"summary_large_image\" \/>\n<meta name=\"twitter:site\" content=\"@brannberg\" \/>\n<meta name=\"twitter:label1\" content=\"Ber\u00e4knad l\u00e4stid\" \/>\n\t<meta name=\"twitter:data1\" content=\"3 minuter\" \/>\n<script type=\"application\/ld+json\" class=\"yoast-schema-graph\">{\"@context\":\"https:\\\/\\\/schema.org\",\"@graph\":[{\"@type\":\"WebPage\",\"@id\":\"https:\\\/\\\/wp.kristdemokraterna.se\\\/brannberg\\\/exempelsida\\\/\",\"url\":\"https:\\\/\\\/wp.kristdemokraterna.se\\\/brannberg\\\/exempelsida\\\/\",\"name\":\"Detta \u00e4r jag ! - Conny Br\u00e4nnberg\",\"isPartOf\":{\"@id\":\"https:\\\/\\\/wp.kristdemokraterna.se\\\/brannberg\\\/#website\"},\"datePublished\":\"2014-11-04T10:34:08+00:00\",\"dateModified\":\"2026-01-22T09:05:05+00:00\",\"breadcrumb\":{\"@id\":\"https:\\\/\\\/wp.kristdemokraterna.se\\\/brannberg\\\/exempelsida\\\/#breadcrumb\"},\"inLanguage\":\"sv-SE\",\"potentialAction\":[{\"@type\":\"ReadAction\",\"target\":[\"https:\\\/\\\/wp.kristdemokraterna.se\\\/brannberg\\\/exempelsida\\\/\"]}]},{\"@type\":\"BreadcrumbList\",\"@id\":\"https:\\\/\\\/wp.kristdemokraterna.se\\\/brannberg\\\/exempelsida\\\/#breadcrumb\",\"itemListElement\":[{\"@type\":\"ListItem\",\"position\":1,\"name\":\"Hem\",\"item\":\"https:\\\/\\\/wp.kristdemokraterna.se\\\/brannberg\\\/\"},{\"@type\":\"ListItem\",\"position\":2,\"name\":\"Detta \u00e4r jag !\"}]},{\"@type\":\"WebSite\",\"@id\":\"https:\\\/\\\/wp.kristdemokraterna.se\\\/brannberg\\\/#website\",\"url\":\"https:\\\/\\\/wp.kristdemokraterna.se\\\/brannberg\\\/\",\"name\":\"Conny Br\u00e4nnberg\",\"description\":\"Trygg v\u00e5rd n\u00e4ra dig!\",\"inLanguage\":\"sv-SE\"}]}<\/script>\n<!-- \/ Yoast SEO plugin. -->","yoast_head_json":{"title":"Detta \u00e4r jag ! - Conny Br\u00e4nnberg","robots":{"index":"index","follow":"follow","max-snippet":"max-snippet:-1","max-image-preview":"max-image-preview:large","max-video-preview":"max-video-preview:-1"},"canonical":"https:\/\/wp.kristdemokraterna.se\/brannberg\/exempelsida\/","og_locale":"sv_SE","og_type":"article","og_title":"Detta \u00e4r jag ! - Conny Br\u00e4nnberg","og_description":"Lite fakta om Conny Br\u00e4nnberg H\u00e4r finner du lite mer om mig som person. Jag brinner f\u00f6r att f\u00e5 vara med och f\u00f6r\u00e4ndra samh\u00e4llet. Den kristdemokratiska politiken ger mig den v\u00e4rdegrund som jag vill ha f\u00f6r ett stabilt samh\u00e4llsbygge. N\u00e4r du ska r\u00f6sta s\u00e5 \u00e4r politiken viktigast, men jag \u00e4r ocks\u00e5 medveten om att politikern Read More","og_url":"https:\/\/wp.kristdemokraterna.se\/brannberg\/exempelsida\/","og_site_name":"Conny Br\u00e4nnberg","article_publisher":"https:\/\/www.facebook.com\/connybrannberg","article_modified_time":"2026-01-22T09:05:05+00:00","twitter_card":"summary_large_image","twitter_site":"@brannberg","twitter_misc":{"Ber\u00e4knad l\u00e4stid":"3 minuter"},"schema":{"@context":"https:\/\/schema.org","@graph":[{"@type":"WebPage","@id":"https:\/\/wp.kristdemokraterna.se\/brannberg\/exempelsida\/","url":"https:\/\/wp.kristdemokraterna.se\/brannberg\/exempelsida\/","name":"Detta \u00e4r jag ! - Conny Br\u00e4nnberg","isPartOf":{"@id":"https:\/\/wp.kristdemokraterna.se\/brannberg\/#website"},"datePublished":"2014-11-04T10:34:08+00:00","dateModified":"2026-01-22T09:05:05+00:00","breadcrumb":{"@id":"https:\/\/wp.kristdemokraterna.se\/brannberg\/exempelsida\/#breadcrumb"},"inLanguage":"sv-SE","potentialAction":[{"@type":"ReadAction","target":["https:\/\/wp.kristdemokraterna.se\/brannberg\/exempelsida\/"]}]},{"@type":"BreadcrumbList","@id":"https:\/\/wp.kristdemokraterna.se\/brannberg\/exempelsida\/#breadcrumb","itemListElement":[{"@type":"ListItem","position":1,"name":"Hem","item":"https:\/\/wp.kristdemokraterna.se\/brannberg\/"},{"@type":"ListItem","position":2,"name":"Detta \u00e4r jag !"}]},{"@type":"WebSite","@id":"https:\/\/wp.kristdemokraterna.se\/brannberg\/#website","url":"https:\/\/wp.kristdemokraterna.se\/brannberg\/","name":"Conny Br\u00e4nnberg","description":"Trygg v\u00e5rd n\u00e4ra dig!","inLanguage":"sv-SE"}]}},"_links":{"self":[{"href":"https:\/\/wp.kristdemokraterna.se\/brannberg\/wp-json\/wp\/v2\/pages\/2","targetHints":{"allow":["GET"]}}],"collection":[{"href":"https:\/\/wp.kristdemokraterna.se\/brannberg\/wp-json\/wp\/v2\/pages"}],"about":[{"href":"https:\/\/wp.kristdemokraterna.se\/brannberg\/wp-json\/wp\/v2\/types\/page"}],"author":[{"embeddable":true,"href":"https:\/\/wp.kristdemokraterna.se\/brannberg\/wp-json\/wp\/v2\/users\/744"}],"replies":[{"embeddable":true,"href":"https:\/\/wp.kristdemokraterna.se\/brannberg\/wp-json\/wp\/v2\/comments?post=2"}],"version-history":[{"count":11,"href":"https:\/\/wp.kristdemokraterna.se\/brannberg\/wp-json\/wp\/v2\/pages\/2\/revisions"}],"predecessor-version":[{"id":1621,"href":"https:\/\/wp.kristdemokraterna.se\/brannberg\/wp-json\/wp\/v2\/pages\/2\/revisions\/1621"}],"wp:attachment":[{"href":"https:\/\/wp.kristdemokraterna.se\/brannberg\/wp-json\/wp\/v2\/media?parent=2"}],"curies":[{"name":"wp","href":"https:\/\/api.w.org\/{rel}","templated":true}]}}