{"id":224,"date":"2016-12-03T10:13:01","date_gmt":"2016-12-03T09:13:01","guid":{"rendered":"http:\/\/wp.kristdemokraterna.se\/brannberg\/?page_id=224"},"modified":"2019-09-24T06:15:36","modified_gmt":"2019-09-24T04:15:36","slug":"debatt-artiklar","status":"publish","type":"page","link":"https:\/\/wp.kristdemokraterna.se\/brannberg\/debatt-artiklar\/","title":{"rendered":"Debatt\/artiklar"},"content":{"rendered":"<p>Jag skriver regelbundet debattinl\u00e4gg i olika tidningar. Det \u00e4r ett, av m\u00e5nga s\u00e4tt, att beskriva vad jag tror och verkar f\u00f6r.<\/p>\n<p>Vi arbetar ocks\u00e5 med att presentera budskap via film. I mitt regionala uppdrag s\u00e5 finner du dessa v\u00eda Kristdemokraterna i V\u00e4stra G\u00f6talands Facebooksida eller p\u00e5 min egen Facebooksida. Jag har ocks\u00e5 en Youtubekanal d\u00e4r videor publiceras.<\/p>\n<p>&nbsp;<\/p>\n<p>&nbsp;<\/p>\n","protected":false},"excerpt":{"rendered":"<p>Jag skriver regelbundet debattinl\u00e4gg i olika tidningar. Det \u00e4r ett, av m\u00e5nga s\u00e4tt, att beskriva vad jag tror och verkar f\u00f6r. Vi arbetar ocks\u00e5 med att presentera budskap via film. I mitt regionala uppdrag s\u00e5 finner du dessa v\u00eda Kristdemokraterna i V\u00e4stra G\u00f6talands Facebooksida eller p\u00e5 min egen Facebooksida. Jag har ocks\u00e5 en Youtubekanal d\u00e4r <a class=\"read-more-link\" href=\"https:\/\/wp.kristdemokraterna.se\/brannberg\/debatt-artiklar\/\">Read More<\/a><\/p>\n","protected":false},"author":744,"featured_media":0,"parent":0,"menu_order":0,"comment_status":"closed","ping_status":"closed","template":"","meta":{"_acf_changed":false,"footnotes":""},"class_list":["post-224","page","type-page","status-publish","hentry"],"acf":[],"yoast_head":"<!-- This site is optimized with the Yoast SEO plugin v27.3 - https:\/\/yoast.com\/product\/yoast-seo-wordpress\/ -->\n<title>Debatt\/artiklar - Conny Br\u00e4nnberg<\/title>\n<meta name=\"robots\" content=\"index, follow, max-snippet:-1, max-image-preview:large, max-video-preview:-1\" \/>\n<link rel=\"canonical\" href=\"https:\/\/wp.kristdemokraterna.se\/brannberg\/debatt-artiklar\/\" \/>\n<meta property=\"og:locale\" content=\"sv_SE\" \/>\n<meta property=\"og:type\" content=\"article\" \/>\n<meta property=\"og:title\" content=\"Debatt\/artiklar - Conny Br\u00e4nnberg\" \/>\n<meta property=\"og:description\" content=\"Jag skriver regelbundet debattinl\u00e4gg i olika tidningar. Det \u00e4r ett, av m\u00e5nga s\u00e4tt, att beskriva vad jag tror och verkar f\u00f6r. Vi arbetar ocks\u00e5 med att presentera budskap via film. I mitt regionala uppdrag s\u00e5 finner du dessa v\u00eda Kristdemokraterna i V\u00e4stra G\u00f6talands Facebooksida eller p\u00e5 min egen Facebooksida. Jag har ocks\u00e5 en Youtubekanal d\u00e4r Read More\" \/>\n<meta property=\"og:url\" content=\"https:\/\/wp.kristdemokraterna.se\/brannberg\/debatt-artiklar\/\" \/>\n<meta property=\"og:site_name\" content=\"Conny Br\u00e4nnberg\" \/>\n<meta property=\"article:publisher\" content=\"https:\/\/www.facebook.com\/connybrannberg\" \/>\n<meta property=\"article:modified_time\" content=\"2019-09-24T04:15:36+00:00\" \/>\n<meta name=\"twitter:card\" content=\"summary_large_image\" \/>\n<meta name=\"twitter:site\" content=\"@brannberg\" \/>\n<script type=\"application\/ld+json\" class=\"yoast-schema-graph\">{\"@context\":\"https:\\\/\\\/schema.org\",\"@graph\":[{\"@type\":\"WebPage\",\"@id\":\"https:\\\/\\\/wp.kristdemokraterna.se\\\/brannberg\\\/debatt-artiklar\\\/\",\"url\":\"https:\\\/\\\/wp.kristdemokraterna.se\\\/brannberg\\\/debatt-artiklar\\\/\",\"name\":\"Debatt\\\/artiklar - Conny Br\u00e4nnberg\",\"isPartOf\":{\"@id\":\"https:\\\/\\\/wp.kristdemokraterna.se\\\/brannberg\\\/#website\"},\"datePublished\":\"2016-12-03T09:13:01+00:00\",\"dateModified\":\"2019-09-24T04:15:36+00:00\",\"breadcrumb\":{\"@id\":\"https:\\\/\\\/wp.kristdemokraterna.se\\\/brannberg\\\/debatt-artiklar\\\/#breadcrumb\"},\"inLanguage\":\"sv-SE\",\"potentialAction\":[{\"@type\":\"ReadAction\",\"target\":[\"https:\\\/\\\/wp.kristdemokraterna.se\\\/brannberg\\\/debatt-artiklar\\\/\"]}]},{\"@type\":\"BreadcrumbList\",\"@id\":\"https:\\\/\\\/wp.kristdemokraterna.se\\\/brannberg\\\/debatt-artiklar\\\/#breadcrumb\",\"itemListElement\":[{\"@type\":\"ListItem\",\"position\":1,\"name\":\"Hem\",\"item\":\"https:\\\/\\\/wp.kristdemokraterna.se\\\/brannberg\\\/\"},{\"@type\":\"ListItem\",\"position\":2,\"name\":\"Debatt\\\/artiklar\"}]},{\"@type\":\"WebSite\",\"@id\":\"https:\\\/\\\/wp.kristdemokraterna.se\\\/brannberg\\\/#website\",\"url\":\"https:\\\/\\\/wp.kristdemokraterna.se\\\/brannberg\\\/\",\"name\":\"Conny Br\u00e4nnberg\",\"description\":\"Trygg v\u00e5rd n\u00e4ra dig!\",\"inLanguage\":\"sv-SE\"}]}<\/script>\n<!-- \/ Yoast SEO plugin. -->","yoast_head_json":{"title":"Debatt\/artiklar - Conny Br\u00e4nnberg","robots":{"index":"index","follow":"follow","max-snippet":"max-snippet:-1","max-image-preview":"max-image-preview:large","max-video-preview":"max-video-preview:-1"},"canonical":"https:\/\/wp.kristdemokraterna.se\/brannberg\/debatt-artiklar\/","og_locale":"sv_SE","og_type":"article","og_title":"Debatt\/artiklar - Conny Br\u00e4nnberg","og_description":"Jag skriver regelbundet debattinl\u00e4gg i olika tidningar. Det \u00e4r ett, av m\u00e5nga s\u00e4tt, att beskriva vad jag tror och verkar f\u00f6r. Vi arbetar ocks\u00e5 med att presentera budskap via film. I mitt regionala uppdrag s\u00e5 finner du dessa v\u00eda Kristdemokraterna i V\u00e4stra G\u00f6talands Facebooksida eller p\u00e5 min egen Facebooksida. Jag har ocks\u00e5 en Youtubekanal d\u00e4r Read More","og_url":"https:\/\/wp.kristdemokraterna.se\/brannberg\/debatt-artiklar\/","og_site_name":"Conny Br\u00e4nnberg","article_publisher":"https:\/\/www.facebook.com\/connybrannberg","article_modified_time":"2019-09-24T04:15:36+00:00","twitter_card":"summary_large_image","twitter_site":"@brannberg","schema":{"@context":"https:\/\/schema.org","@graph":[{"@type":"WebPage","@id":"https:\/\/wp.kristdemokraterna.se\/brannberg\/debatt-artiklar\/","url":"https:\/\/wp.kristdemokraterna.se\/brannberg\/debatt-artiklar\/","name":"Debatt\/artiklar - Conny Br\u00e4nnberg","isPartOf":{"@id":"https:\/\/wp.kristdemokraterna.se\/brannberg\/#website"},"datePublished":"2016-12-03T09:13:01+00:00","dateModified":"2019-09-24T04:15:36+00:00","breadcrumb":{"@id":"https:\/\/wp.kristdemokraterna.se\/brannberg\/debatt-artiklar\/#breadcrumb"},"inLanguage":"sv-SE","potentialAction":[{"@type":"ReadAction","target":["https:\/\/wp.kristdemokraterna.se\/brannberg\/debatt-artiklar\/"]}]},{"@type":"BreadcrumbList","@id":"https:\/\/wp.kristdemokraterna.se\/brannberg\/debatt-artiklar\/#breadcrumb","itemListElement":[{"@type":"ListItem","position":1,"name":"Hem","item":"https:\/\/wp.kristdemokraterna.se\/brannberg\/"},{"@type":"ListItem","position":2,"name":"Debatt\/artiklar"}]},{"@type":"WebSite","@id":"https:\/\/wp.kristdemokraterna.se\/brannberg\/#website","url":"https:\/\/wp.kristdemokraterna.se\/brannberg\/","name":"Conny Br\u00e4nnberg","description":"Trygg v\u00e5rd n\u00e4ra dig!","inLanguage":"sv-SE"}]}},"_links":{"self":[{"href":"https:\/\/wp.kristdemokraterna.se\/brannberg\/wp-json\/wp\/v2\/pages\/224","targetHints":{"allow":["GET"]}}],"collection":[{"href":"https:\/\/wp.kristdemokraterna.se\/brannberg\/wp-json\/wp\/v2\/pages"}],"about":[{"href":"https:\/\/wp.kristdemokraterna.se\/brannberg\/wp-json\/wp\/v2\/types\/page"}],"author":[{"embeddable":true,"href":"https:\/\/wp.kristdemokraterna.se\/brannberg\/wp-json\/wp\/v2\/users\/744"}],"replies":[{"embeddable":true,"href":"https:\/\/wp.kristdemokraterna.se\/brannberg\/wp-json\/wp\/v2\/comments?post=224"}],"version-history":[{"count":13,"href":"https:\/\/wp.kristdemokraterna.se\/brannberg\/wp-json\/wp\/v2\/pages\/224\/revisions"}],"predecessor-version":[{"id":1094,"href":"https:\/\/wp.kristdemokraterna.se\/brannberg\/wp-json\/wp\/v2\/pages\/224\/revisions\/1094"}],"wp:attachment":[{"href":"https:\/\/wp.kristdemokraterna.se\/brannberg\/wp-json\/wp\/v2\/media?parent=224"}],"curies":[{"name":"wp","href":"https:\/\/api.w.org\/{rel}","templated":true}]}}