{"id":40,"date":"2016-04-27T13:56:45","date_gmt":"2016-04-27T11:56:45","guid":{"rendered":"http:\/\/wp.kristdemokraterna.se\/brannberg\/?page_id=40"},"modified":"2021-02-09T06:53:36","modified_gmt":"2021-02-09T05:53:36","slug":"i-kommunen","status":"publish","type":"page","link":"https:\/\/wp.kristdemokraterna.se\/brannberg\/i-kommunen\/","title":{"rendered":"I Sk\u00f6vde Kommun"},"content":{"rendered":"<blockquote><p>Under valr\u00f6relsen drev vi devisen &#8221;Sk\u00f6vde Kommun &#8211; B\u00e4sta kommun att v\u00e4xa upp i&#8221;. Med detta menade vi att barn och unga ska st\u00e5 i fokus, men ocks\u00e5 \u00f6vriga \u00e5ldrar. Kristdemokrater s\u00e4tter familjen i fokus och v\u00e5r familjepolitik ska g\u00e4lla hela livet.\u00a0 Nedan finner du n\u00e5gra av v\u00e5ra id\u00e9er.<\/p>\n<p><strong>B\u00e4ttre f\u00f6r barn och familjer<\/strong><br \/>\nTrygga familjer ger barn goda f\u00f6ruts\u00e4ttningar att klara livets olika utmaningar. Vi vill familjes\u00e4kra politiken, att alla politiska beslut ska analyseras utifr\u00e5n vilka konsekvenser de f\u00e5r f\u00f6r familjer och n\u00e4ra relationer.<\/p>\n<p>Vi vill:<br \/>\n\u2022 F\u00f6rb\u00e4ttra f\u00f6r barn och familjer genom att minska barngruppernas storlek i f\u00f6rskolan och p\u00e5 fritids och \u00f6ka familjers valfrihet att v\u00e4lja barnomsorg. Inf\u00f6ra en barnomsorgspeng \u00e4ven f\u00f6r f\u00f6r\u00e4ldrar som sj\u00e4lva har hand om omsorgen f\u00f6r sina barn.<br \/>\n\u2022 F\u00f6rb\u00e4ttra st\u00f6det till ekonomiskt svaga barnfamiljer.<br \/>\n\u2022\u00a0Inf\u00f6ra en flexiblare f\u00f6r\u00e4ldraf\u00f6rs\u00e4kring s\u00e5 att barnen f\u00e5r mer tid med sina f\u00f6r\u00e4ldrar och f\u00f6rb\u00e4ttra st\u00f6det till ton\u00e5rsf\u00f6r\u00e4ldrar. Vi s\u00e4ger nej till kvotering.<br \/>\n<strong><br \/>\nB\u00e4ttre f\u00f6retagsklimat f\u00f6r fler jobb<br \/>\n<\/strong>Det privata n\u00e4ringslivet och entrepren\u00f6rskapet \u00e4r grunden f\u00f6r Sveriges v\u00e4lf\u00e4rd. Nya jobb kan inte kommenderas fram av politiker. De skapas n\u00e4r enskilda m\u00e4nniskor finner det m\u00f6dan v\u00e4rt att starta eller utveckla ett f\u00f6retag.<\/p>\n<p>Vi vill:<br \/>\n\u2022 Forts\u00e4tta att f\u00f6renkla f\u00f6r f\u00f6retag att starta och anst\u00e4lla personal bland annat genom att minska f\u00f6retagens sjukl\u00f6nekostnader och utveckla RUT- och ROT-avdragen.<br \/>\n\u2022 Ha kvar s\u00e4nkta arbetsgivaravgifter f\u00f6r unga, s\u00e4nkt restaurangmoms och s\u00e4nkt skatt p\u00e5 arbete.\u00a0Vi vill ocks\u00e5 \u00f6ka tryggheten vid arbetsl\u00f6shet.<br \/>\n\u2022\u00a0St\u00e4rka ungdomars m\u00f6jlighet att f\u00e5 jobb, bland annat genom att inf\u00f6ra en l\u00e4rlingsanst\u00e4llningsform.<\/p>\n<p><strong>En god \u00e4ldreomsorg<\/strong><br \/>\n\u00c4ldre personer ska f\u00e5 leva ett v\u00e4rdigt liv och k\u00e4nna v\u00e4lbefinnande. Vi m\u00e5ste v\u00e4rna deras r\u00e4tt att best\u00e4mma \u00f6ver sitt eget liv s\u00e5 l\u00e5ngt det \u00e4r m\u00f6jligt. De har erfarenhet och kunskap som ska tas tillvara.<\/p>\n<p>Vi vill:<br \/>\n\u2022 \u00d6ka \u00e4ldres sj\u00e4lvbest\u00e4mmande genom att ge personer \u00f6ver 85 \u00e5r r\u00e4tt till \u00e4ldreboende utan bist\u00e5ndsbed\u00f6mning och inf\u00f6ra r\u00e4tt att v\u00e4lja \u00e4ldreomsorg var man \u00e4n bor i landet.<br \/>\n\u2022 Utveckla kvaliteten i \u00e4ldreomsorgen bland annat genom att f\u00f6rb\u00e4ttra maten och m\u00e5ltidssituationen inom \u00e4ldreomsorgen.<br \/>\n\u2022\u00a0Forts\u00e4tta s\u00e4nka skatten f\u00f6r pension\u00e4rer n\u00e4r ekonomin till\u00e5ter<\/p><\/blockquote>\n<p>&nbsp;<\/p>\n","protected":false},"excerpt":{"rendered":"<p>Under valr\u00f6relsen drev vi devisen &#8221;Sk\u00f6vde Kommun &#8211; B\u00e4sta kommun att v\u00e4xa upp i&#8221;. Med detta menade vi att barn och unga ska st\u00e5 i fokus, men ocks\u00e5 \u00f6vriga \u00e5ldrar. Kristdemokrater s\u00e4tter familjen i fokus och v\u00e5r familjepolitik ska g\u00e4lla hela livet.\u00a0 Nedan finner du n\u00e5gra av v\u00e5ra id\u00e9er. B\u00e4ttre f\u00f6r barn och familjer Trygga <a class=\"read-more-link\" href=\"https:\/\/wp.kristdemokraterna.se\/brannberg\/i-kommunen\/\">Read More<\/a><\/p>\n","protected":false},"author":744,"featured_media":0,"parent":0,"menu_order":0,"comment_status":"closed","ping_status":"closed","template":"","meta":{"_acf_changed":false,"footnotes":""},"class_list":["post-40","page","type-page","status-publish","hentry"],"acf":[],"yoast_head":"<!-- This site is optimized with the Yoast SEO plugin v27.3 - https:\/\/yoast.com\/product\/yoast-seo-wordpress\/ -->\n<title>I Sk\u00f6vde Kommun - Conny Br\u00e4nnberg<\/title>\n<meta name=\"robots\" content=\"index, follow, max-snippet:-1, max-image-preview:large, max-video-preview:-1\" \/>\n<link rel=\"canonical\" href=\"https:\/\/wp.kristdemokraterna.se\/brannberg\/i-kommunen\/\" \/>\n<meta property=\"og:locale\" content=\"sv_SE\" \/>\n<meta property=\"og:type\" content=\"article\" \/>\n<meta property=\"og:title\" content=\"I Sk\u00f6vde Kommun - Conny Br\u00e4nnberg\" \/>\n<meta property=\"og:description\" content=\"Under valr\u00f6relsen drev vi devisen &#8221;Sk\u00f6vde Kommun &#8211; B\u00e4sta kommun att v\u00e4xa upp i&#8221;. Med detta menade vi att barn och unga ska st\u00e5 i fokus, men ocks\u00e5 \u00f6vriga \u00e5ldrar. Kristdemokrater s\u00e4tter familjen i fokus och v\u00e5r familjepolitik ska g\u00e4lla hela livet.\u00a0 Nedan finner du n\u00e5gra av v\u00e5ra id\u00e9er. B\u00e4ttre f\u00f6r barn och familjer Trygga Read More\" \/>\n<meta property=\"og:url\" content=\"https:\/\/wp.kristdemokraterna.se\/brannberg\/i-kommunen\/\" \/>\n<meta property=\"og:site_name\" content=\"Conny Br\u00e4nnberg\" \/>\n<meta property=\"article:publisher\" content=\"https:\/\/www.facebook.com\/connybrannberg\" \/>\n<meta property=\"article:modified_time\" content=\"2021-02-09T05:53:36+00:00\" \/>\n<meta name=\"twitter:card\" content=\"summary_large_image\" \/>\n<meta name=\"twitter:site\" content=\"@brannberg\" \/>\n<meta name=\"twitter:label1\" content=\"Ber\u00e4knad l\u00e4stid\" \/>\n\t<meta name=\"twitter:data1\" content=\"2 minuter\" \/>\n<script type=\"application\/ld+json\" class=\"yoast-schema-graph\">{\"@context\":\"https:\\\/\\\/schema.org\",\"@graph\":[{\"@type\":\"WebPage\",\"@id\":\"https:\\\/\\\/wp.kristdemokraterna.se\\\/brannberg\\\/i-kommunen\\\/\",\"url\":\"https:\\\/\\\/wp.kristdemokraterna.se\\\/brannberg\\\/i-kommunen\\\/\",\"name\":\"I Sk\u00f6vde Kommun - Conny Br\u00e4nnberg\",\"isPartOf\":{\"@id\":\"https:\\\/\\\/wp.kristdemokraterna.se\\\/brannberg\\\/#website\"},\"datePublished\":\"2016-04-27T11:56:45+00:00\",\"dateModified\":\"2021-02-09T05:53:36+00:00\",\"breadcrumb\":{\"@id\":\"https:\\\/\\\/wp.kristdemokraterna.se\\\/brannberg\\\/i-kommunen\\\/#breadcrumb\"},\"inLanguage\":\"sv-SE\",\"potentialAction\":[{\"@type\":\"ReadAction\",\"target\":[\"https:\\\/\\\/wp.kristdemokraterna.se\\\/brannberg\\\/i-kommunen\\\/\"]}]},{\"@type\":\"BreadcrumbList\",\"@id\":\"https:\\\/\\\/wp.kristdemokraterna.se\\\/brannberg\\\/i-kommunen\\\/#breadcrumb\",\"itemListElement\":[{\"@type\":\"ListItem\",\"position\":1,\"name\":\"Hem\",\"item\":\"https:\\\/\\\/wp.kristdemokraterna.se\\\/brannberg\\\/\"},{\"@type\":\"ListItem\",\"position\":2,\"name\":\"I Sk\u00f6vde Kommun\"}]},{\"@type\":\"WebSite\",\"@id\":\"https:\\\/\\\/wp.kristdemokraterna.se\\\/brannberg\\\/#website\",\"url\":\"https:\\\/\\\/wp.kristdemokraterna.se\\\/brannberg\\\/\",\"name\":\"Conny Br\u00e4nnberg\",\"description\":\"Trygg v\u00e5rd n\u00e4ra dig!\",\"inLanguage\":\"sv-SE\"}]}<\/script>\n<!-- \/ Yoast SEO plugin. -->","yoast_head_json":{"title":"I Sk\u00f6vde Kommun - Conny Br\u00e4nnberg","robots":{"index":"index","follow":"follow","max-snippet":"max-snippet:-1","max-image-preview":"max-image-preview:large","max-video-preview":"max-video-preview:-1"},"canonical":"https:\/\/wp.kristdemokraterna.se\/brannberg\/i-kommunen\/","og_locale":"sv_SE","og_type":"article","og_title":"I Sk\u00f6vde Kommun - Conny Br\u00e4nnberg","og_description":"Under valr\u00f6relsen drev vi devisen &#8221;Sk\u00f6vde Kommun &#8211; B\u00e4sta kommun att v\u00e4xa upp i&#8221;. Med detta menade vi att barn och unga ska st\u00e5 i fokus, men ocks\u00e5 \u00f6vriga \u00e5ldrar. Kristdemokrater s\u00e4tter familjen i fokus och v\u00e5r familjepolitik ska g\u00e4lla hela livet.\u00a0 Nedan finner du n\u00e5gra av v\u00e5ra id\u00e9er. B\u00e4ttre f\u00f6r barn och familjer Trygga Read More","og_url":"https:\/\/wp.kristdemokraterna.se\/brannberg\/i-kommunen\/","og_site_name":"Conny Br\u00e4nnberg","article_publisher":"https:\/\/www.facebook.com\/connybrannberg","article_modified_time":"2021-02-09T05:53:36+00:00","twitter_card":"summary_large_image","twitter_site":"@brannberg","twitter_misc":{"Ber\u00e4knad l\u00e4stid":"2 minuter"},"schema":{"@context":"https:\/\/schema.org","@graph":[{"@type":"WebPage","@id":"https:\/\/wp.kristdemokraterna.se\/brannberg\/i-kommunen\/","url":"https:\/\/wp.kristdemokraterna.se\/brannberg\/i-kommunen\/","name":"I Sk\u00f6vde Kommun - Conny Br\u00e4nnberg","isPartOf":{"@id":"https:\/\/wp.kristdemokraterna.se\/brannberg\/#website"},"datePublished":"2016-04-27T11:56:45+00:00","dateModified":"2021-02-09T05:53:36+00:00","breadcrumb":{"@id":"https:\/\/wp.kristdemokraterna.se\/brannberg\/i-kommunen\/#breadcrumb"},"inLanguage":"sv-SE","potentialAction":[{"@type":"ReadAction","target":["https:\/\/wp.kristdemokraterna.se\/brannberg\/i-kommunen\/"]}]},{"@type":"BreadcrumbList","@id":"https:\/\/wp.kristdemokraterna.se\/brannberg\/i-kommunen\/#breadcrumb","itemListElement":[{"@type":"ListItem","position":1,"name":"Hem","item":"https:\/\/wp.kristdemokraterna.se\/brannberg\/"},{"@type":"ListItem","position":2,"name":"I Sk\u00f6vde Kommun"}]},{"@type":"WebSite","@id":"https:\/\/wp.kristdemokraterna.se\/brannberg\/#website","url":"https:\/\/wp.kristdemokraterna.se\/brannberg\/","name":"Conny Br\u00e4nnberg","description":"Trygg v\u00e5rd n\u00e4ra dig!","inLanguage":"sv-SE"}]}},"_links":{"self":[{"href":"https:\/\/wp.kristdemokraterna.se\/brannberg\/wp-json\/wp\/v2\/pages\/40","targetHints":{"allow":["GET"]}}],"collection":[{"href":"https:\/\/wp.kristdemokraterna.se\/brannberg\/wp-json\/wp\/v2\/pages"}],"about":[{"href":"https:\/\/wp.kristdemokraterna.se\/brannberg\/wp-json\/wp\/v2\/types\/page"}],"author":[{"embeddable":true,"href":"https:\/\/wp.kristdemokraterna.se\/brannberg\/wp-json\/wp\/v2\/users\/744"}],"replies":[{"embeddable":true,"href":"https:\/\/wp.kristdemokraterna.se\/brannberg\/wp-json\/wp\/v2\/comments?post=40"}],"version-history":[{"count":9,"href":"https:\/\/wp.kristdemokraterna.se\/brannberg\/wp-json\/wp\/v2\/pages\/40\/revisions"}],"predecessor-version":[{"id":1181,"href":"https:\/\/wp.kristdemokraterna.se\/brannberg\/wp-json\/wp\/v2\/pages\/40\/revisions\/1181"}],"wp:attachment":[{"href":"https:\/\/wp.kristdemokraterna.se\/brannberg\/wp-json\/wp\/v2\/media?parent=40"}],"curies":[{"name":"wp","href":"https:\/\/api.w.org\/{rel}","templated":true}]}}