{"id":43,"date":"2016-04-27T13:56:56","date_gmt":"2016-04-27T11:56:56","guid":{"rendered":"http:\/\/wp.kristdemokraterna.se\/brannberg\/?page_id=43"},"modified":"2023-05-24T14:25:04","modified_gmt":"2023-05-24T12:25:04","slug":"i-landstinget","status":"publish","type":"page","link":"https:\/\/wp.kristdemokraterna.se\/brannberg\/i-landstinget\/","title":{"rendered":"I V\u00e4stra G\u00f6talandsregionen"},"content":{"rendered":"<p>Sjukv\u00e5rden \u00e4r v\u00e5r viktigaste fr\u00e5ga. Under valr\u00f6relsen lyfte vi fram vikten av nationell samordning. Vi anser att staten m\u00e5ste ta ett betydligt st\u00f6rre ansvar f\u00f6r v\u00e5rden. Alla ska ha en j\u00e4mlik v\u00e5rd och ditt postnummer ska inte vara avg\u00f6rande f\u00f6r vilka v\u00e5rdinsatser som du\u00a0 erbjuds. F\u00f6rsta steget f\u00f6r detta \u00e4r en nationell v\u00e5rdf\u00f6rmedling.<\/p>\n<p>Med sex statsr\u00e5d i regeringen tror vi att det ocks\u00e5 kommer att gynna de svenska regionerna.<\/p>\n<p>&nbsp;<\/p>\n<p>H\u00e4r finner du v\u00e5rt <a href=\"http:\/\/wp.kristdemokraterna.se\/vg\/files\/2018\/05\/regionprogram-a5.pdf\">regionprogram<\/a>.<\/p>\n<p>Regionprogrammet i <a href=\"http:\/\/wp.kristdemokraterna.se\/skovde\/files\/2018\/08\/valprogram-2018-skovde.pdf\">l\u00e4ttl\u00e4st version<\/a>.<\/p>\n","protected":false},"excerpt":{"rendered":"<p>Sjukv\u00e5rden \u00e4r v\u00e5r viktigaste fr\u00e5ga. Under valr\u00f6relsen lyfte vi fram vikten av nationell samordning. Vi anser att staten m\u00e5ste ta ett betydligt st\u00f6rre ansvar f\u00f6r v\u00e5rden. Alla ska ha en j\u00e4mlik v\u00e5rd och ditt postnummer ska inte vara avg\u00f6rande f\u00f6r vilka v\u00e5rdinsatser som du\u00a0 erbjuds. F\u00f6rsta steget f\u00f6r detta \u00e4r en nationell v\u00e5rdf\u00f6rmedling. Med sex <a class=\"read-more-link\" href=\"https:\/\/wp.kristdemokraterna.se\/brannberg\/i-landstinget\/\">Read More<\/a><\/p>\n","protected":false},"author":744,"featured_media":0,"parent":0,"menu_order":0,"comment_status":"closed","ping_status":"closed","template":"","meta":{"_acf_changed":false,"footnotes":""},"class_list":["post-43","page","type-page","status-publish","hentry"],"acf":[],"yoast_head":"<!-- This site is optimized with the Yoast SEO plugin v27.3 - https:\/\/yoast.com\/product\/yoast-seo-wordpress\/ -->\n<title>I V\u00e4stra G\u00f6talandsregionen - Conny Br\u00e4nnberg<\/title>\n<meta name=\"robots\" content=\"index, follow, max-snippet:-1, max-image-preview:large, max-video-preview:-1\" \/>\n<link rel=\"canonical\" href=\"https:\/\/wp.kristdemokraterna.se\/brannberg\/i-landstinget\/\" \/>\n<meta property=\"og:locale\" content=\"sv_SE\" \/>\n<meta property=\"og:type\" content=\"article\" \/>\n<meta property=\"og:title\" content=\"I V\u00e4stra G\u00f6talandsregionen - Conny Br\u00e4nnberg\" \/>\n<meta property=\"og:description\" content=\"Sjukv\u00e5rden \u00e4r v\u00e5r viktigaste fr\u00e5ga. Under valr\u00f6relsen lyfte vi fram vikten av nationell samordning. Vi anser att staten m\u00e5ste ta ett betydligt st\u00f6rre ansvar f\u00f6r v\u00e5rden. Alla ska ha en j\u00e4mlik v\u00e5rd och ditt postnummer ska inte vara avg\u00f6rande f\u00f6r vilka v\u00e5rdinsatser som du\u00a0 erbjuds. F\u00f6rsta steget f\u00f6r detta \u00e4r en nationell v\u00e5rdf\u00f6rmedling. Med sex Read More\" \/>\n<meta property=\"og:url\" content=\"https:\/\/wp.kristdemokraterna.se\/brannberg\/i-landstinget\/\" \/>\n<meta property=\"og:site_name\" content=\"Conny Br\u00e4nnberg\" \/>\n<meta property=\"article:publisher\" content=\"https:\/\/www.facebook.com\/connybrannberg\" \/>\n<meta property=\"article:modified_time\" content=\"2023-05-24T12:25:04+00:00\" \/>\n<meta name=\"twitter:card\" content=\"summary_large_image\" \/>\n<meta name=\"twitter:site\" content=\"@brannberg\" \/>\n<meta name=\"twitter:label1\" content=\"Ber\u00e4knad l\u00e4stid\" \/>\n\t<meta name=\"twitter:data1\" content=\"1 minut\" \/>\n<script type=\"application\/ld+json\" class=\"yoast-schema-graph\">{\"@context\":\"https:\\\/\\\/schema.org\",\"@graph\":[{\"@type\":\"WebPage\",\"@id\":\"https:\\\/\\\/wp.kristdemokraterna.se\\\/brannberg\\\/i-landstinget\\\/\",\"url\":\"https:\\\/\\\/wp.kristdemokraterna.se\\\/brannberg\\\/i-landstinget\\\/\",\"name\":\"I V\u00e4stra G\u00f6talandsregionen - Conny Br\u00e4nnberg\",\"isPartOf\":{\"@id\":\"https:\\\/\\\/wp.kristdemokraterna.se\\\/brannberg\\\/#website\"},\"datePublished\":\"2016-04-27T11:56:56+00:00\",\"dateModified\":\"2023-05-24T12:25:04+00:00\",\"breadcrumb\":{\"@id\":\"https:\\\/\\\/wp.kristdemokraterna.se\\\/brannberg\\\/i-landstinget\\\/#breadcrumb\"},\"inLanguage\":\"sv-SE\",\"potentialAction\":[{\"@type\":\"ReadAction\",\"target\":[\"https:\\\/\\\/wp.kristdemokraterna.se\\\/brannberg\\\/i-landstinget\\\/\"]}]},{\"@type\":\"BreadcrumbList\",\"@id\":\"https:\\\/\\\/wp.kristdemokraterna.se\\\/brannberg\\\/i-landstinget\\\/#breadcrumb\",\"itemListElement\":[{\"@type\":\"ListItem\",\"position\":1,\"name\":\"Hem\",\"item\":\"https:\\\/\\\/wp.kristdemokraterna.se\\\/brannberg\\\/\"},{\"@type\":\"ListItem\",\"position\":2,\"name\":\"I V\u00e4stra G\u00f6talandsregionen\"}]},{\"@type\":\"WebSite\",\"@id\":\"https:\\\/\\\/wp.kristdemokraterna.se\\\/brannberg\\\/#website\",\"url\":\"https:\\\/\\\/wp.kristdemokraterna.se\\\/brannberg\\\/\",\"name\":\"Conny Br\u00e4nnberg\",\"description\":\"Trygg v\u00e5rd n\u00e4ra dig!\",\"inLanguage\":\"sv-SE\"}]}<\/script>\n<!-- \/ Yoast SEO plugin. -->","yoast_head_json":{"title":"I V\u00e4stra G\u00f6talandsregionen - Conny Br\u00e4nnberg","robots":{"index":"index","follow":"follow","max-snippet":"max-snippet:-1","max-image-preview":"max-image-preview:large","max-video-preview":"max-video-preview:-1"},"canonical":"https:\/\/wp.kristdemokraterna.se\/brannberg\/i-landstinget\/","og_locale":"sv_SE","og_type":"article","og_title":"I V\u00e4stra G\u00f6talandsregionen - Conny Br\u00e4nnberg","og_description":"Sjukv\u00e5rden \u00e4r v\u00e5r viktigaste fr\u00e5ga. Under valr\u00f6relsen lyfte vi fram vikten av nationell samordning. Vi anser att staten m\u00e5ste ta ett betydligt st\u00f6rre ansvar f\u00f6r v\u00e5rden. Alla ska ha en j\u00e4mlik v\u00e5rd och ditt postnummer ska inte vara avg\u00f6rande f\u00f6r vilka v\u00e5rdinsatser som du\u00a0 erbjuds. F\u00f6rsta steget f\u00f6r detta \u00e4r en nationell v\u00e5rdf\u00f6rmedling. Med sex Read More","og_url":"https:\/\/wp.kristdemokraterna.se\/brannberg\/i-landstinget\/","og_site_name":"Conny Br\u00e4nnberg","article_publisher":"https:\/\/www.facebook.com\/connybrannberg","article_modified_time":"2023-05-24T12:25:04+00:00","twitter_card":"summary_large_image","twitter_site":"@brannberg","twitter_misc":{"Ber\u00e4knad l\u00e4stid":"1 minut"},"schema":{"@context":"https:\/\/schema.org","@graph":[{"@type":"WebPage","@id":"https:\/\/wp.kristdemokraterna.se\/brannberg\/i-landstinget\/","url":"https:\/\/wp.kristdemokraterna.se\/brannberg\/i-landstinget\/","name":"I V\u00e4stra G\u00f6talandsregionen - Conny Br\u00e4nnberg","isPartOf":{"@id":"https:\/\/wp.kristdemokraterna.se\/brannberg\/#website"},"datePublished":"2016-04-27T11:56:56+00:00","dateModified":"2023-05-24T12:25:04+00:00","breadcrumb":{"@id":"https:\/\/wp.kristdemokraterna.se\/brannberg\/i-landstinget\/#breadcrumb"},"inLanguage":"sv-SE","potentialAction":[{"@type":"ReadAction","target":["https:\/\/wp.kristdemokraterna.se\/brannberg\/i-landstinget\/"]}]},{"@type":"BreadcrumbList","@id":"https:\/\/wp.kristdemokraterna.se\/brannberg\/i-landstinget\/#breadcrumb","itemListElement":[{"@type":"ListItem","position":1,"name":"Hem","item":"https:\/\/wp.kristdemokraterna.se\/brannberg\/"},{"@type":"ListItem","position":2,"name":"I V\u00e4stra G\u00f6talandsregionen"}]},{"@type":"WebSite","@id":"https:\/\/wp.kristdemokraterna.se\/brannberg\/#website","url":"https:\/\/wp.kristdemokraterna.se\/brannberg\/","name":"Conny Br\u00e4nnberg","description":"Trygg v\u00e5rd n\u00e4ra dig!","inLanguage":"sv-SE"}]}},"_links":{"self":[{"href":"https:\/\/wp.kristdemokraterna.se\/brannberg\/wp-json\/wp\/v2\/pages\/43","targetHints":{"allow":["GET"]}}],"collection":[{"href":"https:\/\/wp.kristdemokraterna.se\/brannberg\/wp-json\/wp\/v2\/pages"}],"about":[{"href":"https:\/\/wp.kristdemokraterna.se\/brannberg\/wp-json\/wp\/v2\/types\/page"}],"author":[{"embeddable":true,"href":"https:\/\/wp.kristdemokraterna.se\/brannberg\/wp-json\/wp\/v2\/users\/744"}],"replies":[{"embeddable":true,"href":"https:\/\/wp.kristdemokraterna.se\/brannberg\/wp-json\/wp\/v2\/comments?post=43"}],"version-history":[{"count":9,"href":"https:\/\/wp.kristdemokraterna.se\/brannberg\/wp-json\/wp\/v2\/pages\/43\/revisions"}],"predecessor-version":[{"id":1468,"href":"https:\/\/wp.kristdemokraterna.se\/brannberg\/wp-json\/wp\/v2\/pages\/43\/revisions\/1468"}],"wp:attachment":[{"href":"https:\/\/wp.kristdemokraterna.se\/brannberg\/wp-json\/wp\/v2\/media?parent=43"}],"curies":[{"name":"wp","href":"https:\/\/api.w.org\/{rel}","templated":true}]}}