{"id":734,"date":"2018-05-28T07:34:38","date_gmt":"2018-05-28T05:34:38","guid":{"rendered":"http:\/\/wp.kristdemokraterna.se\/brannberg\/?page_id=734"},"modified":"2024-04-15T13:13:22","modified_gmt":"2024-04-15T11:13:22","slug":"startsida","status":"publish","type":"page","link":"https:\/\/wp.kristdemokraterna.se\/brannberg\/","title":{"rendered":"Startsida"},"content":{"rendered":"<p>Jag finns p\u00e5 sociala medier och du f\u00e5r g\u00e4rna f\u00f6lja mig<\/p>\n<p>Facebook &#8211; <a href=\"https:\/\/www.facebook.com\/Braennberg\">www.facebook.com\/braennberg<\/a><\/p>\n<p>Instagram &#8211; <a href=\"https:\/\/www.instagram.com\/cbranneberg\">@cbrannberg<\/a><\/p>\n<p>Twitter &#8211; <a href=\"https:\/\/www.twitter.com\/brannberg\">www.twitter.com\/Brannberg<\/a><\/p>\n<p>Blogg &#8211; <a href=\"https:\/\/brannberg.blogg.se\">Br\u00e4nnbergs Blandningar<\/a><\/p>\n","protected":false},"excerpt":{"rendered":"<p>Jag finns p\u00e5 sociala medier och du f\u00e5r g\u00e4rna f\u00f6lja mig Facebook &#8211; www.facebook.com\/braennberg Instagram &#8211; @cbrannberg Twitter &#8211; www.twitter.com\/Brannberg Blogg &#8211; Br\u00e4nnbergs Blandningar<\/p>\n","protected":false},"author":744,"featured_media":0,"parent":0,"menu_order":0,"comment_status":"closed","ping_status":"closed","template":"index.php","meta":{"_acf_changed":false,"footnotes":""},"class_list":["post-734","page","type-page","status-publish","hentry"],"acf":[],"yoast_head":"<!-- This site is optimized with the Yoast SEO plugin v27.4 - https:\/\/yoast.com\/product\/yoast-seo-wordpress\/ -->\n<title>Startsida - Conny Br\u00e4nnberg<\/title>\n<meta name=\"description\" content=\"https:\/\/www.googletagmanager.com\/gtag\/js?id=AW-1007147097 window.dataLayer = window.dataLayer || []; function gtag(){dataLayer.push(arguments);} gtag(&#039;js&#039;, new Date()); gtag(&#039;config&#039;, &#039;AW-1007147097&#039;);\" \/>\n<meta name=\"robots\" content=\"index, follow, max-snippet:-1, max-image-preview:large, max-video-preview:-1\" \/>\n<link rel=\"canonical\" href=\"https:\/\/wp.kristdemokraterna.se\/brannberg\/\" \/>\n<meta property=\"og:locale\" content=\"sv_SE\" \/>\n<meta property=\"og:type\" content=\"article\" \/>\n<meta property=\"og:title\" content=\"Startsida - Conny Br\u00e4nnberg\" \/>\n<meta property=\"og:description\" content=\"https:\/\/www.googletagmanager.com\/gtag\/js?id=AW-1007147097 window.dataLayer = window.dataLayer || []; function gtag(){dataLayer.push(arguments);} gtag(&#039;js&#039;, new Date()); gtag(&#039;config&#039;, &#039;AW-1007147097&#039;);\" \/>\n<meta property=\"og:url\" content=\"https:\/\/wp.kristdemokraterna.se\/brannberg\/\" \/>\n<meta property=\"og:site_name\" content=\"Conny Br\u00e4nnberg\" \/>\n<meta property=\"article:publisher\" content=\"https:\/\/www.facebook.com\/connybrannberg\" \/>\n<meta property=\"article:modified_time\" content=\"2024-04-15T11:13:22+00:00\" \/>\n<meta name=\"twitter:card\" content=\"summary_large_image\" \/>\n<meta name=\"twitter:site\" content=\"@brannberg\" \/>\n<meta name=\"twitter:label1\" content=\"Ber\u00e4knad l\u00e4stid\" \/>\n\t<meta name=\"twitter:data1\" content=\"1 minut\" \/>\n<script type=\"application\/ld+json\" class=\"yoast-schema-graph\">{\"@context\":\"https:\\\/\\\/schema.org\",\"@graph\":[{\"@type\":\"WebPage\",\"@id\":\"https:\\\/\\\/wp.kristdemokraterna.se\\\/brannberg\\\/\",\"url\":\"https:\\\/\\\/wp.kristdemokraterna.se\\\/brannberg\\\/\",\"name\":\"Startsida - Conny Br\u00e4nnberg\",\"isPartOf\":{\"@id\":\"https:\\\/\\\/wp.kristdemokraterna.se\\\/brannberg\\\/#website\"},\"datePublished\":\"2018-05-28T05:34:38+00:00\",\"dateModified\":\"2024-04-15T11:13:22+00:00\",\"description\":\"https:\\\/\\\/www.googletagmanager.com\\\/gtag\\\/js?id=AW-1007147097 window.dataLayer = window.dataLayer || []; function gtag(){dataLayer.push(arguments);} gtag('js', new Date()); gtag('config', 'AW-1007147097');\",\"breadcrumb\":{\"@id\":\"https:\\\/\\\/wp.kristdemokraterna.se\\\/brannberg\\\/#breadcrumb\"},\"inLanguage\":\"sv-SE\",\"potentialAction\":[{\"@type\":\"ReadAction\",\"target\":[\"https:\\\/\\\/wp.kristdemokraterna.se\\\/brannberg\\\/\"]}]},{\"@type\":\"BreadcrumbList\",\"@id\":\"https:\\\/\\\/wp.kristdemokraterna.se\\\/brannberg\\\/#breadcrumb\",\"itemListElement\":[{\"@type\":\"ListItem\",\"position\":1,\"name\":\"Hem\",\"item\":\"https:\\\/\\\/wp.kristdemokraterna.se\\\/brannberg\\\/\"},{\"@type\":\"ListItem\",\"position\":2,\"name\":\"Startsida\"}]},{\"@type\":\"WebSite\",\"@id\":\"https:\\\/\\\/wp.kristdemokraterna.se\\\/brannberg\\\/#website\",\"url\":\"https:\\\/\\\/wp.kristdemokraterna.se\\\/brannberg\\\/\",\"name\":\"Conny Br\u00e4nnberg\",\"description\":\"Trygg v\u00e5rd n\u00e4ra dig!\",\"inLanguage\":\"sv-SE\"}]}<\/script>\n<!-- \/ Yoast SEO plugin. -->","yoast_head_json":{"title":"Startsida - Conny Br\u00e4nnberg","description":"https:\/\/www.googletagmanager.com\/gtag\/js?id=AW-1007147097 window.dataLayer = window.dataLayer || []; function gtag(){dataLayer.push(arguments);} gtag('js', new Date()); gtag('config', 'AW-1007147097');","robots":{"index":"index","follow":"follow","max-snippet":"max-snippet:-1","max-image-preview":"max-image-preview:large","max-video-preview":"max-video-preview:-1"},"canonical":"https:\/\/wp.kristdemokraterna.se\/brannberg\/","og_locale":"sv_SE","og_type":"article","og_title":"Startsida - Conny Br\u00e4nnberg","og_description":"https:\/\/www.googletagmanager.com\/gtag\/js?id=AW-1007147097 window.dataLayer = window.dataLayer || []; function gtag(){dataLayer.push(arguments);} gtag('js', new Date()); gtag('config', 'AW-1007147097');","og_url":"https:\/\/wp.kristdemokraterna.se\/brannberg\/","og_site_name":"Conny Br\u00e4nnberg","article_publisher":"https:\/\/www.facebook.com\/connybrannberg","article_modified_time":"2024-04-15T11:13:22+00:00","twitter_card":"summary_large_image","twitter_site":"@brannberg","twitter_misc":{"Ber\u00e4knad l\u00e4stid":"1 minut"},"schema":{"@context":"https:\/\/schema.org","@graph":[{"@type":"WebPage","@id":"https:\/\/wp.kristdemokraterna.se\/brannberg\/","url":"https:\/\/wp.kristdemokraterna.se\/brannberg\/","name":"Startsida - Conny Br\u00e4nnberg","isPartOf":{"@id":"https:\/\/wp.kristdemokraterna.se\/brannberg\/#website"},"datePublished":"2018-05-28T05:34:38+00:00","dateModified":"2024-04-15T11:13:22+00:00","description":"https:\/\/www.googletagmanager.com\/gtag\/js?id=AW-1007147097 window.dataLayer = window.dataLayer || []; function gtag(){dataLayer.push(arguments);} gtag('js', new Date()); gtag('config', 'AW-1007147097');","breadcrumb":{"@id":"https:\/\/wp.kristdemokraterna.se\/brannberg\/#breadcrumb"},"inLanguage":"sv-SE","potentialAction":[{"@type":"ReadAction","target":["https:\/\/wp.kristdemokraterna.se\/brannberg\/"]}]},{"@type":"BreadcrumbList","@id":"https:\/\/wp.kristdemokraterna.se\/brannberg\/#breadcrumb","itemListElement":[{"@type":"ListItem","position":1,"name":"Hem","item":"https:\/\/wp.kristdemokraterna.se\/brannberg\/"},{"@type":"ListItem","position":2,"name":"Startsida"}]},{"@type":"WebSite","@id":"https:\/\/wp.kristdemokraterna.se\/brannberg\/#website","url":"https:\/\/wp.kristdemokraterna.se\/brannberg\/","name":"Conny Br\u00e4nnberg","description":"Trygg v\u00e5rd n\u00e4ra dig!","inLanguage":"sv-SE"}]}},"_links":{"self":[{"href":"https:\/\/wp.kristdemokraterna.se\/brannberg\/wp-json\/wp\/v2\/pages\/734","targetHints":{"allow":["GET"]}}],"collection":[{"href":"https:\/\/wp.kristdemokraterna.se\/brannberg\/wp-json\/wp\/v2\/pages"}],"about":[{"href":"https:\/\/wp.kristdemokraterna.se\/brannberg\/wp-json\/wp\/v2\/types\/page"}],"author":[{"embeddable":true,"href":"https:\/\/wp.kristdemokraterna.se\/brannberg\/wp-json\/wp\/v2\/users\/744"}],"replies":[{"embeddable":true,"href":"https:\/\/wp.kristdemokraterna.se\/brannberg\/wp-json\/wp\/v2\/comments?post=734"}],"version-history":[{"count":49,"href":"https:\/\/wp.kristdemokraterna.se\/brannberg\/wp-json\/wp\/v2\/pages\/734\/revisions"}],"predecessor-version":[{"id":1517,"href":"https:\/\/wp.kristdemokraterna.se\/brannberg\/wp-json\/wp\/v2\/pages\/734\/revisions\/1517"}],"wp:attachment":[{"href":"https:\/\/wp.kristdemokraterna.se\/brannberg\/wp-json\/wp\/v2\/media?parent=734"}],"curies":[{"name":"wp","href":"https:\/\/api.w.org\/{rel}","templated":true}]}}