{"id":823,"date":"2018-06-29T20:29:11","date_gmt":"2018-06-29T18:29:11","guid":{"rendered":"http:\/\/wp.kristdemokraterna.se\/brannberg\/?page_id=823"},"modified":"2021-07-28T17:25:27","modified_gmt":"2021-07-28T15:25:27","slug":"kurser-forelasningar","status":"publish","type":"page","link":"https:\/\/wp.kristdemokraterna.se\/brannberg\/kurser-forelasningar\/","title":{"rendered":"Kurser"},"content":{"rendered":"<p>Conny Br\u00e4nnberg f\u00f6rel\u00e4ser och undervisar runt om i landet. Boken &#8221;Att vara ordf\u00f6rande och ledare&#8221; \u00e4r nyligen utgiven i sin tredje upplaga och anpassad f\u00f6r den nya kommunallagen.<\/p>\n<p>Kurser anordnas kring m\u00f6tes- och sammantr\u00e4desteknik. H\u00f6r av dig till Br\u00e4nnberg f\u00f6r att f\u00e5 ett anpassat uppl\u00e4gg som passar just f\u00f6r ditt syfte.<\/p>\n<p>Han kan ocks\u00e5 engageras som f\u00f6rel\u00e4sare kring n\u00e5gra olika omr\u00e5den:<\/p>\n<p>Att vara en politisk ledare &#8211; passar f\u00f6r sammanhang d\u00e4r du vill kunna st\u00e4lla fr\u00e5gor, bolla situationer och vara aktiv. Sj\u00e4lvklart kan vi ocks\u00e5 ordna en anpassad f\u00f6rel\u00e4sning, men helst en interaktiv situation.<\/p>\n<p>Beh\u00f6ver du en moderator\u00a0till din\u00a0konferens?. \u00c4mnesomr\u00e5dena \u00e4r r\u00e4tt breda och utbildningsbakgrund handlar om teologi, pedagogik och filmvetenskap.<\/p>\n","protected":false},"excerpt":{"rendered":"<p>Conny Br\u00e4nnberg f\u00f6rel\u00e4ser och undervisar runt om i landet. Boken &#8221;Att vara ordf\u00f6rande och ledare&#8221; \u00e4r nyligen utgiven i sin tredje upplaga och anpassad f\u00f6r den nya kommunallagen. Kurser anordnas kring m\u00f6tes- och sammantr\u00e4desteknik. H\u00f6r av dig till Br\u00e4nnberg f\u00f6r att f\u00e5 ett anpassat uppl\u00e4gg som passar just f\u00f6r ditt syfte. Han kan ocks\u00e5 engageras <a class=\"read-more-link\" href=\"https:\/\/wp.kristdemokraterna.se\/brannberg\/kurser-forelasningar\/\">Read More<\/a><\/p>\n","protected":false},"author":744,"featured_media":0,"parent":0,"menu_order":0,"comment_status":"closed","ping_status":"closed","template":"","meta":{"_acf_changed":false,"footnotes":""},"class_list":["post-823","page","type-page","status-publish","hentry"],"acf":[],"yoast_head":"<!-- This site is optimized with the Yoast SEO plugin v27.4 - https:\/\/yoast.com\/product\/yoast-seo-wordpress\/ -->\n<title>Kurser - Conny Br\u00e4nnberg<\/title>\n<meta name=\"robots\" content=\"index, follow, max-snippet:-1, max-image-preview:large, max-video-preview:-1\" \/>\n<link rel=\"canonical\" href=\"https:\/\/wp.kristdemokraterna.se\/brannberg\/kurser-forelasningar\/\" \/>\n<meta property=\"og:locale\" content=\"sv_SE\" \/>\n<meta property=\"og:type\" content=\"article\" \/>\n<meta property=\"og:title\" content=\"Kurser - Conny Br\u00e4nnberg\" \/>\n<meta property=\"og:description\" content=\"Conny Br\u00e4nnberg f\u00f6rel\u00e4ser och undervisar runt om i landet. Boken &#8221;Att vara ordf\u00f6rande och ledare&#8221; \u00e4r nyligen utgiven i sin tredje upplaga och anpassad f\u00f6r den nya kommunallagen. Kurser anordnas kring m\u00f6tes- och sammantr\u00e4desteknik. H\u00f6r av dig till Br\u00e4nnberg f\u00f6r att f\u00e5 ett anpassat uppl\u00e4gg som passar just f\u00f6r ditt syfte. Han kan ocks\u00e5 engageras Read More\" \/>\n<meta property=\"og:url\" content=\"https:\/\/wp.kristdemokraterna.se\/brannberg\/kurser-forelasningar\/\" \/>\n<meta property=\"og:site_name\" content=\"Conny Br\u00e4nnberg\" \/>\n<meta property=\"article:publisher\" content=\"https:\/\/www.facebook.com\/connybrannberg\" \/>\n<meta property=\"article:modified_time\" content=\"2021-07-28T15:25:27+00:00\" \/>\n<meta name=\"twitter:card\" content=\"summary_large_image\" \/>\n<meta name=\"twitter:site\" content=\"@brannberg\" \/>\n<meta name=\"twitter:label1\" content=\"Ber\u00e4knad l\u00e4stid\" \/>\n\t<meta name=\"twitter:data1\" content=\"1 minut\" \/>\n<script type=\"application\/ld+json\" class=\"yoast-schema-graph\">{\"@context\":\"https:\\\/\\\/schema.org\",\"@graph\":[{\"@type\":\"WebPage\",\"@id\":\"https:\\\/\\\/wp.kristdemokraterna.se\\\/brannberg\\\/kurser-forelasningar\\\/\",\"url\":\"https:\\\/\\\/wp.kristdemokraterna.se\\\/brannberg\\\/kurser-forelasningar\\\/\",\"name\":\"Kurser - Conny Br\u00e4nnberg\",\"isPartOf\":{\"@id\":\"https:\\\/\\\/wp.kristdemokraterna.se\\\/brannberg\\\/#website\"},\"datePublished\":\"2018-06-29T18:29:11+00:00\",\"dateModified\":\"2021-07-28T15:25:27+00:00\",\"breadcrumb\":{\"@id\":\"https:\\\/\\\/wp.kristdemokraterna.se\\\/brannberg\\\/kurser-forelasningar\\\/#breadcrumb\"},\"inLanguage\":\"sv-SE\",\"potentialAction\":[{\"@type\":\"ReadAction\",\"target\":[\"https:\\\/\\\/wp.kristdemokraterna.se\\\/brannberg\\\/kurser-forelasningar\\\/\"]}]},{\"@type\":\"BreadcrumbList\",\"@id\":\"https:\\\/\\\/wp.kristdemokraterna.se\\\/brannberg\\\/kurser-forelasningar\\\/#breadcrumb\",\"itemListElement\":[{\"@type\":\"ListItem\",\"position\":1,\"name\":\"Hem\",\"item\":\"https:\\\/\\\/wp.kristdemokraterna.se\\\/brannberg\\\/\"},{\"@type\":\"ListItem\",\"position\":2,\"name\":\"Kurser\"}]},{\"@type\":\"WebSite\",\"@id\":\"https:\\\/\\\/wp.kristdemokraterna.se\\\/brannberg\\\/#website\",\"url\":\"https:\\\/\\\/wp.kristdemokraterna.se\\\/brannberg\\\/\",\"name\":\"Conny Br\u00e4nnberg\",\"description\":\"Trygg v\u00e5rd n\u00e4ra dig!\",\"inLanguage\":\"sv-SE\"}]}<\/script>\n<!-- \/ Yoast SEO plugin. -->","yoast_head_json":{"title":"Kurser - Conny Br\u00e4nnberg","robots":{"index":"index","follow":"follow","max-snippet":"max-snippet:-1","max-image-preview":"max-image-preview:large","max-video-preview":"max-video-preview:-1"},"canonical":"https:\/\/wp.kristdemokraterna.se\/brannberg\/kurser-forelasningar\/","og_locale":"sv_SE","og_type":"article","og_title":"Kurser - Conny Br\u00e4nnberg","og_description":"Conny Br\u00e4nnberg f\u00f6rel\u00e4ser och undervisar runt om i landet. Boken &#8221;Att vara ordf\u00f6rande och ledare&#8221; \u00e4r nyligen utgiven i sin tredje upplaga och anpassad f\u00f6r den nya kommunallagen. Kurser anordnas kring m\u00f6tes- och sammantr\u00e4desteknik. H\u00f6r av dig till Br\u00e4nnberg f\u00f6r att f\u00e5 ett anpassat uppl\u00e4gg som passar just f\u00f6r ditt syfte. Han kan ocks\u00e5 engageras Read More","og_url":"https:\/\/wp.kristdemokraterna.se\/brannberg\/kurser-forelasningar\/","og_site_name":"Conny Br\u00e4nnberg","article_publisher":"https:\/\/www.facebook.com\/connybrannberg","article_modified_time":"2021-07-28T15:25:27+00:00","twitter_card":"summary_large_image","twitter_site":"@brannberg","twitter_misc":{"Ber\u00e4knad l\u00e4stid":"1 minut"},"schema":{"@context":"https:\/\/schema.org","@graph":[{"@type":"WebPage","@id":"https:\/\/wp.kristdemokraterna.se\/brannberg\/kurser-forelasningar\/","url":"https:\/\/wp.kristdemokraterna.se\/brannberg\/kurser-forelasningar\/","name":"Kurser - Conny Br\u00e4nnberg","isPartOf":{"@id":"https:\/\/wp.kristdemokraterna.se\/brannberg\/#website"},"datePublished":"2018-06-29T18:29:11+00:00","dateModified":"2021-07-28T15:25:27+00:00","breadcrumb":{"@id":"https:\/\/wp.kristdemokraterna.se\/brannberg\/kurser-forelasningar\/#breadcrumb"},"inLanguage":"sv-SE","potentialAction":[{"@type":"ReadAction","target":["https:\/\/wp.kristdemokraterna.se\/brannberg\/kurser-forelasningar\/"]}]},{"@type":"BreadcrumbList","@id":"https:\/\/wp.kristdemokraterna.se\/brannberg\/kurser-forelasningar\/#breadcrumb","itemListElement":[{"@type":"ListItem","position":1,"name":"Hem","item":"https:\/\/wp.kristdemokraterna.se\/brannberg\/"},{"@type":"ListItem","position":2,"name":"Kurser"}]},{"@type":"WebSite","@id":"https:\/\/wp.kristdemokraterna.se\/brannberg\/#website","url":"https:\/\/wp.kristdemokraterna.se\/brannberg\/","name":"Conny Br\u00e4nnberg","description":"Trygg v\u00e5rd n\u00e4ra dig!","inLanguage":"sv-SE"}]}},"_links":{"self":[{"href":"https:\/\/wp.kristdemokraterna.se\/brannberg\/wp-json\/wp\/v2\/pages\/823","targetHints":{"allow":["GET"]}}],"collection":[{"href":"https:\/\/wp.kristdemokraterna.se\/brannberg\/wp-json\/wp\/v2\/pages"}],"about":[{"href":"https:\/\/wp.kristdemokraterna.se\/brannberg\/wp-json\/wp\/v2\/types\/page"}],"author":[{"embeddable":true,"href":"https:\/\/wp.kristdemokraterna.se\/brannberg\/wp-json\/wp\/v2\/users\/744"}],"replies":[{"embeddable":true,"href":"https:\/\/wp.kristdemokraterna.se\/brannberg\/wp-json\/wp\/v2\/comments?post=823"}],"version-history":[{"count":5,"href":"https:\/\/wp.kristdemokraterna.se\/brannberg\/wp-json\/wp\/v2\/pages\/823\/revisions"}],"predecessor-version":[{"id":1205,"href":"https:\/\/wp.kristdemokraterna.se\/brannberg\/wp-json\/wp\/v2\/pages\/823\/revisions\/1205"}],"wp:attachment":[{"href":"https:\/\/wp.kristdemokraterna.se\/brannberg\/wp-json\/wp\/v2\/media?parent=823"}],"curies":[{"name":"wp","href":"https:\/\/api.w.org\/{rel}","templated":true}]}}