{"id":827,"date":"2018-06-29T20:35:56","date_gmt":"2018-06-29T18:35:56","guid":{"rendered":"http:\/\/wp.kristdemokraterna.se\/brannberg\/?page_id=827"},"modified":"2022-07-21T17:01:37","modified_gmt":"2022-07-21T15:01:37","slug":"pressbilder","status":"publish","type":"page","link":"https:\/\/wp.kristdemokraterna.se\/brannberg\/pressbilder\/","title":{"rendered":"Pressbilder"},"content":{"rendered":"<p><a href=\"http:\/\/wp.kristdemokraterna.se\/brannberg\/files\/2018\/06\/press_conny.jpg\"><img loading=\"lazy\" decoding=\"async\" class=\"alignnone size-medium wp-image-828\" src=\"http:\/\/wp.kristdemokraterna.se\/brannberg\/files\/2018\/06\/press_conny-199x300.jpg\" alt=\"\" width=\"199\" height=\"300\" srcset=\"https:\/\/wp.kristdemokraterna.se\/brannberg\/files\/2018\/06\/press_conny-199x300.jpg 199w, https:\/\/wp.kristdemokraterna.se\/brannberg\/files\/2018\/06\/press_conny-768x1159.jpg 768w, https:\/\/wp.kristdemokraterna.se\/brannberg\/files\/2018\/06\/press_conny-678x1024.jpg 678w, https:\/\/wp.kristdemokraterna.se\/brannberg\/files\/2018\/06\/press_conny-132x200.jpg 132w, https:\/\/wp.kristdemokraterna.se\/brannberg\/files\/2018\/06\/press_conny-370x559.jpg 370w, https:\/\/wp.kristdemokraterna.se\/brannberg\/files\/2018\/06\/press_conny-770x1162.jpg 770w, https:\/\/wp.kristdemokraterna.se\/brannberg\/files\/2018\/06\/press_conny-450x679.jpg 450w, https:\/\/wp.kristdemokraterna.se\/brannberg\/files\/2018\/06\/press_conny-266x402.jpg 266w, https:\/\/wp.kristdemokraterna.se\/brannberg\/files\/2018\/06\/press_conny-340x513.jpg 340w, https:\/\/wp.kristdemokraterna.se\/brannberg\/files\/2018\/06\/press_conny-37x56.jpg 37w\" sizes=\"auto, (max-width: 199px) 100vw, 199px\" \/><\/a><\/p>\n<p><a href=\"http:\/\/wp.kristdemokraterna.se\/brannberg\/files\/2018\/07\/bil_reklam.jpg\"><img loading=\"lazy\" decoding=\"async\" class=\"alignnone size-medium wp-image-867\" src=\"http:\/\/wp.kristdemokraterna.se\/brannberg\/files\/2018\/07\/bil_reklam-300x293.jpg\" alt=\"\" width=\"300\" height=\"293\" srcset=\"https:\/\/wp.kristdemokraterna.se\/brannberg\/files\/2018\/07\/bil_reklam-300x293.jpg 300w, https:\/\/wp.kristdemokraterna.se\/brannberg\/files\/2018\/07\/bil_reklam-768x751.jpg 768w, https:\/\/wp.kristdemokraterna.se\/brannberg\/files\/2018\/07\/bil_reklam-1024x1001.jpg 1024w, https:\/\/wp.kristdemokraterna.se\/brannberg\/files\/2018\/07\/bil_reklam-205x200.jpg 205w, https:\/\/wp.kristdemokraterna.se\/brannberg\/files\/2018\/07\/bil_reklam-370x362.jpg 370w, https:\/\/wp.kristdemokraterna.se\/brannberg\/files\/2018\/07\/bil_reklam-770x753.jpg 770w, https:\/\/wp.kristdemokraterna.se\/brannberg\/files\/2018\/07\/bil_reklam-450x440.jpg 450w, https:\/\/wp.kristdemokraterna.se\/brannberg\/files\/2018\/07\/bil_reklam-280x274.jpg 280w, https:\/\/wp.kristdemokraterna.se\/brannberg\/files\/2018\/07\/bil_reklam-340x332.jpg 340w, https:\/\/wp.kristdemokraterna.se\/brannberg\/files\/2018\/07\/bil_reklam-200x195.jpg 200w, https:\/\/wp.kristdemokraterna.se\/brannberg\/files\/2018\/07\/bil_reklam-57x56.jpg 57w\" sizes=\"auto, (max-width: 300px) 100vw, 300px\" \/><\/a><\/p>\n<p>&nbsp;<\/p>\n<div id=\"attachment_1289\" style=\"width: 250px\" class=\"wp-caption alignnone\"><a href=\"http:\/\/wp.kristdemokraterna.se\/brannberg\/files\/2022\/02\/cb_port_vgr.jpg\"><img loading=\"lazy\" decoding=\"async\" aria-describedby=\"caption-attachment-1289\" class=\"size-medium wp-image-1289\" src=\"http:\/\/wp.kristdemokraterna.se\/brannberg\/files\/2022\/02\/cb_port_vgr-240x300.jpg\" alt=\"\" width=\"240\" height=\"300\" srcset=\"https:\/\/wp.kristdemokraterna.se\/brannberg\/files\/2022\/02\/cb_port_vgr-240x300.jpg 240w, https:\/\/wp.kristdemokraterna.se\/brannberg\/files\/2022\/02\/cb_port_vgr-160x200.jpg 160w, https:\/\/wp.kristdemokraterna.se\/brannberg\/files\/2022\/02\/cb_port_vgr-370x463.jpg 370w, https:\/\/wp.kristdemokraterna.se\/brannberg\/files\/2022\/02\/cb_port_vgr-450x563.jpg 450w, https:\/\/wp.kristdemokraterna.se\/brannberg\/files\/2022\/02\/cb_port_vgr-280x350.jpg 280w, https:\/\/wp.kristdemokraterna.se\/brannberg\/files\/2022\/02\/cb_port_vgr-340x425.jpg 340w, https:\/\/wp.kristdemokraterna.se\/brannberg\/files\/2022\/02\/cb_port_vgr-45x56.jpg 45w, https:\/\/wp.kristdemokraterna.se\/brannberg\/files\/2022\/02\/cb_port_vgr.jpg 480w\" sizes=\"auto, (max-width: 240px) 100vw, 240px\" \/><\/a><p id=\"caption-attachment-1289\" class=\"wp-caption-text\">Den h\u00e4r bilden kan laddas ned fr\u00e5n vgregion.se Press Mediebank<\/p><\/div>\n<p><a href=\"http:\/\/wp.kristdemokraterna.se\/brannberg\/files\/2022\/05\/conny_bra\u0308nnberg_gbs_2022_foto_jonathanfa\u0308rnstro\u0308m.jpg\"><img loading=\"lazy\" decoding=\"async\" class=\"alignnone size-medium wp-image-1316\" src=\"http:\/\/wp.kristdemokraterna.se\/brannberg\/files\/2022\/05\/conny_bra\u0308nnberg_gbs_2022_foto_jonathanfa\u0308rnstro\u0308m-300x225.jpg\" alt=\"\" width=\"300\" height=\"225\" srcset=\"https:\/\/wp.kristdemokraterna.se\/brannberg\/files\/2022\/05\/conny_bra\u0308nnberg_gbs_2022_foto_jonathanfa\u0308rnstro\u0308m-300x225.jpg 300w, https:\/\/wp.kristdemokraterna.se\/brannberg\/files\/2022\/05\/conny_bra\u0308nnberg_gbs_2022_foto_jonathanfa\u0308rnstro\u0308m-1024x768.jpg 1024w, https:\/\/wp.kristdemokraterna.se\/brannberg\/files\/2022\/05\/conny_bra\u0308nnberg_gbs_2022_foto_jonathanfa\u0308rnstro\u0308m-768x576.jpg 768w, https:\/\/wp.kristdemokraterna.se\/brannberg\/files\/2022\/05\/conny_bra\u0308nnberg_gbs_2022_foto_jonathanfa\u0308rnstro\u0308m-1536x1151.jpg 1536w, https:\/\/wp.kristdemokraterna.se\/brannberg\/files\/2022\/05\/conny_bra\u0308nnberg_gbs_2022_foto_jonathanfa\u0308rnstro\u0308m-267x200.jpg 267w, https:\/\/wp.kristdemokraterna.se\/brannberg\/files\/2022\/05\/conny_bra\u0308nnberg_gbs_2022_foto_jonathanfa\u0308rnstro\u0308m-370x277.jpg 370w, https:\/\/wp.kristdemokraterna.se\/brannberg\/files\/2022\/05\/conny_bra\u0308nnberg_gbs_2022_foto_jonathanfa\u0308rnstro\u0308m-770x577.jpg 770w, https:\/\/wp.kristdemokraterna.se\/brannberg\/files\/2022\/05\/conny_bra\u0308nnberg_gbs_2022_foto_jonathanfa\u0308rnstro\u0308m-450x337.jpg 450w, https:\/\/wp.kristdemokraterna.se\/brannberg\/files\/2022\/05\/conny_bra\u0308nnberg_gbs_2022_foto_jonathanfa\u0308rnstro\u0308m-280x210.jpg 280w, https:\/\/wp.kristdemokraterna.se\/brannberg\/files\/2022\/05\/conny_bra\u0308nnberg_gbs_2022_foto_jonathanfa\u0308rnstro\u0308m-340x255.jpg 340w, https:\/\/wp.kristdemokraterna.se\/brannberg\/files\/2022\/05\/conny_bra\u0308nnberg_gbs_2022_foto_jonathanfa\u0308rnstro\u0308m-200x150.jpg 200w, https:\/\/wp.kristdemokraterna.se\/brannberg\/files\/2022\/05\/conny_bra\u0308nnberg_gbs_2022_foto_jonathanfa\u0308rnstro\u0308m-75x56.jpg 75w, https:\/\/wp.kristdemokraterna.se\/brannberg\/files\/2022\/05\/conny_bra\u0308nnberg_gbs_2022_foto_jonathanfa\u0308rnstro\u0308m.jpg 1985w\" sizes=\"auto, (max-width: 300px) 100vw, 300px\" \/><\/a>Fotograf Jonathan F\u00e4rnstr\u00f6m<\/p>\n<p><a href=\"http:\/\/wp.kristdemokraterna.se\/brannberg\/files\/2022\/07\/conny_skog-scaled.jpg\"><img loading=\"lazy\" decoding=\"async\" class=\"alignnone size-medium wp-image-1376\" src=\"http:\/\/wp.kristdemokraterna.se\/brannberg\/files\/2022\/07\/conny_skog-200x300.jpg\" alt=\"\" width=\"200\" height=\"300\" srcset=\"https:\/\/wp.kristdemokraterna.se\/brannberg\/files\/2022\/07\/conny_skog-200x300.jpg 200w, https:\/\/wp.kristdemokraterna.se\/brannberg\/files\/2022\/07\/conny_skog-683x1024.jpg 683w, https:\/\/wp.kristdemokraterna.se\/brannberg\/files\/2022\/07\/conny_skog-768x1152.jpg 768w, https:\/\/wp.kristdemokraterna.se\/brannberg\/files\/2022\/07\/conny_skog-1024x1536.jpg 1024w, https:\/\/wp.kristdemokraterna.se\/brannberg\/files\/2022\/07\/conny_skog-1365x2048.jpg 1365w, https:\/\/wp.kristdemokraterna.se\/brannberg\/files\/2022\/07\/conny_skog-133x200.jpg 133w, https:\/\/wp.kristdemokraterna.se\/brannberg\/files\/2022\/07\/conny_skog-370x555.jpg 370w, https:\/\/wp.kristdemokraterna.se\/brannberg\/files\/2022\/07\/conny_skog-770x1155.jpg 770w, https:\/\/wp.kristdemokraterna.se\/brannberg\/files\/2022\/07\/conny_skog-450x675.jpg 450w, https:\/\/wp.kristdemokraterna.se\/brannberg\/files\/2022\/07\/conny_skog-268x402.jpg 268w, https:\/\/wp.kristdemokraterna.se\/brannberg\/files\/2022\/07\/conny_skog-340x510.jpg 340w, https:\/\/wp.kristdemokraterna.se\/brannberg\/files\/2022\/07\/conny_skog-37x56.jpg 37w, https:\/\/wp.kristdemokraterna.se\/brannberg\/files\/2022\/07\/conny_skog-scaled.jpg 1707w\" sizes=\"auto, (max-width: 200px) 100vw, 200px\" \/><\/a><\/p>\n<p>Fotograf Emanuel Str\u00f6m<\/p>\n<p><a href=\"http:\/\/wp.kristdemokraterna.se\/brannberg\/files\/2022\/07\/conny-001-scaled.jpg\"><img loading=\"lazy\" decoding=\"async\" class=\"alignnone size-medium wp-image-1377\" src=\"http:\/\/wp.kristdemokraterna.se\/brannberg\/files\/2022\/07\/conny-001-200x300.jpg\" alt=\"\" width=\"200\" height=\"300\" srcset=\"https:\/\/wp.kristdemokraterna.se\/brannberg\/files\/2022\/07\/conny-001-200x300.jpg 200w, https:\/\/wp.kristdemokraterna.se\/brannberg\/files\/2022\/07\/conny-001-683x1024.jpg 683w, https:\/\/wp.kristdemokraterna.se\/brannberg\/files\/2022\/07\/conny-001-768x1152.jpg 768w, https:\/\/wp.kristdemokraterna.se\/brannberg\/files\/2022\/07\/conny-001-1024x1536.jpg 1024w, https:\/\/wp.kristdemokraterna.se\/brannberg\/files\/2022\/07\/conny-001-1366x2048.jpg 1366w, https:\/\/wp.kristdemokraterna.se\/brannberg\/files\/2022\/07\/conny-001-133x200.jpg 133w, https:\/\/wp.kristdemokraterna.se\/brannberg\/files\/2022\/07\/conny-001-370x555.jpg 370w, https:\/\/wp.kristdemokraterna.se\/brannberg\/files\/2022\/07\/conny-001-770x1155.jpg 770w, https:\/\/wp.kristdemokraterna.se\/brannberg\/files\/2022\/07\/conny-001-450x675.jpg 450w, https:\/\/wp.kristdemokraterna.se\/brannberg\/files\/2022\/07\/conny-001-268x402.jpg 268w, https:\/\/wp.kristdemokraterna.se\/brannberg\/files\/2022\/07\/conny-001-340x510.jpg 340w, https:\/\/wp.kristdemokraterna.se\/brannberg\/files\/2022\/07\/conny-001-37x56.jpg 37w, https:\/\/wp.kristdemokraterna.se\/brannberg\/files\/2022\/07\/conny-001-scaled.jpg 1707w\" sizes=\"auto, (max-width: 200px) 100vw, 200px\" \/><\/a><\/p>\n<p>Fotograf Emanuel Str\u00f6m<\/p>\n","protected":false},"excerpt":{"rendered":"<p>&nbsp; Fotograf Jonathan F\u00e4rnstr\u00f6m Fotograf Emanuel Str\u00f6m Fotograf Emanuel Str\u00f6m<\/p>\n","protected":false},"author":744,"featured_media":0,"parent":0,"menu_order":0,"comment_status":"closed","ping_status":"closed","template":"","meta":{"_acf_changed":false,"footnotes":""},"class_list":["post-827","page","type-page","status-publish","hentry"],"acf":[],"yoast_head":"<!-- This site is optimized with the Yoast SEO plugin v27.3 - https:\/\/yoast.com\/product\/yoast-seo-wordpress\/ -->\n<title>Pressbilder - Conny Br\u00e4nnberg<\/title>\n<meta name=\"robots\" content=\"index, follow, max-snippet:-1, max-image-preview:large, max-video-preview:-1\" \/>\n<link rel=\"canonical\" href=\"https:\/\/wp.kristdemokraterna.se\/brannberg\/pressbilder\/\" \/>\n<meta property=\"og:locale\" content=\"sv_SE\" \/>\n<meta property=\"og:type\" content=\"article\" \/>\n<meta property=\"og:title\" content=\"Pressbilder - Conny Br\u00e4nnberg\" \/>\n<meta property=\"og:description\" content=\"&nbsp; Fotograf Jonathan F\u00e4rnstr\u00f6m Fotograf Emanuel Str\u00f6m Fotograf Emanuel Str\u00f6m\" \/>\n<meta property=\"og:url\" content=\"https:\/\/wp.kristdemokraterna.se\/brannberg\/pressbilder\/\" \/>\n<meta property=\"og:site_name\" content=\"Conny Br\u00e4nnberg\" \/>\n<meta property=\"article:publisher\" content=\"https:\/\/www.facebook.com\/connybrannberg\" \/>\n<meta property=\"article:modified_time\" content=\"2022-07-21T15:01:37+00:00\" \/>\n<meta property=\"og:image\" content=\"http:\/\/wp.kristdemokraterna.se\/brannberg\/files\/2018\/06\/press_conny-199x300.jpg\" \/>\n<meta name=\"twitter:card\" content=\"summary_large_image\" \/>\n<meta name=\"twitter:site\" content=\"@brannberg\" \/>\n<meta name=\"twitter:label1\" content=\"Ber\u00e4knad l\u00e4stid\" \/>\n\t<meta name=\"twitter:data1\" content=\"2 minuter\" \/>\n<script type=\"application\/ld+json\" class=\"yoast-schema-graph\">{\"@context\":\"https:\\\/\\\/schema.org\",\"@graph\":[{\"@type\":\"WebPage\",\"@id\":\"https:\\\/\\\/wp.kristdemokraterna.se\\\/brannberg\\\/pressbilder\\\/\",\"url\":\"https:\\\/\\\/wp.kristdemokraterna.se\\\/brannberg\\\/pressbilder\\\/\",\"name\":\"Pressbilder - Conny Br\u00e4nnberg\",\"isPartOf\":{\"@id\":\"https:\\\/\\\/wp.kristdemokraterna.se\\\/brannberg\\\/#website\"},\"primaryImageOfPage\":{\"@id\":\"https:\\\/\\\/wp.kristdemokraterna.se\\\/brannberg\\\/pressbilder\\\/#primaryimage\"},\"image\":{\"@id\":\"https:\\\/\\\/wp.kristdemokraterna.se\\\/brannberg\\\/pressbilder\\\/#primaryimage\"},\"thumbnailUrl\":\"http:\\\/\\\/wp.kristdemokraterna.se\\\/brannberg\\\/files\\\/2018\\\/06\\\/press_conny-199x300.jpg\",\"datePublished\":\"2018-06-29T18:35:56+00:00\",\"dateModified\":\"2022-07-21T15:01:37+00:00\",\"breadcrumb\":{\"@id\":\"https:\\\/\\\/wp.kristdemokraterna.se\\\/brannberg\\\/pressbilder\\\/#breadcrumb\"},\"inLanguage\":\"sv-SE\",\"potentialAction\":[{\"@type\":\"ReadAction\",\"target\":[\"https:\\\/\\\/wp.kristdemokraterna.se\\\/brannberg\\\/pressbilder\\\/\"]}]},{\"@type\":\"ImageObject\",\"inLanguage\":\"sv-SE\",\"@id\":\"https:\\\/\\\/wp.kristdemokraterna.se\\\/brannberg\\\/pressbilder\\\/#primaryimage\",\"url\":\"http:\\\/\\\/wp.kristdemokraterna.se\\\/brannberg\\\/files\\\/2018\\\/06\\\/press_conny-199x300.jpg\",\"contentUrl\":\"http:\\\/\\\/wp.kristdemokraterna.se\\\/brannberg\\\/files\\\/2018\\\/06\\\/press_conny-199x300.jpg\"},{\"@type\":\"BreadcrumbList\",\"@id\":\"https:\\\/\\\/wp.kristdemokraterna.se\\\/brannberg\\\/pressbilder\\\/#breadcrumb\",\"itemListElement\":[{\"@type\":\"ListItem\",\"position\":1,\"name\":\"Hem\",\"item\":\"https:\\\/\\\/wp.kristdemokraterna.se\\\/brannberg\\\/\"},{\"@type\":\"ListItem\",\"position\":2,\"name\":\"Pressbilder\"}]},{\"@type\":\"WebSite\",\"@id\":\"https:\\\/\\\/wp.kristdemokraterna.se\\\/brannberg\\\/#website\",\"url\":\"https:\\\/\\\/wp.kristdemokraterna.se\\\/brannberg\\\/\",\"name\":\"Conny Br\u00e4nnberg\",\"description\":\"Trygg v\u00e5rd n\u00e4ra dig!\",\"inLanguage\":\"sv-SE\"}]}<\/script>\n<!-- \/ Yoast SEO plugin. -->","yoast_head_json":{"title":"Pressbilder - Conny Br\u00e4nnberg","robots":{"index":"index","follow":"follow","max-snippet":"max-snippet:-1","max-image-preview":"max-image-preview:large","max-video-preview":"max-video-preview:-1"},"canonical":"https:\/\/wp.kristdemokraterna.se\/brannberg\/pressbilder\/","og_locale":"sv_SE","og_type":"article","og_title":"Pressbilder - Conny Br\u00e4nnberg","og_description":"&nbsp; Fotograf Jonathan F\u00e4rnstr\u00f6m Fotograf Emanuel Str\u00f6m Fotograf Emanuel Str\u00f6m","og_url":"https:\/\/wp.kristdemokraterna.se\/brannberg\/pressbilder\/","og_site_name":"Conny Br\u00e4nnberg","article_publisher":"https:\/\/www.facebook.com\/connybrannberg","article_modified_time":"2022-07-21T15:01:37+00:00","og_image":[{"url":"http:\/\/wp.kristdemokraterna.se\/brannberg\/files\/2018\/06\/press_conny-199x300.jpg","type":"","width":"","height":""}],"twitter_card":"summary_large_image","twitter_site":"@brannberg","twitter_misc":{"Ber\u00e4knad l\u00e4stid":"2 minuter"},"schema":{"@context":"https:\/\/schema.org","@graph":[{"@type":"WebPage","@id":"https:\/\/wp.kristdemokraterna.se\/brannberg\/pressbilder\/","url":"https:\/\/wp.kristdemokraterna.se\/brannberg\/pressbilder\/","name":"Pressbilder - Conny Br\u00e4nnberg","isPartOf":{"@id":"https:\/\/wp.kristdemokraterna.se\/brannberg\/#website"},"primaryImageOfPage":{"@id":"https:\/\/wp.kristdemokraterna.se\/brannberg\/pressbilder\/#primaryimage"},"image":{"@id":"https:\/\/wp.kristdemokraterna.se\/brannberg\/pressbilder\/#primaryimage"},"thumbnailUrl":"http:\/\/wp.kristdemokraterna.se\/brannberg\/files\/2018\/06\/press_conny-199x300.jpg","datePublished":"2018-06-29T18:35:56+00:00","dateModified":"2022-07-21T15:01:37+00:00","breadcrumb":{"@id":"https:\/\/wp.kristdemokraterna.se\/brannberg\/pressbilder\/#breadcrumb"},"inLanguage":"sv-SE","potentialAction":[{"@type":"ReadAction","target":["https:\/\/wp.kristdemokraterna.se\/brannberg\/pressbilder\/"]}]},{"@type":"ImageObject","inLanguage":"sv-SE","@id":"https:\/\/wp.kristdemokraterna.se\/brannberg\/pressbilder\/#primaryimage","url":"http:\/\/wp.kristdemokraterna.se\/brannberg\/files\/2018\/06\/press_conny-199x300.jpg","contentUrl":"http:\/\/wp.kristdemokraterna.se\/brannberg\/files\/2018\/06\/press_conny-199x300.jpg"},{"@type":"BreadcrumbList","@id":"https:\/\/wp.kristdemokraterna.se\/brannberg\/pressbilder\/#breadcrumb","itemListElement":[{"@type":"ListItem","position":1,"name":"Hem","item":"https:\/\/wp.kristdemokraterna.se\/brannberg\/"},{"@type":"ListItem","position":2,"name":"Pressbilder"}]},{"@type":"WebSite","@id":"https:\/\/wp.kristdemokraterna.se\/brannberg\/#website","url":"https:\/\/wp.kristdemokraterna.se\/brannberg\/","name":"Conny Br\u00e4nnberg","description":"Trygg v\u00e5rd n\u00e4ra dig!","inLanguage":"sv-SE"}]}},"_links":{"self":[{"href":"https:\/\/wp.kristdemokraterna.se\/brannberg\/wp-json\/wp\/v2\/pages\/827","targetHints":{"allow":["GET"]}}],"collection":[{"href":"https:\/\/wp.kristdemokraterna.se\/brannberg\/wp-json\/wp\/v2\/pages"}],"about":[{"href":"https:\/\/wp.kristdemokraterna.se\/brannberg\/wp-json\/wp\/v2\/types\/page"}],"author":[{"embeddable":true,"href":"https:\/\/wp.kristdemokraterna.se\/brannberg\/wp-json\/wp\/v2\/users\/744"}],"replies":[{"embeddable":true,"href":"https:\/\/wp.kristdemokraterna.se\/brannberg\/wp-json\/wp\/v2\/comments?post=827"}],"version-history":[{"count":6,"href":"https:\/\/wp.kristdemokraterna.se\/brannberg\/wp-json\/wp\/v2\/pages\/827\/revisions"}],"predecessor-version":[{"id":1378,"href":"https:\/\/wp.kristdemokraterna.se\/brannberg\/wp-json\/wp\/v2\/pages\/827\/revisions\/1378"}],"wp:attachment":[{"href":"https:\/\/wp.kristdemokraterna.se\/brannberg\/wp-json\/wp\/v2\/media?parent=827"}],"curies":[{"name":"wp","href":"https:\/\/api.w.org\/{rel}","templated":true}]}}