{"id":265,"date":"2017-11-29T16:47:40","date_gmt":"2017-11-29T15:47:40","guid":{"rendered":"http:\/\/wp.kristdemokraterna.se\/bromolla\/?page_id=265"},"modified":"2021-03-10T13:17:37","modified_gmt":"2021-03-10T12:17:37","slug":"startsida","status":"publish","type":"page","link":"https:\/\/wp.kristdemokraterna.se\/bromolla\/","title":{"rendered":"Startsida"},"content":{"rendered":"<p><strong>Kristdemokraterna i Brom\u00f6lla\u00a0<\/strong>\u00e4r del av den v\u00e4rldsomsp\u00e4nnande r\u00f6relse som \u00e4r kristdemokratin.\u00a0Vi \u00e4r ett v\u00e4rdeorienterat borgerligt parti som arbetar f\u00f6r ett samh\u00e4lle med familjen i centrum och mer personligt ansvar.\u00a0 V\u00e5rt partinamn f\u00f6rklarar att vi st\u00e5r f\u00f6r demokrati byggd p\u00e5 kristen m\u00e4nniskosyn och v\u00e4rdegrund. En vanlig missuppfattning om partiet \u00e4r att man m\u00e5ste vara religi\u00f6st engagerad f\u00f6r att vara med. S\u00e5 \u00e4r det naturligtvis inte. Alla som delar v\u00e5ra id\u00e9er \u00e4r v\u00e4lkomna i partiet. V\u00e5ra viktigaste fr\u00e5gor \u00e4r familj, jobb och \u00e4ldres ekonomi, trygghet, v\u00e5rd och omsorg. L\u00e4s mer om det\u00a0<a href=\"https:\/\/kristdemokraterna.se\/var-politik\/var-politik\/\">genom att klicka h\u00e4r<\/a>.<\/p>\n<p>Kristdemokraterna i Brom\u00f6lla ser g\u00e4rna fler engagerade f\u00f6r v\u00e5r sak. Tveka inte att ta\u00a0<a href=\"https:\/\/kristdemokraterna.se\/om-oss\/foretradare\/lokalt\/locality\/?id=100420200&amp;level=4\">kontakt<\/a>\u00a0med oss om du vill g\u00f6ra en insats f\u00f6r att f\u00f6rb\u00e4ttra Sk\u00e5ne, Sverige och Brom\u00f6lla.<\/p>\n","protected":false},"excerpt":{"rendered":"<p>Kristdemokraterna i Brom\u00f6lla\u00a0\u00e4r del av den v\u00e4rldsomsp\u00e4nnande r\u00f6relse som \u00e4r kristdemokratin.\u00a0Vi \u00e4r ett v\u00e4rdeorienterat borgerligt parti som arbetar f\u00f6r ett samh\u00e4lle med familjen i centrum och mer personligt ansvar.\u00a0 V\u00e5rt partinamn f\u00f6rklarar att vi st\u00e5r f\u00f6r demokrati byggd p\u00e5 kristen m\u00e4nniskosyn och v\u00e4rdegrund. En vanlig missuppfattning om partiet \u00e4r att man m\u00e5ste vara religi\u00f6st engagerad <a class=\"read-more-link\" href=\"https:\/\/wp.kristdemokraterna.se\/bromolla\/\">L\u00e4s mer<\/a><\/p>\n","protected":false},"author":909,"featured_media":0,"parent":0,"menu_order":0,"comment_status":"closed","ping_status":"closed","template":"index.php","meta":{"_acf_changed":false,"footnotes":""},"class_list":["post-265","page","type-page","status-publish","hentry"],"acf":[],"yoast_head":"<!-- This site is optimized with the Yoast SEO plugin v27.4 - https:\/\/yoast.com\/product\/yoast-seo-wordpress\/ -->\n<title>Startsida - Kristdemokraterna | Brom\u00f6lla<\/title>\n<meta name=\"robots\" content=\"index, follow, max-snippet:-1, max-image-preview:large, max-video-preview:-1\" \/>\n<link rel=\"canonical\" href=\"https:\/\/wp.kristdemokraterna.se\/bromolla\/\" \/>\n<meta property=\"og:locale\" content=\"sv_SE\" \/>\n<meta property=\"og:type\" content=\"article\" \/>\n<meta property=\"og:title\" content=\"Startsida - Kristdemokraterna | Brom\u00f6lla\" \/>\n<meta property=\"og:description\" content=\"Kristdemokraterna i Brom\u00f6lla\u00a0\u00e4r del av den v\u00e4rldsomsp\u00e4nnande r\u00f6relse som \u00e4r kristdemokratin.\u00a0Vi \u00e4r ett v\u00e4rdeorienterat borgerligt parti som arbetar f\u00f6r ett samh\u00e4lle med familjen i centrum och mer personligt ansvar.\u00a0 V\u00e5rt partinamn f\u00f6rklarar att vi st\u00e5r f\u00f6r demokrati byggd p\u00e5 kristen m\u00e4nniskosyn och v\u00e4rdegrund. En vanlig missuppfattning om partiet \u00e4r att man m\u00e5ste vara religi\u00f6st engagerad L\u00e4s mer\" \/>\n<meta property=\"og:url\" content=\"https:\/\/wp.kristdemokraterna.se\/bromolla\/\" \/>\n<meta property=\"og:site_name\" content=\"Kristdemokraterna | Brom\u00f6lla\" \/>\n<meta property=\"article:modified_time\" content=\"2021-03-10T12:17:37+00:00\" \/>\n<meta name=\"twitter:card\" content=\"summary_large_image\" \/>\n<meta name=\"twitter:label1\" content=\"Ber\u00e4knad l\u00e4stid\" \/>\n\t<meta name=\"twitter:data1\" content=\"1 minut\" \/>\n<script type=\"application\/ld+json\" class=\"yoast-schema-graph\">{\"@context\":\"https:\\\/\\\/schema.org\",\"@graph\":[{\"@type\":\"WebPage\",\"@id\":\"https:\\\/\\\/wp.kristdemokraterna.se\\\/bromolla\\\/\",\"url\":\"https:\\\/\\\/wp.kristdemokraterna.se\\\/bromolla\\\/\",\"name\":\"Startsida - Kristdemokraterna | Brom\u00f6lla\",\"isPartOf\":{\"@id\":\"https:\\\/\\\/wp.kristdemokraterna.se\\\/bromolla\\\/#website\"},\"datePublished\":\"2017-11-29T15:47:40+00:00\",\"dateModified\":\"2021-03-10T12:17:37+00:00\",\"breadcrumb\":{\"@id\":\"https:\\\/\\\/wp.kristdemokraterna.se\\\/bromolla\\\/#breadcrumb\"},\"inLanguage\":\"sv-SE\",\"potentialAction\":[{\"@type\":\"ReadAction\",\"target\":[\"https:\\\/\\\/wp.kristdemokraterna.se\\\/bromolla\\\/\"]}]},{\"@type\":\"BreadcrumbList\",\"@id\":\"https:\\\/\\\/wp.kristdemokraterna.se\\\/bromolla\\\/#breadcrumb\",\"itemListElement\":[{\"@type\":\"ListItem\",\"position\":1,\"name\":\"Hem\",\"item\":\"https:\\\/\\\/wp.kristdemokraterna.se\\\/bromolla\\\/\"},{\"@type\":\"ListItem\",\"position\":2,\"name\":\"Startsida\"}]},{\"@type\":\"WebSite\",\"@id\":\"https:\\\/\\\/wp.kristdemokraterna.se\\\/bromolla\\\/#website\",\"url\":\"https:\\\/\\\/wp.kristdemokraterna.se\\\/bromolla\\\/\",\"name\":\"Kristdemokraterna | Brom\u00f6lla\",\"description\":\"\u00c4nnu en webbplats hos Kristdemokraterna\",\"inLanguage\":\"sv-SE\"}]}<\/script>\n<!-- \/ Yoast SEO plugin. -->","yoast_head_json":{"title":"Startsida - Kristdemokraterna | Brom\u00f6lla","robots":{"index":"index","follow":"follow","max-snippet":"max-snippet:-1","max-image-preview":"max-image-preview:large","max-video-preview":"max-video-preview:-1"},"canonical":"https:\/\/wp.kristdemokraterna.se\/bromolla\/","og_locale":"sv_SE","og_type":"article","og_title":"Startsida - Kristdemokraterna | Brom\u00f6lla","og_description":"Kristdemokraterna i Brom\u00f6lla\u00a0\u00e4r del av den v\u00e4rldsomsp\u00e4nnande r\u00f6relse som \u00e4r kristdemokratin.\u00a0Vi \u00e4r ett v\u00e4rdeorienterat borgerligt parti som arbetar f\u00f6r ett samh\u00e4lle med familjen i centrum och mer personligt ansvar.\u00a0 V\u00e5rt partinamn f\u00f6rklarar att vi st\u00e5r f\u00f6r demokrati byggd p\u00e5 kristen m\u00e4nniskosyn och v\u00e4rdegrund. En vanlig missuppfattning om partiet \u00e4r att man m\u00e5ste vara religi\u00f6st engagerad L\u00e4s mer","og_url":"https:\/\/wp.kristdemokraterna.se\/bromolla\/","og_site_name":"Kristdemokraterna | Brom\u00f6lla","article_modified_time":"2021-03-10T12:17:37+00:00","twitter_card":"summary_large_image","twitter_misc":{"Ber\u00e4knad l\u00e4stid":"1 minut"},"schema":{"@context":"https:\/\/schema.org","@graph":[{"@type":"WebPage","@id":"https:\/\/wp.kristdemokraterna.se\/bromolla\/","url":"https:\/\/wp.kristdemokraterna.se\/bromolla\/","name":"Startsida - Kristdemokraterna | Brom\u00f6lla","isPartOf":{"@id":"https:\/\/wp.kristdemokraterna.se\/bromolla\/#website"},"datePublished":"2017-11-29T15:47:40+00:00","dateModified":"2021-03-10T12:17:37+00:00","breadcrumb":{"@id":"https:\/\/wp.kristdemokraterna.se\/bromolla\/#breadcrumb"},"inLanguage":"sv-SE","potentialAction":[{"@type":"ReadAction","target":["https:\/\/wp.kristdemokraterna.se\/bromolla\/"]}]},{"@type":"BreadcrumbList","@id":"https:\/\/wp.kristdemokraterna.se\/bromolla\/#breadcrumb","itemListElement":[{"@type":"ListItem","position":1,"name":"Hem","item":"https:\/\/wp.kristdemokraterna.se\/bromolla\/"},{"@type":"ListItem","position":2,"name":"Startsida"}]},{"@type":"WebSite","@id":"https:\/\/wp.kristdemokraterna.se\/bromolla\/#website","url":"https:\/\/wp.kristdemokraterna.se\/bromolla\/","name":"Kristdemokraterna | Brom\u00f6lla","description":"\u00c4nnu en webbplats hos Kristdemokraterna","inLanguage":"sv-SE"}]}},"_links":{"self":[{"href":"https:\/\/wp.kristdemokraterna.se\/bromolla\/wp-json\/wp\/v2\/pages\/265","targetHints":{"allow":["GET"]}}],"collection":[{"href":"https:\/\/wp.kristdemokraterna.se\/bromolla\/wp-json\/wp\/v2\/pages"}],"about":[{"href":"https:\/\/wp.kristdemokraterna.se\/bromolla\/wp-json\/wp\/v2\/types\/page"}],"author":[{"embeddable":true,"href":"https:\/\/wp.kristdemokraterna.se\/bromolla\/wp-json\/wp\/v2\/users\/909"}],"replies":[{"embeddable":true,"href":"https:\/\/wp.kristdemokraterna.se\/bromolla\/wp-json\/wp\/v2\/comments?post=265"}],"version-history":[{"count":55,"href":"https:\/\/wp.kristdemokraterna.se\/bromolla\/wp-json\/wp\/v2\/pages\/265\/revisions"}],"predecessor-version":[{"id":615,"href":"https:\/\/wp.kristdemokraterna.se\/bromolla\/wp-json\/wp\/v2\/pages\/265\/revisions\/615"}],"wp:attachment":[{"href":"https:\/\/wp.kristdemokraterna.se\/bromolla\/wp-json\/wp\/v2\/media?parent=265"}],"curies":[{"name":"wp","href":"https:\/\/api.w.org\/{rel}","templated":true}]}}