{"id":1040,"date":"2026-05-12T22:58:47","date_gmt":"2026-05-12T20:58:47","guid":{"rendered":"https:\/\/wp.kristdemokraterna.se\/dalarna\/?page_id=1040"},"modified":"2026-05-12T23:22:34","modified_gmt":"2026-05-12T21:22:34","slug":"barngrupper","status":"publish","type":"page","link":"https:\/\/wp.kristdemokraterna.se\/dalarna\/riksdag\/valfragor\/barngrupper\/","title":{"rendered":"Tak f\u00f6r barngrupper i f\u00f6rskola"},"content":{"rendered":"<div class=\"xdj266r x14z9mp xat24cr x1lziwak x1vvkbs\">\n<div dir=\"auto\">\n<p>Det \u00e4r h\u00f6g tid att minska barngrupperna i f\u00f6rskolan!<\/p>\n<p>Kommun efter kommun lever inte upp till Skolverkets rekommendationer och nu larmar ocks\u00e5 Sveriges L\u00e4rare om att mer \u00e4n varannan barngrupp i f\u00f6rskolan fortfarande \u00e4r f\u00f6r stor.<\/p>\n<\/div>\n<\/div>\n<div class=\"x14z9mp xat24cr x1lziwak x1vvkbs xtlvy1s\">\n<div dir=\"auto\">Samtidigt f\u00f6ds f\u00e4rre barn. D\u00e4r finns ett guldl\u00e4ge att g\u00f6ra r\u00e4tt. Ist\u00e4llet f\u00f6r att l\u00e4gga ner f\u00f6rskolor och skolor eller spara p\u00e5 barnens bekostnad, kan man anv\u00e4nda den h\u00e4r m\u00f6jligheten till att minska barngrupperna och \u00f6ka personalt\u00e4theten.F\u00e4rre barn per pedagog betyder mer trygghet, mer l\u00e4rande och b\u00e4ttre f\u00f6ruts\u00e4ttningar f\u00f6r varje barn att bli sett. Minska barngrupperna. St\u00e4rk f\u00f6rskolan. Prioritera barnen.<\/p>\n<p><strong>Mathias Bengtsson<\/strong>, riksdagsledamot fr\u00e5n Dalarna<\/p>\n<p>L\u00e4s mer om Kristdemokraternas familjepolitik h\u00e4r: <a href=\"https:\/\/kristdemokraterna.se\/var-politik\/politikomraden\/familj\">kristdemokraterna.se\/var-politik\/politikomraden\/familj<\/a><\/p>\n<\/div>\n<\/div>\n","protected":false},"excerpt":{"rendered":"<p>Det \u00e4r h\u00f6g tid att minska barngrupperna i f\u00f6rskolan! Kommun efter kommun lever inte upp till Skolverkets rekommendationer och nu larmar ocks\u00e5 Sveriges L\u00e4rare om att mer \u00e4n varannan barngrupp i f\u00f6rskolan fortfarande \u00e4r f\u00f6r stor. Samtidigt f\u00f6ds f\u00e4rre barn. D\u00e4r finns ett guldl\u00e4ge att g\u00f6ra r\u00e4tt. Ist\u00e4llet f\u00f6r att l\u00e4gga ner f\u00f6rskolor och skolor <a class=\"read-more-link\" href=\"https:\/\/wp.kristdemokraterna.se\/dalarna\/riksdag\/valfragor\/barngrupper\/\">Read More<\/a><\/p>\n","protected":false},"author":958,"featured_media":0,"parent":1045,"menu_order":0,"comment_status":"closed","ping_status":"closed","template":"","meta":{"_acf_changed":false,"footnotes":""},"class_list":["post-1040","page","type-page","status-publish","hentry"],"acf":[],"yoast_head":"<!-- This site is optimized with the Yoast SEO plugin v27.6 - https:\/\/yoast.com\/product\/yoast-seo-wordpress\/ -->\n<title>Tak f\u00f6r barngrupper i f\u00f6rskola - Kristdemokraterna Dalarna<\/title>\n<meta name=\"robots\" content=\"index, follow, max-snippet:-1, max-image-preview:large, max-video-preview:-1\" \/>\n<link rel=\"canonical\" href=\"https:\/\/wp.kristdemokraterna.se\/dalarna\/riksdag\/valfragor\/barngrupper\/\" \/>\n<meta property=\"og:locale\" content=\"sv_SE\" \/>\n<meta property=\"og:type\" content=\"article\" \/>\n<meta property=\"og:title\" content=\"Tak f\u00f6r barngrupper i f\u00f6rskola - Kristdemokraterna Dalarna\" \/>\n<meta property=\"og:description\" content=\"Det \u00e4r h\u00f6g tid att minska barngrupperna i f\u00f6rskolan! Kommun efter kommun lever inte upp till Skolverkets rekommendationer och nu larmar ocks\u00e5 Sveriges L\u00e4rare om att mer \u00e4n varannan barngrupp i f\u00f6rskolan fortfarande \u00e4r f\u00f6r stor. Samtidigt f\u00f6ds f\u00e4rre barn. D\u00e4r finns ett guldl\u00e4ge att g\u00f6ra r\u00e4tt. Ist\u00e4llet f\u00f6r att l\u00e4gga ner f\u00f6rskolor och skolor Read More\" \/>\n<meta property=\"og:url\" content=\"https:\/\/wp.kristdemokraterna.se\/dalarna\/riksdag\/valfragor\/barngrupper\/\" \/>\n<meta property=\"og:site_name\" content=\"Kristdemokraterna Dalarna\" \/>\n<meta property=\"article:modified_time\" content=\"2026-05-12T21:22:34+00:00\" \/>\n<meta name=\"twitter:card\" content=\"summary_large_image\" \/>\n<meta name=\"twitter:label1\" content=\"Ber\u00e4knad l\u00e4stid\" \/>\n\t<meta name=\"twitter:data1\" content=\"1 minut\" \/>\n<script type=\"application\/ld+json\" class=\"yoast-schema-graph\">{\"@context\":\"https:\\\/\\\/schema.org\",\"@graph\":[{\"@type\":\"WebPage\",\"@id\":\"https:\\\/\\\/wp.kristdemokraterna.se\\\/dalarna\\\/riksdag\\\/valfragor\\\/barngrupper\\\/\",\"url\":\"https:\\\/\\\/wp.kristdemokraterna.se\\\/dalarna\\\/riksdag\\\/valfragor\\\/barngrupper\\\/\",\"name\":\"Tak f\u00f6r barngrupper i f\u00f6rskola - Kristdemokraterna Dalarna\",\"isPartOf\":{\"@id\":\"https:\\\/\\\/wp.kristdemokraterna.se\\\/dalarna\\\/#website\"},\"datePublished\":\"2026-05-12T20:58:47+00:00\",\"dateModified\":\"2026-05-12T21:22:34+00:00\",\"breadcrumb\":{\"@id\":\"https:\\\/\\\/wp.kristdemokraterna.se\\\/dalarna\\\/riksdag\\\/valfragor\\\/barngrupper\\\/#breadcrumb\"},\"inLanguage\":\"sv-SE\",\"potentialAction\":[{\"@type\":\"ReadAction\",\"target\":[\"https:\\\/\\\/wp.kristdemokraterna.se\\\/dalarna\\\/riksdag\\\/valfragor\\\/barngrupper\\\/\"]}]},{\"@type\":\"BreadcrumbList\",\"@id\":\"https:\\\/\\\/wp.kristdemokraterna.se\\\/dalarna\\\/riksdag\\\/valfragor\\\/barngrupper\\\/#breadcrumb\",\"itemListElement\":[{\"@type\":\"ListItem\",\"position\":1,\"name\":\"Hem\",\"item\":\"https:\\\/\\\/wp.kristdemokraterna.se\\\/dalarna\\\/\"},{\"@type\":\"ListItem\",\"position\":2,\"name\":\"Riksdag\",\"item\":\"https:\\\/\\\/wp.kristdemokraterna.se\\\/dalarna\\\/riksdag\\\/\"},{\"@type\":\"ListItem\",\"position\":3,\"name\":\"Valfr\u00e5gor\",\"item\":\"https:\\\/\\\/wp.kristdemokraterna.se\\\/dalarna\\\/riksdag\\\/valfragor\\\/\"},{\"@type\":\"ListItem\",\"position\":4,\"name\":\"Tak f\u00f6r barngrupper i f\u00f6rskola\"}]},{\"@type\":\"WebSite\",\"@id\":\"https:\\\/\\\/wp.kristdemokraterna.se\\\/dalarna\\\/#website\",\"url\":\"https:\\\/\\\/wp.kristdemokraterna.se\\\/dalarna\\\/\",\"name\":\"Kristdemokraterna Dalarna\",\"description\":\"\",\"publisher\":{\"@id\":\"https:\\\/\\\/wp.kristdemokraterna.se\\\/dalarna\\\/#organization\"},\"inLanguage\":\"sv-SE\"},{\"@type\":\"Organization\",\"@id\":\"https:\\\/\\\/wp.kristdemokraterna.se\\\/dalarna\\\/#organization\",\"name\":\"Kristdemokraterna Dalarna\",\"url\":\"https:\\\/\\\/wp.kristdemokraterna.se\\\/dalarna\\\/\",\"logo\":{\"@type\":\"ImageObject\",\"inLanguage\":\"sv-SE\",\"@id\":\"https:\\\/\\\/wp.kristdemokraterna.se\\\/dalarna\\\/#\\\/schema\\\/logo\\\/image\\\/\",\"url\":\"https:\\\/\\\/wp.kristdemokraterna.se\\\/dalarna\\\/files\\\/2022\\\/08\\\/dalarna-sida-bla-300dpi.png\",\"contentUrl\":\"https:\\\/\\\/wp.kristdemokraterna.se\\\/dalarna\\\/files\\\/2022\\\/08\\\/dalarna-sida-bla-300dpi.png\",\"width\":1477,\"height\":681,\"caption\":\"Kristdemokraterna Dalarna\"},\"image\":{\"@id\":\"https:\\\/\\\/wp.kristdemokraterna.se\\\/dalarna\\\/#\\\/schema\\\/logo\\\/image\\\/\"}}]}<\/script>\n<!-- \/ Yoast SEO plugin. -->","yoast_head_json":{"title":"Tak f\u00f6r barngrupper i f\u00f6rskola - Kristdemokraterna Dalarna","robots":{"index":"index","follow":"follow","max-snippet":"max-snippet:-1","max-image-preview":"max-image-preview:large","max-video-preview":"max-video-preview:-1"},"canonical":"https:\/\/wp.kristdemokraterna.se\/dalarna\/riksdag\/valfragor\/barngrupper\/","og_locale":"sv_SE","og_type":"article","og_title":"Tak f\u00f6r barngrupper i f\u00f6rskola - Kristdemokraterna Dalarna","og_description":"Det \u00e4r h\u00f6g tid att minska barngrupperna i f\u00f6rskolan! Kommun efter kommun lever inte upp till Skolverkets rekommendationer och nu larmar ocks\u00e5 Sveriges L\u00e4rare om att mer \u00e4n varannan barngrupp i f\u00f6rskolan fortfarande \u00e4r f\u00f6r stor. Samtidigt f\u00f6ds f\u00e4rre barn. D\u00e4r finns ett guldl\u00e4ge att g\u00f6ra r\u00e4tt. Ist\u00e4llet f\u00f6r att l\u00e4gga ner f\u00f6rskolor och skolor Read More","og_url":"https:\/\/wp.kristdemokraterna.se\/dalarna\/riksdag\/valfragor\/barngrupper\/","og_site_name":"Kristdemokraterna Dalarna","article_modified_time":"2026-05-12T21:22:34+00:00","twitter_card":"summary_large_image","twitter_misc":{"Ber\u00e4knad l\u00e4stid":"1 minut"},"schema":{"@context":"https:\/\/schema.org","@graph":[{"@type":"WebPage","@id":"https:\/\/wp.kristdemokraterna.se\/dalarna\/riksdag\/valfragor\/barngrupper\/","url":"https:\/\/wp.kristdemokraterna.se\/dalarna\/riksdag\/valfragor\/barngrupper\/","name":"Tak f\u00f6r barngrupper i f\u00f6rskola - Kristdemokraterna Dalarna","isPartOf":{"@id":"https:\/\/wp.kristdemokraterna.se\/dalarna\/#website"},"datePublished":"2026-05-12T20:58:47+00:00","dateModified":"2026-05-12T21:22:34+00:00","breadcrumb":{"@id":"https:\/\/wp.kristdemokraterna.se\/dalarna\/riksdag\/valfragor\/barngrupper\/#breadcrumb"},"inLanguage":"sv-SE","potentialAction":[{"@type":"ReadAction","target":["https:\/\/wp.kristdemokraterna.se\/dalarna\/riksdag\/valfragor\/barngrupper\/"]}]},{"@type":"BreadcrumbList","@id":"https:\/\/wp.kristdemokraterna.se\/dalarna\/riksdag\/valfragor\/barngrupper\/#breadcrumb","itemListElement":[{"@type":"ListItem","position":1,"name":"Hem","item":"https:\/\/wp.kristdemokraterna.se\/dalarna\/"},{"@type":"ListItem","position":2,"name":"Riksdag","item":"https:\/\/wp.kristdemokraterna.se\/dalarna\/riksdag\/"},{"@type":"ListItem","position":3,"name":"Valfr\u00e5gor","item":"https:\/\/wp.kristdemokraterna.se\/dalarna\/riksdag\/valfragor\/"},{"@type":"ListItem","position":4,"name":"Tak f\u00f6r barngrupper i f\u00f6rskola"}]},{"@type":"WebSite","@id":"https:\/\/wp.kristdemokraterna.se\/dalarna\/#website","url":"https:\/\/wp.kristdemokraterna.se\/dalarna\/","name":"Kristdemokraterna Dalarna","description":"","publisher":{"@id":"https:\/\/wp.kristdemokraterna.se\/dalarna\/#organization"},"inLanguage":"sv-SE"},{"@type":"Organization","@id":"https:\/\/wp.kristdemokraterna.se\/dalarna\/#organization","name":"Kristdemokraterna Dalarna","url":"https:\/\/wp.kristdemokraterna.se\/dalarna\/","logo":{"@type":"ImageObject","inLanguage":"sv-SE","@id":"https:\/\/wp.kristdemokraterna.se\/dalarna\/#\/schema\/logo\/image\/","url":"https:\/\/wp.kristdemokraterna.se\/dalarna\/files\/2022\/08\/dalarna-sida-bla-300dpi.png","contentUrl":"https:\/\/wp.kristdemokraterna.se\/dalarna\/files\/2022\/08\/dalarna-sida-bla-300dpi.png","width":1477,"height":681,"caption":"Kristdemokraterna Dalarna"},"image":{"@id":"https:\/\/wp.kristdemokraterna.se\/dalarna\/#\/schema\/logo\/image\/"}}]}},"_links":{"self":[{"href":"https:\/\/wp.kristdemokraterna.se\/dalarna\/wp-json\/wp\/v2\/pages\/1040","targetHints":{"allow":["GET"]}}],"collection":[{"href":"https:\/\/wp.kristdemokraterna.se\/dalarna\/wp-json\/wp\/v2\/pages"}],"about":[{"href":"https:\/\/wp.kristdemokraterna.se\/dalarna\/wp-json\/wp\/v2\/types\/page"}],"author":[{"embeddable":true,"href":"https:\/\/wp.kristdemokraterna.se\/dalarna\/wp-json\/wp\/v2\/users\/958"}],"replies":[{"embeddable":true,"href":"https:\/\/wp.kristdemokraterna.se\/dalarna\/wp-json\/wp\/v2\/comments?post=1040"}],"version-history":[{"count":5,"href":"https:\/\/wp.kristdemokraterna.se\/dalarna\/wp-json\/wp\/v2\/pages\/1040\/revisions"}],"predecessor-version":[{"id":1056,"href":"https:\/\/wp.kristdemokraterna.se\/dalarna\/wp-json\/wp\/v2\/pages\/1040\/revisions\/1056"}],"up":[{"embeddable":true,"href":"https:\/\/wp.kristdemokraterna.se\/dalarna\/wp-json\/wp\/v2\/pages\/1045"}],"wp:attachment":[{"href":"https:\/\/wp.kristdemokraterna.se\/dalarna\/wp-json\/wp\/v2\/media?parent=1040"}],"curies":[{"name":"wp","href":"https:\/\/api.w.org\/{rel}","templated":true}]}}