{"id":1050,"date":"2026-05-12T23:17:50","date_gmt":"2026-05-12T21:17:50","guid":{"rendered":"https:\/\/wp.kristdemokraterna.se\/dalarna\/?page_id=1050"},"modified":"2026-05-12T23:29:47","modified_gmt":"2026-05-12T21:29:47","slug":"personalen","status":"publish","type":"page","link":"https:\/\/wp.kristdemokraterna.se\/dalarna\/region\/valfragor\/personalen\/","title":{"rendered":"En vardag som fungerar f\u00f6r personalen"},"content":{"rendered":"<p>Arbetsmilj\u00f6n i v\u00e5rden \u00e4r en krisfr\u00e5ga.<\/p>\n<p>Region Dalarna ligger i topp i landet n\u00e4r det g\u00e4ller sjukfr\u00e5nvaro, vilket visar hur h\u00e5rt trycket \u00e4r.<\/p>\n<p>De senaste \u00e5ren har varit ekonomiskt tuffa. Vi har n\u00e5tt ekonomi i balans, till skillnad fr\u00e5n m\u00e5nga andra regioner, men pressen i v\u00e5rden \u00e4r fortsatt h\u00f6g. Nu beh\u00f6ver n\u00e4sta stora fokus vara balans f\u00f6r personalen.<\/p>\n<p>Under mandatperioden har vi st\u00e4rkt bemanningen med fler l\u00e4kare, sjuksk\u00f6terskor och tandl\u00e4kare. Vi har satsat p\u00e5 utbildningstj\u00e4nster och beslutat om personal\u00e5tg\u00e4rder som arbetsskor och nya f\u00f6rm\u00e5ner. Nu p\u00e5g\u00e5r ocks\u00e5 ett tre\u00e5rigt arbete f\u00f6r att s\u00e4nka sjuktalen.<\/p>\n<p>Men mycket \u00e5terst\u00e5r. Det handlar om rimlig arbetsbelastning, m\u00f6jlighet att kombinera yrkesliv och familjeliv, och b\u00e4ttre f\u00f6ruts\u00e4ttningar att utvecklas och stanna kvar \u2013 med n\u00e4ra ledarskap och st\u00f6rre inflytande i vardagen.<\/p>\n<p>Ska vi klara en god v\u00e5rd fram\u00e5t kr\u00e4vs ett tydligare politiskt ansvar f\u00f6r personalens arbetsmilj\u00f6 och v\u00e5rdens kompetensf\u00f6rs\u00f6rjning, b\u00e5de i Dalarna och p\u00e5 nationell niv\u00e5.<\/p>\n<p>Vardagen i v\u00e5rden m\u00e5ste fungera \u2013 f\u00f6r dem som jobbar i den och f\u00f6r dem som beh\u00f6ver den.<\/p>\n<p><strong>Birgitta Sacr\u00e9deus<\/strong>, regionr\u00e5d<\/p>\n<p>L\u00e4s v\u00e5r senaste debattartikel om arbetsmilj\u00f6n i v\u00e5rden h\u00e4r: <a href=\"https:\/\/www.dalademokraten.se\/2026-03-01\/arbetsmiljon-i-varden-ar-i-kris-en-kommission-behovs\/\">dalademokraten.se\/arbetsmiljon-i-varden-ar-i-kris-en-kommission-behovs\/<\/a><\/p>\n","protected":false},"excerpt":{"rendered":"<p>Arbetsmilj\u00f6n i v\u00e5rden \u00e4r en krisfr\u00e5ga. Region Dalarna ligger i topp i landet n\u00e4r det g\u00e4ller sjukfr\u00e5nvaro, vilket visar hur h\u00e5rt trycket \u00e4r. De senaste \u00e5ren har varit ekonomiskt tuffa. Vi har n\u00e5tt ekonomi i balans, till skillnad fr\u00e5n m\u00e5nga andra regioner, men pressen i v\u00e5rden \u00e4r fortsatt h\u00f6g. Nu beh\u00f6ver n\u00e4sta stora fokus vara <a class=\"read-more-link\" href=\"https:\/\/wp.kristdemokraterna.se\/dalarna\/region\/valfragor\/personalen\/\">Read More<\/a><\/p>\n","protected":false},"author":958,"featured_media":0,"parent":1048,"menu_order":0,"comment_status":"closed","ping_status":"closed","template":"","meta":{"_acf_changed":false,"footnotes":""},"class_list":["post-1050","page","type-page","status-publish","hentry"],"acf":[],"yoast_head":"<!-- This site is optimized with the Yoast SEO plugin v27.5 - https:\/\/yoast.com\/product\/yoast-seo-wordpress\/ -->\n<title>En vardag som fungerar f\u00f6r personalen - Kristdemokraterna Dalarna<\/title>\n<meta name=\"robots\" content=\"index, follow, max-snippet:-1, max-image-preview:large, max-video-preview:-1\" \/>\n<link rel=\"canonical\" href=\"https:\/\/wp.kristdemokraterna.se\/dalarna\/region\/valfragor\/personalen\/\" \/>\n<meta property=\"og:locale\" content=\"sv_SE\" \/>\n<meta property=\"og:type\" content=\"article\" \/>\n<meta property=\"og:title\" content=\"En vardag som fungerar f\u00f6r personalen - Kristdemokraterna Dalarna\" \/>\n<meta property=\"og:description\" content=\"Arbetsmilj\u00f6n i v\u00e5rden \u00e4r en krisfr\u00e5ga. Region Dalarna ligger i topp i landet n\u00e4r det g\u00e4ller sjukfr\u00e5nvaro, vilket visar hur h\u00e5rt trycket \u00e4r. De senaste \u00e5ren har varit ekonomiskt tuffa. Vi har n\u00e5tt ekonomi i balans, till skillnad fr\u00e5n m\u00e5nga andra regioner, men pressen i v\u00e5rden \u00e4r fortsatt h\u00f6g. Nu beh\u00f6ver n\u00e4sta stora fokus vara Read More\" \/>\n<meta property=\"og:url\" content=\"https:\/\/wp.kristdemokraterna.se\/dalarna\/region\/valfragor\/personalen\/\" \/>\n<meta property=\"og:site_name\" content=\"Kristdemokraterna Dalarna\" \/>\n<meta property=\"article:modified_time\" content=\"2026-05-12T21:29:47+00:00\" \/>\n<meta name=\"twitter:card\" content=\"summary_large_image\" \/>\n<meta name=\"twitter:label1\" content=\"Ber\u00e4knad l\u00e4stid\" \/>\n\t<meta name=\"twitter:data1\" content=\"1 minut\" \/>\n<script type=\"application\/ld+json\" class=\"yoast-schema-graph\">{\"@context\":\"https:\\\/\\\/schema.org\",\"@graph\":[{\"@type\":\"WebPage\",\"@id\":\"https:\\\/\\\/wp.kristdemokraterna.se\\\/dalarna\\\/region\\\/valfragor\\\/personalen\\\/\",\"url\":\"https:\\\/\\\/wp.kristdemokraterna.se\\\/dalarna\\\/region\\\/valfragor\\\/personalen\\\/\",\"name\":\"En vardag som fungerar f\u00f6r personalen - Kristdemokraterna Dalarna\",\"isPartOf\":{\"@id\":\"https:\\\/\\\/wp.kristdemokraterna.se\\\/dalarna\\\/#website\"},\"datePublished\":\"2026-05-12T21:17:50+00:00\",\"dateModified\":\"2026-05-12T21:29:47+00:00\",\"breadcrumb\":{\"@id\":\"https:\\\/\\\/wp.kristdemokraterna.se\\\/dalarna\\\/region\\\/valfragor\\\/personalen\\\/#breadcrumb\"},\"inLanguage\":\"sv-SE\",\"potentialAction\":[{\"@type\":\"ReadAction\",\"target\":[\"https:\\\/\\\/wp.kristdemokraterna.se\\\/dalarna\\\/region\\\/valfragor\\\/personalen\\\/\"]}]},{\"@type\":\"BreadcrumbList\",\"@id\":\"https:\\\/\\\/wp.kristdemokraterna.se\\\/dalarna\\\/region\\\/valfragor\\\/personalen\\\/#breadcrumb\",\"itemListElement\":[{\"@type\":\"ListItem\",\"position\":1,\"name\":\"Hem\",\"item\":\"https:\\\/\\\/wp.kristdemokraterna.se\\\/dalarna\\\/\"},{\"@type\":\"ListItem\",\"position\":2,\"name\":\"Region Dalarna\",\"item\":\"https:\\\/\\\/wp.kristdemokraterna.se\\\/dalarna\\\/region\\\/\"},{\"@type\":\"ListItem\",\"position\":3,\"name\":\"Valfr\u00e5gor\",\"item\":\"https:\\\/\\\/wp.kristdemokraterna.se\\\/dalarna\\\/region\\\/valfragor\\\/\"},{\"@type\":\"ListItem\",\"position\":4,\"name\":\"En vardag som fungerar f\u00f6r personalen\"}]},{\"@type\":\"WebSite\",\"@id\":\"https:\\\/\\\/wp.kristdemokraterna.se\\\/dalarna\\\/#website\",\"url\":\"https:\\\/\\\/wp.kristdemokraterna.se\\\/dalarna\\\/\",\"name\":\"Kristdemokraterna Dalarna\",\"description\":\"\",\"publisher\":{\"@id\":\"https:\\\/\\\/wp.kristdemokraterna.se\\\/dalarna\\\/#organization\"},\"inLanguage\":\"sv-SE\"},{\"@type\":\"Organization\",\"@id\":\"https:\\\/\\\/wp.kristdemokraterna.se\\\/dalarna\\\/#organization\",\"name\":\"Kristdemokraterna Dalarna\",\"url\":\"https:\\\/\\\/wp.kristdemokraterna.se\\\/dalarna\\\/\",\"logo\":{\"@type\":\"ImageObject\",\"inLanguage\":\"sv-SE\",\"@id\":\"https:\\\/\\\/wp.kristdemokraterna.se\\\/dalarna\\\/#\\\/schema\\\/logo\\\/image\\\/\",\"url\":\"https:\\\/\\\/wp.kristdemokraterna.se\\\/dalarna\\\/files\\\/2022\\\/08\\\/dalarna-sida-bla-300dpi.png\",\"contentUrl\":\"https:\\\/\\\/wp.kristdemokraterna.se\\\/dalarna\\\/files\\\/2022\\\/08\\\/dalarna-sida-bla-300dpi.png\",\"width\":1477,\"height\":681,\"caption\":\"Kristdemokraterna Dalarna\"},\"image\":{\"@id\":\"https:\\\/\\\/wp.kristdemokraterna.se\\\/dalarna\\\/#\\\/schema\\\/logo\\\/image\\\/\"}}]}<\/script>\n<!-- \/ Yoast SEO plugin. -->","yoast_head_json":{"title":"En vardag som fungerar f\u00f6r personalen - Kristdemokraterna Dalarna","robots":{"index":"index","follow":"follow","max-snippet":"max-snippet:-1","max-image-preview":"max-image-preview:large","max-video-preview":"max-video-preview:-1"},"canonical":"https:\/\/wp.kristdemokraterna.se\/dalarna\/region\/valfragor\/personalen\/","og_locale":"sv_SE","og_type":"article","og_title":"En vardag som fungerar f\u00f6r personalen - Kristdemokraterna Dalarna","og_description":"Arbetsmilj\u00f6n i v\u00e5rden \u00e4r en krisfr\u00e5ga. Region Dalarna ligger i topp i landet n\u00e4r det g\u00e4ller sjukfr\u00e5nvaro, vilket visar hur h\u00e5rt trycket \u00e4r. De senaste \u00e5ren har varit ekonomiskt tuffa. Vi har n\u00e5tt ekonomi i balans, till skillnad fr\u00e5n m\u00e5nga andra regioner, men pressen i v\u00e5rden \u00e4r fortsatt h\u00f6g. Nu beh\u00f6ver n\u00e4sta stora fokus vara Read More","og_url":"https:\/\/wp.kristdemokraterna.se\/dalarna\/region\/valfragor\/personalen\/","og_site_name":"Kristdemokraterna Dalarna","article_modified_time":"2026-05-12T21:29:47+00:00","twitter_card":"summary_large_image","twitter_misc":{"Ber\u00e4knad l\u00e4stid":"1 minut"},"schema":{"@context":"https:\/\/schema.org","@graph":[{"@type":"WebPage","@id":"https:\/\/wp.kristdemokraterna.se\/dalarna\/region\/valfragor\/personalen\/","url":"https:\/\/wp.kristdemokraterna.se\/dalarna\/region\/valfragor\/personalen\/","name":"En vardag som fungerar f\u00f6r personalen - Kristdemokraterna Dalarna","isPartOf":{"@id":"https:\/\/wp.kristdemokraterna.se\/dalarna\/#website"},"datePublished":"2026-05-12T21:17:50+00:00","dateModified":"2026-05-12T21:29:47+00:00","breadcrumb":{"@id":"https:\/\/wp.kristdemokraterna.se\/dalarna\/region\/valfragor\/personalen\/#breadcrumb"},"inLanguage":"sv-SE","potentialAction":[{"@type":"ReadAction","target":["https:\/\/wp.kristdemokraterna.se\/dalarna\/region\/valfragor\/personalen\/"]}]},{"@type":"BreadcrumbList","@id":"https:\/\/wp.kristdemokraterna.se\/dalarna\/region\/valfragor\/personalen\/#breadcrumb","itemListElement":[{"@type":"ListItem","position":1,"name":"Hem","item":"https:\/\/wp.kristdemokraterna.se\/dalarna\/"},{"@type":"ListItem","position":2,"name":"Region Dalarna","item":"https:\/\/wp.kristdemokraterna.se\/dalarna\/region\/"},{"@type":"ListItem","position":3,"name":"Valfr\u00e5gor","item":"https:\/\/wp.kristdemokraterna.se\/dalarna\/region\/valfragor\/"},{"@type":"ListItem","position":4,"name":"En vardag som fungerar f\u00f6r personalen"}]},{"@type":"WebSite","@id":"https:\/\/wp.kristdemokraterna.se\/dalarna\/#website","url":"https:\/\/wp.kristdemokraterna.se\/dalarna\/","name":"Kristdemokraterna Dalarna","description":"","publisher":{"@id":"https:\/\/wp.kristdemokraterna.se\/dalarna\/#organization"},"inLanguage":"sv-SE"},{"@type":"Organization","@id":"https:\/\/wp.kristdemokraterna.se\/dalarna\/#organization","name":"Kristdemokraterna Dalarna","url":"https:\/\/wp.kristdemokraterna.se\/dalarna\/","logo":{"@type":"ImageObject","inLanguage":"sv-SE","@id":"https:\/\/wp.kristdemokraterna.se\/dalarna\/#\/schema\/logo\/image\/","url":"https:\/\/wp.kristdemokraterna.se\/dalarna\/files\/2022\/08\/dalarna-sida-bla-300dpi.png","contentUrl":"https:\/\/wp.kristdemokraterna.se\/dalarna\/files\/2022\/08\/dalarna-sida-bla-300dpi.png","width":1477,"height":681,"caption":"Kristdemokraterna Dalarna"},"image":{"@id":"https:\/\/wp.kristdemokraterna.se\/dalarna\/#\/schema\/logo\/image\/"}}]}},"_links":{"self":[{"href":"https:\/\/wp.kristdemokraterna.se\/dalarna\/wp-json\/wp\/v2\/pages\/1050","targetHints":{"allow":["GET"]}}],"collection":[{"href":"https:\/\/wp.kristdemokraterna.se\/dalarna\/wp-json\/wp\/v2\/pages"}],"about":[{"href":"https:\/\/wp.kristdemokraterna.se\/dalarna\/wp-json\/wp\/v2\/types\/page"}],"author":[{"embeddable":true,"href":"https:\/\/wp.kristdemokraterna.se\/dalarna\/wp-json\/wp\/v2\/users\/958"}],"replies":[{"embeddable":true,"href":"https:\/\/wp.kristdemokraterna.se\/dalarna\/wp-json\/wp\/v2\/comments?post=1050"}],"version-history":[{"count":6,"href":"https:\/\/wp.kristdemokraterna.se\/dalarna\/wp-json\/wp\/v2\/pages\/1050\/revisions"}],"predecessor-version":[{"id":1057,"href":"https:\/\/wp.kristdemokraterna.se\/dalarna\/wp-json\/wp\/v2\/pages\/1050\/revisions\/1057"}],"up":[{"embeddable":true,"href":"https:\/\/wp.kristdemokraterna.se\/dalarna\/wp-json\/wp\/v2\/pages\/1048"}],"wp:attachment":[{"href":"https:\/\/wp.kristdemokraterna.se\/dalarna\/wp-json\/wp\/v2\/media?parent=1050"}],"curies":[{"name":"wp","href":"https:\/\/api.w.org\/{rel}","templated":true}]}}