{"id":208,"date":"2015-05-19T20:07:31","date_gmt":"2015-05-19T18:07:31","guid":{"rendered":"http:\/\/wp.kristdemokraterna.se\/dalarna\/?page_id=208"},"modified":"2022-06-17T14:48:43","modified_gmt":"2022-06-17T12:48:43","slug":"falun","status":"publish","type":"page","link":"https:\/\/wp.kristdemokraterna.se\/dalarna\/kommun\/falun\/","title":{"rendered":"Falun"},"content":{"rendered":"<h2>Redo att bygga ett tryggare Falun!<\/h2>\n<ul>\n<li>Vi formar en levande landsbygd och stad med mer bost\u00e4der, tr\u00e4ffpunkter och<br \/>\nkommunikationer. F\u00f6r en tryggare vardag och en inneh\u00e5llsrik fritid.<\/li>\n<li>Livet som pension\u00e4r skall vara underbart. Vi arbetar f\u00f6r \u00f6kad inkludering och gemenskap.<br \/>\nTillsammans \u00e4r vi starka!<\/li>\n<li>Trygga familjer skapar en trygg framtid. Vi ska ha sm\u00e5 barngrupper och en skola som ser<br \/>\nvarje barn. Vi \u00e4r familjens parti.<\/li>\n<\/ul>\n<h4><img loading=\"lazy\" decoding=\"async\" class=\"alignnone wp-image-681 size-large\" src=\"http:\/\/wp.kristdemokraterna.se\/dalarna\/files\/2022\/06\/falun-540x304.jpg\" alt=\"\" width=\"540\" height=\"304\" srcset=\"https:\/\/wp.kristdemokraterna.se\/dalarna\/files\/2022\/06\/falun-540x304.jpg 540w, https:\/\/wp.kristdemokraterna.se\/dalarna\/files\/2022\/06\/falun-300x169.jpg 300w, https:\/\/wp.kristdemokraterna.se\/dalarna\/files\/2022\/06\/falun-768x432.jpg 768w, https:\/\/wp.kristdemokraterna.se\/dalarna\/files\/2022\/06\/falun-1536x864.jpg 1536w, https:\/\/wp.kristdemokraterna.se\/dalarna\/files\/2022\/06\/falun-2048x1152.jpg 2048w, https:\/\/wp.kristdemokraterna.se\/dalarna\/files\/2022\/06\/falun-356x200.jpg 356w, https:\/\/wp.kristdemokraterna.se\/dalarna\/files\/2022\/06\/falun-370x208.jpg 370w, https:\/\/wp.kristdemokraterna.se\/dalarna\/files\/2022\/06\/falun-770x433.jpg 770w, https:\/\/wp.kristdemokraterna.se\/dalarna\/files\/2022\/06\/falun-450x253.jpg 450w, https:\/\/wp.kristdemokraterna.se\/dalarna\/files\/2022\/06\/falun-280x158.jpg 280w, https:\/\/wp.kristdemokraterna.se\/dalarna\/files\/2022\/06\/falun-340x191.jpg 340w, https:\/\/wp.kristdemokraterna.se\/dalarna\/files\/2022\/06\/falun-200x113.jpg 200w, https:\/\/wp.kristdemokraterna.se\/dalarna\/files\/2022\/06\/falun-100x56.jpg 100w\" sizes=\"auto, (max-width: 540px) 100vw, 540px\" \/><\/h4>\n<h4>Facebook: <a href=\"https:\/\/www.facebook.com\/KDFalun\">Kristdemokraterna i Falun<\/a><\/h4>\n<h4>Instagram: <a href=\"https:\/\/www.instagram.com\/kristdemokraterna_falun\/\">Kristdemokraterna Falun<\/a><\/h4>\n","protected":false},"excerpt":{"rendered":"<p>Redo att bygga ett tryggare Falun! Vi formar en levande landsbygd och stad med mer bost\u00e4der, tr\u00e4ffpunkter och kommunikationer. F\u00f6r en tryggare vardag och en inneh\u00e5llsrik fritid. Livet som pension\u00e4r skall vara underbart. Vi arbetar f\u00f6r \u00f6kad inkludering och gemenskap. Tillsammans \u00e4r vi starka! Trygga familjer skapar en trygg framtid. Vi ska ha sm\u00e5 barngrupper <a class=\"read-more-link\" href=\"https:\/\/wp.kristdemokraterna.se\/dalarna\/kommun\/falun\/\">Read More<\/a><\/p>\n","protected":false},"author":704,"featured_media":0,"parent":61,"menu_order":3,"comment_status":"closed","ping_status":"closed","template":"","meta":{"_acf_changed":false,"footnotes":""},"class_list":["post-208","page","type-page","status-publish","hentry"],"acf":[],"yoast_head":"<!-- This site is optimized with the Yoast SEO plugin v27.3 - https:\/\/yoast.com\/product\/yoast-seo-wordpress\/ -->\n<title>Falun - Kristdemokraterna Dalarna<\/title>\n<meta name=\"robots\" content=\"index, follow, max-snippet:-1, max-image-preview:large, max-video-preview:-1\" \/>\n<link rel=\"canonical\" href=\"https:\/\/wp.kristdemokraterna.se\/dalarna\/kommun\/falun\/\" \/>\n<meta property=\"og:locale\" content=\"sv_SE\" \/>\n<meta property=\"og:type\" content=\"article\" \/>\n<meta property=\"og:title\" content=\"Falun - Kristdemokraterna Dalarna\" \/>\n<meta property=\"og:description\" content=\"Redo att bygga ett tryggare Falun! Vi formar en levande landsbygd och stad med mer bost\u00e4der, tr\u00e4ffpunkter och kommunikationer. F\u00f6r en tryggare vardag och en inneh\u00e5llsrik fritid. Livet som pension\u00e4r skall vara underbart. Vi arbetar f\u00f6r \u00f6kad inkludering och gemenskap. Tillsammans \u00e4r vi starka! Trygga familjer skapar en trygg framtid. Vi ska ha sm\u00e5 barngrupper Read More\" \/>\n<meta property=\"og:url\" content=\"https:\/\/wp.kristdemokraterna.se\/dalarna\/kommun\/falun\/\" \/>\n<meta property=\"og:site_name\" content=\"Kristdemokraterna Dalarna\" \/>\n<meta property=\"article:modified_time\" content=\"2022-06-17T12:48:43+00:00\" \/>\n<meta property=\"og:image\" content=\"http:\/\/wp.kristdemokraterna.se\/dalarna\/files\/2022\/06\/falun-540x304.jpg\" \/>\n<meta name=\"twitter:card\" content=\"summary_large_image\" \/>\n<script type=\"application\/ld+json\" class=\"yoast-schema-graph\">{\"@context\":\"https:\\\/\\\/schema.org\",\"@graph\":[{\"@type\":\"WebPage\",\"@id\":\"https:\\\/\\\/wp.kristdemokraterna.se\\\/dalarna\\\/kommun\\\/falun\\\/\",\"url\":\"https:\\\/\\\/wp.kristdemokraterna.se\\\/dalarna\\\/kommun\\\/falun\\\/\",\"name\":\"Falun - Kristdemokraterna Dalarna\",\"isPartOf\":{\"@id\":\"https:\\\/\\\/wp.kristdemokraterna.se\\\/dalarna\\\/#website\"},\"primaryImageOfPage\":{\"@id\":\"https:\\\/\\\/wp.kristdemokraterna.se\\\/dalarna\\\/kommun\\\/falun\\\/#primaryimage\"},\"image\":{\"@id\":\"https:\\\/\\\/wp.kristdemokraterna.se\\\/dalarna\\\/kommun\\\/falun\\\/#primaryimage\"},\"thumbnailUrl\":\"http:\\\/\\\/wp.kristdemokraterna.se\\\/dalarna\\\/files\\\/2022\\\/06\\\/falun-540x304.jpg\",\"datePublished\":\"2015-05-19T18:07:31+00:00\",\"dateModified\":\"2022-06-17T12:48:43+00:00\",\"breadcrumb\":{\"@id\":\"https:\\\/\\\/wp.kristdemokraterna.se\\\/dalarna\\\/kommun\\\/falun\\\/#breadcrumb\"},\"inLanguage\":\"sv-SE\",\"potentialAction\":[{\"@type\":\"ReadAction\",\"target\":[\"https:\\\/\\\/wp.kristdemokraterna.se\\\/dalarna\\\/kommun\\\/falun\\\/\"]}]},{\"@type\":\"ImageObject\",\"inLanguage\":\"sv-SE\",\"@id\":\"https:\\\/\\\/wp.kristdemokraterna.se\\\/dalarna\\\/kommun\\\/falun\\\/#primaryimage\",\"url\":\"http:\\\/\\\/wp.kristdemokraterna.se\\\/dalarna\\\/files\\\/2022\\\/06\\\/falun-540x304.jpg\",\"contentUrl\":\"http:\\\/\\\/wp.kristdemokraterna.se\\\/dalarna\\\/files\\\/2022\\\/06\\\/falun-540x304.jpg\"},{\"@type\":\"BreadcrumbList\",\"@id\":\"https:\\\/\\\/wp.kristdemokraterna.se\\\/dalarna\\\/kommun\\\/falun\\\/#breadcrumb\",\"itemListElement\":[{\"@type\":\"ListItem\",\"position\":1,\"name\":\"Hem\",\"item\":\"https:\\\/\\\/wp.kristdemokraterna.se\\\/dalarna\\\/\"},{\"@type\":\"ListItem\",\"position\":2,\"name\":\"Kommun\",\"item\":\"https:\\\/\\\/wp.kristdemokraterna.se\\\/dalarna\\\/kommun\\\/\"},{\"@type\":\"ListItem\",\"position\":3,\"name\":\"Falun\"}]},{\"@type\":\"WebSite\",\"@id\":\"https:\\\/\\\/wp.kristdemokraterna.se\\\/dalarna\\\/#website\",\"url\":\"https:\\\/\\\/wp.kristdemokraterna.se\\\/dalarna\\\/\",\"name\":\"Kristdemokraterna Dalarna\",\"description\":\"\",\"publisher\":{\"@id\":\"https:\\\/\\\/wp.kristdemokraterna.se\\\/dalarna\\\/#organization\"},\"inLanguage\":\"sv-SE\"},{\"@type\":\"Organization\",\"@id\":\"https:\\\/\\\/wp.kristdemokraterna.se\\\/dalarna\\\/#organization\",\"name\":\"Kristdemokraterna Dalarna\",\"url\":\"https:\\\/\\\/wp.kristdemokraterna.se\\\/dalarna\\\/\",\"logo\":{\"@type\":\"ImageObject\",\"inLanguage\":\"sv-SE\",\"@id\":\"https:\\\/\\\/wp.kristdemokraterna.se\\\/dalarna\\\/#\\\/schema\\\/logo\\\/image\\\/\",\"url\":\"https:\\\/\\\/wp.kristdemokraterna.se\\\/dalarna\\\/files\\\/2022\\\/08\\\/dalarna-sida-bla-300dpi.png\",\"contentUrl\":\"https:\\\/\\\/wp.kristdemokraterna.se\\\/dalarna\\\/files\\\/2022\\\/08\\\/dalarna-sida-bla-300dpi.png\",\"width\":1477,\"height\":681,\"caption\":\"Kristdemokraterna Dalarna\"},\"image\":{\"@id\":\"https:\\\/\\\/wp.kristdemokraterna.se\\\/dalarna\\\/#\\\/schema\\\/logo\\\/image\\\/\"}}]}<\/script>\n<!-- \/ Yoast SEO plugin. -->","yoast_head_json":{"title":"Falun - Kristdemokraterna Dalarna","robots":{"index":"index","follow":"follow","max-snippet":"max-snippet:-1","max-image-preview":"max-image-preview:large","max-video-preview":"max-video-preview:-1"},"canonical":"https:\/\/wp.kristdemokraterna.se\/dalarna\/kommun\/falun\/","og_locale":"sv_SE","og_type":"article","og_title":"Falun - Kristdemokraterna Dalarna","og_description":"Redo att bygga ett tryggare Falun! Vi formar en levande landsbygd och stad med mer bost\u00e4der, tr\u00e4ffpunkter och kommunikationer. F\u00f6r en tryggare vardag och en inneh\u00e5llsrik fritid. Livet som pension\u00e4r skall vara underbart. Vi arbetar f\u00f6r \u00f6kad inkludering och gemenskap. Tillsammans \u00e4r vi starka! Trygga familjer skapar en trygg framtid. Vi ska ha sm\u00e5 barngrupper Read More","og_url":"https:\/\/wp.kristdemokraterna.se\/dalarna\/kommun\/falun\/","og_site_name":"Kristdemokraterna Dalarna","article_modified_time":"2022-06-17T12:48:43+00:00","og_image":[{"url":"http:\/\/wp.kristdemokraterna.se\/dalarna\/files\/2022\/06\/falun-540x304.jpg","type":"","width":"","height":""}],"twitter_card":"summary_large_image","schema":{"@context":"https:\/\/schema.org","@graph":[{"@type":"WebPage","@id":"https:\/\/wp.kristdemokraterna.se\/dalarna\/kommun\/falun\/","url":"https:\/\/wp.kristdemokraterna.se\/dalarna\/kommun\/falun\/","name":"Falun - Kristdemokraterna Dalarna","isPartOf":{"@id":"https:\/\/wp.kristdemokraterna.se\/dalarna\/#website"},"primaryImageOfPage":{"@id":"https:\/\/wp.kristdemokraterna.se\/dalarna\/kommun\/falun\/#primaryimage"},"image":{"@id":"https:\/\/wp.kristdemokraterna.se\/dalarna\/kommun\/falun\/#primaryimage"},"thumbnailUrl":"http:\/\/wp.kristdemokraterna.se\/dalarna\/files\/2022\/06\/falun-540x304.jpg","datePublished":"2015-05-19T18:07:31+00:00","dateModified":"2022-06-17T12:48:43+00:00","breadcrumb":{"@id":"https:\/\/wp.kristdemokraterna.se\/dalarna\/kommun\/falun\/#breadcrumb"},"inLanguage":"sv-SE","potentialAction":[{"@type":"ReadAction","target":["https:\/\/wp.kristdemokraterna.se\/dalarna\/kommun\/falun\/"]}]},{"@type":"ImageObject","inLanguage":"sv-SE","@id":"https:\/\/wp.kristdemokraterna.se\/dalarna\/kommun\/falun\/#primaryimage","url":"http:\/\/wp.kristdemokraterna.se\/dalarna\/files\/2022\/06\/falun-540x304.jpg","contentUrl":"http:\/\/wp.kristdemokraterna.se\/dalarna\/files\/2022\/06\/falun-540x304.jpg"},{"@type":"BreadcrumbList","@id":"https:\/\/wp.kristdemokraterna.se\/dalarna\/kommun\/falun\/#breadcrumb","itemListElement":[{"@type":"ListItem","position":1,"name":"Hem","item":"https:\/\/wp.kristdemokraterna.se\/dalarna\/"},{"@type":"ListItem","position":2,"name":"Kommun","item":"https:\/\/wp.kristdemokraterna.se\/dalarna\/kommun\/"},{"@type":"ListItem","position":3,"name":"Falun"}]},{"@type":"WebSite","@id":"https:\/\/wp.kristdemokraterna.se\/dalarna\/#website","url":"https:\/\/wp.kristdemokraterna.se\/dalarna\/","name":"Kristdemokraterna Dalarna","description":"","publisher":{"@id":"https:\/\/wp.kristdemokraterna.se\/dalarna\/#organization"},"inLanguage":"sv-SE"},{"@type":"Organization","@id":"https:\/\/wp.kristdemokraterna.se\/dalarna\/#organization","name":"Kristdemokraterna Dalarna","url":"https:\/\/wp.kristdemokraterna.se\/dalarna\/","logo":{"@type":"ImageObject","inLanguage":"sv-SE","@id":"https:\/\/wp.kristdemokraterna.se\/dalarna\/#\/schema\/logo\/image\/","url":"https:\/\/wp.kristdemokraterna.se\/dalarna\/files\/2022\/08\/dalarna-sida-bla-300dpi.png","contentUrl":"https:\/\/wp.kristdemokraterna.se\/dalarna\/files\/2022\/08\/dalarna-sida-bla-300dpi.png","width":1477,"height":681,"caption":"Kristdemokraterna Dalarna"},"image":{"@id":"https:\/\/wp.kristdemokraterna.se\/dalarna\/#\/schema\/logo\/image\/"}}]}},"_links":{"self":[{"href":"https:\/\/wp.kristdemokraterna.se\/dalarna\/wp-json\/wp\/v2\/pages\/208","targetHints":{"allow":["GET"]}}],"collection":[{"href":"https:\/\/wp.kristdemokraterna.se\/dalarna\/wp-json\/wp\/v2\/pages"}],"about":[{"href":"https:\/\/wp.kristdemokraterna.se\/dalarna\/wp-json\/wp\/v2\/types\/page"}],"author":[{"embeddable":true,"href":"https:\/\/wp.kristdemokraterna.se\/dalarna\/wp-json\/wp\/v2\/users\/704"}],"replies":[{"embeddable":true,"href":"https:\/\/wp.kristdemokraterna.se\/dalarna\/wp-json\/wp\/v2\/comments?post=208"}],"version-history":[{"count":4,"href":"https:\/\/wp.kristdemokraterna.se\/dalarna\/wp-json\/wp\/v2\/pages\/208\/revisions"}],"predecessor-version":[{"id":682,"href":"https:\/\/wp.kristdemokraterna.se\/dalarna\/wp-json\/wp\/v2\/pages\/208\/revisions\/682"}],"up":[{"embeddable":true,"href":"https:\/\/wp.kristdemokraterna.se\/dalarna\/wp-json\/wp\/v2\/pages\/61"}],"wp:attachment":[{"href":"https:\/\/wp.kristdemokraterna.se\/dalarna\/wp-json\/wp\/v2\/media?parent=208"}],"curies":[{"name":"wp","href":"https:\/\/api.w.org\/{rel}","templated":true}]}}