{"id":212,"date":"2015-05-19T20:22:37","date_gmt":"2015-05-19T18:22:37","guid":{"rendered":"http:\/\/wp.kristdemokraterna.se\/dalarna\/?page_id=212"},"modified":"2022-06-17T15:02:10","modified_gmt":"2022-06-17T13:02:10","slug":"orsa","status":"publish","type":"page","link":"https:\/\/wp.kristdemokraterna.se\/dalarna\/kommun\/orsa\/","title":{"rendered":"Orsa"},"content":{"rendered":"<h2>Orsa \u00e4r redo f\u00f6r nya utmaningar!<\/h2>\n<p>Besvikelsen \u00f6ver placeringen av nya \u00e4ldreboendet delar vi med orsaborna. Vi har k\u00e4mpat f\u00f6r att v\u00e5ra \u00e4ldre under senare delen av livet ska f\u00e5 en mer natursk\u00f6n milj\u00f6 \u00e4n kring surmarken p\u00e5 Stormyren intill en motorv\u00e4g. Orsa \u00e4r full av ,fin milj\u00f6 med vida vyer och n\u00e4rhet till vatten? V\u00e5r kamp g\u00e4ller ocks\u00e5 omsorgen om v\u00e5ra barn, v\u00e5ra familjer, f\u00f6rskolan och skolan. Dessutom beh\u00f6vs insatser mot ensamhet \u00e5ngest och psykisk oh\u00e4lsa.<\/p>\n<h4>Knyt ihop \u00d6n med centrala Orsa<\/h4>\n<ul>\n<li>G\u00e5ng -och cykelbro \u00f6ver Lill\u00e5n, n\u00e4rhet till kyrkog\u00e5rden.<\/li>\n<li>\u00d6ppna upp centrums n\u00e4rmsta skog och str\u00f6vomr\u00e5de, Lill\u00e5skogen.<\/li>\n<li>Orsas n\u00e4rmsta lek, motions- och handikappv\u00e4nliga str\u00f6vomr\u00e5de.<\/li>\n<\/ul>\n<h4>Skapa ett seniorcenter vid trygghetsboendet p\u00e5 Lill\u00e5hem<\/h4>\n<ul>\n<li>Tr\u00e4ffpunkt, fotv\u00e5rd, fixa h\u00e5ret, motion, fika, l\u00e4sa tidningen.<\/li>\n<li>Ett trygghetsboende d\u00e4r vanligt folk har r\u00e5d att bo.<\/li>\n<li>Hj\u00e4lp med IT f\u00f6r husbehov och andra enkla vardags\u00e4renden.<\/li>\n<\/ul>\n<h4>Bygga bo och verka i Orsa<\/h4>\n<ul>\n<li>Skapa attraktiva tomter b\u00e5de strandn\u00e4ra och med utsikt.<\/li>\n<li>Medveten satsning p\u00e5 sm\u00e5f\u00f6retagande och n\u00e4ringsliv.<\/li>\n<li>Marknadsf\u00f6ra v\u00e5r unika milj\u00f6 \u201dOrsa f\u00f6r fritid\u201d och \u201dvildmark Orsa\u201d.<\/li>\n<\/ul>\n<p><img loading=\"lazy\" decoding=\"async\" class=\"alignnone wp-image-689 size-large\" src=\"http:\/\/wp.kristdemokraterna.se\/dalarna\/files\/2022\/06\/orsa-540x405.jpg\" alt=\"\" width=\"540\" height=\"405\" srcset=\"https:\/\/wp.kristdemokraterna.se\/dalarna\/files\/2022\/06\/orsa-540x405.jpg 540w, https:\/\/wp.kristdemokraterna.se\/dalarna\/files\/2022\/06\/orsa-300x225.jpg 300w, https:\/\/wp.kristdemokraterna.se\/dalarna\/files\/2022\/06\/orsa-768x576.jpg 768w, https:\/\/wp.kristdemokraterna.se\/dalarna\/files\/2022\/06\/orsa-1536x1152.jpg 1536w, https:\/\/wp.kristdemokraterna.se\/dalarna\/files\/2022\/06\/orsa-267x200.jpg 267w, https:\/\/wp.kristdemokraterna.se\/dalarna\/files\/2022\/06\/orsa-370x278.jpg 370w, https:\/\/wp.kristdemokraterna.se\/dalarna\/files\/2022\/06\/orsa-770x578.jpg 770w, https:\/\/wp.kristdemokraterna.se\/dalarna\/files\/2022\/06\/orsa-450x338.jpg 450w, https:\/\/wp.kristdemokraterna.se\/dalarna\/files\/2022\/06\/orsa-280x210.jpg 280w, https:\/\/wp.kristdemokraterna.se\/dalarna\/files\/2022\/06\/orsa-340x255.jpg 340w, https:\/\/wp.kristdemokraterna.se\/dalarna\/files\/2022\/06\/orsa-200x150.jpg 200w, https:\/\/wp.kristdemokraterna.se\/dalarna\/files\/2022\/06\/orsa-75x56.jpg 75w, https:\/\/wp.kristdemokraterna.se\/dalarna\/files\/2022\/06\/orsa.jpg 1632w\" sizes=\"auto, (max-width: 540px) 100vw, 540px\" \/><\/p>\n","protected":false},"excerpt":{"rendered":"<p>Orsa \u00e4r redo f\u00f6r nya utmaningar! Besvikelsen \u00f6ver placeringen av nya \u00e4ldreboendet delar vi med orsaborna. Vi har k\u00e4mpat f\u00f6r att v\u00e5ra \u00e4ldre under senare delen av livet ska f\u00e5 en mer natursk\u00f6n milj\u00f6 \u00e4n kring surmarken p\u00e5 Stormyren intill en motorv\u00e4g. Orsa \u00e4r full av ,fin milj\u00f6 med vida vyer och n\u00e4rhet till vatten? <a class=\"read-more-link\" href=\"https:\/\/wp.kristdemokraterna.se\/dalarna\/kommun\/orsa\/\">Read More<\/a><\/p>\n","protected":false},"author":704,"featured_media":0,"parent":61,"menu_order":6,"comment_status":"closed","ping_status":"closed","template":"","meta":{"_acf_changed":false,"footnotes":""},"class_list":["post-212","page","type-page","status-publish","hentry"],"acf":[],"yoast_head":"<!-- This site is optimized with the Yoast SEO plugin v27.3 - https:\/\/yoast.com\/product\/yoast-seo-wordpress\/ -->\n<title>Orsa - Kristdemokraterna Dalarna<\/title>\n<meta name=\"robots\" content=\"index, follow, max-snippet:-1, max-image-preview:large, max-video-preview:-1\" \/>\n<link rel=\"canonical\" href=\"https:\/\/wp.kristdemokraterna.se\/dalarna\/kommun\/orsa\/\" \/>\n<meta property=\"og:locale\" content=\"sv_SE\" \/>\n<meta property=\"og:type\" content=\"article\" \/>\n<meta property=\"og:title\" content=\"Orsa - Kristdemokraterna Dalarna\" \/>\n<meta property=\"og:description\" content=\"Orsa \u00e4r redo f\u00f6r nya utmaningar! Besvikelsen \u00f6ver placeringen av nya \u00e4ldreboendet delar vi med orsaborna. Vi har k\u00e4mpat f\u00f6r att v\u00e5ra \u00e4ldre under senare delen av livet ska f\u00e5 en mer natursk\u00f6n milj\u00f6 \u00e4n kring surmarken p\u00e5 Stormyren intill en motorv\u00e4g. Orsa \u00e4r full av ,fin milj\u00f6 med vida vyer och n\u00e4rhet till vatten? Read More\" \/>\n<meta property=\"og:url\" content=\"https:\/\/wp.kristdemokraterna.se\/dalarna\/kommun\/orsa\/\" \/>\n<meta property=\"og:site_name\" content=\"Kristdemokraterna Dalarna\" \/>\n<meta property=\"article:modified_time\" content=\"2022-06-17T13:02:10+00:00\" \/>\n<meta property=\"og:image\" content=\"http:\/\/wp.kristdemokraterna.se\/dalarna\/files\/2022\/06\/orsa-540x405.jpg\" \/>\n<meta name=\"twitter:card\" content=\"summary_large_image\" \/>\n<meta name=\"twitter:label1\" content=\"Ber\u00e4knad l\u00e4stid\" \/>\n\t<meta name=\"twitter:data1\" content=\"1 minut\" \/>\n<script type=\"application\/ld+json\" class=\"yoast-schema-graph\">{\"@context\":\"https:\\\/\\\/schema.org\",\"@graph\":[{\"@type\":\"WebPage\",\"@id\":\"https:\\\/\\\/wp.kristdemokraterna.se\\\/dalarna\\\/kommun\\\/orsa\\\/\",\"url\":\"https:\\\/\\\/wp.kristdemokraterna.se\\\/dalarna\\\/kommun\\\/orsa\\\/\",\"name\":\"Orsa - Kristdemokraterna Dalarna\",\"isPartOf\":{\"@id\":\"https:\\\/\\\/wp.kristdemokraterna.se\\\/dalarna\\\/#website\"},\"primaryImageOfPage\":{\"@id\":\"https:\\\/\\\/wp.kristdemokraterna.se\\\/dalarna\\\/kommun\\\/orsa\\\/#primaryimage\"},\"image\":{\"@id\":\"https:\\\/\\\/wp.kristdemokraterna.se\\\/dalarna\\\/kommun\\\/orsa\\\/#primaryimage\"},\"thumbnailUrl\":\"http:\\\/\\\/wp.kristdemokraterna.se\\\/dalarna\\\/files\\\/2022\\\/06\\\/orsa-540x405.jpg\",\"datePublished\":\"2015-05-19T18:22:37+00:00\",\"dateModified\":\"2022-06-17T13:02:10+00:00\",\"breadcrumb\":{\"@id\":\"https:\\\/\\\/wp.kristdemokraterna.se\\\/dalarna\\\/kommun\\\/orsa\\\/#breadcrumb\"},\"inLanguage\":\"sv-SE\",\"potentialAction\":[{\"@type\":\"ReadAction\",\"target\":[\"https:\\\/\\\/wp.kristdemokraterna.se\\\/dalarna\\\/kommun\\\/orsa\\\/\"]}]},{\"@type\":\"ImageObject\",\"inLanguage\":\"sv-SE\",\"@id\":\"https:\\\/\\\/wp.kristdemokraterna.se\\\/dalarna\\\/kommun\\\/orsa\\\/#primaryimage\",\"url\":\"http:\\\/\\\/wp.kristdemokraterna.se\\\/dalarna\\\/files\\\/2022\\\/06\\\/orsa-540x405.jpg\",\"contentUrl\":\"http:\\\/\\\/wp.kristdemokraterna.se\\\/dalarna\\\/files\\\/2022\\\/06\\\/orsa-540x405.jpg\"},{\"@type\":\"BreadcrumbList\",\"@id\":\"https:\\\/\\\/wp.kristdemokraterna.se\\\/dalarna\\\/kommun\\\/orsa\\\/#breadcrumb\",\"itemListElement\":[{\"@type\":\"ListItem\",\"position\":1,\"name\":\"Hem\",\"item\":\"https:\\\/\\\/wp.kristdemokraterna.se\\\/dalarna\\\/\"},{\"@type\":\"ListItem\",\"position\":2,\"name\":\"Kommun\",\"item\":\"https:\\\/\\\/wp.kristdemokraterna.se\\\/dalarna\\\/kommun\\\/\"},{\"@type\":\"ListItem\",\"position\":3,\"name\":\"Orsa\"}]},{\"@type\":\"WebSite\",\"@id\":\"https:\\\/\\\/wp.kristdemokraterna.se\\\/dalarna\\\/#website\",\"url\":\"https:\\\/\\\/wp.kristdemokraterna.se\\\/dalarna\\\/\",\"name\":\"Kristdemokraterna Dalarna\",\"description\":\"\",\"publisher\":{\"@id\":\"https:\\\/\\\/wp.kristdemokraterna.se\\\/dalarna\\\/#organization\"},\"inLanguage\":\"sv-SE\"},{\"@type\":\"Organization\",\"@id\":\"https:\\\/\\\/wp.kristdemokraterna.se\\\/dalarna\\\/#organization\",\"name\":\"Kristdemokraterna Dalarna\",\"url\":\"https:\\\/\\\/wp.kristdemokraterna.se\\\/dalarna\\\/\",\"logo\":{\"@type\":\"ImageObject\",\"inLanguage\":\"sv-SE\",\"@id\":\"https:\\\/\\\/wp.kristdemokraterna.se\\\/dalarna\\\/#\\\/schema\\\/logo\\\/image\\\/\",\"url\":\"https:\\\/\\\/wp.kristdemokraterna.se\\\/dalarna\\\/files\\\/2022\\\/08\\\/dalarna-sida-bla-300dpi.png\",\"contentUrl\":\"https:\\\/\\\/wp.kristdemokraterna.se\\\/dalarna\\\/files\\\/2022\\\/08\\\/dalarna-sida-bla-300dpi.png\",\"width\":1477,\"height\":681,\"caption\":\"Kristdemokraterna Dalarna\"},\"image\":{\"@id\":\"https:\\\/\\\/wp.kristdemokraterna.se\\\/dalarna\\\/#\\\/schema\\\/logo\\\/image\\\/\"}}]}<\/script>\n<!-- \/ Yoast SEO plugin. -->","yoast_head_json":{"title":"Orsa - Kristdemokraterna Dalarna","robots":{"index":"index","follow":"follow","max-snippet":"max-snippet:-1","max-image-preview":"max-image-preview:large","max-video-preview":"max-video-preview:-1"},"canonical":"https:\/\/wp.kristdemokraterna.se\/dalarna\/kommun\/orsa\/","og_locale":"sv_SE","og_type":"article","og_title":"Orsa - Kristdemokraterna Dalarna","og_description":"Orsa \u00e4r redo f\u00f6r nya utmaningar! Besvikelsen \u00f6ver placeringen av nya \u00e4ldreboendet delar vi med orsaborna. Vi har k\u00e4mpat f\u00f6r att v\u00e5ra \u00e4ldre under senare delen av livet ska f\u00e5 en mer natursk\u00f6n milj\u00f6 \u00e4n kring surmarken p\u00e5 Stormyren intill en motorv\u00e4g. Orsa \u00e4r full av ,fin milj\u00f6 med vida vyer och n\u00e4rhet till vatten? Read More","og_url":"https:\/\/wp.kristdemokraterna.se\/dalarna\/kommun\/orsa\/","og_site_name":"Kristdemokraterna Dalarna","article_modified_time":"2022-06-17T13:02:10+00:00","og_image":[{"url":"http:\/\/wp.kristdemokraterna.se\/dalarna\/files\/2022\/06\/orsa-540x405.jpg","type":"","width":"","height":""}],"twitter_card":"summary_large_image","twitter_misc":{"Ber\u00e4knad l\u00e4stid":"1 minut"},"schema":{"@context":"https:\/\/schema.org","@graph":[{"@type":"WebPage","@id":"https:\/\/wp.kristdemokraterna.se\/dalarna\/kommun\/orsa\/","url":"https:\/\/wp.kristdemokraterna.se\/dalarna\/kommun\/orsa\/","name":"Orsa - Kristdemokraterna Dalarna","isPartOf":{"@id":"https:\/\/wp.kristdemokraterna.se\/dalarna\/#website"},"primaryImageOfPage":{"@id":"https:\/\/wp.kristdemokraterna.se\/dalarna\/kommun\/orsa\/#primaryimage"},"image":{"@id":"https:\/\/wp.kristdemokraterna.se\/dalarna\/kommun\/orsa\/#primaryimage"},"thumbnailUrl":"http:\/\/wp.kristdemokraterna.se\/dalarna\/files\/2022\/06\/orsa-540x405.jpg","datePublished":"2015-05-19T18:22:37+00:00","dateModified":"2022-06-17T13:02:10+00:00","breadcrumb":{"@id":"https:\/\/wp.kristdemokraterna.se\/dalarna\/kommun\/orsa\/#breadcrumb"},"inLanguage":"sv-SE","potentialAction":[{"@type":"ReadAction","target":["https:\/\/wp.kristdemokraterna.se\/dalarna\/kommun\/orsa\/"]}]},{"@type":"ImageObject","inLanguage":"sv-SE","@id":"https:\/\/wp.kristdemokraterna.se\/dalarna\/kommun\/orsa\/#primaryimage","url":"http:\/\/wp.kristdemokraterna.se\/dalarna\/files\/2022\/06\/orsa-540x405.jpg","contentUrl":"http:\/\/wp.kristdemokraterna.se\/dalarna\/files\/2022\/06\/orsa-540x405.jpg"},{"@type":"BreadcrumbList","@id":"https:\/\/wp.kristdemokraterna.se\/dalarna\/kommun\/orsa\/#breadcrumb","itemListElement":[{"@type":"ListItem","position":1,"name":"Hem","item":"https:\/\/wp.kristdemokraterna.se\/dalarna\/"},{"@type":"ListItem","position":2,"name":"Kommun","item":"https:\/\/wp.kristdemokraterna.se\/dalarna\/kommun\/"},{"@type":"ListItem","position":3,"name":"Orsa"}]},{"@type":"WebSite","@id":"https:\/\/wp.kristdemokraterna.se\/dalarna\/#website","url":"https:\/\/wp.kristdemokraterna.se\/dalarna\/","name":"Kristdemokraterna Dalarna","description":"","publisher":{"@id":"https:\/\/wp.kristdemokraterna.se\/dalarna\/#organization"},"inLanguage":"sv-SE"},{"@type":"Organization","@id":"https:\/\/wp.kristdemokraterna.se\/dalarna\/#organization","name":"Kristdemokraterna Dalarna","url":"https:\/\/wp.kristdemokraterna.se\/dalarna\/","logo":{"@type":"ImageObject","inLanguage":"sv-SE","@id":"https:\/\/wp.kristdemokraterna.se\/dalarna\/#\/schema\/logo\/image\/","url":"https:\/\/wp.kristdemokraterna.se\/dalarna\/files\/2022\/08\/dalarna-sida-bla-300dpi.png","contentUrl":"https:\/\/wp.kristdemokraterna.se\/dalarna\/files\/2022\/08\/dalarna-sida-bla-300dpi.png","width":1477,"height":681,"caption":"Kristdemokraterna Dalarna"},"image":{"@id":"https:\/\/wp.kristdemokraterna.se\/dalarna\/#\/schema\/logo\/image\/"}}]}},"_links":{"self":[{"href":"https:\/\/wp.kristdemokraterna.se\/dalarna\/wp-json\/wp\/v2\/pages\/212","targetHints":{"allow":["GET"]}}],"collection":[{"href":"https:\/\/wp.kristdemokraterna.se\/dalarna\/wp-json\/wp\/v2\/pages"}],"about":[{"href":"https:\/\/wp.kristdemokraterna.se\/dalarna\/wp-json\/wp\/v2\/types\/page"}],"author":[{"embeddable":true,"href":"https:\/\/wp.kristdemokraterna.se\/dalarna\/wp-json\/wp\/v2\/users\/704"}],"replies":[{"embeddable":true,"href":"https:\/\/wp.kristdemokraterna.se\/dalarna\/wp-json\/wp\/v2\/comments?post=212"}],"version-history":[{"count":3,"href":"https:\/\/wp.kristdemokraterna.se\/dalarna\/wp-json\/wp\/v2\/pages\/212\/revisions"}],"predecessor-version":[{"id":690,"href":"https:\/\/wp.kristdemokraterna.se\/dalarna\/wp-json\/wp\/v2\/pages\/212\/revisions\/690"}],"up":[{"embeddable":true,"href":"https:\/\/wp.kristdemokraterna.se\/dalarna\/wp-json\/wp\/v2\/pages\/61"}],"wp:attachment":[{"href":"https:\/\/wp.kristdemokraterna.se\/dalarna\/wp-json\/wp\/v2\/media?parent=212"}],"curies":[{"name":"wp","href":"https:\/\/api.w.org\/{rel}","templated":true}]}}