{"id":215,"date":"2015-05-19T20:29:54","date_gmt":"2015-05-19T18:29:54","guid":{"rendered":"http:\/\/wp.kristdemokraterna.se\/dalarna\/?page_id=215"},"modified":"2022-06-17T15:11:08","modified_gmt":"2022-06-17T13:11:08","slug":"vansbro","status":"publish","type":"page","link":"https:\/\/wp.kristdemokraterna.se\/dalarna\/kommun\/vansbro\/","title":{"rendered":"Vansbro"},"content":{"rendered":"<h4>LEVANDE LANDSBYGD<\/h4>\n<p>Vi verkar f\u00f6r att det ska g\u00e5 att bo, leva, arbeta och driva f\u00f6retag i kommunen. Attraktiva bost\u00e4der, bra kommunikationer samt rimliga skatter och avgifter.<\/p>\n<h4>GODA UPPV\u00c4XTVILLKOR OCH TRYGGA FAMILJER<\/h4>\n<p>\u00d6kade insatser f\u00f6r barn och ungdomar genom utvecklad elevh\u00e4lsa, breddning av fritidsaktiviteter samt st\u00f6d till f\u00f6r\u00e4ldrar och ideella krafter.<\/p>\n<h4>SKOLAN<\/h4>\n<p>Prioritera k\u00e4rnverksamheter som skola och \u00e4ldreomsorg i budgeten och s\u00e4rskild satsning p\u00e5 f\u00f6rskolan och grundskolan f\u00f6r att ge elever det st\u00f6d de beh\u00f6ver.<\/p>\n<div id=\"attachment_694\" style=\"width: 310px\" class=\"wp-caption alignnone\"><img loading=\"lazy\" decoding=\"async\" aria-describedby=\"caption-attachment-694\" class=\"wp-image-694 size-medium\" src=\"http:\/\/wp.kristdemokraterna.se\/dalarna\/files\/2022\/06\/vansbro-torsten-300x200.jpg\" alt=\"\" width=\"300\" height=\"200\" srcset=\"https:\/\/wp.kristdemokraterna.se\/dalarna\/files\/2022\/06\/vansbro-torsten-300x200.jpg 300w, https:\/\/wp.kristdemokraterna.se\/dalarna\/files\/2022\/06\/vansbro-torsten-540x360.jpg 540w, https:\/\/wp.kristdemokraterna.se\/dalarna\/files\/2022\/06\/vansbro-torsten-768x512.jpg 768w, https:\/\/wp.kristdemokraterna.se\/dalarna\/files\/2022\/06\/vansbro-torsten-1536x1024.jpg 1536w, https:\/\/wp.kristdemokraterna.se\/dalarna\/files\/2022\/06\/vansbro-torsten-2048x1365.jpg 2048w, https:\/\/wp.kristdemokraterna.se\/dalarna\/files\/2022\/06\/vansbro-torsten-370x247.jpg 370w, https:\/\/wp.kristdemokraterna.se\/dalarna\/files\/2022\/06\/vansbro-torsten-770x513.jpg 770w, https:\/\/wp.kristdemokraterna.se\/dalarna\/files\/2022\/06\/vansbro-torsten-450x300.jpg 450w, https:\/\/wp.kristdemokraterna.se\/dalarna\/files\/2022\/06\/vansbro-torsten-280x187.jpg 280w, https:\/\/wp.kristdemokraterna.se\/dalarna\/files\/2022\/06\/vansbro-torsten-340x227.jpg 340w, https:\/\/wp.kristdemokraterna.se\/dalarna\/files\/2022\/06\/vansbro-torsten-200x133.jpg 200w, https:\/\/wp.kristdemokraterna.se\/dalarna\/files\/2022\/06\/vansbro-torsten-84x56.jpg 84w\" sizes=\"auto, (max-width: 300px) 100vw, 300px\" \/><p id=\"caption-attachment-694\" class=\"wp-caption-text\">Torsten Larsson<\/p><\/div>\n<h4>Facebook: <a href=\"https:\/\/www.facebook.com\/kdvansbro\">Kristdemokraterna Vansbro<\/a><\/h4>\n","protected":false},"excerpt":{"rendered":"<p>LEVANDE LANDSBYGD Vi verkar f\u00f6r att det ska g\u00e5 att bo, leva, arbeta och driva f\u00f6retag i kommunen. Attraktiva bost\u00e4der, bra kommunikationer samt rimliga skatter och avgifter. GODA UPPV\u00c4XTVILLKOR OCH TRYGGA FAMILJER \u00d6kade insatser f\u00f6r barn och ungdomar genom utvecklad elevh\u00e4lsa, breddning av fritidsaktiviteter samt st\u00f6d till f\u00f6r\u00e4ldrar och ideella krafter. SKOLAN Prioritera k\u00e4rnverksamheter som <a class=\"read-more-link\" href=\"https:\/\/wp.kristdemokraterna.se\/dalarna\/kommun\/vansbro\/\">Read More<\/a><\/p>\n","protected":false},"author":704,"featured_media":0,"parent":61,"menu_order":8,"comment_status":"closed","ping_status":"closed","template":"","meta":{"_acf_changed":false,"footnotes":""},"class_list":["post-215","page","type-page","status-publish","hentry"],"acf":[],"yoast_head":"<!-- This site is optimized with the Yoast SEO plugin v27.3 - https:\/\/yoast.com\/product\/yoast-seo-wordpress\/ -->\n<title>Vansbro - Kristdemokraterna Dalarna<\/title>\n<meta name=\"robots\" content=\"index, follow, max-snippet:-1, max-image-preview:large, max-video-preview:-1\" \/>\n<link rel=\"canonical\" href=\"https:\/\/wp.kristdemokraterna.se\/dalarna\/kommun\/vansbro\/\" \/>\n<meta property=\"og:locale\" content=\"sv_SE\" \/>\n<meta property=\"og:type\" content=\"article\" \/>\n<meta property=\"og:title\" content=\"Vansbro - Kristdemokraterna Dalarna\" \/>\n<meta property=\"og:description\" content=\"LEVANDE LANDSBYGD Vi verkar f\u00f6r att det ska g\u00e5 att bo, leva, arbeta och driva f\u00f6retag i kommunen. Attraktiva bost\u00e4der, bra kommunikationer samt rimliga skatter och avgifter. GODA UPPV\u00c4XTVILLKOR OCH TRYGGA FAMILJER \u00d6kade insatser f\u00f6r barn och ungdomar genom utvecklad elevh\u00e4lsa, breddning av fritidsaktiviteter samt st\u00f6d till f\u00f6r\u00e4ldrar och ideella krafter. SKOLAN Prioritera k\u00e4rnverksamheter som Read More\" \/>\n<meta property=\"og:url\" content=\"https:\/\/wp.kristdemokraterna.se\/dalarna\/kommun\/vansbro\/\" \/>\n<meta property=\"og:site_name\" content=\"Kristdemokraterna Dalarna\" \/>\n<meta property=\"article:modified_time\" content=\"2022-06-17T13:11:08+00:00\" \/>\n<meta property=\"og:image\" content=\"http:\/\/wp.kristdemokraterna.se\/dalarna\/files\/2022\/06\/vansbro-torsten-300x200.jpg\" \/>\n<meta name=\"twitter:card\" content=\"summary_large_image\" \/>\n<meta name=\"twitter:label1\" content=\"Ber\u00e4knad l\u00e4stid\" \/>\n\t<meta name=\"twitter:data1\" content=\"1 minut\" \/>\n<script type=\"application\/ld+json\" class=\"yoast-schema-graph\">{\"@context\":\"https:\\\/\\\/schema.org\",\"@graph\":[{\"@type\":\"WebPage\",\"@id\":\"https:\\\/\\\/wp.kristdemokraterna.se\\\/dalarna\\\/kommun\\\/vansbro\\\/\",\"url\":\"https:\\\/\\\/wp.kristdemokraterna.se\\\/dalarna\\\/kommun\\\/vansbro\\\/\",\"name\":\"Vansbro - Kristdemokraterna Dalarna\",\"isPartOf\":{\"@id\":\"https:\\\/\\\/wp.kristdemokraterna.se\\\/dalarna\\\/#website\"},\"primaryImageOfPage\":{\"@id\":\"https:\\\/\\\/wp.kristdemokraterna.se\\\/dalarna\\\/kommun\\\/vansbro\\\/#primaryimage\"},\"image\":{\"@id\":\"https:\\\/\\\/wp.kristdemokraterna.se\\\/dalarna\\\/kommun\\\/vansbro\\\/#primaryimage\"},\"thumbnailUrl\":\"http:\\\/\\\/wp.kristdemokraterna.se\\\/dalarna\\\/files\\\/2022\\\/06\\\/vansbro-torsten-300x200.jpg\",\"datePublished\":\"2015-05-19T18:29:54+00:00\",\"dateModified\":\"2022-06-17T13:11:08+00:00\",\"breadcrumb\":{\"@id\":\"https:\\\/\\\/wp.kristdemokraterna.se\\\/dalarna\\\/kommun\\\/vansbro\\\/#breadcrumb\"},\"inLanguage\":\"sv-SE\",\"potentialAction\":[{\"@type\":\"ReadAction\",\"target\":[\"https:\\\/\\\/wp.kristdemokraterna.se\\\/dalarna\\\/kommun\\\/vansbro\\\/\"]}]},{\"@type\":\"ImageObject\",\"inLanguage\":\"sv-SE\",\"@id\":\"https:\\\/\\\/wp.kristdemokraterna.se\\\/dalarna\\\/kommun\\\/vansbro\\\/#primaryimage\",\"url\":\"http:\\\/\\\/wp.kristdemokraterna.se\\\/dalarna\\\/files\\\/2022\\\/06\\\/vansbro-torsten-300x200.jpg\",\"contentUrl\":\"http:\\\/\\\/wp.kristdemokraterna.se\\\/dalarna\\\/files\\\/2022\\\/06\\\/vansbro-torsten-300x200.jpg\"},{\"@type\":\"BreadcrumbList\",\"@id\":\"https:\\\/\\\/wp.kristdemokraterna.se\\\/dalarna\\\/kommun\\\/vansbro\\\/#breadcrumb\",\"itemListElement\":[{\"@type\":\"ListItem\",\"position\":1,\"name\":\"Hem\",\"item\":\"https:\\\/\\\/wp.kristdemokraterna.se\\\/dalarna\\\/\"},{\"@type\":\"ListItem\",\"position\":2,\"name\":\"Kommun\",\"item\":\"https:\\\/\\\/wp.kristdemokraterna.se\\\/dalarna\\\/kommun\\\/\"},{\"@type\":\"ListItem\",\"position\":3,\"name\":\"Vansbro\"}]},{\"@type\":\"WebSite\",\"@id\":\"https:\\\/\\\/wp.kristdemokraterna.se\\\/dalarna\\\/#website\",\"url\":\"https:\\\/\\\/wp.kristdemokraterna.se\\\/dalarna\\\/\",\"name\":\"Kristdemokraterna Dalarna\",\"description\":\"\",\"publisher\":{\"@id\":\"https:\\\/\\\/wp.kristdemokraterna.se\\\/dalarna\\\/#organization\"},\"inLanguage\":\"sv-SE\"},{\"@type\":\"Organization\",\"@id\":\"https:\\\/\\\/wp.kristdemokraterna.se\\\/dalarna\\\/#organization\",\"name\":\"Kristdemokraterna Dalarna\",\"url\":\"https:\\\/\\\/wp.kristdemokraterna.se\\\/dalarna\\\/\",\"logo\":{\"@type\":\"ImageObject\",\"inLanguage\":\"sv-SE\",\"@id\":\"https:\\\/\\\/wp.kristdemokraterna.se\\\/dalarna\\\/#\\\/schema\\\/logo\\\/image\\\/\",\"url\":\"https:\\\/\\\/wp.kristdemokraterna.se\\\/dalarna\\\/files\\\/2022\\\/08\\\/dalarna-sida-bla-300dpi.png\",\"contentUrl\":\"https:\\\/\\\/wp.kristdemokraterna.se\\\/dalarna\\\/files\\\/2022\\\/08\\\/dalarna-sida-bla-300dpi.png\",\"width\":1477,\"height\":681,\"caption\":\"Kristdemokraterna Dalarna\"},\"image\":{\"@id\":\"https:\\\/\\\/wp.kristdemokraterna.se\\\/dalarna\\\/#\\\/schema\\\/logo\\\/image\\\/\"}}]}<\/script>\n<!-- \/ Yoast SEO plugin. -->","yoast_head_json":{"title":"Vansbro - Kristdemokraterna Dalarna","robots":{"index":"index","follow":"follow","max-snippet":"max-snippet:-1","max-image-preview":"max-image-preview:large","max-video-preview":"max-video-preview:-1"},"canonical":"https:\/\/wp.kristdemokraterna.se\/dalarna\/kommun\/vansbro\/","og_locale":"sv_SE","og_type":"article","og_title":"Vansbro - Kristdemokraterna Dalarna","og_description":"LEVANDE LANDSBYGD Vi verkar f\u00f6r att det ska g\u00e5 att bo, leva, arbeta och driva f\u00f6retag i kommunen. Attraktiva bost\u00e4der, bra kommunikationer samt rimliga skatter och avgifter. GODA UPPV\u00c4XTVILLKOR OCH TRYGGA FAMILJER \u00d6kade insatser f\u00f6r barn och ungdomar genom utvecklad elevh\u00e4lsa, breddning av fritidsaktiviteter samt st\u00f6d till f\u00f6r\u00e4ldrar och ideella krafter. SKOLAN Prioritera k\u00e4rnverksamheter som Read More","og_url":"https:\/\/wp.kristdemokraterna.se\/dalarna\/kommun\/vansbro\/","og_site_name":"Kristdemokraterna Dalarna","article_modified_time":"2022-06-17T13:11:08+00:00","og_image":[{"url":"http:\/\/wp.kristdemokraterna.se\/dalarna\/files\/2022\/06\/vansbro-torsten-300x200.jpg","type":"","width":"","height":""}],"twitter_card":"summary_large_image","twitter_misc":{"Ber\u00e4knad l\u00e4stid":"1 minut"},"schema":{"@context":"https:\/\/schema.org","@graph":[{"@type":"WebPage","@id":"https:\/\/wp.kristdemokraterna.se\/dalarna\/kommun\/vansbro\/","url":"https:\/\/wp.kristdemokraterna.se\/dalarna\/kommun\/vansbro\/","name":"Vansbro - Kristdemokraterna Dalarna","isPartOf":{"@id":"https:\/\/wp.kristdemokraterna.se\/dalarna\/#website"},"primaryImageOfPage":{"@id":"https:\/\/wp.kristdemokraterna.se\/dalarna\/kommun\/vansbro\/#primaryimage"},"image":{"@id":"https:\/\/wp.kristdemokraterna.se\/dalarna\/kommun\/vansbro\/#primaryimage"},"thumbnailUrl":"http:\/\/wp.kristdemokraterna.se\/dalarna\/files\/2022\/06\/vansbro-torsten-300x200.jpg","datePublished":"2015-05-19T18:29:54+00:00","dateModified":"2022-06-17T13:11:08+00:00","breadcrumb":{"@id":"https:\/\/wp.kristdemokraterna.se\/dalarna\/kommun\/vansbro\/#breadcrumb"},"inLanguage":"sv-SE","potentialAction":[{"@type":"ReadAction","target":["https:\/\/wp.kristdemokraterna.se\/dalarna\/kommun\/vansbro\/"]}]},{"@type":"ImageObject","inLanguage":"sv-SE","@id":"https:\/\/wp.kristdemokraterna.se\/dalarna\/kommun\/vansbro\/#primaryimage","url":"http:\/\/wp.kristdemokraterna.se\/dalarna\/files\/2022\/06\/vansbro-torsten-300x200.jpg","contentUrl":"http:\/\/wp.kristdemokraterna.se\/dalarna\/files\/2022\/06\/vansbro-torsten-300x200.jpg"},{"@type":"BreadcrumbList","@id":"https:\/\/wp.kristdemokraterna.se\/dalarna\/kommun\/vansbro\/#breadcrumb","itemListElement":[{"@type":"ListItem","position":1,"name":"Hem","item":"https:\/\/wp.kristdemokraterna.se\/dalarna\/"},{"@type":"ListItem","position":2,"name":"Kommun","item":"https:\/\/wp.kristdemokraterna.se\/dalarna\/kommun\/"},{"@type":"ListItem","position":3,"name":"Vansbro"}]},{"@type":"WebSite","@id":"https:\/\/wp.kristdemokraterna.se\/dalarna\/#website","url":"https:\/\/wp.kristdemokraterna.se\/dalarna\/","name":"Kristdemokraterna Dalarna","description":"","publisher":{"@id":"https:\/\/wp.kristdemokraterna.se\/dalarna\/#organization"},"inLanguage":"sv-SE"},{"@type":"Organization","@id":"https:\/\/wp.kristdemokraterna.se\/dalarna\/#organization","name":"Kristdemokraterna Dalarna","url":"https:\/\/wp.kristdemokraterna.se\/dalarna\/","logo":{"@type":"ImageObject","inLanguage":"sv-SE","@id":"https:\/\/wp.kristdemokraterna.se\/dalarna\/#\/schema\/logo\/image\/","url":"https:\/\/wp.kristdemokraterna.se\/dalarna\/files\/2022\/08\/dalarna-sida-bla-300dpi.png","contentUrl":"https:\/\/wp.kristdemokraterna.se\/dalarna\/files\/2022\/08\/dalarna-sida-bla-300dpi.png","width":1477,"height":681,"caption":"Kristdemokraterna Dalarna"},"image":{"@id":"https:\/\/wp.kristdemokraterna.se\/dalarna\/#\/schema\/logo\/image\/"}}]}},"_links":{"self":[{"href":"https:\/\/wp.kristdemokraterna.se\/dalarna\/wp-json\/wp\/v2\/pages\/215","targetHints":{"allow":["GET"]}}],"collection":[{"href":"https:\/\/wp.kristdemokraterna.se\/dalarna\/wp-json\/wp\/v2\/pages"}],"about":[{"href":"https:\/\/wp.kristdemokraterna.se\/dalarna\/wp-json\/wp\/v2\/types\/page"}],"author":[{"embeddable":true,"href":"https:\/\/wp.kristdemokraterna.se\/dalarna\/wp-json\/wp\/v2\/users\/704"}],"replies":[{"embeddable":true,"href":"https:\/\/wp.kristdemokraterna.se\/dalarna\/wp-json\/wp\/v2\/comments?post=215"}],"version-history":[{"count":4,"href":"https:\/\/wp.kristdemokraterna.se\/dalarna\/wp-json\/wp\/v2\/pages\/215\/revisions"}],"predecessor-version":[{"id":696,"href":"https:\/\/wp.kristdemokraterna.se\/dalarna\/wp-json\/wp\/v2\/pages\/215\/revisions\/696"}],"up":[{"embeddable":true,"href":"https:\/\/wp.kristdemokraterna.se\/dalarna\/wp-json\/wp\/v2\/pages\/61"}],"wp:attachment":[{"href":"https:\/\/wp.kristdemokraterna.se\/dalarna\/wp-json\/wp\/v2\/media?parent=215"}],"curies":[{"name":"wp","href":"https:\/\/api.w.org\/{rel}","templated":true}]}}