{"id":218,"date":"2015-05-19T20:35:20","date_gmt":"2015-05-19T18:35:20","guid":{"rendered":"http:\/\/wp.kristdemokraterna.se\/dalarna\/?page_id=218"},"modified":"2022-06-17T15:04:13","modified_gmt":"2022-06-17T13:04:13","slug":"sater","status":"publish","type":"page","link":"https:\/\/wp.kristdemokraterna.se\/dalarna\/kommun\/sater\/","title":{"rendered":"S\u00e4ter"},"content":{"rendered":"<h2>S\u00e4ter kan b\u00e4ttre!<\/h2>\n<ul>\n<li>En skola med h\u00f6g kvalitet och en resursskola f\u00f6r elever med extra behov. Ingen ska h\u00e5llas<br \/>\ntillbaka och ingen ska l\u00e4mnas efter.<\/li>\n<li>Bygg strandn\u00e4ra seniorboenden 55+ och sm\u00e5, energisn\u00e5la f\u00f6rsta boenden f\u00f6r ungdomar i alla<br \/>\nkommundelar.<\/li>\n<li>En f\u00f6retagsv\u00e4nlig kommun d\u00e4r n\u00e4ringslivskontorets uppdrag tydligg\u00f6rs f\u00f6r ett b\u00e4ttre st\u00f6d till<br \/>\nf\u00f6retagen!<\/li>\n<\/ul>\n<h4>Facebook: <a href=\"https:\/\/www.facebook.com\/kdsater\">Kristdemokraterna S\u00e4ter<\/a><\/h4>\n","protected":false},"excerpt":{"rendered":"<p>S\u00e4ter kan b\u00e4ttre! En skola med h\u00f6g kvalitet och en resursskola f\u00f6r elever med extra behov. Ingen ska h\u00e5llas tillbaka och ingen ska l\u00e4mnas efter. Bygg strandn\u00e4ra seniorboenden 55+ och sm\u00e5, energisn\u00e5la f\u00f6rsta boenden f\u00f6r ungdomar i alla kommundelar. En f\u00f6retagsv\u00e4nlig kommun d\u00e4r n\u00e4ringslivskontorets uppdrag tydligg\u00f6rs f\u00f6r ett b\u00e4ttre st\u00f6d till f\u00f6retagen! Facebook: Kristdemokraterna S\u00e4ter<\/p>\n","protected":false},"author":704,"featured_media":0,"parent":61,"menu_order":7,"comment_status":"closed","ping_status":"closed","template":"","meta":{"_acf_changed":false,"footnotes":""},"class_list":["post-218","page","type-page","status-publish","hentry"],"acf":[],"yoast_head":"<!-- This site is optimized with the Yoast SEO plugin v27.3 - https:\/\/yoast.com\/product\/yoast-seo-wordpress\/ -->\n<title>S\u00e4ter - Kristdemokraterna Dalarna<\/title>\n<meta name=\"robots\" content=\"index, follow, max-snippet:-1, max-image-preview:large, max-video-preview:-1\" \/>\n<link rel=\"canonical\" href=\"https:\/\/wp.kristdemokraterna.se\/dalarna\/kommun\/sater\/\" \/>\n<meta property=\"og:locale\" content=\"sv_SE\" \/>\n<meta property=\"og:type\" content=\"article\" \/>\n<meta property=\"og:title\" content=\"S\u00e4ter - Kristdemokraterna Dalarna\" \/>\n<meta property=\"og:description\" content=\"S\u00e4ter kan b\u00e4ttre! En skola med h\u00f6g kvalitet och en resursskola f\u00f6r elever med extra behov. Ingen ska h\u00e5llas tillbaka och ingen ska l\u00e4mnas efter. Bygg strandn\u00e4ra seniorboenden 55+ och sm\u00e5, energisn\u00e5la f\u00f6rsta boenden f\u00f6r ungdomar i alla kommundelar. En f\u00f6retagsv\u00e4nlig kommun d\u00e4r n\u00e4ringslivskontorets uppdrag tydligg\u00f6rs f\u00f6r ett b\u00e4ttre st\u00f6d till f\u00f6retagen! Facebook: Kristdemokraterna S\u00e4ter\" \/>\n<meta property=\"og:url\" content=\"https:\/\/wp.kristdemokraterna.se\/dalarna\/kommun\/sater\/\" \/>\n<meta property=\"og:site_name\" content=\"Kristdemokraterna Dalarna\" \/>\n<meta property=\"article:modified_time\" content=\"2022-06-17T13:04:13+00:00\" \/>\n<meta name=\"twitter:card\" content=\"summary_large_image\" \/>\n<script type=\"application\/ld+json\" class=\"yoast-schema-graph\">{\"@context\":\"https:\\\/\\\/schema.org\",\"@graph\":[{\"@type\":\"WebPage\",\"@id\":\"https:\\\/\\\/wp.kristdemokraterna.se\\\/dalarna\\\/kommun\\\/sater\\\/\",\"url\":\"https:\\\/\\\/wp.kristdemokraterna.se\\\/dalarna\\\/kommun\\\/sater\\\/\",\"name\":\"S\u00e4ter - Kristdemokraterna Dalarna\",\"isPartOf\":{\"@id\":\"https:\\\/\\\/wp.kristdemokraterna.se\\\/dalarna\\\/#website\"},\"datePublished\":\"2015-05-19T18:35:20+00:00\",\"dateModified\":\"2022-06-17T13:04:13+00:00\",\"breadcrumb\":{\"@id\":\"https:\\\/\\\/wp.kristdemokraterna.se\\\/dalarna\\\/kommun\\\/sater\\\/#breadcrumb\"},\"inLanguage\":\"sv-SE\",\"potentialAction\":[{\"@type\":\"ReadAction\",\"target\":[\"https:\\\/\\\/wp.kristdemokraterna.se\\\/dalarna\\\/kommun\\\/sater\\\/\"]}]},{\"@type\":\"BreadcrumbList\",\"@id\":\"https:\\\/\\\/wp.kristdemokraterna.se\\\/dalarna\\\/kommun\\\/sater\\\/#breadcrumb\",\"itemListElement\":[{\"@type\":\"ListItem\",\"position\":1,\"name\":\"Hem\",\"item\":\"https:\\\/\\\/wp.kristdemokraterna.se\\\/dalarna\\\/\"},{\"@type\":\"ListItem\",\"position\":2,\"name\":\"Kommun\",\"item\":\"https:\\\/\\\/wp.kristdemokraterna.se\\\/dalarna\\\/kommun\\\/\"},{\"@type\":\"ListItem\",\"position\":3,\"name\":\"S\u00e4ter\"}]},{\"@type\":\"WebSite\",\"@id\":\"https:\\\/\\\/wp.kristdemokraterna.se\\\/dalarna\\\/#website\",\"url\":\"https:\\\/\\\/wp.kristdemokraterna.se\\\/dalarna\\\/\",\"name\":\"Kristdemokraterna Dalarna\",\"description\":\"\",\"publisher\":{\"@id\":\"https:\\\/\\\/wp.kristdemokraterna.se\\\/dalarna\\\/#organization\"},\"inLanguage\":\"sv-SE\"},{\"@type\":\"Organization\",\"@id\":\"https:\\\/\\\/wp.kristdemokraterna.se\\\/dalarna\\\/#organization\",\"name\":\"Kristdemokraterna Dalarna\",\"url\":\"https:\\\/\\\/wp.kristdemokraterna.se\\\/dalarna\\\/\",\"logo\":{\"@type\":\"ImageObject\",\"inLanguage\":\"sv-SE\",\"@id\":\"https:\\\/\\\/wp.kristdemokraterna.se\\\/dalarna\\\/#\\\/schema\\\/logo\\\/image\\\/\",\"url\":\"https:\\\/\\\/wp.kristdemokraterna.se\\\/dalarna\\\/files\\\/2022\\\/08\\\/dalarna-sida-bla-300dpi.png\",\"contentUrl\":\"https:\\\/\\\/wp.kristdemokraterna.se\\\/dalarna\\\/files\\\/2022\\\/08\\\/dalarna-sida-bla-300dpi.png\",\"width\":1477,\"height\":681,\"caption\":\"Kristdemokraterna Dalarna\"},\"image\":{\"@id\":\"https:\\\/\\\/wp.kristdemokraterna.se\\\/dalarna\\\/#\\\/schema\\\/logo\\\/image\\\/\"}}]}<\/script>\n<!-- \/ Yoast SEO plugin. -->","yoast_head_json":{"title":"S\u00e4ter - Kristdemokraterna Dalarna","robots":{"index":"index","follow":"follow","max-snippet":"max-snippet:-1","max-image-preview":"max-image-preview:large","max-video-preview":"max-video-preview:-1"},"canonical":"https:\/\/wp.kristdemokraterna.se\/dalarna\/kommun\/sater\/","og_locale":"sv_SE","og_type":"article","og_title":"S\u00e4ter - Kristdemokraterna Dalarna","og_description":"S\u00e4ter kan b\u00e4ttre! En skola med h\u00f6g kvalitet och en resursskola f\u00f6r elever med extra behov. Ingen ska h\u00e5llas tillbaka och ingen ska l\u00e4mnas efter. Bygg strandn\u00e4ra seniorboenden 55+ och sm\u00e5, energisn\u00e5la f\u00f6rsta boenden f\u00f6r ungdomar i alla kommundelar. En f\u00f6retagsv\u00e4nlig kommun d\u00e4r n\u00e4ringslivskontorets uppdrag tydligg\u00f6rs f\u00f6r ett b\u00e4ttre st\u00f6d till f\u00f6retagen! Facebook: Kristdemokraterna S\u00e4ter","og_url":"https:\/\/wp.kristdemokraterna.se\/dalarna\/kommun\/sater\/","og_site_name":"Kristdemokraterna Dalarna","article_modified_time":"2022-06-17T13:04:13+00:00","twitter_card":"summary_large_image","schema":{"@context":"https:\/\/schema.org","@graph":[{"@type":"WebPage","@id":"https:\/\/wp.kristdemokraterna.se\/dalarna\/kommun\/sater\/","url":"https:\/\/wp.kristdemokraterna.se\/dalarna\/kommun\/sater\/","name":"S\u00e4ter - Kristdemokraterna Dalarna","isPartOf":{"@id":"https:\/\/wp.kristdemokraterna.se\/dalarna\/#website"},"datePublished":"2015-05-19T18:35:20+00:00","dateModified":"2022-06-17T13:04:13+00:00","breadcrumb":{"@id":"https:\/\/wp.kristdemokraterna.se\/dalarna\/kommun\/sater\/#breadcrumb"},"inLanguage":"sv-SE","potentialAction":[{"@type":"ReadAction","target":["https:\/\/wp.kristdemokraterna.se\/dalarna\/kommun\/sater\/"]}]},{"@type":"BreadcrumbList","@id":"https:\/\/wp.kristdemokraterna.se\/dalarna\/kommun\/sater\/#breadcrumb","itemListElement":[{"@type":"ListItem","position":1,"name":"Hem","item":"https:\/\/wp.kristdemokraterna.se\/dalarna\/"},{"@type":"ListItem","position":2,"name":"Kommun","item":"https:\/\/wp.kristdemokraterna.se\/dalarna\/kommun\/"},{"@type":"ListItem","position":3,"name":"S\u00e4ter"}]},{"@type":"WebSite","@id":"https:\/\/wp.kristdemokraterna.se\/dalarna\/#website","url":"https:\/\/wp.kristdemokraterna.se\/dalarna\/","name":"Kristdemokraterna Dalarna","description":"","publisher":{"@id":"https:\/\/wp.kristdemokraterna.se\/dalarna\/#organization"},"inLanguage":"sv-SE"},{"@type":"Organization","@id":"https:\/\/wp.kristdemokraterna.se\/dalarna\/#organization","name":"Kristdemokraterna Dalarna","url":"https:\/\/wp.kristdemokraterna.se\/dalarna\/","logo":{"@type":"ImageObject","inLanguage":"sv-SE","@id":"https:\/\/wp.kristdemokraterna.se\/dalarna\/#\/schema\/logo\/image\/","url":"https:\/\/wp.kristdemokraterna.se\/dalarna\/files\/2022\/08\/dalarna-sida-bla-300dpi.png","contentUrl":"https:\/\/wp.kristdemokraterna.se\/dalarna\/files\/2022\/08\/dalarna-sida-bla-300dpi.png","width":1477,"height":681,"caption":"Kristdemokraterna Dalarna"},"image":{"@id":"https:\/\/wp.kristdemokraterna.se\/dalarna\/#\/schema\/logo\/image\/"}}]}},"_links":{"self":[{"href":"https:\/\/wp.kristdemokraterna.se\/dalarna\/wp-json\/wp\/v2\/pages\/218","targetHints":{"allow":["GET"]}}],"collection":[{"href":"https:\/\/wp.kristdemokraterna.se\/dalarna\/wp-json\/wp\/v2\/pages"}],"about":[{"href":"https:\/\/wp.kristdemokraterna.se\/dalarna\/wp-json\/wp\/v2\/types\/page"}],"author":[{"embeddable":true,"href":"https:\/\/wp.kristdemokraterna.se\/dalarna\/wp-json\/wp\/v2\/users\/704"}],"replies":[{"embeddable":true,"href":"https:\/\/wp.kristdemokraterna.se\/dalarna\/wp-json\/wp\/v2\/comments?post=218"}],"version-history":[{"count":3,"href":"https:\/\/wp.kristdemokraterna.se\/dalarna\/wp-json\/wp\/v2\/pages\/218\/revisions"}],"predecessor-version":[{"id":692,"href":"https:\/\/wp.kristdemokraterna.se\/dalarna\/wp-json\/wp\/v2\/pages\/218\/revisions\/692"}],"up":[{"embeddable":true,"href":"https:\/\/wp.kristdemokraterna.se\/dalarna\/wp-json\/wp\/v2\/pages\/61"}],"wp:attachment":[{"href":"https:\/\/wp.kristdemokraterna.se\/dalarna\/wp-json\/wp\/v2\/media?parent=218"}],"curies":[{"name":"wp","href":"https:\/\/api.w.org\/{rel}","templated":true}]}}