{"id":706,"date":"2022-06-17T15:34:08","date_gmt":"2022-06-17T13:34:08","guid":{"rendered":"https:\/\/wp.kristdemokraterna.se\/dalarna\/?page_id=706"},"modified":"2022-06-17T15:35:05","modified_gmt":"2022-06-17T13:35:05","slug":"ludvika","status":"publish","type":"page","link":"https:\/\/wp.kristdemokraterna.se\/dalarna\/kommun\/ludvika\/","title":{"rendered":"Ludvika"},"content":{"rendered":"<h2>Ett \u00e4nnu b\u00e4ttre Ludvika<\/h2>\n<h4>En stabil ekonomi utan skatteh\u00f6jningar<\/h4>\n<p>Kommunen ska drivas med h\u00f6g effektivitet och ett gott f\u00f6rvaltarskap d\u00e4r k\u00e4rnverksamheterna prioriteras. Skatten ska vara s\u00e5 l\u00e5g som m\u00f6jligt och s\u00e5 h\u00f6g som n\u00f6dv\u00e4ndigt. Styrning och uppf\u00f6ljning av sambandet mellan resurser, prestationer, resultat och effekter i verksamheterna ska \u00e5terkommande utv\u00e4rderas. P\u00e5 omr\u00e5den d\u00e4r kommunen ligger \u00f6ver genomsnittet i kostnad ska en djupare analys genomf\u00f6ras.<\/p>\n<h4>\u00d6kad valfrihet i \u00e4ldreomsorgen<\/h4>\n<p>\u00c4ldreomsorgen ska pr\u00e4glas av trygghet, v\u00e4rdighet och delaktighet. V\u00e5r utg\u00e5ngspunkt \u00e4r att varje person b\u00e4st k\u00e4nner sina egna behov och att m\u00f6jligheten till inflytande och valfrihet d\u00e4rf\u00f6r ska vara stort. Varje person som fyllt 85 \u00e5r ska utan bist\u00e5ndsbed\u00f6mning om s\u00e5 \u00f6nskas garanteras plats i anpassat boende, som exempelvis trygghetsboende. S\u00e4rskilt boende b\u00f6r \u00e5ter erbjudas i Fredriksberg.<\/p>\n<h4>Bra f\u00f6retagsklimat f\u00f6r tillv\u00e4xt<\/h4>\n<p>Kommunens service till f\u00f6retagen ska tydligg\u00f6ras genom att det inf\u00f6rs servicegarantier, med tydliga besked om vilka effekter det blir f\u00f6r kommunen om garantin inte uppfylls. F\u00f6retagslotsar ska inf\u00f6ras f\u00f6r att tydligg\u00f6ra vem som ansvarar f\u00f6r n\u00e4ringslivsfr\u00e5gorna i kommunen och f\u00f6r att \u00e4renden ska kunna f\u00e5 en snabb och s\u00e4ker hantering.<\/p>\n<h4>V\u00e4rna v\u00e5ra fina sj\u00f6ar och tj\u00e4rnar<\/h4>\n<p>Ludvikas ovanligt fina l\u00e4ge med sj\u00f6ar och tj\u00e4rnar mitt i stan ska v\u00e4rnas och utvecklas. Tj\u00e4rnarna ska sk\u00f6tas om v\u00e4l och strandpromenader i gott skick finnas tillg\u00e4ngliga f\u00f6r allm\u00e4nheten. Ludvika kommun b\u00f6r jobba h\u00e5rt f\u00f6r att planl\u00e4gga fler tomter f\u00f6r sj\u00f6n\u00e4ra byggande och ta fighten n\u00e4r l\u00e4nsstyrelsen blockerar utvecklingen h\u00e4r.<\/p>\n<h4>En bra start f\u00f6r de sm\u00e5<\/h4>\n<p>F\u00f6rskolan i Ludvika kommun ska vara flexibel till sin karakt\u00e4r och m\u00f6ta varje enskilt barns behov med omsorg och stimulans utifr\u00e5n det pedagogiska uppdraget. Barnet ska p\u00e5 ett positivt s\u00e4tt f\u00f6rberedas inf\u00f6r det livsl\u00e5nga l\u00e4randet. Barnen i f\u00f6rskolan skall ges m\u00f6jlighet att ta del av kulturutbudet i n\u00e4romr\u00e5det. Vid val av f\u00f6rskola ska stor valfrihet finnas mellan en m\u00e5ngfald av alternativa utf\u00f6rare. Grupperna ska minskas s\u00e5 att barn som \u00e4r tre \u00e5r och yngre inte ska tillh\u00f6ra grupper st\u00f6rre \u00e4n tolv barn. F\u00f6rskolan har \u00e4ven en alldeles s\u00e4rskild uppgift att fylla f\u00f6r barn som av olika anledningar inte f\u00e5tt sina behov tillgodosedda. S\u00e4rskilt pedagogiskt st\u00f6d ska ges f\u00f6r god utveckling av tal, spr\u00e5k och kommunikation. Spr\u00e5kf\u00f6rskola skall erbjudas barn som beh\u00f6ver det.<\/p>\n<h4>Engelskspr\u00e5kig skola i Ludvika<\/h4>\n<p>I en liten exportberoende kommun som Ludvika \u00e4r det av yttersta vikt att vi kan erbjuda internationell skolg\u00e5ng, b\u00e5de f\u00f6r barn till hitflyttade experter fr\u00e5n utlandet och f\u00f6r att ge de elever h\u00e4rifr\u00e5n som vill v\u00e4lja detta f\u00f6r att f\u00e5 en bra start i en globaliserad v\u00e4rld. D\u00e4rf\u00f6r b\u00f6r internationell skolg\u00e5ng erbjudas i Ludvika, antingen om en friskola vill etablera sig h\u00e4r eller i kommunal regi.<\/p>\n<div id=\"attachment_707\" style=\"width: 310px\" class=\"wp-caption alignnone\"><img loading=\"lazy\" decoding=\"async\" aria-describedby=\"caption-attachment-707\" class=\"wp-image-707 size-medium\" src=\"http:\/\/wp.kristdemokraterna.se\/dalarna\/files\/2022\/06\/ludvika-jonas-300x225.jpg\" alt=\"\" width=\"300\" height=\"225\" srcset=\"https:\/\/wp.kristdemokraterna.se\/dalarna\/files\/2022\/06\/ludvika-jonas-300x225.jpg 300w, https:\/\/wp.kristdemokraterna.se\/dalarna\/files\/2022\/06\/ludvika-jonas-540x405.jpg 540w, https:\/\/wp.kristdemokraterna.se\/dalarna\/files\/2022\/06\/ludvika-jonas-768x576.jpg 768w, https:\/\/wp.kristdemokraterna.se\/dalarna\/files\/2022\/06\/ludvika-jonas-1536x1152.jpg 1536w, https:\/\/wp.kristdemokraterna.se\/dalarna\/files\/2022\/06\/ludvika-jonas-2048x1536.jpg 2048w, https:\/\/wp.kristdemokraterna.se\/dalarna\/files\/2022\/06\/ludvika-jonas-267x200.jpg 267w, https:\/\/wp.kristdemokraterna.se\/dalarna\/files\/2022\/06\/ludvika-jonas-370x277.jpg 370w, https:\/\/wp.kristdemokraterna.se\/dalarna\/files\/2022\/06\/ludvika-jonas-770x577.jpg 770w, https:\/\/wp.kristdemokraterna.se\/dalarna\/files\/2022\/06\/ludvika-jonas-450x337.jpg 450w, https:\/\/wp.kristdemokraterna.se\/dalarna\/files\/2022\/06\/ludvika-jonas-280x210.jpg 280w, https:\/\/wp.kristdemokraterna.se\/dalarna\/files\/2022\/06\/ludvika-jonas-340x255.jpg 340w, https:\/\/wp.kristdemokraterna.se\/dalarna\/files\/2022\/06\/ludvika-jonas-200x150.jpg 200w, https:\/\/wp.kristdemokraterna.se\/dalarna\/files\/2022\/06\/ludvika-jonas-75x56.jpg 75w\" sizes=\"auto, (max-width: 300px) 100vw, 300px\" \/><p id=\"caption-attachment-707\" class=\"wp-caption-text\">Jonas Wide<\/p><\/div>\n<div id=\"attachment_708\" style=\"width: 310px\" class=\"wp-caption alignnone\"><img loading=\"lazy\" decoding=\"async\" aria-describedby=\"caption-attachment-708\" class=\"wp-image-708 size-medium\" src=\"http:\/\/wp.kristdemokraterna.se\/dalarna\/files\/2022\/06\/ludvika-therese-300x225.jpg\" alt=\"\" width=\"300\" height=\"225\" srcset=\"https:\/\/wp.kristdemokraterna.se\/dalarna\/files\/2022\/06\/ludvika-therese-300x225.jpg 300w, https:\/\/wp.kristdemokraterna.se\/dalarna\/files\/2022\/06\/ludvika-therese-540x405.jpg 540w, https:\/\/wp.kristdemokraterna.se\/dalarna\/files\/2022\/06\/ludvika-therese-768x576.jpg 768w, https:\/\/wp.kristdemokraterna.se\/dalarna\/files\/2022\/06\/ludvika-therese-1536x1152.jpg 1536w, https:\/\/wp.kristdemokraterna.se\/dalarna\/files\/2022\/06\/ludvika-therese-2048x1536.jpg 2048w, https:\/\/wp.kristdemokraterna.se\/dalarna\/files\/2022\/06\/ludvika-therese-267x200.jpg 267w, https:\/\/wp.kristdemokraterna.se\/dalarna\/files\/2022\/06\/ludvika-therese-370x278.jpg 370w, https:\/\/wp.kristdemokraterna.se\/dalarna\/files\/2022\/06\/ludvika-therese-770x578.jpg 770w, https:\/\/wp.kristdemokraterna.se\/dalarna\/files\/2022\/06\/ludvika-therese-450x338.jpg 450w, https:\/\/wp.kristdemokraterna.se\/dalarna\/files\/2022\/06\/ludvika-therese-280x210.jpg 280w, https:\/\/wp.kristdemokraterna.se\/dalarna\/files\/2022\/06\/ludvika-therese-340x255.jpg 340w, https:\/\/wp.kristdemokraterna.se\/dalarna\/files\/2022\/06\/ludvika-therese-200x150.jpg 200w, https:\/\/wp.kristdemokraterna.se\/dalarna\/files\/2022\/06\/ludvika-therese-75x56.jpg 75w\" sizes=\"auto, (max-width: 300px) 100vw, 300px\" \/><p id=\"caption-attachment-708\" class=\"wp-caption-text\">Therese Lindberg<\/p><\/div>\n<div id=\"attachment_709\" style=\"width: 324px\" class=\"wp-caption alignnone\"><img loading=\"lazy\" decoding=\"async\" aria-describedby=\"caption-attachment-709\" class=\"wp-image-709\" src=\"http:\/\/wp.kristdemokraterna.se\/dalarna\/files\/2022\/06\/ludvika-a-c-300x215.jpg\" alt=\"\" width=\"314\" height=\"225\" srcset=\"https:\/\/wp.kristdemokraterna.se\/dalarna\/files\/2022\/06\/ludvika-a-c-300x215.jpg 300w, https:\/\/wp.kristdemokraterna.se\/dalarna\/files\/2022\/06\/ludvika-a-c-540x387.jpg 540w, https:\/\/wp.kristdemokraterna.se\/dalarna\/files\/2022\/06\/ludvika-a-c-768x551.jpg 768w, https:\/\/wp.kristdemokraterna.se\/dalarna\/files\/2022\/06\/ludvika-a-c-1536x1102.jpg 1536w, https:\/\/wp.kristdemokraterna.se\/dalarna\/files\/2022\/06\/ludvika-a-c-2048x1469.jpg 2048w, https:\/\/wp.kristdemokraterna.se\/dalarna\/files\/2022\/06\/ludvika-a-c-279x200.jpg 279w, https:\/\/wp.kristdemokraterna.se\/dalarna\/files\/2022\/06\/ludvika-a-c-370x265.jpg 370w, https:\/\/wp.kristdemokraterna.se\/dalarna\/files\/2022\/06\/ludvika-a-c-770x552.jpg 770w, https:\/\/wp.kristdemokraterna.se\/dalarna\/files\/2022\/06\/ludvika-a-c-450x323.jpg 450w, https:\/\/wp.kristdemokraterna.se\/dalarna\/files\/2022\/06\/ludvika-a-c-280x201.jpg 280w, https:\/\/wp.kristdemokraterna.se\/dalarna\/files\/2022\/06\/ludvika-a-c-340x244.jpg 340w, https:\/\/wp.kristdemokraterna.se\/dalarna\/files\/2022\/06\/ludvika-a-c-200x143.jpg 200w, https:\/\/wp.kristdemokraterna.se\/dalarna\/files\/2022\/06\/ludvika-a-c-78x56.jpg 78w\" sizes=\"auto, (max-width: 314px) 100vw, 314px\" \/><p id=\"caption-attachment-709\" class=\"wp-caption-text\">Ann-Christin Anderberg<\/p><\/div>\n<h4>Facebook: <a href=\"https:\/\/www.facebook.com\/kdludvika\">Kristdemokraterna i Ludvika\/Smedjebacken<\/a><\/h4>\n","protected":false},"excerpt":{"rendered":"<p>Ett \u00e4nnu b\u00e4ttre Ludvika En stabil ekonomi utan skatteh\u00f6jningar Kommunen ska drivas med h\u00f6g effektivitet och ett gott f\u00f6rvaltarskap d\u00e4r k\u00e4rnverksamheterna prioriteras. Skatten ska vara s\u00e5 l\u00e5g som m\u00f6jligt och s\u00e5 h\u00f6g som n\u00f6dv\u00e4ndigt. Styrning och uppf\u00f6ljning av sambandet mellan resurser, prestationer, resultat och effekter i verksamheterna ska \u00e5terkommande utv\u00e4rderas. P\u00e5 omr\u00e5den d\u00e4r kommunen ligger <a class=\"read-more-link\" href=\"https:\/\/wp.kristdemokraterna.se\/dalarna\/kommun\/ludvika\/\">Read More<\/a><\/p>\n","protected":false},"author":790,"featured_media":0,"parent":61,"menu_order":0,"comment_status":"closed","ping_status":"closed","template":"","meta":{"_acf_changed":false,"footnotes":""},"class_list":["post-706","page","type-page","status-publish","hentry"],"acf":[],"yoast_head":"<!-- This site is optimized with the Yoast SEO plugin v27.3 - https:\/\/yoast.com\/product\/yoast-seo-wordpress\/ -->\n<title>Ludvika - Kristdemokraterna Dalarna<\/title>\n<meta name=\"robots\" content=\"index, follow, max-snippet:-1, max-image-preview:large, max-video-preview:-1\" \/>\n<link rel=\"canonical\" href=\"https:\/\/wp.kristdemokraterna.se\/dalarna\/kommun\/ludvika\/\" \/>\n<meta property=\"og:locale\" content=\"sv_SE\" \/>\n<meta property=\"og:type\" content=\"article\" \/>\n<meta property=\"og:title\" content=\"Ludvika - Kristdemokraterna Dalarna\" \/>\n<meta property=\"og:description\" content=\"Ett \u00e4nnu b\u00e4ttre Ludvika En stabil ekonomi utan skatteh\u00f6jningar Kommunen ska drivas med h\u00f6g effektivitet och ett gott f\u00f6rvaltarskap d\u00e4r k\u00e4rnverksamheterna prioriteras. Skatten ska vara s\u00e5 l\u00e5g som m\u00f6jligt och s\u00e5 h\u00f6g som n\u00f6dv\u00e4ndigt. Styrning och uppf\u00f6ljning av sambandet mellan resurser, prestationer, resultat och effekter i verksamheterna ska \u00e5terkommande utv\u00e4rderas. P\u00e5 omr\u00e5den d\u00e4r kommunen ligger Read More\" \/>\n<meta property=\"og:url\" content=\"https:\/\/wp.kristdemokraterna.se\/dalarna\/kommun\/ludvika\/\" \/>\n<meta property=\"og:site_name\" content=\"Kristdemokraterna Dalarna\" \/>\n<meta property=\"article:modified_time\" content=\"2022-06-17T13:35:05+00:00\" \/>\n<meta property=\"og:image\" content=\"http:\/\/wp.kristdemokraterna.se\/dalarna\/files\/2022\/06\/ludvika-jonas-300x225.jpg\" \/>\n<meta name=\"twitter:card\" content=\"summary_large_image\" \/>\n<meta name=\"twitter:label1\" content=\"Ber\u00e4knad l\u00e4stid\" \/>\n\t<meta name=\"twitter:data1\" content=\"3 minuter\" \/>\n<script type=\"application\/ld+json\" class=\"yoast-schema-graph\">{\"@context\":\"https:\\\/\\\/schema.org\",\"@graph\":[{\"@type\":\"WebPage\",\"@id\":\"https:\\\/\\\/wp.kristdemokraterna.se\\\/dalarna\\\/kommun\\\/ludvika\\\/\",\"url\":\"https:\\\/\\\/wp.kristdemokraterna.se\\\/dalarna\\\/kommun\\\/ludvika\\\/\",\"name\":\"Ludvika - Kristdemokraterna Dalarna\",\"isPartOf\":{\"@id\":\"https:\\\/\\\/wp.kristdemokraterna.se\\\/dalarna\\\/#website\"},\"primaryImageOfPage\":{\"@id\":\"https:\\\/\\\/wp.kristdemokraterna.se\\\/dalarna\\\/kommun\\\/ludvika\\\/#primaryimage\"},\"image\":{\"@id\":\"https:\\\/\\\/wp.kristdemokraterna.se\\\/dalarna\\\/kommun\\\/ludvika\\\/#primaryimage\"},\"thumbnailUrl\":\"http:\\\/\\\/wp.kristdemokraterna.se\\\/dalarna\\\/files\\\/2022\\\/06\\\/ludvika-jonas-300x225.jpg\",\"datePublished\":\"2022-06-17T13:34:08+00:00\",\"dateModified\":\"2022-06-17T13:35:05+00:00\",\"breadcrumb\":{\"@id\":\"https:\\\/\\\/wp.kristdemokraterna.se\\\/dalarna\\\/kommun\\\/ludvika\\\/#breadcrumb\"},\"inLanguage\":\"sv-SE\",\"potentialAction\":[{\"@type\":\"ReadAction\",\"target\":[\"https:\\\/\\\/wp.kristdemokraterna.se\\\/dalarna\\\/kommun\\\/ludvika\\\/\"]}]},{\"@type\":\"ImageObject\",\"inLanguage\":\"sv-SE\",\"@id\":\"https:\\\/\\\/wp.kristdemokraterna.se\\\/dalarna\\\/kommun\\\/ludvika\\\/#primaryimage\",\"url\":\"http:\\\/\\\/wp.kristdemokraterna.se\\\/dalarna\\\/files\\\/2022\\\/06\\\/ludvika-jonas-300x225.jpg\",\"contentUrl\":\"http:\\\/\\\/wp.kristdemokraterna.se\\\/dalarna\\\/files\\\/2022\\\/06\\\/ludvika-jonas-300x225.jpg\"},{\"@type\":\"BreadcrumbList\",\"@id\":\"https:\\\/\\\/wp.kristdemokraterna.se\\\/dalarna\\\/kommun\\\/ludvika\\\/#breadcrumb\",\"itemListElement\":[{\"@type\":\"ListItem\",\"position\":1,\"name\":\"Hem\",\"item\":\"https:\\\/\\\/wp.kristdemokraterna.se\\\/dalarna\\\/\"},{\"@type\":\"ListItem\",\"position\":2,\"name\":\"Kommun\",\"item\":\"https:\\\/\\\/wp.kristdemokraterna.se\\\/dalarna\\\/kommun\\\/\"},{\"@type\":\"ListItem\",\"position\":3,\"name\":\"Ludvika\"}]},{\"@type\":\"WebSite\",\"@id\":\"https:\\\/\\\/wp.kristdemokraterna.se\\\/dalarna\\\/#website\",\"url\":\"https:\\\/\\\/wp.kristdemokraterna.se\\\/dalarna\\\/\",\"name\":\"Kristdemokraterna Dalarna\",\"description\":\"\",\"publisher\":{\"@id\":\"https:\\\/\\\/wp.kristdemokraterna.se\\\/dalarna\\\/#organization\"},\"inLanguage\":\"sv-SE\"},{\"@type\":\"Organization\",\"@id\":\"https:\\\/\\\/wp.kristdemokraterna.se\\\/dalarna\\\/#organization\",\"name\":\"Kristdemokraterna Dalarna\",\"url\":\"https:\\\/\\\/wp.kristdemokraterna.se\\\/dalarna\\\/\",\"logo\":{\"@type\":\"ImageObject\",\"inLanguage\":\"sv-SE\",\"@id\":\"https:\\\/\\\/wp.kristdemokraterna.se\\\/dalarna\\\/#\\\/schema\\\/logo\\\/image\\\/\",\"url\":\"https:\\\/\\\/wp.kristdemokraterna.se\\\/dalarna\\\/files\\\/2022\\\/08\\\/dalarna-sida-bla-300dpi.png\",\"contentUrl\":\"https:\\\/\\\/wp.kristdemokraterna.se\\\/dalarna\\\/files\\\/2022\\\/08\\\/dalarna-sida-bla-300dpi.png\",\"width\":1477,\"height\":681,\"caption\":\"Kristdemokraterna Dalarna\"},\"image\":{\"@id\":\"https:\\\/\\\/wp.kristdemokraterna.se\\\/dalarna\\\/#\\\/schema\\\/logo\\\/image\\\/\"}}]}<\/script>\n<!-- \/ Yoast SEO plugin. -->","yoast_head_json":{"title":"Ludvika - Kristdemokraterna Dalarna","robots":{"index":"index","follow":"follow","max-snippet":"max-snippet:-1","max-image-preview":"max-image-preview:large","max-video-preview":"max-video-preview:-1"},"canonical":"https:\/\/wp.kristdemokraterna.se\/dalarna\/kommun\/ludvika\/","og_locale":"sv_SE","og_type":"article","og_title":"Ludvika - Kristdemokraterna Dalarna","og_description":"Ett \u00e4nnu b\u00e4ttre Ludvika En stabil ekonomi utan skatteh\u00f6jningar Kommunen ska drivas med h\u00f6g effektivitet och ett gott f\u00f6rvaltarskap d\u00e4r k\u00e4rnverksamheterna prioriteras. Skatten ska vara s\u00e5 l\u00e5g som m\u00f6jligt och s\u00e5 h\u00f6g som n\u00f6dv\u00e4ndigt. Styrning och uppf\u00f6ljning av sambandet mellan resurser, prestationer, resultat och effekter i verksamheterna ska \u00e5terkommande utv\u00e4rderas. P\u00e5 omr\u00e5den d\u00e4r kommunen ligger Read More","og_url":"https:\/\/wp.kristdemokraterna.se\/dalarna\/kommun\/ludvika\/","og_site_name":"Kristdemokraterna Dalarna","article_modified_time":"2022-06-17T13:35:05+00:00","og_image":[{"url":"http:\/\/wp.kristdemokraterna.se\/dalarna\/files\/2022\/06\/ludvika-jonas-300x225.jpg","type":"","width":"","height":""}],"twitter_card":"summary_large_image","twitter_misc":{"Ber\u00e4knad l\u00e4stid":"3 minuter"},"schema":{"@context":"https:\/\/schema.org","@graph":[{"@type":"WebPage","@id":"https:\/\/wp.kristdemokraterna.se\/dalarna\/kommun\/ludvika\/","url":"https:\/\/wp.kristdemokraterna.se\/dalarna\/kommun\/ludvika\/","name":"Ludvika - Kristdemokraterna Dalarna","isPartOf":{"@id":"https:\/\/wp.kristdemokraterna.se\/dalarna\/#website"},"primaryImageOfPage":{"@id":"https:\/\/wp.kristdemokraterna.se\/dalarna\/kommun\/ludvika\/#primaryimage"},"image":{"@id":"https:\/\/wp.kristdemokraterna.se\/dalarna\/kommun\/ludvika\/#primaryimage"},"thumbnailUrl":"http:\/\/wp.kristdemokraterna.se\/dalarna\/files\/2022\/06\/ludvika-jonas-300x225.jpg","datePublished":"2022-06-17T13:34:08+00:00","dateModified":"2022-06-17T13:35:05+00:00","breadcrumb":{"@id":"https:\/\/wp.kristdemokraterna.se\/dalarna\/kommun\/ludvika\/#breadcrumb"},"inLanguage":"sv-SE","potentialAction":[{"@type":"ReadAction","target":["https:\/\/wp.kristdemokraterna.se\/dalarna\/kommun\/ludvika\/"]}]},{"@type":"ImageObject","inLanguage":"sv-SE","@id":"https:\/\/wp.kristdemokraterna.se\/dalarna\/kommun\/ludvika\/#primaryimage","url":"http:\/\/wp.kristdemokraterna.se\/dalarna\/files\/2022\/06\/ludvika-jonas-300x225.jpg","contentUrl":"http:\/\/wp.kristdemokraterna.se\/dalarna\/files\/2022\/06\/ludvika-jonas-300x225.jpg"},{"@type":"BreadcrumbList","@id":"https:\/\/wp.kristdemokraterna.se\/dalarna\/kommun\/ludvika\/#breadcrumb","itemListElement":[{"@type":"ListItem","position":1,"name":"Hem","item":"https:\/\/wp.kristdemokraterna.se\/dalarna\/"},{"@type":"ListItem","position":2,"name":"Kommun","item":"https:\/\/wp.kristdemokraterna.se\/dalarna\/kommun\/"},{"@type":"ListItem","position":3,"name":"Ludvika"}]},{"@type":"WebSite","@id":"https:\/\/wp.kristdemokraterna.se\/dalarna\/#website","url":"https:\/\/wp.kristdemokraterna.se\/dalarna\/","name":"Kristdemokraterna Dalarna","description":"","publisher":{"@id":"https:\/\/wp.kristdemokraterna.se\/dalarna\/#organization"},"inLanguage":"sv-SE"},{"@type":"Organization","@id":"https:\/\/wp.kristdemokraterna.se\/dalarna\/#organization","name":"Kristdemokraterna Dalarna","url":"https:\/\/wp.kristdemokraterna.se\/dalarna\/","logo":{"@type":"ImageObject","inLanguage":"sv-SE","@id":"https:\/\/wp.kristdemokraterna.se\/dalarna\/#\/schema\/logo\/image\/","url":"https:\/\/wp.kristdemokraterna.se\/dalarna\/files\/2022\/08\/dalarna-sida-bla-300dpi.png","contentUrl":"https:\/\/wp.kristdemokraterna.se\/dalarna\/files\/2022\/08\/dalarna-sida-bla-300dpi.png","width":1477,"height":681,"caption":"Kristdemokraterna Dalarna"},"image":{"@id":"https:\/\/wp.kristdemokraterna.se\/dalarna\/#\/schema\/logo\/image\/"}}]}},"_links":{"self":[{"href":"https:\/\/wp.kristdemokraterna.se\/dalarna\/wp-json\/wp\/v2\/pages\/706","targetHints":{"allow":["GET"]}}],"collection":[{"href":"https:\/\/wp.kristdemokraterna.se\/dalarna\/wp-json\/wp\/v2\/pages"}],"about":[{"href":"https:\/\/wp.kristdemokraterna.se\/dalarna\/wp-json\/wp\/v2\/types\/page"}],"author":[{"embeddable":true,"href":"https:\/\/wp.kristdemokraterna.se\/dalarna\/wp-json\/wp\/v2\/users\/790"}],"replies":[{"embeddable":true,"href":"https:\/\/wp.kristdemokraterna.se\/dalarna\/wp-json\/wp\/v2\/comments?post=706"}],"version-history":[{"count":1,"href":"https:\/\/wp.kristdemokraterna.se\/dalarna\/wp-json\/wp\/v2\/pages\/706\/revisions"}],"predecessor-version":[{"id":710,"href":"https:\/\/wp.kristdemokraterna.se\/dalarna\/wp-json\/wp\/v2\/pages\/706\/revisions\/710"}],"up":[{"embeddable":true,"href":"https:\/\/wp.kristdemokraterna.se\/dalarna\/wp-json\/wp\/v2\/pages\/61"}],"wp:attachment":[{"href":"https:\/\/wp.kristdemokraterna.se\/dalarna\/wp-json\/wp\/v2\/media?parent=706"}],"curies":[{"name":"wp","href":"https:\/\/api.w.org\/{rel}","templated":true}]}}