{"id":781,"date":"2022-08-02T12:05:58","date_gmt":"2022-08-02T10:05:58","guid":{"rendered":"https:\/\/wp.kristdemokraterna.se\/dalarna\/?page_id=781"},"modified":"2022-08-02T12:27:44","modified_gmt":"2022-08-02T10:27:44","slug":"regionvalet-2022","status":"publish","type":"page","link":"https:\/\/wp.kristdemokraterna.se\/dalarna\/landstinget\/regionvalet-2022\/","title":{"rendered":"Regionvalet 2022"},"content":{"rendered":"<h2>V\u00e5r politik<\/h2>\n<p><a href=\"http:\/\/wp.kristdemokraterna.se\/dalarna\/files\/2022\/08\/valprogram-2022-v.3.pdf\">Valprogram 2022<\/a><\/p>\n<h2>V\u00e5ra toppkandidater 2022<\/h2>\n<p><img loading=\"lazy\" decoding=\"async\" class=\"alignnone size-medium wp-image-766\" src=\"http:\/\/wp.kristdemokraterna.se\/dalarna\/files\/2022\/08\/dsc9429_tryck-300x225.jpg\" alt=\"\" width=\"300\" height=\"225\" srcset=\"https:\/\/wp.kristdemokraterna.se\/dalarna\/files\/2022\/08\/dsc9429_tryck-300x225.jpg 300w, https:\/\/wp.kristdemokraterna.se\/dalarna\/files\/2022\/08\/dsc9429_tryck-540x405.jpg 540w, https:\/\/wp.kristdemokraterna.se\/dalarna\/files\/2022\/08\/dsc9429_tryck-768x576.jpg 768w, https:\/\/wp.kristdemokraterna.se\/dalarna\/files\/2022\/08\/dsc9429_tryck-1536x1152.jpg 1536w, https:\/\/wp.kristdemokraterna.se\/dalarna\/files\/2022\/08\/dsc9429_tryck-2048x1536.jpg 2048w, https:\/\/wp.kristdemokraterna.se\/dalarna\/files\/2022\/08\/dsc9429_tryck-267x200.jpg 267w, https:\/\/wp.kristdemokraterna.se\/dalarna\/files\/2022\/08\/dsc9429_tryck-370x278.jpg 370w, https:\/\/wp.kristdemokraterna.se\/dalarna\/files\/2022\/08\/dsc9429_tryck-770x578.jpg 770w, https:\/\/wp.kristdemokraterna.se\/dalarna\/files\/2022\/08\/dsc9429_tryck-450x338.jpg 450w, https:\/\/wp.kristdemokraterna.se\/dalarna\/files\/2022\/08\/dsc9429_tryck-280x210.jpg 280w, https:\/\/wp.kristdemokraterna.se\/dalarna\/files\/2022\/08\/dsc9429_tryck-340x255.jpg 340w, https:\/\/wp.kristdemokraterna.se\/dalarna\/files\/2022\/08\/dsc9429_tryck-200x150.jpg 200w, https:\/\/wp.kristdemokraterna.se\/dalarna\/files\/2022\/08\/dsc9429_tryck-75x56.jpg 75w\" sizes=\"auto, (max-width: 300px) 100vw, 300px\" \/><\/p>\n<p>Birgitta Sacr\u00e9deus, regionr\u00e5d, Mora<\/p>\n<p><img loading=\"lazy\" decoding=\"async\" class=\"alignnone size-medium wp-image-767\" src=\"http:\/\/wp.kristdemokraterna.se\/dalarna\/files\/2022\/08\/wpa_2999-200x300.jpg\" alt=\"\" width=\"200\" height=\"300\" srcset=\"https:\/\/wp.kristdemokraterna.se\/dalarna\/files\/2022\/08\/wpa_2999-200x300.jpg 200w, https:\/\/wp.kristdemokraterna.se\/dalarna\/files\/2022\/08\/wpa_2999-360x540.jpg 360w, https:\/\/wp.kristdemokraterna.se\/dalarna\/files\/2022\/08\/wpa_2999-768x1150.jpg 768w, https:\/\/wp.kristdemokraterna.se\/dalarna\/files\/2022\/08\/wpa_2999-1025x1536.jpg 1025w, https:\/\/wp.kristdemokraterna.se\/dalarna\/files\/2022\/08\/wpa_2999-1367x2048.jpg 1367w, https:\/\/wp.kristdemokraterna.se\/dalarna\/files\/2022\/08\/wpa_2999-134x200.jpg 134w, https:\/\/wp.kristdemokraterna.se\/dalarna\/files\/2022\/08\/wpa_2999-370x554.jpg 370w, https:\/\/wp.kristdemokraterna.se\/dalarna\/files\/2022\/08\/wpa_2999-770x1153.jpg 770w, https:\/\/wp.kristdemokraterna.se\/dalarna\/files\/2022\/08\/wpa_2999-450x674.jpg 450w, https:\/\/wp.kristdemokraterna.se\/dalarna\/files\/2022\/08\/wpa_2999-268x402.jpg 268w, https:\/\/wp.kristdemokraterna.se\/dalarna\/files\/2022\/08\/wpa_2999-340x509.jpg 340w, https:\/\/wp.kristdemokraterna.se\/dalarna\/files\/2022\/08\/wpa_2999-37x56.jpg 37w, https:\/\/wp.kristdemokraterna.se\/dalarna\/files\/2022\/08\/wpa_2999-scaled.jpg 1709w\" sizes=\"auto, (max-width: 200px) 100vw, 200px\" \/><\/p>\n<p>Jonas Hillerstr\u00f6m, tj\u00e4nsteman, Borl\u00e4nge<\/p>\n<p><img loading=\"lazy\" decoding=\"async\" class=\"alignnone wp-image-768 size-medium\" src=\"http:\/\/wp.kristdemokraterna.se\/dalarna\/files\/2022\/08\/helena5-scaled-e1659364497848-194x300.jpg\" alt=\"\" width=\"194\" height=\"300\" srcset=\"https:\/\/wp.kristdemokraterna.se\/dalarna\/files\/2022\/08\/helena5-scaled-e1659364497848-194x300.jpg 194w, https:\/\/wp.kristdemokraterna.se\/dalarna\/files\/2022\/08\/helena5-scaled-e1659364497848-350x540.jpg 350w, https:\/\/wp.kristdemokraterna.se\/dalarna\/files\/2022\/08\/helena5-scaled-e1659364497848-768x1185.jpg 768w, https:\/\/wp.kristdemokraterna.se\/dalarna\/files\/2022\/08\/helena5-scaled-e1659364497848-995x1536.jpg 995w, https:\/\/wp.kristdemokraterna.se\/dalarna\/files\/2022\/08\/helena5-scaled-e1659364497848-130x200.jpg 130w, https:\/\/wp.kristdemokraterna.se\/dalarna\/files\/2022\/08\/helena5-scaled-e1659364497848-370x571.jpg 370w, https:\/\/wp.kristdemokraterna.se\/dalarna\/files\/2022\/08\/helena5-scaled-e1659364497848-770x1188.jpg 770w, https:\/\/wp.kristdemokraterna.se\/dalarna\/files\/2022\/08\/helena5-scaled-e1659364497848-450x694.jpg 450w, https:\/\/wp.kristdemokraterna.se\/dalarna\/files\/2022\/08\/helena5-scaled-e1659364497848-260x402.jpg 260w, https:\/\/wp.kristdemokraterna.se\/dalarna\/files\/2022\/08\/helena5-scaled-e1659364497848-340x525.jpg 340w, https:\/\/wp.kristdemokraterna.se\/dalarna\/files\/2022\/08\/helena5-scaled-e1659364497848-36x56.jpg 36w, https:\/\/wp.kristdemokraterna.se\/dalarna\/files\/2022\/08\/helena5-scaled-e1659364497848.jpg 1248w\" sizes=\"auto, (max-width: 194px) 100vw, 194px\" \/><\/p>\n<p>Helena V\u00e5deg\u00e5rd, l\u00e4rare, S\u00e4ter<\/p>\n<h2>V\u00e5r regionvalsedel 2022<\/h2>\n<p>1 Birgitta Sacr\u00e9deus, regionr\u00e5d, Mora<br \/>\n2 Jonas Hillerstr\u00f6m, tj\u00e4nsteman, Borl\u00e4nge<br \/>\n3 Helena V\u00e5deg\u00e5rd, l\u00e4rare, S\u00e4ter<br \/>\n4 Roy Uppg\u00e5rd, f\u00f6retagare, Avesta<br \/>\n5 Torsten Larsson, ekonom, Dala-J\u00e4rna<br \/>\n6 Anders Bengtsson, socionom, Gagnef<br \/>\n7 Carin Malm, pol kand statsvetenskap, Insj\u00f6n<br \/>\n8 Roger Westlund, tentamenssamordnare, Falun<br \/>\n9 Ann-Christin Anderberg, fd f\u00f6rvaltningschef, Ludvika<br \/>\n10 Daniel Sandvik, leg l\u00e4kare, Mora<br \/>\n11 Per M\u00e5rthans, f\u00f6retagare, R\u00e4ttvik<br \/>\n12 Benny Jernberg, biomedicinsk analytiker, Falun<br \/>\n13 Elin \u00c5hman, speciall\u00e4rare, Borl\u00e4nge<br \/>\n14 Mathias Bengtsson, politisk sekreterare, Gagnef<br \/>\n15 Jonny Eriksson, teknikchef, Smedjebacken<br \/>\n16 Fredrika Birgersson, e-commerce manager, Malung-S\u00e4len<br \/>\n17 Elisabeth Svensdotter, barnmorska, Nusn\u00e4s<br \/>\n18 Bodil Sundquist, l\u00e4rare, Ludvika<br \/>\n19 Elisabeth Langran, myndighetschef, Orsa<br \/>\n20 Robert Dahlberg, f\u00f6retagare, Hedemora<br \/>\n21 Monika Jernberg, fd f\u00f6rvaltningschef v\u00e5rd, omsorg, \u00c4lvdalen<br \/>\n22 Caroline Caesar, aff\u00e4rsutvecklare, Gagnef<br \/>\n23 Fredrik Ernlund, jurist, Falun<br \/>\n24 Hans Holm\u00e9n, fil dr, Borl\u00e4nge<br \/>\n25 Michael Jacobs, advokat, R\u00e4ttvik<\/p>\n","protected":false},"excerpt":{"rendered":"<p>V\u00e5r politik Valprogram 2022 V\u00e5ra toppkandidater 2022 Birgitta Sacr\u00e9deus, regionr\u00e5d, Mora Jonas Hillerstr\u00f6m, tj\u00e4nsteman, Borl\u00e4nge Helena V\u00e5deg\u00e5rd, l\u00e4rare, S\u00e4ter V\u00e5r regionvalsedel 2022 1 Birgitta Sacr\u00e9deus, regionr\u00e5d, Mora 2 Jonas Hillerstr\u00f6m, tj\u00e4nsteman, Borl\u00e4nge 3 Helena V\u00e5deg\u00e5rd, l\u00e4rare, S\u00e4ter 4 Roy Uppg\u00e5rd, f\u00f6retagare, Avesta 5 Torsten Larsson, ekonom, Dala-J\u00e4rna 6 Anders Bengtsson, socionom, Gagnef 7 Carin Malm, <a class=\"read-more-link\" href=\"https:\/\/wp.kristdemokraterna.se\/dalarna\/landstinget\/regionvalet-2022\/\">Read More<\/a><\/p>\n","protected":false},"author":790,"featured_media":0,"parent":51,"menu_order":0,"comment_status":"closed","ping_status":"closed","template":"","meta":{"_acf_changed":false,"footnotes":""},"class_list":["post-781","page","type-page","status-publish","hentry"],"acf":[],"yoast_head":"<!-- This site is optimized with the Yoast SEO plugin v27.3 - https:\/\/yoast.com\/product\/yoast-seo-wordpress\/ -->\n<title>Regionvalet 2022 - Kristdemokraterna Dalarna<\/title>\n<meta name=\"robots\" content=\"index, follow, max-snippet:-1, max-image-preview:large, max-video-preview:-1\" \/>\n<link rel=\"canonical\" href=\"https:\/\/wp.kristdemokraterna.se\/dalarna\/landstinget\/regionvalet-2022\/\" \/>\n<meta property=\"og:locale\" content=\"sv_SE\" \/>\n<meta property=\"og:type\" content=\"article\" \/>\n<meta property=\"og:title\" content=\"Regionvalet 2022 - Kristdemokraterna Dalarna\" \/>\n<meta property=\"og:description\" content=\"V\u00e5r politik Valprogram 2022 V\u00e5ra toppkandidater 2022 Birgitta Sacr\u00e9deus, regionr\u00e5d, Mora Jonas Hillerstr\u00f6m, tj\u00e4nsteman, Borl\u00e4nge Helena V\u00e5deg\u00e5rd, l\u00e4rare, S\u00e4ter V\u00e5r regionvalsedel 2022 1 Birgitta Sacr\u00e9deus, regionr\u00e5d, Mora 2 Jonas Hillerstr\u00f6m, tj\u00e4nsteman, Borl\u00e4nge 3 Helena V\u00e5deg\u00e5rd, l\u00e4rare, S\u00e4ter 4 Roy Uppg\u00e5rd, f\u00f6retagare, Avesta 5 Torsten Larsson, ekonom, Dala-J\u00e4rna 6 Anders Bengtsson, socionom, Gagnef 7 Carin Malm, Read More\" \/>\n<meta property=\"og:url\" content=\"https:\/\/wp.kristdemokraterna.se\/dalarna\/landstinget\/regionvalet-2022\/\" \/>\n<meta property=\"og:site_name\" content=\"Kristdemokraterna Dalarna\" \/>\n<meta property=\"article:modified_time\" content=\"2022-08-02T10:27:44+00:00\" \/>\n<meta property=\"og:image\" content=\"http:\/\/wp.kristdemokraterna.se\/dalarna\/files\/2022\/08\/dsc9429_tryck-300x225.jpg\" \/>\n<meta name=\"twitter:card\" content=\"summary_large_image\" \/>\n<meta name=\"twitter:label1\" content=\"Ber\u00e4knad l\u00e4stid\" \/>\n\t<meta name=\"twitter:data1\" content=\"1 minut\" \/>\n<script type=\"application\/ld+json\" class=\"yoast-schema-graph\">{\"@context\":\"https:\\\/\\\/schema.org\",\"@graph\":[{\"@type\":\"WebPage\",\"@id\":\"https:\\\/\\\/wp.kristdemokraterna.se\\\/dalarna\\\/landstinget\\\/regionvalet-2022\\\/\",\"url\":\"https:\\\/\\\/wp.kristdemokraterna.se\\\/dalarna\\\/landstinget\\\/regionvalet-2022\\\/\",\"name\":\"Regionvalet 2022 - Kristdemokraterna Dalarna\",\"isPartOf\":{\"@id\":\"https:\\\/\\\/wp.kristdemokraterna.se\\\/dalarna\\\/#website\"},\"primaryImageOfPage\":{\"@id\":\"https:\\\/\\\/wp.kristdemokraterna.se\\\/dalarna\\\/landstinget\\\/regionvalet-2022\\\/#primaryimage\"},\"image\":{\"@id\":\"https:\\\/\\\/wp.kristdemokraterna.se\\\/dalarna\\\/landstinget\\\/regionvalet-2022\\\/#primaryimage\"},\"thumbnailUrl\":\"http:\\\/\\\/wp.kristdemokraterna.se\\\/dalarna\\\/files\\\/2022\\\/08\\\/dsc9429_tryck-300x225.jpg\",\"datePublished\":\"2022-08-02T10:05:58+00:00\",\"dateModified\":\"2022-08-02T10:27:44+00:00\",\"breadcrumb\":{\"@id\":\"https:\\\/\\\/wp.kristdemokraterna.se\\\/dalarna\\\/landstinget\\\/regionvalet-2022\\\/#breadcrumb\"},\"inLanguage\":\"sv-SE\",\"potentialAction\":[{\"@type\":\"ReadAction\",\"target\":[\"https:\\\/\\\/wp.kristdemokraterna.se\\\/dalarna\\\/landstinget\\\/regionvalet-2022\\\/\"]}]},{\"@type\":\"ImageObject\",\"inLanguage\":\"sv-SE\",\"@id\":\"https:\\\/\\\/wp.kristdemokraterna.se\\\/dalarna\\\/landstinget\\\/regionvalet-2022\\\/#primaryimage\",\"url\":\"http:\\\/\\\/wp.kristdemokraterna.se\\\/dalarna\\\/files\\\/2022\\\/08\\\/dsc9429_tryck-300x225.jpg\",\"contentUrl\":\"http:\\\/\\\/wp.kristdemokraterna.se\\\/dalarna\\\/files\\\/2022\\\/08\\\/dsc9429_tryck-300x225.jpg\"},{\"@type\":\"BreadcrumbList\",\"@id\":\"https:\\\/\\\/wp.kristdemokraterna.se\\\/dalarna\\\/landstinget\\\/regionvalet-2022\\\/#breadcrumb\",\"itemListElement\":[{\"@type\":\"ListItem\",\"position\":1,\"name\":\"Hem\",\"item\":\"https:\\\/\\\/wp.kristdemokraterna.se\\\/dalarna\\\/\"},{\"@type\":\"ListItem\",\"position\":2,\"name\":\"Region Dalarna\",\"item\":\"https:\\\/\\\/wp.kristdemokraterna.se\\\/dalarna\\\/landstinget\\\/\"},{\"@type\":\"ListItem\",\"position\":3,\"name\":\"Regionvalet 2022\"}]},{\"@type\":\"WebSite\",\"@id\":\"https:\\\/\\\/wp.kristdemokraterna.se\\\/dalarna\\\/#website\",\"url\":\"https:\\\/\\\/wp.kristdemokraterna.se\\\/dalarna\\\/\",\"name\":\"Kristdemokraterna Dalarna\",\"description\":\"\",\"publisher\":{\"@id\":\"https:\\\/\\\/wp.kristdemokraterna.se\\\/dalarna\\\/#organization\"},\"inLanguage\":\"sv-SE\"},{\"@type\":\"Organization\",\"@id\":\"https:\\\/\\\/wp.kristdemokraterna.se\\\/dalarna\\\/#organization\",\"name\":\"Kristdemokraterna Dalarna\",\"url\":\"https:\\\/\\\/wp.kristdemokraterna.se\\\/dalarna\\\/\",\"logo\":{\"@type\":\"ImageObject\",\"inLanguage\":\"sv-SE\",\"@id\":\"https:\\\/\\\/wp.kristdemokraterna.se\\\/dalarna\\\/#\\\/schema\\\/logo\\\/image\\\/\",\"url\":\"https:\\\/\\\/wp.kristdemokraterna.se\\\/dalarna\\\/files\\\/2022\\\/08\\\/dalarna-sida-bla-300dpi.png\",\"contentUrl\":\"https:\\\/\\\/wp.kristdemokraterna.se\\\/dalarna\\\/files\\\/2022\\\/08\\\/dalarna-sida-bla-300dpi.png\",\"width\":1477,\"height\":681,\"caption\":\"Kristdemokraterna Dalarna\"},\"image\":{\"@id\":\"https:\\\/\\\/wp.kristdemokraterna.se\\\/dalarna\\\/#\\\/schema\\\/logo\\\/image\\\/\"}}]}<\/script>\n<!-- \/ Yoast SEO plugin. -->","yoast_head_json":{"title":"Regionvalet 2022 - Kristdemokraterna Dalarna","robots":{"index":"index","follow":"follow","max-snippet":"max-snippet:-1","max-image-preview":"max-image-preview:large","max-video-preview":"max-video-preview:-1"},"canonical":"https:\/\/wp.kristdemokraterna.se\/dalarna\/landstinget\/regionvalet-2022\/","og_locale":"sv_SE","og_type":"article","og_title":"Regionvalet 2022 - Kristdemokraterna Dalarna","og_description":"V\u00e5r politik Valprogram 2022 V\u00e5ra toppkandidater 2022 Birgitta Sacr\u00e9deus, regionr\u00e5d, Mora Jonas Hillerstr\u00f6m, tj\u00e4nsteman, Borl\u00e4nge Helena V\u00e5deg\u00e5rd, l\u00e4rare, S\u00e4ter V\u00e5r regionvalsedel 2022 1 Birgitta Sacr\u00e9deus, regionr\u00e5d, Mora 2 Jonas Hillerstr\u00f6m, tj\u00e4nsteman, Borl\u00e4nge 3 Helena V\u00e5deg\u00e5rd, l\u00e4rare, S\u00e4ter 4 Roy Uppg\u00e5rd, f\u00f6retagare, Avesta 5 Torsten Larsson, ekonom, Dala-J\u00e4rna 6 Anders Bengtsson, socionom, Gagnef 7 Carin Malm, Read More","og_url":"https:\/\/wp.kristdemokraterna.se\/dalarna\/landstinget\/regionvalet-2022\/","og_site_name":"Kristdemokraterna Dalarna","article_modified_time":"2022-08-02T10:27:44+00:00","og_image":[{"url":"http:\/\/wp.kristdemokraterna.se\/dalarna\/files\/2022\/08\/dsc9429_tryck-300x225.jpg","type":"","width":"","height":""}],"twitter_card":"summary_large_image","twitter_misc":{"Ber\u00e4knad l\u00e4stid":"1 minut"},"schema":{"@context":"https:\/\/schema.org","@graph":[{"@type":"WebPage","@id":"https:\/\/wp.kristdemokraterna.se\/dalarna\/landstinget\/regionvalet-2022\/","url":"https:\/\/wp.kristdemokraterna.se\/dalarna\/landstinget\/regionvalet-2022\/","name":"Regionvalet 2022 - Kristdemokraterna Dalarna","isPartOf":{"@id":"https:\/\/wp.kristdemokraterna.se\/dalarna\/#website"},"primaryImageOfPage":{"@id":"https:\/\/wp.kristdemokraterna.se\/dalarna\/landstinget\/regionvalet-2022\/#primaryimage"},"image":{"@id":"https:\/\/wp.kristdemokraterna.se\/dalarna\/landstinget\/regionvalet-2022\/#primaryimage"},"thumbnailUrl":"http:\/\/wp.kristdemokraterna.se\/dalarna\/files\/2022\/08\/dsc9429_tryck-300x225.jpg","datePublished":"2022-08-02T10:05:58+00:00","dateModified":"2022-08-02T10:27:44+00:00","breadcrumb":{"@id":"https:\/\/wp.kristdemokraterna.se\/dalarna\/landstinget\/regionvalet-2022\/#breadcrumb"},"inLanguage":"sv-SE","potentialAction":[{"@type":"ReadAction","target":["https:\/\/wp.kristdemokraterna.se\/dalarna\/landstinget\/regionvalet-2022\/"]}]},{"@type":"ImageObject","inLanguage":"sv-SE","@id":"https:\/\/wp.kristdemokraterna.se\/dalarna\/landstinget\/regionvalet-2022\/#primaryimage","url":"http:\/\/wp.kristdemokraterna.se\/dalarna\/files\/2022\/08\/dsc9429_tryck-300x225.jpg","contentUrl":"http:\/\/wp.kristdemokraterna.se\/dalarna\/files\/2022\/08\/dsc9429_tryck-300x225.jpg"},{"@type":"BreadcrumbList","@id":"https:\/\/wp.kristdemokraterna.se\/dalarna\/landstinget\/regionvalet-2022\/#breadcrumb","itemListElement":[{"@type":"ListItem","position":1,"name":"Hem","item":"https:\/\/wp.kristdemokraterna.se\/dalarna\/"},{"@type":"ListItem","position":2,"name":"Region Dalarna","item":"https:\/\/wp.kristdemokraterna.se\/dalarna\/landstinget\/"},{"@type":"ListItem","position":3,"name":"Regionvalet 2022"}]},{"@type":"WebSite","@id":"https:\/\/wp.kristdemokraterna.se\/dalarna\/#website","url":"https:\/\/wp.kristdemokraterna.se\/dalarna\/","name":"Kristdemokraterna Dalarna","description":"","publisher":{"@id":"https:\/\/wp.kristdemokraterna.se\/dalarna\/#organization"},"inLanguage":"sv-SE"},{"@type":"Organization","@id":"https:\/\/wp.kristdemokraterna.se\/dalarna\/#organization","name":"Kristdemokraterna Dalarna","url":"https:\/\/wp.kristdemokraterna.se\/dalarna\/","logo":{"@type":"ImageObject","inLanguage":"sv-SE","@id":"https:\/\/wp.kristdemokraterna.se\/dalarna\/#\/schema\/logo\/image\/","url":"https:\/\/wp.kristdemokraterna.se\/dalarna\/files\/2022\/08\/dalarna-sida-bla-300dpi.png","contentUrl":"https:\/\/wp.kristdemokraterna.se\/dalarna\/files\/2022\/08\/dalarna-sida-bla-300dpi.png","width":1477,"height":681,"caption":"Kristdemokraterna Dalarna"},"image":{"@id":"https:\/\/wp.kristdemokraterna.se\/dalarna\/#\/schema\/logo\/image\/"}}]}},"_links":{"self":[{"href":"https:\/\/wp.kristdemokraterna.se\/dalarna\/wp-json\/wp\/v2\/pages\/781","targetHints":{"allow":["GET"]}}],"collection":[{"href":"https:\/\/wp.kristdemokraterna.se\/dalarna\/wp-json\/wp\/v2\/pages"}],"about":[{"href":"https:\/\/wp.kristdemokraterna.se\/dalarna\/wp-json\/wp\/v2\/types\/page"}],"author":[{"embeddable":true,"href":"https:\/\/wp.kristdemokraterna.se\/dalarna\/wp-json\/wp\/v2\/users\/790"}],"replies":[{"embeddable":true,"href":"https:\/\/wp.kristdemokraterna.se\/dalarna\/wp-json\/wp\/v2\/comments?post=781"}],"version-history":[{"count":2,"href":"https:\/\/wp.kristdemokraterna.se\/dalarna\/wp-json\/wp\/v2\/pages\/781\/revisions"}],"predecessor-version":[{"id":792,"href":"https:\/\/wp.kristdemokraterna.se\/dalarna\/wp-json\/wp\/v2\/pages\/781\/revisions\/792"}],"up":[{"embeddable":true,"href":"https:\/\/wp.kristdemokraterna.se\/dalarna\/wp-json\/wp\/v2\/pages\/51"}],"wp:attachment":[{"href":"https:\/\/wp.kristdemokraterna.se\/dalarna\/wp-json\/wp\/v2\/media?parent=781"}],"curies":[{"name":"wp","href":"https:\/\/api.w.org\/{rel}","templated":true}]}}