{"id":782,"date":"2022-08-02T12:05:58","date_gmt":"2022-08-02T10:05:58","guid":{"rendered":"https:\/\/wp.kristdemokraterna.se\/dalarna\/?page_id=782"},"modified":"2022-08-02T12:19:05","modified_gmt":"2022-08-02T10:19:05","slug":"val-2022-2","status":"publish","type":"page","link":"https:\/\/wp.kristdemokraterna.se\/dalarna\/riksdag\/val-2022-2\/","title":{"rendered":"Riksdagsvalet 2022"},"content":{"rendered":"<h2>V\u00e5ra toppkandidater 2022<\/h2>\n<p><img loading=\"lazy\" decoding=\"async\" class=\"alignnone size-medium wp-image-762\" src=\"http:\/\/wp.kristdemokraterna.se\/dalarna\/files\/2022\/08\/bengtsson-1-300x225.jpg\" alt=\"\" width=\"300\" height=\"225\" srcset=\"https:\/\/wp.kristdemokraterna.se\/dalarna\/files\/2022\/08\/bengtsson-1-300x225.jpg 300w, https:\/\/wp.kristdemokraterna.se\/dalarna\/files\/2022\/08\/bengtsson-1-540x405.jpg 540w, https:\/\/wp.kristdemokraterna.se\/dalarna\/files\/2022\/08\/bengtsson-1-768x577.jpg 768w, https:\/\/wp.kristdemokraterna.se\/dalarna\/files\/2022\/08\/bengtsson-1-1536x1153.jpg 1536w, https:\/\/wp.kristdemokraterna.se\/dalarna\/files\/2022\/08\/bengtsson-1-2048x1538.jpg 2048w, https:\/\/wp.kristdemokraterna.se\/dalarna\/files\/2022\/08\/bengtsson-1-266x200.jpg 266w, https:\/\/wp.kristdemokraterna.se\/dalarna\/files\/2022\/08\/bengtsson-1-370x278.jpg 370w, https:\/\/wp.kristdemokraterna.se\/dalarna\/files\/2022\/08\/bengtsson-1-770x578.jpg 770w, https:\/\/wp.kristdemokraterna.se\/dalarna\/files\/2022\/08\/bengtsson-1-450x338.jpg 450w, https:\/\/wp.kristdemokraterna.se\/dalarna\/files\/2022\/08\/bengtsson-1-280x210.jpg 280w, https:\/\/wp.kristdemokraterna.se\/dalarna\/files\/2022\/08\/bengtsson-1-340x255.jpg 340w, https:\/\/wp.kristdemokraterna.se\/dalarna\/files\/2022\/08\/bengtsson-1-200x150.jpg 200w, https:\/\/wp.kristdemokraterna.se\/dalarna\/files\/2022\/08\/bengtsson-1-75x56.jpg 75w\" sizes=\"auto, (max-width: 300px) 100vw, 300px\" \/><\/p>\n<p>Mathias Bengtsson, politisk sekreterare, Gagnef<\/p>\n<p><img loading=\"lazy\" decoding=\"async\" class=\"alignnone size-medium wp-image-763\" src=\"http:\/\/wp.kristdemokraterna.se\/dalarna\/files\/2022\/08\/qah0114-300x200.jpg\" alt=\"\" width=\"300\" height=\"200\" srcset=\"https:\/\/wp.kristdemokraterna.se\/dalarna\/files\/2022\/08\/qah0114-300x200.jpg 300w, https:\/\/wp.kristdemokraterna.se\/dalarna\/files\/2022\/08\/qah0114-540x360.jpg 540w, https:\/\/wp.kristdemokraterna.se\/dalarna\/files\/2022\/08\/qah0114-768x512.jpg 768w, https:\/\/wp.kristdemokraterna.se\/dalarna\/files\/2022\/08\/qah0114-1536x1024.jpg 1536w, https:\/\/wp.kristdemokraterna.se\/dalarna\/files\/2022\/08\/qah0114-2048x1365.jpg 2048w, https:\/\/wp.kristdemokraterna.se\/dalarna\/files\/2022\/08\/qah0114-370x247.jpg 370w, https:\/\/wp.kristdemokraterna.se\/dalarna\/files\/2022\/08\/qah0114-770x513.jpg 770w, https:\/\/wp.kristdemokraterna.se\/dalarna\/files\/2022\/08\/qah0114-450x300.jpg 450w, https:\/\/wp.kristdemokraterna.se\/dalarna\/files\/2022\/08\/qah0114-280x187.jpg 280w, https:\/\/wp.kristdemokraterna.se\/dalarna\/files\/2022\/08\/qah0114-340x227.jpg 340w, https:\/\/wp.kristdemokraterna.se\/dalarna\/files\/2022\/08\/qah0114-200x133.jpg 200w, https:\/\/wp.kristdemokraterna.se\/dalarna\/files\/2022\/08\/qah0114-84x56.jpg 84w\" sizes=\"auto, (max-width: 300px) 100vw, 300px\" \/><\/p>\n<p>Lennart Sacr\u00e9deus, kommunfullm\u00e4ktiges ordf\u00f6rande, Mora<\/p>\n<p><img loading=\"lazy\" decoding=\"async\" class=\"alignnone size-medium wp-image-761\" src=\"http:\/\/wp.kristdemokraterna.se\/dalarna\/files\/2022\/08\/samuel-hedstrom-pa-kristdemokraternas-hoststamma-2017-1-300x200.jpg\" alt=\"\" width=\"300\" height=\"200\" srcset=\"https:\/\/wp.kristdemokraterna.se\/dalarna\/files\/2022\/08\/samuel-hedstrom-pa-kristdemokraternas-hoststamma-2017-1-300x200.jpg 300w, https:\/\/wp.kristdemokraterna.se\/dalarna\/files\/2022\/08\/samuel-hedstrom-pa-kristdemokraternas-hoststamma-2017-1-540x360.jpg 540w, https:\/\/wp.kristdemokraterna.se\/dalarna\/files\/2022\/08\/samuel-hedstrom-pa-kristdemokraternas-hoststamma-2017-1-768x512.jpg 768w, https:\/\/wp.kristdemokraterna.se\/dalarna\/files\/2022\/08\/samuel-hedstrom-pa-kristdemokraternas-hoststamma-2017-1-1536x1024.jpg 1536w, https:\/\/wp.kristdemokraterna.se\/dalarna\/files\/2022\/08\/samuel-hedstrom-pa-kristdemokraternas-hoststamma-2017-1-2048x1365.jpg 2048w, https:\/\/wp.kristdemokraterna.se\/dalarna\/files\/2022\/08\/samuel-hedstrom-pa-kristdemokraternas-hoststamma-2017-1-370x247.jpg 370w, https:\/\/wp.kristdemokraterna.se\/dalarna\/files\/2022\/08\/samuel-hedstrom-pa-kristdemokraternas-hoststamma-2017-1-770x513.jpg 770w, https:\/\/wp.kristdemokraterna.se\/dalarna\/files\/2022\/08\/samuel-hedstrom-pa-kristdemokraternas-hoststamma-2017-1-450x300.jpg 450w, https:\/\/wp.kristdemokraterna.se\/dalarna\/files\/2022\/08\/samuel-hedstrom-pa-kristdemokraternas-hoststamma-2017-1-280x187.jpg 280w, https:\/\/wp.kristdemokraterna.se\/dalarna\/files\/2022\/08\/samuel-hedstrom-pa-kristdemokraternas-hoststamma-2017-1-340x227.jpg 340w, https:\/\/wp.kristdemokraterna.se\/dalarna\/files\/2022\/08\/samuel-hedstrom-pa-kristdemokraternas-hoststamma-2017-1-200x133.jpg 200w, https:\/\/wp.kristdemokraterna.se\/dalarna\/files\/2022\/08\/samuel-hedstrom-pa-kristdemokraternas-hoststamma-2017-1-84x56.jpg 84w\" sizes=\"auto, (max-width: 300px) 100vw, 300px\" \/><\/p>\n<p>Samuel Hedstr\u00f6m, fastighetsf\u00f6rvaltare, Borl\u00e4nge<\/p>\n<h2>V\u00e5r riksdagsvalsedel 2022<\/h2>\n<p>1 Ebba Busch, partiledare, Uppsala<br \/>\n2 Mathias Bengtsson, politisk sekreterare, Gagnef<br \/>\n3 Lennart Sacr\u00e9deus, kommunfullm\u00e4ktiges ordf\u00f6rande, Mora<br \/>\n4 Samuel Hedstr\u00f6m, fastighetsf\u00f6rvaltare, Borl\u00e4nge<br \/>\n5 Jakob Forssmed, 1:e vice partiordf\u00f6rande, Sollentuna<br \/>\n6 Acko Ankarberg Johansson, riksdagsledamot, Huskvarna<br \/>\n7 Andreas Carlson, riksdagsledamot, Solna \/ Mullsj\u00f6<br \/>\n8 Lisa-Maria Norlin, processledare, Sundsvall<br \/>\n9 Peter Kullgren, partisekreterare, Karlstad<br \/>\n10 Nike \u00d6rbrink, ordf\u00f6rande KDU ,Stockholm<br \/>\n11 Yusuf Aydin, gruppchef Riskmanagement, Botkyrka<br \/>\n12 Camilla Brodin, riksdagsledamot, T\u00e4by<br \/>\n13 Hans Eklind, riksdagsledamot, \u00d6rebro<br \/>\n14 Magnus Oscarsson, riksdagsledamot, \u00d6desh\u00f6g<br \/>\n15 Helena V\u00e5deg\u00e5rd, l\u00e4rare, S\u00e4ter<br \/>\n16 Elin Vikman, biomedicinsk analytiker, Falun<br \/>\n17 Roy Uppg\u00e5rd, f\u00f6retagare, Avesta<br \/>\n18 Elin \u00c5hman, bitr\u00e4dande rektor, Borl\u00e4nge<br \/>\n19 Jonas Wide, civilingenj\u00f6r, Ludvika<br \/>\n20 Carin Malm, pol kand statsvetenskap, Insj\u00f6n<br \/>\n21 Jonas Hillerstr\u00f6m, tj\u00e4nsteman, Borl\u00e4nge<br \/>\n22 Michael Jacobs, advokat, R\u00e4ttvik<br \/>\n23 Fredrika Birgersson, e-commerce manager, Malung-S\u00e4len<br \/>\n24 Dan Hellenberg, f\u00f6retagare, Dala-J\u00e4rna<br \/>\n25 Jonny Eriksson, teknikchef, Smedjebacken<br \/>\n26 Robert Dahlberg, f\u00f6retagare, Hedemora<br \/>\n27 Malin Sundin Grindal, mj\u00f6lkbonde, Orsa<br \/>\n28 Roger Westlund, tentamenssamordnare, Falun<br \/>\n29 Jeannie Lundqvist, familjehemsmamma, Avesta<br \/>\n30 Fredrik Ernlund, jurist, Falun<br \/>\n31 G\u00f6ran Aronson, systemingenj\u00f6r, Mora<br \/>\n32 Jimmy Stanford, distribut\u00f6r, Orsa<br \/>\n33 Marcus Jonsson, kommunikationsstrateg, Sundbyberg<\/p>\n","protected":false},"excerpt":{"rendered":"<p>V\u00e5ra toppkandidater 2022 Mathias Bengtsson, politisk sekreterare, Gagnef Lennart Sacr\u00e9deus, kommunfullm\u00e4ktiges ordf\u00f6rande, Mora Samuel Hedstr\u00f6m, fastighetsf\u00f6rvaltare, Borl\u00e4nge V\u00e5r riksdagsvalsedel 2022 1 Ebba Busch, partiledare, Uppsala 2 Mathias Bengtsson, politisk sekreterare, Gagnef 3 Lennart Sacr\u00e9deus, kommunfullm\u00e4ktiges ordf\u00f6rande, Mora 4 Samuel Hedstr\u00f6m, fastighetsf\u00f6rvaltare, Borl\u00e4nge 5 Jakob Forssmed, 1:e vice partiordf\u00f6rande, Sollentuna 6 Acko Ankarberg Johansson, riksdagsledamot, Huskvarna <a class=\"read-more-link\" href=\"https:\/\/wp.kristdemokraterna.se\/dalarna\/riksdag\/val-2022-2\/\">Read More<\/a><\/p>\n","protected":false},"author":790,"featured_media":0,"parent":473,"menu_order":0,"comment_status":"closed","ping_status":"closed","template":"","meta":{"_acf_changed":false,"footnotes":""},"class_list":["post-782","page","type-page","status-publish","hentry"],"acf":[],"yoast_head":"<!-- This site is optimized with the Yoast SEO plugin v27.3 - https:\/\/yoast.com\/product\/yoast-seo-wordpress\/ -->\n<title>Riksdagsvalet 2022 - Kristdemokraterna Dalarna<\/title>\n<meta name=\"robots\" content=\"index, follow, max-snippet:-1, max-image-preview:large, max-video-preview:-1\" \/>\n<link rel=\"canonical\" href=\"https:\/\/wp.kristdemokraterna.se\/dalarna\/riksdag\/val-2022-2\/\" \/>\n<meta property=\"og:locale\" content=\"sv_SE\" \/>\n<meta property=\"og:type\" content=\"article\" \/>\n<meta property=\"og:title\" content=\"Riksdagsvalet 2022 - Kristdemokraterna Dalarna\" \/>\n<meta property=\"og:description\" content=\"V\u00e5ra toppkandidater 2022 Mathias Bengtsson, politisk sekreterare, Gagnef Lennart Sacr\u00e9deus, kommunfullm\u00e4ktiges ordf\u00f6rande, Mora Samuel Hedstr\u00f6m, fastighetsf\u00f6rvaltare, Borl\u00e4nge V\u00e5r riksdagsvalsedel 2022 1 Ebba Busch, partiledare, Uppsala 2 Mathias Bengtsson, politisk sekreterare, Gagnef 3 Lennart Sacr\u00e9deus, kommunfullm\u00e4ktiges ordf\u00f6rande, Mora 4 Samuel Hedstr\u00f6m, fastighetsf\u00f6rvaltare, Borl\u00e4nge 5 Jakob Forssmed, 1:e vice partiordf\u00f6rande, Sollentuna 6 Acko Ankarberg Johansson, riksdagsledamot, Huskvarna Read More\" \/>\n<meta property=\"og:url\" content=\"https:\/\/wp.kristdemokraterna.se\/dalarna\/riksdag\/val-2022-2\/\" \/>\n<meta property=\"og:site_name\" content=\"Kristdemokraterna Dalarna\" \/>\n<meta property=\"article:modified_time\" content=\"2022-08-02T10:19:05+00:00\" \/>\n<meta property=\"og:image\" content=\"http:\/\/wp.kristdemokraterna.se\/dalarna\/files\/2022\/08\/bengtsson-1-300x225.jpg\" \/>\n<meta name=\"twitter:card\" content=\"summary_large_image\" \/>\n<meta name=\"twitter:label1\" content=\"Ber\u00e4knad l\u00e4stid\" \/>\n\t<meta name=\"twitter:data1\" content=\"1 minut\" \/>\n<script type=\"application\/ld+json\" class=\"yoast-schema-graph\">{\"@context\":\"https:\\\/\\\/schema.org\",\"@graph\":[{\"@type\":\"WebPage\",\"@id\":\"https:\\\/\\\/wp.kristdemokraterna.se\\\/dalarna\\\/riksdag\\\/val-2022-2\\\/\",\"url\":\"https:\\\/\\\/wp.kristdemokraterna.se\\\/dalarna\\\/riksdag\\\/val-2022-2\\\/\",\"name\":\"Riksdagsvalet 2022 - Kristdemokraterna Dalarna\",\"isPartOf\":{\"@id\":\"https:\\\/\\\/wp.kristdemokraterna.se\\\/dalarna\\\/#website\"},\"primaryImageOfPage\":{\"@id\":\"https:\\\/\\\/wp.kristdemokraterna.se\\\/dalarna\\\/riksdag\\\/val-2022-2\\\/#primaryimage\"},\"image\":{\"@id\":\"https:\\\/\\\/wp.kristdemokraterna.se\\\/dalarna\\\/riksdag\\\/val-2022-2\\\/#primaryimage\"},\"thumbnailUrl\":\"http:\\\/\\\/wp.kristdemokraterna.se\\\/dalarna\\\/files\\\/2022\\\/08\\\/bengtsson-1-300x225.jpg\",\"datePublished\":\"2022-08-02T10:05:58+00:00\",\"dateModified\":\"2022-08-02T10:19:05+00:00\",\"breadcrumb\":{\"@id\":\"https:\\\/\\\/wp.kristdemokraterna.se\\\/dalarna\\\/riksdag\\\/val-2022-2\\\/#breadcrumb\"},\"inLanguage\":\"sv-SE\",\"potentialAction\":[{\"@type\":\"ReadAction\",\"target\":[\"https:\\\/\\\/wp.kristdemokraterna.se\\\/dalarna\\\/riksdag\\\/val-2022-2\\\/\"]}]},{\"@type\":\"ImageObject\",\"inLanguage\":\"sv-SE\",\"@id\":\"https:\\\/\\\/wp.kristdemokraterna.se\\\/dalarna\\\/riksdag\\\/val-2022-2\\\/#primaryimage\",\"url\":\"http:\\\/\\\/wp.kristdemokraterna.se\\\/dalarna\\\/files\\\/2022\\\/08\\\/bengtsson-1-300x225.jpg\",\"contentUrl\":\"http:\\\/\\\/wp.kristdemokraterna.se\\\/dalarna\\\/files\\\/2022\\\/08\\\/bengtsson-1-300x225.jpg\"},{\"@type\":\"BreadcrumbList\",\"@id\":\"https:\\\/\\\/wp.kristdemokraterna.se\\\/dalarna\\\/riksdag\\\/val-2022-2\\\/#breadcrumb\",\"itemListElement\":[{\"@type\":\"ListItem\",\"position\":1,\"name\":\"Hem\",\"item\":\"https:\\\/\\\/wp.kristdemokraterna.se\\\/dalarna\\\/\"},{\"@type\":\"ListItem\",\"position\":2,\"name\":\"Riksdag\",\"item\":\"https:\\\/\\\/wp.kristdemokraterna.se\\\/dalarna\\\/riksdag\\\/\"},{\"@type\":\"ListItem\",\"position\":3,\"name\":\"Riksdagsvalet 2022\"}]},{\"@type\":\"WebSite\",\"@id\":\"https:\\\/\\\/wp.kristdemokraterna.se\\\/dalarna\\\/#website\",\"url\":\"https:\\\/\\\/wp.kristdemokraterna.se\\\/dalarna\\\/\",\"name\":\"Kristdemokraterna Dalarna\",\"description\":\"\",\"publisher\":{\"@id\":\"https:\\\/\\\/wp.kristdemokraterna.se\\\/dalarna\\\/#organization\"},\"inLanguage\":\"sv-SE\"},{\"@type\":\"Organization\",\"@id\":\"https:\\\/\\\/wp.kristdemokraterna.se\\\/dalarna\\\/#organization\",\"name\":\"Kristdemokraterna Dalarna\",\"url\":\"https:\\\/\\\/wp.kristdemokraterna.se\\\/dalarna\\\/\",\"logo\":{\"@type\":\"ImageObject\",\"inLanguage\":\"sv-SE\",\"@id\":\"https:\\\/\\\/wp.kristdemokraterna.se\\\/dalarna\\\/#\\\/schema\\\/logo\\\/image\\\/\",\"url\":\"https:\\\/\\\/wp.kristdemokraterna.se\\\/dalarna\\\/files\\\/2022\\\/08\\\/dalarna-sida-bla-300dpi.png\",\"contentUrl\":\"https:\\\/\\\/wp.kristdemokraterna.se\\\/dalarna\\\/files\\\/2022\\\/08\\\/dalarna-sida-bla-300dpi.png\",\"width\":1477,\"height\":681,\"caption\":\"Kristdemokraterna Dalarna\"},\"image\":{\"@id\":\"https:\\\/\\\/wp.kristdemokraterna.se\\\/dalarna\\\/#\\\/schema\\\/logo\\\/image\\\/\"}}]}<\/script>\n<!-- \/ Yoast SEO plugin. -->","yoast_head_json":{"title":"Riksdagsvalet 2022 - Kristdemokraterna Dalarna","robots":{"index":"index","follow":"follow","max-snippet":"max-snippet:-1","max-image-preview":"max-image-preview:large","max-video-preview":"max-video-preview:-1"},"canonical":"https:\/\/wp.kristdemokraterna.se\/dalarna\/riksdag\/val-2022-2\/","og_locale":"sv_SE","og_type":"article","og_title":"Riksdagsvalet 2022 - Kristdemokraterna Dalarna","og_description":"V\u00e5ra toppkandidater 2022 Mathias Bengtsson, politisk sekreterare, Gagnef Lennart Sacr\u00e9deus, kommunfullm\u00e4ktiges ordf\u00f6rande, Mora Samuel Hedstr\u00f6m, fastighetsf\u00f6rvaltare, Borl\u00e4nge V\u00e5r riksdagsvalsedel 2022 1 Ebba Busch, partiledare, Uppsala 2 Mathias Bengtsson, politisk sekreterare, Gagnef 3 Lennart Sacr\u00e9deus, kommunfullm\u00e4ktiges ordf\u00f6rande, Mora 4 Samuel Hedstr\u00f6m, fastighetsf\u00f6rvaltare, Borl\u00e4nge 5 Jakob Forssmed, 1:e vice partiordf\u00f6rande, Sollentuna 6 Acko Ankarberg Johansson, riksdagsledamot, Huskvarna Read More","og_url":"https:\/\/wp.kristdemokraterna.se\/dalarna\/riksdag\/val-2022-2\/","og_site_name":"Kristdemokraterna Dalarna","article_modified_time":"2022-08-02T10:19:05+00:00","og_image":[{"url":"http:\/\/wp.kristdemokraterna.se\/dalarna\/files\/2022\/08\/bengtsson-1-300x225.jpg","type":"","width":"","height":""}],"twitter_card":"summary_large_image","twitter_misc":{"Ber\u00e4knad l\u00e4stid":"1 minut"},"schema":{"@context":"https:\/\/schema.org","@graph":[{"@type":"WebPage","@id":"https:\/\/wp.kristdemokraterna.se\/dalarna\/riksdag\/val-2022-2\/","url":"https:\/\/wp.kristdemokraterna.se\/dalarna\/riksdag\/val-2022-2\/","name":"Riksdagsvalet 2022 - Kristdemokraterna Dalarna","isPartOf":{"@id":"https:\/\/wp.kristdemokraterna.se\/dalarna\/#website"},"primaryImageOfPage":{"@id":"https:\/\/wp.kristdemokraterna.se\/dalarna\/riksdag\/val-2022-2\/#primaryimage"},"image":{"@id":"https:\/\/wp.kristdemokraterna.se\/dalarna\/riksdag\/val-2022-2\/#primaryimage"},"thumbnailUrl":"http:\/\/wp.kristdemokraterna.se\/dalarna\/files\/2022\/08\/bengtsson-1-300x225.jpg","datePublished":"2022-08-02T10:05:58+00:00","dateModified":"2022-08-02T10:19:05+00:00","breadcrumb":{"@id":"https:\/\/wp.kristdemokraterna.se\/dalarna\/riksdag\/val-2022-2\/#breadcrumb"},"inLanguage":"sv-SE","potentialAction":[{"@type":"ReadAction","target":["https:\/\/wp.kristdemokraterna.se\/dalarna\/riksdag\/val-2022-2\/"]}]},{"@type":"ImageObject","inLanguage":"sv-SE","@id":"https:\/\/wp.kristdemokraterna.se\/dalarna\/riksdag\/val-2022-2\/#primaryimage","url":"http:\/\/wp.kristdemokraterna.se\/dalarna\/files\/2022\/08\/bengtsson-1-300x225.jpg","contentUrl":"http:\/\/wp.kristdemokraterna.se\/dalarna\/files\/2022\/08\/bengtsson-1-300x225.jpg"},{"@type":"BreadcrumbList","@id":"https:\/\/wp.kristdemokraterna.se\/dalarna\/riksdag\/val-2022-2\/#breadcrumb","itemListElement":[{"@type":"ListItem","position":1,"name":"Hem","item":"https:\/\/wp.kristdemokraterna.se\/dalarna\/"},{"@type":"ListItem","position":2,"name":"Riksdag","item":"https:\/\/wp.kristdemokraterna.se\/dalarna\/riksdag\/"},{"@type":"ListItem","position":3,"name":"Riksdagsvalet 2022"}]},{"@type":"WebSite","@id":"https:\/\/wp.kristdemokraterna.se\/dalarna\/#website","url":"https:\/\/wp.kristdemokraterna.se\/dalarna\/","name":"Kristdemokraterna Dalarna","description":"","publisher":{"@id":"https:\/\/wp.kristdemokraterna.se\/dalarna\/#organization"},"inLanguage":"sv-SE"},{"@type":"Organization","@id":"https:\/\/wp.kristdemokraterna.se\/dalarna\/#organization","name":"Kristdemokraterna Dalarna","url":"https:\/\/wp.kristdemokraterna.se\/dalarna\/","logo":{"@type":"ImageObject","inLanguage":"sv-SE","@id":"https:\/\/wp.kristdemokraterna.se\/dalarna\/#\/schema\/logo\/image\/","url":"https:\/\/wp.kristdemokraterna.se\/dalarna\/files\/2022\/08\/dalarna-sida-bla-300dpi.png","contentUrl":"https:\/\/wp.kristdemokraterna.se\/dalarna\/files\/2022\/08\/dalarna-sida-bla-300dpi.png","width":1477,"height":681,"caption":"Kristdemokraterna Dalarna"},"image":{"@id":"https:\/\/wp.kristdemokraterna.se\/dalarna\/#\/schema\/logo\/image\/"}}]}},"_links":{"self":[{"href":"https:\/\/wp.kristdemokraterna.se\/dalarna\/wp-json\/wp\/v2\/pages\/782","targetHints":{"allow":["GET"]}}],"collection":[{"href":"https:\/\/wp.kristdemokraterna.se\/dalarna\/wp-json\/wp\/v2\/pages"}],"about":[{"href":"https:\/\/wp.kristdemokraterna.se\/dalarna\/wp-json\/wp\/v2\/types\/page"}],"author":[{"embeddable":true,"href":"https:\/\/wp.kristdemokraterna.se\/dalarna\/wp-json\/wp\/v2\/users\/790"}],"replies":[{"embeddable":true,"href":"https:\/\/wp.kristdemokraterna.se\/dalarna\/wp-json\/wp\/v2\/comments?post=782"}],"version-history":[{"count":2,"href":"https:\/\/wp.kristdemokraterna.se\/dalarna\/wp-json\/wp\/v2\/pages\/782\/revisions"}],"predecessor-version":[{"id":789,"href":"https:\/\/wp.kristdemokraterna.se\/dalarna\/wp-json\/wp\/v2\/pages\/782\/revisions\/789"}],"up":[{"embeddable":true,"href":"https:\/\/wp.kristdemokraterna.se\/dalarna\/wp-json\/wp\/v2\/pages\/473"}],"wp:attachment":[{"href":"https:\/\/wp.kristdemokraterna.se\/dalarna\/wp-json\/wp\/v2\/media?parent=782"}],"curies":[{"name":"wp","href":"https:\/\/api.w.org\/{rel}","templated":true}]}}