{"id":81,"date":"2014-08-07T14:02:57","date_gmt":"2014-08-07T12:02:57","guid":{"rendered":"http:\/\/wp.kristdemokraterna.se\/dalarna\/?page_id=81"},"modified":"2022-06-17T14:31:54","modified_gmt":"2022-06-17T12:31:54","slug":"avesta","status":"publish","type":"page","link":"https:\/\/wp.kristdemokraterna.se\/dalarna\/kommun\/avesta\/","title":{"rendered":"Avesta"},"content":{"rendered":"<h2>Redo f\u00f6r nystart<\/h2>\n<h4>1. Stoppa (S)l\u00f6seriet!<\/h4>\n<p>Det m\u00e5ste bli billigare att vara svensk. Allt b\u00f6rjar med f\u00f6rvaltarskap av v\u00e5ra gemensamma<br \/>\nresurser. (S) brister b\u00e5de kommunalt liksom i riket i sin helhet. V\u00e5r gemensamma ekonomi<br \/>\nska hanteras smartare!<br \/>\nV\u00e5ra kommunala skattemedel ska brukas effektivt, ge underlag f\u00f6r en robust service i hela<br \/>\nkommunen. Det ska g\u00e5 att bo gott, leva och verka \u00e4ven utanf\u00f6r stadsk\u00e4rnan!<\/p>\n<h4>2. Barnen \u00e4r v\u00e5r framtid!<\/h4>\n<p>Barnens b\u00e4sta \u00e4r en prioritet f\u00f6r Avestas vuxna. Skolans fr\u00e4msta uppgift \u00e4r att tillhandah\u00e5lla<br \/>\nen undervisning som tillgodoser alla elevers behov av st\u00f6d, hj\u00e4lp och utmaningar s\u00e5<br \/>\nindividuellt som m\u00f6jligt.<\/p>\n<h4>3. Avesta Kommuns \u00e4ldre f\u00f6rtj\u00e4nar b\u00e4ttre!<\/h4>\n<p>V\u00e5r uppgift \u00e4r att ge de \u00e4ldre en st\u00f6rre valfrihet \u00e4n vad som finns idag, b\u00e5de inom v\u00e5rd och<br \/>\nomsorg. Vi vill bygga l\u00e4ngre relationer med brukare och personal.<\/p>\n<h4>4. \u00d6kad trygghet!<\/h4>\n<p>KD i Avesta vill, s\u00e5 l\u00e5ngt m\u00f6jligt, hj\u00e4lpa och st\u00f6dja polisen i deras arbete med den \u00f6kade<br \/>\nbrottsligheten. Med en \u00f6kad polist\u00e4thet i hela kommunen kan kriminalitet beivras med hj\u00e4lp<br \/>\nav t.ex. mer kamera\u00f6vervakning som finns p\u00e5 flera platser.<\/p>\n<h2>V\u00e5ra vall\u00f6ften:<\/h2>\n<ul>\n<li>Skolans k\u00e4rnuppgift \u00e4r att se till samtliga elevers <em>individuella <\/em>behov.<\/li>\n<li>N\u00e4ringslivsklimat; inta minst plats 3 i Dalarna!<\/li>\n<li>Avesta tillf\u00f6rs fler synliga poliser, mer kamera\u00f6vervakning.<\/li>\n<li>\u00c4ldres m\u00f6jlighet till gemenskap st\u00e4rks, st\u00f6rre valfrihet inom v\u00e5rden.<\/li>\n<li>Personalkontinuitet 12 personal p\u00e5 en 14 \u2013dagarsperiod.<\/li>\n<li>Fler bostadsr\u00e4tter i Avesta samt prioritet f\u00f6r strandn\u00e4ra villabebyggelser utanf\u00f6r centralort.<\/li>\n<li>St\u00e4llplatser f\u00f6r husbilar och husvagnar.<\/li>\n<li>Snabb integration \u2013 spr\u00e5ktr\u00e4ning p\u00e5 jobbet.<\/li>\n<\/ul>\n<h2>V\u00e5r vision: Ett gott Avesta f\u00f6r alla!<\/h2>\n<p>Det ska vara sj\u00e4lvklart med god service i hela kommunen, att bo och leva \u00e4ven utanf\u00f6r stadsk\u00e4rnan.<br \/>\nGod och n\u00e4ra v\u00e5rd n\u00e4r vi \u00e4r sjuka, tanka bilen, arbeta, handla och f\u00e5 hj\u00e4lp av polisen n\u00e4r vi \u00e4r utsatta<br \/>\nf\u00f6r brott. Att anv\u00e4nda v\u00e5ra gemensamma skattemedel effektivt, \u00e4r att anv\u00e4nda dem varsamt \u2013 och<br \/>\nd\u00e4rmed h\u00e5llbart.<\/p>\n<p>Barnets b\u00e4sta m\u00e5ste vi vuxna i mycket h\u00f6gre grad ta h\u00e4nsyn till. Vi f\u00e5r aldrig skylla p\u00e5 ekonomi n\u00e4r vi<br \/>\nser att barn far illa. Skolans uppgift att bl.a. lotsa eleverna till beh\u00f6righet f\u00f6r eftergymnasiala studier<br \/>\nv\u00e4rnas, samtidigt som <em>samtliga elevers individuella behov tillgodoses<\/em>. Att bli <em>sedda<\/em>!<\/p>\n<p>F\u00f6retagare \u00e4r mycket viktiga f\u00f6r bygdens \u00f6verlevnad och KD arbetar med ett uppmuntrande<br \/>\nf\u00f6rh\u00e5llningss\u00e4tt, och prioriterar snabb handl\u00e4ggning. Livskraftiga f\u00f6retag ger jobb och skapar tillv\u00e4xt<br \/>\noch goda f\u00f6ruts\u00e4ttningar f\u00f6r kommuninnev\u00e5narna, ska d\u00e4rf\u00f6r uppmuntras. <em>Vi vill f\u00f6rb\u00e4ttra n\u00e4ringslivsklimatet i Avesta, vara topp 3 bland Dalarnas kommuner<\/em>! Vidare uppmuntras socialt<br \/>\nf\u00f6retagande i civilsamh\u00e4llets regi.<\/p>\n<p>Avesta ska ha l\u00e5g kriminalitet, s\u00e5 \u00e4r det inte idag. Vi beh\u00f6ver f\u00e5 \u00f6kad robusthet, mer<br \/>\nkamera\u00f6vervakning samt fler <em>synliga poliser p\u00e5 v\u00e5ra gator<\/em>. Polisen ska ha tid och resurser att<br \/>\nbek\u00e4mpa brott.<\/p>\n<p>Sveriges \u00e4ldre f\u00f6rtj\u00e4nar en \u00e4ldreomsorg i v\u00e4rldsklass. Pension\u00e4rers ekonomi m\u00e5ste f\u00f6rb\u00e4ttras och<br \/>\n<em>\u00e4ldres m\u00f6jlighet till gemenskap st\u00e4rkas<\/em>. <em>Valfrihet inom v\u00e5rden<\/em> inneb\u00e4r m\u00f6jlighet till \u00f6kad kvalitet<br \/>\ns\u00e5v\u00e4l f\u00f6r personal som brukare. Vad avser <em>personalkontinuitet<\/em> i hemtj\u00e4nsten som idag inneb\u00e4r att<br \/>\nbrukare i genomsnitt m\u00f6ter 19 olika personer under en 14-dagarsperiod ska minskas <em>till 12 personal<\/em><br \/>\n<em>under tv\u00e5 veckor<\/em>.<\/p>\n<p>I kommunen b\u00f6r underl\u00e4ttande av den s\u00e5 kallade flyttkedjan ses \u00f6ver, s\u00e5 till vida att det skapas m\u00f6jlighet f\u00f6r<br \/>\n\u00e4ldre boende i egnahem att flytta in i <em>ett boende med bostadsr\u00e4tt<\/em>. Det kan \u00f6ppna m\u00f6jligheter till nya<br \/>\nbost\u00e4der till nyinflyttade kommuninnev\u00e5nare eller barnfamilj med \u00f6kat krav av bostadsyta.<br \/>\nStrandn\u00e4ra villabebyggelse p\u00e5 landsbygden uppmuntras. Snabb och gener\u00f6s handl\u00e4ggning fr\u00e5n<br \/>\nkommunens sida \u00e4r \u00f6nskv\u00e4rt.<\/p>\n<p>F\u00f6r turisters behov av service inte minst under sommarhalv\u00e5ret, bes\u00f6kare och arbetspendlare,<br \/>\nbeh\u00f6ver dessa f\u00e5 fler <em>st\u00e4llplatser f\u00f6r bl.a. husbilar<\/em> \u2013 ett l\u00f6fte vi haft under m\u00e5nga \u00e5r, \u00e4ven s\u00e5 detta<br \/>\nval\u00e5r.<\/p>\n<p>Snabbare integration av nyanl\u00e4nda \u00e4r ett m\u00e5ste och en avg\u00f6rande faktor \u00e4r svenskundervisning. Att<br \/>\n<em>l\u00e4ra sig spr\u00e5ket p\u00e5 jobbet<\/em> \u00e4r en underskattad metod.<\/p>\n<p>M\u00e5ste bli billigare att vara svensk! Det senaste \u00e5ret har m\u00e5nga g\u00e5tt p\u00e5 kn\u00e4na till f\u00f6ljd av svindyra<br \/>\ndrivmedel och skyh\u00f6ga elpriser. Det \u00e4r inte \u00f6ver \u00e4n. D\u00e4rf\u00f6r beh\u00f6ver vi byta regering!<\/p>\n<div id=\"attachment_660\" style=\"width: 550px\" class=\"wp-caption alignnone\"><img loading=\"lazy\" decoding=\"async\" aria-describedby=\"caption-attachment-660\" class=\"wp-image-660 size-large\" src=\"http:\/\/wp.kristdemokraterna.se\/dalarna\/files\/2022\/06\/avesta-roy-540x405.jpg\" alt=\"\" width=\"540\" height=\"405\" srcset=\"https:\/\/wp.kristdemokraterna.se\/dalarna\/files\/2022\/06\/avesta-roy-540x405.jpg 540w, https:\/\/wp.kristdemokraterna.se\/dalarna\/files\/2022\/06\/avesta-roy-300x225.jpg 300w, https:\/\/wp.kristdemokraterna.se\/dalarna\/files\/2022\/06\/avesta-roy-768x576.jpg 768w, https:\/\/wp.kristdemokraterna.se\/dalarna\/files\/2022\/06\/avesta-roy-1536x1152.jpg 1536w, https:\/\/wp.kristdemokraterna.se\/dalarna\/files\/2022\/06\/avesta-roy-2048x1536.jpg 2048w, https:\/\/wp.kristdemokraterna.se\/dalarna\/files\/2022\/06\/avesta-roy-267x200.jpg 267w, https:\/\/wp.kristdemokraterna.se\/dalarna\/files\/2022\/06\/avesta-roy-370x278.jpg 370w, https:\/\/wp.kristdemokraterna.se\/dalarna\/files\/2022\/06\/avesta-roy-770x578.jpg 770w, https:\/\/wp.kristdemokraterna.se\/dalarna\/files\/2022\/06\/avesta-roy-450x338.jpg 450w, https:\/\/wp.kristdemokraterna.se\/dalarna\/files\/2022\/06\/avesta-roy-280x210.jpg 280w, https:\/\/wp.kristdemokraterna.se\/dalarna\/files\/2022\/06\/avesta-roy-340x255.jpg 340w, https:\/\/wp.kristdemokraterna.se\/dalarna\/files\/2022\/06\/avesta-roy-200x150.jpg 200w, https:\/\/wp.kristdemokraterna.se\/dalarna\/files\/2022\/06\/avesta-roy-75x56.jpg 75w\" sizes=\"auto, (max-width: 540px) 100vw, 540px\" \/><p id=\"caption-attachment-660\" class=\"wp-caption-text\">Roy Uppg\u00e5rd<\/p><\/div>\n<h4>Facebook: <a href=\"https:\/\/www.facebook.com\/kdavesta\">Kristdemokraterna Avesta<\/a><\/h4>\n","protected":false},"excerpt":{"rendered":"<p>Redo f\u00f6r nystart 1. Stoppa (S)l\u00f6seriet! Det m\u00e5ste bli billigare att vara svensk. Allt b\u00f6rjar med f\u00f6rvaltarskap av v\u00e5ra gemensamma resurser. (S) brister b\u00e5de kommunalt liksom i riket i sin helhet. V\u00e5r gemensamma ekonomi ska hanteras smartare! V\u00e5ra kommunala skattemedel ska brukas effektivt, ge underlag f\u00f6r en robust service i hela kommunen. Det ska g\u00e5 <a class=\"read-more-link\" href=\"https:\/\/wp.kristdemokraterna.se\/dalarna\/kommun\/avesta\/\">Read More<\/a><\/p>\n","protected":false},"author":520,"featured_media":0,"parent":61,"menu_order":9,"comment_status":"closed","ping_status":"closed","template":"","meta":{"_acf_changed":false,"footnotes":""},"class_list":["post-81","page","type-page","status-publish","hentry"],"acf":[],"yoast_head":"<!-- This site is optimized with the Yoast SEO plugin v27.4 - https:\/\/yoast.com\/product\/yoast-seo-wordpress\/ -->\n<title>Avesta - Kristdemokraterna Dalarna<\/title>\n<meta name=\"robots\" content=\"index, follow, max-snippet:-1, max-image-preview:large, max-video-preview:-1\" \/>\n<link rel=\"canonical\" href=\"https:\/\/wp.kristdemokraterna.se\/dalarna\/kommun\/avesta\/\" \/>\n<meta property=\"og:locale\" content=\"sv_SE\" \/>\n<meta property=\"og:type\" content=\"article\" \/>\n<meta property=\"og:title\" content=\"Avesta - Kristdemokraterna Dalarna\" \/>\n<meta property=\"og:description\" content=\"Redo f\u00f6r nystart 1. Stoppa (S)l\u00f6seriet! Det m\u00e5ste bli billigare att vara svensk. Allt b\u00f6rjar med f\u00f6rvaltarskap av v\u00e5ra gemensamma resurser. (S) brister b\u00e5de kommunalt liksom i riket i sin helhet. V\u00e5r gemensamma ekonomi ska hanteras smartare! V\u00e5ra kommunala skattemedel ska brukas effektivt, ge underlag f\u00f6r en robust service i hela kommunen. Det ska g\u00e5 Read More\" \/>\n<meta property=\"og:url\" content=\"https:\/\/wp.kristdemokraterna.se\/dalarna\/kommun\/avesta\/\" \/>\n<meta property=\"og:site_name\" content=\"Kristdemokraterna Dalarna\" \/>\n<meta property=\"article:modified_time\" content=\"2022-06-17T12:31:54+00:00\" \/>\n<meta property=\"og:image\" content=\"http:\/\/wp.kristdemokraterna.se\/dalarna\/files\/2022\/06\/avesta-roy-540x405.jpg\" \/>\n<meta name=\"twitter:card\" content=\"summary_large_image\" \/>\n<meta name=\"twitter:label1\" content=\"Ber\u00e4knad l\u00e4stid\" \/>\n\t<meta name=\"twitter:data1\" content=\"4 minuter\" \/>\n<script type=\"application\/ld+json\" class=\"yoast-schema-graph\">{\"@context\":\"https:\\\/\\\/schema.org\",\"@graph\":[{\"@type\":\"WebPage\",\"@id\":\"https:\\\/\\\/wp.kristdemokraterna.se\\\/dalarna\\\/kommun\\\/avesta\\\/\",\"url\":\"https:\\\/\\\/wp.kristdemokraterna.se\\\/dalarna\\\/kommun\\\/avesta\\\/\",\"name\":\"Avesta - Kristdemokraterna Dalarna\",\"isPartOf\":{\"@id\":\"https:\\\/\\\/wp.kristdemokraterna.se\\\/dalarna\\\/#website\"},\"primaryImageOfPage\":{\"@id\":\"https:\\\/\\\/wp.kristdemokraterna.se\\\/dalarna\\\/kommun\\\/avesta\\\/#primaryimage\"},\"image\":{\"@id\":\"https:\\\/\\\/wp.kristdemokraterna.se\\\/dalarna\\\/kommun\\\/avesta\\\/#primaryimage\"},\"thumbnailUrl\":\"http:\\\/\\\/wp.kristdemokraterna.se\\\/dalarna\\\/files\\\/2022\\\/06\\\/avesta-roy-540x405.jpg\",\"datePublished\":\"2014-08-07T12:02:57+00:00\",\"dateModified\":\"2022-06-17T12:31:54+00:00\",\"breadcrumb\":{\"@id\":\"https:\\\/\\\/wp.kristdemokraterna.se\\\/dalarna\\\/kommun\\\/avesta\\\/#breadcrumb\"},\"inLanguage\":\"sv-SE\",\"potentialAction\":[{\"@type\":\"ReadAction\",\"target\":[\"https:\\\/\\\/wp.kristdemokraterna.se\\\/dalarna\\\/kommun\\\/avesta\\\/\"]}]},{\"@type\":\"ImageObject\",\"inLanguage\":\"sv-SE\",\"@id\":\"https:\\\/\\\/wp.kristdemokraterna.se\\\/dalarna\\\/kommun\\\/avesta\\\/#primaryimage\",\"url\":\"http:\\\/\\\/wp.kristdemokraterna.se\\\/dalarna\\\/files\\\/2022\\\/06\\\/avesta-roy-540x405.jpg\",\"contentUrl\":\"http:\\\/\\\/wp.kristdemokraterna.se\\\/dalarna\\\/files\\\/2022\\\/06\\\/avesta-roy-540x405.jpg\"},{\"@type\":\"BreadcrumbList\",\"@id\":\"https:\\\/\\\/wp.kristdemokraterna.se\\\/dalarna\\\/kommun\\\/avesta\\\/#breadcrumb\",\"itemListElement\":[{\"@type\":\"ListItem\",\"position\":1,\"name\":\"Hem\",\"item\":\"https:\\\/\\\/wp.kristdemokraterna.se\\\/dalarna\\\/\"},{\"@type\":\"ListItem\",\"position\":2,\"name\":\"Kommun\",\"item\":\"https:\\\/\\\/wp.kristdemokraterna.se\\\/dalarna\\\/kommun\\\/\"},{\"@type\":\"ListItem\",\"position\":3,\"name\":\"Avesta\"}]},{\"@type\":\"WebSite\",\"@id\":\"https:\\\/\\\/wp.kristdemokraterna.se\\\/dalarna\\\/#website\",\"url\":\"https:\\\/\\\/wp.kristdemokraterna.se\\\/dalarna\\\/\",\"name\":\"Kristdemokraterna Dalarna\",\"description\":\"\",\"publisher\":{\"@id\":\"https:\\\/\\\/wp.kristdemokraterna.se\\\/dalarna\\\/#organization\"},\"inLanguage\":\"sv-SE\"},{\"@type\":\"Organization\",\"@id\":\"https:\\\/\\\/wp.kristdemokraterna.se\\\/dalarna\\\/#organization\",\"name\":\"Kristdemokraterna Dalarna\",\"url\":\"https:\\\/\\\/wp.kristdemokraterna.se\\\/dalarna\\\/\",\"logo\":{\"@type\":\"ImageObject\",\"inLanguage\":\"sv-SE\",\"@id\":\"https:\\\/\\\/wp.kristdemokraterna.se\\\/dalarna\\\/#\\\/schema\\\/logo\\\/image\\\/\",\"url\":\"https:\\\/\\\/wp.kristdemokraterna.se\\\/dalarna\\\/files\\\/2022\\\/08\\\/dalarna-sida-bla-300dpi.png\",\"contentUrl\":\"https:\\\/\\\/wp.kristdemokraterna.se\\\/dalarna\\\/files\\\/2022\\\/08\\\/dalarna-sida-bla-300dpi.png\",\"width\":1477,\"height\":681,\"caption\":\"Kristdemokraterna Dalarna\"},\"image\":{\"@id\":\"https:\\\/\\\/wp.kristdemokraterna.se\\\/dalarna\\\/#\\\/schema\\\/logo\\\/image\\\/\"}}]}<\/script>\n<!-- \/ Yoast SEO plugin. -->","yoast_head_json":{"title":"Avesta - Kristdemokraterna Dalarna","robots":{"index":"index","follow":"follow","max-snippet":"max-snippet:-1","max-image-preview":"max-image-preview:large","max-video-preview":"max-video-preview:-1"},"canonical":"https:\/\/wp.kristdemokraterna.se\/dalarna\/kommun\/avesta\/","og_locale":"sv_SE","og_type":"article","og_title":"Avesta - Kristdemokraterna Dalarna","og_description":"Redo f\u00f6r nystart 1. Stoppa (S)l\u00f6seriet! Det m\u00e5ste bli billigare att vara svensk. Allt b\u00f6rjar med f\u00f6rvaltarskap av v\u00e5ra gemensamma resurser. (S) brister b\u00e5de kommunalt liksom i riket i sin helhet. V\u00e5r gemensamma ekonomi ska hanteras smartare! V\u00e5ra kommunala skattemedel ska brukas effektivt, ge underlag f\u00f6r en robust service i hela kommunen. Det ska g\u00e5 Read More","og_url":"https:\/\/wp.kristdemokraterna.se\/dalarna\/kommun\/avesta\/","og_site_name":"Kristdemokraterna Dalarna","article_modified_time":"2022-06-17T12:31:54+00:00","og_image":[{"url":"http:\/\/wp.kristdemokraterna.se\/dalarna\/files\/2022\/06\/avesta-roy-540x405.jpg","type":"","width":"","height":""}],"twitter_card":"summary_large_image","twitter_misc":{"Ber\u00e4knad l\u00e4stid":"4 minuter"},"schema":{"@context":"https:\/\/schema.org","@graph":[{"@type":"WebPage","@id":"https:\/\/wp.kristdemokraterna.se\/dalarna\/kommun\/avesta\/","url":"https:\/\/wp.kristdemokraterna.se\/dalarna\/kommun\/avesta\/","name":"Avesta - Kristdemokraterna Dalarna","isPartOf":{"@id":"https:\/\/wp.kristdemokraterna.se\/dalarna\/#website"},"primaryImageOfPage":{"@id":"https:\/\/wp.kristdemokraterna.se\/dalarna\/kommun\/avesta\/#primaryimage"},"image":{"@id":"https:\/\/wp.kristdemokraterna.se\/dalarna\/kommun\/avesta\/#primaryimage"},"thumbnailUrl":"http:\/\/wp.kristdemokraterna.se\/dalarna\/files\/2022\/06\/avesta-roy-540x405.jpg","datePublished":"2014-08-07T12:02:57+00:00","dateModified":"2022-06-17T12:31:54+00:00","breadcrumb":{"@id":"https:\/\/wp.kristdemokraterna.se\/dalarna\/kommun\/avesta\/#breadcrumb"},"inLanguage":"sv-SE","potentialAction":[{"@type":"ReadAction","target":["https:\/\/wp.kristdemokraterna.se\/dalarna\/kommun\/avesta\/"]}]},{"@type":"ImageObject","inLanguage":"sv-SE","@id":"https:\/\/wp.kristdemokraterna.se\/dalarna\/kommun\/avesta\/#primaryimage","url":"http:\/\/wp.kristdemokraterna.se\/dalarna\/files\/2022\/06\/avesta-roy-540x405.jpg","contentUrl":"http:\/\/wp.kristdemokraterna.se\/dalarna\/files\/2022\/06\/avesta-roy-540x405.jpg"},{"@type":"BreadcrumbList","@id":"https:\/\/wp.kristdemokraterna.se\/dalarna\/kommun\/avesta\/#breadcrumb","itemListElement":[{"@type":"ListItem","position":1,"name":"Hem","item":"https:\/\/wp.kristdemokraterna.se\/dalarna\/"},{"@type":"ListItem","position":2,"name":"Kommun","item":"https:\/\/wp.kristdemokraterna.se\/dalarna\/kommun\/"},{"@type":"ListItem","position":3,"name":"Avesta"}]},{"@type":"WebSite","@id":"https:\/\/wp.kristdemokraterna.se\/dalarna\/#website","url":"https:\/\/wp.kristdemokraterna.se\/dalarna\/","name":"Kristdemokraterna Dalarna","description":"","publisher":{"@id":"https:\/\/wp.kristdemokraterna.se\/dalarna\/#organization"},"inLanguage":"sv-SE"},{"@type":"Organization","@id":"https:\/\/wp.kristdemokraterna.se\/dalarna\/#organization","name":"Kristdemokraterna Dalarna","url":"https:\/\/wp.kristdemokraterna.se\/dalarna\/","logo":{"@type":"ImageObject","inLanguage":"sv-SE","@id":"https:\/\/wp.kristdemokraterna.se\/dalarna\/#\/schema\/logo\/image\/","url":"https:\/\/wp.kristdemokraterna.se\/dalarna\/files\/2022\/08\/dalarna-sida-bla-300dpi.png","contentUrl":"https:\/\/wp.kristdemokraterna.se\/dalarna\/files\/2022\/08\/dalarna-sida-bla-300dpi.png","width":1477,"height":681,"caption":"Kristdemokraterna Dalarna"},"image":{"@id":"https:\/\/wp.kristdemokraterna.se\/dalarna\/#\/schema\/logo\/image\/"}}]}},"_links":{"self":[{"href":"https:\/\/wp.kristdemokraterna.se\/dalarna\/wp-json\/wp\/v2\/pages\/81","targetHints":{"allow":["GET"]}}],"collection":[{"href":"https:\/\/wp.kristdemokraterna.se\/dalarna\/wp-json\/wp\/v2\/pages"}],"about":[{"href":"https:\/\/wp.kristdemokraterna.se\/dalarna\/wp-json\/wp\/v2\/types\/page"}],"author":[{"embeddable":true,"href":"https:\/\/wp.kristdemokraterna.se\/dalarna\/wp-json\/wp\/v2\/users\/520"}],"replies":[{"embeddable":true,"href":"https:\/\/wp.kristdemokraterna.se\/dalarna\/wp-json\/wp\/v2\/comments?post=81"}],"version-history":[{"count":9,"href":"https:\/\/wp.kristdemokraterna.se\/dalarna\/wp-json\/wp\/v2\/pages\/81\/revisions"}],"predecessor-version":[{"id":678,"href":"https:\/\/wp.kristdemokraterna.se\/dalarna\/wp-json\/wp\/v2\/pages\/81\/revisions\/678"}],"up":[{"embeddable":true,"href":"https:\/\/wp.kristdemokraterna.se\/dalarna\/wp-json\/wp\/v2\/pages\/61"}],"wp:attachment":[{"href":"https:\/\/wp.kristdemokraterna.se\/dalarna\/wp-json\/wp\/v2\/media?parent=81"}],"curies":[{"name":"wp","href":"https:\/\/api.w.org\/{rel}","templated":true}]}}