{"id":1347,"date":"2021-11-09T15:13:55","date_gmt":"2021-11-09T14:13:55","guid":{"rendered":"https:\/\/wp.kristdemokraterna.se\/danderyd\/?page_id=1347"},"modified":"2023-08-17T15:07:33","modified_gmt":"2023-08-17T13:07:33","slug":"sara-degrer","status":"publish","type":"page","link":"https:\/\/wp.kristdemokraterna.se\/danderyd\/sara-degrer\/","title":{"rendered":"Sara Degr\u00e9r"},"content":{"rendered":"<p><img loading=\"lazy\" decoding=\"async\" class=\"aligncenter size-medium wp-image-1137\" src=\"http:\/\/wp.kristdemokraterna.se\/danderyd\/files\/2020\/11\/image2-300x300.jpeg\" alt=\"\" width=\"300\" height=\"300\" \/><\/p>\n<p style=\"text-align: left\"><strong>Gruppledare<\/strong><br \/>\nUtbildningsn\u00e4mnden, kommunstyrelsen med flera uppdrag<br \/>\nKontakt: <a href=\"mailto:Sara.Degrer@danderyd.se\">Sara.Degrer@danderyd.se<\/a><\/p>\n<p><strong>Om Sara:<\/strong><br \/>\nSara Degr\u00e9r \u00e4r f\u00f6dd 1974 i Karlskrona och flyttade till Stocksund 2006, f\u00f6r naturen, trevliga tr\u00e4dg\u00e5rdsidyllen, bra skolor, n\u00e4rheten till city, kulturutbud, stort f\u00f6reningsliv och trygga milj\u00f6er Hon har en F\u00f6rskoll\u00e4rarexamen fr\u00e5n Kalmars h\u00f6gskola, en fil.kand examen i Psykologi och en fil.mag examen i Pedagogik fr\u00e5n Lunds Universitet samt en L\u00e4rarutbildning fr\u00e5n Stockholmsuniversitet. Nu driver hon ett eget webbf\u00f6retag. Sara \u00e4r gift, har fyra barn och hund. Hennes stora intressen \u00e4r inredning, resa, uppt\u00e4cka nya platser, sm\u00e5 och stora st\u00e4der, intressanta milj\u00f6er och kulturella utbyten. G\u00e5r hellre runt i Venedigs katedraler och museum eller timmar p\u00e5 Disneyworld i Florida \u00e4n ligger p\u00e5 stranden. Sara har f\u00f6rarbevis och seglade i m\u00e5nga \u00e5r, men har p\u00e5 senare tid bytt till motorb\u00e5t och \u00e5ker ut i sk\u00e4rg\u00e5rden med familjen s\u00e5 ofta hon kan. Hon \u00e4r en vinterm\u00e4nniska och gillar slalom, l\u00e5ngf\u00e4rdsskidor och skridskor.<\/p>\n<p>Sara engagerade sig i Kristdemokraterna d\u00e5 ideologierna \u00e4r f\u00f6renligt med hennes principer f\u00f6r friheten att forma sitt eget liv, politiken ska st\u00f6dja inte styra. Sara har ett brett politiskt intresse men brinner extra f\u00f6r familjepolitik, barn och unga, skola och utbildning samt h\u00e4lsa och milj\u00f6. Att f\u00e5 m\u00f6jlighet att skapa de b\u00e4sta f\u00f6ruts\u00e4ttningarna f\u00f6r v\u00e5ra unga- v\u00e5r framtid! Hon \u00e4r f\u00f6r ett aktivt och fritt skolval och vill satsa p\u00e5 m\u00e5ngfald f\u00f6r f\u00f6r\u00e4ldrar att v\u00e4lja f\u00f6rskola och skola som passar b\u00e4st f\u00f6r deras barns behov och f\u00f6ruts\u00e4ttningar. Satsningar p\u00e5 vidareutbildning f\u00f6r pedagoger och personal anpassade till samh\u00e4llets utveckling. Kunskapskraven f\u00f6r barn och elever \u00e4ndras i v\u00e5rt snabba teknologiska samh\u00e4lle och skolan m\u00e5ste vara en del i denna utveckling. Vikten av att skapa trygga l\u00e4rmilj\u00f6er d\u00e4r individen st\u00f6ttas f\u00f6r den hon eller han \u00e4r och vill vara. Trygghet och tillit till sin egenf\u00f6rm\u00e5ga och satsningar f\u00f6r att motverka psykisk oh\u00e4lsa och noll tolerans mot mobbning.<\/p>\n<p>Satsningar p\u00e5 s\u00e4rbeg\u00e5vade elever och fler yrkeskategorier i skolan f\u00f6r att st\u00f6tta och hj\u00e4lpa barn och elever, samt ett h\u00f6gre v\u00e5rdnadsansvar. Sara valdes till ordf\u00f6rande f\u00f6r KD Danderyd februari 2021 och \u00e4r 1:a vice ordf\u00f6rande i Milj\u00f6- och h\u00e4lsoskyddsn\u00e4mnden. Hon \u00e4r en positiv person som gillar utmaningar, h\u00f6gt tempo och ser m\u00f6jligheter ist\u00e4llet f\u00f6r hinder. Hennes styrkor \u00e4r ledarskap, v\u00e5gar ta beslut, arbeta mot ett tydligt m\u00e5l, organisera, kommunikativ, konkret, flexibel, inkluderande i sitt ledarskap, lyh\u00f6rd och har l\u00e4tt att samarbeta med andra. Tillsammans! F\u00f6r ett starkare KD- Ett tryggare Danderyd<\/p>\n","protected":false},"excerpt":{"rendered":"<p>Gruppledare Utbildningsn\u00e4mnden, kommunstyrelsen med flera uppdrag Kontakt: Sara.Degrer@danderyd.se Om Sara: Sara Degr\u00e9r \u00e4r f\u00f6dd 1974 i Karlskrona och flyttade till Stocksund 2006, f\u00f6r naturen, trevliga tr\u00e4dg\u00e5rdsidyllen, bra skolor, n\u00e4rheten till city, kulturutbud, stort f\u00f6reningsliv och trygga milj\u00f6er Hon har en F\u00f6rskoll\u00e4rarexamen fr\u00e5n Kalmars h\u00f6gskola, en fil.kand examen i Psykologi och en fil.mag examen i Pedagogik <a class=\"read-more-link\" href=\"https:\/\/wp.kristdemokraterna.se\/danderyd\/sara-degrer\/\">Read More<\/a><\/p>\n","protected":false},"author":549,"featured_media":0,"parent":0,"menu_order":0,"comment_status":"closed","ping_status":"closed","template":"","meta":{"_acf_changed":false,"footnotes":""},"class_list":["post-1347","page","type-page","status-publish","hentry"],"acf":[],"yoast_head":"<!-- This site is optimized with the Yoast SEO plugin v27.3 - https:\/\/yoast.com\/product\/yoast-seo-wordpress\/ -->\n<title>Sara Degr\u00e9r - Danderyd<\/title>\n<meta name=\"robots\" content=\"index, follow, max-snippet:-1, max-image-preview:large, max-video-preview:-1\" \/>\n<link rel=\"canonical\" href=\"https:\/\/wp.kristdemokraterna.se\/danderyd\/sara-degrer\/\" \/>\n<meta property=\"og:locale\" content=\"sv_SE\" \/>\n<meta property=\"og:type\" content=\"article\" \/>\n<meta property=\"og:title\" content=\"Sara Degr\u00e9r - Danderyd\" \/>\n<meta property=\"og:description\" content=\"Gruppledare Utbildningsn\u00e4mnden, kommunstyrelsen med flera uppdrag Kontakt: Sara.Degrer@danderyd.se Om Sara: Sara Degr\u00e9r \u00e4r f\u00f6dd 1974 i Karlskrona och flyttade till Stocksund 2006, f\u00f6r naturen, trevliga tr\u00e4dg\u00e5rdsidyllen, bra skolor, n\u00e4rheten till city, kulturutbud, stort f\u00f6reningsliv och trygga milj\u00f6er Hon har en F\u00f6rskoll\u00e4rarexamen fr\u00e5n Kalmars h\u00f6gskola, en fil.kand examen i Psykologi och en fil.mag examen i Pedagogik Read More\" \/>\n<meta property=\"og:url\" content=\"https:\/\/wp.kristdemokraterna.se\/danderyd\/sara-degrer\/\" \/>\n<meta property=\"og:site_name\" content=\"Danderyd\" \/>\n<meta property=\"article:modified_time\" content=\"2023-08-17T13:07:33+00:00\" \/>\n<meta property=\"og:image\" content=\"http:\/\/wp.kristdemokraterna.se\/danderyd\/files\/2020\/11\/image2-300x300.jpeg\" \/>\n<meta name=\"twitter:card\" content=\"summary_large_image\" \/>\n<meta name=\"twitter:label1\" content=\"Ber\u00e4knad l\u00e4stid\" \/>\n\t<meta name=\"twitter:data1\" content=\"2 minuter\" \/>\n<script type=\"application\/ld+json\" class=\"yoast-schema-graph\">{\"@context\":\"https:\\\/\\\/schema.org\",\"@graph\":[{\"@type\":\"WebPage\",\"@id\":\"https:\\\/\\\/wp.kristdemokraterna.se\\\/danderyd\\\/sara-degrer\\\/\",\"url\":\"https:\\\/\\\/wp.kristdemokraterna.se\\\/danderyd\\\/sara-degrer\\\/\",\"name\":\"Sara Degr\u00e9r - Danderyd\",\"isPartOf\":{\"@id\":\"https:\\\/\\\/wp.kristdemokraterna.se\\\/danderyd\\\/#website\"},\"primaryImageOfPage\":{\"@id\":\"https:\\\/\\\/wp.kristdemokraterna.se\\\/danderyd\\\/sara-degrer\\\/#primaryimage\"},\"image\":{\"@id\":\"https:\\\/\\\/wp.kristdemokraterna.se\\\/danderyd\\\/sara-degrer\\\/#primaryimage\"},\"thumbnailUrl\":\"http:\\\/\\\/wp.kristdemokraterna.se\\\/danderyd\\\/files\\\/2020\\\/11\\\/image2-300x300.jpeg\",\"datePublished\":\"2021-11-09T14:13:55+00:00\",\"dateModified\":\"2023-08-17T13:07:33+00:00\",\"breadcrumb\":{\"@id\":\"https:\\\/\\\/wp.kristdemokraterna.se\\\/danderyd\\\/sara-degrer\\\/#breadcrumb\"},\"inLanguage\":\"sv-SE\",\"potentialAction\":[{\"@type\":\"ReadAction\",\"target\":[\"https:\\\/\\\/wp.kristdemokraterna.se\\\/danderyd\\\/sara-degrer\\\/\"]}]},{\"@type\":\"ImageObject\",\"inLanguage\":\"sv-SE\",\"@id\":\"https:\\\/\\\/wp.kristdemokraterna.se\\\/danderyd\\\/sara-degrer\\\/#primaryimage\",\"url\":\"http:\\\/\\\/wp.kristdemokraterna.se\\\/danderyd\\\/files\\\/2020\\\/11\\\/image2-300x300.jpeg\",\"contentUrl\":\"http:\\\/\\\/wp.kristdemokraterna.se\\\/danderyd\\\/files\\\/2020\\\/11\\\/image2-300x300.jpeg\"},{\"@type\":\"BreadcrumbList\",\"@id\":\"https:\\\/\\\/wp.kristdemokraterna.se\\\/danderyd\\\/sara-degrer\\\/#breadcrumb\",\"itemListElement\":[{\"@type\":\"ListItem\",\"position\":1,\"name\":\"Hem\",\"item\":\"https:\\\/\\\/wp.kristdemokraterna.se\\\/danderyd\\\/\"},{\"@type\":\"ListItem\",\"position\":2,\"name\":\"Sara Degr\u00e9r\"}]},{\"@type\":\"WebSite\",\"@id\":\"https:\\\/\\\/wp.kristdemokraterna.se\\\/danderyd\\\/#website\",\"url\":\"https:\\\/\\\/wp.kristdemokraterna.se\\\/danderyd\\\/\",\"name\":\"Danderyd\",\"description\":\"&quot;Frihet, ansvar och gemenskap&quot;\",\"inLanguage\":\"sv-SE\"}]}<\/script>\n<!-- \/ Yoast SEO plugin. -->","yoast_head_json":{"title":"Sara Degr\u00e9r - Danderyd","robots":{"index":"index","follow":"follow","max-snippet":"max-snippet:-1","max-image-preview":"max-image-preview:large","max-video-preview":"max-video-preview:-1"},"canonical":"https:\/\/wp.kristdemokraterna.se\/danderyd\/sara-degrer\/","og_locale":"sv_SE","og_type":"article","og_title":"Sara Degr\u00e9r - Danderyd","og_description":"Gruppledare Utbildningsn\u00e4mnden, kommunstyrelsen med flera uppdrag Kontakt: Sara.Degrer@danderyd.se Om Sara: Sara Degr\u00e9r \u00e4r f\u00f6dd 1974 i Karlskrona och flyttade till Stocksund 2006, f\u00f6r naturen, trevliga tr\u00e4dg\u00e5rdsidyllen, bra skolor, n\u00e4rheten till city, kulturutbud, stort f\u00f6reningsliv och trygga milj\u00f6er Hon har en F\u00f6rskoll\u00e4rarexamen fr\u00e5n Kalmars h\u00f6gskola, en fil.kand examen i Psykologi och en fil.mag examen i Pedagogik Read More","og_url":"https:\/\/wp.kristdemokraterna.se\/danderyd\/sara-degrer\/","og_site_name":"Danderyd","article_modified_time":"2023-08-17T13:07:33+00:00","og_image":[{"url":"http:\/\/wp.kristdemokraterna.se\/danderyd\/files\/2020\/11\/image2-300x300.jpeg","type":"","width":"","height":""}],"twitter_card":"summary_large_image","twitter_misc":{"Ber\u00e4knad l\u00e4stid":"2 minuter"},"schema":{"@context":"https:\/\/schema.org","@graph":[{"@type":"WebPage","@id":"https:\/\/wp.kristdemokraterna.se\/danderyd\/sara-degrer\/","url":"https:\/\/wp.kristdemokraterna.se\/danderyd\/sara-degrer\/","name":"Sara Degr\u00e9r - Danderyd","isPartOf":{"@id":"https:\/\/wp.kristdemokraterna.se\/danderyd\/#website"},"primaryImageOfPage":{"@id":"https:\/\/wp.kristdemokraterna.se\/danderyd\/sara-degrer\/#primaryimage"},"image":{"@id":"https:\/\/wp.kristdemokraterna.se\/danderyd\/sara-degrer\/#primaryimage"},"thumbnailUrl":"http:\/\/wp.kristdemokraterna.se\/danderyd\/files\/2020\/11\/image2-300x300.jpeg","datePublished":"2021-11-09T14:13:55+00:00","dateModified":"2023-08-17T13:07:33+00:00","breadcrumb":{"@id":"https:\/\/wp.kristdemokraterna.se\/danderyd\/sara-degrer\/#breadcrumb"},"inLanguage":"sv-SE","potentialAction":[{"@type":"ReadAction","target":["https:\/\/wp.kristdemokraterna.se\/danderyd\/sara-degrer\/"]}]},{"@type":"ImageObject","inLanguage":"sv-SE","@id":"https:\/\/wp.kristdemokraterna.se\/danderyd\/sara-degrer\/#primaryimage","url":"http:\/\/wp.kristdemokraterna.se\/danderyd\/files\/2020\/11\/image2-300x300.jpeg","contentUrl":"http:\/\/wp.kristdemokraterna.se\/danderyd\/files\/2020\/11\/image2-300x300.jpeg"},{"@type":"BreadcrumbList","@id":"https:\/\/wp.kristdemokraterna.se\/danderyd\/sara-degrer\/#breadcrumb","itemListElement":[{"@type":"ListItem","position":1,"name":"Hem","item":"https:\/\/wp.kristdemokraterna.se\/danderyd\/"},{"@type":"ListItem","position":2,"name":"Sara Degr\u00e9r"}]},{"@type":"WebSite","@id":"https:\/\/wp.kristdemokraterna.se\/danderyd\/#website","url":"https:\/\/wp.kristdemokraterna.se\/danderyd\/","name":"Danderyd","description":"&quot;Frihet, ansvar och gemenskap&quot;","inLanguage":"sv-SE"}]}},"_links":{"self":[{"href":"https:\/\/wp.kristdemokraterna.se\/danderyd\/wp-json\/wp\/v2\/pages\/1347","targetHints":{"allow":["GET"]}}],"collection":[{"href":"https:\/\/wp.kristdemokraterna.se\/danderyd\/wp-json\/wp\/v2\/pages"}],"about":[{"href":"https:\/\/wp.kristdemokraterna.se\/danderyd\/wp-json\/wp\/v2\/types\/page"}],"author":[{"embeddable":true,"href":"https:\/\/wp.kristdemokraterna.se\/danderyd\/wp-json\/wp\/v2\/users\/549"}],"replies":[{"embeddable":true,"href":"https:\/\/wp.kristdemokraterna.se\/danderyd\/wp-json\/wp\/v2\/comments?post=1347"}],"version-history":[{"count":4,"href":"https:\/\/wp.kristdemokraterna.se\/danderyd\/wp-json\/wp\/v2\/pages\/1347\/revisions"}],"predecessor-version":[{"id":1495,"href":"https:\/\/wp.kristdemokraterna.se\/danderyd\/wp-json\/wp\/v2\/pages\/1347\/revisions\/1495"}],"wp:attachment":[{"href":"https:\/\/wp.kristdemokraterna.se\/danderyd\/wp-json\/wp\/v2\/media?parent=1347"}],"curies":[{"name":"wp","href":"https:\/\/api.w.org\/{rel}","templated":true}]}}