{"id":1461,"date":"2022-09-05T22:15:17","date_gmt":"2022-09-05T20:15:17","guid":{"rendered":"https:\/\/wp.kristdemokraterna.se\/danderyd\/?page_id=1461"},"modified":"2022-09-05T22:15:17","modified_gmt":"2022-09-05T20:15:17","slug":"vara-politiker-till-kommunfullmaktige-i-danderyd","status":"publish","type":"page","link":"https:\/\/wp.kristdemokraterna.se\/danderyd\/vara-politiker-till-kommunfullmaktige-i-danderyd\/","title":{"rendered":"V\u00e5ra politiker till kommunfullm\u00e4ktige i Danderyd"},"content":{"rendered":"<ol>\n<li>Sara Degr\u00e9r, Fil.mag\/Egenf\u00f6retagare, Stocksund<\/li>\n<li>H\u00e5kan Johanson, Jur.kand, Stocksund<\/li>\n<li>Erika Svanstr\u00f6m, statsvetare\/Head of Public Affairs<\/li>\n<li>Joachim Gahm, Civilekonom, Djursholm<\/li>\n<li>Gunnar Liljegren, Civilingenj\u00f6r, Danderyd<\/li>\n<li>Erik Baggstr\u00f6m, Civilingenj\u00f6r, Danderyd<\/li>\n<li>Thomasine von Essen, Civilekonom, Djursholm<\/li>\n<li>Pierre Campenfeldt, F\u00f6rsvarsinspekt\u00f6r\/l\u00e4kare, Djursholm<\/li>\n<li>Kjetil Anthonisen, Civilekonom, Stocksund<\/li>\n<li>Owe Svanteg\u00e5rd, F.d. f\u00f6rs\u00e4ljningsdirekt\u00f6r, Danderyd<\/li>\n<li>Milles Lindgren, Pol.mag., Djursholm<\/li>\n<li>Anders Hultgren, Civ.ing\/civ.ek., Danderyd<\/li>\n<li>Roland Glasfors, Civilekonom, Enebyberg<\/li>\n<li>Stefan Svanstr\u00f6m, Kommunikationschef, Danderyd<\/li>\n<li>Ewa Bergman, Skolutvecklare, Stocksund<\/li>\n<li>Fadi Sj\u00f6noce, Senior Account Executive, Djursholm<\/li>\n<li>Sten Dybeck, F.d. \u00f6veringenj\u00f6r, Djursholm<\/li>\n<li>Anders Wennerkvist, Ekonom, Danderyd<\/li>\n<li>Olof Hermelin, Direkt\u00f6r, Danderyd<\/li>\n<li>Lars-Olof \u00d6dlund, Tekn.mag\/Fil.kand, Djursholm<\/li>\n<li>Linn Svensdotter, Kosmetolog, make-up artist, Enebyberg<\/li>\n<\/ol>\n","protected":false},"excerpt":{"rendered":"<p>Sara Degr\u00e9r, Fil.mag\/Egenf\u00f6retagare, Stocksund H\u00e5kan Johanson, Jur.kand, Stocksund Erika Svanstr\u00f6m, statsvetare\/Head of Public Affairs Joachim Gahm, Civilekonom, Djursholm Gunnar Liljegren, Civilingenj\u00f6r, Danderyd Erik Baggstr\u00f6m, Civilingenj\u00f6r, Danderyd Thomasine von Essen, Civilekonom, Djursholm Pierre Campenfeldt, F\u00f6rsvarsinspekt\u00f6r\/l\u00e4kare, Djursholm Kjetil Anthonisen, Civilekonom, Stocksund Owe Svanteg\u00e5rd, F.d. f\u00f6rs\u00e4ljningsdirekt\u00f6r, Danderyd Milles Lindgren, Pol.mag., Djursholm Anders Hultgren, Civ.ing\/civ.ek., Danderyd Roland Glasfors, Civilekonom, <a class=\"read-more-link\" href=\"https:\/\/wp.kristdemokraterna.se\/danderyd\/vara-politiker-till-kommunfullmaktige-i-danderyd\/\">Read More<\/a><\/p>\n","protected":false},"author":549,"featured_media":0,"parent":0,"menu_order":0,"comment_status":"closed","ping_status":"closed","template":"","meta":{"_acf_changed":false,"footnotes":""},"class_list":["post-1461","page","type-page","status-publish","hentry"],"acf":[],"yoast_head":"<!-- This site is optimized with the Yoast SEO plugin v27.3 - https:\/\/yoast.com\/product\/yoast-seo-wordpress\/ -->\n<title>V\u00e5ra politiker till kommunfullm\u00e4ktige i Danderyd - Danderyd<\/title>\n<meta name=\"robots\" content=\"index, follow, max-snippet:-1, max-image-preview:large, max-video-preview:-1\" \/>\n<link rel=\"canonical\" href=\"https:\/\/wp.kristdemokraterna.se\/danderyd\/vara-politiker-till-kommunfullmaktige-i-danderyd\/\" \/>\n<meta property=\"og:locale\" content=\"sv_SE\" \/>\n<meta property=\"og:type\" content=\"article\" \/>\n<meta property=\"og:title\" content=\"V\u00e5ra politiker till kommunfullm\u00e4ktige i Danderyd - Danderyd\" \/>\n<meta property=\"og:description\" content=\"Sara Degr\u00e9r, Fil.mag\/Egenf\u00f6retagare, Stocksund H\u00e5kan Johanson, Jur.kand, Stocksund Erika Svanstr\u00f6m, statsvetare\/Head of Public Affairs Joachim Gahm, Civilekonom, Djursholm Gunnar Liljegren, Civilingenj\u00f6r, Danderyd Erik Baggstr\u00f6m, Civilingenj\u00f6r, Danderyd Thomasine von Essen, Civilekonom, Djursholm Pierre Campenfeldt, F\u00f6rsvarsinspekt\u00f6r\/l\u00e4kare, Djursholm Kjetil Anthonisen, Civilekonom, Stocksund Owe Svanteg\u00e5rd, F.d. f\u00f6rs\u00e4ljningsdirekt\u00f6r, Danderyd Milles Lindgren, Pol.mag., Djursholm Anders Hultgren, Civ.ing\/civ.ek., Danderyd Roland Glasfors, Civilekonom, Read More\" \/>\n<meta property=\"og:url\" content=\"https:\/\/wp.kristdemokraterna.se\/danderyd\/vara-politiker-till-kommunfullmaktige-i-danderyd\/\" \/>\n<meta property=\"og:site_name\" content=\"Danderyd\" \/>\n<meta name=\"twitter:card\" content=\"summary_large_image\" \/>\n<meta name=\"twitter:label1\" content=\"Ber\u00e4knad l\u00e4stid\" \/>\n\t<meta name=\"twitter:data1\" content=\"1 minut\" \/>\n<script type=\"application\/ld+json\" class=\"yoast-schema-graph\">{\"@context\":\"https:\\\/\\\/schema.org\",\"@graph\":[{\"@type\":\"WebPage\",\"@id\":\"https:\\\/\\\/wp.kristdemokraterna.se\\\/danderyd\\\/vara-politiker-till-kommunfullmaktige-i-danderyd\\\/\",\"url\":\"https:\\\/\\\/wp.kristdemokraterna.se\\\/danderyd\\\/vara-politiker-till-kommunfullmaktige-i-danderyd\\\/\",\"name\":\"V\u00e5ra politiker till kommunfullm\u00e4ktige i Danderyd - Danderyd\",\"isPartOf\":{\"@id\":\"https:\\\/\\\/wp.kristdemokraterna.se\\\/danderyd\\\/#website\"},\"datePublished\":\"2022-09-05T20:15:17+00:00\",\"breadcrumb\":{\"@id\":\"https:\\\/\\\/wp.kristdemokraterna.se\\\/danderyd\\\/vara-politiker-till-kommunfullmaktige-i-danderyd\\\/#breadcrumb\"},\"inLanguage\":\"sv-SE\",\"potentialAction\":[{\"@type\":\"ReadAction\",\"target\":[\"https:\\\/\\\/wp.kristdemokraterna.se\\\/danderyd\\\/vara-politiker-till-kommunfullmaktige-i-danderyd\\\/\"]}]},{\"@type\":\"BreadcrumbList\",\"@id\":\"https:\\\/\\\/wp.kristdemokraterna.se\\\/danderyd\\\/vara-politiker-till-kommunfullmaktige-i-danderyd\\\/#breadcrumb\",\"itemListElement\":[{\"@type\":\"ListItem\",\"position\":1,\"name\":\"Hem\",\"item\":\"https:\\\/\\\/wp.kristdemokraterna.se\\\/danderyd\\\/\"},{\"@type\":\"ListItem\",\"position\":2,\"name\":\"V\u00e5ra politiker till kommunfullm\u00e4ktige i Danderyd\"}]},{\"@type\":\"WebSite\",\"@id\":\"https:\\\/\\\/wp.kristdemokraterna.se\\\/danderyd\\\/#website\",\"url\":\"https:\\\/\\\/wp.kristdemokraterna.se\\\/danderyd\\\/\",\"name\":\"Danderyd\",\"description\":\"&quot;Frihet, ansvar och gemenskap&quot;\",\"inLanguage\":\"sv-SE\"}]}<\/script>\n<!-- \/ Yoast SEO plugin. -->","yoast_head_json":{"title":"V\u00e5ra politiker till kommunfullm\u00e4ktige i Danderyd - Danderyd","robots":{"index":"index","follow":"follow","max-snippet":"max-snippet:-1","max-image-preview":"max-image-preview:large","max-video-preview":"max-video-preview:-1"},"canonical":"https:\/\/wp.kristdemokraterna.se\/danderyd\/vara-politiker-till-kommunfullmaktige-i-danderyd\/","og_locale":"sv_SE","og_type":"article","og_title":"V\u00e5ra politiker till kommunfullm\u00e4ktige i Danderyd - Danderyd","og_description":"Sara Degr\u00e9r, Fil.mag\/Egenf\u00f6retagare, Stocksund H\u00e5kan Johanson, Jur.kand, Stocksund Erika Svanstr\u00f6m, statsvetare\/Head of Public Affairs Joachim Gahm, Civilekonom, Djursholm Gunnar Liljegren, Civilingenj\u00f6r, Danderyd Erik Baggstr\u00f6m, Civilingenj\u00f6r, Danderyd Thomasine von Essen, Civilekonom, Djursholm Pierre Campenfeldt, F\u00f6rsvarsinspekt\u00f6r\/l\u00e4kare, Djursholm Kjetil Anthonisen, Civilekonom, Stocksund Owe Svanteg\u00e5rd, F.d. f\u00f6rs\u00e4ljningsdirekt\u00f6r, Danderyd Milles Lindgren, Pol.mag., Djursholm Anders Hultgren, Civ.ing\/civ.ek., Danderyd Roland Glasfors, Civilekonom, Read More","og_url":"https:\/\/wp.kristdemokraterna.se\/danderyd\/vara-politiker-till-kommunfullmaktige-i-danderyd\/","og_site_name":"Danderyd","twitter_card":"summary_large_image","twitter_misc":{"Ber\u00e4knad l\u00e4stid":"1 minut"},"schema":{"@context":"https:\/\/schema.org","@graph":[{"@type":"WebPage","@id":"https:\/\/wp.kristdemokraterna.se\/danderyd\/vara-politiker-till-kommunfullmaktige-i-danderyd\/","url":"https:\/\/wp.kristdemokraterna.se\/danderyd\/vara-politiker-till-kommunfullmaktige-i-danderyd\/","name":"V\u00e5ra politiker till kommunfullm\u00e4ktige i Danderyd - Danderyd","isPartOf":{"@id":"https:\/\/wp.kristdemokraterna.se\/danderyd\/#website"},"datePublished":"2022-09-05T20:15:17+00:00","breadcrumb":{"@id":"https:\/\/wp.kristdemokraterna.se\/danderyd\/vara-politiker-till-kommunfullmaktige-i-danderyd\/#breadcrumb"},"inLanguage":"sv-SE","potentialAction":[{"@type":"ReadAction","target":["https:\/\/wp.kristdemokraterna.se\/danderyd\/vara-politiker-till-kommunfullmaktige-i-danderyd\/"]}]},{"@type":"BreadcrumbList","@id":"https:\/\/wp.kristdemokraterna.se\/danderyd\/vara-politiker-till-kommunfullmaktige-i-danderyd\/#breadcrumb","itemListElement":[{"@type":"ListItem","position":1,"name":"Hem","item":"https:\/\/wp.kristdemokraterna.se\/danderyd\/"},{"@type":"ListItem","position":2,"name":"V\u00e5ra politiker till kommunfullm\u00e4ktige i Danderyd"}]},{"@type":"WebSite","@id":"https:\/\/wp.kristdemokraterna.se\/danderyd\/#website","url":"https:\/\/wp.kristdemokraterna.se\/danderyd\/","name":"Danderyd","description":"&quot;Frihet, ansvar och gemenskap&quot;","inLanguage":"sv-SE"}]}},"_links":{"self":[{"href":"https:\/\/wp.kristdemokraterna.se\/danderyd\/wp-json\/wp\/v2\/pages\/1461","targetHints":{"allow":["GET"]}}],"collection":[{"href":"https:\/\/wp.kristdemokraterna.se\/danderyd\/wp-json\/wp\/v2\/pages"}],"about":[{"href":"https:\/\/wp.kristdemokraterna.se\/danderyd\/wp-json\/wp\/v2\/types\/page"}],"author":[{"embeddable":true,"href":"https:\/\/wp.kristdemokraterna.se\/danderyd\/wp-json\/wp\/v2\/users\/549"}],"replies":[{"embeddable":true,"href":"https:\/\/wp.kristdemokraterna.se\/danderyd\/wp-json\/wp\/v2\/comments?post=1461"}],"version-history":[{"count":1,"href":"https:\/\/wp.kristdemokraterna.se\/danderyd\/wp-json\/wp\/v2\/pages\/1461\/revisions"}],"predecessor-version":[{"id":1462,"href":"https:\/\/wp.kristdemokraterna.se\/danderyd\/wp-json\/wp\/v2\/pages\/1461\/revisions\/1462"}],"wp:attachment":[{"href":"https:\/\/wp.kristdemokraterna.se\/danderyd\/wp-json\/wp\/v2\/media?parent=1461"}],"curies":[{"name":"wp","href":"https:\/\/api.w.org\/{rel}","templated":true}]}}