{"id":47,"date":"2014-06-03T19:35:22","date_gmt":"2014-06-03T17:35:22","guid":{"rendered":"http:\/\/wp.kristdemokraterna.se\/danderyd\/?page_id=47"},"modified":"2021-11-29T19:38:24","modified_gmt":"2021-11-29T18:38:24","slug":"var-politik","status":"publish","type":"page","link":"https:\/\/wp.kristdemokraterna.se\/danderyd\/var-politik\/","title":{"rendered":"V\u00e5r politik"},"content":{"rendered":"<p><img loading=\"lazy\" decoding=\"async\" class=\"alignnone wp-image-664 size-large\" src=\"http:\/\/wp.kristdemokraterna.se\/danderyd\/files\/2018\/06\/dronarbild-med-logga-540x284.jpg\" alt=\"\" width=\"540\" height=\"284\" srcset=\"https:\/\/wp.kristdemokraterna.se\/danderyd\/files\/2018\/06\/dronarbild-med-logga-540x284.jpg 540w, https:\/\/wp.kristdemokraterna.se\/danderyd\/files\/2018\/06\/dronarbild-med-logga-300x158.jpg 300w, https:\/\/wp.kristdemokraterna.se\/danderyd\/files\/2018\/06\/dronarbild-med-logga-768x403.jpg 768w, https:\/\/wp.kristdemokraterna.se\/danderyd\/files\/2018\/06\/dronarbild-med-logga-370x194.jpg 370w, https:\/\/wp.kristdemokraterna.se\/danderyd\/files\/2018\/06\/dronarbild-med-logga-770x404.jpg 770w, https:\/\/wp.kristdemokraterna.se\/danderyd\/files\/2018\/06\/dronarbild-med-logga-450x236.jpg 450w, https:\/\/wp.kristdemokraterna.se\/danderyd\/files\/2018\/06\/dronarbild-med-logga-280x147.jpg 280w, https:\/\/wp.kristdemokraterna.se\/danderyd\/files\/2018\/06\/dronarbild-med-logga-340x179.jpg 340w, https:\/\/wp.kristdemokraterna.se\/danderyd\/files\/2018\/06\/dronarbild-med-logga-200x105.jpg 200w, https:\/\/wp.kristdemokraterna.se\/danderyd\/files\/2018\/06\/dronarbild-med-logga-107x56.jpg 107w, https:\/\/wp.kristdemokraterna.se\/danderyd\/files\/2018\/06\/dronarbild-med-logga.jpg 1200w\" sizes=\"auto, (max-width: 540px) 100vw, 540px\" \/><\/p>\n<h3 style=\"color: #005ea1;font-family: Akrobat, arial, sans-serif\">V\u00e5r politik f\u00f6r Danderyd, viktigaste punkter sammanfattade<\/h3>\n<ul>\n<li>Bevara villastaden Danderyd! Endast en m\u00e5ttlig nybyggnation ska ske, med stor h\u00e4nsyn till existerande bebyggelse och de boende. Danderyd ska f\u00f6rbli en villastad, nybyggnation ska ske varsamt och luftigt, f\u00f6rt\u00e4tning ska undvikas, gr\u00f6nomr\u00e5den bevaras.<\/li>\n<li>\u00c4ldreomsorg med \u00e4nnu h\u00f6gre kvalitet! En ny boendeform f\u00f6r \u00e4ldre ska introduceras. Insatser och service f\u00f6r \u00e4ldre ska f\u00f6rst\u00e4rkas.<span class=\"Apple-converted-space\">\u00a0<\/span><\/li>\n<li>H\u00f6gre personlig s\u00e4kerhet! Det ska vara tryggt att bo och r\u00f6ra sig i Danderyd.<\/li>\n<li>En f\u00f6rskola och skola d\u00e4r ingen h\u00e5lls kvar och ingen l\u00e4mnas efter<\/li>\n<\/ul>\n<h3 style=\"color: #005ea1;font-family: Akrobat, arial, sans-serif\">Bevara det som \u00e4r bra, f\u00f6rb\u00e4ttra det som beh\u00f6ver f\u00f6r\u00e4ndras<\/h3>\n<p>Det finns inget sj\u00e4lv\u00e4ndam\u00e5l att skriva l\u00f6ften. De ska vara drivna av inv\u00e5narnas egna behov, f\u00f6rhoppningar och drivkrafter. Vi \u00e4r ett f\u00f6red\u00f6me som kommun. D\u00e5 g\u00e4ller det att inte ligga p\u00e5 latsidan och slappna av. Vi ska ha l\u00e4gst skatt i Sverige. Vi ska h\u00e5lla v\u00e4rldsklass, dels i skolresultaten, kvaliteten f\u00f6r \u00e4ldreomsorgen men ocks\u00e5 i hur vi v\u00e5rdar och utvecklar byggnationer. Det sistn\u00e4mnda \u00e4r en fr\u00e5ga som pr\u00e4glar v\u00e5r n\u00e4rmilj\u00f6 f\u00f6r l\u00e5ng tid fram\u00f6ver, och kr\u00e4ver d\u00e4rf\u00f6r extra mycket eftertanke.<\/p>\n<p>Vi Kristdemokrater sk\u00e4ms inte f\u00f6r att s\u00e4ga att m\u00e4nniskor \u00e4r mer kapabla \u00e4n politiken. D\u00e4remot kr\u00e4vs det b\u00e5de modiga beslut och beslut om vad politiken inte ska l\u00e4gga sig i.<\/p>\n<p>S\u00e5 m\u00e5nga beslut som m\u00f6jligt ska fattas vid k\u00f6ksbordet ist\u00e4llet f\u00f6r i fullm\u00e4ktige. Vi vill ge mer makt tillbaka till m\u00e4nniskor och l\u00e5ta bli att driva en kl\u00e5fingrig politik d\u00e4r detaljer styrs av folkvalda ist\u00e4llet f\u00f6r av inv\u00e5narna sj\u00e4lva.<\/p>\n<p>H\u00e5ller du med? D\u00e5 ska du r\u00f6sta p\u00e5 Kristdemokraterna i Danderyds kommun<\/p>\n<h2 style=\"color: #005ea1;font-family: Akrobat, arial, sans-serif\"><em>Kristdemokraterna Danderyd\u00a0<\/em><\/h2>\n","protected":false},"excerpt":{"rendered":"<p>V\u00e5r politik f\u00f6r Danderyd, viktigaste punkter sammanfattade Bevara villastaden Danderyd! Endast en m\u00e5ttlig nybyggnation ska ske, med stor h\u00e4nsyn till existerande bebyggelse och de boende. Danderyd ska f\u00f6rbli en villastad, nybyggnation ska ske varsamt och luftigt, f\u00f6rt\u00e4tning ska undvikas, gr\u00f6nomr\u00e5den bevaras. \u00c4ldreomsorg med \u00e4nnu h\u00f6gre kvalitet! En ny boendeform f\u00f6r \u00e4ldre ska introduceras. Insatser och <a class=\"read-more-link\" href=\"https:\/\/wp.kristdemokraterna.se\/danderyd\/var-politik\/\">Read More<\/a><\/p>\n","protected":false},"author":549,"featured_media":0,"parent":0,"menu_order":0,"comment_status":"closed","ping_status":"closed","template":"","meta":{"_acf_changed":false,"footnotes":""},"class_list":["post-47","page","type-page","status-publish","hentry"],"acf":[],"yoast_head":"<!-- This site is optimized with the Yoast SEO plugin v27.4 - https:\/\/yoast.com\/product\/yoast-seo-wordpress\/ -->\n<title>V\u00e5r politik - Danderyd<\/title>\n<meta name=\"robots\" content=\"index, follow, max-snippet:-1, max-image-preview:large, max-video-preview:-1\" \/>\n<link rel=\"canonical\" href=\"https:\/\/wp.kristdemokraterna.se\/danderyd\/var-politik\/\" \/>\n<meta property=\"og:locale\" content=\"sv_SE\" \/>\n<meta property=\"og:type\" content=\"article\" \/>\n<meta property=\"og:title\" content=\"V\u00e5r politik - Danderyd\" \/>\n<meta property=\"og:description\" content=\"V\u00e5r politik f\u00f6r Danderyd, viktigaste punkter sammanfattade Bevara villastaden Danderyd! Endast en m\u00e5ttlig nybyggnation ska ske, med stor h\u00e4nsyn till existerande bebyggelse och de boende. Danderyd ska f\u00f6rbli en villastad, nybyggnation ska ske varsamt och luftigt, f\u00f6rt\u00e4tning ska undvikas, gr\u00f6nomr\u00e5den bevaras. \u00c4ldreomsorg med \u00e4nnu h\u00f6gre kvalitet! En ny boendeform f\u00f6r \u00e4ldre ska introduceras. Insatser och Read More\" \/>\n<meta property=\"og:url\" content=\"https:\/\/wp.kristdemokraterna.se\/danderyd\/var-politik\/\" \/>\n<meta property=\"og:site_name\" content=\"Danderyd\" \/>\n<meta property=\"article:modified_time\" content=\"2021-11-29T18:38:24+00:00\" \/>\n<meta property=\"og:image\" content=\"http:\/\/wp.kristdemokraterna.se\/danderyd\/files\/2018\/06\/dronarbild-med-logga-540x284.jpg\" \/>\n<meta name=\"twitter:card\" content=\"summary_large_image\" \/>\n<meta name=\"twitter:label1\" content=\"Ber\u00e4knad l\u00e4stid\" \/>\n\t<meta name=\"twitter:data1\" content=\"2 minuter\" \/>\n<script type=\"application\/ld+json\" class=\"yoast-schema-graph\">{\"@context\":\"https:\\\/\\\/schema.org\",\"@graph\":[{\"@type\":\"WebPage\",\"@id\":\"https:\\\/\\\/wp.kristdemokraterna.se\\\/danderyd\\\/var-politik\\\/\",\"url\":\"https:\\\/\\\/wp.kristdemokraterna.se\\\/danderyd\\\/var-politik\\\/\",\"name\":\"V\u00e5r politik - Danderyd\",\"isPartOf\":{\"@id\":\"https:\\\/\\\/wp.kristdemokraterna.se\\\/danderyd\\\/#website\"},\"primaryImageOfPage\":{\"@id\":\"https:\\\/\\\/wp.kristdemokraterna.se\\\/danderyd\\\/var-politik\\\/#primaryimage\"},\"image\":{\"@id\":\"https:\\\/\\\/wp.kristdemokraterna.se\\\/danderyd\\\/var-politik\\\/#primaryimage\"},\"thumbnailUrl\":\"http:\\\/\\\/wp.kristdemokraterna.se\\\/danderyd\\\/files\\\/2018\\\/06\\\/dronarbild-med-logga-540x284.jpg\",\"datePublished\":\"2014-06-03T17:35:22+00:00\",\"dateModified\":\"2021-11-29T18:38:24+00:00\",\"breadcrumb\":{\"@id\":\"https:\\\/\\\/wp.kristdemokraterna.se\\\/danderyd\\\/var-politik\\\/#breadcrumb\"},\"inLanguage\":\"sv-SE\",\"potentialAction\":[{\"@type\":\"ReadAction\",\"target\":[\"https:\\\/\\\/wp.kristdemokraterna.se\\\/danderyd\\\/var-politik\\\/\"]}]},{\"@type\":\"ImageObject\",\"inLanguage\":\"sv-SE\",\"@id\":\"https:\\\/\\\/wp.kristdemokraterna.se\\\/danderyd\\\/var-politik\\\/#primaryimage\",\"url\":\"https:\\\/\\\/wp.kristdemokraterna.se\\\/danderyd\\\/files\\\/2018\\\/06\\\/dronarbild-med-logga.jpg\",\"contentUrl\":\"https:\\\/\\\/wp.kristdemokraterna.se\\\/danderyd\\\/files\\\/2018\\\/06\\\/dronarbild-med-logga.jpg\",\"width\":1200,\"height\":630},{\"@type\":\"BreadcrumbList\",\"@id\":\"https:\\\/\\\/wp.kristdemokraterna.se\\\/danderyd\\\/var-politik\\\/#breadcrumb\",\"itemListElement\":[{\"@type\":\"ListItem\",\"position\":1,\"name\":\"Hem\",\"item\":\"https:\\\/\\\/wp.kristdemokraterna.se\\\/danderyd\\\/\"},{\"@type\":\"ListItem\",\"position\":2,\"name\":\"V\u00e5r politik\"}]},{\"@type\":\"WebSite\",\"@id\":\"https:\\\/\\\/wp.kristdemokraterna.se\\\/danderyd\\\/#website\",\"url\":\"https:\\\/\\\/wp.kristdemokraterna.se\\\/danderyd\\\/\",\"name\":\"Danderyd\",\"description\":\"&quot;Frihet, ansvar och gemenskap&quot;\",\"inLanguage\":\"sv-SE\"}]}<\/script>\n<!-- \/ Yoast SEO plugin. -->","yoast_head_json":{"title":"V\u00e5r politik - Danderyd","robots":{"index":"index","follow":"follow","max-snippet":"max-snippet:-1","max-image-preview":"max-image-preview:large","max-video-preview":"max-video-preview:-1"},"canonical":"https:\/\/wp.kristdemokraterna.se\/danderyd\/var-politik\/","og_locale":"sv_SE","og_type":"article","og_title":"V\u00e5r politik - Danderyd","og_description":"V\u00e5r politik f\u00f6r Danderyd, viktigaste punkter sammanfattade Bevara villastaden Danderyd! Endast en m\u00e5ttlig nybyggnation ska ske, med stor h\u00e4nsyn till existerande bebyggelse och de boende. Danderyd ska f\u00f6rbli en villastad, nybyggnation ska ske varsamt och luftigt, f\u00f6rt\u00e4tning ska undvikas, gr\u00f6nomr\u00e5den bevaras. \u00c4ldreomsorg med \u00e4nnu h\u00f6gre kvalitet! En ny boendeform f\u00f6r \u00e4ldre ska introduceras. Insatser och Read More","og_url":"https:\/\/wp.kristdemokraterna.se\/danderyd\/var-politik\/","og_site_name":"Danderyd","article_modified_time":"2021-11-29T18:38:24+00:00","og_image":[{"url":"http:\/\/wp.kristdemokraterna.se\/danderyd\/files\/2018\/06\/dronarbild-med-logga-540x284.jpg","type":"","width":"","height":""}],"twitter_card":"summary_large_image","twitter_misc":{"Ber\u00e4knad l\u00e4stid":"2 minuter"},"schema":{"@context":"https:\/\/schema.org","@graph":[{"@type":"WebPage","@id":"https:\/\/wp.kristdemokraterna.se\/danderyd\/var-politik\/","url":"https:\/\/wp.kristdemokraterna.se\/danderyd\/var-politik\/","name":"V\u00e5r politik - Danderyd","isPartOf":{"@id":"https:\/\/wp.kristdemokraterna.se\/danderyd\/#website"},"primaryImageOfPage":{"@id":"https:\/\/wp.kristdemokraterna.se\/danderyd\/var-politik\/#primaryimage"},"image":{"@id":"https:\/\/wp.kristdemokraterna.se\/danderyd\/var-politik\/#primaryimage"},"thumbnailUrl":"http:\/\/wp.kristdemokraterna.se\/danderyd\/files\/2018\/06\/dronarbild-med-logga-540x284.jpg","datePublished":"2014-06-03T17:35:22+00:00","dateModified":"2021-11-29T18:38:24+00:00","breadcrumb":{"@id":"https:\/\/wp.kristdemokraterna.se\/danderyd\/var-politik\/#breadcrumb"},"inLanguage":"sv-SE","potentialAction":[{"@type":"ReadAction","target":["https:\/\/wp.kristdemokraterna.se\/danderyd\/var-politik\/"]}]},{"@type":"ImageObject","inLanguage":"sv-SE","@id":"https:\/\/wp.kristdemokraterna.se\/danderyd\/var-politik\/#primaryimage","url":"https:\/\/wp.kristdemokraterna.se\/danderyd\/files\/2018\/06\/dronarbild-med-logga.jpg","contentUrl":"https:\/\/wp.kristdemokraterna.se\/danderyd\/files\/2018\/06\/dronarbild-med-logga.jpg","width":1200,"height":630},{"@type":"BreadcrumbList","@id":"https:\/\/wp.kristdemokraterna.se\/danderyd\/var-politik\/#breadcrumb","itemListElement":[{"@type":"ListItem","position":1,"name":"Hem","item":"https:\/\/wp.kristdemokraterna.se\/danderyd\/"},{"@type":"ListItem","position":2,"name":"V\u00e5r politik"}]},{"@type":"WebSite","@id":"https:\/\/wp.kristdemokraterna.se\/danderyd\/#website","url":"https:\/\/wp.kristdemokraterna.se\/danderyd\/","name":"Danderyd","description":"&quot;Frihet, ansvar och gemenskap&quot;","inLanguage":"sv-SE"}]}},"_links":{"self":[{"href":"https:\/\/wp.kristdemokraterna.se\/danderyd\/wp-json\/wp\/v2\/pages\/47","targetHints":{"allow":["GET"]}}],"collection":[{"href":"https:\/\/wp.kristdemokraterna.se\/danderyd\/wp-json\/wp\/v2\/pages"}],"about":[{"href":"https:\/\/wp.kristdemokraterna.se\/danderyd\/wp-json\/wp\/v2\/types\/page"}],"author":[{"embeddable":true,"href":"https:\/\/wp.kristdemokraterna.se\/danderyd\/wp-json\/wp\/v2\/users\/549"}],"replies":[{"embeddable":true,"href":"https:\/\/wp.kristdemokraterna.se\/danderyd\/wp-json\/wp\/v2\/comments?post=47"}],"version-history":[{"count":29,"href":"https:\/\/wp.kristdemokraterna.se\/danderyd\/wp-json\/wp\/v2\/pages\/47\/revisions"}],"predecessor-version":[{"id":1393,"href":"https:\/\/wp.kristdemokraterna.se\/danderyd\/wp-json\/wp\/v2\/pages\/47\/revisions\/1393"}],"wp:attachment":[{"href":"https:\/\/wp.kristdemokraterna.se\/danderyd\/wp-json\/wp\/v2\/media?parent=47"}],"curies":[{"name":"wp","href":"https:\/\/api.w.org\/{rel}","templated":true}]}}