{"id":51,"date":"2014-06-03T19:42:26","date_gmt":"2014-06-03T17:42:26","guid":{"rendered":"http:\/\/wp.kristdemokraterna.se\/danderyd\/?page_id=51"},"modified":"2025-05-06T11:27:23","modified_gmt":"2025-05-06T09:27:23","slug":"bli-medlem","status":"publish","type":"page","link":"https:\/\/wp.kristdemokraterna.se\/danderyd\/bli-medlem\/","title":{"rendered":"Bli medlem"},"content":{"rendered":"<p>F\u00f6r att bli medlem, logga in p\u00e5 <a href=\"https:\/\/kristdemokraterna.se\/engagera-dig\/ansok-om-medlemskap-i-kristdemokraterna\">www.kristdemokraterna.se<\/a>. Har du fr\u00e5gor \u00e4r du varmt v\u00e4lkommen att mejla <a href=\"mailto:gunnar.liljegren@netsales.se\">gunnar.liljegren@netsales.se<\/a><\/p>\n<p>&nbsp;<\/p>\n<div id=\"image_wrapper\" style=\"text-align: center\"><img loading=\"lazy\" decoding=\"async\" class=\"size-large wp-image-109 aligncenter\" style=\"margin: auto\" src=\"http:\/\/wp.kristdemokraterna.se\/danderyd\/files\/2024\/11\/ebbabusch-april2022-8-1-scaled.jpeg\" alt=\"Ebba\" width=\"540\" height=\"352\" \/><\/div>\n<h4><\/h4>\n<h4 style=\"text-align: center\"><strong>Brinner du f\u00f6r samma fr\u00e5gor som jag?<\/strong><\/h4>\n<p>Jag valde att g\u00e5 med i Kristdemokraterna f\u00f6r att jag vill v\u00e4rna m\u00e4nniskors r\u00e4tt till sj\u00e4lvbest\u00e4mmande. Jag tror p\u00e5 ett samh\u00e4lle som byggs underifr\u00e5n. D\u00e4rf\u00f6r m\u00e5ste familjerna f\u00e5 best\u00e4mma \u00f6ver hur f\u00f6r\u00e4ldraledigheten f\u00f6rdelas p\u00e5 samma s\u00e4tt som \u00e4ldre ska f\u00e5 best\u00e4mma mer \u00f6ver hur de vill ha sin \u00e4ldreomsorg. Idag hotas egenmakten och sj\u00e4lvbest\u00e4mmandet av kl\u00e5fingriga politiker. Det vill jag och Kristdemokraterna s\u00e4tta stopp f\u00f6r.<\/p>\n<p><strong>EBBA BUSCH<\/strong>, Partiledare<\/p>\n<p>&nbsp;<\/p>\n<p>&nbsp;<\/p>\n<p>&nbsp;<\/p>\n","protected":false},"excerpt":{"rendered":"<p>F\u00f6r att bli medlem, logga in p\u00e5 www.kristdemokraterna.se. Har du fr\u00e5gor \u00e4r du varmt v\u00e4lkommen att mejla gunnar.liljegren@netsales.se &nbsp; Brinner du f\u00f6r samma fr\u00e5gor som jag? Jag valde att g\u00e5 med i Kristdemokraterna f\u00f6r att jag vill v\u00e4rna m\u00e4nniskors r\u00e4tt till sj\u00e4lvbest\u00e4mmande. Jag tror p\u00e5 ett samh\u00e4lle som byggs underifr\u00e5n. D\u00e4rf\u00f6r m\u00e5ste familjerna f\u00e5 best\u00e4mma <a class=\"read-more-link\" href=\"https:\/\/wp.kristdemokraterna.se\/danderyd\/bli-medlem\/\">Read More<\/a><\/p>\n","protected":false},"author":549,"featured_media":109,"parent":0,"menu_order":0,"comment_status":"closed","ping_status":"closed","template":"","meta":{"_acf_changed":false,"footnotes":""},"class_list":["post-51","page","type-page","status-publish","hentry"],"acf":[],"yoast_head":"<!-- This site is optimized with the Yoast SEO plugin v27.4 - https:\/\/yoast.com\/product\/yoast-seo-wordpress\/ -->\n<title>Bli medlem - Danderyd<\/title>\n<meta name=\"robots\" content=\"index, follow, max-snippet:-1, max-image-preview:large, max-video-preview:-1\" \/>\n<link rel=\"canonical\" href=\"https:\/\/wp.kristdemokraterna.se\/danderyd\/bli-medlem\/\" \/>\n<meta property=\"og:locale\" content=\"sv_SE\" \/>\n<meta property=\"og:type\" content=\"article\" \/>\n<meta property=\"og:title\" content=\"Bli medlem - Danderyd\" \/>\n<meta property=\"og:description\" content=\"F\u00f6r att bli medlem, logga in p\u00e5 www.kristdemokraterna.se. Har du fr\u00e5gor \u00e4r du varmt v\u00e4lkommen att mejla gunnar.liljegren@netsales.se &nbsp; Brinner du f\u00f6r samma fr\u00e5gor som jag? Jag valde att g\u00e5 med i Kristdemokraterna f\u00f6r att jag vill v\u00e4rna m\u00e4nniskors r\u00e4tt till sj\u00e4lvbest\u00e4mmande. Jag tror p\u00e5 ett samh\u00e4lle som byggs underifr\u00e5n. D\u00e4rf\u00f6r m\u00e5ste familjerna f\u00e5 best\u00e4mma Read More\" \/>\n<meta property=\"og:url\" content=\"https:\/\/wp.kristdemokraterna.se\/danderyd\/bli-medlem\/\" \/>\n<meta property=\"og:site_name\" content=\"Danderyd\" \/>\n<meta property=\"article:modified_time\" content=\"2025-05-06T09:27:23+00:00\" \/>\n<meta property=\"og:image\" content=\"http:\/\/wp.kristdemokraterna.se\/danderyd\/files\/2014\/06\/ebt-press_mg_0484-540x352.jpg\" \/>\n\t<meta property=\"og:image:width\" content=\"540\" \/>\n\t<meta property=\"og:image:height\" content=\"352\" \/>\n\t<meta property=\"og:image:type\" content=\"image\/jpeg\" \/>\n<meta name=\"twitter:card\" content=\"summary_large_image\" \/>\n<meta name=\"twitter:label1\" content=\"Ber\u00e4knad l\u00e4stid\" \/>\n\t<meta name=\"twitter:data1\" content=\"1 minut\" \/>\n<script type=\"application\/ld+json\" class=\"yoast-schema-graph\">{\"@context\":\"https:\\\/\\\/schema.org\",\"@graph\":[{\"@type\":\"WebPage\",\"@id\":\"https:\\\/\\\/wp.kristdemokraterna.se\\\/danderyd\\\/bli-medlem\\\/\",\"url\":\"https:\\\/\\\/wp.kristdemokraterna.se\\\/danderyd\\\/bli-medlem\\\/\",\"name\":\"Bli medlem - Danderyd\",\"isPartOf\":{\"@id\":\"https:\\\/\\\/wp.kristdemokraterna.se\\\/danderyd\\\/#website\"},\"primaryImageOfPage\":{\"@id\":\"https:\\\/\\\/wp.kristdemokraterna.se\\\/danderyd\\\/bli-medlem\\\/#primaryimage\"},\"image\":{\"@id\":\"https:\\\/\\\/wp.kristdemokraterna.se\\\/danderyd\\\/bli-medlem\\\/#primaryimage\"},\"thumbnailUrl\":\"https:\\\/\\\/wp.kristdemokraterna.se\\\/danderyd\\\/files\\\/2014\\\/06\\\/ebt-press_mg_0484.jpg\",\"datePublished\":\"2014-06-03T17:42:26+00:00\",\"dateModified\":\"2025-05-06T09:27:23+00:00\",\"breadcrumb\":{\"@id\":\"https:\\\/\\\/wp.kristdemokraterna.se\\\/danderyd\\\/bli-medlem\\\/#breadcrumb\"},\"inLanguage\":\"sv-SE\",\"potentialAction\":[{\"@type\":\"ReadAction\",\"target\":[\"https:\\\/\\\/wp.kristdemokraterna.se\\\/danderyd\\\/bli-medlem\\\/\"]}]},{\"@type\":\"ImageObject\",\"inLanguage\":\"sv-SE\",\"@id\":\"https:\\\/\\\/wp.kristdemokraterna.se\\\/danderyd\\\/bli-medlem\\\/#primaryimage\",\"url\":\"https:\\\/\\\/wp.kristdemokraterna.se\\\/danderyd\\\/files\\\/2014\\\/06\\\/ebt-press_mg_0484.jpg\",\"contentUrl\":\"https:\\\/\\\/wp.kristdemokraterna.se\\\/danderyd\\\/files\\\/2014\\\/06\\\/ebt-press_mg_0484.jpg\",\"width\":5536,\"height\":3612},{\"@type\":\"BreadcrumbList\",\"@id\":\"https:\\\/\\\/wp.kristdemokraterna.se\\\/danderyd\\\/bli-medlem\\\/#breadcrumb\",\"itemListElement\":[{\"@type\":\"ListItem\",\"position\":1,\"name\":\"Hem\",\"item\":\"https:\\\/\\\/wp.kristdemokraterna.se\\\/danderyd\\\/\"},{\"@type\":\"ListItem\",\"position\":2,\"name\":\"Bli medlem\"}]},{\"@type\":\"WebSite\",\"@id\":\"https:\\\/\\\/wp.kristdemokraterna.se\\\/danderyd\\\/#website\",\"url\":\"https:\\\/\\\/wp.kristdemokraterna.se\\\/danderyd\\\/\",\"name\":\"Danderyd\",\"description\":\"&quot;Frihet, ansvar och gemenskap&quot;\",\"inLanguage\":\"sv-SE\"}]}<\/script>\n<!-- \/ Yoast SEO plugin. -->","yoast_head_json":{"title":"Bli medlem - Danderyd","robots":{"index":"index","follow":"follow","max-snippet":"max-snippet:-1","max-image-preview":"max-image-preview:large","max-video-preview":"max-video-preview:-1"},"canonical":"https:\/\/wp.kristdemokraterna.se\/danderyd\/bli-medlem\/","og_locale":"sv_SE","og_type":"article","og_title":"Bli medlem - Danderyd","og_description":"F\u00f6r att bli medlem, logga in p\u00e5 www.kristdemokraterna.se. Har du fr\u00e5gor \u00e4r du varmt v\u00e4lkommen att mejla gunnar.liljegren@netsales.se &nbsp; Brinner du f\u00f6r samma fr\u00e5gor som jag? Jag valde att g\u00e5 med i Kristdemokraterna f\u00f6r att jag vill v\u00e4rna m\u00e4nniskors r\u00e4tt till sj\u00e4lvbest\u00e4mmande. Jag tror p\u00e5 ett samh\u00e4lle som byggs underifr\u00e5n. D\u00e4rf\u00f6r m\u00e5ste familjerna f\u00e5 best\u00e4mma Read More","og_url":"https:\/\/wp.kristdemokraterna.se\/danderyd\/bli-medlem\/","og_site_name":"Danderyd","article_modified_time":"2025-05-06T09:27:23+00:00","og_image":[{"width":540,"height":352,"url":"http:\/\/wp.kristdemokraterna.se\/danderyd\/files\/2014\/06\/ebt-press_mg_0484-540x352.jpg","type":"image\/jpeg"}],"twitter_card":"summary_large_image","twitter_misc":{"Ber\u00e4knad l\u00e4stid":"1 minut"},"schema":{"@context":"https:\/\/schema.org","@graph":[{"@type":"WebPage","@id":"https:\/\/wp.kristdemokraterna.se\/danderyd\/bli-medlem\/","url":"https:\/\/wp.kristdemokraterna.se\/danderyd\/bli-medlem\/","name":"Bli medlem - Danderyd","isPartOf":{"@id":"https:\/\/wp.kristdemokraterna.se\/danderyd\/#website"},"primaryImageOfPage":{"@id":"https:\/\/wp.kristdemokraterna.se\/danderyd\/bli-medlem\/#primaryimage"},"image":{"@id":"https:\/\/wp.kristdemokraterna.se\/danderyd\/bli-medlem\/#primaryimage"},"thumbnailUrl":"https:\/\/wp.kristdemokraterna.se\/danderyd\/files\/2014\/06\/ebt-press_mg_0484.jpg","datePublished":"2014-06-03T17:42:26+00:00","dateModified":"2025-05-06T09:27:23+00:00","breadcrumb":{"@id":"https:\/\/wp.kristdemokraterna.se\/danderyd\/bli-medlem\/#breadcrumb"},"inLanguage":"sv-SE","potentialAction":[{"@type":"ReadAction","target":["https:\/\/wp.kristdemokraterna.se\/danderyd\/bli-medlem\/"]}]},{"@type":"ImageObject","inLanguage":"sv-SE","@id":"https:\/\/wp.kristdemokraterna.se\/danderyd\/bli-medlem\/#primaryimage","url":"https:\/\/wp.kristdemokraterna.se\/danderyd\/files\/2014\/06\/ebt-press_mg_0484.jpg","contentUrl":"https:\/\/wp.kristdemokraterna.se\/danderyd\/files\/2014\/06\/ebt-press_mg_0484.jpg","width":5536,"height":3612},{"@type":"BreadcrumbList","@id":"https:\/\/wp.kristdemokraterna.se\/danderyd\/bli-medlem\/#breadcrumb","itemListElement":[{"@type":"ListItem","position":1,"name":"Hem","item":"https:\/\/wp.kristdemokraterna.se\/danderyd\/"},{"@type":"ListItem","position":2,"name":"Bli medlem"}]},{"@type":"WebSite","@id":"https:\/\/wp.kristdemokraterna.se\/danderyd\/#website","url":"https:\/\/wp.kristdemokraterna.se\/danderyd\/","name":"Danderyd","description":"&quot;Frihet, ansvar och gemenskap&quot;","inLanguage":"sv-SE"}]}},"_links":{"self":[{"href":"https:\/\/wp.kristdemokraterna.se\/danderyd\/wp-json\/wp\/v2\/pages\/51","targetHints":{"allow":["GET"]}}],"collection":[{"href":"https:\/\/wp.kristdemokraterna.se\/danderyd\/wp-json\/wp\/v2\/pages"}],"about":[{"href":"https:\/\/wp.kristdemokraterna.se\/danderyd\/wp-json\/wp\/v2\/types\/page"}],"author":[{"embeddable":true,"href":"https:\/\/wp.kristdemokraterna.se\/danderyd\/wp-json\/wp\/v2\/users\/549"}],"replies":[{"embeddable":true,"href":"https:\/\/wp.kristdemokraterna.se\/danderyd\/wp-json\/wp\/v2\/comments?post=51"}],"version-history":[{"count":39,"href":"https:\/\/wp.kristdemokraterna.se\/danderyd\/wp-json\/wp\/v2\/pages\/51\/revisions"}],"predecessor-version":[{"id":1544,"href":"https:\/\/wp.kristdemokraterna.se\/danderyd\/wp-json\/wp\/v2\/pages\/51\/revisions\/1544"}],"wp:featuredmedia":[{"embeddable":true,"href":"https:\/\/wp.kristdemokraterna.se\/danderyd\/wp-json\/wp\/v2\/media\/109"}],"wp:attachment":[{"href":"https:\/\/wp.kristdemokraterna.se\/danderyd\/wp-json\/wp\/v2\/media?parent=51"}],"curies":[{"name":"wp","href":"https:\/\/api.w.org\/{rel}","templated":true}]}}