{"id":53,"date":"2014-06-03T19:42:41","date_gmt":"2014-06-03T17:42:41","guid":{"rendered":"http:\/\/wp.kristdemokraterna.se\/danderyd\/?page_id=53"},"modified":"2022-04-13T18:49:03","modified_gmt":"2022-04-13T16:49:03","slug":"kontakt","status":"publish","type":"page","link":"https:\/\/wp.kristdemokraterna.se\/danderyd\/kontakt\/","title":{"rendered":"Kontakt"},"content":{"rendered":"<p>Kontakta g\u00e4rna v\u00e5r ordf\u00f6rande eller skicka ett meddelande via formul\u00e4ret nedan.<\/p>\n<div class=\"name\"><strong>Gunnar Liljegren, partiavdelningsordf\u00f6rande<\/strong><\/div>\n<div class=\"mobile\">e-post: <a href=\"mailto:gunnar.liljegren@netsales.se\">Gunnar.Liljegren@netsales.se<\/a><\/div>\n<hr \/>\n<p>&nbsp;<\/p>\n\n<div class=\"wpcf7 no-js\" id=\"wpcf7-f65-o1\" lang=\"sv-SE\" dir=\"ltr\" data-wpcf7-id=\"65\">\n<div class=\"screen-reader-response\"><p role=\"status\" aria-live=\"polite\" aria-atomic=\"true\"><\/p> <ul><\/ul><\/div>\n<form action=\"\/danderyd\/wp-json\/wp\/v2\/pages\/53#wpcf7-f65-o1\" method=\"post\" class=\"wpcf7-form init\" aria-label=\"Kontaktformul\u00e4r\" novalidate=\"novalidate\" data-status=\"init\">\n<fieldset class=\"hidden-fields-container\"><input type=\"hidden\" name=\"_wpcf7\" value=\"65\" \/><input type=\"hidden\" name=\"_wpcf7_version\" value=\"6.1.5\" \/><input type=\"hidden\" name=\"_wpcf7_locale\" value=\"sv_SE\" \/><input type=\"hidden\" name=\"_wpcf7_unit_tag\" value=\"wpcf7-f65-o1\" \/><input type=\"hidden\" name=\"_wpcf7_container_post\" value=\"0\" \/><input type=\"hidden\" name=\"_wpcf7_posted_data_hash\" value=\"\" \/>\n<\/fieldset>\n<p>Ditt namn (obligatorisk)\n<\/p>\n<p><span class=\"wpcf7-form-control-wrap\" data-name=\"your-name\"><input size=\"40\" maxlength=\"400\" class=\"wpcf7-form-control wpcf7-text wpcf7-validates-as-required\" aria-required=\"true\" aria-invalid=\"false\" value=\"\" type=\"text\" name=\"your-name\" \/><\/span>\n<\/p>\n<p>Din epost (obligatorisk)\n<\/p>\n<p><span class=\"wpcf7-form-control-wrap\" data-name=\"your-email\"><input size=\"40\" maxlength=\"400\" class=\"wpcf7-form-control wpcf7-email wpcf7-validates-as-required wpcf7-text wpcf7-validates-as-email\" aria-required=\"true\" aria-invalid=\"false\" value=\"\" type=\"email\" name=\"your-email\" \/><\/span>\n<\/p>\n<p>\u00c4mne\n<\/p>\n<p><span class=\"wpcf7-form-control-wrap\" data-name=\"your-subject\"><input size=\"40\" maxlength=\"400\" class=\"wpcf7-form-control wpcf7-text\" aria-invalid=\"false\" value=\"\" type=\"text\" name=\"your-subject\" \/><\/span>\n<\/p>\n<p>Ditt meddelande\n<\/p>\n<p><span class=\"wpcf7-form-control-wrap\" data-name=\"your-message\"><textarea cols=\"40\" rows=\"10\" maxlength=\"2000\" class=\"wpcf7-form-control wpcf7-textarea\" aria-invalid=\"false\" name=\"your-message\"><\/textarea><\/span>\n<\/p>\n<p><input class=\"wpcf7-form-control wpcf7-submit has-spinner\" type=\"submit\" value=\"Skicka\" \/>\n<\/p><div class=\"wpcf7-response-output\" aria-hidden=\"true\"><\/div>\n<\/form>\n<\/div>\n\n","protected":false},"excerpt":{"rendered":"<p>Kontakta g\u00e4rna v\u00e5r ordf\u00f6rande eller skicka ett meddelande via formul\u00e4ret nedan. Gunnar Liljegren, partiavdelningsordf\u00f6rande e-post: Gunnar.Liljegren@netsales.se &nbsp;<\/p>\n","protected":false},"author":549,"featured_media":0,"parent":0,"menu_order":0,"comment_status":"closed","ping_status":"closed","template":"","meta":{"_acf_changed":false,"footnotes":""},"class_list":["post-53","page","type-page","status-publish","hentry"],"acf":[],"yoast_head":"<!-- This site is optimized with the Yoast SEO plugin v27.3 - https:\/\/yoast.com\/product\/yoast-seo-wordpress\/ -->\n<title>Kontakt - Danderyd<\/title>\n<meta name=\"robots\" content=\"index, follow, max-snippet:-1, max-image-preview:large, max-video-preview:-1\" \/>\n<link rel=\"canonical\" href=\"https:\/\/wp.kristdemokraterna.se\/danderyd\/kontakt\/\" \/>\n<meta property=\"og:locale\" content=\"sv_SE\" \/>\n<meta property=\"og:type\" content=\"article\" \/>\n<meta property=\"og:title\" content=\"Kontakt - Danderyd\" \/>\n<meta property=\"og:description\" content=\"Kontakta g\u00e4rna v\u00e5r ordf\u00f6rande eller skicka ett meddelande via formul\u00e4ret nedan. Gunnar Liljegren, partiavdelningsordf\u00f6rande e-post: Gunnar.Liljegren@netsales.se &nbsp;\" \/>\n<meta property=\"og:url\" content=\"https:\/\/wp.kristdemokraterna.se\/danderyd\/kontakt\/\" \/>\n<meta property=\"og:site_name\" content=\"Danderyd\" \/>\n<meta property=\"article:modified_time\" content=\"2022-04-13T16:49:03+00:00\" \/>\n<meta name=\"twitter:card\" content=\"summary_large_image\" \/>\n<script type=\"application\/ld+json\" class=\"yoast-schema-graph\">{\"@context\":\"https:\\\/\\\/schema.org\",\"@graph\":[{\"@type\":\"WebPage\",\"@id\":\"https:\\\/\\\/wp.kristdemokraterna.se\\\/danderyd\\\/kontakt\\\/\",\"url\":\"https:\\\/\\\/wp.kristdemokraterna.se\\\/danderyd\\\/kontakt\\\/\",\"name\":\"Kontakt - Danderyd\",\"isPartOf\":{\"@id\":\"https:\\\/\\\/wp.kristdemokraterna.se\\\/danderyd\\\/#website\"},\"datePublished\":\"2014-06-03T17:42:41+00:00\",\"dateModified\":\"2022-04-13T16:49:03+00:00\",\"breadcrumb\":{\"@id\":\"https:\\\/\\\/wp.kristdemokraterna.se\\\/danderyd\\\/kontakt\\\/#breadcrumb\"},\"inLanguage\":\"sv-SE\",\"potentialAction\":[{\"@type\":\"ReadAction\",\"target\":[\"https:\\\/\\\/wp.kristdemokraterna.se\\\/danderyd\\\/kontakt\\\/\"]}]},{\"@type\":\"BreadcrumbList\",\"@id\":\"https:\\\/\\\/wp.kristdemokraterna.se\\\/danderyd\\\/kontakt\\\/#breadcrumb\",\"itemListElement\":[{\"@type\":\"ListItem\",\"position\":1,\"name\":\"Hem\",\"item\":\"https:\\\/\\\/wp.kristdemokraterna.se\\\/danderyd\\\/\"},{\"@type\":\"ListItem\",\"position\":2,\"name\":\"Kontakt\"}]},{\"@type\":\"WebSite\",\"@id\":\"https:\\\/\\\/wp.kristdemokraterna.se\\\/danderyd\\\/#website\",\"url\":\"https:\\\/\\\/wp.kristdemokraterna.se\\\/danderyd\\\/\",\"name\":\"Danderyd\",\"description\":\"&quot;Frihet, ansvar och gemenskap&quot;\",\"inLanguage\":\"sv-SE\"}]}<\/script>\n<!-- \/ Yoast SEO plugin. -->","yoast_head_json":{"title":"Kontakt - Danderyd","robots":{"index":"index","follow":"follow","max-snippet":"max-snippet:-1","max-image-preview":"max-image-preview:large","max-video-preview":"max-video-preview:-1"},"canonical":"https:\/\/wp.kristdemokraterna.se\/danderyd\/kontakt\/","og_locale":"sv_SE","og_type":"article","og_title":"Kontakt - Danderyd","og_description":"Kontakta g\u00e4rna v\u00e5r ordf\u00f6rande eller skicka ett meddelande via formul\u00e4ret nedan. Gunnar Liljegren, partiavdelningsordf\u00f6rande e-post: Gunnar.Liljegren@netsales.se &nbsp;","og_url":"https:\/\/wp.kristdemokraterna.se\/danderyd\/kontakt\/","og_site_name":"Danderyd","article_modified_time":"2022-04-13T16:49:03+00:00","twitter_card":"summary_large_image","schema":{"@context":"https:\/\/schema.org","@graph":[{"@type":"WebPage","@id":"https:\/\/wp.kristdemokraterna.se\/danderyd\/kontakt\/","url":"https:\/\/wp.kristdemokraterna.se\/danderyd\/kontakt\/","name":"Kontakt - Danderyd","isPartOf":{"@id":"https:\/\/wp.kristdemokraterna.se\/danderyd\/#website"},"datePublished":"2014-06-03T17:42:41+00:00","dateModified":"2022-04-13T16:49:03+00:00","breadcrumb":{"@id":"https:\/\/wp.kristdemokraterna.se\/danderyd\/kontakt\/#breadcrumb"},"inLanguage":"sv-SE","potentialAction":[{"@type":"ReadAction","target":["https:\/\/wp.kristdemokraterna.se\/danderyd\/kontakt\/"]}]},{"@type":"BreadcrumbList","@id":"https:\/\/wp.kristdemokraterna.se\/danderyd\/kontakt\/#breadcrumb","itemListElement":[{"@type":"ListItem","position":1,"name":"Hem","item":"https:\/\/wp.kristdemokraterna.se\/danderyd\/"},{"@type":"ListItem","position":2,"name":"Kontakt"}]},{"@type":"WebSite","@id":"https:\/\/wp.kristdemokraterna.se\/danderyd\/#website","url":"https:\/\/wp.kristdemokraterna.se\/danderyd\/","name":"Danderyd","description":"&quot;Frihet, ansvar och gemenskap&quot;","inLanguage":"sv-SE"}]}},"_links":{"self":[{"href":"https:\/\/wp.kristdemokraterna.se\/danderyd\/wp-json\/wp\/v2\/pages\/53","targetHints":{"allow":["GET"]}}],"collection":[{"href":"https:\/\/wp.kristdemokraterna.se\/danderyd\/wp-json\/wp\/v2\/pages"}],"about":[{"href":"https:\/\/wp.kristdemokraterna.se\/danderyd\/wp-json\/wp\/v2\/types\/page"}],"author":[{"embeddable":true,"href":"https:\/\/wp.kristdemokraterna.se\/danderyd\/wp-json\/wp\/v2\/users\/549"}],"replies":[{"embeddable":true,"href":"https:\/\/wp.kristdemokraterna.se\/danderyd\/wp-json\/wp\/v2\/comments?post=53"}],"version-history":[{"count":11,"href":"https:\/\/wp.kristdemokraterna.se\/danderyd\/wp-json\/wp\/v2\/pages\/53\/revisions"}],"predecessor-version":[{"id":1431,"href":"https:\/\/wp.kristdemokraterna.se\/danderyd\/wp-json\/wp\/v2\/pages\/53\/revisions\/1431"}],"wp:attachment":[{"href":"https:\/\/wp.kristdemokraterna.se\/danderyd\/wp-json\/wp\/v2\/media?parent=53"}],"curies":[{"name":"wp","href":"https:\/\/api.w.org\/{rel}","templated":true}]}}