{"id":368,"date":"2017-12-04T16:44:15","date_gmt":"2017-12-04T15:44:15","guid":{"rendered":"https:\/\/wp.kristdemokraterna.se\/ekero1\/?page_id=368"},"modified":"2026-03-24T15:08:33","modified_gmt":"2026-03-24T14:08:33","slug":"om-kristdemokraterna","status":"publish","type":"page","link":"https:\/\/wp.kristdemokraterna.se\/ekero\/textsida-fullbredd\/om-kristdemokraterna\/","title":{"rendered":"Styrelsen"},"content":{"rendered":"<h1>Styrelsen<\/h1>\n<p>Nedan finner du styrelsen f\u00f6r KD Eker\u00f6 under verksamhets\u00e5ret 2026:<\/p>\n<p>&nbsp;<\/p>\n<p><strong>Ordf\u00f6rande:<\/strong><\/p>\n<p>Alvar K\u00e5rfors<\/p>\n<p>&nbsp;<\/p>\n<p><strong>Vice ordf\u00f6rande:<\/strong><\/p>\n<p>Beatrice Bertel<\/p>\n<p>&nbsp;<\/p>\n<p><strong>Ledam\u00f6ter:<\/strong><\/p>\n<p>Sivert \u00c5kerljung<\/p>\n<p>Niklas Ernback<\/p>\n<p>Tina Sahl\u00e9n<\/p>\n<p>Joachim Stomberg<\/p>\n<p>&nbsp;<\/p>\n<p><strong>Ers\u00e4ttare:<\/strong><\/p>\n<p>Richard Andersson<\/p>\n<p>Sofia Englund<\/p>\n<p>Torbj\u00f6rn Engman<\/p>\n<p>&nbsp;<\/p>\n<p><strong>Politisk sekreterare:<\/strong><\/p>\n<p>Elise Nog\u00e5rd<\/p>\n<p>&nbsp;<\/p>\n","protected":false},"excerpt":{"rendered":"<p>Styrelsen Nedan finner du styrelsen f\u00f6r KD Eker\u00f6 under verksamhets\u00e5ret 2026: &nbsp; Ordf\u00f6rande: Alvar K\u00e5rfors &nbsp; Vice ordf\u00f6rande: Beatrice Bertel &nbsp; Ledam\u00f6ter: Sivert \u00c5kerljung Niklas Ernback Tina Sahl\u00e9n Joachim Stomberg &nbsp; Ers\u00e4ttare: Richard Andersson Sofia Englund Torbj\u00f6rn Engman &nbsp; Politisk sekreterare: Elise Nog\u00e5rd &nbsp;<\/p>\n","protected":false},"author":479,"featured_media":0,"parent":272,"menu_order":0,"comment_status":"closed","ping_status":"closed","template":"page.php","meta":{"_acf_changed":false,"footnotes":""},"class_list":["post-368","page","type-page","status-publish","hentry"],"acf":[],"yoast_head":"<!-- This site is optimized with the Yoast SEO plugin v27.4 - https:\/\/yoast.com\/product\/yoast-seo-wordpress\/ -->\n<title>Styrelsen - Kristdemokraterna | Eker\u00f6<\/title>\n<meta name=\"robots\" content=\"index, follow, max-snippet:-1, max-image-preview:large, max-video-preview:-1\" \/>\n<link rel=\"canonical\" href=\"https:\/\/wp.kristdemokraterna.se\/ekero\/textsida-fullbredd__trashed\/om-kristdemokraterna\/\" \/>\n<meta property=\"og:locale\" content=\"sv_SE\" \/>\n<meta property=\"og:type\" content=\"article\" \/>\n<meta property=\"og:title\" content=\"Styrelsen - Kristdemokraterna | Eker\u00f6\" \/>\n<meta property=\"og:description\" content=\"Styrelsen Nedan finner du styrelsen f\u00f6r KD Eker\u00f6 under verksamhets\u00e5ret 2026: &nbsp; Ordf\u00f6rande: Alvar K\u00e5rfors &nbsp; Vice ordf\u00f6rande: Beatrice Bertel &nbsp; Ledam\u00f6ter: Sivert \u00c5kerljung Niklas Ernback Tina Sahl\u00e9n Joachim Stomberg &nbsp; Ers\u00e4ttare: Richard Andersson Sofia Englund Torbj\u00f6rn Engman &nbsp; Politisk sekreterare: Elise Nog\u00e5rd &nbsp;\" \/>\n<meta property=\"og:url\" content=\"https:\/\/wp.kristdemokraterna.se\/ekero\/textsida-fullbredd__trashed\/om-kristdemokraterna\/\" \/>\n<meta property=\"og:site_name\" content=\"Kristdemokraterna | Eker\u00f6\" \/>\n<meta property=\"article:modified_time\" content=\"2026-03-24T14:08:33+00:00\" \/>\n<meta name=\"twitter:card\" content=\"summary_large_image\" \/>\n<meta name=\"twitter:label1\" content=\"Ber\u00e4knad l\u00e4stid\" \/>\n\t<meta name=\"twitter:data1\" content=\"1 minut\" \/>\n<script type=\"application\/ld+json\" class=\"yoast-schema-graph\">{\"@context\":\"https:\\\/\\\/schema.org\",\"@graph\":[{\"@type\":\"WebPage\",\"@id\":\"https:\\\/\\\/wp.kristdemokraterna.se\\\/ekero\\\/textsida-fullbredd__trashed\\\/om-kristdemokraterna\\\/\",\"url\":\"https:\\\/\\\/wp.kristdemokraterna.se\\\/ekero\\\/textsida-fullbredd__trashed\\\/om-kristdemokraterna\\\/\",\"name\":\"Styrelsen - Kristdemokraterna | Eker\u00f6\",\"isPartOf\":{\"@id\":\"https:\\\/\\\/wp.kristdemokraterna.se\\\/ekero\\\/#website\"},\"datePublished\":\"2017-12-04T15:44:15+00:00\",\"dateModified\":\"2026-03-24T14:08:33+00:00\",\"breadcrumb\":{\"@id\":\"https:\\\/\\\/wp.kristdemokraterna.se\\\/ekero\\\/textsida-fullbredd__trashed\\\/om-kristdemokraterna\\\/#breadcrumb\"},\"inLanguage\":\"sv-SE\",\"potentialAction\":[{\"@type\":\"ReadAction\",\"target\":[\"https:\\\/\\\/wp.kristdemokraterna.se\\\/ekero\\\/textsida-fullbredd__trashed\\\/om-kristdemokraterna\\\/\"]}]},{\"@type\":\"BreadcrumbList\",\"@id\":\"https:\\\/\\\/wp.kristdemokraterna.se\\\/ekero\\\/textsida-fullbredd__trashed\\\/om-kristdemokraterna\\\/#breadcrumb\",\"itemListElement\":[{\"@type\":\"ListItem\",\"position\":1,\"name\":\"Hem\",\"item\":\"https:\\\/\\\/wp.kristdemokraterna.se\\\/ekero\\\/\"},{\"@type\":\"ListItem\",\"position\":2,\"name\":\"Kontakta oss\",\"item\":\"https:\\\/\\\/wp.kristdemokraterna.se\\\/ekero\\\/?page_id=272\"},{\"@type\":\"ListItem\",\"position\":3,\"name\":\"Styrelsen\"}]},{\"@type\":\"WebSite\",\"@id\":\"https:\\\/\\\/wp.kristdemokraterna.se\\\/ekero\\\/#website\",\"url\":\"https:\\\/\\\/wp.kristdemokraterna.se\\\/ekero\\\/\",\"name\":\"Kristdemokraterna | Eker\u00f6\",\"description\":\"En till Kristdemokraterna webbplats\",\"inLanguage\":\"sv-SE\"}]}<\/script>\n<!-- \/ Yoast SEO plugin. -->","yoast_head_json":{"title":"Styrelsen - Kristdemokraterna | Eker\u00f6","robots":{"index":"index","follow":"follow","max-snippet":"max-snippet:-1","max-image-preview":"max-image-preview:large","max-video-preview":"max-video-preview:-1"},"canonical":"https:\/\/wp.kristdemokraterna.se\/ekero\/textsida-fullbredd__trashed\/om-kristdemokraterna\/","og_locale":"sv_SE","og_type":"article","og_title":"Styrelsen - Kristdemokraterna | Eker\u00f6","og_description":"Styrelsen Nedan finner du styrelsen f\u00f6r KD Eker\u00f6 under verksamhets\u00e5ret 2026: &nbsp; Ordf\u00f6rande: Alvar K\u00e5rfors &nbsp; Vice ordf\u00f6rande: Beatrice Bertel &nbsp; Ledam\u00f6ter: Sivert \u00c5kerljung Niklas Ernback Tina Sahl\u00e9n Joachim Stomberg &nbsp; Ers\u00e4ttare: Richard Andersson Sofia Englund Torbj\u00f6rn Engman &nbsp; Politisk sekreterare: Elise Nog\u00e5rd &nbsp;","og_url":"https:\/\/wp.kristdemokraterna.se\/ekero\/textsida-fullbredd__trashed\/om-kristdemokraterna\/","og_site_name":"Kristdemokraterna | Eker\u00f6","article_modified_time":"2026-03-24T14:08:33+00:00","twitter_card":"summary_large_image","twitter_misc":{"Ber\u00e4knad l\u00e4stid":"1 minut"},"schema":{"@context":"https:\/\/schema.org","@graph":[{"@type":"WebPage","@id":"https:\/\/wp.kristdemokraterna.se\/ekero\/textsida-fullbredd__trashed\/om-kristdemokraterna\/","url":"https:\/\/wp.kristdemokraterna.se\/ekero\/textsida-fullbredd__trashed\/om-kristdemokraterna\/","name":"Styrelsen - Kristdemokraterna | Eker\u00f6","isPartOf":{"@id":"https:\/\/wp.kristdemokraterna.se\/ekero\/#website"},"datePublished":"2017-12-04T15:44:15+00:00","dateModified":"2026-03-24T14:08:33+00:00","breadcrumb":{"@id":"https:\/\/wp.kristdemokraterna.se\/ekero\/textsida-fullbredd__trashed\/om-kristdemokraterna\/#breadcrumb"},"inLanguage":"sv-SE","potentialAction":[{"@type":"ReadAction","target":["https:\/\/wp.kristdemokraterna.se\/ekero\/textsida-fullbredd__trashed\/om-kristdemokraterna\/"]}]},{"@type":"BreadcrumbList","@id":"https:\/\/wp.kristdemokraterna.se\/ekero\/textsida-fullbredd__trashed\/om-kristdemokraterna\/#breadcrumb","itemListElement":[{"@type":"ListItem","position":1,"name":"Hem","item":"https:\/\/wp.kristdemokraterna.se\/ekero\/"},{"@type":"ListItem","position":2,"name":"Kontakta oss","item":"https:\/\/wp.kristdemokraterna.se\/ekero\/?page_id=272"},{"@type":"ListItem","position":3,"name":"Styrelsen"}]},{"@type":"WebSite","@id":"https:\/\/wp.kristdemokraterna.se\/ekero\/#website","url":"https:\/\/wp.kristdemokraterna.se\/ekero\/","name":"Kristdemokraterna | Eker\u00f6","description":"En till Kristdemokraterna webbplats","inLanguage":"sv-SE"}]}},"_links":{"self":[{"href":"https:\/\/wp.kristdemokraterna.se\/ekero\/wp-json\/wp\/v2\/pages\/368","targetHints":{"allow":["GET"]}}],"collection":[{"href":"https:\/\/wp.kristdemokraterna.se\/ekero\/wp-json\/wp\/v2\/pages"}],"about":[{"href":"https:\/\/wp.kristdemokraterna.se\/ekero\/wp-json\/wp\/v2\/types\/page"}],"author":[{"embeddable":true,"href":"https:\/\/wp.kristdemokraterna.se\/ekero\/wp-json\/wp\/v2\/users\/479"}],"replies":[{"embeddable":true,"href":"https:\/\/wp.kristdemokraterna.se\/ekero\/wp-json\/wp\/v2\/comments?post=368"}],"version-history":[{"count":5,"href":"https:\/\/wp.kristdemokraterna.se\/ekero\/wp-json\/wp\/v2\/pages\/368\/revisions"}],"predecessor-version":[{"id":581,"href":"https:\/\/wp.kristdemokraterna.se\/ekero\/wp-json\/wp\/v2\/pages\/368\/revisions\/581"}],"up":[{"embeddable":true,"href":"https:\/\/wp.kristdemokraterna.se\/ekero\/wp-json\/wp\/v2\/pages\/272"}],"wp:attachment":[{"href":"https:\/\/wp.kristdemokraterna.se\/ekero\/wp-json\/wp\/v2\/media?parent=368"}],"curies":[{"name":"wp","href":"https:\/\/api.w.org\/{rel}","templated":true}]}}