{"id":101,"date":"2016-05-24T10:52:24","date_gmt":"2016-05-24T08:52:24","guid":{"rendered":"http:\/\/wp.kristdemokraterna.se\/emmaboda\/?page_id=101"},"modified":"2018-06-26T01:13:40","modified_gmt":"2018-06-25T23:13:40","slug":"for-skolelever","status":"publish","type":"page","link":"https:\/\/wp.kristdemokraterna.se\/emmaboda\/for-skolelever\/","title":{"rendered":"F\u00f6r skolelever"},"content":{"rendered":"<p>H\u00e4r hittar du som elev bra information om vad vi kristdemokrater tycker \u00e4r viktigt. V\u00e5rt m\u00e5l \u00e4r ett samh\u00e4lle d\u00e4r frihet f\u00f6renas med omsorg om de svaga. Under rubriken <a title=\"L\u00e4nk till V\u00e5r politik\" href=\"https:\/\/www.kristdemokraterna.se\/VarPolitik\/\" target=\"_top\">v\u00e5r politik <\/a>kan du l\u00e4sa mer om v\u00e5r politik. Under <a title=\"Korta svar A-\u00d6\" href=\"https:\/\/www.kristdemokraterna.se\/VarPolitik\/Korta-Svar-AO\/\" target=\"_top\">V\u00e5r politik A-\u00d6<\/a> hittar du mer kortfattade svar.<\/p>\n<p>&nbsp;<\/p>\n<p><img decoding=\"async\" title=\"Skola, utbildning, handuppr\u00e4ckning. Foto: Robert Kneschke, Shutterstock.com\" src=\"https:\/\/www.kristdemokraterna.se\/Global\/bilder\/bildbanksbilder_580x200\/skola_shutterstock_85447960_580px.jpg\" alt=\"Skola, utbildning, handuppr\u00e4ckning. Foto: Robert Kneschke, Shutterstock.com\" \/><\/p>\n<p>&nbsp;<\/p>\n<h4>Med barn och unga i fokus<\/h4>\n<p>Kristdemokraterna menar att familjen \u00e4r den viktigaste enheten i samh\u00e4llet. Vi m\u00e5ste underl\u00e4tta f\u00f6r f\u00f6r\u00e4ldrar att ta hand om sina barn. Att satsa p\u00e5 barn och unga \u00e4r att satsa p\u00e5 framtiden.<\/p>\n<p>Vi vill:<br \/>\n\u2022 Att familjer ska f\u00e5 st\u00f6rre frihet att v\u00e4lja barnomsorg och att f\u00f6r\u00e4ldrar ska f\u00e5 mer tid med sina barn.<br \/>\n\u2022 Att f\u00f6rskolan och skolan ska bli \u00e4nnu b\u00e4ttre.<br \/>\n\u2022 \u00d6ka ungdomars m\u00f6jlighet att f\u00e5 jobb.<br \/>\n\u2022 Minska ungdomsbrottsligheten och hj\u00e4lpa dem som blir utsatta f\u00f6r brott.<\/p>\n<h4>Respekt f\u00f6r de \u00e4ldre<\/h4>\n<p>\u00c4ldre personer ska f\u00e5 en bra \u00e5lderdom och bra v\u00e5rd. \u00c4ldre personer har stor erfarenhet och kunskap som vi kan l\u00e4ra av. Alla har ett unikt v\u00e4rde och ska kunna \u00e5ldras i trygghet.<\/p>\n<p>Vi vill:<br \/>\n\u2022 Forts\u00e4tta s\u00e4nka skatten f\u00f6r pension\u00e4rer.<br \/>\n\u2022 Att v\u00e5rden ska bli b\u00e4ttre f\u00f6r de gamla och att de sj\u00e4lva ska f\u00e5 v\u00e4lja var de ska v\u00e5rdas.<\/p>\n<h4>Fler f\u00f6retag ger fler jobb<\/h4>\n<p>Mindre privata f\u00f6retag och initiativrika personer \u00e4r grunden f\u00f6r Sveriges v\u00e4lf\u00e4rd. Politiker kan inte best\u00e4mma fram jobb. Jobben skapas n\u00e4r enskilda m\u00e4nniskor vill starta eller utveckla ett f\u00f6retag.<\/p>\n<p>Vi vill:<br \/>\n\u2022 G\u00f6ra det b\u00e4ttre f\u00f6r f\u00f6retagarna genom att minska antalet regler f\u00f6r deras f\u00f6retag, g\u00f6ra det l\u00e4ttare att l\u00e5na pengar till f\u00f6retagen och s\u00e4nka avgifterna f\u00f6r vad det kostar att anst\u00e4lla n\u00e5gon i f\u00f6retaget.<\/p>\n","protected":false},"excerpt":{"rendered":"<p>H\u00e4r hittar du som elev bra information om vad vi kristdemokrater tycker \u00e4r viktigt. V\u00e5rt m\u00e5l \u00e4r ett samh\u00e4lle d\u00e4r frihet f\u00f6renas med omsorg om de svaga. Under rubriken v\u00e5r politik kan du l\u00e4sa mer om v\u00e5r politik. Under V\u00e5r politik A-\u00d6 hittar du mer kortfattade svar. &nbsp; &nbsp; Med barn och unga i fokus <a class=\"read-more-link\" href=\"https:\/\/wp.kristdemokraterna.se\/emmaboda\/for-skolelever\/\">Read More<\/a><\/p>\n","protected":false},"author":525,"featured_media":0,"parent":0,"menu_order":3,"comment_status":"closed","ping_status":"closed","template":"","meta":{"_acf_changed":false,"footnotes":""},"class_list":["post-101","page","type-page","status-publish","hentry"],"acf":[],"yoast_head":"<!-- This site is optimized with the Yoast SEO plugin v27.4 - https:\/\/yoast.com\/product\/yoast-seo-wordpress\/ -->\n<title>F\u00f6r skolelever - Kristdemokraterna i Emmaboda<\/title>\n<meta name=\"robots\" content=\"index, follow, max-snippet:-1, max-image-preview:large, max-video-preview:-1\" \/>\n<link rel=\"canonical\" href=\"https:\/\/wp.kristdemokraterna.se\/emmaboda\/for-skolelever\/\" \/>\n<meta property=\"og:locale\" content=\"sv_SE\" \/>\n<meta property=\"og:type\" content=\"article\" \/>\n<meta property=\"og:title\" content=\"F\u00f6r skolelever - Kristdemokraterna i Emmaboda\" \/>\n<meta property=\"og:description\" content=\"H\u00e4r hittar du som elev bra information om vad vi kristdemokrater tycker \u00e4r viktigt. V\u00e5rt m\u00e5l \u00e4r ett samh\u00e4lle d\u00e4r frihet f\u00f6renas med omsorg om de svaga. Under rubriken v\u00e5r politik kan du l\u00e4sa mer om v\u00e5r politik. Under V\u00e5r politik A-\u00d6 hittar du mer kortfattade svar. &nbsp; &nbsp; Med barn och unga i fokus Read More\" \/>\n<meta property=\"og:url\" content=\"https:\/\/wp.kristdemokraterna.se\/emmaboda\/for-skolelever\/\" \/>\n<meta property=\"og:site_name\" content=\"Kristdemokraterna i Emmaboda\" \/>\n<meta property=\"article:modified_time\" content=\"2018-06-25T23:13:40+00:00\" \/>\n<meta property=\"og:image\" content=\"https:\/\/www.kristdemokraterna.se\/Global\/bilder\/bildbanksbilder_580x200\/skola_shutterstock_85447960_580px.jpg\" \/>\n<meta name=\"twitter:card\" content=\"summary_large_image\" \/>\n<meta name=\"twitter:label1\" content=\"Ber\u00e4knad l\u00e4stid\" \/>\n\t<meta name=\"twitter:data1\" content=\"2 minuter\" \/>\n<script type=\"application\/ld+json\" class=\"yoast-schema-graph\">{\"@context\":\"https:\\\/\\\/schema.org\",\"@graph\":[{\"@type\":\"WebPage\",\"@id\":\"https:\\\/\\\/wp.kristdemokraterna.se\\\/emmaboda\\\/for-skolelever\\\/\",\"url\":\"https:\\\/\\\/wp.kristdemokraterna.se\\\/emmaboda\\\/for-skolelever\\\/\",\"name\":\"F\u00f6r skolelever - Kristdemokraterna i Emmaboda\",\"isPartOf\":{\"@id\":\"https:\\\/\\\/wp.kristdemokraterna.se\\\/emmaboda\\\/#website\"},\"primaryImageOfPage\":{\"@id\":\"https:\\\/\\\/wp.kristdemokraterna.se\\\/emmaboda\\\/for-skolelever\\\/#primaryimage\"},\"image\":{\"@id\":\"https:\\\/\\\/wp.kristdemokraterna.se\\\/emmaboda\\\/for-skolelever\\\/#primaryimage\"},\"thumbnailUrl\":\"https:\\\/\\\/www.kristdemokraterna.se\\\/Global\\\/bilder\\\/bildbanksbilder_580x200\\\/skola_shutterstock_85447960_580px.jpg\",\"datePublished\":\"2016-05-24T08:52:24+00:00\",\"dateModified\":\"2018-06-25T23:13:40+00:00\",\"breadcrumb\":{\"@id\":\"https:\\\/\\\/wp.kristdemokraterna.se\\\/emmaboda\\\/for-skolelever\\\/#breadcrumb\"},\"inLanguage\":\"sv-SE\",\"potentialAction\":[{\"@type\":\"ReadAction\",\"target\":[\"https:\\\/\\\/wp.kristdemokraterna.se\\\/emmaboda\\\/for-skolelever\\\/\"]}]},{\"@type\":\"ImageObject\",\"inLanguage\":\"sv-SE\",\"@id\":\"https:\\\/\\\/wp.kristdemokraterna.se\\\/emmaboda\\\/for-skolelever\\\/#primaryimage\",\"url\":\"https:\\\/\\\/www.kristdemokraterna.se\\\/Global\\\/bilder\\\/bildbanksbilder_580x200\\\/skola_shutterstock_85447960_580px.jpg\",\"contentUrl\":\"https:\\\/\\\/www.kristdemokraterna.se\\\/Global\\\/bilder\\\/bildbanksbilder_580x200\\\/skola_shutterstock_85447960_580px.jpg\"},{\"@type\":\"BreadcrumbList\",\"@id\":\"https:\\\/\\\/wp.kristdemokraterna.se\\\/emmaboda\\\/for-skolelever\\\/#breadcrumb\",\"itemListElement\":[{\"@type\":\"ListItem\",\"position\":1,\"name\":\"Hem\",\"item\":\"https:\\\/\\\/wp.kristdemokraterna.se\\\/emmaboda\\\/\"},{\"@type\":\"ListItem\",\"position\":2,\"name\":\"F\u00f6r skolelever\"}]},{\"@type\":\"WebSite\",\"@id\":\"https:\\\/\\\/wp.kristdemokraterna.se\\\/emmaboda\\\/#website\",\"url\":\"https:\\\/\\\/wp.kristdemokraterna.se\\\/emmaboda\\\/\",\"name\":\"Kristdemokraterna i Emmaboda\",\"description\":\"Vi har Emmaboda i v\u00e5ra hj\u00e4rtan\",\"inLanguage\":\"sv-SE\"}]}<\/script>\n<!-- \/ Yoast SEO plugin. -->","yoast_head_json":{"title":"F\u00f6r skolelever - Kristdemokraterna i Emmaboda","robots":{"index":"index","follow":"follow","max-snippet":"max-snippet:-1","max-image-preview":"max-image-preview:large","max-video-preview":"max-video-preview:-1"},"canonical":"https:\/\/wp.kristdemokraterna.se\/emmaboda\/for-skolelever\/","og_locale":"sv_SE","og_type":"article","og_title":"F\u00f6r skolelever - Kristdemokraterna i Emmaboda","og_description":"H\u00e4r hittar du som elev bra information om vad vi kristdemokrater tycker \u00e4r viktigt. V\u00e5rt m\u00e5l \u00e4r ett samh\u00e4lle d\u00e4r frihet f\u00f6renas med omsorg om de svaga. Under rubriken v\u00e5r politik kan du l\u00e4sa mer om v\u00e5r politik. Under V\u00e5r politik A-\u00d6 hittar du mer kortfattade svar. &nbsp; &nbsp; Med barn och unga i fokus Read More","og_url":"https:\/\/wp.kristdemokraterna.se\/emmaboda\/for-skolelever\/","og_site_name":"Kristdemokraterna i Emmaboda","article_modified_time":"2018-06-25T23:13:40+00:00","og_image":[{"url":"https:\/\/www.kristdemokraterna.se\/Global\/bilder\/bildbanksbilder_580x200\/skola_shutterstock_85447960_580px.jpg","type":"","width":"","height":""}],"twitter_card":"summary_large_image","twitter_misc":{"Ber\u00e4knad l\u00e4stid":"2 minuter"},"schema":{"@context":"https:\/\/schema.org","@graph":[{"@type":"WebPage","@id":"https:\/\/wp.kristdemokraterna.se\/emmaboda\/for-skolelever\/","url":"https:\/\/wp.kristdemokraterna.se\/emmaboda\/for-skolelever\/","name":"F\u00f6r skolelever - Kristdemokraterna i Emmaboda","isPartOf":{"@id":"https:\/\/wp.kristdemokraterna.se\/emmaboda\/#website"},"primaryImageOfPage":{"@id":"https:\/\/wp.kristdemokraterna.se\/emmaboda\/for-skolelever\/#primaryimage"},"image":{"@id":"https:\/\/wp.kristdemokraterna.se\/emmaboda\/for-skolelever\/#primaryimage"},"thumbnailUrl":"https:\/\/www.kristdemokraterna.se\/Global\/bilder\/bildbanksbilder_580x200\/skola_shutterstock_85447960_580px.jpg","datePublished":"2016-05-24T08:52:24+00:00","dateModified":"2018-06-25T23:13:40+00:00","breadcrumb":{"@id":"https:\/\/wp.kristdemokraterna.se\/emmaboda\/for-skolelever\/#breadcrumb"},"inLanguage":"sv-SE","potentialAction":[{"@type":"ReadAction","target":["https:\/\/wp.kristdemokraterna.se\/emmaboda\/for-skolelever\/"]}]},{"@type":"ImageObject","inLanguage":"sv-SE","@id":"https:\/\/wp.kristdemokraterna.se\/emmaboda\/for-skolelever\/#primaryimage","url":"https:\/\/www.kristdemokraterna.se\/Global\/bilder\/bildbanksbilder_580x200\/skola_shutterstock_85447960_580px.jpg","contentUrl":"https:\/\/www.kristdemokraterna.se\/Global\/bilder\/bildbanksbilder_580x200\/skola_shutterstock_85447960_580px.jpg"},{"@type":"BreadcrumbList","@id":"https:\/\/wp.kristdemokraterna.se\/emmaboda\/for-skolelever\/#breadcrumb","itemListElement":[{"@type":"ListItem","position":1,"name":"Hem","item":"https:\/\/wp.kristdemokraterna.se\/emmaboda\/"},{"@type":"ListItem","position":2,"name":"F\u00f6r skolelever"}]},{"@type":"WebSite","@id":"https:\/\/wp.kristdemokraterna.se\/emmaboda\/#website","url":"https:\/\/wp.kristdemokraterna.se\/emmaboda\/","name":"Kristdemokraterna i Emmaboda","description":"Vi har Emmaboda i v\u00e5ra hj\u00e4rtan","inLanguage":"sv-SE"}]}},"_links":{"self":[{"href":"https:\/\/wp.kristdemokraterna.se\/emmaboda\/wp-json\/wp\/v2\/pages\/101","targetHints":{"allow":["GET"]}}],"collection":[{"href":"https:\/\/wp.kristdemokraterna.se\/emmaboda\/wp-json\/wp\/v2\/pages"}],"about":[{"href":"https:\/\/wp.kristdemokraterna.se\/emmaboda\/wp-json\/wp\/v2\/types\/page"}],"author":[{"embeddable":true,"href":"https:\/\/wp.kristdemokraterna.se\/emmaboda\/wp-json\/wp\/v2\/users\/525"}],"replies":[{"embeddable":true,"href":"https:\/\/wp.kristdemokraterna.se\/emmaboda\/wp-json\/wp\/v2\/comments?post=101"}],"version-history":[{"count":1,"href":"https:\/\/wp.kristdemokraterna.se\/emmaboda\/wp-json\/wp\/v2\/pages\/101\/revisions"}],"predecessor-version":[{"id":103,"href":"https:\/\/wp.kristdemokraterna.se\/emmaboda\/wp-json\/wp\/v2\/pages\/101\/revisions\/103"}],"wp:attachment":[{"href":"https:\/\/wp.kristdemokraterna.se\/emmaboda\/wp-json\/wp\/v2\/media?parent=101"}],"curies":[{"name":"wp","href":"https:\/\/api.w.org\/{rel}","templated":true}]}}