{"id":1024,"date":"2019-05-16T20:15:52","date_gmt":"2019-05-16T18:15:52","guid":{"rendered":"http:\/\/wp.kristdemokraterna.se\/emmaboda\/?page_id=1024"},"modified":"2020-03-19T01:02:04","modified_gmt":"2020-03-19T00:02:04","slug":"valet-2022","status":"publish","type":"page","link":"https:\/\/wp.kristdemokraterna.se\/emmaboda\/valet-2022\/","title":{"rendered":"Valet 2022"},"content":{"rendered":"<p>S\u00f6ndag den 11 september 2022 \u00e4r det \u00e5terigen dags f\u00f6r v\u00e4ljarna att g\u00e5 till vallokalerna f\u00f6r att r\u00f6sta fram nya kommunfullm\u00e4ktige, nya regionfullm\u00e4ktige och nya riksdagen. F\u00f6rhoppningen hos oss kristdemokrater i Emmaboda \u00e4r att Kristdemokraterna \u00f6kar p\u00e5 samtliga niv\u00e5er f\u00f6r att d\u00e4rigenom kunna g\u00f6ra Emmaboda, Kalmar l\u00e4n och Sverige mer kristdemokratiskt.<\/p>\n<p>Bidra g\u00e4rna till v\u00e5r lokala <span style=\"color: #005ea1\"><a style=\"color: #005ea1\" href=\"https:\/\/wp.kristdemokraterna.se\/emmaboda\/valet-2022\/valfond\/\">valfond<\/a><\/span> med valfritt belopp du v\u00e4ljer. Alla bidrag, oavsett storlek, \u00e4r mycket v\u00e4lkomna och uppskattade!<\/p>\n","protected":false},"excerpt":{"rendered":"<p>S\u00f6ndag den 11 september 2022 \u00e4r det \u00e5terigen dags f\u00f6r v\u00e4ljarna att g\u00e5 till vallokalerna f\u00f6r att r\u00f6sta fram nya kommunfullm\u00e4ktige, nya regionfullm\u00e4ktige och nya riksdagen. F\u00f6rhoppningen hos oss kristdemokrater i Emmaboda \u00e4r att Kristdemokraterna \u00f6kar p\u00e5 samtliga niv\u00e5er f\u00f6r att d\u00e4rigenom kunna g\u00f6ra Emmaboda, Kalmar l\u00e4n och Sverige mer kristdemokratiskt. Bidra g\u00e4rna till v\u00e5r <a class=\"read-more-link\" href=\"https:\/\/wp.kristdemokraterna.se\/emmaboda\/valet-2022\/\">Read More<\/a><\/p>\n","protected":false},"author":525,"featured_media":0,"parent":0,"menu_order":0,"comment_status":"closed","ping_status":"closed","template":"","meta":{"_acf_changed":false,"footnotes":""},"class_list":["post-1024","page","type-page","status-publish","hentry"],"acf":[],"yoast_head":"<!-- This site is optimized with the Yoast SEO plugin v27.4 - https:\/\/yoast.com\/product\/yoast-seo-wordpress\/ -->\n<title>Valet 2022 - Kristdemokraterna i Emmaboda<\/title>\n<meta name=\"robots\" content=\"index, follow, max-snippet:-1, max-image-preview:large, max-video-preview:-1\" \/>\n<link rel=\"canonical\" href=\"https:\/\/wp.kristdemokraterna.se\/emmaboda\/valet-2022\/\" \/>\n<meta property=\"og:locale\" content=\"sv_SE\" \/>\n<meta property=\"og:type\" content=\"article\" \/>\n<meta property=\"og:title\" content=\"Valet 2022 - Kristdemokraterna i Emmaboda\" \/>\n<meta property=\"og:description\" content=\"S\u00f6ndag den 11 september 2022 \u00e4r det \u00e5terigen dags f\u00f6r v\u00e4ljarna att g\u00e5 till vallokalerna f\u00f6r att r\u00f6sta fram nya kommunfullm\u00e4ktige, nya regionfullm\u00e4ktige och nya riksdagen. F\u00f6rhoppningen hos oss kristdemokrater i Emmaboda \u00e4r att Kristdemokraterna \u00f6kar p\u00e5 samtliga niv\u00e5er f\u00f6r att d\u00e4rigenom kunna g\u00f6ra Emmaboda, Kalmar l\u00e4n och Sverige mer kristdemokratiskt. Bidra g\u00e4rna till v\u00e5r Read More\" \/>\n<meta property=\"og:url\" content=\"https:\/\/wp.kristdemokraterna.se\/emmaboda\/valet-2022\/\" \/>\n<meta property=\"og:site_name\" content=\"Kristdemokraterna i Emmaboda\" \/>\n<meta property=\"article:modified_time\" content=\"2020-03-19T00:02:04+00:00\" \/>\n<meta name=\"twitter:card\" content=\"summary_large_image\" \/>\n<script type=\"application\/ld+json\" class=\"yoast-schema-graph\">{\"@context\":\"https:\\\/\\\/schema.org\",\"@graph\":[{\"@type\":\"WebPage\",\"@id\":\"https:\\\/\\\/wp.kristdemokraterna.se\\\/emmaboda\\\/valet-2022\\\/\",\"url\":\"https:\\\/\\\/wp.kristdemokraterna.se\\\/emmaboda\\\/valet-2022\\\/\",\"name\":\"Valet 2022 - Kristdemokraterna i Emmaboda\",\"isPartOf\":{\"@id\":\"https:\\\/\\\/wp.kristdemokraterna.se\\\/emmaboda\\\/#website\"},\"datePublished\":\"2019-05-16T18:15:52+00:00\",\"dateModified\":\"2020-03-19T00:02:04+00:00\",\"breadcrumb\":{\"@id\":\"https:\\\/\\\/wp.kristdemokraterna.se\\\/emmaboda\\\/valet-2022\\\/#breadcrumb\"},\"inLanguage\":\"sv-SE\",\"potentialAction\":[{\"@type\":\"ReadAction\",\"target\":[\"https:\\\/\\\/wp.kristdemokraterna.se\\\/emmaboda\\\/valet-2022\\\/\"]}]},{\"@type\":\"BreadcrumbList\",\"@id\":\"https:\\\/\\\/wp.kristdemokraterna.se\\\/emmaboda\\\/valet-2022\\\/#breadcrumb\",\"itemListElement\":[{\"@type\":\"ListItem\",\"position\":1,\"name\":\"Hem\",\"item\":\"https:\\\/\\\/wp.kristdemokraterna.se\\\/emmaboda\\\/\"},{\"@type\":\"ListItem\",\"position\":2,\"name\":\"Valet 2022\"}]},{\"@type\":\"WebSite\",\"@id\":\"https:\\\/\\\/wp.kristdemokraterna.se\\\/emmaboda\\\/#website\",\"url\":\"https:\\\/\\\/wp.kristdemokraterna.se\\\/emmaboda\\\/\",\"name\":\"Kristdemokraterna i Emmaboda\",\"description\":\"Vi har Emmaboda i v\u00e5ra hj\u00e4rtan\",\"inLanguage\":\"sv-SE\"}]}<\/script>\n<!-- \/ Yoast SEO plugin. -->","yoast_head_json":{"title":"Valet 2022 - Kristdemokraterna i Emmaboda","robots":{"index":"index","follow":"follow","max-snippet":"max-snippet:-1","max-image-preview":"max-image-preview:large","max-video-preview":"max-video-preview:-1"},"canonical":"https:\/\/wp.kristdemokraterna.se\/emmaboda\/valet-2022\/","og_locale":"sv_SE","og_type":"article","og_title":"Valet 2022 - Kristdemokraterna i Emmaboda","og_description":"S\u00f6ndag den 11 september 2022 \u00e4r det \u00e5terigen dags f\u00f6r v\u00e4ljarna att g\u00e5 till vallokalerna f\u00f6r att r\u00f6sta fram nya kommunfullm\u00e4ktige, nya regionfullm\u00e4ktige och nya riksdagen. F\u00f6rhoppningen hos oss kristdemokrater i Emmaboda \u00e4r att Kristdemokraterna \u00f6kar p\u00e5 samtliga niv\u00e5er f\u00f6r att d\u00e4rigenom kunna g\u00f6ra Emmaboda, Kalmar l\u00e4n och Sverige mer kristdemokratiskt. Bidra g\u00e4rna till v\u00e5r Read More","og_url":"https:\/\/wp.kristdemokraterna.se\/emmaboda\/valet-2022\/","og_site_name":"Kristdemokraterna i Emmaboda","article_modified_time":"2020-03-19T00:02:04+00:00","twitter_card":"summary_large_image","schema":{"@context":"https:\/\/schema.org","@graph":[{"@type":"WebPage","@id":"https:\/\/wp.kristdemokraterna.se\/emmaboda\/valet-2022\/","url":"https:\/\/wp.kristdemokraterna.se\/emmaboda\/valet-2022\/","name":"Valet 2022 - Kristdemokraterna i Emmaboda","isPartOf":{"@id":"https:\/\/wp.kristdemokraterna.se\/emmaboda\/#website"},"datePublished":"2019-05-16T18:15:52+00:00","dateModified":"2020-03-19T00:02:04+00:00","breadcrumb":{"@id":"https:\/\/wp.kristdemokraterna.se\/emmaboda\/valet-2022\/#breadcrumb"},"inLanguage":"sv-SE","potentialAction":[{"@type":"ReadAction","target":["https:\/\/wp.kristdemokraterna.se\/emmaboda\/valet-2022\/"]}]},{"@type":"BreadcrumbList","@id":"https:\/\/wp.kristdemokraterna.se\/emmaboda\/valet-2022\/#breadcrumb","itemListElement":[{"@type":"ListItem","position":1,"name":"Hem","item":"https:\/\/wp.kristdemokraterna.se\/emmaboda\/"},{"@type":"ListItem","position":2,"name":"Valet 2022"}]},{"@type":"WebSite","@id":"https:\/\/wp.kristdemokraterna.se\/emmaboda\/#website","url":"https:\/\/wp.kristdemokraterna.se\/emmaboda\/","name":"Kristdemokraterna i Emmaboda","description":"Vi har Emmaboda i v\u00e5ra hj\u00e4rtan","inLanguage":"sv-SE"}]}},"_links":{"self":[{"href":"https:\/\/wp.kristdemokraterna.se\/emmaboda\/wp-json\/wp\/v2\/pages\/1024","targetHints":{"allow":["GET"]}}],"collection":[{"href":"https:\/\/wp.kristdemokraterna.se\/emmaboda\/wp-json\/wp\/v2\/pages"}],"about":[{"href":"https:\/\/wp.kristdemokraterna.se\/emmaboda\/wp-json\/wp\/v2\/types\/page"}],"author":[{"embeddable":true,"href":"https:\/\/wp.kristdemokraterna.se\/emmaboda\/wp-json\/wp\/v2\/users\/525"}],"replies":[{"embeddable":true,"href":"https:\/\/wp.kristdemokraterna.se\/emmaboda\/wp-json\/wp\/v2\/comments?post=1024"}],"version-history":[{"count":5,"href":"https:\/\/wp.kristdemokraterna.se\/emmaboda\/wp-json\/wp\/v2\/pages\/1024\/revisions"}],"predecessor-version":[{"id":1166,"href":"https:\/\/wp.kristdemokraterna.se\/emmaboda\/wp-json\/wp\/v2\/pages\/1024\/revisions\/1166"}],"wp:attachment":[{"href":"https:\/\/wp.kristdemokraterna.se\/emmaboda\/wp-json\/wp\/v2\/media?parent=1024"}],"curies":[{"name":"wp","href":"https:\/\/api.w.org\/{rel}","templated":true}]}}