{"id":1026,"date":"2019-05-16T20:21:07","date_gmt":"2019-05-16T18:21:07","guid":{"rendered":"http:\/\/wp.kristdemokraterna.se\/emmaboda\/?page_id=1026"},"modified":"2021-01-21T01:03:37","modified_gmt":"2021-01-21T00:03:37","slug":"valfond","status":"publish","type":"page","link":"https:\/\/wp.kristdemokraterna.se\/emmaboda\/valet-2022\/valfond\/","title":{"rendered":"Valfond"},"content":{"rendered":"<p><strong>Vill du hj\u00e4lpa oss att driva en stark valr\u00f6relse inom Emmaboda kommun 2022? D\u00e5 kan du s\u00e4tta in ett valfritt belopp p\u00e5 bankgiro <span style=\"color: #3366ff\">5121-5721<\/span>. Ange \u201dValfond 2022\u201d samt f\u00f6rnamn, efternamn, ort och e-post under meddelande. (<em>OBS! Du m\u00e5ste fylla i allt detta, eventuellt mobilnummer ist\u00e4llet f\u00f6r e-post.<\/em>)\u00a0<\/strong><\/p>\n<p>Du kan \u00e4ven st\u00f6dja v\u00e5r nationella valfond genom att <span style=\"color: #005ea1\"><a style=\"color: #005ea1\" href=\"https:\/\/kristdemokraterna.se\/engagera-dig\/ge-en-gava\/\">ge en g\u00e5va<\/a><\/span>.<\/p>\n<hr \/>\n<p><em>De politiska partierna f\u00e5r inte ta emot anonyma bidrag. Vi redovisar d\u00e4rf\u00f6r alla bidrag \u00f6ver ett halvt prisbasbelopp, det vill s\u00e4ga donationer som \u00e4r \u00f6ver 23 800 (2021) till Kammarkollegiet (lag 2014:105)<\/em>. Vi f\u00f6ljer lagstiftningen f\u00f6r behandling av personuppgifter \u2013 GDPR. L\u00e4s v\u00e5r integritetspolicy h\u00e4r <span style=\"color: #005ea1\"><a style=\"color: #005ea1\" href=\"http:\/\/kristdemokraterna.se\/integritetspolicy\">kristdemokraterna.se\/integritetspolicy<\/a><\/span>.<\/p>\n<p>Om du har fr\u00e5gor om <em>lag 2014:105<\/em> eller <em>GDPR<\/em> kontakta <span style=\"color: #005ea1\"><a style=\"color: #005ea1\" href=\"mailto:helpdeks@kristdemokraterna.se\">helpdeks@kristdemokraterna.se<\/a><\/span><\/p>\n","protected":false},"excerpt":{"rendered":"<p>Vill du hj\u00e4lpa oss att driva en stark valr\u00f6relse inom Emmaboda kommun 2022? D\u00e5 kan du s\u00e4tta in ett valfritt belopp p\u00e5 bankgiro 5121-5721. Ange \u201dValfond 2022\u201d samt f\u00f6rnamn, efternamn, ort och e-post under meddelande. (OBS! Du m\u00e5ste fylla i allt detta, eventuellt mobilnummer ist\u00e4llet f\u00f6r e-post.)\u00a0 Du kan \u00e4ven st\u00f6dja v\u00e5r nationella valfond genom <a class=\"read-more-link\" href=\"https:\/\/wp.kristdemokraterna.se\/emmaboda\/valet-2022\/valfond\/\">Read More<\/a><\/p>\n","protected":false},"author":525,"featured_media":0,"parent":1024,"menu_order":6,"comment_status":"closed","ping_status":"closed","template":"","meta":{"_acf_changed":false,"footnotes":""},"class_list":["post-1026","page","type-page","status-publish","hentry"],"acf":[],"yoast_head":"<!-- This site is optimized with the Yoast SEO plugin v27.4 - https:\/\/yoast.com\/product\/yoast-seo-wordpress\/ -->\n<title>Valfond - Kristdemokraterna i Emmaboda<\/title>\n<meta name=\"robots\" content=\"index, follow, max-snippet:-1, max-image-preview:large, max-video-preview:-1\" \/>\n<link rel=\"canonical\" href=\"https:\/\/wp.kristdemokraterna.se\/emmaboda\/valet-2022\/valfond\/\" \/>\n<meta property=\"og:locale\" content=\"sv_SE\" \/>\n<meta property=\"og:type\" content=\"article\" \/>\n<meta property=\"og:title\" content=\"Valfond - Kristdemokraterna i Emmaboda\" \/>\n<meta property=\"og:description\" content=\"Vill du hj\u00e4lpa oss att driva en stark valr\u00f6relse inom Emmaboda kommun 2022? D\u00e5 kan du s\u00e4tta in ett valfritt belopp p\u00e5 bankgiro 5121-5721. Ange \u201dValfond 2022\u201d samt f\u00f6rnamn, efternamn, ort och e-post under meddelande. (OBS! Du m\u00e5ste fylla i allt detta, eventuellt mobilnummer ist\u00e4llet f\u00f6r e-post.)\u00a0 Du kan \u00e4ven st\u00f6dja v\u00e5r nationella valfond genom Read More\" \/>\n<meta property=\"og:url\" content=\"https:\/\/wp.kristdemokraterna.se\/emmaboda\/valet-2022\/valfond\/\" \/>\n<meta property=\"og:site_name\" content=\"Kristdemokraterna i Emmaboda\" \/>\n<meta property=\"article:modified_time\" content=\"2021-01-21T00:03:37+00:00\" \/>\n<meta name=\"twitter:card\" content=\"summary_large_image\" \/>\n<meta name=\"twitter:label1\" content=\"Ber\u00e4knad l\u00e4stid\" \/>\n\t<meta name=\"twitter:data1\" content=\"1 minut\" \/>\n<script type=\"application\/ld+json\" class=\"yoast-schema-graph\">{\"@context\":\"https:\\\/\\\/schema.org\",\"@graph\":[{\"@type\":\"WebPage\",\"@id\":\"https:\\\/\\\/wp.kristdemokraterna.se\\\/emmaboda\\\/valet-2022\\\/valfond\\\/\",\"url\":\"https:\\\/\\\/wp.kristdemokraterna.se\\\/emmaboda\\\/valet-2022\\\/valfond\\\/\",\"name\":\"Valfond - Kristdemokraterna i Emmaboda\",\"isPartOf\":{\"@id\":\"https:\\\/\\\/wp.kristdemokraterna.se\\\/emmaboda\\\/#website\"},\"datePublished\":\"2019-05-16T18:21:07+00:00\",\"dateModified\":\"2021-01-21T00:03:37+00:00\",\"breadcrumb\":{\"@id\":\"https:\\\/\\\/wp.kristdemokraterna.se\\\/emmaboda\\\/valet-2022\\\/valfond\\\/#breadcrumb\"},\"inLanguage\":\"sv-SE\",\"potentialAction\":[{\"@type\":\"ReadAction\",\"target\":[\"https:\\\/\\\/wp.kristdemokraterna.se\\\/emmaboda\\\/valet-2022\\\/valfond\\\/\"]}]},{\"@type\":\"BreadcrumbList\",\"@id\":\"https:\\\/\\\/wp.kristdemokraterna.se\\\/emmaboda\\\/valet-2022\\\/valfond\\\/#breadcrumb\",\"itemListElement\":[{\"@type\":\"ListItem\",\"position\":1,\"name\":\"Hem\",\"item\":\"https:\\\/\\\/wp.kristdemokraterna.se\\\/emmaboda\\\/\"},{\"@type\":\"ListItem\",\"position\":2,\"name\":\"Valet 2022\",\"item\":\"https:\\\/\\\/wp.kristdemokraterna.se\\\/emmaboda\\\/valet-2022\\\/\"},{\"@type\":\"ListItem\",\"position\":3,\"name\":\"Valfond\"}]},{\"@type\":\"WebSite\",\"@id\":\"https:\\\/\\\/wp.kristdemokraterna.se\\\/emmaboda\\\/#website\",\"url\":\"https:\\\/\\\/wp.kristdemokraterna.se\\\/emmaboda\\\/\",\"name\":\"Kristdemokraterna i Emmaboda\",\"description\":\"Vi har Emmaboda i v\u00e5ra hj\u00e4rtan\",\"inLanguage\":\"sv-SE\"}]}<\/script>\n<!-- \/ Yoast SEO plugin. -->","yoast_head_json":{"title":"Valfond - Kristdemokraterna i Emmaboda","robots":{"index":"index","follow":"follow","max-snippet":"max-snippet:-1","max-image-preview":"max-image-preview:large","max-video-preview":"max-video-preview:-1"},"canonical":"https:\/\/wp.kristdemokraterna.se\/emmaboda\/valet-2022\/valfond\/","og_locale":"sv_SE","og_type":"article","og_title":"Valfond - Kristdemokraterna i Emmaboda","og_description":"Vill du hj\u00e4lpa oss att driva en stark valr\u00f6relse inom Emmaboda kommun 2022? D\u00e5 kan du s\u00e4tta in ett valfritt belopp p\u00e5 bankgiro 5121-5721. Ange \u201dValfond 2022\u201d samt f\u00f6rnamn, efternamn, ort och e-post under meddelande. (OBS! Du m\u00e5ste fylla i allt detta, eventuellt mobilnummer ist\u00e4llet f\u00f6r e-post.)\u00a0 Du kan \u00e4ven st\u00f6dja v\u00e5r nationella valfond genom Read More","og_url":"https:\/\/wp.kristdemokraterna.se\/emmaboda\/valet-2022\/valfond\/","og_site_name":"Kristdemokraterna i Emmaboda","article_modified_time":"2021-01-21T00:03:37+00:00","twitter_card":"summary_large_image","twitter_misc":{"Ber\u00e4knad l\u00e4stid":"1 minut"},"schema":{"@context":"https:\/\/schema.org","@graph":[{"@type":"WebPage","@id":"https:\/\/wp.kristdemokraterna.se\/emmaboda\/valet-2022\/valfond\/","url":"https:\/\/wp.kristdemokraterna.se\/emmaboda\/valet-2022\/valfond\/","name":"Valfond - Kristdemokraterna i Emmaboda","isPartOf":{"@id":"https:\/\/wp.kristdemokraterna.se\/emmaboda\/#website"},"datePublished":"2019-05-16T18:21:07+00:00","dateModified":"2021-01-21T00:03:37+00:00","breadcrumb":{"@id":"https:\/\/wp.kristdemokraterna.se\/emmaboda\/valet-2022\/valfond\/#breadcrumb"},"inLanguage":"sv-SE","potentialAction":[{"@type":"ReadAction","target":["https:\/\/wp.kristdemokraterna.se\/emmaboda\/valet-2022\/valfond\/"]}]},{"@type":"BreadcrumbList","@id":"https:\/\/wp.kristdemokraterna.se\/emmaboda\/valet-2022\/valfond\/#breadcrumb","itemListElement":[{"@type":"ListItem","position":1,"name":"Hem","item":"https:\/\/wp.kristdemokraterna.se\/emmaboda\/"},{"@type":"ListItem","position":2,"name":"Valet 2022","item":"https:\/\/wp.kristdemokraterna.se\/emmaboda\/valet-2022\/"},{"@type":"ListItem","position":3,"name":"Valfond"}]},{"@type":"WebSite","@id":"https:\/\/wp.kristdemokraterna.se\/emmaboda\/#website","url":"https:\/\/wp.kristdemokraterna.se\/emmaboda\/","name":"Kristdemokraterna i Emmaboda","description":"Vi har Emmaboda i v\u00e5ra hj\u00e4rtan","inLanguage":"sv-SE"}]}},"_links":{"self":[{"href":"https:\/\/wp.kristdemokraterna.se\/emmaboda\/wp-json\/wp\/v2\/pages\/1026","targetHints":{"allow":["GET"]}}],"collection":[{"href":"https:\/\/wp.kristdemokraterna.se\/emmaboda\/wp-json\/wp\/v2\/pages"}],"about":[{"href":"https:\/\/wp.kristdemokraterna.se\/emmaboda\/wp-json\/wp\/v2\/types\/page"}],"author":[{"embeddable":true,"href":"https:\/\/wp.kristdemokraterna.se\/emmaboda\/wp-json\/wp\/v2\/users\/525"}],"replies":[{"embeddable":true,"href":"https:\/\/wp.kristdemokraterna.se\/emmaboda\/wp-json\/wp\/v2\/comments?post=1026"}],"version-history":[{"count":6,"href":"https:\/\/wp.kristdemokraterna.se\/emmaboda\/wp-json\/wp\/v2\/pages\/1026\/revisions"}],"predecessor-version":[{"id":1348,"href":"https:\/\/wp.kristdemokraterna.se\/emmaboda\/wp-json\/wp\/v2\/pages\/1026\/revisions\/1348"}],"up":[{"embeddable":true,"href":"https:\/\/wp.kristdemokraterna.se\/emmaboda\/wp-json\/wp\/v2\/pages\/1024"}],"wp:attachment":[{"href":"https:\/\/wp.kristdemokraterna.se\/emmaboda\/wp-json\/wp\/v2\/media?parent=1026"}],"curies":[{"name":"wp","href":"https:\/\/api.w.org\/{rel}","templated":true}]}}